
{"id":81,"date":"2022-04-21T04:50:54","date_gmt":"2022-04-21T07:50:54","guid":{"rendered":"https:\/\/www.uoh.cl\/vinculacion-con-el-medio\/?page_id=81"},"modified":"2022-04-21T04:52:24","modified_gmt":"2022-04-21T07:52:24","slug":"acerca-de-vinculacion","status":"publish","type":"page","link":"https:\/\/www.uoh.cl\/vinculacion-con-el-medio\/acerca-de-vinculacion\/","title":{"rendered":"Acerca de Vinculaci\u00f3n"},"content":{"rendered":"<div class=\"wpb-content-wrapper\"><p>[vc_section el_class=&#8221;container mx-auto align-items-center text-right circle&#8211;pattern&#8221; css=&#8221;.vc_custom_1648956589196{padding-top: 3rem !important;}&#8221;][vc_row el_class=&#8221;pb-5&#8243;][vc_column el_class=&#8221;px-md-0&#8243;][vc_wp_custommenu nav_menu=&#8221;6&#8243;]<div class=\"breadcrumb\"><ol itemscope itemtype=\"https:\/\/schema.org\/BreadcrumbList\"><li itemprop=\"itemListElement\" itemscope itemtype=\"https:\/\/schema.org\/ListItem\"><a itemprop=\"item\" href=\"http:\/\/www.uoh.cl\"><span itemprop=\"name\">Inicio<\/span><\/a><meta itemprop=\"position\" content=\"1\" \/><li itemprop=\"itemListElement\" itemscope itemtype=\"https:\/\/schema.org\/ListItem\"><a itemprop=\"item\" href=\"https:\/\/www.uoh.cl\/vinculacion-con-el-medio\"><span itemprop=\"name\">Vinculaci\u00f3n con el Medio<\/span><\/a><meta itemprop=\"position\" content=\"2\" \/><li itemprop=\"itemListElement\" itemscope itemtype=\"https:\/\/schema.org\/ListItem\"><span itemprop=\"name\">Acerca de Vinculaci\u00f3n <\/span><meta itemprop=\"position\" content=\"3\" \/><\/ol><\/div><div class=\"uoh_title_component-container\"><h1 class=\"title title--ms d-inline-block title--decorator  big\">Acerca de Vinculaci\u00f3n<\/h1><\/div>[\/vc_column][\/vc_row][\/vc_section][vc_section css=&#8221;.vc_custom_1650505286273{background-color: #f6faff !important;}&#8221; el_class=&#8221;px-0 pt-md-5 m-0&#8243;][vc_row el_class=&#8221;container mx-auto align-items-center text-right p-md-0 pt-5 m-0&#8243;][vc_column][vc_column_text]<\/p>\n<p class=\"column-xxl-2 mb-0\">El valor que ha ido adquiriendo el \u00e1rea de Vinculaci\u00f3n con el Medio en las universidades, responde a que el contexto social ha sufrido profundas transformaciones, haciendo imperativo para las casas de estudio avanzar hacia una academia pertinente a las complejidades, caracter\u00edsticas y necesidades, sobre la base del reconocimiento de su entorno y sus actores relevantes. La universidad ya no puede ser un ente aislado, debe proyectarse como un sistema relacionado con la comunidad civil, el mundo productivo y el Estado.<\/p>\n<p><strong>La Universidad de O&#8217;Higgins<\/strong>, se ha propuesto la realizaci\u00f3n del quehacer universitario combinando el conocimiento global para entregar soluciones con un alto est\u00e1ndar cient\u00edfico a los problemas locales, en este sentido la vinculaci\u00f3n con el medio es un \u00e1rea estrat\u00e9gica para cimentar el conocimiento de la realidad local y el establecimiento de relaciones de colaboraci\u00f3n y aporte entre la institucionalidad acad\u00e9mica y la regi\u00f3n, basada en los pilares fundamentales de excelencia, calidad y pertinencia, a trav\u00e9s de una relaci\u00f3n dial\u00f3gica y bidireccional.<\/p>\n<p>En este sentido la Universidad de O\u2019Higgins nace con una propuesta para la vinculaci\u00f3n con el \u00e1rea de educaci\u00f3n escolar orientada al mejoramiento de la calidad y a las necesidades del sistema educativo de la Regi\u00f3n de O&#8217;Higgins. Desde el a\u00f1o 2016 y este 2017 la Universidad de O\u2019Higgins ha establecido una red de colaboraciones con el sistema educativo de la regi\u00f3n, a trav\u00e9s de la Secretar\u00eda Regional Ministerial de Educaci\u00f3n, Direcciones Provinciales, Corporaciones, DAEM, equipos directivos y docentes, logrando la implementaci\u00f3n de diversas instancias de actualizaci\u00f3n a trav\u00e9s de la formaci\u00f3n continua de profesores.<\/p>\n<p>A la fecha m\u00e1s de dos mil quinientos docentes han participado de diversas l\u00edneas de investigaci\u00f3n, redes de trabajo, actualizaci\u00f3n profesional, las que han sido evaluadas valoradas por su calidad y por acercar oportunidades de reflexi\u00f3n, di\u00e1logo y revitalizaci\u00f3n profesional a sus territorios. Otra l\u00ednea de trabajo ha sido el acercamiento de acad\u00e9micos a estudiantes, a trav\u00e9s de la iniciativa 1000 cient\u00edficos 1000 aulas en colaboraci\u00f3n con el par Explora Conicyt.<\/p>\n<p>La Universidad continuar\u00e1 presente en las tres provincias de la regi\u00f3n, Cachapoal, Colchagua y Cardenal Caro, con propuestas de actualizaci\u00f3n, formaci\u00f3n profesional fortalecidas y con proyectos de investigaci\u00f3n pertinentes, cimentando desde sus inicios la impronta de excelencia de la Universidad Estatal de O\u2019Higgins en la regi\u00f3n y el pa\u00eds.<\/p>\n<p>[\/vc_column_text][vc_row_inner][vc_column_inner width=&#8221;1\/3&#8243;][\/vc_column_inner][vc_column_inner width=&#8221;1\/3&#8243;][\/vc_column_inner][vc_column_inner width=&#8221;1\/3&#8243;][\/vc_column_inner][\/vc_row_inner][\/vc_column][\/vc_row][\/vc_section][vc_section css=&#8221;.vc_custom_1649210787516{background-color: #f6faff !important;}&#8221; el_class=&#8221;p-md-0 pt-md-5 pb-md-5&#8243;][vc_row el_class=&#8221;container mx-auto align-items-center text-right&#8221;][vc_column][\/vc_column][\/vc_row][\/vc_section]<\/p>\n<\/div>","protected":false},"excerpt":{"rendered":"<p>[vc_section el_class=&#8221;container mx-auto align-items-center text-right circle&#8211;pattern&#8221; css=&#8221;.vc_custom_1648956589196{padding-top: 3rem !important;}&#8221;][vc_row el_class=&#8221;pb-5&#8243;][vc_column el_class=&#8221;px-md-0&#8243;][vc_wp_custommenu nav_menu=&#8221;6&#8243;][\/vc_column][\/vc_row][\/vc_section][vc_section css=&#8221;.vc_custom_1650505286273{background-color: #f6faff !important;}&#8221; el_class=&#8221;px-0 pt-md-5 m-0&#8243;][vc_row el_class=&#8221;container mx-auto align-items-center text-right p-md-0 pt-5 m-0&#8243;][vc_column][vc_column_text] El valor que ha ido adquiriendo el \u00e1rea de Vinculaci\u00f3n con el Medio en las universidades, responde a que el contexto social ha sufrido profundas transformaciones, haciendo imperativo para las [&hellip;]<\/p>\n","protected":false},"author":34,"featured_media":0,"parent":0,"menu_order":0,"comment_status":"closed","ping_status":"closed","template":"","meta":{"_acf_changed":false,"footnotes":""},"class_list":["post-81","page","type-page","status-publish","hentry"],"acf":[],"yoast_head":"<!-- This site is optimized with the Yoast SEO plugin v26.6 - https:\/\/yoast.com\/wordpress\/plugins\/seo\/ -->\n<title>Acerca de Vinculaci\u00f3n - Vinculaci\u00f3n con el Medio<\/title>\n<meta name=\"robots\" content=\"index, follow, max-snippet:-1, max-image-preview:large, max-video-preview:-1\" \/>\n<link rel=\"canonical\" href=\"https:\/\/www.uoh.cl\/vinculacion-con-el-medio\/acerca-de-vinculacion\/\" \/>\n<meta property=\"og:locale\" content=\"es_ES\" \/>\n<meta property=\"og:type\" content=\"article\" \/>\n<meta property=\"og:title\" content=\"Acerca de Vinculaci\u00f3n - Vinculaci\u00f3n con el Medio\" \/>\n<meta property=\"og:description\" content=\"[vc_section el_class=&#8221;container mx-auto align-items-center text-right circle&#8211;pattern&#8221; css=&#8221;.vc_custom_1648956589196{padding-top: 3rem !important;}&#8221;][vc_row el_class=&#8221;pb-5&#8243;][vc_column el_class=&#8221;px-md-0&#8243;][vc_wp_custommenu nav_menu=&#8221;6&#8243;][\/vc_column][\/vc_row][\/vc_section][vc_section css=&#8221;.vc_custom_1650505286273{background-color: #f6faff !important;}&#8221; el_class=&#8221;px-0 pt-md-5 m-0&#8243;][vc_row el_class=&#8221;container mx-auto align-items-center text-right p-md-0 pt-5 m-0&#8243;][vc_column][vc_column_text] El valor que ha ido adquiriendo el \u00e1rea de Vinculaci\u00f3n con el Medio en las universidades, responde a que el contexto social ha sufrido profundas transformaciones, haciendo imperativo para las [&hellip;]\" \/>\n<meta property=\"og:url\" content=\"https:\/\/www.uoh.cl\/vinculacion-con-el-medio\/acerca-de-vinculacion\/\" \/>\n<meta property=\"og:site_name\" content=\"Vinculaci\u00f3n con el Medio\" \/>\n<meta property=\"article:modified_time\" content=\"2022-04-21T07:52:24+00:00\" \/>\n<meta name=\"twitter:card\" content=\"summary_large_image\" \/>\n<meta name=\"twitter:label1\" content=\"Tiempo estimado de lectura\" \/>\n\t<meta name=\"twitter:data1\" content=\"2 minutos\" \/>\n<script type=\"application\/ld+json\" class=\"yoast-schema-graph\">{\"@context\":\"https:\/\/schema.org\",\"@graph\":[{\"@type\":\"WebPage\",\"@id\":\"https:\/\/www.uoh.cl\/vinculacion-con-el-medio\/acerca-de-vinculacion\/\",\"url\":\"https:\/\/www.uoh.cl\/vinculacion-con-el-medio\/acerca-de-vinculacion\/\",\"name\":\"Acerca de Vinculaci\u00f3n - Vinculaci\u00f3n con el Medio\",\"isPartOf\":{\"@id\":\"https:\/\/www.uoh.cl\/vinculacion-con-el-medio\/#website\"},\"datePublished\":\"2022-04-21T07:50:54+00:00\",\"dateModified\":\"2022-04-21T07:52:24+00:00\",\"inLanguage\":\"es-CL\",\"potentialAction\":[{\"@type\":\"ReadAction\",\"target\":[\"https:\/\/www.uoh.cl\/vinculacion-con-el-medio\/acerca-de-vinculacion\/\"]}]},{\"@type\":\"WebSite\",\"@id\":\"https:\/\/www.uoh.cl\/vinculacion-con-el-medio\/#website\",\"url\":\"https:\/\/www.uoh.cl\/vinculacion-con-el-medio\/\",\"name\":\"Vinculaci\u00f3n con el Medio\",\"description\":\"Otro sitio de Sitios de Universidad O&#039;higgins\",\"potentialAction\":[{\"@type\":\"SearchAction\",\"target\":{\"@type\":\"EntryPoint\",\"urlTemplate\":\"https:\/\/www.uoh.cl\/vinculacion-con-el-medio\/?s={search_term_string}\"},\"query-input\":{\"@type\":\"PropertyValueSpecification\",\"valueRequired\":true,\"valueName\":\"search_term_string\"}}],\"inLanguage\":\"es-CL\"}]}<\/script>\n<!-- \/ Yoast SEO plugin. -->","yoast_head_json":{"title":"Acerca de Vinculaci\u00f3n - Vinculaci\u00f3n con el Medio","robots":{"index":"index","follow":"follow","max-snippet":"max-snippet:-1","max-image-preview":"max-image-preview:large","max-video-preview":"max-video-preview:-1"},"canonical":"https:\/\/www.uoh.cl\/vinculacion-con-el-medio\/acerca-de-vinculacion\/","og_locale":"es_ES","og_type":"article","og_title":"Acerca de Vinculaci\u00f3n - Vinculaci\u00f3n con el Medio","og_description":"[vc_section el_class=&#8221;container mx-auto align-items-center text-right circle&#8211;pattern&#8221; css=&#8221;.vc_custom_1648956589196{padding-top: 3rem !important;}&#8221;][vc_row el_class=&#8221;pb-5&#8243;][vc_column el_class=&#8221;px-md-0&#8243;][vc_wp_custommenu nav_menu=&#8221;6&#8243;][\/vc_column][\/vc_row][\/vc_section][vc_section css=&#8221;.vc_custom_1650505286273{background-color: #f6faff !important;}&#8221; el_class=&#8221;px-0 pt-md-5 m-0&#8243;][vc_row el_class=&#8221;container mx-auto align-items-center text-right p-md-0 pt-5 m-0&#8243;][vc_column][vc_column_text] El valor que ha ido adquiriendo el \u00e1rea de Vinculaci\u00f3n con el Medio en las universidades, responde a que el contexto social ha sufrido profundas transformaciones, haciendo imperativo para las [&hellip;]","og_url":"https:\/\/www.uoh.cl\/vinculacion-con-el-medio\/acerca-de-vinculacion\/","og_site_name":"Vinculaci\u00f3n con el Medio","article_modified_time":"2022-04-21T07:52:24+00:00","twitter_card":"summary_large_image","twitter_misc":{"Tiempo estimado de lectura":"2 minutos"},"schema":{"@context":"https:\/\/schema.org","@graph":[{"@type":"WebPage","@id":"https:\/\/www.uoh.cl\/vinculacion-con-el-medio\/acerca-de-vinculacion\/","url":"https:\/\/www.uoh.cl\/vinculacion-con-el-medio\/acerca-de-vinculacion\/","name":"Acerca de Vinculaci\u00f3n - Vinculaci\u00f3n con el Medio","isPartOf":{"@id":"https:\/\/www.uoh.cl\/vinculacion-con-el-medio\/#website"},"datePublished":"2022-04-21T07:50:54+00:00","dateModified":"2022-04-21T07:52:24+00:00","inLanguage":"es-CL","potentialAction":[{"@type":"ReadAction","target":["https:\/\/www.uoh.cl\/vinculacion-con-el-medio\/acerca-de-vinculacion\/"]}]},{"@type":"WebSite","@id":"https:\/\/www.uoh.cl\/vinculacion-con-el-medio\/#website","url":"https:\/\/www.uoh.cl\/vinculacion-con-el-medio\/","name":"Vinculaci\u00f3n con el Medio","description":"Otro sitio de Sitios de Universidad O&#039;higgins","potentialAction":[{"@type":"SearchAction","target":{"@type":"EntryPoint","urlTemplate":"https:\/\/www.uoh.cl\/vinculacion-con-el-medio\/?s={search_term_string}"},"query-input":{"@type":"PropertyValueSpecification","valueRequired":true,"valueName":"search_term_string"}}],"inLanguage":"es-CL"}]}},"_links":{"self":[{"href":"https:\/\/www.uoh.cl\/vinculacion-con-el-medio\/wp-json\/wp\/v2\/pages\/81","targetHints":{"allow":["GET"]}}],"collection":[{"href":"https:\/\/www.uoh.cl\/vinculacion-con-el-medio\/wp-json\/wp\/v2\/pages"}],"about":[{"href":"https:\/\/www.uoh.cl\/vinculacion-con-el-medio\/wp-json\/wp\/v2\/types\/page"}],"author":[{"embeddable":true,"href":"https:\/\/www.uoh.cl\/vinculacion-con-el-medio\/wp-json\/wp\/v2\/users\/34"}],"replies":[{"embeddable":true,"href":"https:\/\/www.uoh.cl\/vinculacion-con-el-medio\/wp-json\/wp\/v2\/comments?post=81"}],"version-history":[{"count":3,"href":"https:\/\/www.uoh.cl\/vinculacion-con-el-medio\/wp-json\/wp\/v2\/pages\/81\/revisions"}],"predecessor-version":[{"id":84,"href":"https:\/\/www.uoh.cl\/vinculacion-con-el-medio\/wp-json\/wp\/v2\/pages\/81\/revisions\/84"}],"wp:attachment":[{"href":"https:\/\/www.uoh.cl\/vinculacion-con-el-medio\/wp-json\/wp\/v2\/media?parent=81"}],"curies":[{"name":"wp","href":"https:\/\/api.w.org\/{rel}","templated":true}]}}