
{"id":6,"date":"2022-11-15T09:47:29","date_gmt":"2022-11-15T12:47:29","guid":{"rendered":"https:\/\/www.uoh.cl\/taller-escritura-anfibio\/?page_id=6"},"modified":"2022-11-29T15:28:12","modified_gmt":"2022-11-29T18:28:12","slug":"taller-de-ensayo-anfibio","status":"publish","type":"page","link":"https:\/\/www.uoh.cl\/taller-escritura-anfibio\/","title":{"rendered":"Taller de Ensayo Anfibio"},"content":{"rendered":"<div class=\"wpb-content-wrapper\"><p>[vc_row][vc_column]<div class=\"uoh_slider_featured_component component__featured-slide row mx-auto col-12 m-0 align-items-center position-relative lazyload\" style=\" background:inherit\" data-bg=\"url(https:\/\/www.uoh.cl\/taller-escritura-anfibio\/wp-content\/uploads\/sites\/45\/2022\/11\/AficheAnfibia-UBOgrande.jpg)\"><div class=\"caption--degrade\"><svg  xmlns=\"http:\/\/www.w3.org\/2000\/svg\" xmlns:xlink=\"http:\/\/www.w3.org\/1999\/xlink\" width=\"1061px\" height=\"539px\"><defs><linearGradient id=\"PSgrad_0\" x1=\"0%\" x2=\"64.279%\" y1=\"76.604%\" y2=\"0%\"><stop offset=\"0%\" stop-color=\"rgb(66,160,248)\" stop-opacity=\"1\" \/><stop offset=\"100%\" stop-color=\"rgb(66,160,248)\" stop-opacity=\"0\" \/><\/linearGradient><\/defs><path fill-rule=\"evenodd\"  fill=\"none\" d=\"M311.000,515.000 C311.000,515.000 211.039,468.555 132.000,357.000 C21.864,201.555 -4.306,4.695 1.000,0.000 L196.000,0.000 L811.000,0.000 L1061.000,0.000 C1061.000,0.000 851.535,430.030 546.000,521.000 C402.674,563.674 311.000,515.000 311.000,515.000 Z\"\/> <path fill=\"url(#PSgrad_0)\"d=\"M311.000,515.000 C311.000,515.000 211.039,468.555 132.000,357.000 C21.864,201.555 -4.306,4.695 1.000,0.000 L196.000,0.000 L811.000,0.000 L1061.000,0.000 C1061.000,0.000 851.535,430.030 546.000,521.000 C402.674,563.674 311.000,515.000 311.000,515.000 Z\"\/><\/svg><\/div><div class=\"caption--quote\"><svg xmlns=\"http:\/\/www.w3.org\/2000\/svg\" xmlns:xlink=\"http:\/\/www.w3.org\/1999\/xlink\"width=\"226px\" height=\"273px\"><defs><linearGradient id=\"PSgrad_0\" x1=\"71.934%\" x2=\"0%\" y1=\"69.466%\" y2=\"0%\"><stop offset=\"0%\" stop-color=\"rgb(66,160,248)\" stop-opacity=\"0.49\" \/><stop offset=\"100%\" stop-color=\"rgb(66,160,248)\" stop-opacity=\"0\" \/><\/linearGradient><\/defs><path fill-rule=\"evenodd\"  fill=\"none\" d=\"M-0.000,273.000 L174.000,273.000 C174.000,273.000 226.000,266.268 226.000,221.000 C226.000,175.732 226.000,-0.000 226.000,-0.000 C226.000,-0.000 24.577,71.878 -0.000,273.000 Z\"\/><path fill=\"url(#PSgrad_0)\"d=\"M-0.000,273.000 L174.000,273.000 C174.000,273.000 226.000,266.268 226.000,221.000 C226.000,175.732 226.000,-0.000 226.000,-0.000 C226.000,-0.000 24.577,71.878 -0.000,273.000 Z\"\/><\/svg><\/div><div class=\"my-uoh_slider_featured_component container mx-auto p-md-0\" ><div class=\"content component__featured-slide-content container row mx-auto aling-items-center p-0\"><h1 class=\"p-0 featured-slide title\"  style=\"\"><em><\/em>Taller de Ensayo Anfibio<\/h1><ul class=\"breadcrumb breadcrumb-list\"><li><a href=\"https:\/\/www.uoh.cl\/taller-escritura-anfibio\">Inicio<\/a><\/li><li><span class=\"separator\"><?xml version=\"1.0\" ?><svg viewBox=\"0 0 96 96\" xmlns=\"http:\/\/www.w3.org\/2000\/svg\"><title\/><path d=\"M39.3756,48.0022l30.47-25.39a6.0035,6.0035,0,0,0-7.6878-9.223L26.1563,43.3906a6.0092,6.0092,0,0,0,0,9.2231L62.1578,82.615a6.0035,6.0035,0,0,0,7.6878-9.2231Z\"\/><\/svg><\/span><\/li><li><a href=\"\"><\/a><\/li><li>Taller de Ensayo Anfibio<\/li><\/ul><\/div><span><\/span><\/div><\/div>[\/vc_column][\/vc_row][vc_section el_class=&#8221;container mx-auto align-items-center text-right circle&#8211;pattern&#8221; css=&#8221;.vc_custom_1669125701482{padding-top: 3rem !important;}&#8221;][vc_row el_class=&#8221;pb-5&#8243;][vc_column][vc_wp_custommenu nav_menu=&#8221;6&#8243;]<div class=\"uoh_title_component-container\"><h1 class=\"title title--ms d-inline-block title--decorator  big\">Taller de Ensayo Anfibio<\/h1><\/div>[vc_column_text]<\/p>\n<div>\n<p>La Universidad de O&#8217;Higgins junto al Instituto Milenio VIODEMOS y el Instituto Milenio CHELAR Volcanes invitan al: Taller de Ensayo Anfibio.<br \/>\nRelatora: Mar\u00eda Mansilla, Jefa de redacci\u00f3n de Revista Anfibia.<\/p>\n<p>Correo de informaci\u00f3n: <strong>luz.farina@uoh.cl.<\/strong><\/p>\n<\/div>\n<p>&nbsp;<\/p>\n<p>[\/vc_column_text][vc_column_text]El Taller de Ensayo Anfibio se realizar\u00e1 en formato h\u00edbrido, con trabajo aut\u00f3nomo en una plataforma, una sesi\u00f3n sincr\u00f3nica por zoom el lunes 9 de enero a las 17.00 horas y una jornada presencial en el campus de la Universidad de O\u2019Higgins en Rancagua, el lunes 16 de enero. Para postular, es preciso enviar un texto, de cualquier extensi\u00f3n y caracter\u00edsticas, donde se aborde la tem\u00e1tica que el autor quisiera desarrollar en un \u201censayo anfibio\u201d.<\/p>\n<p>La relator\u00eda del Taller de Ensayo Anfibio estar\u00e1 a cargo de\u00a0<a href=\"https:\/\/www.revistaanfibia.com\/autor\/maria-mansilla\/\" target=\"_blank\" rel=\"noopener\">Mar\u00eda Mansilla<\/a>, jefa de Redacci\u00f3n de la revista, quien se ha propuesto la tarea de guiar a investigadores para desanudar la tensi\u00f3n entre dos fantasmas: frivolidad y solemnidad. Mar\u00eda les impulsar\u00e1\u00a0 a\u00a0 mirar sus textos y temas desde otra perspectiva, y a escribir con profundidad, gancho, actualidad, belleza y en dos carillas.<\/p>\n<h3>Contenidos<\/h3>\n<p>En el Taller de Ensayo Anfibio se trabajar\u00e1 en torno a la potencia y la responsabilidad de democratizar el conocimiento fruto de la investigaci\u00f3n acad\u00e9mica, para pensar la coyuntura, el desaf\u00edo de escribir a contrarreloj y el pacto de confianza con editores que pasan la nota del horno a la pantalla. Su m\u00f3dulos son los siguientes:<\/p>\n<p>1. Los nuevos pactos de lectura. El periodismo anfibio. Nuevos modos de consumo,\u00a0 producci\u00f3n y circulaci\u00f3n de contenidos. La disputa entre producir sentido y generar impacto.<\/p>\n<p>2. El sentido. Hip\u00f3tesis, datos, ejes de an\u00e1lisis, ejes narrativos y capas de sentido: \u00bfest\u00e1 todo lo que queremos decir?<\/p>\n<p>3. El impacto. Escenas, lenguaje, datos, estructura y belleza: elementos de la cr\u00f3nica, el ensayo, el perfil, la investigaci\u00f3n period\u00edstica y la literatura como levadura.<\/p>\n<p>4. La autoedici\u00f3n. Mirada, obsesi\u00f3n y m\u00e9todo: qu\u00e9 tener en cuenta a la hora de releer, revisar, soltar y enviar.<\/p>\n<h3>Formato<\/h3>\n<p>\u25cf Virtual asincr\u00f3nica\/ Comienzan el 10 de diciembre de 2022: Trabajo en <a href=\"https:\/\/campus.cronoslab.org\/\" target=\"_blank\" rel=\"noopener\">Campus Cronos<\/a> se har\u00e1 la presentaci\u00f3n de los y las participantes, as\u00ed como la presentaci\u00f3n de \u00e1reas de trabajo, temas de inter\u00e9s, propuesta de lecturas y carga de textos para trabajar durante el taller.\u00a0 Se requieren 6 horas de disponibilidad..<\/p>\n<p>\u25cf Virtual sincr\u00f3nica\/ Lunes 9 de enero 2023: A trav\u00e9s de la plataforma Zoom se realizar\u00e1 la primera instancia del taller en el que se abordar\u00e1n los primeros dos m\u00f3dulos. Se iniciar\u00e1 la discusi\u00f3n y puesta en com\u00fan de los textos de los y las participantes. Duraci\u00f3n sesi\u00f3n: 2 horas.<\/p>\n<p>\u25cf Presencial sincr\u00f3nica\/ Encuentro presencial en el Campus de la Universidad de O\u2019Higgins en Rancagua.\u00a0 Duraci\u00f3n: 6 horas en dos bloques de 3 horas cada uno.<\/p>\n<p>Inscripci\u00f3n hasta el 10 de diciembre en este\u00a0<a href=\"https:\/\/docs.google.com\/forms\/d\/e\/1FAIpQLScDd7LSTxDOz_us4YEOkTdtxImiCNwAU4SsUx0oC0416rhEqA\/viewform\" target=\"_blank\" rel=\"noopener\">FORMULARIO<\/a>.\u00a0Los resultados ser\u00e1n informados por correo.[\/vc_column_text][\/vc_column][\/vc_row][\/vc_section][vc_section css=&#8221;.vc_custom_1669125706878{background-color: #f6faff !important;}&#8221; el_class=&#8221;container mx-auto align-items-center text-right circle&#8211;pattern&#8221;][vc_row][vc_column][vc_single_image image=&#8221;19&#8243; img_size=&#8221;full&#8221;][vc_column_text]<\/p>\n<p>&nbsp;<\/p>\n<p>[\/vc_column_text][\/vc_column][\/vc_row][vc_row el_class=&#8221;pb-5&#8243;][vc_column][vc_column_text]<\/p>\n<div>Mar\u00eda Mansilla:<\/div>\n<div>Estudi\u00f3 Comunicaci\u00f3n en la Universidad Nacional de Rosario. Actualmente es\u00a0Editora en Revista\u00a0<span class=\"il\">Anfibia<\/span>\u00a0y productora del podcast El Deseo de Pandora. Docente en ArgraEscuela. Colaboradora en L\u00b4Officiel Arg.<\/div>\n<div>De su trayectoria destaca como autora de libros; productora de televisi\u00f3n;\u00a0relatora y becaria de la Fundaci\u00f3n Nuevo Periodismo Iberoamericano; cronista en LAS 12 (P\u00e1gina 12) y en Hecho en Bs.As. Editora en ELLE Arg (Clarin).<\/div>\n<div>Mar\u00eda ha publicado en <span class=\"il\">Anfibia<\/span>, National Geographic, Etiqueta Negra, Lonely Planet, La Naci\u00f3n.<\/div>\n<div><\/div>\n<p>[\/vc_column_text][\/vc_column][\/vc_row][\/vc_section][vc_section el_class=&#8221;p-md-0 pt-md-5 pb-md-5&#8243;][\/vc_section]<\/p>\n<\/div>","protected":false},"excerpt":{"rendered":"<p>[vc_row][vc_column][\/vc_column][\/vc_row][vc_section el_class=&#8221;container mx-auto align-items-center text-right circle&#8211;pattern&#8221; css=&#8221;.vc_custom_1669125701482{padding-top: 3rem !important;}&#8221;][vc_row el_class=&#8221;pb-5&#8243;][vc_column][vc_wp_custommenu nav_menu=&#8221;6&#8243;][vc_column_text] La Universidad de O&#8217;Higgins junto al Instituto Milenio VIODEMOS y el Instituto Milenio CHELAR Volcanes invitan al: Taller de Ensayo Anfibio. Relatora: Mar\u00eda Mansilla, Jefa de redacci\u00f3n de Revista Anfibia. Correo de informaci\u00f3n: luz.farina@uoh.cl. &nbsp; [\/vc_column_text][vc_column_text]El Taller de Ensayo Anfibio se realizar\u00e1 en formato [&hellip;]<\/p>\n","protected":false},"author":6,"featured_media":0,"parent":0,"menu_order":0,"comment_status":"closed","ping_status":"closed","template":"","meta":{"_acf_changed":false,"footnotes":""},"class_list":["post-6","page","type-page","status-publish","hentry"],"acf":[],"yoast_head":"<!-- This site is optimized with the Yoast SEO plugin v26.6 - https:\/\/yoast.com\/wordpress\/plugins\/seo\/ -->\n<title>Taller de Ensayo Anfibio - Taller de Ensayo Anfibio<\/title>\n<meta name=\"robots\" content=\"index, follow, max-snippet:-1, max-image-preview:large, max-video-preview:-1\" \/>\n<link rel=\"canonical\" href=\"https:\/\/www.uoh.cl\/taller-escritura-anfibio\/\" \/>\n<meta property=\"og:locale\" content=\"es_ES\" \/>\n<meta property=\"og:type\" content=\"article\" \/>\n<meta property=\"og:title\" content=\"Taller de Ensayo Anfibio - Taller de Ensayo Anfibio\" \/>\n<meta property=\"og:description\" content=\"[vc_row][vc_column][\/vc_column][\/vc_row][vc_section el_class=&#8221;container mx-auto align-items-center text-right circle&#8211;pattern&#8221; css=&#8221;.vc_custom_1669125701482{padding-top: 3rem !important;}&#8221;][vc_row el_class=&#8221;pb-5&#8243;][vc_column][vc_wp_custommenu nav_menu=&#8221;6&#8243;][vc_column_text] La Universidad de O&#8217;Higgins junto al Instituto Milenio VIODEMOS y el Instituto Milenio CHELAR Volcanes invitan al: Taller de Ensayo Anfibio. Relatora: Mar\u00eda Mansilla, Jefa de redacci\u00f3n de Revista Anfibia. Correo de informaci\u00f3n: luz.farina@uoh.cl. &nbsp; [\/vc_column_text][vc_column_text]El Taller de Ensayo Anfibio se realizar\u00e1 en formato [&hellip;]\" \/>\n<meta property=\"og:url\" content=\"https:\/\/www.uoh.cl\/taller-escritura-anfibio\/\" \/>\n<meta property=\"og:site_name\" content=\"Taller de Ensayo Anfibio\" \/>\n<meta property=\"article:modified_time\" content=\"2022-11-29T18:28:12+00:00\" \/>\n<meta name=\"twitter:card\" content=\"summary_large_image\" \/>\n<meta name=\"twitter:label1\" content=\"Tiempo estimado de lectura\" \/>\n\t<meta name=\"twitter:data1\" content=\"3 minutos\" \/>\n<script type=\"application\/ld+json\" class=\"yoast-schema-graph\">{\"@context\":\"https:\/\/schema.org\",\"@graph\":[{\"@type\":\"WebPage\",\"@id\":\"https:\/\/www.uoh.cl\/taller-escritura-anfibio\/\",\"url\":\"https:\/\/www.uoh.cl\/taller-escritura-anfibio\/\",\"name\":\"Taller de Ensayo Anfibio - Taller de Ensayo Anfibio\",\"isPartOf\":{\"@id\":\"https:\/\/www.uoh.cl\/taller-escritura-anfibio\/#website\"},\"datePublished\":\"2022-11-15T12:47:29+00:00\",\"dateModified\":\"2022-11-29T18:28:12+00:00\",\"breadcrumb\":{\"@id\":\"https:\/\/www.uoh.cl\/taller-escritura-anfibio\/#breadcrumb\"},\"inLanguage\":\"es-CL\",\"potentialAction\":[{\"@type\":\"ReadAction\",\"target\":[\"https:\/\/www.uoh.cl\/taller-escritura-anfibio\/\"]}]},{\"@type\":\"BreadcrumbList\",\"@id\":\"https:\/\/www.uoh.cl\/taller-escritura-anfibio\/#breadcrumb\",\"itemListElement\":[{\"@type\":\"ListItem\",\"position\":1,\"name\":\"Portada\",\"item\":\"https:\/\/www.uoh.cl\/taller-escritura-anfibio\/\"},{\"@type\":\"ListItem\",\"position\":2,\"name\":\"Taller de Ensayo Anfibio\"}]},{\"@type\":\"WebSite\",\"@id\":\"https:\/\/www.uoh.cl\/taller-escritura-anfibio\/#website\",\"url\":\"https:\/\/www.uoh.cl\/taller-escritura-anfibio\/\",\"name\":\"Taller de Ensayo Anfibio\",\"description\":\"\",\"potentialAction\":[{\"@type\":\"SearchAction\",\"target\":{\"@type\":\"EntryPoint\",\"urlTemplate\":\"https:\/\/www.uoh.cl\/taller-escritura-anfibio\/?s={search_term_string}\"},\"query-input\":{\"@type\":\"PropertyValueSpecification\",\"valueRequired\":true,\"valueName\":\"search_term_string\"}}],\"inLanguage\":\"es-CL\"}]}<\/script>\n<!-- \/ Yoast SEO plugin. -->","yoast_head_json":{"title":"Taller de Ensayo Anfibio - Taller de Ensayo Anfibio","robots":{"index":"index","follow":"follow","max-snippet":"max-snippet:-1","max-image-preview":"max-image-preview:large","max-video-preview":"max-video-preview:-1"},"canonical":"https:\/\/www.uoh.cl\/taller-escritura-anfibio\/","og_locale":"es_ES","og_type":"article","og_title":"Taller de Ensayo Anfibio - Taller de Ensayo Anfibio","og_description":"[vc_row][vc_column][\/vc_column][\/vc_row][vc_section el_class=&#8221;container mx-auto align-items-center text-right circle&#8211;pattern&#8221; css=&#8221;.vc_custom_1669125701482{padding-top: 3rem !important;}&#8221;][vc_row el_class=&#8221;pb-5&#8243;][vc_column][vc_wp_custommenu nav_menu=&#8221;6&#8243;][vc_column_text] La Universidad de O&#8217;Higgins junto al Instituto Milenio VIODEMOS y el Instituto Milenio CHELAR Volcanes invitan al: Taller de Ensayo Anfibio. Relatora: Mar\u00eda Mansilla, Jefa de redacci\u00f3n de Revista Anfibia. Correo de informaci\u00f3n: luz.farina@uoh.cl. &nbsp; [\/vc_column_text][vc_column_text]El Taller de Ensayo Anfibio se realizar\u00e1 en formato [&hellip;]","og_url":"https:\/\/www.uoh.cl\/taller-escritura-anfibio\/","og_site_name":"Taller de Ensayo Anfibio","article_modified_time":"2022-11-29T18:28:12+00:00","twitter_card":"summary_large_image","twitter_misc":{"Tiempo estimado de lectura":"3 minutos"},"schema":{"@context":"https:\/\/schema.org","@graph":[{"@type":"WebPage","@id":"https:\/\/www.uoh.cl\/taller-escritura-anfibio\/","url":"https:\/\/www.uoh.cl\/taller-escritura-anfibio\/","name":"Taller de Ensayo Anfibio - Taller de Ensayo Anfibio","isPartOf":{"@id":"https:\/\/www.uoh.cl\/taller-escritura-anfibio\/#website"},"datePublished":"2022-11-15T12:47:29+00:00","dateModified":"2022-11-29T18:28:12+00:00","breadcrumb":{"@id":"https:\/\/www.uoh.cl\/taller-escritura-anfibio\/#breadcrumb"},"inLanguage":"es-CL","potentialAction":[{"@type":"ReadAction","target":["https:\/\/www.uoh.cl\/taller-escritura-anfibio\/"]}]},{"@type":"BreadcrumbList","@id":"https:\/\/www.uoh.cl\/taller-escritura-anfibio\/#breadcrumb","itemListElement":[{"@type":"ListItem","position":1,"name":"Portada","item":"https:\/\/www.uoh.cl\/taller-escritura-anfibio\/"},{"@type":"ListItem","position":2,"name":"Taller de Ensayo Anfibio"}]},{"@type":"WebSite","@id":"https:\/\/www.uoh.cl\/taller-escritura-anfibio\/#website","url":"https:\/\/www.uoh.cl\/taller-escritura-anfibio\/","name":"Taller de Ensayo Anfibio","description":"","potentialAction":[{"@type":"SearchAction","target":{"@type":"EntryPoint","urlTemplate":"https:\/\/www.uoh.cl\/taller-escritura-anfibio\/?s={search_term_string}"},"query-input":{"@type":"PropertyValueSpecification","valueRequired":true,"valueName":"search_term_string"}}],"inLanguage":"es-CL"}]}},"_links":{"self":[{"href":"https:\/\/www.uoh.cl\/taller-escritura-anfibio\/wp-json\/wp\/v2\/pages\/6","targetHints":{"allow":["GET"]}}],"collection":[{"href":"https:\/\/www.uoh.cl\/taller-escritura-anfibio\/wp-json\/wp\/v2\/pages"}],"about":[{"href":"https:\/\/www.uoh.cl\/taller-escritura-anfibio\/wp-json\/wp\/v2\/types\/page"}],"author":[{"embeddable":true,"href":"https:\/\/www.uoh.cl\/taller-escritura-anfibio\/wp-json\/wp\/v2\/users\/6"}],"replies":[{"embeddable":true,"href":"https:\/\/www.uoh.cl\/taller-escritura-anfibio\/wp-json\/wp\/v2\/comments?post=6"}],"version-history":[{"count":7,"href":"https:\/\/www.uoh.cl\/taller-escritura-anfibio\/wp-json\/wp\/v2\/pages\/6\/revisions"}],"predecessor-version":[{"id":25,"href":"https:\/\/www.uoh.cl\/taller-escritura-anfibio\/wp-json\/wp\/v2\/pages\/6\/revisions\/25"}],"wp:attachment":[{"href":"https:\/\/www.uoh.cl\/taller-escritura-anfibio\/wp-json\/wp\/v2\/media?parent=6"}],"curies":[{"name":"wp","href":"https:\/\/api.w.org\/{rel}","templated":true}]}}