
{"id":80,"date":"2023-06-15T13:58:41","date_gmt":"2023-06-15T16:58:41","guid":{"rendered":"https:\/\/www.uoh.cl\/salud-mental\/?page_id=80"},"modified":"2023-06-20T18:20:51","modified_gmt":"2023-06-20T21:20:51","slug":"atencion-psicologica-estudiantil","status":"publish","type":"page","link":"https:\/\/www.uoh.cl\/salud-mental\/servicios\/atencion-psicologica-estudiantil\/","title":{"rendered":"Atenci\u00f3n Psicol\u00f3gica Estudiantil"},"content":{"rendered":"<div class=\"wpb-content-wrapper\"><p>[vc_row][vc_column]<div class=\"uoh_slider_featured_component component__featured-slide row mx-auto col-12 m-0 align-items-center position-relative lazyload\" style=\" background:inherit\" data-bg=\"url(https:\/\/www.uoh.cl\/salud-mental\/wp-content\/uploads\/sites\/47\/2023\/06\/atencion_psicologica_estudiantil_oficial.jpg)\"><div class=\"caption--degrade\"><svg  xmlns=\"http:\/\/www.w3.org\/2000\/svg\" xmlns:xlink=\"http:\/\/www.w3.org\/1999\/xlink\" width=\"1061px\" height=\"539px\"><defs><linearGradient id=\"PSgrad_0\" x1=\"0%\" x2=\"64.279%\" y1=\"76.604%\" y2=\"0%\"><stop offset=\"0%\" stop-color=\"rgb(66,160,248)\" stop-opacity=\"1\" \/><stop offset=\"100%\" stop-color=\"rgb(66,160,248)\" stop-opacity=\"0\" \/><\/linearGradient><\/defs><path fill-rule=\"evenodd\"  fill=\"none\" d=\"M311.000,515.000 C311.000,515.000 211.039,468.555 132.000,357.000 C21.864,201.555 -4.306,4.695 1.000,0.000 L196.000,0.000 L811.000,0.000 L1061.000,0.000 C1061.000,0.000 851.535,430.030 546.000,521.000 C402.674,563.674 311.000,515.000 311.000,515.000 Z\"\/> <path fill=\"url(#PSgrad_0)\"d=\"M311.000,515.000 C311.000,515.000 211.039,468.555 132.000,357.000 C21.864,201.555 -4.306,4.695 1.000,0.000 L196.000,0.000 L811.000,0.000 L1061.000,0.000 C1061.000,0.000 851.535,430.030 546.000,521.000 C402.674,563.674 311.000,515.000 311.000,515.000 Z\"\/><\/svg><\/div><div class=\"caption--quote\"><svg xmlns=\"http:\/\/www.w3.org\/2000\/svg\" xmlns:xlink=\"http:\/\/www.w3.org\/1999\/xlink\"width=\"226px\" height=\"273px\"><defs><linearGradient id=\"PSgrad_0\" x1=\"71.934%\" x2=\"0%\" y1=\"69.466%\" y2=\"0%\"><stop offset=\"0%\" stop-color=\"rgb(66,160,248)\" stop-opacity=\"0.49\" \/><stop offset=\"100%\" stop-color=\"rgb(66,160,248)\" stop-opacity=\"0\" \/><\/linearGradient><\/defs><path fill-rule=\"evenodd\"  fill=\"none\" d=\"M-0.000,273.000 L174.000,273.000 C174.000,273.000 226.000,266.268 226.000,221.000 C226.000,175.732 226.000,-0.000 226.000,-0.000 C226.000,-0.000 24.577,71.878 -0.000,273.000 Z\"\/><path fill=\"url(#PSgrad_0)\"d=\"M-0.000,273.000 L174.000,273.000 C174.000,273.000 226.000,266.268 226.000,221.000 C226.000,175.732 226.000,-0.000 226.000,-0.000 C226.000,-0.000 24.577,71.878 -0.000,273.000 Z\"\/><\/svg><\/div><div class=\"my-uoh_slider_featured_component container mx-auto p-md-0\" ><div class=\"content component__featured-slide-content container row mx-auto aling-items-center p-0\"><h1 class=\"p-0 featured-slide title\"  style=\"\"><em><\/em>Atenci\u00f3n Psicol\u00f3gica Estudiantil<\/h1><ul class=\"breadcrumb breadcrumb-list\"><li><a href=\"https:\/\/www.uoh.cl\/salud-mental\">Inicio<\/a><\/li><li><span class=\"separator\"><?xml version=\"1.0\" ?><svg viewBox=\"0 0 96 96\" xmlns=\"http:\/\/www.w3.org\/2000\/svg\"><title\/><path d=\"M39.3756,48.0022l30.47-25.39a6.0035,6.0035,0,0,0-7.6878-9.223L26.1563,43.3906a6.0092,6.0092,0,0,0,0,9.2231L62.1578,82.615a6.0035,6.0035,0,0,0,7.6878-9.2231Z\"\/><\/svg><\/span><\/li><li><a href=\"\"><\/a><\/li><li>Atenci\u00f3n Psicol\u00f3gica Estudiantil<\/li><\/ul><\/div><span><\/span><\/div><\/div>[\/vc_column][\/vc_row][vc_section el_class=&#8221;container mx-auto align-items-center circle&#8211;pattern pb-5&#8243; css=&#8221;.vc_custom_1687296027728{padding-top: 3rem !important;}&#8221;][vc_row el_class=&#8221;mb-5&#8243;][vc_column][vc_wp_custommenu nav_menu=&#8221;2&#8243;]<div class=\"uoh_title_component-container\"><h1 class=\"title title--ms d-inline-block title--decorator  big\">Atenci\u00f3n Psicol\u00f3gica Estudiantil<\/h1><\/div>[vc_column_text]Nuestro principal objetivo es brindar atenci\u00f3n psicol\u00f3gica a estudiantes , para apoyarles en solucionar o sobrellevar las dificultades emocionales que pudiesen presentar durante su proceso formativo. El apoyo psicol\u00f3gico estudiantil en la UOH est\u00e1 dirigido a abordar los temas de salud mental m\u00e1s prevalentes en la poblaci\u00f3n universitaria. Estudiantes con cuadros severos y\/o cr\u00f3nicos que requieren de tratamientos especializados por parte de un centro de salud ser\u00e1n derivados a la red externa y contar\u00e1n con un sistema de seguimiento por parte de la Direcci\u00f3n de Salud Mental Tenemos modalidades de atenci\u00f3n <strong>grupal<\/strong> e <strong>individual <\/strong>, ambas modalidades psicoterap\u00e9uticas tienen importante evidencia en su efectividad.[\/vc_column_text][\/vc_column][\/vc_row][\/vc_section][vc_section el_class=&#8221;p-md-0 pt-md-5 pb-5&#8243; css=&#8221;.vc_custom_1687296035532{background-color: #f6faff !important;}&#8221;][vc_row el_class=&#8221;container mx-auto align-items-center&#8221;][vc_column el_class=&#8221;p-0&#8243;][vc_column_text]La modalidad del apoyo psicol\u00f3gico que reciba cada alumno\/a depender\u00e1 de la evaluaci\u00f3n inicial que se realice por parte del\/la psic\u00f3logo\/a durante la primera entrevista. Entre las alternativas de intervenci\u00f3n existen: sesiones grupales para adquisici\u00f3n de herramientas, atenci\u00f3n psicol\u00f3gica individual, y seguimiento telef\u00f3nico. La solicitud de hora es de car\u00e1cter voluntario, es decir, si la persona (estudiante) estima que requiere apoyo psicol\u00f3gico, debe solicitar una hora de atenci\u00f3n de manera aut\u00f3noma. Al mismo tiempo, esta atenci\u00f3n no tiene costo monetario para quien la solicita. Cuando la situaci\u00f3n lo requiera, el alumno\/a puede ser derivado por su escuela o docente. La atenci\u00f3n psicol\u00f3gica individual brinda al estudiante hasta 8 sesiones por a\u00f1o, donde en general se establece una frecuencia de una sesi\u00f3n cada semana. Las atenciones pueden ser en modalidad presencial o en l\u00ednea (telepsicolog\u00eda) a trav\u00e9s de videollamada. El tipo de atenci\u00f3n psicol\u00f3gica individual puede ser entregada a trav\u00e9s de intervenciones psicoterap\u00e9uticas breves, intervenci\u00f3n en crisis, psicoeducaci\u00f3n, entre otros. La informaci\u00f3n entregada en las sesiones psicol\u00f3gicas individuales es de car\u00e1cter confidencial y no ser\u00e1 transmitida a unidades acad\u00e9micas, familiares u otros, sin tu consentimiento. En caso de que exista alg\u00fan riesgo vital o que comprometa tu salud y\/o la de terceros, contactaremos a un adulto de tu confianza, inform\u00e1ndote a ti en primer lugar. Para acceder a la atenci\u00f3n psicol\u00f3gica individual, primero debes escribirnos a nuestro mail <a class=\"link\" href=\"mailto:atencionpsicologica@uoh.cl\">atencionpsicologica@uoh.cl<\/a> . Luego, te enviaremos para completar un formulario de datos, y cuestionarios con el fin de conocer tu sintomatolog\u00eda y estado de salud mental actual. Del mismo modo, deber\u00e1s completar tu consentimiento informado. Una vez recibida dicha informaci\u00f3n, te contactaremos para agendar una hora de atenci\u00f3n de acuerdo a tu disponibilidad de horario y la del psic\u00f3logo\/a. En algunos periodos del a\u00f1o existe una muy alta demanda por atenci\u00f3n psicol\u00f3gica individual, por lo que hay tiempos de espera para una primera atenci\u00f3n y\/o atenciones posteriores a la primera entrevista. Si est\u00e1s en una situaci\u00f3n que no puedes esperar, debes escribirnos a nuestro mail para que te contactemos y entreguemos alternativas de atenci\u00f3n externas a la Universidad.[\/vc_column_text][\/vc_column][\/vc_row][\/vc_section][vc_section el_class=&#8221;pt-md-5 pb-5&#8243; css=&#8221;.vc_custom_1687296049164{background-color: #f6faff !important;}&#8221;][vc_row el_class=&#8221;container mx-auto align-items-center&#8221;][vc_column el_class=&#8221;p-0&#8243;][vc_column_text]<strong>Si necesitas solicitar una hora solo debes escribir a: <a href=\"mailto:atencionpsicologica@uoh.cl\">atencionpsicologica@uoh.cl<\/a> <\/strong>Si prefieres instituciones externas ala Universidad puedes ir a la secci\u00f3n <a class=\"link\" href=\"https:\/\/www.uoh.cl\/salud-mental\/contactos-y-emergencias\/\">Contactos<\/a>.[\/vc_column_text][\/vc_column][\/vc_row][\/vc_section][vc_section css=&#8221;.vc_custom_1687282291050{background-color: #03122e !important;}&#8221; el_class=&#8221;p-md-0 pt-md-5 pb-md-5 text-white&#8221; el_id=&#8221;footer_sm&#8221;][vc_row el_class=&#8221;container mx-auto align-items-center&#8221;][vc_column width=&#8221;1\/6&#8243;][vc_single_image image=&#8221;234&#8243; img_size=&#8221;full&#8221; alignment=&#8221;center&#8221; onclick=&#8221;custom_link&#8221; img_link_target=&#8221;_blank&#8221; link=&#8221;https:\/\/www.instagram.com\/uoh360\/&#8221;][\/vc_column][vc_column width=&#8221;4\/6&#8243;][\/vc_column][vc_column width=&#8221;1\/6&#8243;][vc_single_image image=&#8221;229&#8243; img_size=&#8221;large&#8221; alignment=&#8221;center&#8221; onclick=&#8221;custom_link&#8221; img_link_target=&#8221;_blank&#8221; link=&#8221;http:\/\/www.uoh.cl&#8221;][\/vc_column][\/vc_row][\/vc_section]<\/p>\n<\/div>","protected":false},"excerpt":{"rendered":"<p>[vc_row][vc_column][\/vc_column][\/vc_row][vc_section el_class=&#8221;container mx-auto align-items-center circle&#8211;pattern pb-5&#8243; css=&#8221;.vc_custom_1687296027728{padding-top: 3rem !important;}&#8221;][vc_row el_class=&#8221;mb-5&#8243;][vc_column][vc_wp_custommenu nav_menu=&#8221;2&#8243;][vc_column_text]Nuestro principal objetivo es brindar atenci\u00f3n psicol\u00f3gica a estudiantes , para apoyarles en solucionar o sobrellevar las dificultades emocionales que pudiesen presentar durante su proceso formativo. El apoyo psicol\u00f3gico estudiantil en la UOH est\u00e1 dirigido a abordar los temas de salud mental m\u00e1s prevalentes en [&hellip;]<\/p>\n","protected":false},"author":6,"featured_media":0,"parent":16,"menu_order":0,"comment_status":"closed","ping_status":"closed","template":"","meta":{"_acf_changed":false,"footnotes":""},"class_list":["post-80","page","type-page","status-publish","hentry"],"acf":[],"yoast_head":"<!-- This site is optimized with the Yoast SEO plugin v26.6 - https:\/\/yoast.com\/wordpress\/plugins\/seo\/ -->\n<title>Atenci\u00f3n Psicol\u00f3gica Estudiantil - Direcci\u00f3n de Salud Mental<\/title>\n<meta name=\"robots\" content=\"index, follow, max-snippet:-1, max-image-preview:large, max-video-preview:-1\" \/>\n<link rel=\"canonical\" href=\"https:\/\/www.uoh.cl\/salud-mental\/servicios\/atencion-psicologica-estudiantil\/\" \/>\n<meta property=\"og:locale\" content=\"es_ES\" \/>\n<meta property=\"og:type\" content=\"article\" \/>\n<meta property=\"og:title\" content=\"Atenci\u00f3n Psicol\u00f3gica Estudiantil - Direcci\u00f3n de Salud Mental\" \/>\n<meta property=\"og:description\" content=\"[vc_row][vc_column][\/vc_column][\/vc_row][vc_section el_class=&#8221;container mx-auto align-items-center circle&#8211;pattern pb-5&#8243; css=&#8221;.vc_custom_1687296027728{padding-top: 3rem !important;}&#8221;][vc_row el_class=&#8221;mb-5&#8243;][vc_column][vc_wp_custommenu nav_menu=&#8221;2&#8243;][vc_column_text]Nuestro principal objetivo es brindar atenci\u00f3n psicol\u00f3gica a estudiantes , para apoyarles en solucionar o sobrellevar las dificultades emocionales que pudiesen presentar durante su proceso formativo. El apoyo psicol\u00f3gico estudiantil en la UOH est\u00e1 dirigido a abordar los temas de salud mental m\u00e1s prevalentes en [&hellip;]\" \/>\n<meta property=\"og:url\" content=\"https:\/\/www.uoh.cl\/salud-mental\/servicios\/atencion-psicologica-estudiantil\/\" \/>\n<meta property=\"og:site_name\" content=\"Direcci\u00f3n de Salud Mental\" \/>\n<meta property=\"article:modified_time\" content=\"2023-06-20T21:20:51+00:00\" \/>\n<meta name=\"twitter:card\" content=\"summary_large_image\" \/>\n<meta name=\"twitter:label1\" content=\"Tiempo estimado de lectura\" \/>\n\t<meta name=\"twitter:data1\" content=\"3 minutos\" \/>\n<script type=\"application\/ld+json\" class=\"yoast-schema-graph\">{\"@context\":\"https:\/\/schema.org\",\"@graph\":[{\"@type\":\"WebPage\",\"@id\":\"https:\/\/www.uoh.cl\/salud-mental\/servicios\/atencion-psicologica-estudiantil\/\",\"url\":\"https:\/\/www.uoh.cl\/salud-mental\/servicios\/atencion-psicologica-estudiantil\/\",\"name\":\"Atenci\u00f3n Psicol\u00f3gica Estudiantil - Direcci\u00f3n de Salud Mental\",\"isPartOf\":{\"@id\":\"https:\/\/www.uoh.cl\/salud-mental\/#website\"},\"datePublished\":\"2023-06-15T16:58:41+00:00\",\"dateModified\":\"2023-06-20T21:20:51+00:00\",\"breadcrumb\":{\"@id\":\"https:\/\/www.uoh.cl\/salud-mental\/servicios\/atencion-psicologica-estudiantil\/#breadcrumb\"},\"inLanguage\":\"es-CL\",\"potentialAction\":[{\"@type\":\"ReadAction\",\"target\":[\"https:\/\/www.uoh.cl\/salud-mental\/servicios\/atencion-psicologica-estudiantil\/\"]}]},{\"@type\":\"BreadcrumbList\",\"@id\":\"https:\/\/www.uoh.cl\/salud-mental\/servicios\/atencion-psicologica-estudiantil\/#breadcrumb\",\"itemListElement\":[{\"@type\":\"ListItem\",\"position\":1,\"name\":\"Portada\",\"item\":\"https:\/\/www.uoh.cl\/salud-mental\/\"},{\"@type\":\"ListItem\",\"position\":2,\"name\":\"Servicios\",\"item\":\"https:\/\/www.uoh.cl\/salud-mental\/servicios\/\"},{\"@type\":\"ListItem\",\"position\":3,\"name\":\"Atenci\u00f3n Psicol\u00f3gica Estudiantil\"}]},{\"@type\":\"WebSite\",\"@id\":\"https:\/\/www.uoh.cl\/salud-mental\/#website\",\"url\":\"https:\/\/www.uoh.cl\/salud-mental\/\",\"name\":\"Direcci\u00f3n de Salud Mental\",\"description\":\"\",\"potentialAction\":[{\"@type\":\"SearchAction\",\"target\":{\"@type\":\"EntryPoint\",\"urlTemplate\":\"https:\/\/www.uoh.cl\/salud-mental\/?s={search_term_string}\"},\"query-input\":{\"@type\":\"PropertyValueSpecification\",\"valueRequired\":true,\"valueName\":\"search_term_string\"}}],\"inLanguage\":\"es-CL\"}]}<\/script>\n<!-- \/ Yoast SEO plugin. -->","yoast_head_json":{"title":"Atenci\u00f3n Psicol\u00f3gica Estudiantil - Direcci\u00f3n de Salud Mental","robots":{"index":"index","follow":"follow","max-snippet":"max-snippet:-1","max-image-preview":"max-image-preview:large","max-video-preview":"max-video-preview:-1"},"canonical":"https:\/\/www.uoh.cl\/salud-mental\/servicios\/atencion-psicologica-estudiantil\/","og_locale":"es_ES","og_type":"article","og_title":"Atenci\u00f3n Psicol\u00f3gica Estudiantil - Direcci\u00f3n de Salud Mental","og_description":"[vc_row][vc_column][\/vc_column][\/vc_row][vc_section el_class=&#8221;container mx-auto align-items-center circle&#8211;pattern pb-5&#8243; css=&#8221;.vc_custom_1687296027728{padding-top: 3rem !important;}&#8221;][vc_row el_class=&#8221;mb-5&#8243;][vc_column][vc_wp_custommenu nav_menu=&#8221;2&#8243;][vc_column_text]Nuestro principal objetivo es brindar atenci\u00f3n psicol\u00f3gica a estudiantes , para apoyarles en solucionar o sobrellevar las dificultades emocionales que pudiesen presentar durante su proceso formativo. El apoyo psicol\u00f3gico estudiantil en la UOH est\u00e1 dirigido a abordar los temas de salud mental m\u00e1s prevalentes en [&hellip;]","og_url":"https:\/\/www.uoh.cl\/salud-mental\/servicios\/atencion-psicologica-estudiantil\/","og_site_name":"Direcci\u00f3n de Salud Mental","article_modified_time":"2023-06-20T21:20:51+00:00","twitter_card":"summary_large_image","twitter_misc":{"Tiempo estimado de lectura":"3 minutos"},"schema":{"@context":"https:\/\/schema.org","@graph":[{"@type":"WebPage","@id":"https:\/\/www.uoh.cl\/salud-mental\/servicios\/atencion-psicologica-estudiantil\/","url":"https:\/\/www.uoh.cl\/salud-mental\/servicios\/atencion-psicologica-estudiantil\/","name":"Atenci\u00f3n Psicol\u00f3gica Estudiantil - Direcci\u00f3n de Salud Mental","isPartOf":{"@id":"https:\/\/www.uoh.cl\/salud-mental\/#website"},"datePublished":"2023-06-15T16:58:41+00:00","dateModified":"2023-06-20T21:20:51+00:00","breadcrumb":{"@id":"https:\/\/www.uoh.cl\/salud-mental\/servicios\/atencion-psicologica-estudiantil\/#breadcrumb"},"inLanguage":"es-CL","potentialAction":[{"@type":"ReadAction","target":["https:\/\/www.uoh.cl\/salud-mental\/servicios\/atencion-psicologica-estudiantil\/"]}]},{"@type":"BreadcrumbList","@id":"https:\/\/www.uoh.cl\/salud-mental\/servicios\/atencion-psicologica-estudiantil\/#breadcrumb","itemListElement":[{"@type":"ListItem","position":1,"name":"Portada","item":"https:\/\/www.uoh.cl\/salud-mental\/"},{"@type":"ListItem","position":2,"name":"Servicios","item":"https:\/\/www.uoh.cl\/salud-mental\/servicios\/"},{"@type":"ListItem","position":3,"name":"Atenci\u00f3n Psicol\u00f3gica Estudiantil"}]},{"@type":"WebSite","@id":"https:\/\/www.uoh.cl\/salud-mental\/#website","url":"https:\/\/www.uoh.cl\/salud-mental\/","name":"Direcci\u00f3n de Salud Mental","description":"","potentialAction":[{"@type":"SearchAction","target":{"@type":"EntryPoint","urlTemplate":"https:\/\/www.uoh.cl\/salud-mental\/?s={search_term_string}"},"query-input":{"@type":"PropertyValueSpecification","valueRequired":true,"valueName":"search_term_string"}}],"inLanguage":"es-CL"}]}},"_links":{"self":[{"href":"https:\/\/www.uoh.cl\/salud-mental\/wp-json\/wp\/v2\/pages\/80","targetHints":{"allow":["GET"]}}],"collection":[{"href":"https:\/\/www.uoh.cl\/salud-mental\/wp-json\/wp\/v2\/pages"}],"about":[{"href":"https:\/\/www.uoh.cl\/salud-mental\/wp-json\/wp\/v2\/types\/page"}],"author":[{"embeddable":true,"href":"https:\/\/www.uoh.cl\/salud-mental\/wp-json\/wp\/v2\/users\/6"}],"replies":[{"embeddable":true,"href":"https:\/\/www.uoh.cl\/salud-mental\/wp-json\/wp\/v2\/comments?post=80"}],"version-history":[{"count":10,"href":"https:\/\/www.uoh.cl\/salud-mental\/wp-json\/wp\/v2\/pages\/80\/revisions"}],"predecessor-version":[{"id":292,"href":"https:\/\/www.uoh.cl\/salud-mental\/wp-json\/wp\/v2\/pages\/80\/revisions\/292"}],"up":[{"embeddable":true,"href":"https:\/\/www.uoh.cl\/salud-mental\/wp-json\/wp\/v2\/pages\/16"}],"wp:attachment":[{"href":"https:\/\/www.uoh.cl\/salud-mental\/wp-json\/wp\/v2\/media?parent=80"}],"curies":[{"name":"wp","href":"https:\/\/api.w.org\/{rel}","templated":true}]}}