
{"id":106,"date":"2023-06-15T14:22:28","date_gmt":"2023-06-15T17:22:28","guid":{"rendered":"https:\/\/www.uoh.cl\/salud-mental\/?page_id=106"},"modified":"2023-06-20T18:19:54","modified_gmt":"2023-06-20T21:19:54","slug":"apoyo-psicologico-a-la-comunidad","status":"publish","type":"page","link":"https:\/\/www.uoh.cl\/salud-mental\/servicios\/apoyo-psicologico-a-la-comunidad\/","title":{"rendered":"Apoyo Psicol\u00f3gico a la Comunidad"},"content":{"rendered":"<div class=\"wpb-content-wrapper\"><p>[vc_row][vc_column]<div class=\"uoh_slider_featured_component component__featured-slide row mx-auto col-12 m-0 align-items-center position-relative lazyload\" style=\" background:inherit\" data-bg=\"url(https:\/\/www.uoh.cl\/salud-mental\/wp-content\/uploads\/sites\/47\/2023\/06\/APOYO_PSICOL_GICO_A_LA_COMUNIDAD_Oficial1.jpg)\"><div class=\"caption--degrade\"><svg  xmlns=\"http:\/\/www.w3.org\/2000\/svg\" xmlns:xlink=\"http:\/\/www.w3.org\/1999\/xlink\" width=\"1061px\" height=\"539px\"><defs><linearGradient id=\"PSgrad_0\" x1=\"0%\" x2=\"64.279%\" y1=\"76.604%\" y2=\"0%\"><stop offset=\"0%\" stop-color=\"rgb(66,160,248)\" stop-opacity=\"1\" \/><stop offset=\"100%\" stop-color=\"rgb(66,160,248)\" stop-opacity=\"0\" \/><\/linearGradient><\/defs><path fill-rule=\"evenodd\"  fill=\"none\" d=\"M311.000,515.000 C311.000,515.000 211.039,468.555 132.000,357.000 C21.864,201.555 -4.306,4.695 1.000,0.000 L196.000,0.000 L811.000,0.000 L1061.000,0.000 C1061.000,0.000 851.535,430.030 546.000,521.000 C402.674,563.674 311.000,515.000 311.000,515.000 Z\"\/> <path fill=\"url(#PSgrad_0)\"d=\"M311.000,515.000 C311.000,515.000 211.039,468.555 132.000,357.000 C21.864,201.555 -4.306,4.695 1.000,0.000 L196.000,0.000 L811.000,0.000 L1061.000,0.000 C1061.000,0.000 851.535,430.030 546.000,521.000 C402.674,563.674 311.000,515.000 311.000,515.000 Z\"\/><\/svg><\/div><div class=\"caption--quote\"><svg xmlns=\"http:\/\/www.w3.org\/2000\/svg\" xmlns:xlink=\"http:\/\/www.w3.org\/1999\/xlink\"width=\"226px\" height=\"273px\"><defs><linearGradient id=\"PSgrad_0\" x1=\"71.934%\" x2=\"0%\" y1=\"69.466%\" y2=\"0%\"><stop offset=\"0%\" stop-color=\"rgb(66,160,248)\" stop-opacity=\"0.49\" \/><stop offset=\"100%\" stop-color=\"rgb(66,160,248)\" stop-opacity=\"0\" \/><\/linearGradient><\/defs><path fill-rule=\"evenodd\"  fill=\"none\" d=\"M-0.000,273.000 L174.000,273.000 C174.000,273.000 226.000,266.268 226.000,221.000 C226.000,175.732 226.000,-0.000 226.000,-0.000 C226.000,-0.000 24.577,71.878 -0.000,273.000 Z\"\/><path fill=\"url(#PSgrad_0)\"d=\"M-0.000,273.000 L174.000,273.000 C174.000,273.000 226.000,266.268 226.000,221.000 C226.000,175.732 226.000,-0.000 226.000,-0.000 C226.000,-0.000 24.577,71.878 -0.000,273.000 Z\"\/><\/svg><\/div><div class=\"my-uoh_slider_featured_component container mx-auto p-md-0\" ><div class=\"content component__featured-slide-content container row mx-auto aling-items-center p-0\"><h1 class=\"p-0 featured-slide title\"  style=\"\"><em><\/em>Apoyo Psicol\u00f3gico a la Comunidad<\/h1><ul class=\"breadcrumb breadcrumb-list\"><li><a href=\"https:\/\/www.uoh.cl\/salud-mental\">Inicio<\/a><\/li><li><span class=\"separator\"><?xml version=\"1.0\" ?><svg viewBox=\"0 0 96 96\" xmlns=\"http:\/\/www.w3.org\/2000\/svg\"><title\/><path d=\"M39.3756,48.0022l30.47-25.39a6.0035,6.0035,0,0,0-7.6878-9.223L26.1563,43.3906a6.0092,6.0092,0,0,0,0,9.2231L62.1578,82.615a6.0035,6.0035,0,0,0,7.6878-9.2231Z\"\/><\/svg><\/span><\/li><li><a href=\"\"><\/a><\/li><li>Apoyo Psicol\u00f3gico a la Comunidad<\/li><\/ul><\/div><span><\/span><\/div><\/div>[\/vc_column][\/vc_row][vc_section el_class=&#8221;container mx-auto align-items-center circle&#8211;pattern pb-5&#8243; css=&#8221;.vc_custom_1687295973669{padding-top: 3rem !important;}&#8221;][vc_row el_class=&#8221;mb-5&#8243;][vc_column][vc_wp_custommenu nav_menu=&#8221;2&#8243;]<div class=\"uoh_title_component-container\"><h1 class=\"title title--ms d-inline-block title--decorator  big\">Apoyo Psicol\u00f3gico a la Comunidad<\/h1><\/div>[vc_column_text]La Direcci\u00f3n de Salud Mental, en un inter\u00e9s constante por aportar al bienestar psicol\u00f3gico y emocional de la Comunidad, implementa la Unidad de Apoyo Psicol\u00f3gico a Personal de Colaboraci\u00f3n, Docentes y Acad\u00e9micos\/as (CDA), para atender de manera individual a quienes requieren una primera acogida psicol\u00f3gica, la que consta de hasta tres sesiones individuales al a\u00f1o y cuyo objetivo es dar orientaci\u00f3n, psicoeducaci\u00f3n y\/o intervenci\u00f3n en crisis. Las atenciones realizadas por la Unidad son de baja complejidad y, en el caso de ser requerido, se derivar\u00e1 a instituciones externas.[\/vc_column_text][\/vc_column][\/vc_row][\/vc_section][vc_section el_class=&#8221;p-md-0 pt-md-5 pb-5&#8243; css=&#8221;.vc_custom_1687295980055{background-color: #f6faff !important;}&#8221;][vc_row el_class=&#8221;container mx-auto align-items-center&#8221;][vc_column el_class=&#8221;p-0&#8243;][vc_column_text]<\/p>\n<p class=\"format-text\">Del mismo modo, se genera tambi\u00e9n la instancia de trabajo grupal, la que permite abordar tem\u00e1ticas de mayor prevalencia en salud mental en la poblaci\u00f3n general, donde el intercambio de experiencias enriquece y ampl\u00eda las estrategias que pueden ser utilizadas en diferentes contextos, en pos de ayudar a mejorar la calidad de vida de quienes forman parte de la Universidad.<\/p>\n<p class=\"format-text\">La informaci\u00f3n entregada en las sesiones psicol\u00f3gicas individuales y grupales es de car\u00e1cter estrictamente confidencial y no ser\u00e1 transmitida a unidades acad\u00e9micas, familiares u otros, sin su consentimiento.<\/p>\n<p class=\"format-text\">Para solicitar una hora de atenci\u00f3n, se debe enviar un correo a: cda.apoyopsicologico@uoh.cl. Una vez que la ha solicitado, recibir\u00e1 un correo de confirmaci\u00f3n en el que se le se\u00f1alar\u00e1n los pasos para coordinar una cita.<\/p>\n<p class=\"format-text\">La entrevista de ingreso podr\u00e1 ser realizada de forma presencial o de forma remota, previa coordinaci\u00f3n con el\/la consultante. Para las atenciones en l\u00ednea, se enviar\u00e1 con anticipaci\u00f3n el link por el cual se llevar\u00e1 a cabo la sesi\u00f3n.<\/p>\n<p>[\/vc_column_text][\/vc_column][\/vc_row][\/vc_section][vc_section el_class=&#8221;pt-md-5 pb-5&#8243; css=&#8221;.vc_custom_1687295990770{background-color: #f6faff !important;}&#8221;][vc_row el_class=&#8221;container mx-auto align-items-center&#8221;][vc_column el_class=&#8221;p-0&#8243;][vc_column_text]Si necesita hacer alguna consulta o solicitar una hora de atenci\u00f3n, no dude en contactarse al correo: <a href=\"mailto:cda.apoyopsicologico@uoh.cl\">cda.apoyopsicologico@uoh.cl<\/a>.[\/vc_column_text][\/vc_column][\/vc_row][\/vc_section][vc_section css=&#8221;.vc_custom_1687282291050{background-color: #03122e !important;}&#8221; el_class=&#8221;p-md-0 pt-md-5 pb-md-5 text-white&#8221; el_id=&#8221;footer_sm&#8221;][vc_row el_class=&#8221;container mx-auto align-items-center&#8221;][vc_column width=&#8221;1\/6&#8243;][vc_single_image image=&#8221;234&#8243; img_size=&#8221;full&#8221; alignment=&#8221;center&#8221; onclick=&#8221;custom_link&#8221; img_link_target=&#8221;_blank&#8221; link=&#8221;https:\/\/www.instagram.com\/uoh360\/&#8221;][\/vc_column][vc_column width=&#8221;4\/6&#8243;][\/vc_column][vc_column width=&#8221;1\/6&#8243;][vc_single_image image=&#8221;229&#8243; img_size=&#8221;large&#8221; alignment=&#8221;center&#8221; onclick=&#8221;custom_link&#8221; img_link_target=&#8221;_blank&#8221; link=&#8221;http:\/\/www.uoh.cl&#8221;][\/vc_column][\/vc_row][\/vc_section]<\/p>\n<\/div>","protected":false},"excerpt":{"rendered":"<p>[vc_row][vc_column][\/vc_column][\/vc_row][vc_section el_class=&#8221;container mx-auto align-items-center circle&#8211;pattern pb-5&#8243; css=&#8221;.vc_custom_1687295973669{padding-top: 3rem !important;}&#8221;][vc_row el_class=&#8221;mb-5&#8243;][vc_column][vc_wp_custommenu nav_menu=&#8221;2&#8243;][vc_column_text]La Direcci\u00f3n de Salud Mental, en un inter\u00e9s constante por aportar al bienestar psicol\u00f3gico y emocional de la Comunidad, implementa la Unidad de Apoyo Psicol\u00f3gico a Personal de Colaboraci\u00f3n, Docentes y Acad\u00e9micos\/as (CDA), para atender de manera individual a quienes requieren una primera acogida psicol\u00f3gica, [&hellip;]<\/p>\n","protected":false},"author":6,"featured_media":0,"parent":16,"menu_order":0,"comment_status":"closed","ping_status":"closed","template":"","meta":{"_acf_changed":false,"footnotes":""},"class_list":["post-106","page","type-page","status-publish","hentry"],"acf":[],"yoast_head":"<!-- This site is optimized with the Yoast SEO plugin v26.6 - https:\/\/yoast.com\/wordpress\/plugins\/seo\/ -->\n<title>Apoyo Psicol\u00f3gico a la Comunidad - Direcci\u00f3n de Salud Mental<\/title>\n<meta name=\"robots\" content=\"index, follow, max-snippet:-1, max-image-preview:large, max-video-preview:-1\" \/>\n<link rel=\"canonical\" href=\"https:\/\/www.uoh.cl\/salud-mental\/servicios\/apoyo-psicologico-a-la-comunidad\/\" \/>\n<meta property=\"og:locale\" content=\"es_ES\" \/>\n<meta property=\"og:type\" content=\"article\" \/>\n<meta property=\"og:title\" content=\"Apoyo Psicol\u00f3gico a la Comunidad - Direcci\u00f3n de Salud Mental\" \/>\n<meta property=\"og:description\" content=\"[vc_row][vc_column][\/vc_column][\/vc_row][vc_section el_class=&#8221;container mx-auto align-items-center circle&#8211;pattern pb-5&#8243; css=&#8221;.vc_custom_1687295973669{padding-top: 3rem !important;}&#8221;][vc_row el_class=&#8221;mb-5&#8243;][vc_column][vc_wp_custommenu nav_menu=&#8221;2&#8243;][vc_column_text]La Direcci\u00f3n de Salud Mental, en un inter\u00e9s constante por aportar al bienestar psicol\u00f3gico y emocional de la Comunidad, implementa la Unidad de Apoyo Psicol\u00f3gico a Personal de Colaboraci\u00f3n, Docentes y Acad\u00e9micos\/as (CDA), para atender de manera individual a quienes requieren una primera acogida psicol\u00f3gica, [&hellip;]\" \/>\n<meta property=\"og:url\" content=\"https:\/\/www.uoh.cl\/salud-mental\/servicios\/apoyo-psicologico-a-la-comunidad\/\" \/>\n<meta property=\"og:site_name\" content=\"Direcci\u00f3n de Salud Mental\" \/>\n<meta property=\"article:modified_time\" content=\"2023-06-20T21:19:54+00:00\" \/>\n<meta name=\"twitter:card\" content=\"summary_large_image\" \/>\n<meta name=\"twitter:label1\" content=\"Tiempo estimado de lectura\" \/>\n\t<meta name=\"twitter:data1\" content=\"2 minutos\" \/>\n<script type=\"application\/ld+json\" class=\"yoast-schema-graph\">{\"@context\":\"https:\/\/schema.org\",\"@graph\":[{\"@type\":\"WebPage\",\"@id\":\"https:\/\/www.uoh.cl\/salud-mental\/servicios\/apoyo-psicologico-a-la-comunidad\/\",\"url\":\"https:\/\/www.uoh.cl\/salud-mental\/servicios\/apoyo-psicologico-a-la-comunidad\/\",\"name\":\"Apoyo Psicol\u00f3gico a la Comunidad - Direcci\u00f3n de Salud Mental\",\"isPartOf\":{\"@id\":\"https:\/\/www.uoh.cl\/salud-mental\/#website\"},\"datePublished\":\"2023-06-15T17:22:28+00:00\",\"dateModified\":\"2023-06-20T21:19:54+00:00\",\"breadcrumb\":{\"@id\":\"https:\/\/www.uoh.cl\/salud-mental\/servicios\/apoyo-psicologico-a-la-comunidad\/#breadcrumb\"},\"inLanguage\":\"es-CL\",\"potentialAction\":[{\"@type\":\"ReadAction\",\"target\":[\"https:\/\/www.uoh.cl\/salud-mental\/servicios\/apoyo-psicologico-a-la-comunidad\/\"]}]},{\"@type\":\"BreadcrumbList\",\"@id\":\"https:\/\/www.uoh.cl\/salud-mental\/servicios\/apoyo-psicologico-a-la-comunidad\/#breadcrumb\",\"itemListElement\":[{\"@type\":\"ListItem\",\"position\":1,\"name\":\"Portada\",\"item\":\"https:\/\/www.uoh.cl\/salud-mental\/\"},{\"@type\":\"ListItem\",\"position\":2,\"name\":\"Servicios\",\"item\":\"https:\/\/www.uoh.cl\/salud-mental\/servicios\/\"},{\"@type\":\"ListItem\",\"position\":3,\"name\":\"Apoyo Psicol\u00f3gico a la Comunidad\"}]},{\"@type\":\"WebSite\",\"@id\":\"https:\/\/www.uoh.cl\/salud-mental\/#website\",\"url\":\"https:\/\/www.uoh.cl\/salud-mental\/\",\"name\":\"Direcci\u00f3n de Salud Mental\",\"description\":\"\",\"potentialAction\":[{\"@type\":\"SearchAction\",\"target\":{\"@type\":\"EntryPoint\",\"urlTemplate\":\"https:\/\/www.uoh.cl\/salud-mental\/?s={search_term_string}\"},\"query-input\":{\"@type\":\"PropertyValueSpecification\",\"valueRequired\":true,\"valueName\":\"search_term_string\"}}],\"inLanguage\":\"es-CL\"}]}<\/script>\n<!-- \/ Yoast SEO plugin. -->","yoast_head_json":{"title":"Apoyo Psicol\u00f3gico a la Comunidad - Direcci\u00f3n de Salud Mental","robots":{"index":"index","follow":"follow","max-snippet":"max-snippet:-1","max-image-preview":"max-image-preview:large","max-video-preview":"max-video-preview:-1"},"canonical":"https:\/\/www.uoh.cl\/salud-mental\/servicios\/apoyo-psicologico-a-la-comunidad\/","og_locale":"es_ES","og_type":"article","og_title":"Apoyo Psicol\u00f3gico a la Comunidad - Direcci\u00f3n de Salud Mental","og_description":"[vc_row][vc_column][\/vc_column][\/vc_row][vc_section el_class=&#8221;container mx-auto align-items-center circle&#8211;pattern pb-5&#8243; css=&#8221;.vc_custom_1687295973669{padding-top: 3rem !important;}&#8221;][vc_row el_class=&#8221;mb-5&#8243;][vc_column][vc_wp_custommenu nav_menu=&#8221;2&#8243;][vc_column_text]La Direcci\u00f3n de Salud Mental, en un inter\u00e9s constante por aportar al bienestar psicol\u00f3gico y emocional de la Comunidad, implementa la Unidad de Apoyo Psicol\u00f3gico a Personal de Colaboraci\u00f3n, Docentes y Acad\u00e9micos\/as (CDA), para atender de manera individual a quienes requieren una primera acogida psicol\u00f3gica, [&hellip;]","og_url":"https:\/\/www.uoh.cl\/salud-mental\/servicios\/apoyo-psicologico-a-la-comunidad\/","og_site_name":"Direcci\u00f3n de Salud Mental","article_modified_time":"2023-06-20T21:19:54+00:00","twitter_card":"summary_large_image","twitter_misc":{"Tiempo estimado de lectura":"2 minutos"},"schema":{"@context":"https:\/\/schema.org","@graph":[{"@type":"WebPage","@id":"https:\/\/www.uoh.cl\/salud-mental\/servicios\/apoyo-psicologico-a-la-comunidad\/","url":"https:\/\/www.uoh.cl\/salud-mental\/servicios\/apoyo-psicologico-a-la-comunidad\/","name":"Apoyo Psicol\u00f3gico a la Comunidad - Direcci\u00f3n de Salud Mental","isPartOf":{"@id":"https:\/\/www.uoh.cl\/salud-mental\/#website"},"datePublished":"2023-06-15T17:22:28+00:00","dateModified":"2023-06-20T21:19:54+00:00","breadcrumb":{"@id":"https:\/\/www.uoh.cl\/salud-mental\/servicios\/apoyo-psicologico-a-la-comunidad\/#breadcrumb"},"inLanguage":"es-CL","potentialAction":[{"@type":"ReadAction","target":["https:\/\/www.uoh.cl\/salud-mental\/servicios\/apoyo-psicologico-a-la-comunidad\/"]}]},{"@type":"BreadcrumbList","@id":"https:\/\/www.uoh.cl\/salud-mental\/servicios\/apoyo-psicologico-a-la-comunidad\/#breadcrumb","itemListElement":[{"@type":"ListItem","position":1,"name":"Portada","item":"https:\/\/www.uoh.cl\/salud-mental\/"},{"@type":"ListItem","position":2,"name":"Servicios","item":"https:\/\/www.uoh.cl\/salud-mental\/servicios\/"},{"@type":"ListItem","position":3,"name":"Apoyo Psicol\u00f3gico a la Comunidad"}]},{"@type":"WebSite","@id":"https:\/\/www.uoh.cl\/salud-mental\/#website","url":"https:\/\/www.uoh.cl\/salud-mental\/","name":"Direcci\u00f3n de Salud Mental","description":"","potentialAction":[{"@type":"SearchAction","target":{"@type":"EntryPoint","urlTemplate":"https:\/\/www.uoh.cl\/salud-mental\/?s={search_term_string}"},"query-input":{"@type":"PropertyValueSpecification","valueRequired":true,"valueName":"search_term_string"}}],"inLanguage":"es-CL"}]}},"_links":{"self":[{"href":"https:\/\/www.uoh.cl\/salud-mental\/wp-json\/wp\/v2\/pages\/106","targetHints":{"allow":["GET"]}}],"collection":[{"href":"https:\/\/www.uoh.cl\/salud-mental\/wp-json\/wp\/v2\/pages"}],"about":[{"href":"https:\/\/www.uoh.cl\/salud-mental\/wp-json\/wp\/v2\/types\/page"}],"author":[{"embeddable":true,"href":"https:\/\/www.uoh.cl\/salud-mental\/wp-json\/wp\/v2\/users\/6"}],"replies":[{"embeddable":true,"href":"https:\/\/www.uoh.cl\/salud-mental\/wp-json\/wp\/v2\/comments?post=106"}],"version-history":[{"count":7,"href":"https:\/\/www.uoh.cl\/salud-mental\/wp-json\/wp\/v2\/pages\/106\/revisions"}],"predecessor-version":[{"id":291,"href":"https:\/\/www.uoh.cl\/salud-mental\/wp-json\/wp\/v2\/pages\/106\/revisions\/291"}],"up":[{"embeddable":true,"href":"https:\/\/www.uoh.cl\/salud-mental\/wp-json\/wp\/v2\/pages\/16"}],"wp:attachment":[{"href":"https:\/\/www.uoh.cl\/salud-mental\/wp-json\/wp\/v2\/media?parent=106"}],"curies":[{"name":"wp","href":"https:\/\/api.w.org\/{rel}","templated":true}]}}