
{"id":104,"date":"2023-06-15T14:22:07","date_gmt":"2023-06-15T17:22:07","guid":{"rendered":"https:\/\/www.uoh.cl\/salud-mental\/?page_id=104"},"modified":"2023-06-22T10:48:25","modified_gmt":"2023-06-22T13:48:25","slug":"promocion-y-prevencion","status":"publish","type":"page","link":"https:\/\/www.uoh.cl\/salud-mental\/servicios\/promocion-y-prevencion\/","title":{"rendered":"Promoci\u00f3n y Prevenci\u00f3n"},"content":{"rendered":"<div class=\"wpb-content-wrapper\"><p>[vc_row][vc_column]<div class=\"uoh_slider_featured_component component__featured-slide row mx-auto col-12 m-0 align-items-center position-relative lazyload\" style=\" background:inherit\" data-bg=\"url(https:\/\/www.uoh.cl\/salud-mental\/wp-content\/uploads\/sites\/47\/2023\/06\/Promocion_y_Prevencion_oficial1.jpg)\"><div class=\"caption--degrade\"><svg  xmlns=\"http:\/\/www.w3.org\/2000\/svg\" xmlns:xlink=\"http:\/\/www.w3.org\/1999\/xlink\" width=\"1061px\" height=\"539px\"><defs><linearGradient id=\"PSgrad_0\" x1=\"0%\" x2=\"64.279%\" y1=\"76.604%\" y2=\"0%\"><stop offset=\"0%\" stop-color=\"rgb(66,160,248)\" stop-opacity=\"1\" \/><stop offset=\"100%\" stop-color=\"rgb(66,160,248)\" stop-opacity=\"0\" \/><\/linearGradient><\/defs><path fill-rule=\"evenodd\"  fill=\"none\" d=\"M311.000,515.000 C311.000,515.000 211.039,468.555 132.000,357.000 C21.864,201.555 -4.306,4.695 1.000,0.000 L196.000,0.000 L811.000,0.000 L1061.000,0.000 C1061.000,0.000 851.535,430.030 546.000,521.000 C402.674,563.674 311.000,515.000 311.000,515.000 Z\"\/> <path fill=\"url(#PSgrad_0)\"d=\"M311.000,515.000 C311.000,515.000 211.039,468.555 132.000,357.000 C21.864,201.555 -4.306,4.695 1.000,0.000 L196.000,0.000 L811.000,0.000 L1061.000,0.000 C1061.000,0.000 851.535,430.030 546.000,521.000 C402.674,563.674 311.000,515.000 311.000,515.000 Z\"\/><\/svg><\/div><div class=\"caption--quote\"><svg xmlns=\"http:\/\/www.w3.org\/2000\/svg\" xmlns:xlink=\"http:\/\/www.w3.org\/1999\/xlink\"width=\"226px\" height=\"273px\"><defs><linearGradient id=\"PSgrad_0\" x1=\"71.934%\" x2=\"0%\" y1=\"69.466%\" y2=\"0%\"><stop offset=\"0%\" stop-color=\"rgb(66,160,248)\" stop-opacity=\"0.49\" \/><stop offset=\"100%\" stop-color=\"rgb(66,160,248)\" stop-opacity=\"0\" \/><\/linearGradient><\/defs><path fill-rule=\"evenodd\"  fill=\"none\" d=\"M-0.000,273.000 L174.000,273.000 C174.000,273.000 226.000,266.268 226.000,221.000 C226.000,175.732 226.000,-0.000 226.000,-0.000 C226.000,-0.000 24.577,71.878 -0.000,273.000 Z\"\/><path fill=\"url(#PSgrad_0)\"d=\"M-0.000,273.000 L174.000,273.000 C174.000,273.000 226.000,266.268 226.000,221.000 C226.000,175.732 226.000,-0.000 226.000,-0.000 C226.000,-0.000 24.577,71.878 -0.000,273.000 Z\"\/><\/svg><\/div><div class=\"my-uoh_slider_featured_component container mx-auto p-md-0\" ><div class=\"content component__featured-slide-content container row mx-auto aling-items-center p-0\"><h1 class=\"p-0 featured-slide title\"  style=\"\"><em><\/em>Promoci\u00f3n y Prevenci\u00f3n<\/h1><ul class=\"breadcrumb breadcrumb-list\"><li><a href=\"https:\/\/www.uoh.cl\/salud-mental\">Inicio<\/a><\/li><li><span class=\"separator\"><?xml version=\"1.0\" ?><svg viewBox=\"0 0 96 96\" xmlns=\"http:\/\/www.w3.org\/2000\/svg\"><title\/><path d=\"M39.3756,48.0022l30.47-25.39a6.0035,6.0035,0,0,0-7.6878-9.223L26.1563,43.3906a6.0092,6.0092,0,0,0,0,9.2231L62.1578,82.615a6.0035,6.0035,0,0,0,7.6878-9.2231Z\"\/><\/svg><\/span><\/li><li><a href=\"\"><\/a><\/li><li>Promoci\u00f3n y Prevenci\u00f3n<\/li><\/ul><\/div><span><\/span><\/div><\/div>[\/vc_column][\/vc_row][vc_section el_class=&#8221;container mx-auto align-items-center circle&#8211;pattern pb-5&#8243; css=&#8221;.vc_custom_1687296092119{padding-top: 3rem !important;}&#8221;][vc_row el_class=&#8221;mb-5&#8243;][vc_column][vc_wp_custommenu nav_menu=&#8221;2&#8243;]<div class=\"uoh_title_component-container\"><h1 class=\"title title--ms d-inline-block title--decorator  big\">Promoci\u00f3n y Prevenci\u00f3n<\/h1><\/div>[vc_column_text]La Universidad de O\u2019Higgins desde sus inicios asume el compromiso de trabajar y desarrollar programas y pol\u00edticas orientadas a la promoci\u00f3n de la salud dentro de los espacios universitarios, raz\u00f3n por la cual forma parte de la Red de Universidades Promotoras de la Salud, la cual est\u00e1 conformada por Universidades Chilenas P\u00fablicas y Privadas cuyo objetivo central es posicionar la promoci\u00f3n de salud como un eje prioritario. As\u00ed mismo, la Direcci\u00f3n de Salud Mental de la UOH, visualiza no s\u00f3lo la promoci\u00f3n sino tambi\u00e9n la prevenci\u00f3n de salud mental como lineamientos centrales dentro de sus objetivos de trabajo. Algunas estrategias que se han puesto en acci\u00f3n son:[\/vc_column_text][\/vc_column][\/vc_row][\/vc_section][vc_section el_class=&#8221;pt-md-5 pb-5&#8243; css=&#8221;.vc_custom_1687296111127{background-color: #f6faff !important;}&#8221;][vc_row el_class=&#8221;container mx-auto align-items-center pb-5&#8243;][vc_column el_class=&#8221;p-0&#8243;]<div class=\"uoh_title_component-container\"><h2 class=\"title title--ms d-inline-block title--decorator  medium\">Promoci\u00f3n de Salud Mental:<\/h2><\/div>[vc_column_text]<\/p>\n<p class=\"format-text\"><u><a href=\"https:\/\/www.instagram.com\/uoh360\/\"><strong>UOH360<\/strong><\/a>:<\/u> Creaci\u00f3n de una iniciativa que busca velar por el bienestar de la comunidad universitaria a trav\u00e9s de la generaci\u00f3n de contenidos y recursos digitales amigables en tem\u00e1ticas de salud mental, disponibles en cuenta de Instagram.<\/p>\n<p class=\"format-text\"><u><strong>Feria de la Salud Integral UOH:<\/strong><\/u> Participaci\u00f3n activa en la Feria de la Salud Integral UOH, instancia anual que busca acercar la promoci\u00f3n de la salud en sus distintas \u00e1reas a la comunidad, poniendo como una de sus tem\u00e1ticas centrales la Salud Mental a trav\u00e9s de stands, charlas, concursos y distintas actividades<\/p>\n<p class=\"format-text\"><u><strong>Stands \u201cDate un Momento para tu Bienestar\u201d:<\/strong><\/u> Instancias en ambos campus en los cuales se realiza difusi\u00f3n en promoci\u00f3n de la salud mental junto a distintas actividades tem\u00e1ticas. Entre ellas, estrategias para el manejo de la ansiedad, canoterapia, aplicaci\u00f3n de cuestionarios para saber c\u00f3mo est\u00e1 tu salud mental, consejer\u00eda, inscripci\u00f3n a talleres, entre otras.<\/p>\n<p class=\"format-text\"><u><a class=\"\" href=\"https:\/\/www.uoh.cl\/salud-mental\/servicios\/tutores\/\"><strong>Tutores Pares de Salud Mental:<\/strong><\/a><\/u> La participaci\u00f3n de la comunidad es importante, es por ello que desde el a\u00f1o 2019 se trabaja con Tutores Pares Promotores de Salud Mental quienes de forma activa generan contenidos, son capacitados en tem\u00e1ticas de salud mental y aportan construyendo distintas instancias en pos de la salud mental de toda la comunidad.<\/p>\n<p>[\/vc_column_text][\/vc_column][\/vc_row][vc_row el_class=&#8221;container mx-auto align-items-center&#8221;][vc_column el_class=&#8221;p-0&#8243;]<div class=\"uoh_title_component-container\"><h2 class=\"title title--ms d-inline-block title--decorator  medium\">Prevenci\u00f3n en Salud Mental:<\/h2><\/div>[vc_column_text]<\/p>\n<p class=\"format-text\"><u><a class=\"\" href=\"https:\/\/www.uoh.cl\/salud-mental\/servicios\/talleres\/\"><strong>Talleres tem\u00e1ticos:<\/strong><\/a><\/u> Desde los inicios de la universidad, se ha contado con distintos talleres impartidos por la Unidad de Apoyo Psicol\u00f3gico, en tem\u00e1ticas de salud mental. Actualmente se cuenta con talleres abiertos a toda la comunidad universitaria, los cuales son impartidos todo el a\u00f1o. Algunas tem\u00e1ticas son: Organizaci\u00f3n del tiempo, Manejo de la ansiedad, C\u00f3mo cuido mi \u00e1nimo, Estrategias para las crisis de ansiedad, Relaciones Interpersonales y Comunicaci\u00f3n Asertiva.<\/p>\n<p class=\"format-text\"><u><a class=\" \" href=\"https:\/\/www.uoh.cl\/salud-mental\/cuidemonos\/\"><strong>Prevenci\u00f3n del Suicidio:<\/strong><\/a><\/u> Implica un trabajo activo de sensibilizaci\u00f3n con la comunidad a trav\u00e9s de contenidos, socializaci\u00f3n de canales de ayuda, capacitaci\u00f3n del equipo de la Direcci\u00f3n de Salud Mental y la Unidad de Salud en la adecuada detecci\u00f3n y tratamiento. As\u00ed tambi\u00e9n, el trabajo con Facilitadores Comunitarios, quienes son personas que est\u00e1n en contacto con la comunidad y que podr\u00edan dar una primera respuesta, activando la red interna para que la persona acceda a la informaci\u00f3n y los cuidados que necesita, adem\u00e1s de la articulaci\u00f3n con la red regional de salud para permitir acceso a tratamiento especializado.<\/p>\n<p class=\"format-text\"><u><a class=\"\" href=\"https:\/\/www.uoh.cl\/salud-mental\/cuidemonos\/\"><strong>Prevenci\u00f3n del consumo problem\u00e1tico:<\/strong><\/a><\/u> Implica la generaci\u00f3n de contenidos que ayuden en la promoci\u00f3n de factores protectores de salud y la prevenci\u00f3n del consumo problem\u00e1tico de alcohol y drogas. Tambi\u00e9n se ha incorporado un CFG \u201cPrevenci\u00f3n de Drogas y Proyecto de Vida\u201d el cual es dictado en colaboraci\u00f3n con el SENDA, la capacitaci\u00f3n a los Tutores de Salud Mental en torno al tema y la incorporaci\u00f3n de instrumentos de medici\u00f3n para la comunidad estudiantil.<\/p>\n<p class=\"format-text\"><u><strong>Cursos CFG:<\/strong><\/u> La creaci\u00f3n de cursos de formaci\u00f3n general que incluyan en sus lineamientos estrategias en pos del bienestar, fortaleciendo los factores protectores y habilidades de cada estudiante. Se cuenta actualmente con el curso \u201cAdquisici\u00f3n de Habilidades para el Bienestar Personal\u201d y \u201cPrevenci\u00f3n de Drogas y Proyecto de Vida\u201d los cuales son impartidos por profesionales de la Direcci\u00f3n de Salud Mental.<\/p>\n<p>[\/vc_column_text][\/vc_column][\/vc_row][\/vc_section][vc_section css=&#8221;.vc_custom_1687282291050{background-color: #03122e !important;}&#8221; el_class=&#8221;p-md-0 pt-md-5 pb-md-5 text-white&#8221; el_id=&#8221;footer_sm&#8221;][vc_row el_class=&#8221;container mx-auto align-items-center&#8221;][vc_column width=&#8221;1\/6&#8243;][vc_single_image image=&#8221;234&#8243; img_size=&#8221;full&#8221; alignment=&#8221;center&#8221; onclick=&#8221;custom_link&#8221; img_link_target=&#8221;_blank&#8221; link=&#8221;https:\/\/www.instagram.com\/uoh360\/&#8221;][\/vc_column][vc_column width=&#8221;4\/6&#8243;][\/vc_column][vc_column width=&#8221;1\/6&#8243;][vc_single_image image=&#8221;229&#8243; img_size=&#8221;large&#8221; alignment=&#8221;center&#8221; onclick=&#8221;custom_link&#8221; img_link_target=&#8221;_blank&#8221; link=&#8221;http:\/\/www.uoh.cl&#8221;][\/vc_column][\/vc_row][\/vc_section]<\/p>\n<\/div>","protected":false},"excerpt":{"rendered":"<p>[vc_row][vc_column][\/vc_column][\/vc_row][vc_section el_class=&#8221;container mx-auto align-items-center circle&#8211;pattern pb-5&#8243; css=&#8221;.vc_custom_1687296092119{padding-top: 3rem !important;}&#8221;][vc_row el_class=&#8221;mb-5&#8243;][vc_column][vc_wp_custommenu nav_menu=&#8221;2&#8243;][vc_column_text]La Universidad de O\u2019Higgins desde sus inicios asume el compromiso de trabajar y desarrollar programas y pol\u00edticas orientadas a la promoci\u00f3n de la salud dentro de los espacios universitarios, raz\u00f3n por la cual forma parte de la Red de Universidades Promotoras de la Salud, la [&hellip;]<\/p>\n","protected":false},"author":6,"featured_media":0,"parent":16,"menu_order":0,"comment_status":"closed","ping_status":"closed","template":"","meta":{"_acf_changed":false,"footnotes":""},"class_list":["post-104","page","type-page","status-publish","hentry"],"acf":[],"yoast_head":"<!-- This site is optimized with the Yoast SEO plugin v26.6 - https:\/\/yoast.com\/wordpress\/plugins\/seo\/ -->\n<title>Promoci\u00f3n y Prevenci\u00f3n - Direcci\u00f3n de Salud Mental<\/title>\n<meta name=\"robots\" content=\"index, follow, max-snippet:-1, max-image-preview:large, max-video-preview:-1\" \/>\n<link rel=\"canonical\" href=\"https:\/\/www.uoh.cl\/salud-mental\/servicios\/promocion-y-prevencion\/\" \/>\n<meta property=\"og:locale\" content=\"es_ES\" \/>\n<meta property=\"og:type\" content=\"article\" \/>\n<meta property=\"og:title\" content=\"Promoci\u00f3n y Prevenci\u00f3n - Direcci\u00f3n de Salud Mental\" \/>\n<meta property=\"og:description\" content=\"[vc_row][vc_column][\/vc_column][\/vc_row][vc_section el_class=&#8221;container mx-auto align-items-center circle&#8211;pattern pb-5&#8243; css=&#8221;.vc_custom_1687296092119{padding-top: 3rem !important;}&#8221;][vc_row el_class=&#8221;mb-5&#8243;][vc_column][vc_wp_custommenu nav_menu=&#8221;2&#8243;][vc_column_text]La Universidad de O\u2019Higgins desde sus inicios asume el compromiso de trabajar y desarrollar programas y pol\u00edticas orientadas a la promoci\u00f3n de la salud dentro de los espacios universitarios, raz\u00f3n por la cual forma parte de la Red de Universidades Promotoras de la Salud, la [&hellip;]\" \/>\n<meta property=\"og:url\" content=\"https:\/\/www.uoh.cl\/salud-mental\/servicios\/promocion-y-prevencion\/\" \/>\n<meta property=\"og:site_name\" content=\"Direcci\u00f3n de Salud Mental\" \/>\n<meta property=\"article:modified_time\" content=\"2023-06-22T13:48:25+00:00\" \/>\n<meta name=\"twitter:card\" content=\"summary_large_image\" \/>\n<meta name=\"twitter:label1\" content=\"Tiempo estimado de lectura\" \/>\n\t<meta name=\"twitter:data1\" content=\"4 minutos\" \/>\n<script type=\"application\/ld+json\" class=\"yoast-schema-graph\">{\"@context\":\"https:\/\/schema.org\",\"@graph\":[{\"@type\":\"WebPage\",\"@id\":\"https:\/\/www.uoh.cl\/salud-mental\/servicios\/promocion-y-prevencion\/\",\"url\":\"https:\/\/www.uoh.cl\/salud-mental\/servicios\/promocion-y-prevencion\/\",\"name\":\"Promoci\u00f3n y Prevenci\u00f3n - Direcci\u00f3n de Salud Mental\",\"isPartOf\":{\"@id\":\"https:\/\/www.uoh.cl\/salud-mental\/#website\"},\"datePublished\":\"2023-06-15T17:22:07+00:00\",\"dateModified\":\"2023-06-22T13:48:25+00:00\",\"breadcrumb\":{\"@id\":\"https:\/\/www.uoh.cl\/salud-mental\/servicios\/promocion-y-prevencion\/#breadcrumb\"},\"inLanguage\":\"es-CL\",\"potentialAction\":[{\"@type\":\"ReadAction\",\"target\":[\"https:\/\/www.uoh.cl\/salud-mental\/servicios\/promocion-y-prevencion\/\"]}]},{\"@type\":\"BreadcrumbList\",\"@id\":\"https:\/\/www.uoh.cl\/salud-mental\/servicios\/promocion-y-prevencion\/#breadcrumb\",\"itemListElement\":[{\"@type\":\"ListItem\",\"position\":1,\"name\":\"Portada\",\"item\":\"https:\/\/www.uoh.cl\/salud-mental\/\"},{\"@type\":\"ListItem\",\"position\":2,\"name\":\"Servicios\",\"item\":\"https:\/\/www.uoh.cl\/salud-mental\/servicios\/\"},{\"@type\":\"ListItem\",\"position\":3,\"name\":\"Promoci\u00f3n y Prevenci\u00f3n\"}]},{\"@type\":\"WebSite\",\"@id\":\"https:\/\/www.uoh.cl\/salud-mental\/#website\",\"url\":\"https:\/\/www.uoh.cl\/salud-mental\/\",\"name\":\"Direcci\u00f3n de Salud Mental\",\"description\":\"\",\"potentialAction\":[{\"@type\":\"SearchAction\",\"target\":{\"@type\":\"EntryPoint\",\"urlTemplate\":\"https:\/\/www.uoh.cl\/salud-mental\/?s={search_term_string}\"},\"query-input\":{\"@type\":\"PropertyValueSpecification\",\"valueRequired\":true,\"valueName\":\"search_term_string\"}}],\"inLanguage\":\"es-CL\"}]}<\/script>\n<!-- \/ Yoast SEO plugin. -->","yoast_head_json":{"title":"Promoci\u00f3n y Prevenci\u00f3n - Direcci\u00f3n de Salud Mental","robots":{"index":"index","follow":"follow","max-snippet":"max-snippet:-1","max-image-preview":"max-image-preview:large","max-video-preview":"max-video-preview:-1"},"canonical":"https:\/\/www.uoh.cl\/salud-mental\/servicios\/promocion-y-prevencion\/","og_locale":"es_ES","og_type":"article","og_title":"Promoci\u00f3n y Prevenci\u00f3n - Direcci\u00f3n de Salud Mental","og_description":"[vc_row][vc_column][\/vc_column][\/vc_row][vc_section el_class=&#8221;container mx-auto align-items-center circle&#8211;pattern pb-5&#8243; css=&#8221;.vc_custom_1687296092119{padding-top: 3rem !important;}&#8221;][vc_row el_class=&#8221;mb-5&#8243;][vc_column][vc_wp_custommenu nav_menu=&#8221;2&#8243;][vc_column_text]La Universidad de O\u2019Higgins desde sus inicios asume el compromiso de trabajar y desarrollar programas y pol\u00edticas orientadas a la promoci\u00f3n de la salud dentro de los espacios universitarios, raz\u00f3n por la cual forma parte de la Red de Universidades Promotoras de la Salud, la [&hellip;]","og_url":"https:\/\/www.uoh.cl\/salud-mental\/servicios\/promocion-y-prevencion\/","og_site_name":"Direcci\u00f3n de Salud Mental","article_modified_time":"2023-06-22T13:48:25+00:00","twitter_card":"summary_large_image","twitter_misc":{"Tiempo estimado de lectura":"4 minutos"},"schema":{"@context":"https:\/\/schema.org","@graph":[{"@type":"WebPage","@id":"https:\/\/www.uoh.cl\/salud-mental\/servicios\/promocion-y-prevencion\/","url":"https:\/\/www.uoh.cl\/salud-mental\/servicios\/promocion-y-prevencion\/","name":"Promoci\u00f3n y Prevenci\u00f3n - Direcci\u00f3n de Salud Mental","isPartOf":{"@id":"https:\/\/www.uoh.cl\/salud-mental\/#website"},"datePublished":"2023-06-15T17:22:07+00:00","dateModified":"2023-06-22T13:48:25+00:00","breadcrumb":{"@id":"https:\/\/www.uoh.cl\/salud-mental\/servicios\/promocion-y-prevencion\/#breadcrumb"},"inLanguage":"es-CL","potentialAction":[{"@type":"ReadAction","target":["https:\/\/www.uoh.cl\/salud-mental\/servicios\/promocion-y-prevencion\/"]}]},{"@type":"BreadcrumbList","@id":"https:\/\/www.uoh.cl\/salud-mental\/servicios\/promocion-y-prevencion\/#breadcrumb","itemListElement":[{"@type":"ListItem","position":1,"name":"Portada","item":"https:\/\/www.uoh.cl\/salud-mental\/"},{"@type":"ListItem","position":2,"name":"Servicios","item":"https:\/\/www.uoh.cl\/salud-mental\/servicios\/"},{"@type":"ListItem","position":3,"name":"Promoci\u00f3n y Prevenci\u00f3n"}]},{"@type":"WebSite","@id":"https:\/\/www.uoh.cl\/salud-mental\/#website","url":"https:\/\/www.uoh.cl\/salud-mental\/","name":"Direcci\u00f3n de Salud Mental","description":"","potentialAction":[{"@type":"SearchAction","target":{"@type":"EntryPoint","urlTemplate":"https:\/\/www.uoh.cl\/salud-mental\/?s={search_term_string}"},"query-input":{"@type":"PropertyValueSpecification","valueRequired":true,"valueName":"search_term_string"}}],"inLanguage":"es-CL"}]}},"_links":{"self":[{"href":"https:\/\/www.uoh.cl\/salud-mental\/wp-json\/wp\/v2\/pages\/104","targetHints":{"allow":["GET"]}}],"collection":[{"href":"https:\/\/www.uoh.cl\/salud-mental\/wp-json\/wp\/v2\/pages"}],"about":[{"href":"https:\/\/www.uoh.cl\/salud-mental\/wp-json\/wp\/v2\/types\/page"}],"author":[{"embeddable":true,"href":"https:\/\/www.uoh.cl\/salud-mental\/wp-json\/wp\/v2\/users\/6"}],"replies":[{"embeddable":true,"href":"https:\/\/www.uoh.cl\/salud-mental\/wp-json\/wp\/v2\/comments?post=104"}],"version-history":[{"count":7,"href":"https:\/\/www.uoh.cl\/salud-mental\/wp-json\/wp\/v2\/pages\/104\/revisions"}],"predecessor-version":[{"id":325,"href":"https:\/\/www.uoh.cl\/salud-mental\/wp-json\/wp\/v2\/pages\/104\/revisions\/325"}],"up":[{"embeddable":true,"href":"https:\/\/www.uoh.cl\/salud-mental\/wp-json\/wp\/v2\/pages\/16"}],"wp:attachment":[{"href":"https:\/\/www.uoh.cl\/salud-mental\/wp-json\/wp\/v2\/media?parent=104"}],"curies":[{"name":"wp","href":"https:\/\/api.w.org\/{rel}","templated":true}]}}