
{"id":9795,"date":"2024-03-28T09:58:55","date_gmt":"2024-03-28T12:58:55","guid":{"rendered":"https:\/\/www.uoh.cl\/investigacion\/comite-etico-cientifico-2\/"},"modified":"2026-04-17T15:56:15","modified_gmt":"2026-04-17T18:56:15","slug":"calendario-anual-de-reuniones-del-comite-etico-cientifico","status":"publish","type":"page","link":"https:\/\/www.uoh.cl\/investigacion\/calendario-anual-de-reuniones-del-comite-etico-cientifico\/","title":{"rendered":"Calendario Anual de Reuniones del Comit\u00e9 \u00c9tico Cient\u00edfico A\u00f1o Acad\u00e9mico 2026"},"content":{"rendered":"<div class=\"wpb-content-wrapper\"><p>[vc_row][vc_column][\/vc_column][\/vc_row][vc_section el_class=&#8221;container mx-auto align-items-center circle&#8211;pattern&#8221; css=&#8221;.vc_custom_1673376350950{padding-top: 3rem !important;}&#8221;][vc_row el_class=&#8221;pb-5&#8243;][vc_column][vc_wp_custommenu nav_menu=&#8221;5&#8243;]<div class=\"breadcrumb\"><ol itemscope itemtype=\"https:\/\/schema.org\/BreadcrumbList\"><li itemprop=\"itemListElement\" itemscope itemtype=\"https:\/\/schema.org\/ListItem\"><a itemprop=\"item\" href=\"http:\/\/www.uoh.cl\"><span itemprop=\"name\">Inicio<\/span><\/a><meta itemprop=\"position\" content=\"1\" \/><li itemprop=\"itemListElement\" itemscope itemtype=\"https:\/\/schema.org\/ListItem\"><a itemprop=\"item\" href=\"https:\/\/www.uoh.cl\/investigacion\"><span itemprop=\"name\">Investigaci\u00f3n<\/span><\/a><meta itemprop=\"position\" content=\"2\" \/><li itemprop=\"itemListElement\" itemscope itemtype=\"https:\/\/schema.org\/ListItem\"><span itemprop=\"name\">Calendario Anual de Reuniones del Comit\u00e9 \u00c9tico Cient\u00edfico A\u00f1o Acad\u00e9mico <\/span><meta itemprop=\"position\" content=\"3\" \/><\/ol><\/div><div class=\"uoh_title_component-container\"><h1 class=\"title title--ms d-inline-block title--decorator  big\">Calendario Anual de Reuniones del Comit\u00e9 \u00c9tico Cient\u00edfico A\u00f1o Acad\u00e9mico 2026<\/h1><\/div>[vc_row_inner][vc_column_inner width=&#8221;5\/6&#8243;][vc_column_text css=&#8221;&#8221; el_class=&#8221;mb-3&#8243;]<\/p>\n<table>\n<tbody>\n<tr>\n<td width=\"283\"><strong>MES <\/strong><\/td>\n<td width=\"283\"><strong>D\u00cdA<\/strong><\/td>\n<\/tr>\n<tr>\n<td width=\"283\"><strong>Marzo<\/strong><\/td>\n<td class=\"fw-normal\">Mi\u00e9rcoles 11<\/p>\n<p>Mi\u00e9rcoles 25<\/td>\n<\/tr>\n<tr>\n<td width=\"283\"><strong>Abril <\/strong><\/td>\n<td class=\"fw-normal\">Mi\u00e9rcoles 15<\/p>\n<p>Mi\u00e9rcoles 29<\/td>\n<\/tr>\n<tr>\n<td width=\"283\"><strong>Mayo <\/strong><\/td>\n<td class=\"fw-normal\">Mi\u00e9rcoles 13<\/p>\n<p>Mi\u00e9rcoles 27<\/td>\n<\/tr>\n<tr>\n<td width=\"283\"><strong>Junio<\/strong><\/p>\n<p>&nbsp;<\/td>\n<td class=\"fw-normal\">Mi\u00e9rcoles 10<\/p>\n<p>Mi\u00e9rcoles 24<\/td>\n<\/tr>\n<tr>\n<td width=\"283\"><strong>Julio <\/strong><\/p>\n<p>&nbsp;<\/td>\n<td class=\"fw-normal\">Mi\u00e9rcoles 08<\/p>\n<p>Mi\u00e9rcoles 22<\/td>\n<\/tr>\n<tr>\n<td width=\"283\"><strong>Agosto<\/strong><\/p>\n<p>&nbsp;<\/td>\n<td class=\"fw-normal\">Mi\u00e9rcoles 05<\/p>\n<p>Mi\u00e9rcoles 19<\/td>\n<\/tr>\n<tr>\n<td width=\"283\"><strong>Septiembre<\/strong><\/p>\n<p>&nbsp;<\/td>\n<td class=\"fw-normal\">Mi\u00e9rcoles 02<\/p>\n<p>Mi\u00e9rcoles 16<\/p>\n<p>Mi\u00e9rcoles 30<\/td>\n<\/tr>\n<tr>\n<td width=\"283\"><strong>Octubre<\/strong><\/p>\n<p>&nbsp;<\/td>\n<td class=\"fw-normal\">Mi\u00e9rcoles 14<\/p>\n<p>Mi\u00e9rcoles 28<\/td>\n<\/tr>\n<tr>\n<td width=\"283\"><strong>Noviembre<\/strong><\/p>\n<p>&nbsp;<\/td>\n<td class=\"fw-normal\">Mi\u00e9rcoles 11<\/p>\n<p>Mi\u00e9rcoles 25<\/td>\n<\/tr>\n<tr>\n<td width=\"283\"><strong>Diciembre <\/strong><\/p>\n<p>&nbsp;<\/td>\n<td class=\"fw-normal\">Mi\u00e9rcoles 09<\/p>\n<p>Mi\u00e9rcoles 23<\/td>\n<\/tr>\n<tr>\n<td width=\"283\"><strong>Enero<\/strong><\/p>\n<p>&nbsp;<\/td>\n<td class=\"fw-normal\">Mi\u00e9rcoles 06<\/p>\n<p>Mi\u00e9rcoles 20<\/td>\n<\/tr>\n<\/tbody>\n<\/table>\n<p>[\/vc_column_text][\/vc_column_inner][vc_column_inner width=&#8221;1\/6&#8243;]<link rel=\"stylesheet\" id=\"font-awesome-css\" href=\"https:\/\/cdnjs.cloudflare.com\/ajax\/libs\/font-awesome\/6.5.1\/css\/all.min.css\" type=\"text\/css\" media=\"all\"><div class=\"box-container__icon circle--pattern overflow-hidden\" style=\"border: 2px solid #42a0f8;\"><figure><i class=\"fa-5x fas fa-file-alt\" style=\"color: #42a0f8;\"><\/i><figcaption class=\"uoh_row my-2 align-items-center\">\n                        <div class=\"\"><h5 class=\"title__caption mb-3\" style=\"color: #42a0f8;\">Formularios CEC<\/h5><div class=\"mb-2\"> <p>Aqu\u00ed podr\u00e1s encontrar:<br \/>\n* Asentimiento Informado.<br \/>\n* Carta de Autorizaci\u00f3n.<br \/>\n* Procedimiento para solicitar revisi\u00f3n de protocolos y\/o proyectos<br \/>\nY m\u00e1s.<\/p><\/div><a class=\"link link link--bold component__btn-content mt-2 text-regional\" href=\"https:\/\/www.uoh.cl\/investigacion\/comite-etico-cientifico\/#formularios-cec\" title=\"\"> Saber m\u00e1s <span class=\"icon icon--inline icon--link\"><svg version=\"1.1\" xmlns=\"http:\/\/www.w3.org\/2000\/svg\" xmlns:xlink=\"http:\/\/www.w3.org\/1999\/xlink\" x=\"0px\" y=\"0px\" width=\"22px\"height=\"22px\" viewBox=\"0 0 22 22\" style=\"overflow:visible;enable-background:new 0 0 80 64.6;\" xml:space=\"preserve\"><g clip-path=\"url(#acA)\"><path fill-rule=\"evenodd\" d=\"M21.913 11.266a.93.93 0 000-.711c-.022-.056-.063-.097-.091-.144s-.053-.103-.097-.15L12.306.294c-.357-.379-.955-.394-1.334-.038s-.394.955-.038 1.334l7.917 8.374H.927a.95.95 0 00-.908.983.946.946 0 00.908.908h17.924l-8.089 8.552c-.357.379-.341.977.034 1.334s.977.341 1.334-.034l9.594-10.148c.044-.044.063-.1.097-.15.028-.047.069-.088.091-.141z\"\/><\/g><defs><clipPath id=\"acA\"><path fill=\"#fff\" d=\"M0 0h22v22H0z\"\/><\/clipPath><\/defs><\/svg><\/span><\/a><\/a><\/div> <\/figcaption><\/figure><\/div>[\/vc_column_inner][\/vc_row_inner][\/vc_column][\/vc_row][\/vc_section]<\/p>\n<\/div>","protected":false},"excerpt":{"rendered":"<p>[vc_row][vc_column][\/vc_column][\/vc_row][vc_section el_class=&#8221;container mx-auto align-items-center circle&#8211;pattern&#8221; css=&#8221;.vc_custom_1673376350950{padding-top: 3rem !important;}&#8221;][vc_row el_class=&#8221;pb-5&#8243;][vc_column][vc_wp_custommenu nav_menu=&#8221;5&#8243;][vc_row_inner][vc_column_inner width=&#8221;5\/6&#8243;][vc_column_text css=&#8221;&#8221; el_class=&#8221;mb-3&#8243;] MES D\u00cdA Marzo Mi\u00e9rcoles 11 Mi\u00e9rcoles 25 Abril Mi\u00e9rcoles 15 Mi\u00e9rcoles 29 Mayo Mi\u00e9rcoles 13 Mi\u00e9rcoles 27 Junio &nbsp; Mi\u00e9rcoles 10 Mi\u00e9rcoles 24 Julio &nbsp; Mi\u00e9rcoles 08 Mi\u00e9rcoles 22 Agosto &nbsp; Mi\u00e9rcoles 05 Mi\u00e9rcoles 19 Septiembre &nbsp; Mi\u00e9rcoles 02 Mi\u00e9rcoles 16 Mi\u00e9rcoles [&hellip;]<\/p>\n","protected":false},"author":23,"featured_media":0,"parent":0,"menu_order":0,"comment_status":"closed","ping_status":"closed","template":"","meta":{"_acf_changed":false,"footnotes":""},"class_list":["post-9795","page","type-page","status-publish","hentry"],"acf":[],"yoast_head":"<!-- This site is optimized with the Yoast SEO plugin v26.6 - https:\/\/yoast.com\/wordpress\/plugins\/seo\/ -->\n<title>Calendario Anual de Reuniones del Comit\u00e9 \u00c9tico Cient\u00edfico A\u00f1o Acad\u00e9mico 2026 - Investigaci\u00f3n<\/title>\n<meta name=\"robots\" content=\"index, follow, max-snippet:-1, max-image-preview:large, max-video-preview:-1\" \/>\n<link rel=\"canonical\" href=\"https:\/\/www.uoh.cl\/investigacion\/calendario-anual-de-reuniones-del-comite-etico-cientifico\/\" \/>\n<meta property=\"og:locale\" content=\"es_ES\" \/>\n<meta property=\"og:type\" content=\"article\" \/>\n<meta property=\"og:title\" content=\"Calendario Anual de Reuniones del Comit\u00e9 \u00c9tico Cient\u00edfico A\u00f1o Acad\u00e9mico 2026 - Investigaci\u00f3n\" \/>\n<meta property=\"og:description\" content=\"[vc_row][vc_column][\/vc_column][\/vc_row][vc_section el_class=&#8221;container mx-auto align-items-center circle&#8211;pattern&#8221; css=&#8221;.vc_custom_1673376350950{padding-top: 3rem !important;}&#8221;][vc_row el_class=&#8221;pb-5&#8243;][vc_column][vc_wp_custommenu nav_menu=&#8221;5&#8243;][vc_row_inner][vc_column_inner width=&#8221;5\/6&#8243;][vc_column_text css=&#8221;&#8221; el_class=&#8221;mb-3&#8243;] MES D\u00cdA Marzo Mi\u00e9rcoles 11 Mi\u00e9rcoles 25 Abril Mi\u00e9rcoles 15 Mi\u00e9rcoles 29 Mayo Mi\u00e9rcoles 13 Mi\u00e9rcoles 27 Junio &nbsp; Mi\u00e9rcoles 10 Mi\u00e9rcoles 24 Julio &nbsp; Mi\u00e9rcoles 08 Mi\u00e9rcoles 22 Agosto &nbsp; Mi\u00e9rcoles 05 Mi\u00e9rcoles 19 Septiembre &nbsp; Mi\u00e9rcoles 02 Mi\u00e9rcoles 16 Mi\u00e9rcoles [&hellip;]\" \/>\n<meta property=\"og:url\" content=\"https:\/\/www.uoh.cl\/investigacion\/calendario-anual-de-reuniones-del-comite-etico-cientifico\/\" \/>\n<meta property=\"og:site_name\" content=\"Investigaci\u00f3n\" \/>\n<meta property=\"article:modified_time\" content=\"2026-04-17T18:56:15+00:00\" \/>\n<meta name=\"twitter:card\" content=\"summary_large_image\" \/>\n<meta name=\"twitter:label1\" content=\"Tiempo estimado de lectura\" \/>\n\t<meta name=\"twitter:data1\" content=\"1 minuto\" \/>\n<script type=\"application\/ld+json\" class=\"yoast-schema-graph\">{\"@context\":\"https:\/\/schema.org\",\"@graph\":[{\"@type\":\"WebPage\",\"@id\":\"https:\/\/www.uoh.cl\/investigacion\/calendario-anual-de-reuniones-del-comite-etico-cientifico\/\",\"url\":\"https:\/\/www.uoh.cl\/investigacion\/calendario-anual-de-reuniones-del-comite-etico-cientifico\/\",\"name\":\"Calendario Anual de Reuniones del Comit\u00e9 \u00c9tico Cient\u00edfico A\u00f1o Acad\u00e9mico 2026 - Investigaci\u00f3n\",\"isPartOf\":{\"@id\":\"https:\/\/www.uoh.cl\/investigacion\/#website\"},\"datePublished\":\"2024-03-28T12:58:55+00:00\",\"dateModified\":\"2026-04-17T18:56:15+00:00\",\"inLanguage\":\"es-CL\",\"potentialAction\":[{\"@type\":\"ReadAction\",\"target\":[\"https:\/\/www.uoh.cl\/investigacion\/calendario-anual-de-reuniones-del-comite-etico-cientifico\/\"]}]},{\"@type\":\"WebSite\",\"@id\":\"https:\/\/www.uoh.cl\/investigacion\/#website\",\"url\":\"https:\/\/www.uoh.cl\/investigacion\/\",\"name\":\"Investigaci\u00f3n\",\"description\":\"Sitio web de investigaci\u00f3n\",\"potentialAction\":[{\"@type\":\"SearchAction\",\"target\":{\"@type\":\"EntryPoint\",\"urlTemplate\":\"https:\/\/www.uoh.cl\/investigacion\/?s={search_term_string}\"},\"query-input\":{\"@type\":\"PropertyValueSpecification\",\"valueRequired\":true,\"valueName\":\"search_term_string\"}}],\"inLanguage\":\"es-CL\"}]}<\/script>\n<!-- \/ Yoast SEO plugin. -->","yoast_head_json":{"title":"Calendario Anual de Reuniones del Comit\u00e9 \u00c9tico Cient\u00edfico A\u00f1o Acad\u00e9mico 2026 - Investigaci\u00f3n","robots":{"index":"index","follow":"follow","max-snippet":"max-snippet:-1","max-image-preview":"max-image-preview:large","max-video-preview":"max-video-preview:-1"},"canonical":"https:\/\/www.uoh.cl\/investigacion\/calendario-anual-de-reuniones-del-comite-etico-cientifico\/","og_locale":"es_ES","og_type":"article","og_title":"Calendario Anual de Reuniones del Comit\u00e9 \u00c9tico Cient\u00edfico A\u00f1o Acad\u00e9mico 2026 - Investigaci\u00f3n","og_description":"[vc_row][vc_column][\/vc_column][\/vc_row][vc_section el_class=&#8221;container mx-auto align-items-center circle&#8211;pattern&#8221; css=&#8221;.vc_custom_1673376350950{padding-top: 3rem !important;}&#8221;][vc_row el_class=&#8221;pb-5&#8243;][vc_column][vc_wp_custommenu nav_menu=&#8221;5&#8243;][vc_row_inner][vc_column_inner width=&#8221;5\/6&#8243;][vc_column_text css=&#8221;&#8221; el_class=&#8221;mb-3&#8243;] MES D\u00cdA Marzo Mi\u00e9rcoles 11 Mi\u00e9rcoles 25 Abril Mi\u00e9rcoles 15 Mi\u00e9rcoles 29 Mayo Mi\u00e9rcoles 13 Mi\u00e9rcoles 27 Junio &nbsp; Mi\u00e9rcoles 10 Mi\u00e9rcoles 24 Julio &nbsp; Mi\u00e9rcoles 08 Mi\u00e9rcoles 22 Agosto &nbsp; Mi\u00e9rcoles 05 Mi\u00e9rcoles 19 Septiembre &nbsp; Mi\u00e9rcoles 02 Mi\u00e9rcoles 16 Mi\u00e9rcoles [&hellip;]","og_url":"https:\/\/www.uoh.cl\/investigacion\/calendario-anual-de-reuniones-del-comite-etico-cientifico\/","og_site_name":"Investigaci\u00f3n","article_modified_time":"2026-04-17T18:56:15+00:00","twitter_card":"summary_large_image","twitter_misc":{"Tiempo estimado de lectura":"1 minuto"},"schema":{"@context":"https:\/\/schema.org","@graph":[{"@type":"WebPage","@id":"https:\/\/www.uoh.cl\/investigacion\/calendario-anual-de-reuniones-del-comite-etico-cientifico\/","url":"https:\/\/www.uoh.cl\/investigacion\/calendario-anual-de-reuniones-del-comite-etico-cientifico\/","name":"Calendario Anual de Reuniones del Comit\u00e9 \u00c9tico Cient\u00edfico A\u00f1o Acad\u00e9mico 2026 - Investigaci\u00f3n","isPartOf":{"@id":"https:\/\/www.uoh.cl\/investigacion\/#website"},"datePublished":"2024-03-28T12:58:55+00:00","dateModified":"2026-04-17T18:56:15+00:00","inLanguage":"es-CL","potentialAction":[{"@type":"ReadAction","target":["https:\/\/www.uoh.cl\/investigacion\/calendario-anual-de-reuniones-del-comite-etico-cientifico\/"]}]},{"@type":"WebSite","@id":"https:\/\/www.uoh.cl\/investigacion\/#website","url":"https:\/\/www.uoh.cl\/investigacion\/","name":"Investigaci\u00f3n","description":"Sitio web de investigaci\u00f3n","potentialAction":[{"@type":"SearchAction","target":{"@type":"EntryPoint","urlTemplate":"https:\/\/www.uoh.cl\/investigacion\/?s={search_term_string}"},"query-input":{"@type":"PropertyValueSpecification","valueRequired":true,"valueName":"search_term_string"}}],"inLanguage":"es-CL"}]}},"_links":{"self":[{"href":"https:\/\/www.uoh.cl\/investigacion\/wp-json\/wp\/v2\/pages\/9795","targetHints":{"allow":["GET"]}}],"collection":[{"href":"https:\/\/www.uoh.cl\/investigacion\/wp-json\/wp\/v2\/pages"}],"about":[{"href":"https:\/\/www.uoh.cl\/investigacion\/wp-json\/wp\/v2\/types\/page"}],"author":[{"embeddable":true,"href":"https:\/\/www.uoh.cl\/investigacion\/wp-json\/wp\/v2\/users\/23"}],"replies":[{"embeddable":true,"href":"https:\/\/www.uoh.cl\/investigacion\/wp-json\/wp\/v2\/comments?post=9795"}],"version-history":[{"count":7,"href":"https:\/\/www.uoh.cl\/investigacion\/wp-json\/wp\/v2\/pages\/9795\/revisions"}],"predecessor-version":[{"id":25045,"href":"https:\/\/www.uoh.cl\/investigacion\/wp-json\/wp\/v2\/pages\/9795\/revisions\/25045"}],"wp:attachment":[{"href":"https:\/\/www.uoh.cl\/investigacion\/wp-json\/wp\/v2\/media?parent=9795"}],"curies":[{"name":"wp","href":"https:\/\/api.w.org\/{rel}","templated":true}]}}