
{"id":2879,"date":"2025-08-21T12:28:35","date_gmt":"2025-08-21T15:28:35","guid":{"rendered":"https:\/\/www.uoh.cl\/internacional\/?page_id=2879"},"modified":"2025-08-21T16:55:47","modified_gmt":"2025-08-21T19:55:47","slug":"jornada-global-japon","status":"publish","type":"page","link":"https:\/\/www.uoh.cl\/internacional\/semana-internacional\/jornada-global-japon\/","title":{"rendered":"Jornada Global: Jap\u00f3n"},"content":{"rendered":"<div class=\"wpb-content-wrapper\"><p>[vc_section el_class=&#8221;container mx-auto align-items-center circle&#8211;pattern&#8221; css=&#8221;.vc_custom_1648956589196{padding-top: 3rem !important;}&#8221;][vc_row el_class=&#8221;pb-5&#8243;][vc_column][vc_wp_custommenu nav_menu=&#8221;3&#8243;][vc_wp_custommenu nav_menu=&#8221;6&#8243;]<div class=\"uoh_title_component-container\"><h1 class=\"title title--ms d-inline-block title--decorator  big\">Jornada Global: Jap\u00f3n<\/h1><\/div>[vc_row_inner][vc_column_inner]<div class=\"uoh_title_component-container\"><h2 class=\"title title--ms d-inline-block title--decorator  medium\">Jueves 28 de agosto 2025<\/h2><\/div>[vc_column_text css=&#8221;&#8221;]Vive un encuentro con las tradiciones, el arte y la cultura japonesa. Desde el origami hasta el cine contempor\u00e1neo, la Jornada Global Jap\u00f3n es una invitaci\u00f3n a explorar un pa\u00eds fascinante sin salir de la UOH.<\/p>\n<p>Lee m\u00e1s abajo toda la informaci\u00f3n e inscr\u00edbete en las diversas actividades.[\/vc_column_text][vc_zigzag color=&#8221;white&#8221;][\/vc_column_inner][\/vc_row_inner][vc_row_inner][vc_column_inner width=&#8221;1\/4&#8243;][vc_single_image image=&#8221;2949&#8243; img_size=&#8221;200&#215;200&#8243; alignment=&#8221;right&#8221; style=&#8221;vc_box_rounded&#8221; css=&#8221;&#8221;][vc_zigzag color=&#8221;white&#8221;][\/vc_column_inner][vc_column_inner width=&#8221;3\/4&#8243;][vc_column_text css=&#8221;&#8221;]<\/p>\n<h3>Exposici\u00f3n de Bonsai<\/h3>\n<p>[\/vc_column_text][vc_zigzag color=&#8221;white&#8221;][vc_column_text css=&#8221;&#8221;]<strong>Desde 10.00 hrs. | Hall Edificio A, Campus Rancagua<\/strong>[\/vc_column_text][vc_zigzag color=&#8221;white&#8221;][vc_column_text css=&#8221;&#8221;]Marav\u00edllate con la delicadeza del arte japon\u00e9s del bons\u00e1i, una pr\u00e1ctica milenaria que combina naturaleza, paciencia y sensibilidad est\u00e9tica. Cada \u00e1rbol en miniatura refleja la b\u00fasqueda de equilibrio y armon\u00eda, invit\u00e1ndonos a contemplar la belleza del tiempo y la vida en una forma \u00fanica.[\/vc_column_text][vc_zigzag color=&#8221;white&#8221;][\/vc_column_inner][\/vc_row_inner][vc_zigzag color=&#8221;white&#8221;][vc_row_inner][vc_column_inner width=&#8221;1\/4&#8243;][vc_single_image image=&#8221;2940&#8243; img_size=&#8221;200&#215;200&#8243; alignment=&#8221;right&#8221; style=&#8221;vc_box_rounded&#8221; css=&#8221;&#8221;][vc_zigzag color=&#8221;white&#8221;][\/vc_column_inner][vc_column_inner width=&#8221;3\/4&#8243;][vc_column_text css=&#8221;&#8221;]<\/p>\n<h3>Muestra de Iaid\u014d\/J\u014dd\u014d<\/h3>\n<p>[\/vc_column_text][vc_zigzag color=&#8221;white&#8221;][vc_column_text css=&#8221;&#8221;]<strong>11:45 hrs. | Frontis Edificio B, Campus Rancagua<\/strong>[\/vc_column_text][vc_zigzag color=&#8221;white&#8221;][vc_column_text css=&#8221;&#8221;]Descubre la elegancia y disciplina de dos artes marciales japonesas tradicionales: el iaid\u014d y el j\u014dd\u014d. La presentaci\u00f3n estar\u00e1 a cargo del Dojo Ryoshinkan Chile \u826f\u5fc3\u9928\u9053\u5834, dirigido por el Sensei Felipe P\u00e9rez.<br \/>\nUna muestra \u00fanica de t\u00e9cnica, historia y esp\u00edritu samur\u00e1i.[\/vc_column_text][vc_zigzag color=&#8221;white&#8221;][\/vc_column_inner][\/vc_row_inner][vc_zigzag color=&#8221;white&#8221;][vc_row_inner][vc_column_inner width=&#8221;1\/4&#8243;][vc_single_image image=&#8221;2896&#8243; img_size=&#8221;200&#215;200&#8243; alignment=&#8221;right&#8221; style=&#8221;vc_box_rounded&#8221; css=&#8221;&#8221;][\/vc_column_inner][vc_column_inner width=&#8221;3\/4&#8243;][vc_column_text css=&#8221;&#8221;]<\/p>\n<h3><strong>Clase inicial de japon\u00e9s<\/strong><\/h3>\n<p>[\/vc_column_text][vc_zigzag color=&#8221;white&#8221;][vc_column_text css=&#8221;&#8221;]<strong>13:30 a 14:30 hrs. | Sala A102, Campus Rancagua<\/strong>[\/vc_column_text][vc_zigzag color=&#8221;white&#8221;][vc_column_text css=&#8221;&#8221;]\u00bfSiempre has querido aprender japon\u00e9s, pero no sabes por d\u00f3nde empezar? En esta clase divertida y 100% para principiantes, aprender\u00e1s tus primeras palabras y frases para entrar al fascinante mundo del idioma nip\u00f3n. No necesitas conocimientos previos, \u00a1s\u00f3lo tus ganas de aprender![\/vc_column_text][vc_zigzag color=&#8221;white&#8221;][vc_btn title=&#8221;Reg\u00edstrate aqu\u00ed&#8221; color=&#8221;sky&#8221; css=&#8221;&#8221; link=&#8221;url:https%3A%2F%2Fforms.gle%2FQ7Q9WhWK6wQWyd5E8|target:_blank&#8221;][vc_zigzag color=&#8221;white&#8221;][\/vc_column_inner][\/vc_row_inner][vc_zigzag color=&#8221;white&#8221;][vc_row_inner][vc_column_inner width=&#8221;1\/4&#8243;][vc_single_image image=&#8221;2897&#8243; img_size=&#8221;200&#215;200&#8243; alignment=&#8221;right&#8221; style=&#8221;vc_box_rounded&#8221; css=&#8221;&#8221;][vc_zigzag color=&#8221;white&#8221;][\/vc_column_inner][vc_column_inner width=&#8221;3\/4&#8243;][vc_column_text css=&#8221;&#8221;]<\/p>\n<h3><strong>Mil grullas de papel<\/strong><\/h3>\n<p>[\/vc_column_text][vc_zigzag color=&#8221;white&#8221;][vc_column_text css=&#8221;&#8221;]<strong>14:30 a 16:00 hrs. | Sala Biblioteca, Campus Rancagua<\/strong>[\/vc_column_text][vc_zigzag color=&#8221;white&#8221;][vc_column_text css=&#8221;&#8221;]<span class=\"a_GcMg font-feature-liga-off font-feature-clig-off font-feature-calt-off text-decoration-none text-strikethrough-none\">En la cultura japonesa, se dice que quien pliega mil grullas de papel puede ver cumplido un deseo de paz, salud o felicidad. Te invitamos a ser parte de esta tradici\u00f3n, dejando tu deseo en las cajas que ver\u00e1s en Campus Rancagua y Colchagua desde el d\u00eda 25 y a venir a doblar los deseos el jueves con nosotros.<\/span>[\/vc_column_text][vc_zigzag color=&#8221;white&#8221;][\/vc_column_inner][\/vc_row_inner][vc_zigzag color=&#8221;white&#8221;][vc_row_inner][vc_column_inner width=&#8221;1\/4&#8243;][vc_single_image image=&#8221;2898&#8243; img_size=&#8221;200&#215;200&#8243; alignment=&#8221;right&#8221; style=&#8221;vc_box_rounded&#8221; css=&#8221;&#8221;][\/vc_column_inner][vc_column_inner width=&#8221;3\/4&#8243;][vc_column_text css=&#8221;&#8221;]<\/p>\n<h3><strong>Taller de haiku<\/strong><\/h3>\n<p>[\/vc_column_text][vc_zigzag color=&#8221;white&#8221;][vc_column_text css=&#8221;&#8221;]<strong>16:00 a 17:00 hrs. | Sala Biblioteca, Campus Rancagua<\/strong>[\/vc_column_text][vc_zigzag color=&#8221;white&#8221;][vc_column_text css=&#8221;&#8221;]<span class=\"a_GcMg font-feature-liga-off font-feature-clig-off font-feature-calt-off text-decoration-none text-strikethrough-none\">Tres versos. Diecisiete s\u00edlabas. Una imagen que queda para siempre. Ven y descubre este estilo japon\u00e9s de poes\u00eda y deja volar tu imaginaci\u00f3n. No necesitas experiencia, solo ganas de dejarte inspirar.<\/span>[\/vc_column_text][vc_zigzag color=&#8221;white&#8221;][vc_btn title=&#8221;Reg\u00edstrate aqu\u00ed&#8221; color=&#8221;sky&#8221; css=&#8221;&#8221; link=&#8221;url:https%3A%2F%2Fforms.gle%2FGFTGZz7mBPyMnvoY9|target:_blank&#8221;][vc_zigzag color=&#8221;white&#8221;][\/vc_column_inner][\/vc_row_inner][vc_zigzag color=&#8221;white&#8221;][vc_row_inner][vc_column_inner width=&#8221;1\/4&#8243;][vc_single_image image=&#8221;2899&#8243; img_size=&#8221;200&#215;200&#8243; alignment=&#8221;right&#8221; style=&#8221;vc_box_rounded&#8221; css=&#8221;&#8221;][\/vc_column_inner][vc_column_inner width=&#8221;3\/4&#8243;][vc_column_text css=&#8221;&#8221;]<\/p>\n<h3><strong>Concurso de cosplay<\/strong><\/h3>\n<p>[\/vc_column_text][vc_zigzag color=&#8221;white&#8221;][vc_column_text css=&#8221;&#8221;]<strong>17:00 hrs. | Hall Edificio A, Campus Rancagua<\/strong>[\/vc_column_text][vc_zigzag color=&#8221;white&#8221;][vc_column_text css=&#8221;&#8221;]<span class=\"a_GcMg font-feature-liga-off font-feature-clig-off font-feature-calt-off text-decoration-none text-strikethrough-none\">\u00a1Es hora de que tu personaje favorito cobre vida! Participa en este concurso y muestra tu creatividad, talento y pasi\u00f3n por el mundo del anime, manga y la cultura japonesa. Habr\u00e1 premio para la persona ganadora, certificados para todas\/os las\/os participantes y la oportunidad de lucir tu cosplay frente a toda la comunidad. \u00a1Inscr\u00edbete y s\u00e9 parte de esta celebraci\u00f3n!<\/span>[\/vc_column_text][vc_zigzag color=&#8221;white&#8221;][vc_btn title=&#8221;Reg\u00edstrate aqu\u00ed&#8221; color=&#8221;sky&#8221; align=&#8221;left&#8221; css=&#8221;.vc_custom_1755703151651{border-radius: 25px !important;}&#8221; link=&#8221;url:https%3A%2F%2Fforms.gle%2FPuoDWUmRGthKZuxf8|target:_blank&#8221;][vc_btn title=&#8221;Bases del concurso&#8221; color=&#8221;success&#8221; align=&#8221;left&#8221; css=&#8221;.vc_custom_1756386335644{border-radius: 25px !important;}&#8221; link=&#8221;url:https%3A%2F%2Fdrive.google.com%2Ffile%2Fd%2F1fzsidsVEaqKb5fcgimpu6MspMpvgeeW3%2Fview%3Fusp%3Dsharing|target:_blank&#8221;][vc_zigzag color=&#8221;white&#8221;][\/vc_column_inner][\/vc_row_inner][vc_zigzag color=&#8221;white&#8221;][vc_row_inner][vc_column_inner width=&#8221;1\/4&#8243;][vc_single_image image=&#8221;2900&#8243; img_size=&#8221;200&#215;200&#8243; alignment=&#8221;right&#8221; style=&#8221;vc_box_rounded&#8221; css=&#8221;&#8221;][\/vc_column_inner][vc_column_inner width=&#8221;3\/4&#8243;][vc_column_text css=&#8221;&#8221;]<\/p>\n<h3><strong>Cine: <em>Your Name<\/em><\/strong><\/h3>\n<p>[\/vc_column_text][vc_zigzag color=&#8221;white&#8221;][vc_column_text css=&#8221;&#8221;]<strong>18:00 hrs. | Auditorio, Campus Rancagua<\/strong>[\/vc_column_text][vc_zigzag color=&#8221;white&#8221;][vc_column_text css=&#8221;&#8221;]<span class=\"a_GcMg font-feature-liga-off font-feature-clig-off font-feature-calt-off text-decoration-none text-strikethrough-none\">Vive en pantalla grande la magia de Kimi no Na wa (Your Name), la aclamada pel\u00edcula de Makoto Shinkai que ha conquistado corazones en todo el mundo y ha recibido m\u00faltiples premios internacionales. Una historia de amor, destino y conexi\u00f3n que trasciende el tiempo y el espacio. \u00a1No te la pierdas!<\/span>[\/vc_column_text][vc_zigzag color=&#8221;white&#8221;][\/vc_column_inner][\/vc_row_inner][\/vc_column][\/vc_row][vc_row][vc_column][vc_zigzag color=&#8221;white&#8221;]<div class=\"uoh_title_component-container\"><h2 class=\"title title--ms d-inline-block title--decorator  medium\">Organizan<\/h2><\/div>[vc_row_inner][vc_column_inner width=&#8221;1\/3&#8243;][vc_single_image image=&#8221;2929&#8243; img_size=&#8221;200&#215;200&#8243; alignment=&#8221;center&#8221; css=&#8221;&#8221;][vc_column_text css=&#8221;&#8221;]<\/p>\n<p style=\"text-align: center\"><a href=\"https:\/\/www.instagram.com\/internacional_uoh\/\" target=\"_blank\" rel=\"noopener\">Direcci\u00f3n de Internacionalizaci\u00f3n UOH<\/a><\/p>\n<p>[\/vc_column_text][\/vc_column_inner][vc_column_inner width=&#8221;1\/3&#8243;][vc_single_image image=&#8221;2930&#8243; img_size=&#8221;200&#215;200&#8243; alignment=&#8221;center&#8221; css=&#8221;&#8221;][vc_column_text css=&#8221;&#8221;]<\/p>\n<p style=\"text-align: center\"><a href=\"https:\/\/www.instagram.com\/bibliotecasuoh\/\" target=\"_blank\" rel=\"noopener\">Unidad de Bibliotecas UOH<\/a><\/p>\n<p>[\/vc_column_text][\/vc_column_inner][vc_column_inner width=&#8221;1\/3&#8243;][vc_single_image image=&#8221;2931&#8243; img_size=&#8221;200&#215;200&#8243; alignment=&#8221;center&#8221; css=&#8221;&#8221;][vc_column_text css=&#8221;&#8221;]<\/p>\n<p style=\"text-align: center\"><a href=\"https:\/\/www.instagram.com\/akirauoh\/\" target=\"_blank\" rel=\"noopener\">Comunidad Akira UOH<\/a><\/p>\n<p>[\/vc_column_text][\/vc_column_inner][\/vc_row_inner][vc_zigzag color=&#8221;white&#8221;][\/vc_column][\/vc_row][vc_row][vc_column]<div class=\"uoh_title_component-container\"><h2 class=\"title title--ms d-inline-block title--decorator  medium\">Participan<\/h2><\/div>[vc_row_inner][vc_column_inner width=&#8221;1\/3&#8243;][vc_single_image image=&#8221;2932&#8243; img_size=&#8221;200&#215;200&#8243; alignment=&#8221;center&#8221; css=&#8221;&#8221;][vc_column_text css=&#8221;&#8221;]<\/p>\n<p style=\"text-align: center\"><a href=\"https:\/\/www.instagram.com\/iearancagua\/\" target=\"_blank\" rel=\"noopener\">Instituto de Altos Estudios Audiovisuales<\/a><\/p>\n<p>[\/vc_column_text][\/vc_column_inner][vc_column_inner width=&#8221;1\/3&#8243;][vc_single_image image=&#8221;2933&#8243; img_size=&#8221;200&#215;200&#8243; alignment=&#8221;center&#8221; css=&#8221;&#8221;][vc_column_text css=&#8221;&#8221;]<\/p>\n<p style=\"text-align: center\"><a href=\"https:\/\/www.instagram.com\/idiomas_uoh\/\" target=\"_blank\" rel=\"noopener\">Programa de Ingl\u00e9s Institucional<\/a><\/p>\n<p>[\/vc_column_text][\/vc_column_inner][vc_column_inner width=&#8221;1\/3&#8243;][vc_single_image image=&#8221;2945&#8243; img_size=&#8221;200&#215;200&#8243; alignment=&#8221;center&#8221; css=&#8221;&#8221;][vc_column_text css=&#8221;&#8221;]<\/p>\n<p style=\"text-align: center\"><a href=\"https:\/\/www.butokudenchile.com\/\" target=\"_blank\" rel=\"noopener\">Dojo Ryoshinkan Chile \u826f\u5fc3\u9928\u9053\u5834<\/a><\/p>\n<p>[\/vc_column_text][\/vc_column_inner][\/vc_row_inner][vc_row_inner][vc_column_inner width=&#8221;1\/4&#8243;][\/vc_column_inner][vc_column_inner width=&#8221;1\/4&#8243;][vc_single_image image=&#8221;2946&#8243; img_size=&#8221;200&#215;200&#8243; alignment=&#8221;center&#8221; css=&#8221;&#8221;][vc_column_text css=&#8221;&#8221;]<\/p>\n<p style=\"text-align: center\"><a href=\"https:\/\/www.instagram.com\/kitsunebonsairancagua\/\" target=\"_blank\" rel=\"noopener\">Kitsune Bonsai<\/a><\/p>\n<p>[\/vc_column_text][\/vc_column_inner][vc_column_inner width=&#8221;1\/4&#8243;][vc_single_image image=&#8221;2947&#8243; img_size=&#8221;200&#215;200&#8243; alignment=&#8221;center&#8221; css=&#8221;&#8221;][vc_column_text css=&#8221;&#8221;]<\/p>\n<p style=\"text-align: center\"><a href=\"https:\/\/www.instagram.com\/club_bonsai_suzaku\/\" target=\"_blank\" rel=\"noopener\">Club de Bonsai Suzaku<\/a><\/p>\n<p>[\/vc_column_text][\/vc_column_inner][vc_column_inner width=&#8221;1\/4&#8243;][\/vc_column_inner][\/vc_row_inner][\/vc_column][\/vc_row][vc_row][vc_column width=&#8221;1\/4&#8243;][\/vc_column][vc_column width=&#8221;3\/4&#8243;][\/vc_column][\/vc_row][\/vc_section][vc_section][vc_row][vc_column][vc_zigzag color=&#8221;white&#8221;][\/vc_column][\/vc_row][\/vc_section]<\/p>\n<\/div>","protected":false},"excerpt":{"rendered":"<p>[vc_section el_class=&#8221;container mx-auto align-items-center circle&#8211;pattern&#8221; css=&#8221;.vc_custom_1648956589196{padding-top: 3rem !important;}&#8221;][vc_row el_class=&#8221;pb-5&#8243;][vc_column][vc_wp_custommenu nav_menu=&#8221;3&#8243;][vc_wp_custommenu nav_menu=&#8221;6&#8243;][vc_row_inner][vc_column_inner][vc_column_text css=&#8221;&#8221;]Vive un encuentro con las tradiciones, el arte y la cultura japonesa. Desde el origami hasta el cine contempor\u00e1neo, la Jornada Global Jap\u00f3n es una invitaci\u00f3n a explorar un pa\u00eds fascinante sin salir de la UOH. Lee m\u00e1s abajo toda la informaci\u00f3n e inscr\u00edbete [&hellip;]<\/p>\n","protected":false},"author":7,"featured_media":0,"parent":1100,"menu_order":0,"comment_status":"closed","ping_status":"closed","template":"","meta":{"_acf_changed":false,"footnotes":""},"class_list":["post-2879","page","type-page","status-publish","hentry"],"acf":[],"yoast_head":"<!-- This site is optimized with the Yoast SEO plugin v26.6 - https:\/\/yoast.com\/wordpress\/plugins\/seo\/ -->\n<title>Jornada Global: Jap\u00f3n - Direcci\u00f3n de Internacionalizaci\u00f3n<\/title>\n<meta name=\"robots\" content=\"index, follow, max-snippet:-1, max-image-preview:large, max-video-preview:-1\" \/>\n<link rel=\"canonical\" href=\"https:\/\/www.uoh.cl\/internacional\/semana-internacional\/jornada-global-japon\/\" \/>\n<meta property=\"og:locale\" content=\"es_ES\" \/>\n<meta property=\"og:type\" content=\"article\" \/>\n<meta property=\"og:title\" content=\"Jornada Global: Jap\u00f3n - Direcci\u00f3n de Internacionalizaci\u00f3n\" \/>\n<meta property=\"og:description\" content=\"[vc_section el_class=&#8221;container mx-auto align-items-center circle&#8211;pattern&#8221; css=&#8221;.vc_custom_1648956589196{padding-top: 3rem !important;}&#8221;][vc_row el_class=&#8221;pb-5&#8243;][vc_column][vc_wp_custommenu nav_menu=&#8221;3&#8243;][vc_wp_custommenu nav_menu=&#8221;6&#8243;][vc_row_inner][vc_column_inner][vc_column_text css=&#8221;&#8221;]Vive un encuentro con las tradiciones, el arte y la cultura japonesa. Desde el origami hasta el cine contempor\u00e1neo, la Jornada Global Jap\u00f3n es una invitaci\u00f3n a explorar un pa\u00eds fascinante sin salir de la UOH. Lee m\u00e1s abajo toda la informaci\u00f3n e inscr\u00edbete [&hellip;]\" \/>\n<meta property=\"og:url\" content=\"https:\/\/www.uoh.cl\/internacional\/semana-internacional\/jornada-global-japon\/\" \/>\n<meta property=\"og:site_name\" content=\"Direcci\u00f3n de Internacionalizaci\u00f3n\" \/>\n<meta property=\"article:modified_time\" content=\"2025-08-21T19:55:47+00:00\" \/>\n<meta name=\"twitter:card\" content=\"summary_large_image\" \/>\n<meta name=\"twitter:label1\" content=\"Tiempo estimado de lectura\" \/>\n\t<meta name=\"twitter:data1\" content=\"10 minutos\" \/>\n<script type=\"application\/ld+json\" class=\"yoast-schema-graph\">{\"@context\":\"https:\/\/schema.org\",\"@graph\":[{\"@type\":\"WebPage\",\"@id\":\"https:\/\/www.uoh.cl\/internacional\/semana-internacional\/jornada-global-japon\/\",\"url\":\"https:\/\/www.uoh.cl\/internacional\/semana-internacional\/jornada-global-japon\/\",\"name\":\"Jornada Global: Jap\u00f3n - Direcci\u00f3n de Internacionalizaci\u00f3n\",\"isPartOf\":{\"@id\":\"https:\/\/www.uoh.cl\/internacional\/#website\"},\"datePublished\":\"2025-08-21T15:28:35+00:00\",\"dateModified\":\"2025-08-21T19:55:47+00:00\",\"breadcrumb\":{\"@id\":\"https:\/\/www.uoh.cl\/internacional\/semana-internacional\/jornada-global-japon\/#breadcrumb\"},\"inLanguage\":\"es-CL\",\"potentialAction\":[{\"@type\":\"ReadAction\",\"target\":[\"https:\/\/www.uoh.cl\/internacional\/semana-internacional\/jornada-global-japon\/\"]}]},{\"@type\":\"BreadcrumbList\",\"@id\":\"https:\/\/www.uoh.cl\/internacional\/semana-internacional\/jornada-global-japon\/#breadcrumb\",\"itemListElement\":[{\"@type\":\"ListItem\",\"position\":1,\"name\":\"Semana Internacional UOH\",\"item\":\"https:\/\/www.uoh.cl\/internacional\/semana-internacional\/\"},{\"@type\":\"ListItem\",\"position\":2,\"name\":\"Jornada Global: Jap\u00f3n\"}]},{\"@type\":\"WebSite\",\"@id\":\"https:\/\/www.uoh.cl\/internacional\/#website\",\"url\":\"https:\/\/www.uoh.cl\/internacional\/\",\"name\":\"Direcci\u00f3n de Internacionalizaci\u00f3n\",\"description\":\"Otro sitio de Sitios de Universidad O'higgins\",\"potentialAction\":[{\"@type\":\"SearchAction\",\"target\":{\"@type\":\"EntryPoint\",\"urlTemplate\":\"https:\/\/www.uoh.cl\/internacional\/?s={search_term_string}\"},\"query-input\":{\"@type\":\"PropertyValueSpecification\",\"valueRequired\":true,\"valueName\":\"search_term_string\"}}],\"inLanguage\":\"es-CL\"}]}<\/script>\n<!-- \/ Yoast SEO plugin. -->","yoast_head_json":{"title":"Jornada Global: Jap\u00f3n - Direcci\u00f3n de Internacionalizaci\u00f3n","robots":{"index":"index","follow":"follow","max-snippet":"max-snippet:-1","max-image-preview":"max-image-preview:large","max-video-preview":"max-video-preview:-1"},"canonical":"https:\/\/www.uoh.cl\/internacional\/semana-internacional\/jornada-global-japon\/","og_locale":"es_ES","og_type":"article","og_title":"Jornada Global: Jap\u00f3n - Direcci\u00f3n de Internacionalizaci\u00f3n","og_description":"[vc_section el_class=&#8221;container mx-auto align-items-center circle&#8211;pattern&#8221; css=&#8221;.vc_custom_1648956589196{padding-top: 3rem !important;}&#8221;][vc_row el_class=&#8221;pb-5&#8243;][vc_column][vc_wp_custommenu nav_menu=&#8221;3&#8243;][vc_wp_custommenu nav_menu=&#8221;6&#8243;][vc_row_inner][vc_column_inner][vc_column_text css=&#8221;&#8221;]Vive un encuentro con las tradiciones, el arte y la cultura japonesa. Desde el origami hasta el cine contempor\u00e1neo, la Jornada Global Jap\u00f3n es una invitaci\u00f3n a explorar un pa\u00eds fascinante sin salir de la UOH. Lee m\u00e1s abajo toda la informaci\u00f3n e inscr\u00edbete [&hellip;]","og_url":"https:\/\/www.uoh.cl\/internacional\/semana-internacional\/jornada-global-japon\/","og_site_name":"Direcci\u00f3n de Internacionalizaci\u00f3n","article_modified_time":"2025-08-21T19:55:47+00:00","twitter_card":"summary_large_image","twitter_misc":{"Tiempo estimado de lectura":"10 minutos"},"schema":{"@context":"https:\/\/schema.org","@graph":[{"@type":"WebPage","@id":"https:\/\/www.uoh.cl\/internacional\/semana-internacional\/jornada-global-japon\/","url":"https:\/\/www.uoh.cl\/internacional\/semana-internacional\/jornada-global-japon\/","name":"Jornada Global: Jap\u00f3n - Direcci\u00f3n de Internacionalizaci\u00f3n","isPartOf":{"@id":"https:\/\/www.uoh.cl\/internacional\/#website"},"datePublished":"2025-08-21T15:28:35+00:00","dateModified":"2025-08-21T19:55:47+00:00","breadcrumb":{"@id":"https:\/\/www.uoh.cl\/internacional\/semana-internacional\/jornada-global-japon\/#breadcrumb"},"inLanguage":"es-CL","potentialAction":[{"@type":"ReadAction","target":["https:\/\/www.uoh.cl\/internacional\/semana-internacional\/jornada-global-japon\/"]}]},{"@type":"BreadcrumbList","@id":"https:\/\/www.uoh.cl\/internacional\/semana-internacional\/jornada-global-japon\/#breadcrumb","itemListElement":[{"@type":"ListItem","position":1,"name":"Semana Internacional UOH","item":"https:\/\/www.uoh.cl\/internacional\/semana-internacional\/"},{"@type":"ListItem","position":2,"name":"Jornada Global: Jap\u00f3n"}]},{"@type":"WebSite","@id":"https:\/\/www.uoh.cl\/internacional\/#website","url":"https:\/\/www.uoh.cl\/internacional\/","name":"Direcci\u00f3n de Internacionalizaci\u00f3n","description":"Otro sitio de Sitios de Universidad O'higgins","potentialAction":[{"@type":"SearchAction","target":{"@type":"EntryPoint","urlTemplate":"https:\/\/www.uoh.cl\/internacional\/?s={search_term_string}"},"query-input":{"@type":"PropertyValueSpecification","valueRequired":true,"valueName":"search_term_string"}}],"inLanguage":"es-CL"}]}},"_links":{"self":[{"href":"https:\/\/www.uoh.cl\/internacional\/wp-json\/wp\/v2\/pages\/2879","targetHints":{"allow":["GET"]}}],"collection":[{"href":"https:\/\/www.uoh.cl\/internacional\/wp-json\/wp\/v2\/pages"}],"about":[{"href":"https:\/\/www.uoh.cl\/internacional\/wp-json\/wp\/v2\/types\/page"}],"author":[{"embeddable":true,"href":"https:\/\/www.uoh.cl\/internacional\/wp-json\/wp\/v2\/users\/7"}],"replies":[{"embeddable":true,"href":"https:\/\/www.uoh.cl\/internacional\/wp-json\/wp\/v2\/comments?post=2879"}],"version-history":[{"count":9,"href":"https:\/\/www.uoh.cl\/internacional\/wp-json\/wp\/v2\/pages\/2879\/revisions"}],"predecessor-version":[{"id":2963,"href":"https:\/\/www.uoh.cl\/internacional\/wp-json\/wp\/v2\/pages\/2879\/revisions\/2963"}],"up":[{"embeddable":true,"href":"https:\/\/www.uoh.cl\/internacional\/wp-json\/wp\/v2\/pages\/1100"}],"wp:attachment":[{"href":"https:\/\/www.uoh.cl\/internacional\/wp-json\/wp\/v2\/media?parent=2879"}],"curies":[{"name":"wp","href":"https:\/\/api.w.org\/{rel}","templated":true}]}}