
{"id":2099,"date":"2024-10-02T17:16:28","date_gmt":"2024-10-02T20:16:28","guid":{"rendered":"https:\/\/www.uoh.cl\/internacional\/?page_id=2099"},"modified":"2024-10-02T17:16:28","modified_gmt":"2024-10-02T20:16:28","slug":"4a-semana-internacional-uoh","status":"publish","type":"page","link":"https:\/\/www.uoh.cl\/internacional\/semana-internacional\/4a-semana-internacional-uoh\/","title":{"rendered":"4\u00aa Semana Internacional UOH"},"content":{"rendered":"<div class=\"wpb-content-wrapper\"><p>[vc_section el_class=&#8221;container mx-auto align-items-center circle&#8211;pattern&#8221; css=&#8221;.vc_custom_1648956589196{padding-top: 3rem !important;}&#8221;][vc_row el_class=&#8221;pb-5&#8243;][vc_column][vc_wp_custommenu nav_menu=&#8221;3&#8243;][vc_wp_custommenu nav_menu=&#8221;6&#8243;]<div class=\"breadcrumb\"><ol itemscope itemtype=\"https:\/\/schema.org\/BreadcrumbList\"><li itemprop=\"itemListElement\" itemscope itemtype=\"https:\/\/schema.org\/ListItem\"><a itemprop=\"item\" href=\"http:\/\/www.uoh.cl\"><span itemprop=\"name\">Inicio<\/span><\/a><meta itemprop=\"position\" content=\"1\" \/><li itemprop=\"itemListElement\" itemscope itemtype=\"https:\/\/schema.org\/ListItem\"><a itemprop=\"item\" href=\"https:\/\/www.uoh.cl\/internacional\"><span itemprop=\"name\">Direcci\u00f3n de Internacionalizaci\u00f3n<\/span><\/a><meta itemprop=\"position\" content=\"2\" \/><li itemprop=\"itemListElement\" itemscope itemtype=\"https:\/\/schema.org\/ListItem\"><a itemprop=\"item\" href=\"https:\/\/www.uoh.cl\/internacional\/semana-internacional\/\"><span itemprop=\"name\">Semana Internacional UOH<\/span><\/a><meta itemprop=\"position\" content=\"3\" \/><li itemprop=\"itemListElement\" itemscope itemtype=\"https:\/\/schema.org\/ListItem\"><span itemprop=\"name\">4\u00aa Semana Internacional UOH <\/span><meta itemprop=\"position\" content=\"4\" \/><\/ol><\/div><div class=\"uoh_title_component-container\"><h1 class=\"title title--ms d-inline-block title--decorator  big\">4\u00aa Semana Internacional UOH<\/h1><\/div>[vc_row_inner][vc_column_inner width=&#8221;1\/2&#8243;]<div class=\"uoh_title_component-container\"><h2 class=\"title title--ms d-inline-block title--decorator  medium\">7 al 11 de Octubre de 2024<\/h2><\/div>[vc_column_text css=&#8221;&#8221;]Por cuarto a\u00f1o consecutivo, el mundo llega a la UOH en una semana llena de actividades acad\u00e9micas y culturales para toda la comunidad de la Regi\u00f3n de O&#8217;Higgins.<\/p>\n<p>Revisa m\u00e1s abajo el programa con las actividades cada d\u00eda, as\u00ed como el link de registro a aquellas que lo requieran y finalmente el listado de organizaciones participantes en la versi\u00f3n 2024 de la Semana Internacional UOH.[\/vc_column_text][\/vc_column_inner][vc_column_inner width=&#8221;1\/2&#8243;]<div class=\"uoh_simple_image_component component__simple_image simple__image-left col-12\"><div class=\"uoh_simple_image_component\"><figure class=\"simple_image_contain\"><div> <img decoding=\"async\" data-src=\"https:\/\/www.uoh.cl\/internacional\/wp-content\/uploads\/sites\/24\/2024\/10\/Semana-Internacional-1024x576.jpg\" class=\"w-100 lazyload\" src=\"data:image\/svg+xml;base64,PHN2ZyB3aWR0aD0iMSIgaGVpZ2h0PSIxIiB4bWxucz0iaHR0cDovL3d3dy53My5vcmcvMjAwMC9zdmciPjwvc3ZnPg==\" style=\"--smush-placeholder-width: 1024px; --smush-placeholder-aspect-ratio: 1024\/576;\"> <\/div><\/figure><\/div><\/div>[\/vc_column_inner][\/vc_row_inner][\/vc_column][\/vc_row][vc_row][vc_column width=&#8221;1\/4&#8243;][vc_single_image image=&#8221;2105&#8243; css=&#8221;&#8221;][\/vc_column][vc_column width=&#8221;3\/4&#8243;]<div class=\"uoh_title_component-container\"><h2 class=\"title title--ms d-inline-block title--decorator  medium\">Lunes 7 de octubre<\/h2><\/div>[vc_column_text css=&#8221;&#8221;]<\/p>\n<ul>\n<li><span class=\"OYPEnA font-feature-liga-off font-feature-clig-off font-feature-calt-off text-decoration-none text-strikethrough-none\">10.00 hrs.| Auditorio, Campus Rancagua<br \/>\n<\/span><span class=\"OYPEnA font-feature-liga-off font-feature-clig-off font-feature-calt-off text-decoration-none text-strikethrough-none\"><strong>Inauguraci\u00f3n Semana Internacional<\/strong><br \/>\nTodo p\u00fablico, sin registro previo<br \/>\n<\/span><\/li>\n<li><span class=\"OYPEnA font-feature-liga-off font-feature-clig-off font-feature-calt-off text-decoration-none text-strikethrough-none\">11.00 hrs.| Auditorio, Campus Rancagua<br \/>\n<strong>Presentaci\u00f3n Centro de Estudios Comparados de Corea &#8211; Jornada Global Corea<\/strong><br \/>\nTodo p\u00fablico, sin registro previo<br \/>\n<\/span><\/li>\n<li><span class=\"OYPEnA font-feature-liga-off font-feature-clig-off font-feature-calt-off text-decoration-none text-strikethrough-none\">13.30 hrs.| Sala Biblioteca, Edificio E, Piso -1, Campus Rancagua<br \/>\n<strong>Conversatorio y actividad cultural: &#8220;Corea m\u00e1s Cerca&#8221; &#8211; Jornada Global Corea<\/strong><br \/>\nTodo p\u00fablico previo <strong>registro en <em><a href=\"https:\/\/bit.ly\/Corea-mas-cerca\">bit.ly\/Corea-mas-cerca<\/a><\/em><\/strong><\/span><\/li>\n<\/ul>\n<p>[\/vc_column_text][vc_zigzag color=&#8221;white&#8221;][\/vc_column][\/vc_row][vc_row][vc_column width=&#8221;1\/4&#8243;][vc_single_image image=&#8221;2106&#8243; css=&#8221;&#8221;][\/vc_column][vc_column width=&#8221;3\/4&#8243;]<div class=\"uoh_title_component-container\"><h2 class=\"title title--ms d-inline-block title--decorator  medium\">Martes 8 de octubre<\/h2><\/div>[vc_column_text css=&#8221;&#8221;]<\/p>\n<ul>\n<li><span class=\"OYPEnA font-feature-liga-off font-feature-clig-off font-feature-calt-off text-decoration-none text-strikethrough-none\">11.00 hrs.| Auditorio, Campus Colchagua<br \/>\n<strong>Charla: Estudiar en el extranjero<\/strong><br \/>\n<\/span><span class=\"OYPEnA font-feature-liga-off font-feature-clig-off font-feature-calt-off text-decoration-none text-strikethrough-none\">Todo p\u00fablico, sin registro previo<\/span><\/li>\n<li><span class=\"OYPEnA font-feature-liga-off font-feature-clig-off font-feature-calt-off text-decoration-none text-strikethrough-none\">12.00 hrs.| Hall, Campus Colchagua<strong><br \/>\n<\/strong><\/span><span class=\"OYPEnA font-feature-liga-off font-feature-clig-off font-feature-calt-off text-decoration-none text-strikethrough-none\"><strong>Inauguraci\u00f3n Galer\u00eda de Movilidad Internacional<\/strong><br \/>\n<\/span><span class=\"OYPEnA font-feature-liga-off font-feature-clig-off font-feature-calt-off text-decoration-none text-strikethrough-none\">Todo p\u00fablico, sin registro previo\u00a0<\/span><\/li>\n<\/ul>\n<p>[\/vc_column_text][vc_zigzag color=&#8221;white&#8221;][\/vc_column][\/vc_row][vc_row][vc_column width=&#8221;1\/4&#8243;][vc_single_image image=&#8221;2107&#8243; css=&#8221;&#8221;][\/vc_column][vc_column width=&#8221;3\/4&#8243;]<div class=\"uoh_title_component-container\"><h2 class=\"title title--ms d-inline-block title--decorator  medium\">Jueves 10 de octubre<\/h2><\/div>[vc_column_text css=&#8221;&#8221;]<\/p>\n<ul>\n<li><span class=\"OYPEnA font-feature-liga-off font-feature-clig-off font-feature-calt-off text-decoration-none text-strikethrough-none\">10.30 a 15.00 hrs.| Hall Edificio A, Campus Rancagua<br \/>\n<\/span><span class=\"OYPEnA font-feature-liga-off font-feature-clig-off font-feature-calt-off text-decoration-none text-strikethrough-none\"><strong>Feria de Organizaciones Internacionales<\/strong><br \/>\n<\/span><span class=\"OYPEnA font-feature-liga-off font-feature-clig-off font-feature-calt-off text-decoration-none text-strikethrough-none\">Todo p\u00fablico, sin registro previo<br \/>\n<\/span><\/li>\n<li><span class=\"OYPEnA font-feature-liga-off font-feature-clig-off font-feature-calt-off text-decoration-none text-strikethrough-none\">12.00 hrs.| Sala E702, Campus Rancagua<strong><br \/>\n<\/strong><\/span><span class=\"OYPEnA font-feature-liga-off font-feature-clig-off font-feature-calt-off text-decoration-none text-strikethrough-none\"><strong>Conversatorio: Oportunidades de formaci\u00f3n internacional &#8211; Fundaci\u00f3n Luksic<\/strong><br \/>\n<\/span><span class=\"OYPEnA font-feature-liga-off font-feature-clig-off font-feature-calt-off text-decoration-none text-strikethrough-none\">Interesadas\/os en investigaci\u00f3n\/postgrado, sin registro previo<\/span><\/li>\n<li><span class=\"OYPEnA font-feature-liga-off font-feature-clig-off font-feature-calt-off text-decoration-none text-strikethrough-none\">13.30 hrs.| Campus Rancagua<br \/>\n<\/span><span class=\"OYPEnA font-feature-liga-off font-feature-clig-off font-feature-calt-off text-decoration-none text-strikethrough-none\"><strong>Taller de Origami<\/strong><br \/>\nTodo p\u00fablico previo registro en <em><strong><a href=\"https:\/\/bit.ly\/UOH-taller-origami\">bit.ly\/UOH-taller-origami<\/a><\/strong><\/em><br \/>\n<\/span><\/li>\n<li><span class=\"OYPEnA font-feature-liga-off font-feature-clig-off font-feature-calt-off text-decoration-none text-strikethrough-none\">14.30 hrs.| Campus Rancagua<br \/>\n<\/span><span class=\"OYPEnA font-feature-liga-off font-feature-clig-off font-feature-calt-off text-decoration-none text-strikethrough-none\"><strong>Taller de Manga<\/strong><br \/>\nTodo p\u00fablico previo registro en <em><strong><a href=\"https:\/\/bit.ly\/UOH-taller-manga\">bit.ly\/UOH-taller-manga<\/a><\/strong><\/em><\/span><\/li>\n<\/ul>\n<p>[\/vc_column_text][vc_zigzag color=&#8221;white&#8221;][\/vc_column][\/vc_row][vc_row][vc_column width=&#8221;1\/4&#8243;][vc_single_image image=&#8221;2108&#8243; css=&#8221;&#8221;][\/vc_column][vc_column width=&#8221;3\/4&#8243;]<div class=\"uoh_title_component-container\"><h2 class=\"title title--ms d-inline-block title--decorator  medium\">Viernes 11 de octubre<\/h2><\/div>[vc_column_text css=&#8221;&#8221;]<\/p>\n<ul>\n<li><span class=\"OYPEnA font-feature-liga-off font-feature-clig-off font-feature-calt-off text-decoration-none text-strikethrough-none\">11.45 hrs.| Sala B103, Campus Rancagua<br \/>\n<\/span><span class=\"OYPEnA font-feature-liga-off font-feature-clig-off font-feature-calt-off text-decoration-none text-strikethrough-none\"><strong>Charla: La Sociedad Marroqu\u00ed: Avances hacia la igualdad &#8211; Jornada Global Marruecos<\/strong><br \/>\nPresenta: S.E. Kenza El Ghali, Embajadora del Reino de Marruecos en Chile<br \/>\n<\/span><span class=\"OYPEnA font-feature-liga-off font-feature-clig-off font-feature-calt-off text-decoration-none text-strikethrough-none\">Todo p\u00fablico, sin registro previo<br \/>\n<\/span><\/li>\n<li><span class=\"OYPEnA font-feature-liga-off font-feature-clig-off font-feature-calt-off text-decoration-none text-strikethrough-none\">12.45 hrs.| Hall Edificio A, Campus Rancagua<strong><br \/>\n<\/strong><\/span><span class=\"OYPEnA font-feature-liga-off font-feature-clig-off font-feature-calt-off text-decoration-none text-strikethrough-none\"><strong>Muestra cultural: Im\u00e1genes y Sabores de Marruecos &#8211; Jornada Global Marruecos<\/strong><br \/>\n<\/span><span class=\"OYPEnA font-feature-liga-off font-feature-clig-off font-feature-calt-off text-decoration-none text-strikethrough-none\">Todo p\u00fablico, sin registro previo<\/span><\/li>\n<\/ul>\n<p>[\/vc_column_text][vc_zigzag color=&#8221;white&#8221;][\/vc_column][\/vc_row][vc_row][vc_column]<div class=\"uoh_title_component-container\"><h2 class=\"title title--ms d-inline-block title--decorator  medium\">Instituciones participantes<\/h2><\/div>[\/vc_column][\/vc_row][vc_row][vc_column width=&#8221;1\/5&#8243;][vc_single_image image=&#8221;2109&#8243; alignment=&#8221;center&#8221; css=&#8221;&#8221;][vc_column_text css=&#8221;&#8221;]<\/p>\n<p style=\"text-align: center\">Representaci\u00f3n Valonia-Bruselas &#8211; Embajada del Reino de B\u00e9lgica<\/p>\n<p>[\/vc_column_text][vc_zigzag color=&#8221;white&#8221;][\/vc_column][vc_column width=&#8221;1\/5&#8243;][vc_single_image image=&#8221;2110&#8243; alignment=&#8221;center&#8221; css=&#8221;&#8221;][vc_column_text css=&#8221;&#8221;]<\/p>\n<p style=\"text-align: center\">Comisi\u00f3n Fulbright Chile<\/p>\n<p>[\/vc_column_text][vc_zigzag color=&#8221;white&#8221;][\/vc_column][vc_column width=&#8221;1\/5&#8243;][vc_single_image image=&#8221;2111&#8243; alignment=&#8221;center&#8221; css=&#8221;&#8221;][vc_column_text css=&#8221;&#8221;]<\/p>\n<p style=\"text-align: center\">DAAD | Servicio Alem\u00e1n de Intercambio Acad\u00e9mico<\/p>\n<p>[\/vc_column_text][vc_zigzag color=&#8221;white&#8221;][\/vc_column][vc_column width=&#8221;1\/5&#8243;][vc_single_image image=&#8221;2112&#8243; alignment=&#8221;center&#8221; css=&#8221;&#8221;][vc_column_text css=&#8221;&#8221;]<\/p>\n<p style=\"text-align: center\">Campus France Chile &#8211; Institut Fran\u00e7ais<\/p>\n<p>[\/vc_column_text][vc_zigzag color=&#8221;white&#8221;][\/vc_column][vc_column width=&#8221;1\/5&#8243;][vc_single_image image=&#8221;2115&#8243; alignment=&#8221;center&#8221; css=&#8221;&#8221;][vc_column_text css=&#8221;&#8221;]<\/p>\n<p style=\"text-align: center\">Centro de Estudios Comparados de Corea &#8211; Instituto Rey Sejong Santiago<\/p>\n<p>[\/vc_column_text][vc_zigzag color=&#8221;white&#8221;][\/vc_column][\/vc_row][vc_row][vc_column width=&#8221;1\/5&#8243;][vc_single_image image=&#8221;2114&#8243; alignment=&#8221;center&#8221; css=&#8221;&#8221;][vc_column_text css=&#8221;&#8221;]<\/p>\n<p style=\"text-align: center\">Fundaci\u00f3n Luksic<\/p>\n<p>[\/vc_column_text][vc_zigzag color=&#8221;white&#8221;][\/vc_column][vc_column width=&#8221;1\/5&#8243;][vc_single_image image=&#8221;2110&#8243; alignment=&#8221;center&#8221; css=&#8221;&#8221;][vc_column_text css=&#8221;&#8221;]<\/p>\n<p style=\"text-align: center\">Education USA<\/p>\n<p>[\/vc_column_text][vc_zigzag color=&#8221;white&#8221;][\/vc_column][vc_column width=&#8221;1\/5&#8243;][vc_single_image image=&#8221;2113&#8243; alignment=&#8221;center&#8221; css=&#8221;&#8221;][vc_column_text css=&#8221;&#8221;]<\/p>\n<p style=\"text-align: center\">CEIJA | Centro de Estudios Integrales de Jap\u00f3n<\/p>\n<p>[\/vc_column_text][vc_zigzag color=&#8221;white&#8221;][\/vc_column][vc_column width=&#8221;1\/5&#8243;][vc_single_image image=&#8221;2125&#8243; alignment=&#8221;center&#8221; css=&#8221;&#8221;][vc_column_text css=&#8221;&#8221;]<\/p>\n<p style=\"text-align: center\">Embajada del Reino de Marruecos en Chile<\/p>\n<p>[\/vc_column_text][vc_zigzag color=&#8221;white&#8221;][\/vc_column][vc_column width=&#8221;1\/5&#8243;][vc_single_image image=&#8221;2118&#8243; alignment=&#8221;center&#8221; css=&#8221;&#8221;][vc_column_text css=&#8221;&#8221;]<\/p>\n<p style=\"text-align: center\">Instituto Confucio UC<\/p>\n<p>[\/vc_column_text][vc_zigzag color=&#8221;white&#8221;][\/vc_column][\/vc_row][vc_row][vc_column width=&#8221;1\/5&#8243;][vc_single_image image=&#8221;2126&#8243; alignment=&#8221;center&#8221; css=&#8221;&#8221;][vc_column_text css=&#8221;&#8221;]<\/p>\n<p style=\"text-align: center\">Embajada del Reino de Suecia en Chile<\/p>\n<p>[\/vc_column_text][vc_zigzag color=&#8221;white&#8221;][\/vc_column][vc_column width=&#8221;1\/5&#8243;][vc_single_image image=&#8221;2119&#8243; alignment=&#8221;center&#8221; css=&#8221;&#8221;][vc_column_text css=&#8221;&#8221;]<\/p>\n<p style=\"text-align: center\">Embajada de Australia en Chile<\/p>\n<p>[\/vc_column_text][vc_zigzag color=&#8221;white&#8221;][\/vc_column][vc_column width=&#8221;1\/5&#8243;][vc_single_image image=&#8221;2117&#8243; alignment=&#8221;center&#8221; css=&#8221;&#8221;][vc_column_text css=&#8221;&#8221;]<\/p>\n<p style=\"text-align: center\">Oficina Econ\u00f3mica y Cultural de Taipei, Taiw\u00e1n en Chile<\/p>\n<p>[\/vc_column_text][vc_zigzag color=&#8221;white&#8221;][\/vc_column][vc_column width=&#8221;1\/5&#8243;][vc_single_image image=&#8221;2111&#8243; alignment=&#8221;center&#8221; css=&#8221;&#8221;][vc_column_text css=&#8221;&#8221;]<\/p>\n<p style=\"text-align: center\">Heidelberg Center para Am\u00e9rica Latina<\/p>\n<p>[\/vc_column_text][vc_zigzag color=&#8221;white&#8221;][\/vc_column][vc_column width=&#8221;1\/5&#8243;][vc_single_image image=&#8221;2114&#8243; alignment=&#8221;center&#8221; css=&#8221;&#8221;][vc_column_text css=&#8221;&#8221;]<\/p>\n<p style=\"text-align: center\">AFS Chile Programas Interculturales<\/p>\n<p>[\/vc_column_text][vc_zigzag color=&#8221;white&#8221;][\/vc_column][\/vc_row][vc_row][vc_column width=&#8221;1\/5&#8243;][vc_zigzag color=&#8221;white&#8221;][\/vc_column][vc_column width=&#8221;1\/5&#8243;][vc_single_image image=&#8221;2157&#8243; alignment=&#8221;center&#8221; css=&#8221;&#8221;][vc_column_text css=&#8221;&#8221;]<\/p>\n<p style=\"text-align: center\">\u00a0London School of Economics and Political Science (LSE)<\/p>\n<p>[\/vc_column_text][vc_zigzag color=&#8221;white&#8221;][\/vc_column][vc_column width=&#8221;1\/5&#8243;][vc_single_image image=&#8221;2114&#8243; alignment=&#8221;center&#8221; css=&#8221;&#8221;][vc_column_text css=&#8221;&#8221;]<\/p>\n<p style=\"text-align: center\">Programa de Ingl\u00e9s Institucional UOH<\/p>\n<p>[\/vc_column_text][vc_zigzag color=&#8221;white&#8221;][\/vc_column][vc_column width=&#8221;1\/5&#8243;][vc_single_image image=&#8221;2114&#8243; alignment=&#8221;center&#8221; css=&#8221;&#8221;][vc_column_text css=&#8221;&#8221;]<\/p>\n<p style=\"text-align: center\">Direcci\u00f3n de Internacionalizaci\u00f3n UOH<\/p>\n<p>[\/vc_column_text][vc_zigzag color=&#8221;white&#8221;][\/vc_column][vc_column width=&#8221;1\/5&#8243;][vc_zigzag color=&#8221;white&#8221;][\/vc_column][\/vc_row][\/vc_section][vc_section][vc_row][vc_column][vc_zigzag color=&#8221;white&#8221;][\/vc_column][\/vc_row][\/vc_section]<\/p>\n<\/div>","protected":false},"excerpt":{"rendered":"<p>[vc_section el_class=&#8221;container mx-auto align-items-center circle&#8211;pattern&#8221; css=&#8221;.vc_custom_1648956589196{padding-top: 3rem !important;}&#8221;][vc_row el_class=&#8221;pb-5&#8243;][vc_column][vc_wp_custommenu nav_menu=&#8221;3&#8243;][vc_wp_custommenu nav_menu=&#8221;6&#8243;][vc_row_inner][vc_column_inner width=&#8221;1\/2&#8243;][vc_column_text css=&#8221;&#8221;]Por cuarto a\u00f1o consecutivo, el mundo llega a la UOH en una semana llena de actividades acad\u00e9micas y culturales para toda la comunidad de la Regi\u00f3n de O&#8217;Higgins. Revisa m\u00e1s abajo el programa con las actividades cada d\u00eda, as\u00ed como el link de [&hellip;]<\/p>\n","protected":false},"author":38,"featured_media":0,"parent":1100,"menu_order":0,"comment_status":"closed","ping_status":"closed","template":"","meta":{"_acf_changed":false,"footnotes":""},"class_list":["post-2099","page","type-page","status-publish","hentry"],"acf":[],"yoast_head":"<!-- This site is optimized with the Yoast SEO plugin v26.6 - https:\/\/yoast.com\/wordpress\/plugins\/seo\/ -->\n<title>4\u00aa Semana Internacional UOH - Direcci\u00f3n de Internacionalizaci\u00f3n<\/title>\n<meta name=\"robots\" content=\"index, follow, max-snippet:-1, max-image-preview:large, max-video-preview:-1\" \/>\n<link rel=\"canonical\" href=\"https:\/\/www.uoh.cl\/internacional\/semana-internacional\/4a-semana-internacional-uoh\/\" \/>\n<meta property=\"og:locale\" content=\"es_ES\" \/>\n<meta property=\"og:type\" content=\"article\" \/>\n<meta property=\"og:title\" content=\"4\u00aa Semana Internacional UOH - Direcci\u00f3n de Internacionalizaci\u00f3n\" \/>\n<meta property=\"og:description\" content=\"[vc_section el_class=&#8221;container mx-auto align-items-center circle&#8211;pattern&#8221; css=&#8221;.vc_custom_1648956589196{padding-top: 3rem !important;}&#8221;][vc_row el_class=&#8221;pb-5&#8243;][vc_column][vc_wp_custommenu nav_menu=&#8221;3&#8243;][vc_wp_custommenu nav_menu=&#8221;6&#8243;][vc_row_inner][vc_column_inner width=&#8221;1\/2&#8243;][vc_column_text css=&#8221;&#8221;]Por cuarto a\u00f1o consecutivo, el mundo llega a la UOH en una semana llena de actividades acad\u00e9micas y culturales para toda la comunidad de la Regi\u00f3n de O&#8217;Higgins. Revisa m\u00e1s abajo el programa con las actividades cada d\u00eda, as\u00ed como el link de [&hellip;]\" \/>\n<meta property=\"og:url\" content=\"https:\/\/www.uoh.cl\/internacional\/semana-internacional\/4a-semana-internacional-uoh\/\" \/>\n<meta property=\"og:site_name\" content=\"Direcci\u00f3n de Internacionalizaci\u00f3n\" \/>\n<meta name=\"twitter:card\" content=\"summary_large_image\" \/>\n<meta name=\"twitter:label1\" content=\"Tiempo estimado de lectura\" \/>\n\t<meta name=\"twitter:data1\" content=\"8 minutos\" \/>\n<script type=\"application\/ld+json\" class=\"yoast-schema-graph\">{\"@context\":\"https:\/\/schema.org\",\"@graph\":[{\"@type\":\"WebPage\",\"@id\":\"https:\/\/www.uoh.cl\/internacional\/semana-internacional\/4a-semana-internacional-uoh\/\",\"url\":\"https:\/\/www.uoh.cl\/internacional\/semana-internacional\/4a-semana-internacional-uoh\/\",\"name\":\"4\u00aa Semana Internacional UOH - Direcci\u00f3n de Internacionalizaci\u00f3n\",\"isPartOf\":{\"@id\":\"https:\/\/www.uoh.cl\/internacional\/#website\"},\"datePublished\":\"2024-10-02T20:16:28+00:00\",\"breadcrumb\":{\"@id\":\"https:\/\/www.uoh.cl\/internacional\/semana-internacional\/4a-semana-internacional-uoh\/#breadcrumb\"},\"inLanguage\":\"es-CL\",\"potentialAction\":[{\"@type\":\"ReadAction\",\"target\":[\"https:\/\/www.uoh.cl\/internacional\/semana-internacional\/4a-semana-internacional-uoh\/\"]}]},{\"@type\":\"BreadcrumbList\",\"@id\":\"https:\/\/www.uoh.cl\/internacional\/semana-internacional\/4a-semana-internacional-uoh\/#breadcrumb\",\"itemListElement\":[{\"@type\":\"ListItem\",\"position\":1,\"name\":\"Semana Internacional UOH\",\"item\":\"https:\/\/www.uoh.cl\/internacional\/semana-internacional\/\"},{\"@type\":\"ListItem\",\"position\":2,\"name\":\"4\u00aa Semana Internacional UOH\"}]},{\"@type\":\"WebSite\",\"@id\":\"https:\/\/www.uoh.cl\/internacional\/#website\",\"url\":\"https:\/\/www.uoh.cl\/internacional\/\",\"name\":\"Direcci\u00f3n de Internacionalizaci\u00f3n\",\"description\":\"Otro sitio de Sitios de Universidad O'higgins\",\"potentialAction\":[{\"@type\":\"SearchAction\",\"target\":{\"@type\":\"EntryPoint\",\"urlTemplate\":\"https:\/\/www.uoh.cl\/internacional\/?s={search_term_string}\"},\"query-input\":{\"@type\":\"PropertyValueSpecification\",\"valueRequired\":true,\"valueName\":\"search_term_string\"}}],\"inLanguage\":\"es-CL\"}]}<\/script>\n<!-- \/ Yoast SEO plugin. -->","yoast_head_json":{"title":"4\u00aa Semana Internacional UOH - Direcci\u00f3n de Internacionalizaci\u00f3n","robots":{"index":"index","follow":"follow","max-snippet":"max-snippet:-1","max-image-preview":"max-image-preview:large","max-video-preview":"max-video-preview:-1"},"canonical":"https:\/\/www.uoh.cl\/internacional\/semana-internacional\/4a-semana-internacional-uoh\/","og_locale":"es_ES","og_type":"article","og_title":"4\u00aa Semana Internacional UOH - Direcci\u00f3n de Internacionalizaci\u00f3n","og_description":"[vc_section el_class=&#8221;container mx-auto align-items-center circle&#8211;pattern&#8221; css=&#8221;.vc_custom_1648956589196{padding-top: 3rem !important;}&#8221;][vc_row el_class=&#8221;pb-5&#8243;][vc_column][vc_wp_custommenu nav_menu=&#8221;3&#8243;][vc_wp_custommenu nav_menu=&#8221;6&#8243;][vc_row_inner][vc_column_inner width=&#8221;1\/2&#8243;][vc_column_text css=&#8221;&#8221;]Por cuarto a\u00f1o consecutivo, el mundo llega a la UOH en una semana llena de actividades acad\u00e9micas y culturales para toda la comunidad de la Regi\u00f3n de O&#8217;Higgins. Revisa m\u00e1s abajo el programa con las actividades cada d\u00eda, as\u00ed como el link de [&hellip;]","og_url":"https:\/\/www.uoh.cl\/internacional\/semana-internacional\/4a-semana-internacional-uoh\/","og_site_name":"Direcci\u00f3n de Internacionalizaci\u00f3n","twitter_card":"summary_large_image","twitter_misc":{"Tiempo estimado de lectura":"8 minutos"},"schema":{"@context":"https:\/\/schema.org","@graph":[{"@type":"WebPage","@id":"https:\/\/www.uoh.cl\/internacional\/semana-internacional\/4a-semana-internacional-uoh\/","url":"https:\/\/www.uoh.cl\/internacional\/semana-internacional\/4a-semana-internacional-uoh\/","name":"4\u00aa Semana Internacional UOH - Direcci\u00f3n de Internacionalizaci\u00f3n","isPartOf":{"@id":"https:\/\/www.uoh.cl\/internacional\/#website"},"datePublished":"2024-10-02T20:16:28+00:00","breadcrumb":{"@id":"https:\/\/www.uoh.cl\/internacional\/semana-internacional\/4a-semana-internacional-uoh\/#breadcrumb"},"inLanguage":"es-CL","potentialAction":[{"@type":"ReadAction","target":["https:\/\/www.uoh.cl\/internacional\/semana-internacional\/4a-semana-internacional-uoh\/"]}]},{"@type":"BreadcrumbList","@id":"https:\/\/www.uoh.cl\/internacional\/semana-internacional\/4a-semana-internacional-uoh\/#breadcrumb","itemListElement":[{"@type":"ListItem","position":1,"name":"Semana Internacional UOH","item":"https:\/\/www.uoh.cl\/internacional\/semana-internacional\/"},{"@type":"ListItem","position":2,"name":"4\u00aa Semana Internacional UOH"}]},{"@type":"WebSite","@id":"https:\/\/www.uoh.cl\/internacional\/#website","url":"https:\/\/www.uoh.cl\/internacional\/","name":"Direcci\u00f3n de Internacionalizaci\u00f3n","description":"Otro sitio de Sitios de Universidad O'higgins","potentialAction":[{"@type":"SearchAction","target":{"@type":"EntryPoint","urlTemplate":"https:\/\/www.uoh.cl\/internacional\/?s={search_term_string}"},"query-input":{"@type":"PropertyValueSpecification","valueRequired":true,"valueName":"search_term_string"}}],"inLanguage":"es-CL"}]}},"_links":{"self":[{"href":"https:\/\/www.uoh.cl\/internacional\/wp-json\/wp\/v2\/pages\/2099","targetHints":{"allow":["GET"]}}],"collection":[{"href":"https:\/\/www.uoh.cl\/internacional\/wp-json\/wp\/v2\/pages"}],"about":[{"href":"https:\/\/www.uoh.cl\/internacional\/wp-json\/wp\/v2\/types\/page"}],"author":[{"embeddable":true,"href":"https:\/\/www.uoh.cl\/internacional\/wp-json\/wp\/v2\/users\/38"}],"replies":[{"embeddable":true,"href":"https:\/\/www.uoh.cl\/internacional\/wp-json\/wp\/v2\/comments?post=2099"}],"version-history":[{"count":9,"href":"https:\/\/www.uoh.cl\/internacional\/wp-json\/wp\/v2\/pages\/2099\/revisions"}],"predecessor-version":[{"id":2156,"href":"https:\/\/www.uoh.cl\/internacional\/wp-json\/wp\/v2\/pages\/2099\/revisions\/2156"}],"up":[{"embeddable":true,"href":"https:\/\/www.uoh.cl\/internacional\/wp-json\/wp\/v2\/pages\/1100"}],"wp:attachment":[{"href":"https:\/\/www.uoh.cl\/internacional\/wp-json\/wp\/v2\/media?parent=2099"}],"curies":[{"name":"wp","href":"https:\/\/api.w.org\/{rel}","templated":true}]}}