
{"id":192,"date":"2022-06-06T13:24:57","date_gmt":"2022-06-06T16:24:57","guid":{"rendered":"https:\/\/www.uoh.cl\/relaciones-internacionales\/?page_id=192"},"modified":"2023-08-23T13:37:23","modified_gmt":"2023-08-23T16:37:23","slug":"becas-y-fondos","status":"publish","type":"page","link":"https:\/\/www.uoh.cl\/internacional\/becas-y-fondos\/","title":{"rendered":"Becas y Fondos"},"content":{"rendered":"<div class=\"wpb-content-wrapper\"><p>[vc_section el_class=&#8221;container mx-auto align-items-center text-right circle&#8211;pattern&#8221; css=&#8221;.vc_custom_1648956589196{padding-top: 3rem !important;}&#8221;][vc_row el_class=&#8221;pb-5&#8243;][vc_column][vc_wp_custommenu nav_menu=&#8221;3&#8243;]<div class=\"breadcrumb\"><ol itemscope itemtype=\"https:\/\/schema.org\/BreadcrumbList\"><li itemprop=\"itemListElement\" itemscope itemtype=\"https:\/\/schema.org\/ListItem\"><a itemprop=\"item\" href=\"http:\/\/www.uoh.cl\"><span itemprop=\"name\">Inicio<\/span><\/a><meta itemprop=\"position\" content=\"1\" \/><li itemprop=\"itemListElement\" itemscope itemtype=\"https:\/\/schema.org\/ListItem\"><a itemprop=\"item\" href=\"https:\/\/www.uoh.cl\/internacional\"><span itemprop=\"name\">Direcci\u00f3n de Internacionalizaci\u00f3n<\/span><\/a><meta itemprop=\"position\" content=\"2\" \/><li itemprop=\"itemListElement\" itemscope itemtype=\"https:\/\/schema.org\/ListItem\"><span itemprop=\"name\">Becas y Fondos <\/span><meta itemprop=\"position\" content=\"3\" \/><\/ol><\/div><div class=\"uoh_title_component-container\"><h1 class=\"title title--ms d-inline-block title--decorator  big\">Becas y Fondos<\/h1><\/div>[\/vc_column][\/vc_row][vc_row][vc_column]<div class=\"uoh_title_component-container\"><h2 class=\"title title--ms d-inline-block medium\">Beca Santander-UOH Estudiantes 2023<\/h2><\/div>[vc_column_text]La Direcci\u00f3n de Internacionalizaci\u00f3n invita a las y los estudiantes UOH a participar de la convocatoria 2023 de las \u201cBecas Santander Movilidad Internacional Pregrado\u201d. Este programa de becas tiene como objetivo general apoyar a estudiantes de educaci\u00f3n superior para que puedan realizar estudios en el extranjero, mediante la donaci\u00f3n de una suma de dinero destinada a financiar costos de alojamiento, alimentaci\u00f3n, transporte, seguro de viaje y otros asociados. Este apoyo permite con esto insertar a Chile en una sociedad globalizada del conocimiento, dando as\u00ed un impulso definitivo al desarrollo educacional, social y cultural de nuestro pa\u00eds.<\/p>\n<p>Concretamente, la\u00a0beca tiene el objetivo de facilitar a los y las estudiantes UOH la participaci\u00f3n en el programa de Intercambio Internacional durante un semestre acad\u00e9mico, en una universidad extranjera que haya suscrito un convenio de\u00a0movilidad estudiantil con la Universidad de O&#8217;Higgins. Estos convenios implican acciones de reciprocidad entre las instituciones, con lo que se libera a los y las estudiantes de pagos de arancel en la universidad de destino.\u00a0<i><\/i><\/p>\n<p>Pueden postular estudiantes en situaci\u00f3n regular que ya hayan cumplido con la mitad del avance acad\u00e9mico de su carrera y que tengan la intenci\u00f3n de inscribir cursos en el extranjero; el beneficio no considera la realizaci\u00f3n de pr\u00e1cticas o pasant\u00edas.[\/vc_column_text][\/vc_column][\/vc_row][\/vc_section][vc_section css=&#8221;.vc_custom_1686170968746{background-color: #f6faff !important;}&#8221; el_class=&#8221;p-md-0 pt-md-5 pb-md-5&#8243;][vc_row el_class=&#8221;container mx-auto align-items-center p-md-0 pt-5&#8243;][vc_column]    <div class=\"col-12 mt-md-5 mb-md-5\">\n        <div class=\"row m-0\">\n            \n            \n        <\/div>                    <div class=\"competitive-funds-container\">\n        <div class=\"competitive-funds-container__box-container\">    <div class=\"box-container__box box-container__box--open\">\n        <div class=\"box__date\">\n            <div class=\"d-flex align-items-center\">\n                <i class=\"fa-solid fa-calendar fa-xl fa-fw me-2\"><\/i>\n                <div class=\"date__date\">\n                    <span>Fecha de cierre<\/span>\n                    <p><\/p>\n                <\/div>\n            <\/div>\n            <span class=\"date__status\"> Abierto<\/span>\n        <\/div>\n        <div class=\"separador\" style=\"margin-top: 25px;\">\n            <span>\u2022<\/span><hr>\n        <\/div>\n\n        <a href=\"https:\/\/www.uoh.cl\/internacional\/concurso\/alemania-opciones-doctorado\/\">\n            <div class=\"box__name\">\n                <h2>ALEMANIA | Opciones de doctorado<\/h2>\n                <p class=\"text-muted area d-none\"><\/p>\n                <p class=\"campus d-none\"><i class=\"fa-solid fa-location-pin fa-fw me-1 d-none\"><\/i><\/p>\n                \n            <\/div>\n        <\/a>\n\n        <div class=\"separador\" style=\"margin-bottom: 25px;\">\n            <span>\u2022<\/span><hr>\n        <\/div>\n\n        <a href=\"https:\/\/www.uoh.cl\/internacional\/concurso\/alemania-opciones-doctorado\/\" class=\"box__link\" style=\"display: block; text-align: right;\">Saber m\u00e1s <svg version=\"1.1\" xmlns=\"http:\/\/www.w3.org\/2000\/svg\" xmlns:xlink=\"http:\/\/www.w3.org\/1999\/xlink\" x=\"0px\" y=\"0px\" width=\"22px\"height=\"22px\" viewBox=\"0 0 22 22\" style=\"overflow:visible;enable-background:new 0 0 80 64.6;\" xml:space=\"preserve\"><g clip-path=\"url(#acA)\"><path fill-rule=\"evenodd\" d=\"M21.913 11.266a.93.93 0 000-.711c-.022-.056-.063-.097-.091-.144s-.053-.103-.097-.15L12.306.294c-.357-.379-.955-.394-1.334-.038s-.394.955-.038 1.334l7.917 8.374H.927a.95.95 0 00-.908.983.946.946 0 00.908.908h17.924l-8.089 8.552c-.357.379-.341.977.034 1.334s.977.341 1.334-.034l9.594-10.148c.044-.044.063-.1.097-.15.028-.047.069-.088.091-.141z\"\/><\/g><defs><clipPath id=\"acA\"><path fill=\"#fff\" d=\"M0 0h22v22H0z\"\/><\/clipPath><\/defs><\/svg><\/a>\n    <\/div>    <div class=\"box-container__box box-container__box--open\">\n        <div class=\"box__date\">\n            <div class=\"d-flex align-items-center\">\n                <i class=\"fa-solid fa-calendar fa-xl fa-fw me-2\"><\/i>\n                <div class=\"date__date\">\n                    <span>Fecha de cierre<\/span>\n                    <p><\/p>\n                <\/div>\n            <\/div>\n            <span class=\"date__status\"> Abierto<\/span>\n        <\/div>\n        <div class=\"separador\" style=\"margin-top: 25px;\">\n            <span>\u2022<\/span><hr>\n        <\/div>\n\n        <a href=\"https:\/\/www.uoh.cl\/internacional\/concurso\/belgica-fwo-grant-for-a-scientific-stay-in-flanders\/\">\n            <div class=\"box__name\">\n                <h2>B\u00c9LGICA | FWO Grant for a scientific stay in Flanders<\/h2>\n                <p class=\"text-muted area d-none\"><\/p>\n                <p class=\"campus d-none\"><i class=\"fa-solid fa-location-pin fa-fw me-1 d-none\"><\/i><\/p>\n                \n            <\/div>\n        <\/a>\n\n        <div class=\"separador\" style=\"margin-bottom: 25px;\">\n            <span>\u2022<\/span><hr>\n        <\/div>\n\n        <a href=\"https:\/\/www.uoh.cl\/internacional\/concurso\/belgica-fwo-grant-for-a-scientific-stay-in-flanders\/\" class=\"box__link\" style=\"display: block; text-align: right;\">Saber m\u00e1s <svg version=\"1.1\" xmlns=\"http:\/\/www.w3.org\/2000\/svg\" xmlns:xlink=\"http:\/\/www.w3.org\/1999\/xlink\" x=\"0px\" y=\"0px\" width=\"22px\"height=\"22px\" viewBox=\"0 0 22 22\" style=\"overflow:visible;enable-background:new 0 0 80 64.6;\" xml:space=\"preserve\"><g clip-path=\"url(#acA)\"><path fill-rule=\"evenodd\" d=\"M21.913 11.266a.93.93 0 000-.711c-.022-.056-.063-.097-.091-.144s-.053-.103-.097-.15L12.306.294c-.357-.379-.955-.394-1.334-.038s-.394.955-.038 1.334l7.917 8.374H.927a.95.95 0 00-.908.983.946.946 0 00.908.908h17.924l-8.089 8.552c-.357.379-.341.977.034 1.334s.977.341 1.334-.034l9.594-10.148c.044-.044.063-.1.097-.15.028-.047.069-.088.091-.141z\"\/><\/g><defs><clipPath id=\"acA\"><path fill=\"#fff\" d=\"M0 0h22v22H0z\"\/><\/clipPath><\/defs><\/svg><\/a>\n    <\/div>    <div class=\"box-container__box box-container__box--closed\">\n        <div class=\"box__date\">\n            <div class=\"d-flex align-items-center\">\n                <i class=\"fa-solid fa-calendar fa-xl fa-fw me-2\"><\/i>\n                <div class=\"date__date\">\n                    <span>Fecha de cierre<\/span>\n                    <p>01\/12\/2023 a las 00:00<\/p>\n                <\/div>\n            <\/div>\n            <span class=\"date__status\"> Cerrado<\/span>\n        <\/div>\n        <div class=\"separador\" style=\"margin-top: 25px;\">\n            <span>\u2022<\/span><hr>\n        <\/div>\n\n        <a href=\"https:\/\/www.uoh.cl\/internacional\/concurso\/swiss-government-scholarships\/\">\n            <div class=\"box__name\">\n                <h2>SUIZA | Swiss Government Excellence Scholarships<\/h2>\n                <p class=\"text-muted area d-none\"><\/p>\n                <p class=\"campus d-none\"><i class=\"fa-solid fa-location-pin fa-fw me-1 d-none\"><\/i><\/p>\n                \n            <\/div>\n        <\/a>\n\n        <div class=\"separador\" style=\"margin-bottom: 25px;\">\n            <span>\u2022<\/span><hr>\n        <\/div>\n\n        <a href=\"https:\/\/www.uoh.cl\/internacional\/concurso\/swiss-government-scholarships\/\" class=\"box__link\" style=\"display: block; text-align: right;\">Saber m\u00e1s <svg version=\"1.1\" xmlns=\"http:\/\/www.w3.org\/2000\/svg\" xmlns:xlink=\"http:\/\/www.w3.org\/1999\/xlink\" x=\"0px\" y=\"0px\" width=\"22px\"height=\"22px\" viewBox=\"0 0 22 22\" style=\"overflow:visible;enable-background:new 0 0 80 64.6;\" xml:space=\"preserve\"><g clip-path=\"url(#acA)\"><path fill-rule=\"evenodd\" d=\"M21.913 11.266a.93.93 0 000-.711c-.022-.056-.063-.097-.091-.144s-.053-.103-.097-.15L12.306.294c-.357-.379-.955-.394-1.334-.038s-.394.955-.038 1.334l7.917 8.374H.927a.95.95 0 00-.908.983.946.946 0 00.908.908h17.924l-8.089 8.552c-.357.379-.341.977.034 1.334s.977.341 1.334-.034l9.594-10.148c.044-.044.063-.1.097-.15.028-.047.069-.088.091-.141z\"\/><\/g><defs><clipPath id=\"acA\"><path fill=\"#fff\" d=\"M0 0h22v22H0z\"\/><\/clipPath><\/defs><\/svg><\/a>\n    <\/div>        <\/div>\n    <\/div>    <\/div><div class=\"pagination justify-content-center my-5\"><span aria-current=\"page\" class=\"page-numbers current\">1<\/span>\n<a class=\"page-numbers\" href=\"https:\/\/www.uoh.cl\/internacional\/wp-json\/wp\/v2\/pages\/192\/\/page\/2\">2<\/a>\n<a class=\"next page-numbers\" href=\"https:\/\/www.uoh.cl\/internacional\/wp-json\/wp\/v2\/pages\/192\/\/page\/2\"><div class=\"icon-pagination-next\"> <?xml version=\"1.0\" ?><svg viewBox=\"0 0 96 96\" xmlns=\"http:\/\/www.w3.org\/2000\/svg\"><title\/><path d=\"M39.3756,48.0022l30.47-25.39a6.0035,6.0035,0,0,0-7.6878-9.223L26.1563,43.3906a6.0092,6.0092,0,0,0,0,9.2231L62.1578,82.615a6.0035,6.0035,0,0,0,7.6878-9.2231Z\"\/><\/svg> <\/div><\/a><\/div>[\/vc_column][\/vc_row][\/vc_section]<\/p>\n<\/div>","protected":false},"excerpt":{"rendered":"<p>[vc_section el_class=&#8221;container mx-auto align-items-center text-right circle&#8211;pattern&#8221; css=&#8221;.vc_custom_1648956589196{padding-top: 3rem !important;}&#8221;][vc_row el_class=&#8221;pb-5&#8243;][vc_column][vc_wp_custommenu nav_menu=&#8221;3&#8243;][\/vc_column][\/vc_row][vc_row][vc_column][vc_column_text]La Direcci\u00f3n de Internacionalizaci\u00f3n invita a las y los estudiantes UOH a participar de la convocatoria 2023 de las \u201cBecas Santander Movilidad Internacional Pregrado\u201d. Este programa de becas tiene como objetivo general apoyar a estudiantes de educaci\u00f3n superior para que puedan realizar estudios en el [&hellip;]<\/p>\n","protected":false},"author":34,"featured_media":0,"parent":0,"menu_order":0,"comment_status":"closed","ping_status":"closed","template":"","meta":{"_acf_changed":false,"footnotes":""},"class_list":["post-192","page","type-page","status-publish","hentry"],"acf":[],"yoast_head":"<!-- This site is optimized with the Yoast SEO plugin v26.6 - https:\/\/yoast.com\/wordpress\/plugins\/seo\/ -->\n<title>Becas y Fondos - Direcci\u00f3n de Internacionalizaci\u00f3n<\/title>\n<meta name=\"robots\" content=\"index, follow, max-snippet:-1, max-image-preview:large, max-video-preview:-1\" \/>\n<link rel=\"canonical\" href=\"https:\/\/www.uoh.cl\/internacional\/becas-y-fondos\/\" \/>\n<meta property=\"og:locale\" content=\"es_ES\" \/>\n<meta property=\"og:type\" content=\"article\" \/>\n<meta property=\"og:title\" content=\"Becas y Fondos - Direcci\u00f3n de Internacionalizaci\u00f3n\" \/>\n<meta property=\"og:description\" content=\"[vc_section el_class=&#8221;container mx-auto align-items-center text-right circle&#8211;pattern&#8221; css=&#8221;.vc_custom_1648956589196{padding-top: 3rem !important;}&#8221;][vc_row el_class=&#8221;pb-5&#8243;][vc_column][vc_wp_custommenu nav_menu=&#8221;3&#8243;][\/vc_column][\/vc_row][vc_row][vc_column][vc_column_text]La Direcci\u00f3n de Internacionalizaci\u00f3n invita a las y los estudiantes UOH a participar de la convocatoria 2023 de las \u201cBecas Santander Movilidad Internacional Pregrado\u201d. Este programa de becas tiene como objetivo general apoyar a estudiantes de educaci\u00f3n superior para que puedan realizar estudios en el [&hellip;]\" \/>\n<meta property=\"og:url\" content=\"https:\/\/www.uoh.cl\/internacional\/becas-y-fondos\/\" \/>\n<meta property=\"og:site_name\" content=\"Direcci\u00f3n de Internacionalizaci\u00f3n\" \/>\n<meta property=\"article:modified_time\" content=\"2023-08-23T16:37:23+00:00\" \/>\n<meta name=\"twitter:card\" content=\"summary_large_image\" \/>\n<meta name=\"twitter:label1\" content=\"Tiempo estimado de lectura\" \/>\n\t<meta name=\"twitter:data1\" content=\"2 minutos\" \/>\n<script type=\"application\/ld+json\" class=\"yoast-schema-graph\">{\"@context\":\"https:\/\/schema.org\",\"@graph\":[{\"@type\":\"WebPage\",\"@id\":\"https:\/\/www.uoh.cl\/internacional\/becas-y-fondos\/\",\"url\":\"https:\/\/www.uoh.cl\/internacional\/becas-y-fondos\/\",\"name\":\"Becas y Fondos - Direcci\u00f3n de Internacionalizaci\u00f3n\",\"isPartOf\":{\"@id\":\"https:\/\/www.uoh.cl\/internacional\/#website\"},\"datePublished\":\"2022-06-06T16:24:57+00:00\",\"dateModified\":\"2023-08-23T16:37:23+00:00\",\"inLanguage\":\"es-CL\",\"potentialAction\":[{\"@type\":\"ReadAction\",\"target\":[\"https:\/\/www.uoh.cl\/internacional\/becas-y-fondos\/\"]}]},{\"@type\":\"WebSite\",\"@id\":\"https:\/\/www.uoh.cl\/internacional\/#website\",\"url\":\"https:\/\/www.uoh.cl\/internacional\/\",\"name\":\"Direcci\u00f3n de Internacionalizaci\u00f3n\",\"description\":\"Otro sitio de Sitios de Universidad O'higgins\",\"potentialAction\":[{\"@type\":\"SearchAction\",\"target\":{\"@type\":\"EntryPoint\",\"urlTemplate\":\"https:\/\/www.uoh.cl\/internacional\/?s={search_term_string}\"},\"query-input\":{\"@type\":\"PropertyValueSpecification\",\"valueRequired\":true,\"valueName\":\"search_term_string\"}}],\"inLanguage\":\"es-CL\"}]}<\/script>\n<!-- \/ Yoast SEO plugin. -->","yoast_head_json":{"title":"Becas y Fondos - Direcci\u00f3n de Internacionalizaci\u00f3n","robots":{"index":"index","follow":"follow","max-snippet":"max-snippet:-1","max-image-preview":"max-image-preview:large","max-video-preview":"max-video-preview:-1"},"canonical":"https:\/\/www.uoh.cl\/internacional\/becas-y-fondos\/","og_locale":"es_ES","og_type":"article","og_title":"Becas y Fondos - Direcci\u00f3n de Internacionalizaci\u00f3n","og_description":"[vc_section el_class=&#8221;container mx-auto align-items-center text-right circle&#8211;pattern&#8221; css=&#8221;.vc_custom_1648956589196{padding-top: 3rem !important;}&#8221;][vc_row el_class=&#8221;pb-5&#8243;][vc_column][vc_wp_custommenu nav_menu=&#8221;3&#8243;][\/vc_column][\/vc_row][vc_row][vc_column][vc_column_text]La Direcci\u00f3n de Internacionalizaci\u00f3n invita a las y los estudiantes UOH a participar de la convocatoria 2023 de las \u201cBecas Santander Movilidad Internacional Pregrado\u201d. Este programa de becas tiene como objetivo general apoyar a estudiantes de educaci\u00f3n superior para que puedan realizar estudios en el [&hellip;]","og_url":"https:\/\/www.uoh.cl\/internacional\/becas-y-fondos\/","og_site_name":"Direcci\u00f3n de Internacionalizaci\u00f3n","article_modified_time":"2023-08-23T16:37:23+00:00","twitter_card":"summary_large_image","twitter_misc":{"Tiempo estimado de lectura":"2 minutos"},"schema":{"@context":"https:\/\/schema.org","@graph":[{"@type":"WebPage","@id":"https:\/\/www.uoh.cl\/internacional\/becas-y-fondos\/","url":"https:\/\/www.uoh.cl\/internacional\/becas-y-fondos\/","name":"Becas y Fondos - Direcci\u00f3n de Internacionalizaci\u00f3n","isPartOf":{"@id":"https:\/\/www.uoh.cl\/internacional\/#website"},"datePublished":"2022-06-06T16:24:57+00:00","dateModified":"2023-08-23T16:37:23+00:00","inLanguage":"es-CL","potentialAction":[{"@type":"ReadAction","target":["https:\/\/www.uoh.cl\/internacional\/becas-y-fondos\/"]}]},{"@type":"WebSite","@id":"https:\/\/www.uoh.cl\/internacional\/#website","url":"https:\/\/www.uoh.cl\/internacional\/","name":"Direcci\u00f3n de Internacionalizaci\u00f3n","description":"Otro sitio de Sitios de Universidad O'higgins","potentialAction":[{"@type":"SearchAction","target":{"@type":"EntryPoint","urlTemplate":"https:\/\/www.uoh.cl\/internacional\/?s={search_term_string}"},"query-input":{"@type":"PropertyValueSpecification","valueRequired":true,"valueName":"search_term_string"}}],"inLanguage":"es-CL"}]}},"_links":{"self":[{"href":"https:\/\/www.uoh.cl\/internacional\/wp-json\/wp\/v2\/pages\/192","targetHints":{"allow":["GET"]}}],"collection":[{"href":"https:\/\/www.uoh.cl\/internacional\/wp-json\/wp\/v2\/pages"}],"about":[{"href":"https:\/\/www.uoh.cl\/internacional\/wp-json\/wp\/v2\/types\/page"}],"author":[{"embeddable":true,"href":"https:\/\/www.uoh.cl\/internacional\/wp-json\/wp\/v2\/users\/34"}],"replies":[{"embeddable":true,"href":"https:\/\/www.uoh.cl\/internacional\/wp-json\/wp\/v2\/comments?post=192"}],"version-history":[{"count":22,"href":"https:\/\/www.uoh.cl\/internacional\/wp-json\/wp\/v2\/pages\/192\/revisions"}],"predecessor-version":[{"id":1089,"href":"https:\/\/www.uoh.cl\/internacional\/wp-json\/wp\/v2\/pages\/192\/revisions\/1089"}],"wp:attachment":[{"href":"https:\/\/www.uoh.cl\/internacional\/wp-json\/wp\/v2\/media?parent=192"}],"curies":[{"name":"wp","href":"https:\/\/api.w.org\/{rel}","templated":true}]}}