
{"id":1174,"date":"2023-08-24T17:27:28","date_gmt":"2023-08-24T20:27:28","guid":{"rendered":"https:\/\/www.uoh.cl\/internacional\/?page_id=1174"},"modified":"2023-08-24T17:27:28","modified_gmt":"2023-08-24T20:27:28","slug":"coil","status":"publish","type":"page","link":"https:\/\/www.uoh.cl\/internacional\/coil\/","title":{"rendered":"COIL"},"content":{"rendered":"<div class=\"wpb-content-wrapper\"><p>[vc_section el_class=&#8221;container mx-auto align-items-center circle&#8211;pattern&#8221; css=&#8221;.vc_custom_1648956589196{padding-top: 3rem !important;}&#8221;][vc_row el_class=&#8221;pb-5&#8243;][vc_column][vc_wp_custommenu nav_menu=&#8221;3&#8243;][vc_wp_custommenu nav_menu=&#8221;6&#8243;]<div class=\"breadcrumb\"><ol itemscope itemtype=\"https:\/\/schema.org\/BreadcrumbList\"><li itemprop=\"itemListElement\" itemscope itemtype=\"https:\/\/schema.org\/ListItem\"><a itemprop=\"item\" href=\"http:\/\/www.uoh.cl\"><span itemprop=\"name\">Inicio<\/span><\/a><meta itemprop=\"position\" content=\"1\" \/><li itemprop=\"itemListElement\" itemscope itemtype=\"https:\/\/schema.org\/ListItem\"><a itemprop=\"item\" href=\"https:\/\/www.uoh.cl\/internacional\"><span itemprop=\"name\">Direcci\u00f3n de Internacionalizaci\u00f3n<\/span><\/a><meta itemprop=\"position\" content=\"2\" \/><li itemprop=\"itemListElement\" itemscope itemtype=\"https:\/\/schema.org\/ListItem\"><span itemprop=\"name\">COIL <\/span><meta itemprop=\"position\" content=\"3\" \/><\/ol><\/div><div class=\"uoh_title_component-container\"><h1 class=\"title title--ms d-inline-block title--decorator  big\">COIL<\/h1><\/div>[vc_row_inner][vc_column_inner][vc_column_text css=&#8221;&#8221;]<\/p>\n<h3 class=\"LC20lb MBeuO DKV0Md\">\u00bfQu\u00e9 es COIL?<\/h3>\n<p>[\/vc_column_text][vc_zigzag color=&#8221;white&#8221;][vc_column_text css=&#8221;&#8221;]El Aprendizaje Colaborativo Internacional en L\u00ednea, COIL por sus siglas en ingl\u00e9s, es una innovadora metodolog\u00eda educativa que promueve la colaboraci\u00f3n internacional entre estudiantes y profesores a trav\u00e9s de entornos virtuales. Mediante clases y proyectos conjuntos en l\u00ednea, de entre 4 y 5 semanas de duraci\u00f3n, estudiantes de diferentes pa\u00edses trabajan juntos para compartir conocimientos, desarrollar competencias interculturales y ampliar su perspectiva global sin necesidad de viajar f\u00edsicamente a otro pa\u00eds.<\/p>\n<p>Esta pr\u00e1ctica fomenta el aprendizaje colaborativo, la inclusi\u00f3n, y el desarrollo de habilidades digitales y de comunicaci\u00f3n en un contexto multicultural.[\/vc_column_text][vc_zigzag color=&#8221;white&#8221;][vc_column_text css=&#8221;&#8221;]<\/p>\n<h3 class=\"LC20lb MBeuO DKV0Md\">\u00bfC\u00f3mo se hace un proyecto COIL?<\/h3>\n<p>[\/vc_column_text][vc_zigzag color=&#8221;white&#8221;][vc_column_text css=&#8221;&#8221;]Los proyectos en esta metodolog\u00eda siguen normalmente los mismos pasos:<\/p>\n<p><strong>1. Selecci\u00f3n<\/strong> de socios internacionales: Profesor\/a de la UOH se pone en contacto con colega de una universidad en el extranjero para dise\u00f1ar un proyecto en conjunto. En caso de no tener un contaxto previo, se puede solicitar apoyo de la Direcci\u00f3n de Internacionalizaci\u00f3n para buscar una contraparte o para solicitar asesor\u00eda.<\/p>\n<p><strong>2. Dise\u00f1o<\/strong> del proyecto: Se define el tema, los objetivos, actividades y evaluaci\u00f3n. Es importante que el proyecto sea interdisciplinario y promueva la interacci\u00f3n real entre estudiantes.<\/p>\n<p><strong>3. Planificaci\u00f3n<\/strong> y calendarizaci\u00f3n: Se establecen fechas para las actividades (sincr\u00f3nicas y\/o asincr\u00f3nicas), considerando las diferencias horarias.<\/p>\n<p><strong>4. Ejecuci\u00f3n<\/strong>: Los estudiantes trabajan en equipo utilizando plataformas virtuales para realizar las actividades, intercambiar informaci\u00f3n y desarrollar productos conjuntos.<\/p>\n<p><strong>5. Evaluaci\u00f3n<\/strong> y retroalimentaci\u00f3n: Se realiza una evaluaci\u00f3n tanto acad\u00e9mica como de las habilidades interculturales adquiridas, adem\u00e1s de recoger opiniones para mejorar futuras ediciones.[\/vc_column_text][vc_zigzag color=&#8221;white&#8221;][vc_column_text css=&#8221;&#8221;]<\/p>\n<h3 class=\"LC20lb MBeuO DKV0Md\">Experiencias COIL en la UOH<\/h3>\n<p>[\/vc_column_text][vc_zigzag color=&#8221;white&#8221;][vc_column_text css=&#8221;&#8221;]En la UOH se realizan cursos en metodolog\u00eda COIL desde el a\u00f1o 2023. En sus diferentes versiones, han participado estudiantes de diferentes asignaturas dentro de las carreras de Derecho, Auditor\u00eda, Pedagog\u00eda en Lenguaje y Comunicaci\u00f3n e Ingenier\u00eda Comercial, adem\u00e1s de Cursos de Formaci\u00f3n General.<\/p>\n<p>Cada a\u00f1o se van ampliando estos programas, con miras a que muchas m\u00e1s carreras puedan tener este tipo de experiencias. De momento, estos cursos se han realizado en conjunto con universidades de Argentina, Colombia, Francia, Per\u00fa y Suecia.[\/vc_column_text][vc_zigzag color=&#8221;white&#8221;][vc_column_text css=&#8221;&#8221;]<\/p>\n<h3 class=\"LC20lb MBeuO DKV0Md\">Testimonios<\/h3>\n<p>[\/vc_column_text][vc_zigzag color=&#8221;white&#8221;][vc_column_text css=&#8221;&#8221;]Conoce a continuaci\u00f3n qu\u00e9 dicen docentes y estudiantes UOH sobre sus experiencias participando en cursos COIL[\/vc_column_text][vc_zigzag color=&#8221;white&#8221;][vc_column_text css=&#8221;&#8221;]<\/p>\n<p><iframe title=\"Experiencia COIL 2025 - Universidad de O&#039;Higgins\" width=\"500\" height=\"281\" data-src=\"https:\/\/www.youtube.com\/embed\/wcXGxOw9kWA?feature=oembed\" frameborder=\"0\" allow=\"accelerometer; autoplay; clipboard-write; encrypted-media; gyroscope; picture-in-picture; web-share\" referrerpolicy=\"strict-origin-when-cross-origin\" allowfullscreen src=\"data:image\/svg+xml;base64,PHN2ZyB3aWR0aD0iMSIgaGVpZ2h0PSIxIiB4bWxucz0iaHR0cDovL3d3dy53My5vcmcvMjAwMC9zdmciPjwvc3ZnPg==\" class=\"lazyload\" data-load-mode=\"1\"><\/iframe><\/p>\n<p>[\/vc_column_text][vc_column_text css=&#8221;&#8221;]<\/p>\n<p><iframe title=\"Experiencia COIL 2024 - C\u00e1psula profesor Roberto Sagredo\" width=\"500\" height=\"281\" data-src=\"https:\/\/www.youtube.com\/embed\/LRg6eagkjkI?feature=oembed\" frameborder=\"0\" allow=\"accelerometer; autoplay; clipboard-write; encrypted-media; gyroscope; picture-in-picture; web-share\" referrerpolicy=\"strict-origin-when-cross-origin\" allowfullscreen src=\"data:image\/svg+xml;base64,PHN2ZyB3aWR0aD0iMSIgaGVpZ2h0PSIxIiB4bWxucz0iaHR0cDovL3d3dy53My5vcmcvMjAwMC9zdmciPjwvc3ZnPg==\" class=\"lazyload\" data-load-mode=\"1\"><\/iframe><\/p>\n<p>[\/vc_column_text][vc_column_text css=&#8221;&#8221;]<\/p>\n<p><iframe title=\"Experiencia COIL 2024 - C\u00e1psula estudiante Jos\u00e9 Miguel Mardones\" width=\"500\" height=\"281\" data-src=\"https:\/\/www.youtube.com\/embed\/rz0rczge-jQ?feature=oembed\" frameborder=\"0\" allow=\"accelerometer; autoplay; clipboard-write; encrypted-media; gyroscope; picture-in-picture; web-share\" referrerpolicy=\"strict-origin-when-cross-origin\" allowfullscreen src=\"data:image\/svg+xml;base64,PHN2ZyB3aWR0aD0iMSIgaGVpZ2h0PSIxIiB4bWxucz0iaHR0cDovL3d3dy53My5vcmcvMjAwMC9zdmciPjwvc3ZnPg==\" class=\"lazyload\" data-load-mode=\"1\"><\/iframe><\/p>\n<p>[\/vc_column_text][vc_column_text css=&#8221;&#8221;]<\/p>\n<p><iframe title=\"Experiencia COIL 2024 - C\u00e1psula estudiante Sof\u00eda N\u00fa\u00f1ez\" width=\"500\" height=\"281\" data-src=\"https:\/\/www.youtube.com\/embed\/GumjH14Xp2w?feature=oembed\" frameborder=\"0\" allow=\"accelerometer; autoplay; clipboard-write; encrypted-media; gyroscope; picture-in-picture; web-share\" referrerpolicy=\"strict-origin-when-cross-origin\" allowfullscreen src=\"data:image\/svg+xml;base64,PHN2ZyB3aWR0aD0iMSIgaGVpZ2h0PSIxIiB4bWxucz0iaHR0cDovL3d3dy53My5vcmcvMjAwMC9zdmciPjwvc3ZnPg==\" class=\"lazyload\" data-load-mode=\"1\"><\/iframe><\/p>\n<p>[\/vc_column_text][\/vc_column_inner][\/vc_row_inner][\/vc_column][\/vc_row][vc_row][vc_column width=&#8221;2\/3&#8243;][\/vc_column][vc_column width=&#8221;1\/3&#8243;][\/vc_column][\/vc_row][\/vc_section][vc_section css=&#8221;.vc_custom_1649209804184{background-color: #f6faff !important;}&#8221; el_class=&#8221;p-md-0 pt-md-5&#8243;][vc_row el_class=&#8221;container mx-auto align-items-center p-md-0 pt-5&#8243;][vc_column el_class=&#8221;p-0&#8243;][\/vc_column][\/vc_row][\/vc_section][vc_section css=&#8221;.vc_custom_1649210787516{background-color: #f6faff !important;}&#8221; el_class=&#8221;p-md-0 pt-md-5 pb-md-5&#8243;][vc_row el_class=&#8221;container mx-auto align-items-center&#8221;][vc_column][\/vc_column][\/vc_row][\/vc_section]<\/p>\n<\/div>","protected":false},"excerpt":{"rendered":"<p>[vc_section el_class=&#8221;container mx-auto align-items-center circle&#8211;pattern&#8221; css=&#8221;.vc_custom_1648956589196{padding-top: 3rem !important;}&#8221;][vc_row el_class=&#8221;pb-5&#8243;][vc_column][vc_wp_custommenu nav_menu=&#8221;3&#8243;][vc_wp_custommenu nav_menu=&#8221;6&#8243;][vc_row_inner][vc_column_inner][vc_column_text css=&#8221;&#8221;] \u00bfQu\u00e9 es COIL? [\/vc_column_text][vc_zigzag color=&#8221;white&#8221;][vc_column_text css=&#8221;&#8221;]El Aprendizaje Colaborativo Internacional en L\u00ednea, COIL por sus siglas en ingl\u00e9s, es una innovadora metodolog\u00eda educativa que promueve la colaboraci\u00f3n internacional entre estudiantes y profesores a trav\u00e9s de entornos virtuales. Mediante clases y proyectos conjuntos en l\u00ednea, [&hellip;]<\/p>\n","protected":false},"author":38,"featured_media":0,"parent":0,"menu_order":0,"comment_status":"closed","ping_status":"closed","template":"","meta":{"_acf_changed":false,"footnotes":""},"class_list":["post-1174","page","type-page","status-publish","hentry"],"acf":[],"yoast_head":"<!-- This site is optimized with the Yoast SEO plugin v26.6 - https:\/\/yoast.com\/wordpress\/plugins\/seo\/ -->\n<title>COIL - Direcci\u00f3n de Internacionalizaci\u00f3n<\/title>\n<meta name=\"robots\" content=\"index, follow, max-snippet:-1, max-image-preview:large, max-video-preview:-1\" \/>\n<link rel=\"canonical\" href=\"https:\/\/www.uoh.cl\/internacional\/coil\/\" \/>\n<meta property=\"og:locale\" content=\"es_ES\" \/>\n<meta property=\"og:type\" content=\"article\" \/>\n<meta property=\"og:title\" content=\"COIL - Direcci\u00f3n de Internacionalizaci\u00f3n\" \/>\n<meta property=\"og:description\" content=\"[vc_section el_class=&#8221;container mx-auto align-items-center circle&#8211;pattern&#8221; css=&#8221;.vc_custom_1648956589196{padding-top: 3rem !important;}&#8221;][vc_row el_class=&#8221;pb-5&#8243;][vc_column][vc_wp_custommenu nav_menu=&#8221;3&#8243;][vc_wp_custommenu nav_menu=&#8221;6&#8243;][vc_row_inner][vc_column_inner][vc_column_text css=&#8221;&#8221;] \u00bfQu\u00e9 es COIL? [\/vc_column_text][vc_zigzag color=&#8221;white&#8221;][vc_column_text css=&#8221;&#8221;]El Aprendizaje Colaborativo Internacional en L\u00ednea, COIL por sus siglas en ingl\u00e9s, es una innovadora metodolog\u00eda educativa que promueve la colaboraci\u00f3n internacional entre estudiantes y profesores a trav\u00e9s de entornos virtuales. Mediante clases y proyectos conjuntos en l\u00ednea, [&hellip;]\" \/>\n<meta property=\"og:url\" content=\"https:\/\/www.uoh.cl\/internacional\/coil\/\" \/>\n<meta property=\"og:site_name\" content=\"Direcci\u00f3n de Internacionalizaci\u00f3n\" \/>\n<meta name=\"twitter:card\" content=\"summary_large_image\" \/>\n<meta name=\"twitter:label1\" content=\"Tiempo estimado de lectura\" \/>\n\t<meta name=\"twitter:data1\" content=\"3 minutos\" \/>\n<script type=\"application\/ld+json\" class=\"yoast-schema-graph\">{\"@context\":\"https:\/\/schema.org\",\"@graph\":[{\"@type\":\"WebPage\",\"@id\":\"https:\/\/www.uoh.cl\/internacional\/coil\/\",\"url\":\"https:\/\/www.uoh.cl\/internacional\/coil\/\",\"name\":\"COIL - Direcci\u00f3n de Internacionalizaci\u00f3n\",\"isPartOf\":{\"@id\":\"https:\/\/www.uoh.cl\/internacional\/#website\"},\"datePublished\":\"2023-08-24T20:27:28+00:00\",\"inLanguage\":\"es-CL\",\"potentialAction\":[{\"@type\":\"ReadAction\",\"target\":[\"https:\/\/www.uoh.cl\/internacional\/coil\/\"]}]},{\"@type\":\"WebSite\",\"@id\":\"https:\/\/www.uoh.cl\/internacional\/#website\",\"url\":\"https:\/\/www.uoh.cl\/internacional\/\",\"name\":\"Direcci\u00f3n de Internacionalizaci\u00f3n\",\"description\":\"Otro sitio de Sitios de Universidad O'higgins\",\"potentialAction\":[{\"@type\":\"SearchAction\",\"target\":{\"@type\":\"EntryPoint\",\"urlTemplate\":\"https:\/\/www.uoh.cl\/internacional\/?s={search_term_string}\"},\"query-input\":{\"@type\":\"PropertyValueSpecification\",\"valueRequired\":true,\"valueName\":\"search_term_string\"}}],\"inLanguage\":\"es-CL\"}]}<\/script>\n<!-- \/ Yoast SEO plugin. -->","yoast_head_json":{"title":"COIL - Direcci\u00f3n de Internacionalizaci\u00f3n","robots":{"index":"index","follow":"follow","max-snippet":"max-snippet:-1","max-image-preview":"max-image-preview:large","max-video-preview":"max-video-preview:-1"},"canonical":"https:\/\/www.uoh.cl\/internacional\/coil\/","og_locale":"es_ES","og_type":"article","og_title":"COIL - Direcci\u00f3n de Internacionalizaci\u00f3n","og_description":"[vc_section el_class=&#8221;container mx-auto align-items-center circle&#8211;pattern&#8221; css=&#8221;.vc_custom_1648956589196{padding-top: 3rem !important;}&#8221;][vc_row el_class=&#8221;pb-5&#8243;][vc_column][vc_wp_custommenu nav_menu=&#8221;3&#8243;][vc_wp_custommenu nav_menu=&#8221;6&#8243;][vc_row_inner][vc_column_inner][vc_column_text css=&#8221;&#8221;] \u00bfQu\u00e9 es COIL? [\/vc_column_text][vc_zigzag color=&#8221;white&#8221;][vc_column_text css=&#8221;&#8221;]El Aprendizaje Colaborativo Internacional en L\u00ednea, COIL por sus siglas en ingl\u00e9s, es una innovadora metodolog\u00eda educativa que promueve la colaboraci\u00f3n internacional entre estudiantes y profesores a trav\u00e9s de entornos virtuales. Mediante clases y proyectos conjuntos en l\u00ednea, [&hellip;]","og_url":"https:\/\/www.uoh.cl\/internacional\/coil\/","og_site_name":"Direcci\u00f3n de Internacionalizaci\u00f3n","twitter_card":"summary_large_image","twitter_misc":{"Tiempo estimado de lectura":"3 minutos"},"schema":{"@context":"https:\/\/schema.org","@graph":[{"@type":"WebPage","@id":"https:\/\/www.uoh.cl\/internacional\/coil\/","url":"https:\/\/www.uoh.cl\/internacional\/coil\/","name":"COIL - Direcci\u00f3n de Internacionalizaci\u00f3n","isPartOf":{"@id":"https:\/\/www.uoh.cl\/internacional\/#website"},"datePublished":"2023-08-24T20:27:28+00:00","inLanguage":"es-CL","potentialAction":[{"@type":"ReadAction","target":["https:\/\/www.uoh.cl\/internacional\/coil\/"]}]},{"@type":"WebSite","@id":"https:\/\/www.uoh.cl\/internacional\/#website","url":"https:\/\/www.uoh.cl\/internacional\/","name":"Direcci\u00f3n de Internacionalizaci\u00f3n","description":"Otro sitio de Sitios de Universidad O'higgins","potentialAction":[{"@type":"SearchAction","target":{"@type":"EntryPoint","urlTemplate":"https:\/\/www.uoh.cl\/internacional\/?s={search_term_string}"},"query-input":{"@type":"PropertyValueSpecification","valueRequired":true,"valueName":"search_term_string"}}],"inLanguage":"es-CL"}]}},"_links":{"self":[{"href":"https:\/\/www.uoh.cl\/internacional\/wp-json\/wp\/v2\/pages\/1174","targetHints":{"allow":["GET"]}}],"collection":[{"href":"https:\/\/www.uoh.cl\/internacional\/wp-json\/wp\/v2\/pages"}],"about":[{"href":"https:\/\/www.uoh.cl\/internacional\/wp-json\/wp\/v2\/types\/page"}],"author":[{"embeddable":true,"href":"https:\/\/www.uoh.cl\/internacional\/wp-json\/wp\/v2\/users\/38"}],"replies":[{"embeddable":true,"href":"https:\/\/www.uoh.cl\/internacional\/wp-json\/wp\/v2\/comments?post=1174"}],"version-history":[{"count":4,"href":"https:\/\/www.uoh.cl\/internacional\/wp-json\/wp\/v2\/pages\/1174\/revisions"}],"predecessor-version":[{"id":2989,"href":"https:\/\/www.uoh.cl\/internacional\/wp-json\/wp\/v2\/pages\/1174\/revisions\/2989"}],"wp:attachment":[{"href":"https:\/\/www.uoh.cl\/internacional\/wp-json\/wp\/v2\/media?parent=1174"}],"curies":[{"name":"wp","href":"https:\/\/api.w.org\/{rel}","templated":true}]}}