
{"id":1126,"date":"2023-08-24T11:34:26","date_gmt":"2023-08-24T14:34:26","guid":{"rendered":"https:\/\/www.uoh.cl\/internacional\/?page_id=1126"},"modified":"2023-08-24T11:34:26","modified_gmt":"2023-08-24T14:34:26","slug":"financiamiento-hacia-uoh","status":"publish","type":"page","link":"https:\/\/www.uoh.cl\/internacional\/financiamiento-hacia-uoh\/","title":{"rendered":"Hacia la UOH"},"content":{"rendered":"<div class=\"wpb-content-wrapper\"><p>[vc_section el_class=&#8221;container mx-auto align-items-center circle&#8211;pattern&#8221; css=&#8221;.vc_custom_1648956589196{padding-top: 3rem !important;}&#8221;][vc_row el_class=&#8221;pb-5&#8243;][vc_column][vc_wp_custommenu nav_menu=&#8221;3&#8243;][vc_wp_custommenu nav_menu=&#8221;6&#8243;]<div class=\"breadcrumb\"><ol itemscope itemtype=\"https:\/\/schema.org\/BreadcrumbList\"><li itemprop=\"itemListElement\" itemscope itemtype=\"https:\/\/schema.org\/ListItem\"><a itemprop=\"item\" href=\"http:\/\/www.uoh.cl\"><span itemprop=\"name\">Inicio<\/span><\/a><meta itemprop=\"position\" content=\"1\" \/><li itemprop=\"itemListElement\" itemscope itemtype=\"https:\/\/schema.org\/ListItem\"><a itemprop=\"item\" href=\"https:\/\/www.uoh.cl\/internacional\"><span itemprop=\"name\">Direcci\u00f3n de Internacionalizaci\u00f3n<\/span><\/a><meta itemprop=\"position\" content=\"2\" \/><li itemprop=\"itemListElement\" itemscope itemtype=\"https:\/\/schema.org\/ListItem\"><span itemprop=\"name\">Hacia la UOH <\/span><meta itemprop=\"position\" content=\"3\" \/><\/ol><\/div><div class=\"uoh_title_component-container\"><h1 class=\"title title--ms d-inline-block title--decorator  big\">Becas para venir a la UOH<\/h1><\/div>[vc_row_inner][vc_column_inner][vc_column_text]<\/p>\n<p class=\"LC20lb MBeuO DKV0Md\">Existen diversos programas de financiamiento que te pueden permitir estudiar en la UOH si te encuentras actualmente en otro pa\u00eds. Te invitamos a conocer algunos aqu\u00ed:<\/p>\n<p>[\/vc_column_text][vc_zigzag color=&#8221;white&#8221;][\/vc_column_inner][\/vc_row_inner][vc_tta_accordion][vc_tta_section title=&#8221;Becas internas UOH&#8221; tab_id=&#8221;1715197483667-2f3eb26e-f082&#8243;][vc_column_text]<\/p>\n<ul>\n<li><b>Beca mag\u00edster exenci\u00f3n de arancel: <\/b>beca que libera total (100%) o parcialmente (75% o 50% o 25%) el arancel anual por la duraci\u00f3n nominal del programa de mag\u00edster elegido en la UOH. La beca no considera la cuota b\u00e1sica de matr\u00edcula anual ni el pago de impuestos de graduaci\u00f3n y\/o titulaci\u00f3n de postgrado.<\/li>\n<li><strong>Beca doctoral Universidad de O\u2019Higgins<\/strong>: esta beca libera el 100% del arancel y matr\u00edcula a las\/os estudiantes regulares de los programas de doctorado de la Universidad. Adem\u00e1s, otorga una manutenci\u00f3n equivalente a $9.600.000 (aprox. 10.250 USD) m\u00e1ximo anual, distribuido en cuotas mensuales por la duraci\u00f3n nominal del programa, as\u00ed como una asignaci\u00f3n anual de $407.880 (aprox. 435 USD) para apoyar su cobertura de salud.<\/li>\n<\/ul>\n<p>Para m\u00e1s informaci\u00f3n de estos programas, favor visitar <a href=\"https:\/\/www.uoh.cl\/postgrado\/becas-y-beneficios-postgrado-uoh\" target=\"_blank\" rel=\"noopener\">este sitio<\/a> o contactar a <a href=\"mailto:consultas.postgrado@uoh.cl\" target=\"_blank\" rel=\"noopener\"><em>consultas.postgrado@uoh.cl<\/em><\/a>[\/vc_column_text][\/vc_tta_section][vc_tta_section title=&#8221;Becas externas&#8221; tab_id=&#8221;1715197483674-3bd60915-7a2f&#8221;][vc_column_text]<\/p>\n<ul>\n<li><b>Plataforma de Movilidad Estudiantil y Acad\u00e9mica de la Alianza del Pac\u00edfico: <\/b>esta beca ofrece la movilidad en alguna de las siguientes modalidades: intercambio de un semestre para estudiantes de pregrado; intercambio para estudiantes de doctorado para asistir a cursos, realizar investigaci\u00f3n o trabajos ligados a tesis y\/o publicaciones; pasant\u00edas para investigadores de IES acreditadas para realizar investigaci\u00f3n, realizar cursos y\/o trabajos asociados a tesis y publicaciones; Pasant\u00edas para acad\u00e9micos universitarios para impartir cursos como profesor invitado en pregrado o postgrado. La beca es de financiamiento completo y cubre costos de pasajes, estad\u00eda, manutenci\u00f3n y seguro m\u00e9dico. El programa est\u00e1 dirigido s\u00f3lo a personas en instituciones de educaci\u00f3n superior de <strong>Colombia, M\u00e9xico y Per\u00fa. <\/strong><a href=\"https:\/\/alianzapacifico.net\/\" target=\"_blank\" rel=\"noopener\">M\u00e1s informaci\u00f3n aqu\u00ed.<\/a><\/li>\n<li><strong>Programa de Movilidad Estudiantil Manuela S\u00e1enz: <\/strong>programa de financiamiento dirigido a estudiantes de pregrado interesados en cursar un semestre de estudios en una instituci\u00f3n de educaci\u00f3n superior debidamente acreditada ante el organismo calificador del Gobierno de Chile. La beca incluye una asignaci\u00f3n mensual, un seguro de asistencia en viaje para emergencias de salud y\/o accidentes que afecten al titular de la beca durante su permanencia en Chile, pasajes a\u00e9reos (plan redondo) desde la ciudad de origen o de mayor cercan\u00eda a su residencia habitual, hasta la ciudad de estudios en Chile, y posterior retorno en igualdad de condiciones. Programa abierto s\u00f3lo a estudiantes de <strong>Ecuador y Paraguay<\/strong>. <a href=\"https:\/\/www.agci.cl\/index.php\/becas\/becas-para-extranjeros\/105-encuentra-tu-beca\/1694-infobecaextr-4\/?tipo=2&amp;idNew=318\" target=\"_blank\" rel=\"noopener\">M\u00e1s informaci\u00f3n aqu\u00ed.<\/a><\/li>\n<\/ul>\n<p>[\/vc_column_text][\/vc_tta_section][\/vc_tta_accordion][\/vc_column][\/vc_row][\/vc_section]<\/p>\n<\/div>","protected":false},"excerpt":{"rendered":"<p>[vc_section el_class=&#8221;container mx-auto align-items-center circle&#8211;pattern&#8221; css=&#8221;.vc_custom_1648956589196{padding-top: 3rem !important;}&#8221;][vc_row el_class=&#8221;pb-5&#8243;][vc_column][vc_wp_custommenu nav_menu=&#8221;3&#8243;][vc_wp_custommenu nav_menu=&#8221;6&#8243;][vc_row_inner][vc_column_inner][vc_column_text] Existen diversos programas de financiamiento que te pueden permitir estudiar en la UOH si te encuentras actualmente en otro pa\u00eds. Te invitamos a conocer algunos aqu\u00ed: [\/vc_column_text][vc_zigzag color=&#8221;white&#8221;][\/vc_column_inner][\/vc_row_inner][vc_tta_accordion][vc_tta_section title=&#8221;Becas internas UOH&#8221; tab_id=&#8221;1715197483667-2f3eb26e-f082&#8243;][vc_column_text] Beca mag\u00edster exenci\u00f3n de arancel: beca que libera total (100%) o parcialmente [&hellip;]<\/p>\n","protected":false},"author":38,"featured_media":0,"parent":0,"menu_order":0,"comment_status":"closed","ping_status":"closed","template":"","meta":{"_acf_changed":false,"footnotes":""},"class_list":["post-1126","page","type-page","status-publish","hentry"],"acf":[],"yoast_head":"<!-- This site is optimized with the Yoast SEO plugin v26.6 - https:\/\/yoast.com\/wordpress\/plugins\/seo\/ -->\n<title>Hacia la UOH - Direcci\u00f3n de Internacionalizaci\u00f3n<\/title>\n<meta name=\"robots\" content=\"index, follow, max-snippet:-1, max-image-preview:large, max-video-preview:-1\" \/>\n<link rel=\"canonical\" href=\"https:\/\/www.uoh.cl\/internacional\/financiamiento-hacia-uoh\/\" \/>\n<meta property=\"og:locale\" content=\"es_ES\" \/>\n<meta property=\"og:type\" content=\"article\" \/>\n<meta property=\"og:title\" content=\"Hacia la UOH - Direcci\u00f3n de Internacionalizaci\u00f3n\" \/>\n<meta property=\"og:description\" content=\"[vc_section el_class=&#8221;container mx-auto align-items-center circle&#8211;pattern&#8221; css=&#8221;.vc_custom_1648956589196{padding-top: 3rem !important;}&#8221;][vc_row el_class=&#8221;pb-5&#8243;][vc_column][vc_wp_custommenu nav_menu=&#8221;3&#8243;][vc_wp_custommenu nav_menu=&#8221;6&#8243;][vc_row_inner][vc_column_inner][vc_column_text] Existen diversos programas de financiamiento que te pueden permitir estudiar en la UOH si te encuentras actualmente en otro pa\u00eds. Te invitamos a conocer algunos aqu\u00ed: [\/vc_column_text][vc_zigzag color=&#8221;white&#8221;][\/vc_column_inner][\/vc_row_inner][vc_tta_accordion][vc_tta_section title=&#8221;Becas internas UOH&#8221; tab_id=&#8221;1715197483667-2f3eb26e-f082&#8243;][vc_column_text] Beca mag\u00edster exenci\u00f3n de arancel: beca que libera total (100%) o parcialmente [&hellip;]\" \/>\n<meta property=\"og:url\" content=\"https:\/\/www.uoh.cl\/internacional\/financiamiento-hacia-uoh\/\" \/>\n<meta property=\"og:site_name\" content=\"Direcci\u00f3n de Internacionalizaci\u00f3n\" \/>\n<meta name=\"twitter:card\" content=\"summary_large_image\" \/>\n<meta name=\"twitter:label1\" content=\"Tiempo estimado de lectura\" \/>\n\t<meta name=\"twitter:data1\" content=\"2 minutos\" \/>\n<script type=\"application\/ld+json\" class=\"yoast-schema-graph\">{\"@context\":\"https:\/\/schema.org\",\"@graph\":[{\"@type\":\"WebPage\",\"@id\":\"https:\/\/www.uoh.cl\/internacional\/financiamiento-hacia-uoh\/\",\"url\":\"https:\/\/www.uoh.cl\/internacional\/financiamiento-hacia-uoh\/\",\"name\":\"Hacia la UOH - Direcci\u00f3n de Internacionalizaci\u00f3n\",\"isPartOf\":{\"@id\":\"https:\/\/www.uoh.cl\/internacional\/#website\"},\"datePublished\":\"2023-08-24T14:34:26+00:00\",\"inLanguage\":\"es-CL\",\"potentialAction\":[{\"@type\":\"ReadAction\",\"target\":[\"https:\/\/www.uoh.cl\/internacional\/financiamiento-hacia-uoh\/\"]}]},{\"@type\":\"WebSite\",\"@id\":\"https:\/\/www.uoh.cl\/internacional\/#website\",\"url\":\"https:\/\/www.uoh.cl\/internacional\/\",\"name\":\"Direcci\u00f3n de Internacionalizaci\u00f3n\",\"description\":\"Otro sitio de Sitios de Universidad O'higgins\",\"potentialAction\":[{\"@type\":\"SearchAction\",\"target\":{\"@type\":\"EntryPoint\",\"urlTemplate\":\"https:\/\/www.uoh.cl\/internacional\/?s={search_term_string}\"},\"query-input\":{\"@type\":\"PropertyValueSpecification\",\"valueRequired\":true,\"valueName\":\"search_term_string\"}}],\"inLanguage\":\"es-CL\"}]}<\/script>\n<!-- \/ Yoast SEO plugin. -->","yoast_head_json":{"title":"Hacia la UOH - Direcci\u00f3n de Internacionalizaci\u00f3n","robots":{"index":"index","follow":"follow","max-snippet":"max-snippet:-1","max-image-preview":"max-image-preview:large","max-video-preview":"max-video-preview:-1"},"canonical":"https:\/\/www.uoh.cl\/internacional\/financiamiento-hacia-uoh\/","og_locale":"es_ES","og_type":"article","og_title":"Hacia la UOH - Direcci\u00f3n de Internacionalizaci\u00f3n","og_description":"[vc_section el_class=&#8221;container mx-auto align-items-center circle&#8211;pattern&#8221; css=&#8221;.vc_custom_1648956589196{padding-top: 3rem !important;}&#8221;][vc_row el_class=&#8221;pb-5&#8243;][vc_column][vc_wp_custommenu nav_menu=&#8221;3&#8243;][vc_wp_custommenu nav_menu=&#8221;6&#8243;][vc_row_inner][vc_column_inner][vc_column_text] Existen diversos programas de financiamiento que te pueden permitir estudiar en la UOH si te encuentras actualmente en otro pa\u00eds. Te invitamos a conocer algunos aqu\u00ed: [\/vc_column_text][vc_zigzag color=&#8221;white&#8221;][\/vc_column_inner][\/vc_row_inner][vc_tta_accordion][vc_tta_section title=&#8221;Becas internas UOH&#8221; tab_id=&#8221;1715197483667-2f3eb26e-f082&#8243;][vc_column_text] Beca mag\u00edster exenci\u00f3n de arancel: beca que libera total (100%) o parcialmente [&hellip;]","og_url":"https:\/\/www.uoh.cl\/internacional\/financiamiento-hacia-uoh\/","og_site_name":"Direcci\u00f3n de Internacionalizaci\u00f3n","twitter_card":"summary_large_image","twitter_misc":{"Tiempo estimado de lectura":"2 minutos"},"schema":{"@context":"https:\/\/schema.org","@graph":[{"@type":"WebPage","@id":"https:\/\/www.uoh.cl\/internacional\/financiamiento-hacia-uoh\/","url":"https:\/\/www.uoh.cl\/internacional\/financiamiento-hacia-uoh\/","name":"Hacia la UOH - Direcci\u00f3n de Internacionalizaci\u00f3n","isPartOf":{"@id":"https:\/\/www.uoh.cl\/internacional\/#website"},"datePublished":"2023-08-24T14:34:26+00:00","inLanguage":"es-CL","potentialAction":[{"@type":"ReadAction","target":["https:\/\/www.uoh.cl\/internacional\/financiamiento-hacia-uoh\/"]}]},{"@type":"WebSite","@id":"https:\/\/www.uoh.cl\/internacional\/#website","url":"https:\/\/www.uoh.cl\/internacional\/","name":"Direcci\u00f3n de Internacionalizaci\u00f3n","description":"Otro sitio de Sitios de Universidad O'higgins","potentialAction":[{"@type":"SearchAction","target":{"@type":"EntryPoint","urlTemplate":"https:\/\/www.uoh.cl\/internacional\/?s={search_term_string}"},"query-input":{"@type":"PropertyValueSpecification","valueRequired":true,"valueName":"search_term_string"}}],"inLanguage":"es-CL"}]}},"_links":{"self":[{"href":"https:\/\/www.uoh.cl\/internacional\/wp-json\/wp\/v2\/pages\/1126","targetHints":{"allow":["GET"]}}],"collection":[{"href":"https:\/\/www.uoh.cl\/internacional\/wp-json\/wp\/v2\/pages"}],"about":[{"href":"https:\/\/www.uoh.cl\/internacional\/wp-json\/wp\/v2\/types\/page"}],"author":[{"embeddable":true,"href":"https:\/\/www.uoh.cl\/internacional\/wp-json\/wp\/v2\/users\/38"}],"replies":[{"embeddable":true,"href":"https:\/\/www.uoh.cl\/internacional\/wp-json\/wp\/v2\/comments?post=1126"}],"version-history":[{"count":4,"href":"https:\/\/www.uoh.cl\/internacional\/wp-json\/wp\/v2\/pages\/1126\/revisions"}],"predecessor-version":[{"id":2378,"href":"https:\/\/www.uoh.cl\/internacional\/wp-json\/wp\/v2\/pages\/1126\/revisions\/2378"}],"wp:attachment":[{"href":"https:\/\/www.uoh.cl\/internacional\/wp-json\/wp\/v2\/media?parent=1126"}],"curies":[{"name":"wp","href":"https:\/\/api.w.org\/{rel}","templated":true}]}}