
{"id":1114,"date":"2023-08-24T11:26:09","date_gmt":"2023-08-24T14:26:09","guid":{"rendered":"https:\/\/www.uoh.cl\/internacional\/?page_id=1114"},"modified":"2025-11-20T15:40:14","modified_gmt":"2025-11-20T18:40:14","slug":"pasantias","status":"publish","type":"page","link":"https:\/\/www.uoh.cl\/internacional\/pasantias\/","title":{"rendered":"Pasant\u00edas internacionales"},"content":{"rendered":"<div class=\"wpb-content-wrapper\"><p>[vc_section el_class=&#8221;container mx-auto align-items-center circle&#8211;pattern&#8221; css=&#8221;.vc_custom_1648956589196{padding-top: 3rem !important;}&#8221;][vc_row el_class=&#8221;pb-5&#8243;][vc_column][vc_wp_custommenu nav_menu=&#8221;3&#8243;][vc_wp_custommenu nav_menu=&#8221;6&#8243;]<div class=\"breadcrumb\"><ol itemscope itemtype=\"https:\/\/schema.org\/BreadcrumbList\"><li itemprop=\"itemListElement\" itemscope itemtype=\"https:\/\/schema.org\/ListItem\"><a itemprop=\"item\" href=\"http:\/\/www.uoh.cl\"><span itemprop=\"name\">Inicio<\/span><\/a><meta itemprop=\"position\" content=\"1\" \/><li itemprop=\"itemListElement\" itemscope itemtype=\"https:\/\/schema.org\/ListItem\"><a itemprop=\"item\" href=\"https:\/\/www.uoh.cl\/internacional\"><span itemprop=\"name\">Direcci\u00f3n de Internacionalizaci\u00f3n<\/span><\/a><meta itemprop=\"position\" content=\"2\" \/><li itemprop=\"itemListElement\" itemscope itemtype=\"https:\/\/schema.org\/ListItem\"><span itemprop=\"name\">Pasant\u00edas internacionales <\/span><meta itemprop=\"position\" content=\"3\" \/><\/ol><\/div><div class=\"uoh_title_component-container\"><h1 class=\"title title--ms d-inline-block title--decorator  big\">Pasant\u00edas internacionales<\/h1><\/div>[vc_row_inner][vc_column_inner][vc_column_text css=&#8221;&#8221;]<\/p>\n<h3 class=\"LC20lb MBeuO DKV0Md\">Una estad\u00eda de investigaci\u00f3n en el extranjero<\/h3>\n<p>[\/vc_column_text][vc_zigzag color=&#8221;white&#8221;][vc_column_text css=&#8221;&#8221;]Las Pasant\u00edas Internacionales buscan fortalecer el desarrollo acad\u00e9mico, profesional y personal de estudiantes de pregrado y postgrado de la UOH, permiti\u00e9ndoles participar en experiencias de investigaci\u00f3n en instituciones extranjeras.<\/p>\n<p>Estas pasant\u00edas no solo enriquecen la formaci\u00f3n disciplinar y el dominio de otros idiomas, sino que tambi\u00e9n promueven el intercambio cultural, la creaci\u00f3n de redes acad\u00e9micas y el fortalecimiento del compromiso con el entorno desde una perspectiva internacional.[\/vc_column_text][vc_zigzag color=&#8221;white&#8221;][vc_column_text css=&#8221;&#8221;]<\/p>\n<h3 class=\"LC20lb MBeuO DKV0Md\">Destinos<\/h3>\n<p>[\/vc_column_text][vc_zigzag color=&#8221;white&#8221;][vc_column_text css=&#8221;&#8221;]Los programas para estas pasant\u00edas internacionales comprenden los siguientes:[\/vc_column_text][\/vc_column_inner][\/vc_row_inner][\/vc_column][\/vc_row][vc_row][vc_column][vc_tta_accordion c_icon=&#8221;chevron&#8221; active_section=&#8221;1&#8243; collapsible_all=&#8221;true&#8221;][vc_tta_section title=&#8221;\ud83c\uddeb\ud83c\uddf7 Pasant\u00edas en Francia&#8221; tab_id=&#8221;1753202284109-6626b38c-46cd&#8221;][vc_column_text css=&#8221;&#8221;]Con el patrocinio del Instituto Franc\u00e9s (dependiente de la Embajada de Francia en Chile), la Direcci\u00f3n de Internacionalizaci\u00f3n pone a disposici\u00f3n de la comunidad UOH la Beca Pasant\u00eda en Francia. Esta beca tiene el objetivo de facilitar a los y las estudiantes de la Universidad la realizaci\u00f3n de una pasant\u00eda de investigaci\u00f3n durante dos meses en una instituci\u00f3n francesa (universidad o laboratorio) con v\u00ednculos acad\u00e9micos con nuestra Casa de Estudios.<\/p>\n<p>Para esta beca, un patrocinador de la UOH (acad\u00e9mico\/a) nomina a un\/a estudiante para una estad\u00eda, utilizando sus v\u00ednculos acad\u00e9micos en Francia. Las estad\u00edas tienen una duraci\u00f3n m\u00ednima de 50 d\u00edas y m\u00e1xima de 60 d\u00edas y usualmente se llevan a cabo dentro del per\u00edodo entre enero y marzo de cada a\u00f1o.[\/vc_column_text][\/vc_tta_section][vc_tta_section title=&#8221;\ud83c\udde9\ud83c\uddea Pasant\u00edas en Alemania&#8221; tab_id=&#8221;1753202284118-3701c669-c251&#8243;][vc_column_text css=&#8221;&#8221;]La Universidad de Ciencias Aplicadas Rhine-Waal, instituci\u00f3n alemana con la que la UOH cuenta con convenios de cooperaci\u00f3n y movilidad, ofrece una estad\u00eda para investigaci\u00f3n de 3 meses en su Campus en Kleve.<\/p>\n<p>Convocatoria excepcional, no regular[\/vc_column_text][\/vc_tta_section][vc_tta_section title=&#8221;\ud83c\udde8\ud83c\udde6 Pasant\u00edas en Canad\u00e1&#8221; tab_id=&#8221;1753202317169-cdbccaa5-f96e&#8221;][vc_column_text css=&#8221;&#8221;]Pronto m\u00e1s detalles[\/vc_column_text][\/vc_tta_section][\/vc_tta_accordion][\/vc_column][\/vc_row][\/vc_section][vc_section css=&#8221;.vc_custom_1649209804184{background-color: #f6faff !important;}&#8221; el_class=&#8221;p-md-0 pt-md-5&#8243;][vc_row el_class=&#8221;container mx-auto align-items-center p-md-0 pt-5&#8243;][vc_column el_class=&#8221;p-0&#8243;][\/vc_column][\/vc_row][\/vc_section][vc_section css=&#8221;.vc_custom_1649210787516{background-color: #f6faff !important;}&#8221; el_class=&#8221;p-md-0 pt-md-5 pb-md-5&#8243;][vc_row el_class=&#8221;container mx-auto align-items-center&#8221;][vc_column][\/vc_column][\/vc_row][\/vc_section]<\/p>\n<\/div>","protected":false},"excerpt":{"rendered":"<p>[vc_section el_class=&#8221;container mx-auto align-items-center circle&#8211;pattern&#8221; css=&#8221;.vc_custom_1648956589196{padding-top: 3rem !important;}&#8221;][vc_row el_class=&#8221;pb-5&#8243;][vc_column][vc_wp_custommenu nav_menu=&#8221;3&#8243;][vc_wp_custommenu nav_menu=&#8221;6&#8243;][vc_row_inner][vc_column_inner][vc_column_text css=&#8221;&#8221;] Una estad\u00eda de investigaci\u00f3n en el extranjero [\/vc_column_text][vc_zigzag color=&#8221;white&#8221;][vc_column_text css=&#8221;&#8221;]Las Pasant\u00edas Internacionales buscan fortalecer el desarrollo acad\u00e9mico, profesional y personal de estudiantes de pregrado y postgrado de la UOH, permiti\u00e9ndoles participar en experiencias de investigaci\u00f3n en instituciones extranjeras. Estas pasant\u00edas no solo enriquecen [&hellip;]<\/p>\n","protected":false},"author":38,"featured_media":0,"parent":0,"menu_order":0,"comment_status":"closed","ping_status":"closed","template":"","meta":{"_acf_changed":false,"footnotes":""},"class_list":["post-1114","page","type-page","status-publish","hentry"],"acf":[],"yoast_head":"<!-- This site is optimized with the Yoast SEO plugin v26.6 - https:\/\/yoast.com\/wordpress\/plugins\/seo\/ -->\n<title>Pasant\u00edas internacionales - Direcci\u00f3n de Internacionalizaci\u00f3n<\/title>\n<meta name=\"robots\" content=\"index, follow, max-snippet:-1, max-image-preview:large, max-video-preview:-1\" \/>\n<link rel=\"canonical\" href=\"https:\/\/www.uoh.cl\/internacional\/pasantias\/\" \/>\n<meta property=\"og:locale\" content=\"es_ES\" \/>\n<meta property=\"og:type\" content=\"article\" \/>\n<meta property=\"og:title\" content=\"Pasant\u00edas internacionales - Direcci\u00f3n de Internacionalizaci\u00f3n\" \/>\n<meta property=\"og:description\" content=\"[vc_section el_class=&#8221;container mx-auto align-items-center circle&#8211;pattern&#8221; css=&#8221;.vc_custom_1648956589196{padding-top: 3rem !important;}&#8221;][vc_row el_class=&#8221;pb-5&#8243;][vc_column][vc_wp_custommenu nav_menu=&#8221;3&#8243;][vc_wp_custommenu nav_menu=&#8221;6&#8243;][vc_row_inner][vc_column_inner][vc_column_text css=&#8221;&#8221;] Una estad\u00eda de investigaci\u00f3n en el extranjero [\/vc_column_text][vc_zigzag color=&#8221;white&#8221;][vc_column_text css=&#8221;&#8221;]Las Pasant\u00edas Internacionales buscan fortalecer el desarrollo acad\u00e9mico, profesional y personal de estudiantes de pregrado y postgrado de la UOH, permiti\u00e9ndoles participar en experiencias de investigaci\u00f3n en instituciones extranjeras. Estas pasant\u00edas no solo enriquecen [&hellip;]\" \/>\n<meta property=\"og:url\" content=\"https:\/\/www.uoh.cl\/internacional\/pasantias\/\" \/>\n<meta property=\"og:site_name\" content=\"Direcci\u00f3n de Internacionalizaci\u00f3n\" \/>\n<meta property=\"article:modified_time\" content=\"2025-11-20T18:40:14+00:00\" \/>\n<meta name=\"twitter:card\" content=\"summary_large_image\" \/>\n<meta name=\"twitter:label1\" content=\"Tiempo estimado de lectura\" \/>\n\t<meta name=\"twitter:data1\" content=\"2 minutos\" \/>\n<script type=\"application\/ld+json\" class=\"yoast-schema-graph\">{\"@context\":\"https:\/\/schema.org\",\"@graph\":[{\"@type\":\"WebPage\",\"@id\":\"https:\/\/www.uoh.cl\/internacional\/pasantias\/\",\"url\":\"https:\/\/www.uoh.cl\/internacional\/pasantias\/\",\"name\":\"Pasant\u00edas internacionales - Direcci\u00f3n de Internacionalizaci\u00f3n\",\"isPartOf\":{\"@id\":\"https:\/\/www.uoh.cl\/internacional\/#website\"},\"datePublished\":\"2023-08-24T14:26:09+00:00\",\"dateModified\":\"2025-11-20T18:40:14+00:00\",\"inLanguage\":\"es-CL\",\"potentialAction\":[{\"@type\":\"ReadAction\",\"target\":[\"https:\/\/www.uoh.cl\/internacional\/pasantias\/\"]}]},{\"@type\":\"WebSite\",\"@id\":\"https:\/\/www.uoh.cl\/internacional\/#website\",\"url\":\"https:\/\/www.uoh.cl\/internacional\/\",\"name\":\"Direcci\u00f3n de Internacionalizaci\u00f3n\",\"description\":\"Otro sitio de Sitios de Universidad O'higgins\",\"potentialAction\":[{\"@type\":\"SearchAction\",\"target\":{\"@type\":\"EntryPoint\",\"urlTemplate\":\"https:\/\/www.uoh.cl\/internacional\/?s={search_term_string}\"},\"query-input\":{\"@type\":\"PropertyValueSpecification\",\"valueRequired\":true,\"valueName\":\"search_term_string\"}}],\"inLanguage\":\"es-CL\"}]}<\/script>\n<!-- \/ Yoast SEO plugin. -->","yoast_head_json":{"title":"Pasant\u00edas internacionales - Direcci\u00f3n de Internacionalizaci\u00f3n","robots":{"index":"index","follow":"follow","max-snippet":"max-snippet:-1","max-image-preview":"max-image-preview:large","max-video-preview":"max-video-preview:-1"},"canonical":"https:\/\/www.uoh.cl\/internacional\/pasantias\/","og_locale":"es_ES","og_type":"article","og_title":"Pasant\u00edas internacionales - Direcci\u00f3n de Internacionalizaci\u00f3n","og_description":"[vc_section el_class=&#8221;container mx-auto align-items-center circle&#8211;pattern&#8221; css=&#8221;.vc_custom_1648956589196{padding-top: 3rem !important;}&#8221;][vc_row el_class=&#8221;pb-5&#8243;][vc_column][vc_wp_custommenu nav_menu=&#8221;3&#8243;][vc_wp_custommenu nav_menu=&#8221;6&#8243;][vc_row_inner][vc_column_inner][vc_column_text css=&#8221;&#8221;] Una estad\u00eda de investigaci\u00f3n en el extranjero [\/vc_column_text][vc_zigzag color=&#8221;white&#8221;][vc_column_text css=&#8221;&#8221;]Las Pasant\u00edas Internacionales buscan fortalecer el desarrollo acad\u00e9mico, profesional y personal de estudiantes de pregrado y postgrado de la UOH, permiti\u00e9ndoles participar en experiencias de investigaci\u00f3n en instituciones extranjeras. Estas pasant\u00edas no solo enriquecen [&hellip;]","og_url":"https:\/\/www.uoh.cl\/internacional\/pasantias\/","og_site_name":"Direcci\u00f3n de Internacionalizaci\u00f3n","article_modified_time":"2025-11-20T18:40:14+00:00","twitter_card":"summary_large_image","twitter_misc":{"Tiempo estimado de lectura":"2 minutos"},"schema":{"@context":"https:\/\/schema.org","@graph":[{"@type":"WebPage","@id":"https:\/\/www.uoh.cl\/internacional\/pasantias\/","url":"https:\/\/www.uoh.cl\/internacional\/pasantias\/","name":"Pasant\u00edas internacionales - Direcci\u00f3n de Internacionalizaci\u00f3n","isPartOf":{"@id":"https:\/\/www.uoh.cl\/internacional\/#website"},"datePublished":"2023-08-24T14:26:09+00:00","dateModified":"2025-11-20T18:40:14+00:00","inLanguage":"es-CL","potentialAction":[{"@type":"ReadAction","target":["https:\/\/www.uoh.cl\/internacional\/pasantias\/"]}]},{"@type":"WebSite","@id":"https:\/\/www.uoh.cl\/internacional\/#website","url":"https:\/\/www.uoh.cl\/internacional\/","name":"Direcci\u00f3n de Internacionalizaci\u00f3n","description":"Otro sitio de Sitios de Universidad O'higgins","potentialAction":[{"@type":"SearchAction","target":{"@type":"EntryPoint","urlTemplate":"https:\/\/www.uoh.cl\/internacional\/?s={search_term_string}"},"query-input":{"@type":"PropertyValueSpecification","valueRequired":true,"valueName":"search_term_string"}}],"inLanguage":"es-CL"}]}},"_links":{"self":[{"href":"https:\/\/www.uoh.cl\/internacional\/wp-json\/wp\/v2\/pages\/1114","targetHints":{"allow":["GET"]}}],"collection":[{"href":"https:\/\/www.uoh.cl\/internacional\/wp-json\/wp\/v2\/pages"}],"about":[{"href":"https:\/\/www.uoh.cl\/internacional\/wp-json\/wp\/v2\/types\/page"}],"author":[{"embeddable":true,"href":"https:\/\/www.uoh.cl\/internacional\/wp-json\/wp\/v2\/users\/38"}],"replies":[{"embeddable":true,"href":"https:\/\/www.uoh.cl\/internacional\/wp-json\/wp\/v2\/comments?post=1114"}],"version-history":[{"count":6,"href":"https:\/\/www.uoh.cl\/internacional\/wp-json\/wp\/v2\/pages\/1114\/revisions"}],"predecessor-version":[{"id":3035,"href":"https:\/\/www.uoh.cl\/internacional\/wp-json\/wp\/v2\/pages\/1114\/revisions\/3035"}],"wp:attachment":[{"href":"https:\/\/www.uoh.cl\/internacional\/wp-json\/wp\/v2\/media?parent=1114"}],"curies":[{"name":"wp","href":"https:\/\/api.w.org\/{rel}","templated":true}]}}