
{"id":1107,"date":"2025-08-21T12:48:24","date_gmt":"2025-08-21T15:48:24","guid":{"rendered":"https:\/\/www.uoh.cl\/internacional\/?page_id=1107"},"modified":"2025-08-21T18:23:05","modified_gmt":"2025-08-21T21:23:05","slug":"jornadas-globales-uoh","status":"publish","type":"page","link":"https:\/\/www.uoh.cl\/internacional\/jornadas-globales-uoh\/","title":{"rendered":"Jornadas Globales UOH"},"content":{"rendered":"<div class=\"wpb-content-wrapper\"><p>[vc_section el_class=&#8221;container mx-auto align-items-center circle&#8211;pattern&#8221; css=&#8221;.vc_custom_1648956589196{padding-top: 3rem !important;}&#8221;][vc_row el_class=&#8221;pb-5&#8243;][vc_column][vc_wp_custommenu nav_menu=&#8221;3&#8243;][vc_wp_custommenu nav_menu=&#8221;6&#8243;]<div class=\"breadcrumb\"><ol itemscope itemtype=\"https:\/\/schema.org\/BreadcrumbList\"><li itemprop=\"itemListElement\" itemscope itemtype=\"https:\/\/schema.org\/ListItem\"><a itemprop=\"item\" href=\"http:\/\/www.uoh.cl\"><span itemprop=\"name\">Inicio<\/span><\/a><meta itemprop=\"position\" content=\"1\" \/><li itemprop=\"itemListElement\" itemscope itemtype=\"https:\/\/schema.org\/ListItem\"><a itemprop=\"item\" href=\"https:\/\/www.uoh.cl\/internacional\"><span itemprop=\"name\">Direcci\u00f3n de Internacionalizaci\u00f3n<\/span><\/a><meta itemprop=\"position\" content=\"2\" \/><li itemprop=\"itemListElement\" itemscope itemtype=\"https:\/\/schema.org\/ListItem\"><span itemprop=\"name\">Jornadas Globales UOH <\/span><meta itemprop=\"position\" content=\"3\" \/><\/ol><\/div><div class=\"uoh_title_component-container\"><h1 class=\"title title--ms d-inline-block title--decorator  big\">Jornadas Globales UOH<\/h1><\/div>[vc_column_text css=&#8221;&#8221;]Las Jornadas Globales de la UOH son actividades de Internacionalizaci\u00f3n en Casa que comenzaron a realizarse desde el a\u00f1o 2024. Estas instancias ponen el foco en un pa\u00eds diferente en cada ocasi\u00f3n y, junto a organizaciones invitadas (embajadas, centros culturales, organizaciones, agencias, etc.), se realiza una serie de actividades de tipo acad\u00e9mico, cultural, laboral, diplom\u00e1tico, de investigaci\u00f3n, entre otros.<\/p>\n<p>Conoce a continuaci\u00f3n las Jornadas Globales anteriores y las pr\u00f3ximas versiones:[\/vc_column_text][\/vc_column][\/vc_row][vc_row][vc_column][vc_tta_accordion active_section=&#8221;0&#8243; collapsible_all=&#8221;true&#8221;][vc_tta_section title=&#8221;Pr\u00f3ximamente m\u00e1s pa\u00edses&#8221; tab_id=&#8221;1717433828091-f7877f13-8977&#8243;][\/vc_tta_section][vc_tta_section title=&#8221;\ud83c\uddef\ud83c\uddf5 Jap\u00f3n&#8221; tab_id=&#8221;1754423985997-bdbb7425-1cb3&#8243;][vc_row_inner][vc_column_inner width=&#8221;1\/2&#8243;][vc_column_text css=&#8221;&#8221;]<strong>Jornada Global Jap\u00f3n: <em>Entre cultura, grullas y haikus &#8211; <\/em>28\/08\/2025<\/strong><\/p>\n<p data-start=\"159\" data-end=\"635\">Vive un d\u00eda lleno de cultura, arte y tradiciones japonesas en el campus Rancagua de la Universidad de O\u2019Higgins. Tendremos actividades para todos los gustos: desde la delicadeza del bons\u00e1i y el simbolismo de las mil grullas de origami, hasta la fuerza y disciplina de las artes marciales tradicionales. Podr\u00e1s disfrutar tambi\u00e9n de una muestra de cine con la premiada pel\u00edcula <em data-start=\"513\" data-end=\"524\">Your Name<\/em>, un concurso de cosplay abierto a toda la comunidad y una clase introductoria de japon\u00e9s para principiantes.<\/p>\n<p data-start=\"637\" data-end=\"740\">Una invitaci\u00f3n a acercarte a la riqueza cultural de Jap\u00f3n, aprender, participar y dejarte sorprender.<\/p>\n<p data-start=\"637\" data-end=\"740\">M\u00e1s detalles de esta Jornada Global <a href=\"https:\/\/www.uoh.cl\/internacional\/semana-internacional\/jornada-global-japon\/\" target=\"_blank\" rel=\"noopener\">aqu\u00ed<\/a>.<\/p>\n<p>[\/vc_column_text][\/vc_column_inner][vc_column_inner width=&#8221;1\/2&#8243;][vc_single_image image=&#8221;2952&#8243; img_size=&#8221;300&#215;300&#8243; css=&#8221;&#8221;][\/vc_column_inner][\/vc_row_inner][\/vc_tta_section][vc_tta_section title=&#8221;\ud83c\uddf5\ud83c\udded\ud83c\uddee\ud83c\udde9\ud83c\uddf2\ud83c\uddfe\ud83c\uddf9\ud83c\udded\ud83c\uddfb\ud83c\uddf3 ASEAN&#8221; tab_id=&#8221;1728922499400-6d38c6f9-c6fb&#8221;][vc_row_inner][vc_column_inner width=&#8221;1\/2&#8243;][vc_column_text css=&#8221;&#8221;]<strong>Jornada Global ASEAN: <em>Un colorido viaje al fascinante Sudeste Asi\u00e1tico<\/em> &#8211; 08\/07\/2025<\/strong><\/p>\n<p>Las embajadas de Filipinas, Indonesia, Malasia, Tailandia y Vietnam, pertenecientes a ASEAN (<em>Asociaci\u00f3n de Naciones de Asia Sudoriental<\/em>) aterrizaron en la UOH trayendo el calor del Sudeste Asi\u00e1tico al invierno rancag\u00fcino. En una gran feria cultural, la comunidad de la universidad y externa pudo conocer arte, idiomas, sabores, m\u00fasica y colores. Adem\u00e1s, a lo largo del d\u00eda, contamos con muestras participativas de Muay Thai para todos los asistentes.<\/p>\n<p>Posteriormente, embajadores\/as y representantes de las embajadas participantes se reunieron con autoridades y directivos\/as de la Universidad, para conocer m\u00e1s del trabajo de la UOH y explorar \u00e1reas para futura cooperaci\u00f3n con los pa\u00edses participantes. Al final del d\u00eda, representantes pudieron visitar la <a href=\"https:\/\/www.uoh.cl\/fabrica-digital\/\" target=\"_blank\" rel=\"noopener\">F\u00e1brica Digital UOH<\/a>, el <a href=\"https:\/\/sites.google.com\/uoh.cl\/uoh-ris-lab\/\" target=\"_blank\" rel=\"noopener\">Laboratorio de Rob\u00f3tica y Sistemas Inteligentes<\/a> y el centro de simulaci\u00f3n de la Escuela de Salud<\/p>\n<p>M\u00e1s detalles de esta Jornada Global <a href=\"https:\/\/www.uoh.cl\/uoh-fortalece-vinculos-con-paises-del-sudeste-asiatico-en-nueva-edicion-de-la-jornada-global\/\" target=\"_blank\" rel=\"noopener\">aqu\u00ed<\/a>[\/vc_column_text][\/vc_column_inner][vc_column_inner width=&#8221;1\/2&#8243;][vc_single_image image=&#8221;2724&#8243; img_size=&#8221;300&#215;300&#8243; alignment=&#8221;center&#8221; style=&#8221;vc_box_rounded&#8221; css=&#8221;&#8221;][\/vc_column_inner][\/vc_row_inner][\/vc_tta_section][vc_tta_section title=&#8221;\ud83c\uddf2\ud83c\udde6 Marruecos II&#8221; tab_id=&#8221;1754423897112-b6fb398e-953b&#8221;][vc_row_inner][vc_column_inner width=&#8221;1\/2&#8243;][vc_column_text css=&#8221;&#8221;]<strong>Jornada Global Marruecos: <em>\u00c1frica en movimiento: g\u00e9nero, historia y futuro desde Marruecos<\/em> &#8211; 02\/07\/2025<\/strong><\/p>\n<p>Esta segunda visita de la Embajada de Marruecos estuvo marcada por el v\u00ednculo del pa\u00eds con el resto del continente africano.<\/p>\n<p>Su Excelencia, Kenza El Ghali, Embajadora del Reino de Marruecos en Chile, se reuni\u00f3 con la Rectora Fernanda Kri Amar, para luego brindar la charla &#8220;<em>Roles de g\u00e9nero en el espacio p\u00fablico: Marruecos como ejemplo<\/em>&#8220;. Posteriormente, se realiz\u00f3 un conversatorio, liderado por el Proyecto InES G\u00e9nero UOH, sobre las pol\u00edticas y leyes en esta direcci\u00f3n que han desarrollado Chile y Marruecos.<\/p>\n<p>El d\u00eda finaliz\u00f3 con una muestra de delicioso t\u00e9 y galletas tradicionales marroqu\u00edes para toda la comunidad UOH, ofrecida por la Embajada con la colaboraci\u00f3n del Centro Cultural Mohammed VI para el Di\u00e1logo entre las Civilizaciones.<\/p>\n<p>M\u00e1s detalles de esta Jornada Global <a href=\"https:\/\/www.uoh.cl\/embajadora-de-marruecos-aborda-avances-en-igualdad-de-genero-en-nueva-version-de-jornada-global-uoh\/\" target=\"_blank\" rel=\"noopener\">aqu\u00ed<\/a>[\/vc_column_text][\/vc_column_inner][vc_column_inner width=&#8221;1\/2&#8243;][vc_single_image image=&#8221;2715&#8243; img_size=&#8221;300&#215;300&#8243; alignment=&#8221;center&#8221; style=&#8221;vc_box_rounded&#8221; css=&#8221;&#8221;][\/vc_column_inner][\/vc_row_inner][\/vc_tta_section][vc_tta_section title=&#8221;\ud83c\uddf9\ud83c\udded Tailandia&#8221; tab_id=&#8221;1738158544303-6a460d0d-1ed8&#8243;][vc_row_inner][vc_column_inner width=&#8221;1\/2&#8243;][vc_column_text css=&#8221;&#8221;]<strong>Jornada Global Tailandia: <em>Ciencia para el futuro de Asia y Am\u00e9rica<\/em> &#8211; 24\/01\/2025<\/strong><\/p>\n<p>La primera Jornada Global de 2025 nos acerc\u00f3 a este gran pa\u00eds en el Sudeste Asi\u00e1tico.<\/p>\n<p>Con una delegaci\u00f3n liderada por la Embajadora del Reino de Tailandia en Chile, S.E. Vimolbajra Ruksakiati y junto a diversos representantes de la Embajada, adem\u00e1s de la participaci\u00f3n de la Directora Regional de ProChile O&#8217;Higgins, pudimos conversar sobre las universidades tailandesas que desde la UOH hemos identificado como posibles nexos interesantes.<\/p>\n<p>Posteriormente, mostramos los detalles del proyecto FIC Cerezas, del Instituto de Ciencias de la Ingenier\u00eda (ICI) y el impacto que tiene en estas frutas, altamente apreciadas en Tailandia. Para finalizar, realizamos una visita al Laboratorio de Rob\u00f3tica y Sistemas Inteligentes (RISLAB), donde las y los asistentes pudieron ver frente a frente el funcionamiento de drones, c\u00e1maras y sensores y sus aplicaciones pr\u00e1cticas.<\/p>\n<p>M\u00e1s detalles de esta Jornada Global <a href=\"https:\/\/www.uoh.cl\/universidad-de-ohiggins-refuerza-su-cooperacion-internacional-con-tailandia-en-una-nueva-version-de-jornada-global\/\" target=\"_blank\" rel=\"noopener\">aqu\u00ed<\/a><\/p>\n<p>Puedes ver un video de esta actividad <a href=\"https:\/\/www.youtube.com\/watch?v=z21bTbtGtjI&amp;ab_channel=TVNRedOHiggins\" target=\"_blank\" rel=\"noopener\">aqu\u00ed<\/a>[\/vc_column_text][\/vc_column_inner][vc_column_inner width=&#8221;1\/2&#8243;][vc_single_image image=&#8221;2343&#8243; img_size=&#8221;300&#215;300&#8243; alignment=&#8221;center&#8221; style=&#8221;vc_box_rounded&#8221; css=&#8221;&#8221;][\/vc_column_inner][\/vc_row_inner][\/vc_tta_section][vc_tta_section title=&#8221;\ud83c\uddf2\ud83c\udde6 Marruecos&#8221; tab_id=&#8221;1750716053366-967d1c58-6964&#8243;][vc_row_inner][vc_column_inner width=&#8221;1\/2&#8243;][vc_column_text css=&#8221;&#8221;]<strong>Jornada Global Marruecos: <em>Puente transatl\u00e1ntico entre \u00c1frica y Am\u00e9rica Latina<\/em> &#8211; 11\/10\/2024<\/strong><\/p>\n<p>El broche de oro de la 4\u00aa Semana Internacional UOH fue esta Jornada Global, la primera realizada con una naci\u00f3n africana.<\/p>\n<p>Recibimos la visita de una delegaci\u00f3n procedente de la Embajada del Reino de Marruecos en Chile y del Centro Cultural Mohammed VI para el Di\u00e1logo entre las Civilizaciones, el \u00fanico centro cultural de Marruecos en Am\u00e9rica Latina.<\/p>\n<p>Con ellos, la comunidad UOH y de Rancagua pudo conocer m\u00e1s sobre la cultura y tradici\u00f3n marroqu\u00ed a trav\u00e9s de la muestra cultural: Im\u00e1genes y Sabores de Marruecos. Las y los participantes disfrutaron de un rico t\u00e9, acompa\u00f1ado por galletas tradicionales del pa\u00eds norafricano, adem\u00e1s de descubrir la cultura marroqu\u00ed con dos muestras de im\u00e1genes: una de caligraf\u00eda \u00e1rabe y otra de algunas de las principales mezquitas del pa\u00eds. Sin duda, una ocasi\u00f3n \u00fanica para acercarse a la milenaria cultura magreb\u00ed.[\/vc_column_text][\/vc_column_inner][vc_column_inner width=&#8221;1\/2&#8243;][vc_single_image image=&#8221;2162&#8243; img_size=&#8221;300&#215;300&#8243; alignment=&#8221;center&#8221; style=&#8221;vc_box_rounded&#8221; css=&#8221;&#8221;][\/vc_column_inner][\/vc_row_inner][\/vc_tta_section][vc_tta_section title=&#8221;\ud83c\uddf0\ud83c\uddf7 Corea&#8221; tab_id=&#8221;1723492026770-244a7d03-337d&#8221;][vc_row_inner][vc_column_inner width=&#8221;1\/2&#8243;][vc_column_text css=&#8221;&#8221;]<strong>Jornada Global Corea: <em>Campamento Universitario de Estudios Coreanos<\/em> &#8211; 07\/10\/2024<\/strong><\/p>\n<p>Corea del Sur fue el protagonista de esta Jornada Global, la primera realizada con un pa\u00eds asi\u00e1tico. En marco de la inauguraci\u00f3n de la 4\u00aa Semana Internacional de la UOH, el Centro de Estudios Comparados de Corea (CECorea) comparti\u00f3 sus \u00e1reas de trabajo en pos del v\u00ednculo entre el pa\u00eds asi\u00e1tico y Am\u00e9rica Latina. Posteriormente, las autoridades del CECorea hicieron entrega de certificados a las y los estudiantes UOH que participaron en el curso: &#8220;<em>Desde Joseon hasta Hallyu<\/em>&#8220;, dictado entre julio y agosto de 2024.<\/p>\n<p>Por la tarde, el CECorea, junto a estudiantes del mag\u00edster de estudios coreanos de la misma instituci\u00f3n, y con el apoyo del Instituto Rey Sejong en Santiago, realizaron un conversatorio y actividades culturales en marco de la sesi\u00f3n titulada &#8220;Corea m\u00e1s Cerca&#8221;, donde participantes de la UOH y externos pudieron conocer m\u00e1s de esta importante naci\u00f3n asi\u00e1tica y pasar una divertida tarde de juegos tradicionales coreanos.[\/vc_column_text][\/vc_column_inner][vc_column_inner width=&#8221;1\/2&#8243;][vc_single_image image=&#8221;2160&#8243; img_size=&#8221;300&#215;300&#8243; alignment=&#8221;center&#8221; style=&#8221;vc_box_rounded&#8221; css=&#8221;&#8221;][\/vc_column_inner][\/vc_row_inner][\/vc_tta_section][vc_tta_section title=&#8221;\ud83c\udde9\ud83c\uddea Alemania&#8221; tab_id=&#8221;1723491851441-2a569125-077d&#8221;][vc_row_inner][vc_column_inner width=&#8221;1\/2&#8243;][vc_column_text css=&#8221;&#8221;]<strong>Jornada Global Alemania: <em>Sinergias para un progreso integral &#8211; <\/em>21<\/strong><strong>\/08\/2024<\/strong><\/p>\n<p>La tercera Jornada Global de la UOH nos lleva al coraz\u00f3n de Europa: Alemania. El jueves 21 recibimos a la delegaci\u00f3n m\u00e1s grande -hasta el momento- de nuestras jornadas globales, con representantes de: Embajada de la Rep\u00fablica Federal de Alemania en Chile, Servicio Alem\u00e1n de Intercambio Acad\u00e9mico (DAAD), Programa Preintegraci\u00f3n Goethe-Institut Chile, C\u00e1mara Chileno-Alemana de Comercio e Industria (AHK), Heidelberg Center para Am\u00e9rica Latina, Fundaci\u00f3n Alexander von Humboldt y la Universidad de Ciencias Aplicadas de Rhein-Waal.<\/p>\n<p>Este grupo sostuvo reuniones de cooperaci\u00f3n e investigaci\u00f3n con autoridades, directoras\/es y acad\u00e9micas\/os UOH para entregar informaci\u00f3n sobre oportunidades de colaboraci\u00f3n y formaci\u00f3n para toda la comunidad universitaria. Adem\u00e1s, contamos con dos charlas abiertas para todo p\u00fablico: &#8220;Estudiar en Alemania&#8221;, presentado por el DAAD, y &#8220;Trabajar en Alemania&#8221;, por parte del Programa Preintegraci\u00f3n del Goethe-Institut Chile.<\/p>\n<p>M\u00e1s detalles de esta Jornada Global <a href=\"https:\/\/www.uoh.cl\/uoh-y-organizaciones-alemanas-refuerzan-alianzas-en-la-tercera-version-de-jornada-global\/\" target=\"_blank\" rel=\"noopener\">aqu\u00ed<\/a><\/p>\n<p>Puedes ver un video de esta actividad <a href=\"https:\/\/www.youtube.com\/watch?v=YlWibhidpj0&amp;ab_channel=UESTV\" target=\"_blank\" rel=\"noopener\">aqu\u00ed<\/a>[\/vc_column_text][\/vc_column_inner][vc_column_inner width=&#8221;1\/2&#8243;][vc_single_image image=&#8221;2022&#8243; img_size=&#8221;300&#215;300&#8243; alignment=&#8221;center&#8221; style=&#8221;vc_box_rounded&#8221; css=&#8221;&#8221;][\/vc_column_inner][\/vc_row_inner][\/vc_tta_section][vc_tta_section title=&#8221;\ud83c\uddf3\ud83c\uddf1 Pa\u00edses Bajos&#8221; tab_id=&#8221;1717433941324-c4eae109-1907&#8243;][vc_row_inner][vc_column_inner width=&#8221;1\/2&#8243;][vc_column_text css=&#8221;&#8221;]<strong>Jornada Global Pa\u00edses Bajos: <em>Cooperaci\u00f3n para el desarrollo &#8211; <\/em><\/strong><strong>18\/06\/2024<\/strong><\/p>\n<p>Nuestra segunda Jornada Global se ti\u00f1\u00f3 de naranjo para recibir a los Pa\u00edses Bajos. En Campus Colchagua tuvimos la visita de S.E. Carmen Gonsalves, Embajadora del Reino de los Pa\u00edses, quien brind\u00f3 una charla magistral para toda la comunidad y luego se reuni\u00f3 junto a nuestra Rectora, autoridades y acad\u00e9micas\/os. Posteriormente, realiz\u00f3 una visita para ver la implementaci\u00f3n de un proyecto FIC de la UOH en terreno.<\/p>\n<p>Por otro lado, en Campus Rancagua, contamos con la presencia de representantes de Holland House Chile, quienes junto al Programa Br\u00fajula UOH ofrecieron una charla abierta a todo p\u00fablico.<\/p>\n<p>M\u00e1s detalles de esta Jornada Global <a href=\"https:\/\/www.uoh.cl\/uoh-y-embajada-del-reino-de-los-paises-bajos-unen-esfuerzos-por-la-cooperacion-internacional\/\" target=\"_blank\" rel=\"noopener\">aqu\u00ed<\/a><\/p>\n<p>Puedes ver un video de esta actividad <a href=\"https:\/\/www.youtube.com\/watch?v=Ht-kK_lIp2M&amp;ab_channel=UniversidaddeO%27Higgins\" target=\"_blank\" rel=\"noopener\">aqu\u00ed<\/a>[\/vc_column_text][\/vc_column_inner][vc_column_inner width=&#8221;1\/2&#8243;][vc_single_image image=&#8221;1874&#8243; img_size=&#8221;300&#215;300&#8243; alignment=&#8221;center&#8221; style=&#8221;vc_box_rounded&#8221; css=&#8221;&#8221;][\/vc_column_inner][\/vc_row_inner][\/vc_tta_section][vc_tta_section title=&#8221;\ud83c\uddeb\ud83c\uddf7 Francia&#8221; tab_id=&#8221;Francia&#8221;][vc_row_inner][vc_column_inner width=&#8221;1\/2&#8243;][vc_column_text css=&#8221;&#8221;]<strong>Jornada Global Francia: <em>Oportunidades acad\u00e9micas, laborales y culturales &#8211;\u00a0<\/em><\/strong><strong>06\/06\/2024<\/strong><\/p>\n<p>La primera Jornada Global de la UOH tuvo como protagonista uno de nuestros principales socios estrat\u00e9gicos: Francia. En esta ocasi\u00f3n, participaron representantes de la Embajada de Francia, Instituto Franc\u00e9s, Campus France y la Asociaci\u00f3n Universitaria de la Francofon\u00eda (AUF).<\/p>\n<p>Adem\u00e1s de una reuni\u00f3n y posterior networking con autoridades y directoras\/es de la UOH, contamos con dos charlas abiertas para todo p\u00fablico: &#8220;Idioma franc\u00e9s, ventajas y posibilidades&#8221; y &#8220;Oportunidades de estudios y becas en Francia&#8221;. Pudimos escuchar tambi\u00e9n el testimonio de estudiantes UOH que han realizado pasant\u00edas de investigaci\u00f3n en Francia gracias a nuestro programa de becas.<\/p>\n<p>Finalmente, concluimos el d\u00eda con cine Franc\u00e9s, donde gracias al apoyo del Instituto de Altos Estudios Audiovisuales pudimos presentar la pel\u00edcula: \u201cMon Roi\u201d (\u201cMi amor&#8221;)<\/p>\n<p>M\u00e1s detalles de esta Jornada Global <a href=\"https:\/\/www.uoh.cl\/uoh-e-instituciones-francesas-fortalecen-lazos-en-la-primera-version-de-jornada-global\/\" target=\"_blank\" rel=\"noopener\">aqu\u00ed<\/a>[\/vc_column_text][\/vc_column_inner][vc_column_inner width=&#8221;1\/2&#8243;][vc_single_image image=&#8221;1768&#8243; img_size=&#8221;300&#215;300&#8243; alignment=&#8221;center&#8221; style=&#8221;vc_box_rounded&#8221;][\/vc_column_inner][\/vc_row_inner][\/vc_tta_section][\/vc_tta_accordion][\/vc_column][\/vc_row][\/vc_section]<\/p>\n<\/div>","protected":false},"excerpt":{"rendered":"<p>[vc_section el_class=&#8221;container mx-auto align-items-center circle&#8211;pattern&#8221; css=&#8221;.vc_custom_1648956589196{padding-top: 3rem !important;}&#8221;][vc_row el_class=&#8221;pb-5&#8243;][vc_column][vc_wp_custommenu nav_menu=&#8221;3&#8243;][vc_wp_custommenu nav_menu=&#8221;6&#8243;][vc_column_text css=&#8221;&#8221;]Las Jornadas Globales de la UOH son actividades de Internacionalizaci\u00f3n en Casa que comenzaron a realizarse desde el a\u00f1o 2024. Estas instancias ponen el foco en un pa\u00eds diferente en cada ocasi\u00f3n y, junto a organizaciones invitadas (embajadas, centros culturales, organizaciones, agencias, etc.), se [&hellip;]<\/p>\n","protected":false},"author":38,"featured_media":0,"parent":0,"menu_order":0,"comment_status":"closed","ping_status":"closed","template":"","meta":{"_acf_changed":false,"footnotes":""},"class_list":["post-1107","page","type-page","status-publish","hentry"],"acf":[],"yoast_head":"<!-- This site is optimized with the Yoast SEO plugin v26.6 - https:\/\/yoast.com\/wordpress\/plugins\/seo\/ -->\n<title>Jornadas Globales UOH - Direcci\u00f3n de Internacionalizaci\u00f3n<\/title>\n<meta name=\"robots\" content=\"index, follow, max-snippet:-1, max-image-preview:large, max-video-preview:-1\" \/>\n<link rel=\"canonical\" href=\"https:\/\/www.uoh.cl\/internacional\/jornadas-globales-uoh\/\" \/>\n<meta property=\"og:locale\" content=\"es_ES\" \/>\n<meta property=\"og:type\" content=\"article\" \/>\n<meta property=\"og:title\" content=\"Jornadas Globales UOH - Direcci\u00f3n de Internacionalizaci\u00f3n\" \/>\n<meta property=\"og:description\" content=\"[vc_section el_class=&#8221;container mx-auto align-items-center circle&#8211;pattern&#8221; css=&#8221;.vc_custom_1648956589196{padding-top: 3rem !important;}&#8221;][vc_row el_class=&#8221;pb-5&#8243;][vc_column][vc_wp_custommenu nav_menu=&#8221;3&#8243;][vc_wp_custommenu nav_menu=&#8221;6&#8243;][vc_column_text css=&#8221;&#8221;]Las Jornadas Globales de la UOH son actividades de Internacionalizaci\u00f3n en Casa que comenzaron a realizarse desde el a\u00f1o 2024. Estas instancias ponen el foco en un pa\u00eds diferente en cada ocasi\u00f3n y, junto a organizaciones invitadas (embajadas, centros culturales, organizaciones, agencias, etc.), se [&hellip;]\" \/>\n<meta property=\"og:url\" content=\"https:\/\/www.uoh.cl\/internacional\/jornadas-globales-uoh\/\" \/>\n<meta property=\"og:site_name\" content=\"Direcci\u00f3n de Internacionalizaci\u00f3n\" \/>\n<meta property=\"article:modified_time\" content=\"2025-08-21T21:23:05+00:00\" \/>\n<meta name=\"twitter:card\" content=\"summary_large_image\" \/>\n<meta name=\"twitter:label1\" content=\"Tiempo estimado de lectura\" \/>\n\t<meta name=\"twitter:data1\" content=\"9 minutos\" \/>\n<script type=\"application\/ld+json\" class=\"yoast-schema-graph\">{\"@context\":\"https:\/\/schema.org\",\"@graph\":[{\"@type\":\"WebPage\",\"@id\":\"https:\/\/www.uoh.cl\/internacional\/jornadas-globales-uoh\/\",\"url\":\"https:\/\/www.uoh.cl\/internacional\/jornadas-globales-uoh\/\",\"name\":\"Jornadas Globales UOH - Direcci\u00f3n de Internacionalizaci\u00f3n\",\"isPartOf\":{\"@id\":\"https:\/\/www.uoh.cl\/internacional\/#website\"},\"datePublished\":\"2025-08-21T15:48:24+00:00\",\"dateModified\":\"2025-08-21T21:23:05+00:00\",\"inLanguage\":\"es-CL\",\"potentialAction\":[{\"@type\":\"ReadAction\",\"target\":[\"https:\/\/www.uoh.cl\/internacional\/jornadas-globales-uoh\/\"]}]},{\"@type\":\"WebSite\",\"@id\":\"https:\/\/www.uoh.cl\/internacional\/#website\",\"url\":\"https:\/\/www.uoh.cl\/internacional\/\",\"name\":\"Direcci\u00f3n de Internacionalizaci\u00f3n\",\"description\":\"Otro sitio de Sitios de Universidad O'higgins\",\"potentialAction\":[{\"@type\":\"SearchAction\",\"target\":{\"@type\":\"EntryPoint\",\"urlTemplate\":\"https:\/\/www.uoh.cl\/internacional\/?s={search_term_string}\"},\"query-input\":{\"@type\":\"PropertyValueSpecification\",\"valueRequired\":true,\"valueName\":\"search_term_string\"}}],\"inLanguage\":\"es-CL\"}]}<\/script>\n<!-- \/ Yoast SEO plugin. -->","yoast_head_json":{"title":"Jornadas Globales UOH - Direcci\u00f3n de Internacionalizaci\u00f3n","robots":{"index":"index","follow":"follow","max-snippet":"max-snippet:-1","max-image-preview":"max-image-preview:large","max-video-preview":"max-video-preview:-1"},"canonical":"https:\/\/www.uoh.cl\/internacional\/jornadas-globales-uoh\/","og_locale":"es_ES","og_type":"article","og_title":"Jornadas Globales UOH - Direcci\u00f3n de Internacionalizaci\u00f3n","og_description":"[vc_section el_class=&#8221;container mx-auto align-items-center circle&#8211;pattern&#8221; css=&#8221;.vc_custom_1648956589196{padding-top: 3rem !important;}&#8221;][vc_row el_class=&#8221;pb-5&#8243;][vc_column][vc_wp_custommenu nav_menu=&#8221;3&#8243;][vc_wp_custommenu nav_menu=&#8221;6&#8243;][vc_column_text css=&#8221;&#8221;]Las Jornadas Globales de la UOH son actividades de Internacionalizaci\u00f3n en Casa que comenzaron a realizarse desde el a\u00f1o 2024. Estas instancias ponen el foco en un pa\u00eds diferente en cada ocasi\u00f3n y, junto a organizaciones invitadas (embajadas, centros culturales, organizaciones, agencias, etc.), se [&hellip;]","og_url":"https:\/\/www.uoh.cl\/internacional\/jornadas-globales-uoh\/","og_site_name":"Direcci\u00f3n de Internacionalizaci\u00f3n","article_modified_time":"2025-08-21T21:23:05+00:00","twitter_card":"summary_large_image","twitter_misc":{"Tiempo estimado de lectura":"9 minutos"},"schema":{"@context":"https:\/\/schema.org","@graph":[{"@type":"WebPage","@id":"https:\/\/www.uoh.cl\/internacional\/jornadas-globales-uoh\/","url":"https:\/\/www.uoh.cl\/internacional\/jornadas-globales-uoh\/","name":"Jornadas Globales UOH - Direcci\u00f3n de Internacionalizaci\u00f3n","isPartOf":{"@id":"https:\/\/www.uoh.cl\/internacional\/#website"},"datePublished":"2025-08-21T15:48:24+00:00","dateModified":"2025-08-21T21:23:05+00:00","inLanguage":"es-CL","potentialAction":[{"@type":"ReadAction","target":["https:\/\/www.uoh.cl\/internacional\/jornadas-globales-uoh\/"]}]},{"@type":"WebSite","@id":"https:\/\/www.uoh.cl\/internacional\/#website","url":"https:\/\/www.uoh.cl\/internacional\/","name":"Direcci\u00f3n de Internacionalizaci\u00f3n","description":"Otro sitio de Sitios de Universidad O'higgins","potentialAction":[{"@type":"SearchAction","target":{"@type":"EntryPoint","urlTemplate":"https:\/\/www.uoh.cl\/internacional\/?s={search_term_string}"},"query-input":{"@type":"PropertyValueSpecification","valueRequired":true,"valueName":"search_term_string"}}],"inLanguage":"es-CL"}]}},"_links":{"self":[{"href":"https:\/\/www.uoh.cl\/internacional\/wp-json\/wp\/v2\/pages\/1107","targetHints":{"allow":["GET"]}}],"collection":[{"href":"https:\/\/www.uoh.cl\/internacional\/wp-json\/wp\/v2\/pages"}],"about":[{"href":"https:\/\/www.uoh.cl\/internacional\/wp-json\/wp\/v2\/types\/page"}],"author":[{"embeddable":true,"href":"https:\/\/www.uoh.cl\/internacional\/wp-json\/wp\/v2\/users\/38"}],"replies":[{"embeddable":true,"href":"https:\/\/www.uoh.cl\/internacional\/wp-json\/wp\/v2\/comments?post=1107"}],"version-history":[{"count":32,"href":"https:\/\/www.uoh.cl\/internacional\/wp-json\/wp\/v2\/pages\/1107\/revisions"}],"predecessor-version":[{"id":3025,"href":"https:\/\/www.uoh.cl\/internacional\/wp-json\/wp\/v2\/pages\/1107\/revisions\/3025"}],"wp:attachment":[{"href":"https:\/\/www.uoh.cl\/internacional\/wp-json\/wp\/v2\/media?parent=1107"}],"curies":[{"name":"wp","href":"https:\/\/api.w.org\/{rel}","templated":true}]}}