
{"id":1081,"date":"2023-08-24T10:35:11","date_gmt":"2023-08-24T13:35:11","guid":{"rendered":"https:\/\/www.uoh.cl\/internacional\/?page_id=1081"},"modified":"2025-06-12T18:15:26","modified_gmt":"2025-06-12T21:15:26","slug":"incoming","status":"publish","type":"page","link":"https:\/\/www.uoh.cl\/internacional\/incoming\/","title":{"rendered":"Incoming"},"content":{"rendered":"<div class=\"wpb-content-wrapper\"><p>[vc_section el_class=&#8221;container mx-auto align-items-center circle&#8211;pattern&#8221; css=&#8221;.vc_custom_1648956589196{padding-top: 3rem !important;}&#8221;][vc_row el_class=&#8221;pb-5&#8243;][vc_column][vc_wp_custommenu nav_menu=&#8221;3&#8243;][vc_wp_custommenu nav_menu=&#8221;6&#8243;]<div class=\"breadcrumb\"><ol itemscope itemtype=\"https:\/\/schema.org\/BreadcrumbList\"><li itemprop=\"itemListElement\" itemscope itemtype=\"https:\/\/schema.org\/ListItem\"><a itemprop=\"item\" href=\"http:\/\/www.uoh.cl\"><span itemprop=\"name\">Inicio<\/span><\/a><meta itemprop=\"position\" content=\"1\" \/><li itemprop=\"itemListElement\" itemscope itemtype=\"https:\/\/schema.org\/ListItem\"><a itemprop=\"item\" href=\"https:\/\/www.uoh.cl\/internacional\"><span itemprop=\"name\">Direcci\u00f3n de Internacionalizaci\u00f3n<\/span><\/a><meta itemprop=\"position\" content=\"2\" \/><li itemprop=\"itemListElement\" itemscope itemtype=\"https:\/\/schema.org\/ListItem\"><span itemprop=\"name\">Incoming <\/span><meta itemprop=\"position\" content=\"3\" \/><\/ol><\/div><div class=\"uoh_title_component-container\"><h1 class=\"title title--ms d-inline-block title--decorator  big\">Informaci\u00f3n general | About<\/h1><\/div>[\/vc_column][\/vc_row][vc_row gap=&#8221;10&#8243;][vc_column width=&#8221;1\/2&#8243;][vc_column_text css=&#8221;&#8221;]<\/p>\n<h3>Primeros pasos<\/h3>\n<p>[\/vc_column_text][vc_zigzag color=&#8221;white&#8221;][vc_column_text css=&#8221;&#8221;]<strong>Estudiantes de pregrado<\/strong><\/p>\n<p>La Universidad de O&#8217;Higgins cuenta con diversos convenios que te permiten cursar un semestre en alguno de nuestros programas de pregrado. Revisa si tu universidad tiene un convenio de movilidad con la UOH <strong><a href=\"https:\/\/www.uoh.cl\/internacional\/convenios\/\" target=\"_blank\" rel=\"noopener\">aqu\u00ed<\/a><\/strong>. De ser as\u00ed, cont\u00e1ctate con la oficina internacional de tu universidad de origen para conocer el proceso de postulaci\u00f3n, opciones de becas, requisitos, fechas y m\u00e1s.<\/p>\n<p>&nbsp;<\/p>\n<p><strong>Postgrado<\/strong><\/p>\n<p>Si ya completaste tus estudios de licenciatura y te gustar\u00eda cursar un programa de magister o doctorado en la UOH, puedes conocer m\u00e1s detalles y postular a ellos <strong><a href=\"https:\/\/www.uoh.cl\/postgrados\/\" target=\"_blank\" rel=\"noopener\">en esta p\u00e1gina<\/a><\/strong>.<\/p>\n<p>&nbsp;<\/p>\n<p><strong>Estad\u00edas de investigaci\u00f3n, docencia o personal<\/strong><\/p>\n<p>Si quieres realizar una estad\u00eda breve en la UOH, escr\u00edbenos un correo a direccion.internacionalizacion@uoh.cl y estaremos felices de revisar tu solicitud.[\/vc_column_text][vc_zigzag color=&#8221;white&#8221;][\/vc_column][vc_column width=&#8221;1\/2&#8243;][vc_column_text css=&#8221;&#8221;]<\/p>\n<h3>First steps<\/h3>\n<p>[\/vc_column_text][vc_zigzag color=&#8221;white&#8221;][vc_column_text css=&#8221;&#8221;]<strong>Undergraduate students<\/strong><\/p>\n<p>Universidad de O&#8217;Higgins has several international agreements that allow you to spend a semester in one of our undergraduate programs. Check if your university has a mobility agreement with the UOH <strong><a href=\"https:\/\/www.uoh.cl\/internacional\/convenios\/\" target=\"_blank\" rel=\"noopener\">here<\/a><\/strong>. If so, contact the international office of your home university to learn about the application process, requirements, possible funding options, dates and more<\/p>\n<p>&nbsp;<\/p>\n<p><strong>Graduate students<\/strong><\/p>\n<p>If you have already completed your undergraduate studies and would like to pursue a master&#8217;s or doctoral program at UOH, you can learn more and apply for them <strong><a href=\"https:\/\/www.uoh.cl\/postgrados\/\" target=\"_blank\" rel=\"noopener\">on this page.<\/a><\/strong><\/p>\n<p>&nbsp;<\/p>\n<p><strong>Research or teaching stays &amp; staff exchange<\/strong><\/p>\n<p>If you would like to do a short stay at UOH, please send us an email to direccion.internacionalizacion@uoh.cl and we will be more than happy to review your request.[\/vc_column_text][vc_zigzag color=&#8221;white&#8221;][\/vc_column][\/vc_row][vc_row gap=&#8221;10&#8243;][vc_column width=&#8221;1\/2&#8243;][vc_column_text css=&#8221;&#8221;]<\/p>\n<h3>Venir a la UOH<\/h3>\n<p>[\/vc_column_text][vc_zigzag color=&#8221;white&#8221;][vc_column_text css=&#8221;&#8221;]Si ya te decidiste en venir a la UOH, revisa el siguiente sitio donde podr\u00e1s encontrar la informaci\u00f3n relevante sobre alojamiento, transporte, seguridad, y mucho m\u00e1s.[\/vc_column_text][vc_zigzag color=&#8221;white&#8221;][vc_btn title=&#8221;Informaci\u00f3n para visitas y estudiantes internacionales&#8221; color=&#8221;blue&#8221; css=&#8221;&#8221; link=&#8221;url:https%3A%2F%2Fwww.uoh.cl%2Finternacional%2Fincoming%2Finformacion-para-visitas-y-estudiantes-internacionales%2F|target:_blank&#8221;][vc_zigzag color=&#8221;white&#8221;][\/vc_column][vc_column width=&#8221;1\/2&#8243;][vc_column_text css=&#8221;&#8221;]<\/p>\n<h3>Coming to UOH<\/h3>\n<p>[\/vc_column_text][vc_zigzag color=&#8221;white&#8221;][vc_column_text css=&#8221;&#8221;]If you have already decided to come to UOH, check out the following site where you can find relevant information about accommodation, transportation, safety and more.[\/vc_column_text][vc_zigzag color=&#8221;white&#8221;][vc_btn title=&#8221;Information for visitors and international students&#8221; color=&#8221;blue&#8221; css=&#8221;&#8221; link=&#8221;url:https%3A%2F%2Fwww.uoh.cl%2Finternacional%2Fincoming%2Finformation-for-visitors-and-international-students%2F|target:_blank&#8221;][vc_zigzag color=&#8221;white&#8221;][\/vc_column][\/vc_row][vc_row][vc_column][\/vc_column][\/vc_row][\/vc_section]<\/p>\n<\/div>","protected":false},"excerpt":{"rendered":"<p>[vc_section el_class=&#8221;container mx-auto align-items-center circle&#8211;pattern&#8221; css=&#8221;.vc_custom_1648956589196{padding-top: 3rem !important;}&#8221;][vc_row el_class=&#8221;pb-5&#8243;][vc_column][vc_wp_custommenu nav_menu=&#8221;3&#8243;][vc_wp_custommenu nav_menu=&#8221;6&#8243;][\/vc_column][\/vc_row][vc_row gap=&#8221;10&#8243;][vc_column width=&#8221;1\/2&#8243;][vc_column_text css=&#8221;&#8221;] Primeros pasos [\/vc_column_text][vc_zigzag color=&#8221;white&#8221;][vc_column_text css=&#8221;&#8221;]Estudiantes de pregrado La Universidad de O&#8217;Higgins cuenta con diversos convenios que te permiten cursar un semestre en alguno de nuestros programas de pregrado. Revisa si tu universidad tiene un convenio de movilidad con la UOH aqu\u00ed. [&hellip;]<\/p>\n","protected":false},"author":38,"featured_media":0,"parent":0,"menu_order":0,"comment_status":"closed","ping_status":"closed","template":"","meta":{"_acf_changed":false,"footnotes":""},"class_list":["post-1081","page","type-page","status-publish","hentry"],"acf":[],"yoast_head":"<!-- This site is optimized with the Yoast SEO plugin v26.6 - https:\/\/yoast.com\/wordpress\/plugins\/seo\/ -->\n<title>Incoming - Direcci\u00f3n de Internacionalizaci\u00f3n<\/title>\n<meta name=\"robots\" content=\"index, follow, max-snippet:-1, max-image-preview:large, max-video-preview:-1\" \/>\n<link rel=\"canonical\" href=\"https:\/\/www.uoh.cl\/internacional\/incoming\/\" \/>\n<meta property=\"og:locale\" content=\"es_ES\" \/>\n<meta property=\"og:type\" content=\"article\" \/>\n<meta property=\"og:title\" content=\"Incoming - Direcci\u00f3n de Internacionalizaci\u00f3n\" \/>\n<meta property=\"og:description\" content=\"[vc_section el_class=&#8221;container mx-auto align-items-center circle&#8211;pattern&#8221; css=&#8221;.vc_custom_1648956589196{padding-top: 3rem !important;}&#8221;][vc_row el_class=&#8221;pb-5&#8243;][vc_column][vc_wp_custommenu nav_menu=&#8221;3&#8243;][vc_wp_custommenu nav_menu=&#8221;6&#8243;][\/vc_column][\/vc_row][vc_row gap=&#8221;10&#8243;][vc_column width=&#8221;1\/2&#8243;][vc_column_text css=&#8221;&#8221;] Primeros pasos [\/vc_column_text][vc_zigzag color=&#8221;white&#8221;][vc_column_text css=&#8221;&#8221;]Estudiantes de pregrado La Universidad de O&#8217;Higgins cuenta con diversos convenios que te permiten cursar un semestre en alguno de nuestros programas de pregrado. Revisa si tu universidad tiene un convenio de movilidad con la UOH aqu\u00ed. [&hellip;]\" \/>\n<meta property=\"og:url\" content=\"https:\/\/www.uoh.cl\/internacional\/incoming\/\" \/>\n<meta property=\"og:site_name\" content=\"Direcci\u00f3n de Internacionalizaci\u00f3n\" \/>\n<meta property=\"article:modified_time\" content=\"2025-06-12T21:15:26+00:00\" \/>\n<meta name=\"twitter:card\" content=\"summary_large_image\" \/>\n<meta name=\"twitter:label1\" content=\"Tiempo estimado de lectura\" \/>\n\t<meta name=\"twitter:data1\" content=\"2 minutos\" \/>\n<script type=\"application\/ld+json\" class=\"yoast-schema-graph\">{\"@context\":\"https:\/\/schema.org\",\"@graph\":[{\"@type\":\"WebPage\",\"@id\":\"https:\/\/www.uoh.cl\/internacional\/incoming\/\",\"url\":\"https:\/\/www.uoh.cl\/internacional\/incoming\/\",\"name\":\"Incoming - Direcci\u00f3n de Internacionalizaci\u00f3n\",\"isPartOf\":{\"@id\":\"https:\/\/www.uoh.cl\/internacional\/#website\"},\"datePublished\":\"2023-08-24T13:35:11+00:00\",\"dateModified\":\"2025-06-12T21:15:26+00:00\",\"inLanguage\":\"es-CL\",\"potentialAction\":[{\"@type\":\"ReadAction\",\"target\":[\"https:\/\/www.uoh.cl\/internacional\/incoming\/\"]}]},{\"@type\":\"WebSite\",\"@id\":\"https:\/\/www.uoh.cl\/internacional\/#website\",\"url\":\"https:\/\/www.uoh.cl\/internacional\/\",\"name\":\"Direcci\u00f3n de Internacionalizaci\u00f3n\",\"description\":\"Otro sitio de Sitios de Universidad O'higgins\",\"potentialAction\":[{\"@type\":\"SearchAction\",\"target\":{\"@type\":\"EntryPoint\",\"urlTemplate\":\"https:\/\/www.uoh.cl\/internacional\/?s={search_term_string}\"},\"query-input\":{\"@type\":\"PropertyValueSpecification\",\"valueRequired\":true,\"valueName\":\"search_term_string\"}}],\"inLanguage\":\"es-CL\"}]}<\/script>\n<!-- \/ Yoast SEO plugin. -->","yoast_head_json":{"title":"Incoming - Direcci\u00f3n de Internacionalizaci\u00f3n","robots":{"index":"index","follow":"follow","max-snippet":"max-snippet:-1","max-image-preview":"max-image-preview:large","max-video-preview":"max-video-preview:-1"},"canonical":"https:\/\/www.uoh.cl\/internacional\/incoming\/","og_locale":"es_ES","og_type":"article","og_title":"Incoming - Direcci\u00f3n de Internacionalizaci\u00f3n","og_description":"[vc_section el_class=&#8221;container mx-auto align-items-center circle&#8211;pattern&#8221; css=&#8221;.vc_custom_1648956589196{padding-top: 3rem !important;}&#8221;][vc_row el_class=&#8221;pb-5&#8243;][vc_column][vc_wp_custommenu nav_menu=&#8221;3&#8243;][vc_wp_custommenu nav_menu=&#8221;6&#8243;][\/vc_column][\/vc_row][vc_row gap=&#8221;10&#8243;][vc_column width=&#8221;1\/2&#8243;][vc_column_text css=&#8221;&#8221;] Primeros pasos [\/vc_column_text][vc_zigzag color=&#8221;white&#8221;][vc_column_text css=&#8221;&#8221;]Estudiantes de pregrado La Universidad de O&#8217;Higgins cuenta con diversos convenios que te permiten cursar un semestre en alguno de nuestros programas de pregrado. Revisa si tu universidad tiene un convenio de movilidad con la UOH aqu\u00ed. [&hellip;]","og_url":"https:\/\/www.uoh.cl\/internacional\/incoming\/","og_site_name":"Direcci\u00f3n de Internacionalizaci\u00f3n","article_modified_time":"2025-06-12T21:15:26+00:00","twitter_card":"summary_large_image","twitter_misc":{"Tiempo estimado de lectura":"2 minutos"},"schema":{"@context":"https:\/\/schema.org","@graph":[{"@type":"WebPage","@id":"https:\/\/www.uoh.cl\/internacional\/incoming\/","url":"https:\/\/www.uoh.cl\/internacional\/incoming\/","name":"Incoming - Direcci\u00f3n de Internacionalizaci\u00f3n","isPartOf":{"@id":"https:\/\/www.uoh.cl\/internacional\/#website"},"datePublished":"2023-08-24T13:35:11+00:00","dateModified":"2025-06-12T21:15:26+00:00","inLanguage":"es-CL","potentialAction":[{"@type":"ReadAction","target":["https:\/\/www.uoh.cl\/internacional\/incoming\/"]}]},{"@type":"WebSite","@id":"https:\/\/www.uoh.cl\/internacional\/#website","url":"https:\/\/www.uoh.cl\/internacional\/","name":"Direcci\u00f3n de Internacionalizaci\u00f3n","description":"Otro sitio de Sitios de Universidad O'higgins","potentialAction":[{"@type":"SearchAction","target":{"@type":"EntryPoint","urlTemplate":"https:\/\/www.uoh.cl\/internacional\/?s={search_term_string}"},"query-input":{"@type":"PropertyValueSpecification","valueRequired":true,"valueName":"search_term_string"}}],"inLanguage":"es-CL"}]}},"_links":{"self":[{"href":"https:\/\/www.uoh.cl\/internacional\/wp-json\/wp\/v2\/pages\/1081","targetHints":{"allow":["GET"]}}],"collection":[{"href":"https:\/\/www.uoh.cl\/internacional\/wp-json\/wp\/v2\/pages"}],"about":[{"href":"https:\/\/www.uoh.cl\/internacional\/wp-json\/wp\/v2\/types\/page"}],"author":[{"embeddable":true,"href":"https:\/\/www.uoh.cl\/internacional\/wp-json\/wp\/v2\/users\/38"}],"replies":[{"embeddable":true,"href":"https:\/\/www.uoh.cl\/internacional\/wp-json\/wp\/v2\/comments?post=1081"}],"version-history":[{"count":7,"href":"https:\/\/www.uoh.cl\/internacional\/wp-json\/wp\/v2\/pages\/1081\/revisions"}],"predecessor-version":[{"id":2822,"href":"https:\/\/www.uoh.cl\/internacional\/wp-json\/wp\/v2\/pages\/1081\/revisions\/2822"}],"wp:attachment":[{"href":"https:\/\/www.uoh.cl\/internacional\/wp-json\/wp\/v2\/media?parent=1081"}],"curies":[{"name":"wp","href":"https:\/\/api.w.org\/{rel}","templated":true}]}}