
{"id":1017,"date":"2023-06-19T17:39:25","date_gmt":"2023-06-19T20:39:25","guid":{"rendered":"https:\/\/www.uoh.cl\/relaciones-internacionales\/?page_id=1017"},"modified":"2025-11-20T17:36:42","modified_gmt":"2025-11-20T20:36:42","slug":"xg-experiencia-global","status":"publish","type":"page","link":"https:\/\/www.uoh.cl\/internacional\/xg-experiencia-global\/","title":{"rendered":"XG Experiencia Global"},"content":{"rendered":"<div class=\"wpb-content-wrapper\"><p>[vc_section el_class=&#8221;container mx-auto align-items-center circle&#8211;pattern&#8221; css=&#8221;.vc_custom_1648956589196{padding-top: 3rem !important;}&#8221;][vc_row el_class=&#8221;pb-5&#8243;][vc_column][vc_wp_custommenu nav_menu=&#8221;3&#8243;][vc_wp_custommenu nav_menu=&#8221;6&#8243;]<div class=\"breadcrumb\"><ol itemscope itemtype=\"https:\/\/schema.org\/BreadcrumbList\"><li itemprop=\"itemListElement\" itemscope itemtype=\"https:\/\/schema.org\/ListItem\"><a itemprop=\"item\" href=\"http:\/\/www.uoh.cl\"><span itemprop=\"name\">Inicio<\/span><\/a><meta itemprop=\"position\" content=\"1\" \/><li itemprop=\"itemListElement\" itemscope itemtype=\"https:\/\/schema.org\/ListItem\"><a itemprop=\"item\" href=\"https:\/\/www.uoh.cl\/internacional\"><span itemprop=\"name\">Direcci\u00f3n de Internacionalizaci\u00f3n<\/span><\/a><meta itemprop=\"position\" content=\"2\" \/><li itemprop=\"itemListElement\" itemscope itemtype=\"https:\/\/schema.org\/ListItem\"><span itemprop=\"name\">XG Experiencia Global <\/span><meta itemprop=\"position\" content=\"3\" \/><\/ol><\/div><div class=\"uoh_title_component-container\"><h1 class=\"title title--ms d-inline-block title--decorator  big\">XG Experiencia Global &#8211; Convocatoria 2025-2026: Destino Per\u00fa<\/h1><\/div>[vc_row_inner][vc_column_inner width=&#8221;2\/3&#8243;][vc_column_text css=&#8221;&#8221;]<\/p>\n<h6>Tipo: <strong>movilidad presencial<\/strong><\/h6>\n<h6>Duraci\u00f3n: 5 d\u00edas<\/h6>\n<h6>Fecha ejecuci\u00f3n:<strong> Entre el 26 y el 30 de enero de 2026<\/strong><\/h6>\n<h6>Fecha postulaci\u00f3n: Entre el 19 y el 23 de noviembre de 2025<\/h6>\n<h6>Destino: Universidad de Lima, Per\u00fa<\/h6>\n<p>&nbsp;<\/p>\n<h4><strong>Presentaci\u00f3n<\/strong><\/h4>\n<p>XG <strong>Experiencia Global<\/strong> es una pasant\u00eda de inmersi\u00f3n acad\u00e9mica y cultural en el extranjero dirigida a estudiantes de la Universidad de O\u2019Higgins. Es un programa de corta duraci\u00f3n financiado mediante una <strong>beca institucional<\/strong>. La experiencia se desarrolla durante el per\u00edodo de vacaciones de verano y busca fortalecer competencias internacionales, interculturales y acad\u00e9micas.<\/p>\n<p>Entre las actividades contempladas se incluyen:<\/p>\n<ul>\n<li>Talleres introductorios y actividades formativas seg\u00fan el eje tem\u00e1tico del programa.<\/li>\n<li>Visitas a campus universitarios e instituciones vinculadas.<\/li>\n<li>Actividades culturales, hist\u00f3ricas y patrimoniales.<\/li>\n<li>Intercambio con estudiantes y actores locales.<\/li>\n<\/ul>\n<h3><\/h3>\n<p>&nbsp;<\/p>\n<h4><strong>Costo<\/strong><\/h4>\n<p>El financiamiento se otorga mediante una <strong>beca UOH<\/strong>, que cubre:<\/p>\n<ul>\n<li>Pasajes a\u00e9reos.<\/li>\n<li>Programa acad\u00e9mico y cultural.<\/li>\n<li>Alimentaci\u00f3n.<\/li>\n<li>Alojamiento durante toda la duraci\u00f3n de la experiencia.<\/li>\n<\/ul>\n<p>&nbsp;<\/p>\n<h4><b>Requisitos<\/b><\/h4>\n<p>Podr\u00e1n postular estudiantes que cumplan los siguientes criterios:<\/p>\n<ul>\n<li>Ser estudiante regular de la UOH, de la Escuela de Ciencias Agroalimentarias, Animales y Ambientales (ECA3), Escuela de Educaci\u00f3n (ESED), Escuela de Ingenier\u00eda (EING) o la Escuela de Salud (ESSA).<\/li>\n<li>Estar cursando entre el 3\u00b0 y el 6\u00b0 semestre de su carrera (2\u00b0 y 3\u00b0 a\u00f1o).<\/li>\n<li>Buen desempe\u00f1o acad\u00e9mico, demostrado mediante un promedio de notas ponderado de aprobados, de al menos 5,0.<\/li>\n<li>No encontrarse dentro de un proceso de sumario administrativo en curso, o sancionado en uno ya finalizado, dentro de la UOH.<\/li>\n<li>No tener obligaciones financieras vigentes con la Universidad.<\/li>\n<li>No haber participado antes en el Programa XG &#8211; Experiencia Global UOH.<\/li>\n<\/ul>\n<p>&nbsp;<\/p>\n<h4><b>Proceso de postulaci\u00f3n<\/b><\/h4>\n<p>La selecci\u00f3n de estudiantes considera una evaluaci\u00f3n acad\u00e9mica y motivacional. Los criterios son:<\/p>\n<ul>\n<li>Rendimiento acad\u00e9mico.<\/li>\n<li>Motivaci\u00f3n para participar.<\/li>\n<li>Presentaci\u00f3n y desempe\u00f1o en entrevista personal.<\/li>\n<\/ul>\n<p>&nbsp;<\/p>\n<h4><b>Fechas relevantes\u00a0<\/b><\/h4>\n<table>\n<tbody>\n<tr>\n<td width=\"340\"><strong>Etapa<\/strong><\/td>\n<td width=\"249\"><strong>Fecha<\/strong><\/td>\n<\/tr>\n<tr>\n<td width=\"340\">Periodo de postulaci\u00f3n<\/td>\n<td width=\"249\">19 al 23 de noviembre de 2025, ambas fechas inclusive<\/td>\n<\/tr>\n<tr>\n<td width=\"340\">Resultados de preselecci\u00f3n<\/td>\n<td width=\"249\">25 de noviembre de 2025<\/td>\n<\/tr>\n<tr>\n<td width=\"340\">Entrevistas de selecci\u00f3n final<\/td>\n<td width=\"249\">26 de noviembre de 2025<\/td>\n<\/tr>\n<tr>\n<td width=\"340\">Informaci\u00f3n de resultados finales<\/td>\n<td width=\"249\">27 de noviembre de 2025<\/td>\n<\/tr>\n<tr>\n<td width=\"340\">Aceptaci\u00f3n de resultados<\/td>\n<td width=\"249\">27 de noviembre de 2025<\/td>\n<\/tr>\n<tr>\n<td width=\"340\">Lista definitiva de seleccionados y seleccionadas<\/td>\n<td width=\"249\">28 de noviembre de 2024<\/td>\n<\/tr>\n<tr>\n<td width=\"340\">Fechas de viaje<\/td>\n<td width=\"249\"><em>Salida:<\/em> 24 de enero de 2026 \u2014 <em>Regreso:<\/em> 31 de enero de 2026.<\/td>\n<\/tr>\n<\/tbody>\n<\/table>\n<p>[\/vc_column_text][vc_zigzag color=&#8221;white&#8221;][vc_zigzag color=&#8221;white&#8221;][vc_btn title=&#8221;Convocatoria cerrada&#8221; color=&#8221;danger&#8221; size=&#8221;lg&#8221; css=&#8221;&#8221;][vc_zigzag color=&#8221;white&#8221;][vc_btn title=&#8221;Ver bases&#8221; color=&#8221;success&#8221; css=&#8221;&#8221; link=&#8221;url:https%3A%2F%2Fdrive.google.com%2Ffile%2Fd%2F1nAT3zSHfYNIyNJG-sWCBeMZUx1jhX66w%2Fview|target:_blank&#8221;][vc_zigzag color=&#8221;white&#8221;][vc_zigzag color=&#8221;white&#8221;][\/vc_column_inner][vc_column_inner width=&#8221;1\/3&#8243;]<div class=\"uoh_simple_image_component component__simple_image simple__image-right col-12\"><div class=\"uoh_simple_image_component\"><figure class=\"simple_image_contain\"><div> <img decoding=\"async\" data-src=\"https:\/\/www.uoh.cl\/internacional\/wp-content\/uploads\/sites\/24\/2023\/08\/Estudiantes-1024x576.png\" class=\"w-100 lazyload\" src=\"data:image\/svg+xml;base64,PHN2ZyB3aWR0aD0iMSIgaGVpZ2h0PSIxIiB4bWxucz0iaHR0cDovL3d3dy53My5vcmcvMjAwMC9zdmciPjwvc3ZnPg==\" style=\"--smush-placeholder-width: 1024px; --smush-placeholder-aspect-ratio: 1024\/576;\"> <\/div><\/figure><\/div><\/div>[vc_zigzag color=&#8221;white&#8221;][vc_zigzag color=&#8221;white&#8221;][vc_zigzag color=&#8221;white&#8221;][vc_zigzag color=&#8221;white&#8221;][vc_zigzag color=&#8221;white&#8221;][vc_zigzag color=&#8221;white&#8221;][vc_zigzag color=&#8221;white&#8221;]<div class=\"uoh_simple_image_component component__simple_image simple__image-right col-12\"><div class=\"uoh_simple_image_component\"><figure class=\"simple_image_contain\"><div> <img decoding=\"async\" data-src=\"https:\/\/www.uoh.cl\/internacional\/wp-content\/uploads\/sites\/24\/2023\/08\/Web-Semana-Int-1024x576.png\" class=\"w-100 lazyload\" src=\"data:image\/svg+xml;base64,PHN2ZyB3aWR0aD0iMSIgaGVpZ2h0PSIxIiB4bWxucz0iaHR0cDovL3d3dy53My5vcmcvMjAwMC9zdmciPjwvc3ZnPg==\" style=\"--smush-placeholder-width: 1024px; --smush-placeholder-aspect-ratio: 1024\/576;\"> <\/div><\/figure><\/div><\/div>[vc_zigzag color=&#8221;white&#8221;][vc_zigzag color=&#8221;white&#8221;][vc_zigzag color=&#8221;white&#8221;][vc_zigzag color=&#8221;white&#8221;][vc_zigzag color=&#8221;white&#8221;][vc_zigzag color=&#8221;white&#8221;][vc_zigzag color=&#8221;white&#8221;]<div class=\"uoh_simple_image_component component__simple_image simple__image-right col-12\"><div class=\"uoh_simple_image_component\"><figure class=\"simple_image_contain\"><div> <img decoding=\"async\" data-src=\"https:\/\/www.uoh.cl\/internacional\/wp-content\/uploads\/sites\/24\/2023\/08\/Screenshot-1.png\" class=\"w-100 lazyload\" src=\"data:image\/svg+xml;base64,PHN2ZyB3aWR0aD0iMSIgaGVpZ2h0PSIxIiB4bWxucz0iaHR0cDovL3d3dy53My5vcmcvMjAwMC9zdmciPjwvc3ZnPg==\" style=\"--smush-placeholder-width: 493px; --smush-placeholder-aspect-ratio: 493\/258;\"> <\/div><\/figure><\/div><\/div>[vc_zigzag color=&#8221;white&#8221;][vc_zigzag color=&#8221;white&#8221;][vc_zigzag color=&#8221;white&#8221;][vc_zigzag color=&#8221;white&#8221;][vc_zigzag color=&#8221;white&#8221;][vc_zigzag color=&#8221;white&#8221;][vc_zigzag color=&#8221;white&#8221;]<div class=\"uoh_simple_image_component component__simple_image simple__image-right col-12\"><div class=\"uoh_simple_image_component\"><figure class=\"simple_image_contain\"><div> <img decoding=\"async\" data-src=\"https:\/\/www.uoh.cl\/internacional\/wp-content\/uploads\/sites\/24\/2023\/08\/Screenshot.png\" class=\"w-100 lazyload\" src=\"data:image\/svg+xml;base64,PHN2ZyB3aWR0aD0iMSIgaGVpZ2h0PSIxIiB4bWxucz0iaHR0cDovL3d3dy53My5vcmcvMjAwMC9zdmciPjwvc3ZnPg==\" style=\"--smush-placeholder-width: 894px; --smush-placeholder-aspect-ratio: 894\/568;\"> <\/div><\/figure><\/div><\/div>[\/vc_column_inner][\/vc_row_inner][\/vc_column][\/vc_row][vc_row][vc_column][\/vc_column][\/vc_row][\/vc_section][vc_section disable_element=&#8221;yes&#8221; css=&#8221;.vc_custom_1763664624640{background-color: #f6faff !important;}&#8221; el_class=&#8221;p-md-0 pt-md-5&#8243;][vc_row el_class=&#8221;container mx-auto align-items-center p-md-0 pt-5&#8243;][vc_column el_class=&#8221;p-0&#8243;][vc_cta h2=&#8221;En breve&#8221; css=&#8221;&#8221;]<\/p>\n<ul>\n<li>\n<h4>Programa de movilidad presencial<\/h4>\n<\/li>\n<li>\n<h4>Corta duraci\u00f3n (aprox. 10 d\u00edas)<\/h4>\n<\/li>\n<li>\n<h4>Con beca completa UOH<\/h4>\n<\/li>\n<li>\n<h4>No tiene cr\u00e9ditos<\/h4>\n<\/li>\n<\/ul>\n<p>[\/vc_cta][\/vc_column][\/vc_row][\/vc_section][vc_section css=&#8221;.vc_custom_1649210787516{background-color: #f6faff !important;}&#8221; el_class=&#8221;p-md-0 pt-md-5 pb-md-5&#8243;][vc_row el_class=&#8221;container mx-auto align-items-center&#8221;][vc_column][\/vc_column][\/vc_row][\/vc_section]<\/p>\n<\/div>","protected":false},"excerpt":{"rendered":"<p>[vc_section el_class=&#8221;container mx-auto align-items-center circle&#8211;pattern&#8221; css=&#8221;.vc_custom_1648956589196{padding-top: 3rem !important;}&#8221;][vc_row el_class=&#8221;pb-5&#8243;][vc_column][vc_wp_custommenu nav_menu=&#8221;3&#8243;][vc_wp_custommenu nav_menu=&#8221;6&#8243;][vc_row_inner][vc_column_inner width=&#8221;2\/3&#8243;][vc_column_text css=&#8221;&#8221;] Tipo: movilidad presencial Duraci\u00f3n: 5 d\u00edas Fecha ejecuci\u00f3n: Entre el 26 y el 30 de enero de 2026 Fecha postulaci\u00f3n: Entre el 19 y el 23 de noviembre de 2025 Destino: Universidad de Lima, Per\u00fa &nbsp; Presentaci\u00f3n XG Experiencia Global es una [&hellip;]<\/p>\n","protected":false},"author":23,"featured_media":0,"parent":0,"menu_order":0,"comment_status":"closed","ping_status":"closed","template":"","meta":{"_acf_changed":false,"footnotes":""},"class_list":["post-1017","page","type-page","status-publish","hentry"],"acf":[],"yoast_head":"<!-- This site is optimized with the Yoast SEO plugin v26.6 - https:\/\/yoast.com\/wordpress\/plugins\/seo\/ -->\n<title>XG Experiencia Global - Direcci\u00f3n de Internacionalizaci\u00f3n<\/title>\n<meta name=\"robots\" content=\"index, follow, max-snippet:-1, max-image-preview:large, max-video-preview:-1\" \/>\n<link rel=\"canonical\" href=\"https:\/\/www.uoh.cl\/internacional\/xg-experiencia-global\/\" \/>\n<meta property=\"og:locale\" content=\"es_ES\" \/>\n<meta property=\"og:type\" content=\"article\" \/>\n<meta property=\"og:title\" content=\"XG Experiencia Global - Direcci\u00f3n de Internacionalizaci\u00f3n\" \/>\n<meta property=\"og:description\" content=\"[vc_section el_class=&#8221;container mx-auto align-items-center circle&#8211;pattern&#8221; css=&#8221;.vc_custom_1648956589196{padding-top: 3rem !important;}&#8221;][vc_row el_class=&#8221;pb-5&#8243;][vc_column][vc_wp_custommenu nav_menu=&#8221;3&#8243;][vc_wp_custommenu nav_menu=&#8221;6&#8243;][vc_row_inner][vc_column_inner width=&#8221;2\/3&#8243;][vc_column_text css=&#8221;&#8221;] Tipo: movilidad presencial Duraci\u00f3n: 5 d\u00edas Fecha ejecuci\u00f3n: Entre el 26 y el 30 de enero de 2026 Fecha postulaci\u00f3n: Entre el 19 y el 23 de noviembre de 2025 Destino: Universidad de Lima, Per\u00fa &nbsp; Presentaci\u00f3n XG Experiencia Global es una [&hellip;]\" \/>\n<meta property=\"og:url\" content=\"https:\/\/www.uoh.cl\/internacional\/xg-experiencia-global\/\" \/>\n<meta property=\"og:site_name\" content=\"Direcci\u00f3n de Internacionalizaci\u00f3n\" \/>\n<meta property=\"article:modified_time\" content=\"2025-11-20T20:36:42+00:00\" \/>\n<meta name=\"twitter:card\" content=\"summary_large_image\" \/>\n<meta name=\"twitter:label1\" content=\"Tiempo estimado de lectura\" \/>\n\t<meta name=\"twitter:data1\" content=\"3 minutos\" \/>\n<script type=\"application\/ld+json\" class=\"yoast-schema-graph\">{\"@context\":\"https:\/\/schema.org\",\"@graph\":[{\"@type\":\"WebPage\",\"@id\":\"https:\/\/www.uoh.cl\/internacional\/xg-experiencia-global\/\",\"url\":\"https:\/\/www.uoh.cl\/internacional\/xg-experiencia-global\/\",\"name\":\"XG Experiencia Global - Direcci\u00f3n de Internacionalizaci\u00f3n\",\"isPartOf\":{\"@id\":\"https:\/\/www.uoh.cl\/internacional\/#website\"},\"datePublished\":\"2023-06-19T20:39:25+00:00\",\"dateModified\":\"2025-11-20T20:36:42+00:00\",\"inLanguage\":\"es-CL\",\"potentialAction\":[{\"@type\":\"ReadAction\",\"target\":[\"https:\/\/www.uoh.cl\/internacional\/xg-experiencia-global\/\"]}]},{\"@type\":\"WebSite\",\"@id\":\"https:\/\/www.uoh.cl\/internacional\/#website\",\"url\":\"https:\/\/www.uoh.cl\/internacional\/\",\"name\":\"Direcci\u00f3n de Internacionalizaci\u00f3n\",\"description\":\"Otro sitio de Sitios de Universidad O'higgins\",\"potentialAction\":[{\"@type\":\"SearchAction\",\"target\":{\"@type\":\"EntryPoint\",\"urlTemplate\":\"https:\/\/www.uoh.cl\/internacional\/?s={search_term_string}\"},\"query-input\":{\"@type\":\"PropertyValueSpecification\",\"valueRequired\":true,\"valueName\":\"search_term_string\"}}],\"inLanguage\":\"es-CL\"}]}<\/script>\n<!-- \/ Yoast SEO plugin. -->","yoast_head_json":{"title":"XG Experiencia Global - Direcci\u00f3n de Internacionalizaci\u00f3n","robots":{"index":"index","follow":"follow","max-snippet":"max-snippet:-1","max-image-preview":"max-image-preview:large","max-video-preview":"max-video-preview:-1"},"canonical":"https:\/\/www.uoh.cl\/internacional\/xg-experiencia-global\/","og_locale":"es_ES","og_type":"article","og_title":"XG Experiencia Global - Direcci\u00f3n de Internacionalizaci\u00f3n","og_description":"[vc_section el_class=&#8221;container mx-auto align-items-center circle&#8211;pattern&#8221; css=&#8221;.vc_custom_1648956589196{padding-top: 3rem !important;}&#8221;][vc_row el_class=&#8221;pb-5&#8243;][vc_column][vc_wp_custommenu nav_menu=&#8221;3&#8243;][vc_wp_custommenu nav_menu=&#8221;6&#8243;][vc_row_inner][vc_column_inner width=&#8221;2\/3&#8243;][vc_column_text css=&#8221;&#8221;] Tipo: movilidad presencial Duraci\u00f3n: 5 d\u00edas Fecha ejecuci\u00f3n: Entre el 26 y el 30 de enero de 2026 Fecha postulaci\u00f3n: Entre el 19 y el 23 de noviembre de 2025 Destino: Universidad de Lima, Per\u00fa &nbsp; Presentaci\u00f3n XG Experiencia Global es una [&hellip;]","og_url":"https:\/\/www.uoh.cl\/internacional\/xg-experiencia-global\/","og_site_name":"Direcci\u00f3n de Internacionalizaci\u00f3n","article_modified_time":"2025-11-20T20:36:42+00:00","twitter_card":"summary_large_image","twitter_misc":{"Tiempo estimado de lectura":"3 minutos"},"schema":{"@context":"https:\/\/schema.org","@graph":[{"@type":"WebPage","@id":"https:\/\/www.uoh.cl\/internacional\/xg-experiencia-global\/","url":"https:\/\/www.uoh.cl\/internacional\/xg-experiencia-global\/","name":"XG Experiencia Global - Direcci\u00f3n de Internacionalizaci\u00f3n","isPartOf":{"@id":"https:\/\/www.uoh.cl\/internacional\/#website"},"datePublished":"2023-06-19T20:39:25+00:00","dateModified":"2025-11-20T20:36:42+00:00","inLanguage":"es-CL","potentialAction":[{"@type":"ReadAction","target":["https:\/\/www.uoh.cl\/internacional\/xg-experiencia-global\/"]}]},{"@type":"WebSite","@id":"https:\/\/www.uoh.cl\/internacional\/#website","url":"https:\/\/www.uoh.cl\/internacional\/","name":"Direcci\u00f3n de Internacionalizaci\u00f3n","description":"Otro sitio de Sitios de Universidad O'higgins","potentialAction":[{"@type":"SearchAction","target":{"@type":"EntryPoint","urlTemplate":"https:\/\/www.uoh.cl\/internacional\/?s={search_term_string}"},"query-input":{"@type":"PropertyValueSpecification","valueRequired":true,"valueName":"search_term_string"}}],"inLanguage":"es-CL"}]}},"_links":{"self":[{"href":"https:\/\/www.uoh.cl\/internacional\/wp-json\/wp\/v2\/pages\/1017","targetHints":{"allow":["GET"]}}],"collection":[{"href":"https:\/\/www.uoh.cl\/internacional\/wp-json\/wp\/v2\/pages"}],"about":[{"href":"https:\/\/www.uoh.cl\/internacional\/wp-json\/wp\/v2\/types\/page"}],"author":[{"embeddable":true,"href":"https:\/\/www.uoh.cl\/internacional\/wp-json\/wp\/v2\/users\/23"}],"replies":[{"embeddable":true,"href":"https:\/\/www.uoh.cl\/internacional\/wp-json\/wp\/v2\/comments?post=1017"}],"version-history":[{"count":30,"href":"https:\/\/www.uoh.cl\/internacional\/wp-json\/wp\/v2\/pages\/1017\/revisions"}],"predecessor-version":[{"id":3041,"href":"https:\/\/www.uoh.cl\/internacional\/wp-json\/wp\/v2\/pages\/1017\/revisions\/3041"}],"wp:attachment":[{"href":"https:\/\/www.uoh.cl\/internacional\/wp-json\/wp\/v2\/media?parent=1017"}],"curies":[{"name":"wp","href":"https:\/\/api.w.org\/{rel}","templated":true}]}}