
{"id":3755,"date":"2025-08-18T15:55:45","date_gmt":"2025-08-18T18:55:45","guid":{"rendered":"https:\/\/www.uoh.cl\/instituto-de-ciencias-sociales\/?page_id=3755"},"modified":"2025-08-18T15:57:02","modified_gmt":"2025-08-18T18:57:02","slug":"gobernanza-gestion-publica-y-descentralizacion","status":"publish","type":"page","link":"https:\/\/www.uoh.cl\/instituto-de-ciencias-sociales\/gobernanza-gestion-publica-y-descentralizacion\/","title":{"rendered":"Gobernanza, gesti\u00f3n p\u00fablica y descentralizaci\u00f3n"},"content":{"rendered":"<div class=\"wpb-content-wrapper\"><p>[vc_section el_class=&#8221;container mx-auto align-items-center circle&#8211;pattern&#8221; css=&#8221;.vc_custom_1648956589196{padding-top: 3rem !important;}&#8221;][vc_row el_class=&#8221;pb-5&#8243;][vc_column][vc_wp_custommenu nav_menu=&#8221;6&#8243;]<div class=\"breadcrumb\"><ol itemscope itemtype=\"https:\/\/schema.org\/BreadcrumbList\"><li itemprop=\"itemListElement\" itemscope itemtype=\"https:\/\/schema.org\/ListItem\"><a itemprop=\"item\" href=\"http:\/\/www.uoh.cl\"><span itemprop=\"name\">Inicio<\/span><\/a><meta itemprop=\"position\" content=\"1\" \/><li itemprop=\"itemListElement\" itemscope itemtype=\"https:\/\/schema.org\/ListItem\"><a itemprop=\"item\" href=\"https:\/\/www.uoh.cl\/instituto-de-ciencias-sociales\"><span itemprop=\"name\">Instituto de Ciencias Sociales<\/span><\/a><meta itemprop=\"position\" content=\"2\" \/><li itemprop=\"itemListElement\" itemscope itemtype=\"https:\/\/schema.org\/ListItem\"><span itemprop=\"name\">Gobernanza, gesti\u00f3n p\u00fablica y descentralizaci\u00f3n <\/span><meta itemprop=\"position\" content=\"3\" \/><\/ol><\/div><div class=\"uoh_title_component-container\"><h1 class=\"title title--ms d-inline-block title--decorator  big\">Gobernanza, gesti\u00f3n p\u00fablica y descentralizaci\u00f3n<\/h1><\/div>[vc_column_text css=&#8221;&#8221;]Esta l\u00ednea estudia lo p\u00fablico en sus distintas dimensiones, indagando tanto en la interrelaci\u00f3n entre sus distintos niveles, actores, e instituciones que lo constituyen, como en las pol\u00edticas y programas p\u00fablicos que del Estado emanan. Con ello buscamos aportar a las discusiones relativas a la configuraci\u00f3n social del Estado y a la gesti\u00f3n y la pol\u00edtica p\u00fablica en asuntos de inter\u00e9s para nuestra vida en com\u00fan. Para ello, se indaga en las transformaciones contempor\u00e1neas del Estado, con especial \u00e9nfasis en las dimensiones pol\u00edtica, administrativa y financiera de la descentralizaci\u00f3n, en la implementaci\u00f3n de pol\u00edticas p\u00fablicas y en las desigualdades sociales y econ\u00f3micas.<\/p>\n<p><strong>Integrantes: <\/strong><a href=\"https:\/\/www.uoh.cl\/instituto-de-ciencias-sociales\/academico\/andrea-canales\/\" target=\"_blank\" rel=\"noopener\">Andrea Canales<\/a>, <a href=\"https:\/\/www.uoh.cl\/instituto-de-ciencias-sociales\/academico\/catalina-canals\/\" target=\"_blank\" rel=\"noopener\">Catalina Canals<\/a>, <a href=\"https:\/\/www.uoh.cl\/instituto-de-ciencias-sociales\/academico\/loreto-quiroz-rojas\/\" target=\"_blank\" rel=\"noopener\">Loreto Quiroz<\/a>, <a href=\"https:\/\/www.uoh.cl\/instituto-de-ciencias-sociales\/academico\/ricardo-fuentealba\/\" target=\"_blank\" rel=\"noopener\">Ricardo Fuentealba<\/a>, <a href=\"https:\/\/www.uoh.cl\/instituto-de-ciencias-sociales\/academico\/ignacio-riquelme\/\" target=\"_blank\" rel=\"noopener\"><strong>Ignacio Riquelme<\/strong><\/a>, <a href=\"https:\/\/www.uoh.cl\/instituto-de-ciencias-sociales\/academico\/ana-figueiredo\/\" target=\"_blank\" rel=\"noopener\">Ana Figueiredo<\/a>.[\/vc_column_text][vc_zigzag color=&#8221;white&#8221;][vc_single_image image=&#8221;3759&#8243; img_size=&#8221;LARGE&#8221; css=&#8221;&#8221;][\/vc_column][\/vc_row][\/vc_section][vc_section css=&#8221;.vc_custom_1649209804184{background-color: #f6faff !important;}&#8221; el_class=&#8221;p-md-0 pt-md-5&#8243;][vc_row el_class=&#8221;container mx-auto align-items-center p-md-0 pt-5&#8243;][vc_column el_class=&#8221;p-0&#8243;][\/vc_column][\/vc_row][\/vc_section][vc_section css=&#8221;.vc_custom_1649210787516{background-color: #f6faff !important;}&#8221; el_class=&#8221;p-md-0 pt-md-5 pb-md-5&#8243;][vc_row el_class=&#8221;container mx-auto align-items-center&#8221;][vc_column][\/vc_column][\/vc_row][\/vc_section]<\/p>\n<\/div>","protected":false},"excerpt":{"rendered":"<p>[vc_section el_class=&#8221;container mx-auto align-items-center circle&#8211;pattern&#8221; css=&#8221;.vc_custom_1648956589196{padding-top: 3rem !important;}&#8221;][vc_row el_class=&#8221;pb-5&#8243;][vc_column][vc_wp_custommenu nav_menu=&#8221;6&#8243;][vc_column_text css=&#8221;&#8221;]Esta l\u00ednea estudia lo p\u00fablico en sus distintas dimensiones, indagando tanto en la interrelaci\u00f3n entre sus distintos niveles, actores, e instituciones que lo constituyen, como en las pol\u00edticas y programas p\u00fablicos que del Estado emanan. Con ello buscamos aportar a las discusiones relativas a la [&hellip;]<\/p>\n","protected":false},"author":23,"featured_media":0,"parent":0,"menu_order":0,"comment_status":"closed","ping_status":"closed","template":"","meta":{"_acf_changed":false,"footnotes":""},"class_list":["post-3755","page","type-page","status-publish","hentry"],"acf":[],"yoast_head":"<!-- This site is optimized with the Yoast SEO plugin v26.6 - https:\/\/yoast.com\/wordpress\/plugins\/seo\/ -->\n<title>Gobernanza, gesti\u00f3n p\u00fablica y descentralizaci\u00f3n - Instituto de Ciencias Sociales<\/title>\n<meta name=\"robots\" content=\"index, follow, max-snippet:-1, max-image-preview:large, max-video-preview:-1\" \/>\n<link rel=\"canonical\" href=\"https:\/\/www.uoh.cl\/instituto-de-ciencias-sociales\/gobernanza-gestion-publica-y-descentralizacion\/\" \/>\n<meta property=\"og:locale\" content=\"es_ES\" \/>\n<meta property=\"og:type\" content=\"article\" \/>\n<meta property=\"og:title\" content=\"Gobernanza, gesti\u00f3n p\u00fablica y descentralizaci\u00f3n - Instituto de Ciencias Sociales\" \/>\n<meta property=\"og:description\" content=\"[vc_section el_class=&#8221;container mx-auto align-items-center circle&#8211;pattern&#8221; css=&#8221;.vc_custom_1648956589196{padding-top: 3rem !important;}&#8221;][vc_row el_class=&#8221;pb-5&#8243;][vc_column][vc_wp_custommenu nav_menu=&#8221;6&#8243;][vc_column_text css=&#8221;&#8221;]Esta l\u00ednea estudia lo p\u00fablico en sus distintas dimensiones, indagando tanto en la interrelaci\u00f3n entre sus distintos niveles, actores, e instituciones que lo constituyen, como en las pol\u00edticas y programas p\u00fablicos que del Estado emanan. Con ello buscamos aportar a las discusiones relativas a la [&hellip;]\" \/>\n<meta property=\"og:url\" content=\"https:\/\/www.uoh.cl\/instituto-de-ciencias-sociales\/gobernanza-gestion-publica-y-descentralizacion\/\" \/>\n<meta property=\"og:site_name\" content=\"Instituto de Ciencias Sociales\" \/>\n<meta property=\"article:modified_time\" content=\"2025-08-18T18:57:02+00:00\" \/>\n<meta name=\"twitter:card\" content=\"summary_large_image\" \/>\n<meta name=\"twitter:label1\" content=\"Tiempo estimado de lectura\" \/>\n\t<meta name=\"twitter:data1\" content=\"1 minuto\" \/>\n<script type=\"application\/ld+json\" class=\"yoast-schema-graph\">{\"@context\":\"https:\/\/schema.org\",\"@graph\":[{\"@type\":\"WebPage\",\"@id\":\"https:\/\/www.uoh.cl\/instituto-de-ciencias-sociales\/gobernanza-gestion-publica-y-descentralizacion\/\",\"url\":\"https:\/\/www.uoh.cl\/instituto-de-ciencias-sociales\/gobernanza-gestion-publica-y-descentralizacion\/\",\"name\":\"Gobernanza, gesti\u00f3n p\u00fablica y descentralizaci\u00f3n - Instituto de Ciencias Sociales\",\"isPartOf\":{\"@id\":\"https:\/\/www.uoh.cl\/instituto-de-ciencias-sociales\/#website\"},\"datePublished\":\"2025-08-18T18:55:45+00:00\",\"dateModified\":\"2025-08-18T18:57:02+00:00\",\"inLanguage\":\"es-CL\",\"potentialAction\":[{\"@type\":\"ReadAction\",\"target\":[\"https:\/\/www.uoh.cl\/instituto-de-ciencias-sociales\/gobernanza-gestion-publica-y-descentralizacion\/\"]}]},{\"@type\":\"WebSite\",\"@id\":\"https:\/\/www.uoh.cl\/instituto-de-ciencias-sociales\/#website\",\"url\":\"https:\/\/www.uoh.cl\/instituto-de-ciencias-sociales\/\",\"name\":\"Instituto de Ciencias Sociales\",\"description\":\"Otro sitio de Sitios de Universidad O'higgins\",\"potentialAction\":[{\"@type\":\"SearchAction\",\"target\":{\"@type\":\"EntryPoint\",\"urlTemplate\":\"https:\/\/www.uoh.cl\/instituto-de-ciencias-sociales\/?s={search_term_string}\"},\"query-input\":{\"@type\":\"PropertyValueSpecification\",\"valueRequired\":true,\"valueName\":\"search_term_string\"}}],\"inLanguage\":\"es-CL\"}]}<\/script>\n<!-- \/ Yoast SEO plugin. -->","yoast_head_json":{"title":"Gobernanza, gesti\u00f3n p\u00fablica y descentralizaci\u00f3n - Instituto de Ciencias Sociales","robots":{"index":"index","follow":"follow","max-snippet":"max-snippet:-1","max-image-preview":"max-image-preview:large","max-video-preview":"max-video-preview:-1"},"canonical":"https:\/\/www.uoh.cl\/instituto-de-ciencias-sociales\/gobernanza-gestion-publica-y-descentralizacion\/","og_locale":"es_ES","og_type":"article","og_title":"Gobernanza, gesti\u00f3n p\u00fablica y descentralizaci\u00f3n - Instituto de Ciencias Sociales","og_description":"[vc_section el_class=&#8221;container mx-auto align-items-center circle&#8211;pattern&#8221; css=&#8221;.vc_custom_1648956589196{padding-top: 3rem !important;}&#8221;][vc_row el_class=&#8221;pb-5&#8243;][vc_column][vc_wp_custommenu nav_menu=&#8221;6&#8243;][vc_column_text css=&#8221;&#8221;]Esta l\u00ednea estudia lo p\u00fablico en sus distintas dimensiones, indagando tanto en la interrelaci\u00f3n entre sus distintos niveles, actores, e instituciones que lo constituyen, como en las pol\u00edticas y programas p\u00fablicos que del Estado emanan. Con ello buscamos aportar a las discusiones relativas a la [&hellip;]","og_url":"https:\/\/www.uoh.cl\/instituto-de-ciencias-sociales\/gobernanza-gestion-publica-y-descentralizacion\/","og_site_name":"Instituto de Ciencias Sociales","article_modified_time":"2025-08-18T18:57:02+00:00","twitter_card":"summary_large_image","twitter_misc":{"Tiempo estimado de lectura":"1 minuto"},"schema":{"@context":"https:\/\/schema.org","@graph":[{"@type":"WebPage","@id":"https:\/\/www.uoh.cl\/instituto-de-ciencias-sociales\/gobernanza-gestion-publica-y-descentralizacion\/","url":"https:\/\/www.uoh.cl\/instituto-de-ciencias-sociales\/gobernanza-gestion-publica-y-descentralizacion\/","name":"Gobernanza, gesti\u00f3n p\u00fablica y descentralizaci\u00f3n - Instituto de Ciencias Sociales","isPartOf":{"@id":"https:\/\/www.uoh.cl\/instituto-de-ciencias-sociales\/#website"},"datePublished":"2025-08-18T18:55:45+00:00","dateModified":"2025-08-18T18:57:02+00:00","inLanguage":"es-CL","potentialAction":[{"@type":"ReadAction","target":["https:\/\/www.uoh.cl\/instituto-de-ciencias-sociales\/gobernanza-gestion-publica-y-descentralizacion\/"]}]},{"@type":"WebSite","@id":"https:\/\/www.uoh.cl\/instituto-de-ciencias-sociales\/#website","url":"https:\/\/www.uoh.cl\/instituto-de-ciencias-sociales\/","name":"Instituto de Ciencias Sociales","description":"Otro sitio de Sitios de Universidad O'higgins","potentialAction":[{"@type":"SearchAction","target":{"@type":"EntryPoint","urlTemplate":"https:\/\/www.uoh.cl\/instituto-de-ciencias-sociales\/?s={search_term_string}"},"query-input":{"@type":"PropertyValueSpecification","valueRequired":true,"valueName":"search_term_string"}}],"inLanguage":"es-CL"}]}},"_links":{"self":[{"href":"https:\/\/www.uoh.cl\/instituto-de-ciencias-sociales\/wp-json\/wp\/v2\/pages\/3755","targetHints":{"allow":["GET"]}}],"collection":[{"href":"https:\/\/www.uoh.cl\/instituto-de-ciencias-sociales\/wp-json\/wp\/v2\/pages"}],"about":[{"href":"https:\/\/www.uoh.cl\/instituto-de-ciencias-sociales\/wp-json\/wp\/v2\/types\/page"}],"author":[{"embeddable":true,"href":"https:\/\/www.uoh.cl\/instituto-de-ciencias-sociales\/wp-json\/wp\/v2\/users\/23"}],"replies":[{"embeddable":true,"href":"https:\/\/www.uoh.cl\/instituto-de-ciencias-sociales\/wp-json\/wp\/v2\/comments?post=3755"}],"version-history":[{"count":2,"href":"https:\/\/www.uoh.cl\/instituto-de-ciencias-sociales\/wp-json\/wp\/v2\/pages\/3755\/revisions"}],"predecessor-version":[{"id":3760,"href":"https:\/\/www.uoh.cl\/instituto-de-ciencias-sociales\/wp-json\/wp\/v2\/pages\/3755\/revisions\/3760"}],"wp:attachment":[{"href":"https:\/\/www.uoh.cl\/instituto-de-ciencias-sociales\/wp-json\/wp\/v2\/media?parent=3755"}],"curies":[{"name":"wp","href":"https:\/\/api.w.org\/{rel}","templated":true}]}}