
{"id":3752,"date":"2025-08-18T15:47:27","date_gmt":"2025-08-18T18:47:27","guid":{"rendered":"https:\/\/www.uoh.cl\/instituto-de-ciencias-sociales\/?page_id=3752"},"modified":"2025-08-18T16:19:27","modified_gmt":"2025-08-18T19:19:27","slug":"ciudadania-seguridad-y-violencia","status":"publish","type":"page","link":"https:\/\/www.uoh.cl\/instituto-de-ciencias-sociales\/ciudadania-seguridad-y-violencia\/","title":{"rendered":"Ciudadan\u00eda, Seguridad y Violencia"},"content":{"rendered":"<div class=\"wpb-content-wrapper\"><p>[vc_section el_class=&#8221;container mx-auto align-items-center circle&#8211;pattern&#8221; css=&#8221;.vc_custom_1648956589196{padding-top: 3rem !important;}&#8221;][vc_row el_class=&#8221;pb-5&#8243;][vc_column][vc_wp_custommenu nav_menu=&#8221;6&#8243;]<div class=\"breadcrumb\"><ol itemscope itemtype=\"https:\/\/schema.org\/BreadcrumbList\"><li itemprop=\"itemListElement\" itemscope itemtype=\"https:\/\/schema.org\/ListItem\"><a itemprop=\"item\" href=\"http:\/\/www.uoh.cl\"><span itemprop=\"name\">Inicio<\/span><\/a><meta itemprop=\"position\" content=\"1\" \/><li itemprop=\"itemListElement\" itemscope itemtype=\"https:\/\/schema.org\/ListItem\"><a itemprop=\"item\" href=\"https:\/\/www.uoh.cl\/instituto-de-ciencias-sociales\"><span itemprop=\"name\">Instituto de Ciencias Sociales<\/span><\/a><meta itemprop=\"position\" content=\"2\" \/><li itemprop=\"itemListElement\" itemscope itemtype=\"https:\/\/schema.org\/ListItem\"><span itemprop=\"name\">Ciudadan\u00eda, Seguridad y Violencia <\/span><meta itemprop=\"position\" content=\"3\" \/><\/ol><\/div><div class=\"uoh_title_component-container\"><h1 class=\"title title--ms d-inline-block title--decorator  big\">Ciudadan\u00eda, Seguridad y Violencia<\/h1><\/div>[vc_column_text css=&#8221;&#8221;]Esta l\u00ednea busca comprender las complejidades contempor\u00e1neas asociadas al concepto de ciudadan\u00eda, enfocado en algunos de los aspectos que atraviesan las discusiones actuales en torno a su ejercicio: en particular en lo relativo a la seguridad y la violencia, en sus distintas dimensiones y manifestaciones. Buscamos contribuir a una reflexi\u00f3n sobre la ciudadan\u00eda que, considerando los desaf\u00edos que enfrentan actualmente los Estados en diferentes materias, tenga en el centro una perspectiva de Derechos Humanos. Con vista a ello se problematizan las limitaciones de este concepto en un contexto de movilidad humana a gran escala y profundo descentramiento de los Estados, visibilizando la heterogeneidad de los v\u00ednculos entre personas, comunidades e instituciones.<\/p>\n<p><strong>Integrantes: <a href=\"https:\/\/www.uoh.cl\/instituto-de-ciencias-sociales\/academico\/loreto-quiroz-rojas\/\" target=\"_blank\" rel=\"noopener\"><strong>Loreto Quiroz<\/strong><\/a>,<\/strong> <a href=\"https:\/\/www.uoh.cl\/instituto-de-ciencias-sociales\/academico\/maria-paz-trebilcock-gac\/\" target=\"_blank\" rel=\"noopener\">Mar\u00eda Paz Trebilcock<\/a>, <a href=\"https:\/\/www.uoh.cl\/instituto-de-ciencias-sociales\/academico\/patricio-saavedra-morales\/\" target=\"_blank\" rel=\"noopener\">Patricio Saavedra Morales<\/a>, <a href=\"https:\/\/www.uoh.cl\/instituto-de-ciencias-sociales\/academico\/ana-figueiredo\/\" target=\"_blank\" rel=\"noopener\">Ana Figueiredo<\/a>.[\/vc_column_text][vc_zigzag color=&#8221;white&#8221;][vc_single_image image=&#8221;3753&#8243; img_size=&#8221;LARGE&#8221; css=&#8221;&#8221;][\/vc_column][\/vc_row][\/vc_section][vc_section css=&#8221;.vc_custom_1649209804184{background-color: #f6faff !important;}&#8221; el_class=&#8221;p-md-0 pt-md-5&#8243;][vc_row el_class=&#8221;container mx-auto align-items-center p-md-0 pt-5&#8243;][vc_column el_class=&#8221;p-0&#8243;][\/vc_column][\/vc_row][\/vc_section][vc_section css=&#8221;.vc_custom_1649210787516{background-color: #f6faff !important;}&#8221; el_class=&#8221;p-md-0 pt-md-5 pb-md-5&#8243;][vc_row el_class=&#8221;container mx-auto align-items-center&#8221;][vc_column][\/vc_column][\/vc_row][\/vc_section]<\/p>\n<\/div>","protected":false},"excerpt":{"rendered":"<p>[vc_section el_class=&#8221;container mx-auto align-items-center circle&#8211;pattern&#8221; css=&#8221;.vc_custom_1648956589196{padding-top: 3rem !important;}&#8221;][vc_row el_class=&#8221;pb-5&#8243;][vc_column][vc_wp_custommenu nav_menu=&#8221;6&#8243;][vc_column_text css=&#8221;&#8221;]Esta l\u00ednea busca comprender las complejidades contempor\u00e1neas asociadas al concepto de ciudadan\u00eda, enfocado en algunos de los aspectos que atraviesan las discusiones actuales en torno a su ejercicio: en particular en lo relativo a la seguridad y la violencia, en sus distintas dimensiones y manifestaciones. [&hellip;]<\/p>\n","protected":false},"author":23,"featured_media":0,"parent":0,"menu_order":0,"comment_status":"closed","ping_status":"closed","template":"","meta":{"_acf_changed":false,"footnotes":""},"class_list":["post-3752","page","type-page","status-publish","hentry"],"acf":[],"yoast_head":"<!-- This site is optimized with the Yoast SEO plugin v26.6 - https:\/\/yoast.com\/wordpress\/plugins\/seo\/ -->\n<title>Ciudadan\u00eda, Seguridad y Violencia - Instituto de Ciencias Sociales<\/title>\n<meta name=\"robots\" content=\"index, follow, max-snippet:-1, max-image-preview:large, max-video-preview:-1\" \/>\n<link rel=\"canonical\" href=\"https:\/\/www.uoh.cl\/instituto-de-ciencias-sociales\/ciudadania-seguridad-y-violencia\/\" \/>\n<meta property=\"og:locale\" content=\"es_ES\" \/>\n<meta property=\"og:type\" content=\"article\" \/>\n<meta property=\"og:title\" content=\"Ciudadan\u00eda, Seguridad y Violencia - Instituto de Ciencias Sociales\" \/>\n<meta property=\"og:description\" content=\"[vc_section el_class=&#8221;container mx-auto align-items-center circle&#8211;pattern&#8221; css=&#8221;.vc_custom_1648956589196{padding-top: 3rem !important;}&#8221;][vc_row el_class=&#8221;pb-5&#8243;][vc_column][vc_wp_custommenu nav_menu=&#8221;6&#8243;][vc_column_text css=&#8221;&#8221;]Esta l\u00ednea busca comprender las complejidades contempor\u00e1neas asociadas al concepto de ciudadan\u00eda, enfocado en algunos de los aspectos que atraviesan las discusiones actuales en torno a su ejercicio: en particular en lo relativo a la seguridad y la violencia, en sus distintas dimensiones y manifestaciones. [&hellip;]\" \/>\n<meta property=\"og:url\" content=\"https:\/\/www.uoh.cl\/instituto-de-ciencias-sociales\/ciudadania-seguridad-y-violencia\/\" \/>\n<meta property=\"og:site_name\" content=\"Instituto de Ciencias Sociales\" \/>\n<meta property=\"article:modified_time\" content=\"2025-08-18T19:19:27+00:00\" \/>\n<meta name=\"twitter:card\" content=\"summary_large_image\" \/>\n<meta name=\"twitter:label1\" content=\"Tiempo estimado de lectura\" \/>\n\t<meta name=\"twitter:data1\" content=\"1 minuto\" \/>\n<script type=\"application\/ld+json\" class=\"yoast-schema-graph\">{\"@context\":\"https:\/\/schema.org\",\"@graph\":[{\"@type\":\"WebPage\",\"@id\":\"https:\/\/www.uoh.cl\/instituto-de-ciencias-sociales\/ciudadania-seguridad-y-violencia\/\",\"url\":\"https:\/\/www.uoh.cl\/instituto-de-ciencias-sociales\/ciudadania-seguridad-y-violencia\/\",\"name\":\"Ciudadan\u00eda, Seguridad y Violencia - Instituto de Ciencias Sociales\",\"isPartOf\":{\"@id\":\"https:\/\/www.uoh.cl\/instituto-de-ciencias-sociales\/#website\"},\"datePublished\":\"2025-08-18T18:47:27+00:00\",\"dateModified\":\"2025-08-18T19:19:27+00:00\",\"inLanguage\":\"es-CL\",\"potentialAction\":[{\"@type\":\"ReadAction\",\"target\":[\"https:\/\/www.uoh.cl\/instituto-de-ciencias-sociales\/ciudadania-seguridad-y-violencia\/\"]}]},{\"@type\":\"WebSite\",\"@id\":\"https:\/\/www.uoh.cl\/instituto-de-ciencias-sociales\/#website\",\"url\":\"https:\/\/www.uoh.cl\/instituto-de-ciencias-sociales\/\",\"name\":\"Instituto de Ciencias Sociales\",\"description\":\"Otro sitio de Sitios de Universidad O'higgins\",\"potentialAction\":[{\"@type\":\"SearchAction\",\"target\":{\"@type\":\"EntryPoint\",\"urlTemplate\":\"https:\/\/www.uoh.cl\/instituto-de-ciencias-sociales\/?s={search_term_string}\"},\"query-input\":{\"@type\":\"PropertyValueSpecification\",\"valueRequired\":true,\"valueName\":\"search_term_string\"}}],\"inLanguage\":\"es-CL\"}]}<\/script>\n<!-- \/ Yoast SEO plugin. -->","yoast_head_json":{"title":"Ciudadan\u00eda, Seguridad y Violencia - Instituto de Ciencias Sociales","robots":{"index":"index","follow":"follow","max-snippet":"max-snippet:-1","max-image-preview":"max-image-preview:large","max-video-preview":"max-video-preview:-1"},"canonical":"https:\/\/www.uoh.cl\/instituto-de-ciencias-sociales\/ciudadania-seguridad-y-violencia\/","og_locale":"es_ES","og_type":"article","og_title":"Ciudadan\u00eda, Seguridad y Violencia - Instituto de Ciencias Sociales","og_description":"[vc_section el_class=&#8221;container mx-auto align-items-center circle&#8211;pattern&#8221; css=&#8221;.vc_custom_1648956589196{padding-top: 3rem !important;}&#8221;][vc_row el_class=&#8221;pb-5&#8243;][vc_column][vc_wp_custommenu nav_menu=&#8221;6&#8243;][vc_column_text css=&#8221;&#8221;]Esta l\u00ednea busca comprender las complejidades contempor\u00e1neas asociadas al concepto de ciudadan\u00eda, enfocado en algunos de los aspectos que atraviesan las discusiones actuales en torno a su ejercicio: en particular en lo relativo a la seguridad y la violencia, en sus distintas dimensiones y manifestaciones. [&hellip;]","og_url":"https:\/\/www.uoh.cl\/instituto-de-ciencias-sociales\/ciudadania-seguridad-y-violencia\/","og_site_name":"Instituto de Ciencias Sociales","article_modified_time":"2025-08-18T19:19:27+00:00","twitter_card":"summary_large_image","twitter_misc":{"Tiempo estimado de lectura":"1 minuto"},"schema":{"@context":"https:\/\/schema.org","@graph":[{"@type":"WebPage","@id":"https:\/\/www.uoh.cl\/instituto-de-ciencias-sociales\/ciudadania-seguridad-y-violencia\/","url":"https:\/\/www.uoh.cl\/instituto-de-ciencias-sociales\/ciudadania-seguridad-y-violencia\/","name":"Ciudadan\u00eda, Seguridad y Violencia - Instituto de Ciencias Sociales","isPartOf":{"@id":"https:\/\/www.uoh.cl\/instituto-de-ciencias-sociales\/#website"},"datePublished":"2025-08-18T18:47:27+00:00","dateModified":"2025-08-18T19:19:27+00:00","inLanguage":"es-CL","potentialAction":[{"@type":"ReadAction","target":["https:\/\/www.uoh.cl\/instituto-de-ciencias-sociales\/ciudadania-seguridad-y-violencia\/"]}]},{"@type":"WebSite","@id":"https:\/\/www.uoh.cl\/instituto-de-ciencias-sociales\/#website","url":"https:\/\/www.uoh.cl\/instituto-de-ciencias-sociales\/","name":"Instituto de Ciencias Sociales","description":"Otro sitio de Sitios de Universidad O'higgins","potentialAction":[{"@type":"SearchAction","target":{"@type":"EntryPoint","urlTemplate":"https:\/\/www.uoh.cl\/instituto-de-ciencias-sociales\/?s={search_term_string}"},"query-input":{"@type":"PropertyValueSpecification","valueRequired":true,"valueName":"search_term_string"}}],"inLanguage":"es-CL"}]}},"_links":{"self":[{"href":"https:\/\/www.uoh.cl\/instituto-de-ciencias-sociales\/wp-json\/wp\/v2\/pages\/3752","targetHints":{"allow":["GET"]}}],"collection":[{"href":"https:\/\/www.uoh.cl\/instituto-de-ciencias-sociales\/wp-json\/wp\/v2\/pages"}],"about":[{"href":"https:\/\/www.uoh.cl\/instituto-de-ciencias-sociales\/wp-json\/wp\/v2\/types\/page"}],"author":[{"embeddable":true,"href":"https:\/\/www.uoh.cl\/instituto-de-ciencias-sociales\/wp-json\/wp\/v2\/users\/23"}],"replies":[{"embeddable":true,"href":"https:\/\/www.uoh.cl\/instituto-de-ciencias-sociales\/wp-json\/wp\/v2\/comments?post=3752"}],"version-history":[{"count":4,"href":"https:\/\/www.uoh.cl\/instituto-de-ciencias-sociales\/wp-json\/wp\/v2\/pages\/3752\/revisions"}],"predecessor-version":[{"id":3771,"href":"https:\/\/www.uoh.cl\/instituto-de-ciencias-sociales\/wp-json\/wp\/v2\/pages\/3752\/revisions\/3771"}],"wp:attachment":[{"href":"https:\/\/www.uoh.cl\/instituto-de-ciencias-sociales\/wp-json\/wp\/v2\/media?parent=3752"}],"curies":[{"name":"wp","href":"https:\/\/api.w.org\/{rel}","templated":true}]}}