
{"id":3749,"date":"2025-08-18T15:36:24","date_gmt":"2025-08-18T18:36:24","guid":{"rendered":"https:\/\/www.uoh.cl\/instituto-de-ciencias-sociales\/?page_id=3749"},"modified":"2025-08-18T16:23:07","modified_gmt":"2025-08-18T19:23:07","slug":"desigualdad-socio-territorial-y-desafios-del-desarrollo","status":"publish","type":"page","link":"https:\/\/www.uoh.cl\/instituto-de-ciencias-sociales\/desigualdad-socio-territorial-y-desafios-del-desarrollo\/","title":{"rendered":"Desigualdad socio-territorial y desaf\u00edos del desarrollo"},"content":{"rendered":"<div class=\"wpb-content-wrapper\"><p>[vc_section el_class=&#8221;container mx-auto align-items-center circle&#8211;pattern&#8221; css=&#8221;.vc_custom_1648956589196{padding-top: 3rem !important;}&#8221;][vc_row el_class=&#8221;pb-5&#8243;][vc_column][vc_wp_custommenu nav_menu=&#8221;6&#8243;]<div class=\"breadcrumb\"><ol itemscope itemtype=\"https:\/\/schema.org\/BreadcrumbList\"><li itemprop=\"itemListElement\" itemscope itemtype=\"https:\/\/schema.org\/ListItem\"><a itemprop=\"item\" href=\"http:\/\/www.uoh.cl\"><span itemprop=\"name\">Inicio<\/span><\/a><meta itemprop=\"position\" content=\"1\" \/><li itemprop=\"itemListElement\" itemscope itemtype=\"https:\/\/schema.org\/ListItem\"><a itemprop=\"item\" href=\"https:\/\/www.uoh.cl\/instituto-de-ciencias-sociales\"><span itemprop=\"name\">Instituto de Ciencias Sociales<\/span><\/a><meta itemprop=\"position\" content=\"2\" \/><li itemprop=\"itemListElement\" itemscope itemtype=\"https:\/\/schema.org\/ListItem\"><span itemprop=\"name\">Desigualdad socio-territorial y desaf\u00edos del desarrollo <\/span><meta itemprop=\"position\" content=\"3\" \/><\/ol><\/div><div class=\"uoh_title_component-container\"><h1 class=\"title title--ms d-inline-block title--decorator  big\">Desigualdad socio-territorial y desaf\u00edos del desarrollo<\/h1><\/div>[vc_column_text css=&#8221;&#8221;]Esta l\u00ednea de investigaci\u00f3n se orienta al an\u00e1lisis de las dimensiones de la desigualdad social y territorial en su v\u00ednculo con los procesos de desarrollo. Se propone abordar las particularidades multiescalares de distintas unidades espaciales, prestando atenci\u00f3n a sus conflictividades, necesidades espec\u00edficas y a los desaf\u00edos que surgen de la intersecci\u00f3n entre lo social y lo espacial. El objetivo es identificar tanto los efectos no deseados de estos procesos como las oportunidades que emergen en la vida cotidiana de los habitantes de los territorios. Asimismo, se busca comprender las estrategias que despliegan los actores locales para resistir, innovar y\/o enfrentar las brechas que afectan la equidad en diversos contextos geogr\u00e1ficos.<\/p>\n<p><strong>Integrantes<\/strong>: <a href=\"https:\/\/www.uoh.cl\/instituto-de-ciencias-sociales\/academico\/domingo-perez-valenzuela\/\" target=\"_blank\" rel=\"noopener\">Domingo P\u00e9rez<\/a>, <a href=\"https:\/\/www.uoh.cl\/instituto-de-ciencias-sociales\/academico\/ricardo-fuentealba\/\" target=\"_blank\" rel=\"noopener\">Ricardo Fuentealba<\/a>, <a href=\"https:\/\/www.uoh.cl\/instituto-de-ciencias-sociales\/academico\/catalina-canals\/\" target=\"_blank\" rel=\"noopener\">Catalina Canals<\/a>, <a href=\"https:\/\/www.uoh.cl\/instituto-de-ciencias-sociales\/academico\/loreto-quiroz-rojas\/\" target=\"_blank\" rel=\"noopener\">Loreto Quiroz<\/a>, <strong><a href=\"https:\/\/www.uoh.cl\/instituto-de-ciencias-sociales\/academico\/maria-paz-trebilcock-gac\/\" target=\"_blank\" rel=\"noopener\"><strong>Mar\u00eda Paz Trebilcock<\/strong><\/a>.<\/strong><\/p>\n<p>[\/vc_column_text][vc_zigzag color=&#8221;white&#8221;][vc_single_image image=&#8221;3756&#8243; img_size=&#8221;LARGE&#8221; css=&#8221;&#8221;][\/vc_column][\/vc_row][\/vc_section][vc_section css=&#8221;.vc_custom_1649209804184{background-color: #f6faff !important;}&#8221; el_class=&#8221;p-md-0 pt-md-5&#8243;][vc_row el_class=&#8221;container mx-auto align-items-center p-md-0 pt-5&#8243;][vc_column el_class=&#8221;p-0&#8243;][\/vc_column][\/vc_row][\/vc_section][vc_section css=&#8221;.vc_custom_1649210787516{background-color: #f6faff !important;}&#8221; el_class=&#8221;p-md-0 pt-md-5 pb-md-5&#8243;][vc_row el_class=&#8221;container mx-auto align-items-center&#8221;][vc_column][\/vc_column][\/vc_row][\/vc_section]<\/p>\n<\/div>","protected":false},"excerpt":{"rendered":"<p>[vc_section el_class=&#8221;container mx-auto align-items-center circle&#8211;pattern&#8221; css=&#8221;.vc_custom_1648956589196{padding-top: 3rem !important;}&#8221;][vc_row el_class=&#8221;pb-5&#8243;][vc_column][vc_wp_custommenu nav_menu=&#8221;6&#8243;][vc_column_text css=&#8221;&#8221;]Esta l\u00ednea de investigaci\u00f3n se orienta al an\u00e1lisis de las dimensiones de la desigualdad social y territorial en su v\u00ednculo con los procesos de desarrollo. Se propone abordar las particularidades multiescalares de distintas unidades espaciales, prestando atenci\u00f3n a sus conflictividades, necesidades espec\u00edficas y a los [&hellip;]<\/p>\n","protected":false},"author":23,"featured_media":0,"parent":0,"menu_order":0,"comment_status":"closed","ping_status":"closed","template":"","meta":{"_acf_changed":false,"footnotes":""},"class_list":["post-3749","page","type-page","status-publish","hentry"],"acf":[],"yoast_head":"<!-- This site is optimized with the Yoast SEO plugin v26.6 - https:\/\/yoast.com\/wordpress\/plugins\/seo\/ -->\n<title>Desigualdad socio-territorial y desaf\u00edos del desarrollo - Instituto de Ciencias Sociales<\/title>\n<meta name=\"robots\" content=\"index, follow, max-snippet:-1, max-image-preview:large, max-video-preview:-1\" \/>\n<link rel=\"canonical\" href=\"https:\/\/www.uoh.cl\/instituto-de-ciencias-sociales\/desigualdad-socio-territorial-y-desafios-del-desarrollo\/\" \/>\n<meta property=\"og:locale\" content=\"es_ES\" \/>\n<meta property=\"og:type\" content=\"article\" \/>\n<meta property=\"og:title\" content=\"Desigualdad socio-territorial y desaf\u00edos del desarrollo - Instituto de Ciencias Sociales\" \/>\n<meta property=\"og:description\" content=\"[vc_section el_class=&#8221;container mx-auto align-items-center circle&#8211;pattern&#8221; css=&#8221;.vc_custom_1648956589196{padding-top: 3rem !important;}&#8221;][vc_row el_class=&#8221;pb-5&#8243;][vc_column][vc_wp_custommenu nav_menu=&#8221;6&#8243;][vc_column_text css=&#8221;&#8221;]Esta l\u00ednea de investigaci\u00f3n se orienta al an\u00e1lisis de las dimensiones de la desigualdad social y territorial en su v\u00ednculo con los procesos de desarrollo. Se propone abordar las particularidades multiescalares de distintas unidades espaciales, prestando atenci\u00f3n a sus conflictividades, necesidades espec\u00edficas y a los [&hellip;]\" \/>\n<meta property=\"og:url\" content=\"https:\/\/www.uoh.cl\/instituto-de-ciencias-sociales\/desigualdad-socio-territorial-y-desafios-del-desarrollo\/\" \/>\n<meta property=\"og:site_name\" content=\"Instituto de Ciencias Sociales\" \/>\n<meta property=\"article:modified_time\" content=\"2025-08-18T19:23:07+00:00\" \/>\n<meta name=\"twitter:card\" content=\"summary_large_image\" \/>\n<meta name=\"twitter:label1\" content=\"Tiempo estimado de lectura\" \/>\n\t<meta name=\"twitter:data1\" content=\"1 minuto\" \/>\n<script type=\"application\/ld+json\" class=\"yoast-schema-graph\">{\"@context\":\"https:\/\/schema.org\",\"@graph\":[{\"@type\":\"WebPage\",\"@id\":\"https:\/\/www.uoh.cl\/instituto-de-ciencias-sociales\/desigualdad-socio-territorial-y-desafios-del-desarrollo\/\",\"url\":\"https:\/\/www.uoh.cl\/instituto-de-ciencias-sociales\/desigualdad-socio-territorial-y-desafios-del-desarrollo\/\",\"name\":\"Desigualdad socio-territorial y desaf\u00edos del desarrollo - Instituto de Ciencias Sociales\",\"isPartOf\":{\"@id\":\"https:\/\/www.uoh.cl\/instituto-de-ciencias-sociales\/#website\"},\"datePublished\":\"2025-08-18T18:36:24+00:00\",\"dateModified\":\"2025-08-18T19:23:07+00:00\",\"inLanguage\":\"es-CL\",\"potentialAction\":[{\"@type\":\"ReadAction\",\"target\":[\"https:\/\/www.uoh.cl\/instituto-de-ciencias-sociales\/desigualdad-socio-territorial-y-desafios-del-desarrollo\/\"]}]},{\"@type\":\"WebSite\",\"@id\":\"https:\/\/www.uoh.cl\/instituto-de-ciencias-sociales\/#website\",\"url\":\"https:\/\/www.uoh.cl\/instituto-de-ciencias-sociales\/\",\"name\":\"Instituto de Ciencias Sociales\",\"description\":\"Otro sitio de Sitios de Universidad O'higgins\",\"potentialAction\":[{\"@type\":\"SearchAction\",\"target\":{\"@type\":\"EntryPoint\",\"urlTemplate\":\"https:\/\/www.uoh.cl\/instituto-de-ciencias-sociales\/?s={search_term_string}\"},\"query-input\":{\"@type\":\"PropertyValueSpecification\",\"valueRequired\":true,\"valueName\":\"search_term_string\"}}],\"inLanguage\":\"es-CL\"}]}<\/script>\n<!-- \/ Yoast SEO plugin. -->","yoast_head_json":{"title":"Desigualdad socio-territorial y desaf\u00edos del desarrollo - Instituto de Ciencias Sociales","robots":{"index":"index","follow":"follow","max-snippet":"max-snippet:-1","max-image-preview":"max-image-preview:large","max-video-preview":"max-video-preview:-1"},"canonical":"https:\/\/www.uoh.cl\/instituto-de-ciencias-sociales\/desigualdad-socio-territorial-y-desafios-del-desarrollo\/","og_locale":"es_ES","og_type":"article","og_title":"Desigualdad socio-territorial y desaf\u00edos del desarrollo - Instituto de Ciencias Sociales","og_description":"[vc_section el_class=&#8221;container mx-auto align-items-center circle&#8211;pattern&#8221; css=&#8221;.vc_custom_1648956589196{padding-top: 3rem !important;}&#8221;][vc_row el_class=&#8221;pb-5&#8243;][vc_column][vc_wp_custommenu nav_menu=&#8221;6&#8243;][vc_column_text css=&#8221;&#8221;]Esta l\u00ednea de investigaci\u00f3n se orienta al an\u00e1lisis de las dimensiones de la desigualdad social y territorial en su v\u00ednculo con los procesos de desarrollo. Se propone abordar las particularidades multiescalares de distintas unidades espaciales, prestando atenci\u00f3n a sus conflictividades, necesidades espec\u00edficas y a los [&hellip;]","og_url":"https:\/\/www.uoh.cl\/instituto-de-ciencias-sociales\/desigualdad-socio-territorial-y-desafios-del-desarrollo\/","og_site_name":"Instituto de Ciencias Sociales","article_modified_time":"2025-08-18T19:23:07+00:00","twitter_card":"summary_large_image","twitter_misc":{"Tiempo estimado de lectura":"1 minuto"},"schema":{"@context":"https:\/\/schema.org","@graph":[{"@type":"WebPage","@id":"https:\/\/www.uoh.cl\/instituto-de-ciencias-sociales\/desigualdad-socio-territorial-y-desafios-del-desarrollo\/","url":"https:\/\/www.uoh.cl\/instituto-de-ciencias-sociales\/desigualdad-socio-territorial-y-desafios-del-desarrollo\/","name":"Desigualdad socio-territorial y desaf\u00edos del desarrollo - Instituto de Ciencias Sociales","isPartOf":{"@id":"https:\/\/www.uoh.cl\/instituto-de-ciencias-sociales\/#website"},"datePublished":"2025-08-18T18:36:24+00:00","dateModified":"2025-08-18T19:23:07+00:00","inLanguage":"es-CL","potentialAction":[{"@type":"ReadAction","target":["https:\/\/www.uoh.cl\/instituto-de-ciencias-sociales\/desigualdad-socio-territorial-y-desafios-del-desarrollo\/"]}]},{"@type":"WebSite","@id":"https:\/\/www.uoh.cl\/instituto-de-ciencias-sociales\/#website","url":"https:\/\/www.uoh.cl\/instituto-de-ciencias-sociales\/","name":"Instituto de Ciencias Sociales","description":"Otro sitio de Sitios de Universidad O'higgins","potentialAction":[{"@type":"SearchAction","target":{"@type":"EntryPoint","urlTemplate":"https:\/\/www.uoh.cl\/instituto-de-ciencias-sociales\/?s={search_term_string}"},"query-input":{"@type":"PropertyValueSpecification","valueRequired":true,"valueName":"search_term_string"}}],"inLanguage":"es-CL"}]}},"_links":{"self":[{"href":"https:\/\/www.uoh.cl\/instituto-de-ciencias-sociales\/wp-json\/wp\/v2\/pages\/3749","targetHints":{"allow":["GET"]}}],"collection":[{"href":"https:\/\/www.uoh.cl\/instituto-de-ciencias-sociales\/wp-json\/wp\/v2\/pages"}],"about":[{"href":"https:\/\/www.uoh.cl\/instituto-de-ciencias-sociales\/wp-json\/wp\/v2\/types\/page"}],"author":[{"embeddable":true,"href":"https:\/\/www.uoh.cl\/instituto-de-ciencias-sociales\/wp-json\/wp\/v2\/users\/23"}],"replies":[{"embeddable":true,"href":"https:\/\/www.uoh.cl\/instituto-de-ciencias-sociales\/wp-json\/wp\/v2\/comments?post=3749"}],"version-history":[{"count":5,"href":"https:\/\/www.uoh.cl\/instituto-de-ciencias-sociales\/wp-json\/wp\/v2\/pages\/3749\/revisions"}],"predecessor-version":[{"id":3774,"href":"https:\/\/www.uoh.cl\/instituto-de-ciencias-sociales\/wp-json\/wp\/v2\/pages\/3749\/revisions\/3774"}],"wp:attachment":[{"href":"https:\/\/www.uoh.cl\/instituto-de-ciencias-sociales\/wp-json\/wp\/v2\/media?parent=3749"}],"curies":[{"name":"wp","href":"https:\/\/api.w.org\/{rel}","templated":true}]}}