
{"id":30,"date":"2022-04-29T07:59:24","date_gmt":"2022-04-29T10:59:24","guid":{"rendered":"https:\/\/www.uoh.cl\/instituto-de-ciencias-sociales\/?page_id=30"},"modified":"2022-04-29T08:08:25","modified_gmt":"2022-04-29T11:08:25","slug":"acerca-del-instituto-de-ciencias-sociales","status":"publish","type":"page","link":"https:\/\/www.uoh.cl\/instituto-de-ciencias-sociales\/acerca-del-instituto-de-ciencias-sociales\/","title":{"rendered":"Acerca del Instituto de Ciencias Sociales"},"content":{"rendered":"<div class=\"wpb-content-wrapper\"><p>[vc_section el_class=&#8221;container mx-auto align-items-center text-right circle&#8211;pattern&#8221; css=&#8221;.vc_custom_1648956589196{padding-top: 3rem !important;}&#8221;][vc_row el_class=&#8221;pb-5&#8243;][vc_column][vc_wp_custommenu nav_menu=&#8221;3&#8243;]<div class=\"breadcrumb\"><ol itemscope itemtype=\"https:\/\/schema.org\/BreadcrumbList\"><li itemprop=\"itemListElement\" itemscope itemtype=\"https:\/\/schema.org\/ListItem\"><a itemprop=\"item\" href=\"http:\/\/www.uoh.cl\"><span itemprop=\"name\">Inicio<\/span><\/a><meta itemprop=\"position\" content=\"1\" \/><li itemprop=\"itemListElement\" itemscope itemtype=\"https:\/\/schema.org\/ListItem\"><a itemprop=\"item\" href=\"https:\/\/www.uoh.cl\/instituto-de-ciencias-sociales\"><span itemprop=\"name\">Instituto de Ciencias Sociales<\/span><\/a><meta itemprop=\"position\" content=\"2\" \/><li itemprop=\"itemListElement\" itemscope itemtype=\"https:\/\/schema.org\/ListItem\"><span itemprop=\"name\">Acerca del Instituto de Ciencias Sociales <\/span><meta itemprop=\"position\" content=\"3\" \/><\/ol><\/div><div class=\"uoh_title_component-container\"><h1 class=\"title title--ms d-inline-block title--decorator  big\">Instituto de Ciencias Sociales<\/h1><\/div>[vc_column_text]La articulaci\u00f3n de ciencias sociales diversas, comenzando con la Psicolog\u00eda, la Administraci\u00f3n, el Derecho y las Ciencias Econ\u00f3micas, ha de manifestarse como una orientaci\u00f3n al trabajo interdisciplinar y a la formaci\u00f3n en consecuencia de los profesionales. Al efecto, se propiciar\u00e1 el encuentro a trav\u00e9s de m\u00faltiples v\u00edas:[\/vc_column_text][\/vc_column][\/vc_row][\/vc_section][vc_section css=&#8221;.vc_custom_1649209804184{background-color: #f6faff !important;}&#8221; el_class=&#8221;p-md-0 pt-md-5&#8243;][vc_row el_class=&#8221;container mx-auto align-items-center text-right p-md-0 pt-5&#8243;][vc_column][vc_column_text]Es un desaf\u00edo del Instituto el instalar una cultura del di\u00e1logo pluridisciplinar, reto que solo cabe propiciar una actividad acad\u00e9mica que lo renueve continuamente.<\/p>\n<p>El instituto desarrollar\u00e1 tambi\u00e9n una l\u00ednea de formaci\u00f3n continua para los y las profesionales de la Regi\u00f3n, desde sus propias capacidades acad\u00e9micas y en relaci\u00f3n a los requerimientos de la sociedad local. En especial, buscamos apoyar la formaci\u00f3n de competencias directivas para el cambio o desarrollo de las instituciones de servicio principalmente p\u00fablico.<\/p>\n<p>Entendemos que es parte de su tarea propiciar la discusi\u00f3n racional en los asuntos p\u00fablicos. Por ello, el instituto ha de constituir, en el mediano plazo, un espacio de debate y di\u00e1logos para el desarrollo.[\/vc_column_text][\/vc_column][\/vc_row][\/vc_section][vc_section css=&#8221;.vc_custom_1649210787516{background-color: #f6faff !important;}&#8221; el_class=&#8221;p-md-0 pt-md-5 pb-md-5&#8243;][vc_row el_class=&#8221;container mx-auto align-items-center text-right&#8221;][vc_column width=&#8221;1\/3&#8243;]<div class=\"box-dark-container__box featured__small\"><figure ><img decoding=\"async\" data-src=\"https:\/\/www.uoh.cl\/instituto-de-ciencias-sociales\/wp-content\/uploads\/sites\/29\/2022\/04\/Banner_conexion_local-600x600.jpeg\" src=\"data:image\/svg+xml;base64,PHN2ZyB3aWR0aD0iMSIgaGVpZ2h0PSIxIiB4bWxucz0iaHR0cDovL3d3dy53My5vcmcvMjAwMC9zdmciPjwvc3ZnPg==\" class=\"lazyload\" style=\"--smush-placeholder-width: 600px; --smush-placeholder-aspect-ratio: 600\/600;\" \/><figcaption class=\"uoh_row m-0 align-items-end\">\n                        <div class=\"\">\n                       <a href=\"\" title=\"\">\n                            <h3 class=\"title__caption\">Programa de Conexi\u00f3n Local<\/h3>\n                            <div class=\"button__link\">\n                            \n                            <\/div>\n                            <\/a>\n                        <\/div>\n                     <\/figcaption><\/figure><\/div>[\/vc_column][vc_column width=&#8221;1\/3&#8243;]<div class=\"box-dark-container__box featured__small\"><figure ><img decoding=\"async\" data-src=\"https:\/\/www.uoh.cl\/instituto-de-ciencias-sociales\/wp-content\/uploads\/sites\/29\/2022\/04\/Banner_ICSO_Yo_Decido_1-1-600x600.png\" src=\"data:image\/svg+xml;base64,PHN2ZyB3aWR0aD0iMSIgaGVpZ2h0PSIxIiB4bWxucz0iaHR0cDovL3d3dy53My5vcmcvMjAwMC9zdmciPjwvc3ZnPg==\" class=\"lazyload\" style=\"--smush-placeholder-width: 600px; --smush-placeholder-aspect-ratio: 600\/600;\" \/><figcaption class=\"uoh_row m-0 align-items-end\">\n                        <div class=\"\">\n                       <a href=\"\" title=\"\">\n                            <h3 class=\"title__caption\">Mi\u00e9rcoles Constituyentes en la UOH<\/h3>\n                            <div class=\"button__link\">\n                            \n                            <\/div>\n                            <\/a>\n                        <\/div>\n                     <\/figcaption><\/figure><\/div>[\/vc_column][vc_column width=&#8221;1\/3&#8243;]<div class=\"box-dark-container__box featured__small\"><figure ><img decoding=\"async\" data-src=\"https:\/\/www.uoh.cl\/instituto-de-ciencias-sociales\/wp-content\/uploads\/sites\/29\/2022\/04\/Banner_ICSO_Yo_Decido_2-600x600.png\" src=\"data:image\/svg+xml;base64,PHN2ZyB3aWR0aD0iMSIgaGVpZ2h0PSIxIiB4bWxucz0iaHR0cDovL3d3dy53My5vcmcvMjAwMC9zdmciPjwvc3ZnPg==\" class=\"lazyload\" style=\"--smush-placeholder-width: 600px; --smush-placeholder-aspect-ratio: 600\/600;\" \/><figcaption class=\"uoh_row m-0 align-items-end\">\n                        <div class=\"\">\n                       <a href=\"\" title=\"\">\n                            <h3 class=\"title__caption\">Escuela Constituyente<\/h3>\n                            <div class=\"button__link\">\n                            \n                            <\/div>\n                            <\/a>\n                        <\/div>\n                     <\/figcaption><\/figure><\/div>[\/vc_column][\/vc_row][\/vc_section]<\/p>\n<\/div>","protected":false},"excerpt":{"rendered":"<p>[vc_section el_class=&#8221;container mx-auto align-items-center text-right circle&#8211;pattern&#8221; css=&#8221;.vc_custom_1648956589196{padding-top: 3rem !important;}&#8221;][vc_row el_class=&#8221;pb-5&#8243;][vc_column][vc_wp_custommenu nav_menu=&#8221;3&#8243;][vc_column_text]La articulaci\u00f3n de ciencias sociales diversas, comenzando con la Psicolog\u00eda, la Administraci\u00f3n, el Derecho y las Ciencias Econ\u00f3micas, ha de manifestarse como una orientaci\u00f3n al trabajo interdisciplinar y a la formaci\u00f3n en consecuencia de los profesionales. Al efecto, se propiciar\u00e1 el encuentro a trav\u00e9s de [&hellip;]<\/p>\n","protected":false},"author":34,"featured_media":0,"parent":0,"menu_order":0,"comment_status":"closed","ping_status":"closed","template":"","meta":{"_acf_changed":false,"footnotes":""},"class_list":["post-30","page","type-page","status-publish","hentry"],"acf":[],"yoast_head":"<!-- This site is optimized with the Yoast SEO plugin v26.6 - https:\/\/yoast.com\/wordpress\/plugins\/seo\/ -->\n<title>Acerca del Instituto de Ciencias Sociales - Instituto de Ciencias Sociales<\/title>\n<meta name=\"robots\" content=\"index, follow, max-snippet:-1, max-image-preview:large, max-video-preview:-1\" \/>\n<link rel=\"canonical\" href=\"https:\/\/www.uoh.cl\/instituto-de-ciencias-sociales\/acerca-del-instituto-de-ciencias-sociales\/\" \/>\n<meta property=\"og:locale\" content=\"es_ES\" \/>\n<meta property=\"og:type\" content=\"article\" \/>\n<meta property=\"og:title\" content=\"Acerca del Instituto de Ciencias Sociales - Instituto de Ciencias Sociales\" \/>\n<meta property=\"og:description\" content=\"[vc_section el_class=&#8221;container mx-auto align-items-center text-right circle&#8211;pattern&#8221; css=&#8221;.vc_custom_1648956589196{padding-top: 3rem !important;}&#8221;][vc_row el_class=&#8221;pb-5&#8243;][vc_column][vc_wp_custommenu nav_menu=&#8221;3&#8243;][vc_column_text]La articulaci\u00f3n de ciencias sociales diversas, comenzando con la Psicolog\u00eda, la Administraci\u00f3n, el Derecho y las Ciencias Econ\u00f3micas, ha de manifestarse como una orientaci\u00f3n al trabajo interdisciplinar y a la formaci\u00f3n en consecuencia de los profesionales. Al efecto, se propiciar\u00e1 el encuentro a trav\u00e9s de [&hellip;]\" \/>\n<meta property=\"og:url\" content=\"https:\/\/www.uoh.cl\/instituto-de-ciencias-sociales\/acerca-del-instituto-de-ciencias-sociales\/\" \/>\n<meta property=\"og:site_name\" content=\"Instituto de Ciencias Sociales\" \/>\n<meta property=\"article:modified_time\" content=\"2022-04-29T11:08:25+00:00\" \/>\n<meta name=\"twitter:card\" content=\"summary_large_image\" \/>\n<meta name=\"twitter:label1\" content=\"Tiempo estimado de lectura\" \/>\n\t<meta name=\"twitter:data1\" content=\"1 minuto\" \/>\n<script type=\"application\/ld+json\" class=\"yoast-schema-graph\">{\"@context\":\"https:\/\/schema.org\",\"@graph\":[{\"@type\":\"WebPage\",\"@id\":\"https:\/\/www.uoh.cl\/instituto-de-ciencias-sociales\/acerca-del-instituto-de-ciencias-sociales\/\",\"url\":\"https:\/\/www.uoh.cl\/instituto-de-ciencias-sociales\/acerca-del-instituto-de-ciencias-sociales\/\",\"name\":\"Acerca del Instituto de Ciencias Sociales - Instituto de Ciencias Sociales\",\"isPartOf\":{\"@id\":\"https:\/\/www.uoh.cl\/instituto-de-ciencias-sociales\/#website\"},\"datePublished\":\"2022-04-29T10:59:24+00:00\",\"dateModified\":\"2022-04-29T11:08:25+00:00\",\"inLanguage\":\"es-CL\",\"potentialAction\":[{\"@type\":\"ReadAction\",\"target\":[\"https:\/\/www.uoh.cl\/instituto-de-ciencias-sociales\/acerca-del-instituto-de-ciencias-sociales\/\"]}]},{\"@type\":\"WebSite\",\"@id\":\"https:\/\/www.uoh.cl\/instituto-de-ciencias-sociales\/#website\",\"url\":\"https:\/\/www.uoh.cl\/instituto-de-ciencias-sociales\/\",\"name\":\"Instituto de Ciencias Sociales\",\"description\":\"Otro sitio de Sitios de Universidad O'higgins\",\"potentialAction\":[{\"@type\":\"SearchAction\",\"target\":{\"@type\":\"EntryPoint\",\"urlTemplate\":\"https:\/\/www.uoh.cl\/instituto-de-ciencias-sociales\/?s={search_term_string}\"},\"query-input\":{\"@type\":\"PropertyValueSpecification\",\"valueRequired\":true,\"valueName\":\"search_term_string\"}}],\"inLanguage\":\"es-CL\"}]}<\/script>\n<!-- \/ Yoast SEO plugin. -->","yoast_head_json":{"title":"Acerca del Instituto de Ciencias Sociales - Instituto de Ciencias Sociales","robots":{"index":"index","follow":"follow","max-snippet":"max-snippet:-1","max-image-preview":"max-image-preview:large","max-video-preview":"max-video-preview:-1"},"canonical":"https:\/\/www.uoh.cl\/instituto-de-ciencias-sociales\/acerca-del-instituto-de-ciencias-sociales\/","og_locale":"es_ES","og_type":"article","og_title":"Acerca del Instituto de Ciencias Sociales - Instituto de Ciencias Sociales","og_description":"[vc_section el_class=&#8221;container mx-auto align-items-center text-right circle&#8211;pattern&#8221; css=&#8221;.vc_custom_1648956589196{padding-top: 3rem !important;}&#8221;][vc_row el_class=&#8221;pb-5&#8243;][vc_column][vc_wp_custommenu nav_menu=&#8221;3&#8243;][vc_column_text]La articulaci\u00f3n de ciencias sociales diversas, comenzando con la Psicolog\u00eda, la Administraci\u00f3n, el Derecho y las Ciencias Econ\u00f3micas, ha de manifestarse como una orientaci\u00f3n al trabajo interdisciplinar y a la formaci\u00f3n en consecuencia de los profesionales. Al efecto, se propiciar\u00e1 el encuentro a trav\u00e9s de [&hellip;]","og_url":"https:\/\/www.uoh.cl\/instituto-de-ciencias-sociales\/acerca-del-instituto-de-ciencias-sociales\/","og_site_name":"Instituto de Ciencias Sociales","article_modified_time":"2022-04-29T11:08:25+00:00","twitter_card":"summary_large_image","twitter_misc":{"Tiempo estimado de lectura":"1 minuto"},"schema":{"@context":"https:\/\/schema.org","@graph":[{"@type":"WebPage","@id":"https:\/\/www.uoh.cl\/instituto-de-ciencias-sociales\/acerca-del-instituto-de-ciencias-sociales\/","url":"https:\/\/www.uoh.cl\/instituto-de-ciencias-sociales\/acerca-del-instituto-de-ciencias-sociales\/","name":"Acerca del Instituto de Ciencias Sociales - Instituto de Ciencias Sociales","isPartOf":{"@id":"https:\/\/www.uoh.cl\/instituto-de-ciencias-sociales\/#website"},"datePublished":"2022-04-29T10:59:24+00:00","dateModified":"2022-04-29T11:08:25+00:00","inLanguage":"es-CL","potentialAction":[{"@type":"ReadAction","target":["https:\/\/www.uoh.cl\/instituto-de-ciencias-sociales\/acerca-del-instituto-de-ciencias-sociales\/"]}]},{"@type":"WebSite","@id":"https:\/\/www.uoh.cl\/instituto-de-ciencias-sociales\/#website","url":"https:\/\/www.uoh.cl\/instituto-de-ciencias-sociales\/","name":"Instituto de Ciencias Sociales","description":"Otro sitio de Sitios de Universidad O'higgins","potentialAction":[{"@type":"SearchAction","target":{"@type":"EntryPoint","urlTemplate":"https:\/\/www.uoh.cl\/instituto-de-ciencias-sociales\/?s={search_term_string}"},"query-input":{"@type":"PropertyValueSpecification","valueRequired":true,"valueName":"search_term_string"}}],"inLanguage":"es-CL"}]}},"_links":{"self":[{"href":"https:\/\/www.uoh.cl\/instituto-de-ciencias-sociales\/wp-json\/wp\/v2\/pages\/30","targetHints":{"allow":["GET"]}}],"collection":[{"href":"https:\/\/www.uoh.cl\/instituto-de-ciencias-sociales\/wp-json\/wp\/v2\/pages"}],"about":[{"href":"https:\/\/www.uoh.cl\/instituto-de-ciencias-sociales\/wp-json\/wp\/v2\/types\/page"}],"author":[{"embeddable":true,"href":"https:\/\/www.uoh.cl\/instituto-de-ciencias-sociales\/wp-json\/wp\/v2\/users\/34"}],"replies":[{"embeddable":true,"href":"https:\/\/www.uoh.cl\/instituto-de-ciencias-sociales\/wp-json\/wp\/v2\/comments?post=30"}],"version-history":[{"count":4,"href":"https:\/\/www.uoh.cl\/instituto-de-ciencias-sociales\/wp-json\/wp\/v2\/pages\/30\/revisions"}],"predecessor-version":[{"id":56,"href":"https:\/\/www.uoh.cl\/instituto-de-ciencias-sociales\/wp-json\/wp\/v2\/pages\/30\/revisions\/56"}],"wp:attachment":[{"href":"https:\/\/www.uoh.cl\/instituto-de-ciencias-sociales\/wp-json\/wp\/v2\/media?parent=30"}],"curies":[{"name":"wp","href":"https:\/\/api.w.org\/{rel}","templated":true}]}}