
{"id":1520,"date":"2022-07-05T12:28:49","date_gmt":"2022-07-05T15:28:49","guid":{"rendered":"https:\/\/www.uoh.cl\/instituto-de-ciencias-de-la-ingenieria\/?page_id=1520"},"modified":"2026-03-30T16:07:52","modified_gmt":"2026-03-30T19:07:52","slug":"biologia-computacional-y-biotecnologia","status":"publish","type":"page","link":"https:\/\/www.uoh.cl\/instituto-de-ciencias-de-la-ingenieria\/biologia-computacional-y-biotecnologia\/","title":{"rendered":"Biolog\u00eda Computacional y Biotecnolog\u00eda"},"content":{"rendered":"<div class=\"wpb-content-wrapper\"><p>[vc_section el_class=&#8221;container mx-auto align-items-center text-right circle&#8211;pattern&#8221; css=&#8221;.vc_custom_1648956589196{padding-top: 3rem !important;}&#8221;][vc_row][vc_column][vc_wp_custommenu nav_menu=&#8221;9&#8243;]<div class=\"breadcrumb\"><ol itemscope itemtype=\"https:\/\/schema.org\/BreadcrumbList\"><li itemprop=\"itemListElement\" itemscope itemtype=\"https:\/\/schema.org\/ListItem\"><a itemprop=\"item\" href=\"http:\/\/www.uoh.cl\"><span itemprop=\"name\">Inicio<\/span><\/a><meta itemprop=\"position\" content=\"1\" \/><li itemprop=\"itemListElement\" itemscope itemtype=\"https:\/\/schema.org\/ListItem\"><a itemprop=\"item\" href=\"https:\/\/www.uoh.cl\/instituto-de-ciencias-de-la-ingenieria\"><span itemprop=\"name\">Instituto de Ciencias de la Ingenier\u00eda <\/span><\/a><meta itemprop=\"position\" content=\"2\" \/><li itemprop=\"itemListElement\" itemscope itemtype=\"https:\/\/schema.org\/ListItem\"><span itemprop=\"name\">Biolog\u00eda Computacional y Biotecnolog\u00eda <\/span><meta itemprop=\"position\" content=\"3\" \/><\/ol><\/div><div class=\"uoh_title_component-container\"><h1 class=\"title title--ms d-inline-block title--decorator  big\">Biolog\u00eda Computacional y Biotecnolog\u00eda<\/h1><\/div>[vc_column_text css=&#8221;&#8221;]Trabajamos Bioinform\u00e1tica, Biolog\u00eda computacional y Biotecnolog\u00eda como\u00a0l\u00edneas de investigaci\u00f3n que buscan caracterizar, comprender y manipular sistemas biol\u00f3gicos complejos. En bioinform\u00e1tica desarrollamos herramientas computacionales para procesar grandes cantidades de datos biol\u00f3gicos generados con tecnolog\u00edas de secuenciaci\u00f3n. Con Biol\u00f3gica computacional buscamos comprender estos sistemas biol\u00f3gicos a partir de la integraci\u00f3n de datos multi-omicos utilizando algoritmos y modelos te\u00f3ricos. La comprensi\u00f3n de los sistemas biol\u00f3gicos nos permite desarrollar productos utilizando m\u00e9todos de biotecnolog\u00eda.<\/p>\n<p>El equipo de acad\u00e9micas y acad\u00e9micos que conforman esta importante \u00e1rea de investigaci\u00f3n son: <a href=\"https:\/\/www.uoh.cl\/instituto-de-ciencias-de-la-ingenieria\/academico\/mauricio-latorre-mora\/\" target=\"_blank\" rel=\"noopener\">Mauricio Latorre<\/a>, <a href=\"https:\/\/www.uoh.cl\/instituto-de-ciencias-de-la-ingenieria\/academico\/carol-moraga\/\" target=\"_blank\" rel=\"noopener\">Carol Moraga<\/a>, <a href=\"https:\/\/www.uoh.cl\/instituto-de-ciencias-de-la-ingenieria\/academico\/alex-di-genova\/\" target=\"_blank\" rel=\"noopener\">Alex Di Genova<\/a>, <a href=\"https:\/\/www.uoh.cl\/instituto-de-ciencias-de-la-ingenieria\/academico\/alexander-vergara-robles\/\" target=\"_blank\" rel=\"noopener\">Alexander Vergara<\/a>,\u00a0<a href=\"https:\/\/www.uoh.cl\/instituto-de-ciencias-de-la-ingenieria\/academico\/debora-torrealba\/\" target=\"_blank\" rel=\"noopener\">D\u00e9bora Torrealba<\/a> y el investigador postdoctoral <a href=\"https:\/\/www.uoh.cl\/instituto-de-ciencias-de-la-ingenieria\/academico\/gabriel-galvez\/\" target=\"_blank\" rel=\"noopener\">Gabriel G\u00e1lvez<\/a>. Con ellos trabajan investigadores y un amplio grupo de ayudantes de investigaci\u00f3n y estudiantes de postgrado.[\/vc_column_text][vc_column_text]<\/p>\n<p>&nbsp;<\/p>\n<p>[\/vc_column_text][vc_single_image image=&#8221;1521&#8243; img_size=&#8221;large&#8221;][\/vc_column][\/vc_row][vc_row][vc_column][\/vc_column][\/vc_row][\/vc_section][vc_section css=&#8221;.vc_custom_1651111208003{background-color: #f6faff !important;}&#8221; el_class=&#8221;p-md-0&#8243;][\/vc_section][vc_section css=&#8221;.vc_custom_1649210787516{background-color: #f6faff !important;}&#8221; el_class=&#8221;p-md-0 pt-md-5 pb-md-5&#8243;][vc_row el_class=&#8221;container mx-auto align-items-center text-right&#8221;][vc_column][\/vc_column][\/vc_row][\/vc_section]<\/p>\n<\/div>","protected":false},"excerpt":{"rendered":"<p>[vc_section el_class=&#8221;container mx-auto align-items-center text-right circle&#8211;pattern&#8221; css=&#8221;.vc_custom_1648956589196{padding-top: 3rem !important;}&#8221;][vc_row][vc_column][vc_wp_custommenu nav_menu=&#8221;9&#8243;][vc_column_text css=&#8221;&#8221;]Trabajamos Bioinform\u00e1tica, Biolog\u00eda computacional y Biotecnolog\u00eda como\u00a0l\u00edneas de investigaci\u00f3n que buscan caracterizar, comprender y manipular sistemas biol\u00f3gicos complejos. En bioinform\u00e1tica desarrollamos herramientas computacionales para procesar grandes cantidades de datos biol\u00f3gicos generados con tecnolog\u00edas de secuenciaci\u00f3n. Con Biol\u00f3gica computacional buscamos comprender estos sistemas biol\u00f3gicos a partir [&hellip;]<\/p>\n","protected":false},"author":34,"featured_media":1521,"parent":0,"menu_order":0,"comment_status":"closed","ping_status":"closed","template":"","meta":{"_acf_changed":false,"footnotes":""},"class_list":["post-1520","page","type-page","status-publish","has-post-thumbnail","hentry"],"acf":[],"yoast_head":"<!-- This site is optimized with the Yoast SEO plugin v26.6 - https:\/\/yoast.com\/wordpress\/plugins\/seo\/ -->\n<title>Biolog\u00eda Computacional y Biotecnolog\u00eda - Instituto de Ciencias de la Ingenier\u00eda<\/title>\n<meta name=\"robots\" content=\"index, follow, max-snippet:-1, max-image-preview:large, max-video-preview:-1\" \/>\n<link rel=\"canonical\" href=\"https:\/\/www.uoh.cl\/instituto-de-ciencias-de-la-ingenieria\/biologia-computacional-y-biotecnologia\/\" \/>\n<meta property=\"og:locale\" content=\"es_ES\" \/>\n<meta property=\"og:type\" content=\"article\" \/>\n<meta property=\"og:title\" content=\"Biolog\u00eda Computacional y Biotecnolog\u00eda - Instituto de Ciencias de la Ingenier\u00eda\" \/>\n<meta property=\"og:description\" content=\"[vc_section el_class=&#8221;container mx-auto align-items-center text-right circle&#8211;pattern&#8221; css=&#8221;.vc_custom_1648956589196{padding-top: 3rem !important;}&#8221;][vc_row][vc_column][vc_wp_custommenu nav_menu=&#8221;9&#8243;][vc_column_text css=&#8221;&#8221;]Trabajamos Bioinform\u00e1tica, Biolog\u00eda computacional y Biotecnolog\u00eda como\u00a0l\u00edneas de investigaci\u00f3n que buscan caracterizar, comprender y manipular sistemas biol\u00f3gicos complejos. En bioinform\u00e1tica desarrollamos herramientas computacionales para procesar grandes cantidades de datos biol\u00f3gicos generados con tecnolog\u00edas de secuenciaci\u00f3n. Con Biol\u00f3gica computacional buscamos comprender estos sistemas biol\u00f3gicos a partir [&hellip;]\" \/>\n<meta property=\"og:url\" content=\"https:\/\/www.uoh.cl\/instituto-de-ciencias-de-la-ingenieria\/biologia-computacional-y-biotecnologia\/\" \/>\n<meta property=\"og:site_name\" content=\"Instituto de Ciencias de la Ingenier\u00eda\" \/>\n<meta property=\"article:modified_time\" content=\"2026-03-30T19:07:52+00:00\" \/>\n<meta property=\"og:image\" content=\"https:\/\/www.uoh.cl\/instituto-de-ciencias-de-la-ingenieria\/wp-content\/uploads\/sites\/27\/2022\/07\/Ingenieria-6.jpg\" \/>\n\t<meta property=\"og:image:width\" content=\"1500\" \/>\n\t<meta property=\"og:image:height\" content=\"1000\" \/>\n\t<meta property=\"og:image:type\" content=\"image\/jpeg\" \/>\n<meta name=\"twitter:card\" content=\"summary_large_image\" \/>\n<meta name=\"twitter:label1\" content=\"Tiempo estimado de lectura\" \/>\n\t<meta name=\"twitter:data1\" content=\"2 minutos\" \/>\n<script type=\"application\/ld+json\" class=\"yoast-schema-graph\">{\"@context\":\"https:\/\/schema.org\",\"@graph\":[{\"@type\":\"WebPage\",\"@id\":\"https:\/\/www.uoh.cl\/instituto-de-ciencias-de-la-ingenieria\/biologia-computacional-y-biotecnologia\/\",\"url\":\"https:\/\/www.uoh.cl\/instituto-de-ciencias-de-la-ingenieria\/biologia-computacional-y-biotecnologia\/\",\"name\":\"Biolog\u00eda Computacional y Biotecnolog\u00eda - Instituto de Ciencias de la Ingenier\u00eda\",\"isPartOf\":{\"@id\":\"https:\/\/www.uoh.cl\/instituto-de-ciencias-de-la-ingenieria\/#website\"},\"primaryImageOfPage\":{\"@id\":\"https:\/\/www.uoh.cl\/instituto-de-ciencias-de-la-ingenieria\/biologia-computacional-y-biotecnologia\/#primaryimage\"},\"image\":{\"@id\":\"https:\/\/www.uoh.cl\/instituto-de-ciencias-de-la-ingenieria\/biologia-computacional-y-biotecnologia\/#primaryimage\"},\"thumbnailUrl\":\"https:\/\/www.uoh.cl\/instituto-de-ciencias-de-la-ingenieria\/wp-content\/uploads\/sites\/27\/2022\/07\/Ingenieria-6.jpg\",\"datePublished\":\"2022-07-05T15:28:49+00:00\",\"dateModified\":\"2026-03-30T19:07:52+00:00\",\"inLanguage\":\"es-CL\",\"potentialAction\":[{\"@type\":\"ReadAction\",\"target\":[\"https:\/\/www.uoh.cl\/instituto-de-ciencias-de-la-ingenieria\/biologia-computacional-y-biotecnologia\/\"]}]},{\"@type\":\"ImageObject\",\"inLanguage\":\"es-CL\",\"@id\":\"https:\/\/www.uoh.cl\/instituto-de-ciencias-de-la-ingenieria\/biologia-computacional-y-biotecnologia\/#primaryimage\",\"url\":\"https:\/\/www.uoh.cl\/instituto-de-ciencias-de-la-ingenieria\/wp-content\/uploads\/sites\/27\/2022\/07\/Ingenieria-6.jpg\",\"contentUrl\":\"https:\/\/www.uoh.cl\/instituto-de-ciencias-de-la-ingenieria\/wp-content\/uploads\/sites\/27\/2022\/07\/Ingenieria-6.jpg\",\"width\":1500,\"height\":1000},{\"@type\":\"WebSite\",\"@id\":\"https:\/\/www.uoh.cl\/instituto-de-ciencias-de-la-ingenieria\/#website\",\"url\":\"https:\/\/www.uoh.cl\/instituto-de-ciencias-de-la-ingenieria\/\",\"name\":\"Instituto de Ciencias de la Ingenier\u00eda\",\"description\":\"Otro sitio de Sitios de Universidad O'higgins\",\"potentialAction\":[{\"@type\":\"SearchAction\",\"target\":{\"@type\":\"EntryPoint\",\"urlTemplate\":\"https:\/\/www.uoh.cl\/instituto-de-ciencias-de-la-ingenieria\/?s={search_term_string}\"},\"query-input\":{\"@type\":\"PropertyValueSpecification\",\"valueRequired\":true,\"valueName\":\"search_term_string\"}}],\"inLanguage\":\"es-CL\"}]}<\/script>\n<!-- \/ Yoast SEO plugin. -->","yoast_head_json":{"title":"Biolog\u00eda Computacional y Biotecnolog\u00eda - Instituto de Ciencias de la Ingenier\u00eda","robots":{"index":"index","follow":"follow","max-snippet":"max-snippet:-1","max-image-preview":"max-image-preview:large","max-video-preview":"max-video-preview:-1"},"canonical":"https:\/\/www.uoh.cl\/instituto-de-ciencias-de-la-ingenieria\/biologia-computacional-y-biotecnologia\/","og_locale":"es_ES","og_type":"article","og_title":"Biolog\u00eda Computacional y Biotecnolog\u00eda - Instituto de Ciencias de la Ingenier\u00eda","og_description":"[vc_section el_class=&#8221;container mx-auto align-items-center text-right circle&#8211;pattern&#8221; css=&#8221;.vc_custom_1648956589196{padding-top: 3rem !important;}&#8221;][vc_row][vc_column][vc_wp_custommenu nav_menu=&#8221;9&#8243;][vc_column_text css=&#8221;&#8221;]Trabajamos Bioinform\u00e1tica, Biolog\u00eda computacional y Biotecnolog\u00eda como\u00a0l\u00edneas de investigaci\u00f3n que buscan caracterizar, comprender y manipular sistemas biol\u00f3gicos complejos. En bioinform\u00e1tica desarrollamos herramientas computacionales para procesar grandes cantidades de datos biol\u00f3gicos generados con tecnolog\u00edas de secuenciaci\u00f3n. Con Biol\u00f3gica computacional buscamos comprender estos sistemas biol\u00f3gicos a partir [&hellip;]","og_url":"https:\/\/www.uoh.cl\/instituto-de-ciencias-de-la-ingenieria\/biologia-computacional-y-biotecnologia\/","og_site_name":"Instituto de Ciencias de la Ingenier\u00eda","article_modified_time":"2026-03-30T19:07:52+00:00","og_image":[{"width":1500,"height":1000,"url":"https:\/\/www.uoh.cl\/instituto-de-ciencias-de-la-ingenieria\/wp-content\/uploads\/sites\/27\/2022\/07\/Ingenieria-6.jpg","type":"image\/jpeg"}],"twitter_card":"summary_large_image","twitter_misc":{"Tiempo estimado de lectura":"2 minutos"},"schema":{"@context":"https:\/\/schema.org","@graph":[{"@type":"WebPage","@id":"https:\/\/www.uoh.cl\/instituto-de-ciencias-de-la-ingenieria\/biologia-computacional-y-biotecnologia\/","url":"https:\/\/www.uoh.cl\/instituto-de-ciencias-de-la-ingenieria\/biologia-computacional-y-biotecnologia\/","name":"Biolog\u00eda Computacional y Biotecnolog\u00eda - Instituto de Ciencias de la Ingenier\u00eda","isPartOf":{"@id":"https:\/\/www.uoh.cl\/instituto-de-ciencias-de-la-ingenieria\/#website"},"primaryImageOfPage":{"@id":"https:\/\/www.uoh.cl\/instituto-de-ciencias-de-la-ingenieria\/biologia-computacional-y-biotecnologia\/#primaryimage"},"image":{"@id":"https:\/\/www.uoh.cl\/instituto-de-ciencias-de-la-ingenieria\/biologia-computacional-y-biotecnologia\/#primaryimage"},"thumbnailUrl":"https:\/\/www.uoh.cl\/instituto-de-ciencias-de-la-ingenieria\/wp-content\/uploads\/sites\/27\/2022\/07\/Ingenieria-6.jpg","datePublished":"2022-07-05T15:28:49+00:00","dateModified":"2026-03-30T19:07:52+00:00","inLanguage":"es-CL","potentialAction":[{"@type":"ReadAction","target":["https:\/\/www.uoh.cl\/instituto-de-ciencias-de-la-ingenieria\/biologia-computacional-y-biotecnologia\/"]}]},{"@type":"ImageObject","inLanguage":"es-CL","@id":"https:\/\/www.uoh.cl\/instituto-de-ciencias-de-la-ingenieria\/biologia-computacional-y-biotecnologia\/#primaryimage","url":"https:\/\/www.uoh.cl\/instituto-de-ciencias-de-la-ingenieria\/wp-content\/uploads\/sites\/27\/2022\/07\/Ingenieria-6.jpg","contentUrl":"https:\/\/www.uoh.cl\/instituto-de-ciencias-de-la-ingenieria\/wp-content\/uploads\/sites\/27\/2022\/07\/Ingenieria-6.jpg","width":1500,"height":1000},{"@type":"WebSite","@id":"https:\/\/www.uoh.cl\/instituto-de-ciencias-de-la-ingenieria\/#website","url":"https:\/\/www.uoh.cl\/instituto-de-ciencias-de-la-ingenieria\/","name":"Instituto de Ciencias de la Ingenier\u00eda","description":"Otro sitio de Sitios de Universidad O'higgins","potentialAction":[{"@type":"SearchAction","target":{"@type":"EntryPoint","urlTemplate":"https:\/\/www.uoh.cl\/instituto-de-ciencias-de-la-ingenieria\/?s={search_term_string}"},"query-input":{"@type":"PropertyValueSpecification","valueRequired":true,"valueName":"search_term_string"}}],"inLanguage":"es-CL"}]}},"_links":{"self":[{"href":"https:\/\/www.uoh.cl\/instituto-de-ciencias-de-la-ingenieria\/wp-json\/wp\/v2\/pages\/1520","targetHints":{"allow":["GET"]}}],"collection":[{"href":"https:\/\/www.uoh.cl\/instituto-de-ciencias-de-la-ingenieria\/wp-json\/wp\/v2\/pages"}],"about":[{"href":"https:\/\/www.uoh.cl\/instituto-de-ciencias-de-la-ingenieria\/wp-json\/wp\/v2\/types\/page"}],"author":[{"embeddable":true,"href":"https:\/\/www.uoh.cl\/instituto-de-ciencias-de-la-ingenieria\/wp-json\/wp\/v2\/users\/34"}],"replies":[{"embeddable":true,"href":"https:\/\/www.uoh.cl\/instituto-de-ciencias-de-la-ingenieria\/wp-json\/wp\/v2\/comments?post=1520"}],"version-history":[{"count":12,"href":"https:\/\/www.uoh.cl\/instituto-de-ciencias-de-la-ingenieria\/wp-json\/wp\/v2\/pages\/1520\/revisions"}],"predecessor-version":[{"id":8884,"href":"https:\/\/www.uoh.cl\/instituto-de-ciencias-de-la-ingenieria\/wp-json\/wp\/v2\/pages\/1520\/revisions\/8884"}],"wp:featuredmedia":[{"embeddable":true,"href":"https:\/\/www.uoh.cl\/instituto-de-ciencias-de-la-ingenieria\/wp-json\/wp\/v2\/media\/1521"}],"wp:attachment":[{"href":"https:\/\/www.uoh.cl\/instituto-de-ciencias-de-la-ingenieria\/wp-json\/wp\/v2\/media?parent=1520"}],"curies":[{"name":"wp","href":"https:\/\/api.w.org\/{rel}","templated":true}]}}