
{"id":1513,"date":"2022-07-05T12:23:00","date_gmt":"2022-07-05T15:23:00","guid":{"rendered":"https:\/\/www.uoh.cl\/instituto-de-ciencias-de-la-ingenieria\/?page_id=1513"},"modified":"2025-09-08T17:27:37","modified_gmt":"2025-09-08T20:27:37","slug":"ingenieria-industrial","status":"publish","type":"page","link":"https:\/\/www.uoh.cl\/instituto-de-ciencias-de-la-ingenieria\/ingenieria-industrial\/","title":{"rendered":"Ingenier\u00eda Industrial"},"content":{"rendered":"<div class=\"wpb-content-wrapper\"><p>[vc_section el_class=&#8221;container mx-auto align-items-center text-right circle&#8211;pattern&#8221; css=&#8221;.vc_custom_1648956589196{padding-top: 3rem !important;}&#8221;][vc_row][vc_column][vc_wp_custommenu nav_menu=&#8221;9&#8243;]<div class=\"breadcrumb\"><ol itemscope itemtype=\"https:\/\/schema.org\/BreadcrumbList\"><li itemprop=\"itemListElement\" itemscope itemtype=\"https:\/\/schema.org\/ListItem\"><a itemprop=\"item\" href=\"http:\/\/www.uoh.cl\"><span itemprop=\"name\">Inicio<\/span><\/a><meta itemprop=\"position\" content=\"1\" \/><li itemprop=\"itemListElement\" itemscope itemtype=\"https:\/\/schema.org\/ListItem\"><a itemprop=\"item\" href=\"https:\/\/www.uoh.cl\/instituto-de-ciencias-de-la-ingenieria\"><span itemprop=\"name\">Instituto de Ciencias de la Ingenier\u00eda <\/span><\/a><meta itemprop=\"position\" content=\"2\" \/><li itemprop=\"itemListElement\" itemscope itemtype=\"https:\/\/schema.org\/ListItem\"><span itemprop=\"name\">Ingenier\u00eda Industrial <\/span><meta itemprop=\"position\" content=\"3\" \/><\/ol><\/div><div class=\"uoh_title_component-container\"><h1 class=\"title title--ms d-inline-block title--decorator  big\">Ingenier\u00eda Industrial<\/h1><\/div>[vc_column_text css=&#8221;&#8221;]La l\u00ednea de investigaci\u00f3n en Ingenier\u00eda Industrial impulsa soluciones aplicadas para la transformaci\u00f3n productiva y la sostenibilidad industrial, con \u00e9nfasis en temas como gesti\u00f3n de operaciones, log\u00edstica inteligente, territorios, ecosistemas y transiciones sociot\u00e9cnicas. Su enfoque integra herramientas de dise\u00f1o, an\u00e1lisis de datos, inteligencia artificial, modelaci\u00f3n y optimizaci\u00f3n para enfrentar desaf\u00edos en eficiencia productiva, resiliencia log\u00edstica y transformaciones industriales. Las investigaciones abordan problem\u00e1ticas estrat\u00e9gicas, t\u00e1cticas y operativas y se orientan a generar conocimiento interdisciplinario con proyecci\u00f3n internacional, contribuyendo a la investigaci\u00f3n y desarrollo de sistemas complejos industriales.<\/p>\n<p>En esta l\u00ednea desarrollan sus investigaciones los acad\u00e9micos <a href=\"https:\/\/www.uoh.cl\/instituto-de-ciencias-de-la-ingenieria\/academico\/victor-bucarey\/\" target=\"_blank\" rel=\"noopener\">V\u00edctor Bucarey<\/a> y <a href=\"https:\/\/www.uoh.cl\/instituto-de-ciencias-de-la-ingenieria\/academico\/sebastian-herrera-leon\/\" target=\"_blank\" rel=\"noopener\">Sebasti\u00e1n Herrera<\/a>.[\/vc_column_text][vc_column_text]<\/p>\n<p>&nbsp;<\/p>\n<p>[\/vc_column_text][vc_single_image image=&#8221;3102&#8243; img_size=&#8221;large&#8221;][\/vc_column][\/vc_row][vc_row][vc_column][\/vc_column][\/vc_row][\/vc_section][vc_section css=&#8221;.vc_custom_1651111208003{background-color: #f6faff !important;}&#8221; el_class=&#8221;p-md-0&#8243;][\/vc_section][vc_section css=&#8221;.vc_custom_1649210787516{background-color: #f6faff !important;}&#8221; el_class=&#8221;p-md-0 pt-md-5 pb-md-5&#8243;][vc_row el_class=&#8221;container mx-auto align-items-center text-right&#8221;][vc_column][\/vc_column][\/vc_row][\/vc_section]<\/p>\n<\/div>","protected":false},"excerpt":{"rendered":"<p>[vc_section el_class=&#8221;container mx-auto align-items-center text-right circle&#8211;pattern&#8221; css=&#8221;.vc_custom_1648956589196{padding-top: 3rem !important;}&#8221;][vc_row][vc_column][vc_wp_custommenu nav_menu=&#8221;9&#8243;][vc_column_text css=&#8221;&#8221;]La l\u00ednea de investigaci\u00f3n en Ingenier\u00eda Industrial impulsa soluciones aplicadas para la transformaci\u00f3n productiva y la sostenibilidad industrial, con \u00e9nfasis en temas como gesti\u00f3n de operaciones, log\u00edstica inteligente, territorios, ecosistemas y transiciones sociot\u00e9cnicas. Su enfoque integra herramientas de dise\u00f1o, an\u00e1lisis de datos, inteligencia artificial, modelaci\u00f3n [&hellip;]<\/p>\n","protected":false},"author":34,"featured_media":3102,"parent":0,"menu_order":0,"comment_status":"closed","ping_status":"closed","template":"","meta":{"_acf_changed":false,"footnotes":""},"class_list":["post-1513","page","type-page","status-publish","has-post-thumbnail","hentry"],"acf":[],"yoast_head":"<!-- This site is optimized with the Yoast SEO plugin v26.6 - https:\/\/yoast.com\/wordpress\/plugins\/seo\/ -->\n<title>Ingenier\u00eda Industrial - Instituto de Ciencias de la Ingenier\u00eda<\/title>\n<meta name=\"robots\" content=\"index, follow, max-snippet:-1, max-image-preview:large, max-video-preview:-1\" \/>\n<link rel=\"canonical\" href=\"https:\/\/www.uoh.cl\/instituto-de-ciencias-de-la-ingenieria\/ingenieria-industrial\/\" \/>\n<meta property=\"og:locale\" content=\"es_ES\" \/>\n<meta property=\"og:type\" content=\"article\" \/>\n<meta property=\"og:title\" content=\"Ingenier\u00eda Industrial - Instituto de Ciencias de la Ingenier\u00eda\" \/>\n<meta property=\"og:description\" content=\"[vc_section el_class=&#8221;container mx-auto align-items-center text-right circle&#8211;pattern&#8221; css=&#8221;.vc_custom_1648956589196{padding-top: 3rem !important;}&#8221;][vc_row][vc_column][vc_wp_custommenu nav_menu=&#8221;9&#8243;][vc_column_text css=&#8221;&#8221;]La l\u00ednea de investigaci\u00f3n en Ingenier\u00eda Industrial impulsa soluciones aplicadas para la transformaci\u00f3n productiva y la sostenibilidad industrial, con \u00e9nfasis en temas como gesti\u00f3n de operaciones, log\u00edstica inteligente, territorios, ecosistemas y transiciones sociot\u00e9cnicas. Su enfoque integra herramientas de dise\u00f1o, an\u00e1lisis de datos, inteligencia artificial, modelaci\u00f3n [&hellip;]\" \/>\n<meta property=\"og:url\" content=\"https:\/\/www.uoh.cl\/instituto-de-ciencias-de-la-ingenieria\/ingenieria-industrial\/\" \/>\n<meta property=\"og:site_name\" content=\"Instituto de Ciencias de la Ingenier\u00eda\" \/>\n<meta property=\"article:modified_time\" content=\"2025-09-08T20:27:37+00:00\" \/>\n<meta property=\"og:image\" content=\"https:\/\/www.uoh.cl\/instituto-de-ciencias-de-la-ingenieria\/wp-content\/uploads\/sites\/27\/2022\/12\/Investigacion-de-operaciones.jpg\" \/>\n\t<meta property=\"og:image:width\" content=\"1500\" \/>\n\t<meta property=\"og:image:height\" content=\"1000\" \/>\n\t<meta property=\"og:image:type\" content=\"image\/jpeg\" \/>\n<meta name=\"twitter:card\" content=\"summary_large_image\" \/>\n<meta name=\"twitter:label1\" content=\"Tiempo estimado de lectura\" \/>\n\t<meta name=\"twitter:data1\" content=\"1 minuto\" \/>\n<script type=\"application\/ld+json\" class=\"yoast-schema-graph\">{\"@context\":\"https:\/\/schema.org\",\"@graph\":[{\"@type\":\"WebPage\",\"@id\":\"https:\/\/www.uoh.cl\/instituto-de-ciencias-de-la-ingenieria\/ingenieria-industrial\/\",\"url\":\"https:\/\/www.uoh.cl\/instituto-de-ciencias-de-la-ingenieria\/ingenieria-industrial\/\",\"name\":\"Ingenier\u00eda Industrial - Instituto de Ciencias de la Ingenier\u00eda\",\"isPartOf\":{\"@id\":\"https:\/\/www.uoh.cl\/instituto-de-ciencias-de-la-ingenieria\/#website\"},\"primaryImageOfPage\":{\"@id\":\"https:\/\/www.uoh.cl\/instituto-de-ciencias-de-la-ingenieria\/ingenieria-industrial\/#primaryimage\"},\"image\":{\"@id\":\"https:\/\/www.uoh.cl\/instituto-de-ciencias-de-la-ingenieria\/ingenieria-industrial\/#primaryimage\"},\"thumbnailUrl\":\"https:\/\/www.uoh.cl\/instituto-de-ciencias-de-la-ingenieria\/wp-content\/uploads\/sites\/27\/2022\/12\/Investigacion-de-operaciones.jpg\",\"datePublished\":\"2022-07-05T15:23:00+00:00\",\"dateModified\":\"2025-09-08T20:27:37+00:00\",\"inLanguage\":\"es-CL\",\"potentialAction\":[{\"@type\":\"ReadAction\",\"target\":[\"https:\/\/www.uoh.cl\/instituto-de-ciencias-de-la-ingenieria\/ingenieria-industrial\/\"]}]},{\"@type\":\"ImageObject\",\"inLanguage\":\"es-CL\",\"@id\":\"https:\/\/www.uoh.cl\/instituto-de-ciencias-de-la-ingenieria\/ingenieria-industrial\/#primaryimage\",\"url\":\"https:\/\/www.uoh.cl\/instituto-de-ciencias-de-la-ingenieria\/wp-content\/uploads\/sites\/27\/2022\/12\/Investigacion-de-operaciones.jpg\",\"contentUrl\":\"https:\/\/www.uoh.cl\/instituto-de-ciencias-de-la-ingenieria\/wp-content\/uploads\/sites\/27\/2022\/12\/Investigacion-de-operaciones.jpg\",\"width\":1500,\"height\":1000,\"caption\":\"Investigaci\u00f3n de Operaciones\"},{\"@type\":\"WebSite\",\"@id\":\"https:\/\/www.uoh.cl\/instituto-de-ciencias-de-la-ingenieria\/#website\",\"url\":\"https:\/\/www.uoh.cl\/instituto-de-ciencias-de-la-ingenieria\/\",\"name\":\"Instituto de Ciencias de la Ingenier\u00eda\",\"description\":\"Otro sitio de Sitios de Universidad O'higgins\",\"potentialAction\":[{\"@type\":\"SearchAction\",\"target\":{\"@type\":\"EntryPoint\",\"urlTemplate\":\"https:\/\/www.uoh.cl\/instituto-de-ciencias-de-la-ingenieria\/?s={search_term_string}\"},\"query-input\":{\"@type\":\"PropertyValueSpecification\",\"valueRequired\":true,\"valueName\":\"search_term_string\"}}],\"inLanguage\":\"es-CL\"}]}<\/script>\n<!-- \/ Yoast SEO plugin. -->","yoast_head_json":{"title":"Ingenier\u00eda Industrial - Instituto de Ciencias de la Ingenier\u00eda","robots":{"index":"index","follow":"follow","max-snippet":"max-snippet:-1","max-image-preview":"max-image-preview:large","max-video-preview":"max-video-preview:-1"},"canonical":"https:\/\/www.uoh.cl\/instituto-de-ciencias-de-la-ingenieria\/ingenieria-industrial\/","og_locale":"es_ES","og_type":"article","og_title":"Ingenier\u00eda Industrial - Instituto de Ciencias de la Ingenier\u00eda","og_description":"[vc_section el_class=&#8221;container mx-auto align-items-center text-right circle&#8211;pattern&#8221; css=&#8221;.vc_custom_1648956589196{padding-top: 3rem !important;}&#8221;][vc_row][vc_column][vc_wp_custommenu nav_menu=&#8221;9&#8243;][vc_column_text css=&#8221;&#8221;]La l\u00ednea de investigaci\u00f3n en Ingenier\u00eda Industrial impulsa soluciones aplicadas para la transformaci\u00f3n productiva y la sostenibilidad industrial, con \u00e9nfasis en temas como gesti\u00f3n de operaciones, log\u00edstica inteligente, territorios, ecosistemas y transiciones sociot\u00e9cnicas. Su enfoque integra herramientas de dise\u00f1o, an\u00e1lisis de datos, inteligencia artificial, modelaci\u00f3n [&hellip;]","og_url":"https:\/\/www.uoh.cl\/instituto-de-ciencias-de-la-ingenieria\/ingenieria-industrial\/","og_site_name":"Instituto de Ciencias de la Ingenier\u00eda","article_modified_time":"2025-09-08T20:27:37+00:00","og_image":[{"width":1500,"height":1000,"url":"https:\/\/www.uoh.cl\/instituto-de-ciencias-de-la-ingenieria\/wp-content\/uploads\/sites\/27\/2022\/12\/Investigacion-de-operaciones.jpg","type":"image\/jpeg"}],"twitter_card":"summary_large_image","twitter_misc":{"Tiempo estimado de lectura":"1 minuto"},"schema":{"@context":"https:\/\/schema.org","@graph":[{"@type":"WebPage","@id":"https:\/\/www.uoh.cl\/instituto-de-ciencias-de-la-ingenieria\/ingenieria-industrial\/","url":"https:\/\/www.uoh.cl\/instituto-de-ciencias-de-la-ingenieria\/ingenieria-industrial\/","name":"Ingenier\u00eda Industrial - Instituto de Ciencias de la Ingenier\u00eda","isPartOf":{"@id":"https:\/\/www.uoh.cl\/instituto-de-ciencias-de-la-ingenieria\/#website"},"primaryImageOfPage":{"@id":"https:\/\/www.uoh.cl\/instituto-de-ciencias-de-la-ingenieria\/ingenieria-industrial\/#primaryimage"},"image":{"@id":"https:\/\/www.uoh.cl\/instituto-de-ciencias-de-la-ingenieria\/ingenieria-industrial\/#primaryimage"},"thumbnailUrl":"https:\/\/www.uoh.cl\/instituto-de-ciencias-de-la-ingenieria\/wp-content\/uploads\/sites\/27\/2022\/12\/Investigacion-de-operaciones.jpg","datePublished":"2022-07-05T15:23:00+00:00","dateModified":"2025-09-08T20:27:37+00:00","inLanguage":"es-CL","potentialAction":[{"@type":"ReadAction","target":["https:\/\/www.uoh.cl\/instituto-de-ciencias-de-la-ingenieria\/ingenieria-industrial\/"]}]},{"@type":"ImageObject","inLanguage":"es-CL","@id":"https:\/\/www.uoh.cl\/instituto-de-ciencias-de-la-ingenieria\/ingenieria-industrial\/#primaryimage","url":"https:\/\/www.uoh.cl\/instituto-de-ciencias-de-la-ingenieria\/wp-content\/uploads\/sites\/27\/2022\/12\/Investigacion-de-operaciones.jpg","contentUrl":"https:\/\/www.uoh.cl\/instituto-de-ciencias-de-la-ingenieria\/wp-content\/uploads\/sites\/27\/2022\/12\/Investigacion-de-operaciones.jpg","width":1500,"height":1000,"caption":"Investigaci\u00f3n de Operaciones"},{"@type":"WebSite","@id":"https:\/\/www.uoh.cl\/instituto-de-ciencias-de-la-ingenieria\/#website","url":"https:\/\/www.uoh.cl\/instituto-de-ciencias-de-la-ingenieria\/","name":"Instituto de Ciencias de la Ingenier\u00eda","description":"Otro sitio de Sitios de Universidad O'higgins","potentialAction":[{"@type":"SearchAction","target":{"@type":"EntryPoint","urlTemplate":"https:\/\/www.uoh.cl\/instituto-de-ciencias-de-la-ingenieria\/?s={search_term_string}"},"query-input":{"@type":"PropertyValueSpecification","valueRequired":true,"valueName":"search_term_string"}}],"inLanguage":"es-CL"}]}},"_links":{"self":[{"href":"https:\/\/www.uoh.cl\/instituto-de-ciencias-de-la-ingenieria\/wp-json\/wp\/v2\/pages\/1513","targetHints":{"allow":["GET"]}}],"collection":[{"href":"https:\/\/www.uoh.cl\/instituto-de-ciencias-de-la-ingenieria\/wp-json\/wp\/v2\/pages"}],"about":[{"href":"https:\/\/www.uoh.cl\/instituto-de-ciencias-de-la-ingenieria\/wp-json\/wp\/v2\/types\/page"}],"author":[{"embeddable":true,"href":"https:\/\/www.uoh.cl\/instituto-de-ciencias-de-la-ingenieria\/wp-json\/wp\/v2\/users\/34"}],"replies":[{"embeddable":true,"href":"https:\/\/www.uoh.cl\/instituto-de-ciencias-de-la-ingenieria\/wp-json\/wp\/v2\/comments?post=1513"}],"version-history":[{"count":15,"href":"https:\/\/www.uoh.cl\/instituto-de-ciencias-de-la-ingenieria\/wp-json\/wp\/v2\/pages\/1513\/revisions"}],"predecessor-version":[{"id":7646,"href":"https:\/\/www.uoh.cl\/instituto-de-ciencias-de-la-ingenieria\/wp-json\/wp\/v2\/pages\/1513\/revisions\/7646"}],"wp:featuredmedia":[{"embeddable":true,"href":"https:\/\/www.uoh.cl\/instituto-de-ciencias-de-la-ingenieria\/wp-json\/wp\/v2\/media\/3102"}],"wp:attachment":[{"href":"https:\/\/www.uoh.cl\/instituto-de-ciencias-de-la-ingenieria\/wp-json\/wp\/v2\/media?parent=1513"}],"curies":[{"name":"wp","href":"https:\/\/api.w.org\/{rel}","templated":true}]}}