
{"id":1509,"date":"2022-07-05T12:19:40","date_gmt":"2022-07-05T15:19:40","guid":{"rendered":"https:\/\/www.uoh.cl\/instituto-de-ciencias-de-la-ingenieria\/?page_id=1509"},"modified":"2026-03-30T13:34:48","modified_gmt":"2026-03-30T16:34:48","slug":"matematicas-y-aplicaciones","status":"publish","type":"page","link":"https:\/\/www.uoh.cl\/instituto-de-ciencias-de-la-ingenieria\/matematicas-y-aplicaciones\/","title":{"rendered":"Matem\u00e1ticas y Aplicaciones"},"content":{"rendered":"<div class=\"wpb-content-wrapper\"><p>[vc_section el_class=&#8221;container mx-auto align-items-center text-right circle&#8211;pattern&#8221; css=&#8221;.vc_custom_1648956589196{padding-top: 3rem !important;}&#8221;][vc_row][vc_column][vc_wp_custommenu nav_menu=&#8221;9&#8243;]<div class=\"breadcrumb\"><ol itemscope itemtype=\"https:\/\/schema.org\/BreadcrumbList\"><li itemprop=\"itemListElement\" itemscope itemtype=\"https:\/\/schema.org\/ListItem\"><a itemprop=\"item\" href=\"http:\/\/www.uoh.cl\"><span itemprop=\"name\">Inicio<\/span><\/a><meta itemprop=\"position\" content=\"1\" \/><li itemprop=\"itemListElement\" itemscope itemtype=\"https:\/\/schema.org\/ListItem\"><a itemprop=\"item\" href=\"https:\/\/www.uoh.cl\/instituto-de-ciencias-de-la-ingenieria\"><span itemprop=\"name\">Instituto de Ciencias de la Ingenier\u00eda <\/span><\/a><meta itemprop=\"position\" content=\"2\" \/><li itemprop=\"itemListElement\" itemscope itemtype=\"https:\/\/schema.org\/ListItem\"><span itemprop=\"name\">Matem\u00e1ticas y Aplicaciones <\/span><meta itemprop=\"position\" content=\"3\" \/><\/ol><\/div><div class=\"uoh_title_component-container\"><h1 class=\"title title--ms d-inline-block title--decorator  big\">Matem\u00e1ticas y Aplicaciones<\/h1><\/div>[vc_column_text css=&#8221;&#8221;]En esta \u00e1rea del Instituto de Ciencias de la Ingenier\u00eda analizamos y desarrollamos modelos matem\u00e1ticos y estad\u00edsticos cr\u00edticos para la industria y la ciencia, principalmente en la agronom\u00eda, biolog\u00eda, ciencia de datos, ciencias sociales, f\u00edsica, ingenier\u00eda, miner\u00eda y transporte. Brindamos un tratamiento riguroso de los objetos matem\u00e1ticos involucrados, investigando la teor\u00eda detr\u00e1s de las herramientas con las que representan los fen\u00f3menos de las distintas disciplinas.<\/p>\n<p>Esta \u00e1rea est\u00e1 conformada por un destacado grupo de acad\u00e9micos compuesto por <a href=\"https:\/\/www.uoh.cl\/instituto-de-ciencias-de-la-ingenieria\/academico\/emilio-vilches\/\" target=\"_blank\" rel=\"noopener\">Emilio Vilches<\/a>, <a href=\"https:\/\/www.uoh.cl\/instituto-de-ciencias-de-la-ingenieria\/academico\/duvan-henao\/\" target=\"_blank\" rel=\"noopener\">Duvan Henao<\/a>, <a href=\"https:\/\/www.uoh.cl\/instituto-de-ciencias-de-la-ingenieria\/academico\/david-salas-videla\/\" target=\"_blank\" rel=\"noopener\">David Salas<\/a>, <a href=\"https:\/\/www.uoh.cl\/instituto-de-ciencias-de-la-ingenieria\/academico\/andres-zuniga-munizaga\/\" target=\"_blank\" rel=\"noopener\">Andr\u00e9s Z\u00fa\u00f1iga,<\/a>\u00a0<a href=\"https:\/\/www.uoh.cl\/instituto-de-ciencias-de-la-ingenieria\/academico\/anton-svensson-graan\/\" target=\"_blank\" rel=\"noopener\">Anton Svensson<\/a>, <a href=\"https:\/\/www.uoh.cl\/instituto-de-ciencias-de-la-ingenieria\/academico\/david-sossa\/\" target=\"_blank\" rel=\"noopener\">David Sossa<\/a>, <a href=\"https:\/\/www.uoh.cl\/instituto-de-ciencias-de-la-ingenieria\/academico\/alexander-baumgartner\/\" target=\"_blank\" rel=\"noopener\">Alex Baumgartner<\/a>, <a href=\"https:\/\/www.uoh.cl\/instituto-de-ciencias-de-la-ingenieria\/academico\/juan-carlos-pozo-vera\/\" target=\"_blank\" rel=\"noopener\">Juan Carlos Pozo<\/a> y <a href=\"https:\/\/www.uoh.cl\/instituto-de-ciencias-de-la-ingenieria\/academico\/mirabel-mendoza-cadena\/\" target=\"_blank\" rel=\"noopener\">Mirabel Mendoza<\/a> y <a href=\"https:\/\/www.uoh.cl\/instituto-de-ciencias-de-la-ingenieria\/academico\/francisco-venegas-martinez\/\" target=\"_blank\" rel=\"noopener\">Francisco Venegas<\/a>. Con ellos, trabaja un importante grupo de investigadores nacionales e internacionales formado por <a href=\"https:\/\/www.uoh.cl\/instituto-de-ciencias-de-la-ingenieria\/academico\/diana-narvaez-naspiran\/\" target=\"_blank\" rel=\"noopener\">Diana Narv\u00e1ez<\/a>, <a href=\"https:\/\/www.uoh.cl\/instituto-de-ciencias-de-la-ingenieria\/academico\/pedro-hernandez-llanos\/\" target=\"_blank\" rel=\"noopener\">Pedro Hern\u00e1ndez<\/a>, <a href=\"https:\/\/www.uoh.cl\/instituto-de-ciencias-de-la-ingenieria\/academico\/claudia-soto-silva\/\" target=\"_blank\" rel=\"noopener\">Claudia Soto,<\/a>\u00a0<a href=\"https:\/\/www.uoh.cl\/instituto-de-ciencias-de-la-ingenieria\/academico\/lisbeth-carrero\/\" target=\"_blank\" rel=\"noopener\">Lisbeth Carrero <\/a>y <a href=\"https:\/\/www.uoh.cl\/instituto-de-ciencias-de-la-ingenieria\/academico\/juan-jose-maulen-munoz\/\" target=\"_blank\" rel=\"noopener\">Juan Jos\u00e9 Maul\u00e9n<\/a>.[\/vc_column_text][vc_column_text]<\/p>\n<p>&nbsp;<\/p>\n<p>[\/vc_column_text][vc_single_image image=&#8221;1510&#8243; img_size=&#8221;large&#8221;][\/vc_column][\/vc_row][vc_row][vc_column][\/vc_column][\/vc_row][\/vc_section][vc_section css=&#8221;.vc_custom_1651111208003{background-color: #f6faff !important;}&#8221; el_class=&#8221;p-md-0&#8243;][\/vc_section][vc_section css=&#8221;.vc_custom_1649210787516{background-color: #f6faff !important;}&#8221; el_class=&#8221;p-md-0 pt-md-5 pb-md-5&#8243;][vc_row el_class=&#8221;container mx-auto align-items-center text-right&#8221;][vc_column][\/vc_column][\/vc_row][\/vc_section]<\/p>\n<\/div>","protected":false},"excerpt":{"rendered":"<p>[vc_section el_class=&#8221;container mx-auto align-items-center text-right circle&#8211;pattern&#8221; css=&#8221;.vc_custom_1648956589196{padding-top: 3rem !important;}&#8221;][vc_row][vc_column][vc_wp_custommenu nav_menu=&#8221;9&#8243;][vc_column_text css=&#8221;&#8221;]En esta \u00e1rea del Instituto de Ciencias de la Ingenier\u00eda analizamos y desarrollamos modelos matem\u00e1ticos y estad\u00edsticos cr\u00edticos para la industria y la ciencia, principalmente en la agronom\u00eda, biolog\u00eda, ciencia de datos, ciencias sociales, f\u00edsica, ingenier\u00eda, miner\u00eda y transporte. Brindamos un tratamiento riguroso de los [&hellip;]<\/p>\n","protected":false},"author":34,"featured_media":1510,"parent":0,"menu_order":0,"comment_status":"closed","ping_status":"closed","template":"","meta":{"_acf_changed":false,"footnotes":""},"class_list":["post-1509","page","type-page","status-publish","has-post-thumbnail","hentry"],"acf":[],"yoast_head":"<!-- This site is optimized with the Yoast SEO plugin v26.6 - https:\/\/yoast.com\/wordpress\/plugins\/seo\/ -->\n<title>Matem\u00e1ticas y Aplicaciones - Instituto de Ciencias de la Ingenier\u00eda<\/title>\n<meta name=\"robots\" content=\"index, follow, max-snippet:-1, max-image-preview:large, max-video-preview:-1\" \/>\n<link rel=\"canonical\" href=\"https:\/\/www.uoh.cl\/instituto-de-ciencias-de-la-ingenieria\/matematicas-y-aplicaciones\/\" \/>\n<meta property=\"og:locale\" content=\"es_ES\" \/>\n<meta property=\"og:type\" content=\"article\" \/>\n<meta property=\"og:title\" content=\"Matem\u00e1ticas y Aplicaciones - Instituto de Ciencias de la Ingenier\u00eda\" \/>\n<meta property=\"og:description\" content=\"[vc_section el_class=&#8221;container mx-auto align-items-center text-right circle&#8211;pattern&#8221; css=&#8221;.vc_custom_1648956589196{padding-top: 3rem !important;}&#8221;][vc_row][vc_column][vc_wp_custommenu nav_menu=&#8221;9&#8243;][vc_column_text css=&#8221;&#8221;]En esta \u00e1rea del Instituto de Ciencias de la Ingenier\u00eda analizamos y desarrollamos modelos matem\u00e1ticos y estad\u00edsticos cr\u00edticos para la industria y la ciencia, principalmente en la agronom\u00eda, biolog\u00eda, ciencia de datos, ciencias sociales, f\u00edsica, ingenier\u00eda, miner\u00eda y transporte. Brindamos un tratamiento riguroso de los [&hellip;]\" \/>\n<meta property=\"og:url\" content=\"https:\/\/www.uoh.cl\/instituto-de-ciencias-de-la-ingenieria\/matematicas-y-aplicaciones\/\" \/>\n<meta property=\"og:site_name\" content=\"Instituto de Ciencias de la Ingenier\u00eda\" \/>\n<meta property=\"article:modified_time\" content=\"2026-03-30T16:34:48+00:00\" \/>\n<meta property=\"og:image\" content=\"https:\/\/www.uoh.cl\/instituto-de-ciencias-de-la-ingenieria\/wp-content\/uploads\/sites\/27\/2022\/07\/Ingenieria-2.jpg\" \/>\n\t<meta property=\"og:image:width\" content=\"1500\" \/>\n\t<meta property=\"og:image:height\" content=\"1000\" \/>\n\t<meta property=\"og:image:type\" content=\"image\/jpeg\" \/>\n<meta name=\"twitter:card\" content=\"summary_large_image\" \/>\n<meta name=\"twitter:label1\" content=\"Tiempo estimado de lectura\" \/>\n\t<meta name=\"twitter:data1\" content=\"2 minutos\" \/>\n<script type=\"application\/ld+json\" class=\"yoast-schema-graph\">{\"@context\":\"https:\/\/schema.org\",\"@graph\":[{\"@type\":\"WebPage\",\"@id\":\"https:\/\/www.uoh.cl\/instituto-de-ciencias-de-la-ingenieria\/matematicas-y-aplicaciones\/\",\"url\":\"https:\/\/www.uoh.cl\/instituto-de-ciencias-de-la-ingenieria\/matematicas-y-aplicaciones\/\",\"name\":\"Matem\u00e1ticas y Aplicaciones - Instituto de Ciencias de la Ingenier\u00eda\",\"isPartOf\":{\"@id\":\"https:\/\/www.uoh.cl\/instituto-de-ciencias-de-la-ingenieria\/#website\"},\"primaryImageOfPage\":{\"@id\":\"https:\/\/www.uoh.cl\/instituto-de-ciencias-de-la-ingenieria\/matematicas-y-aplicaciones\/#primaryimage\"},\"image\":{\"@id\":\"https:\/\/www.uoh.cl\/instituto-de-ciencias-de-la-ingenieria\/matematicas-y-aplicaciones\/#primaryimage\"},\"thumbnailUrl\":\"https:\/\/www.uoh.cl\/instituto-de-ciencias-de-la-ingenieria\/wp-content\/uploads\/sites\/27\/2022\/07\/Ingenieria-2.jpg\",\"datePublished\":\"2022-07-05T15:19:40+00:00\",\"dateModified\":\"2026-03-30T16:34:48+00:00\",\"inLanguage\":\"es-CL\",\"potentialAction\":[{\"@type\":\"ReadAction\",\"target\":[\"https:\/\/www.uoh.cl\/instituto-de-ciencias-de-la-ingenieria\/matematicas-y-aplicaciones\/\"]}]},{\"@type\":\"ImageObject\",\"inLanguage\":\"es-CL\",\"@id\":\"https:\/\/www.uoh.cl\/instituto-de-ciencias-de-la-ingenieria\/matematicas-y-aplicaciones\/#primaryimage\",\"url\":\"https:\/\/www.uoh.cl\/instituto-de-ciencias-de-la-ingenieria\/wp-content\/uploads\/sites\/27\/2022\/07\/Ingenieria-2.jpg\",\"contentUrl\":\"https:\/\/www.uoh.cl\/instituto-de-ciencias-de-la-ingenieria\/wp-content\/uploads\/sites\/27\/2022\/07\/Ingenieria-2.jpg\",\"width\":1500,\"height\":1000},{\"@type\":\"WebSite\",\"@id\":\"https:\/\/www.uoh.cl\/instituto-de-ciencias-de-la-ingenieria\/#website\",\"url\":\"https:\/\/www.uoh.cl\/instituto-de-ciencias-de-la-ingenieria\/\",\"name\":\"Instituto de Ciencias de la Ingenier\u00eda\",\"description\":\"Otro sitio de Sitios de Universidad O'higgins\",\"potentialAction\":[{\"@type\":\"SearchAction\",\"target\":{\"@type\":\"EntryPoint\",\"urlTemplate\":\"https:\/\/www.uoh.cl\/instituto-de-ciencias-de-la-ingenieria\/?s={search_term_string}\"},\"query-input\":{\"@type\":\"PropertyValueSpecification\",\"valueRequired\":true,\"valueName\":\"search_term_string\"}}],\"inLanguage\":\"es-CL\"}]}<\/script>\n<!-- \/ Yoast SEO plugin. -->","yoast_head_json":{"title":"Matem\u00e1ticas y Aplicaciones - Instituto de Ciencias de la Ingenier\u00eda","robots":{"index":"index","follow":"follow","max-snippet":"max-snippet:-1","max-image-preview":"max-image-preview:large","max-video-preview":"max-video-preview:-1"},"canonical":"https:\/\/www.uoh.cl\/instituto-de-ciencias-de-la-ingenieria\/matematicas-y-aplicaciones\/","og_locale":"es_ES","og_type":"article","og_title":"Matem\u00e1ticas y Aplicaciones - Instituto de Ciencias de la Ingenier\u00eda","og_description":"[vc_section el_class=&#8221;container mx-auto align-items-center text-right circle&#8211;pattern&#8221; css=&#8221;.vc_custom_1648956589196{padding-top: 3rem !important;}&#8221;][vc_row][vc_column][vc_wp_custommenu nav_menu=&#8221;9&#8243;][vc_column_text css=&#8221;&#8221;]En esta \u00e1rea del Instituto de Ciencias de la Ingenier\u00eda analizamos y desarrollamos modelos matem\u00e1ticos y estad\u00edsticos cr\u00edticos para la industria y la ciencia, principalmente en la agronom\u00eda, biolog\u00eda, ciencia de datos, ciencias sociales, f\u00edsica, ingenier\u00eda, miner\u00eda y transporte. Brindamos un tratamiento riguroso de los [&hellip;]","og_url":"https:\/\/www.uoh.cl\/instituto-de-ciencias-de-la-ingenieria\/matematicas-y-aplicaciones\/","og_site_name":"Instituto de Ciencias de la Ingenier\u00eda","article_modified_time":"2026-03-30T16:34:48+00:00","og_image":[{"width":1500,"height":1000,"url":"https:\/\/www.uoh.cl\/instituto-de-ciencias-de-la-ingenieria\/wp-content\/uploads\/sites\/27\/2022\/07\/Ingenieria-2.jpg","type":"image\/jpeg"}],"twitter_card":"summary_large_image","twitter_misc":{"Tiempo estimado de lectura":"2 minutos"},"schema":{"@context":"https:\/\/schema.org","@graph":[{"@type":"WebPage","@id":"https:\/\/www.uoh.cl\/instituto-de-ciencias-de-la-ingenieria\/matematicas-y-aplicaciones\/","url":"https:\/\/www.uoh.cl\/instituto-de-ciencias-de-la-ingenieria\/matematicas-y-aplicaciones\/","name":"Matem\u00e1ticas y Aplicaciones - Instituto de Ciencias de la Ingenier\u00eda","isPartOf":{"@id":"https:\/\/www.uoh.cl\/instituto-de-ciencias-de-la-ingenieria\/#website"},"primaryImageOfPage":{"@id":"https:\/\/www.uoh.cl\/instituto-de-ciencias-de-la-ingenieria\/matematicas-y-aplicaciones\/#primaryimage"},"image":{"@id":"https:\/\/www.uoh.cl\/instituto-de-ciencias-de-la-ingenieria\/matematicas-y-aplicaciones\/#primaryimage"},"thumbnailUrl":"https:\/\/www.uoh.cl\/instituto-de-ciencias-de-la-ingenieria\/wp-content\/uploads\/sites\/27\/2022\/07\/Ingenieria-2.jpg","datePublished":"2022-07-05T15:19:40+00:00","dateModified":"2026-03-30T16:34:48+00:00","inLanguage":"es-CL","potentialAction":[{"@type":"ReadAction","target":["https:\/\/www.uoh.cl\/instituto-de-ciencias-de-la-ingenieria\/matematicas-y-aplicaciones\/"]}]},{"@type":"ImageObject","inLanguage":"es-CL","@id":"https:\/\/www.uoh.cl\/instituto-de-ciencias-de-la-ingenieria\/matematicas-y-aplicaciones\/#primaryimage","url":"https:\/\/www.uoh.cl\/instituto-de-ciencias-de-la-ingenieria\/wp-content\/uploads\/sites\/27\/2022\/07\/Ingenieria-2.jpg","contentUrl":"https:\/\/www.uoh.cl\/instituto-de-ciencias-de-la-ingenieria\/wp-content\/uploads\/sites\/27\/2022\/07\/Ingenieria-2.jpg","width":1500,"height":1000},{"@type":"WebSite","@id":"https:\/\/www.uoh.cl\/instituto-de-ciencias-de-la-ingenieria\/#website","url":"https:\/\/www.uoh.cl\/instituto-de-ciencias-de-la-ingenieria\/","name":"Instituto de Ciencias de la Ingenier\u00eda","description":"Otro sitio de Sitios de Universidad O'higgins","potentialAction":[{"@type":"SearchAction","target":{"@type":"EntryPoint","urlTemplate":"https:\/\/www.uoh.cl\/instituto-de-ciencias-de-la-ingenieria\/?s={search_term_string}"},"query-input":{"@type":"PropertyValueSpecification","valueRequired":true,"valueName":"search_term_string"}}],"inLanguage":"es-CL"}]}},"_links":{"self":[{"href":"https:\/\/www.uoh.cl\/instituto-de-ciencias-de-la-ingenieria\/wp-json\/wp\/v2\/pages\/1509","targetHints":{"allow":["GET"]}}],"collection":[{"href":"https:\/\/www.uoh.cl\/instituto-de-ciencias-de-la-ingenieria\/wp-json\/wp\/v2\/pages"}],"about":[{"href":"https:\/\/www.uoh.cl\/instituto-de-ciencias-de-la-ingenieria\/wp-json\/wp\/v2\/types\/page"}],"author":[{"embeddable":true,"href":"https:\/\/www.uoh.cl\/instituto-de-ciencias-de-la-ingenieria\/wp-json\/wp\/v2\/users\/34"}],"replies":[{"embeddable":true,"href":"https:\/\/www.uoh.cl\/instituto-de-ciencias-de-la-ingenieria\/wp-json\/wp\/v2\/comments?post=1509"}],"version-history":[{"count":15,"href":"https:\/\/www.uoh.cl\/instituto-de-ciencias-de-la-ingenieria\/wp-json\/wp\/v2\/pages\/1509\/revisions"}],"predecessor-version":[{"id":8883,"href":"https:\/\/www.uoh.cl\/instituto-de-ciencias-de-la-ingenieria\/wp-json\/wp\/v2\/pages\/1509\/revisions\/8883"}],"wp:featuredmedia":[{"embeddable":true,"href":"https:\/\/www.uoh.cl\/instituto-de-ciencias-de-la-ingenieria\/wp-json\/wp\/v2\/media\/1510"}],"wp:attachment":[{"href":"https:\/\/www.uoh.cl\/instituto-de-ciencias-de-la-ingenieria\/wp-json\/wp\/v2\/media?parent=1509"}],"curies":[{"name":"wp","href":"https:\/\/api.w.org\/{rel}","templated":true}]}}