
{"id":1492,"date":"2022-07-04T17:45:47","date_gmt":"2022-07-04T20:45:47","guid":{"rendered":"https:\/\/www.uoh.cl\/instituto-de-ciencias-de-la-ingenieria\/?page_id=1492"},"modified":"2026-03-26T17:36:49","modified_gmt":"2026-03-26T20:36:49","slug":"geociencias","status":"publish","type":"page","link":"https:\/\/www.uoh.cl\/instituto-de-ciencias-de-la-ingenieria\/geociencias\/","title":{"rendered":"Geociencias"},"content":{"rendered":"<div class=\"wpb-content-wrapper\"><p>[vc_section el_class=&#8221;container mx-auto align-items-center text-right circle&#8211;pattern&#8221; css=&#8221;.vc_custom_1648956589196{padding-top: 3rem !important;}&#8221;][vc_row][vc_column][vc_wp_custommenu nav_menu=&#8221;9&#8243;]<div class=\"breadcrumb\"><ol itemscope itemtype=\"https:\/\/schema.org\/BreadcrumbList\"><li itemprop=\"itemListElement\" itemscope itemtype=\"https:\/\/schema.org\/ListItem\"><a itemprop=\"item\" href=\"http:\/\/www.uoh.cl\"><span itemprop=\"name\">Inicio<\/span><\/a><meta itemprop=\"position\" content=\"1\" \/><li itemprop=\"itemListElement\" itemscope itemtype=\"https:\/\/schema.org\/ListItem\"><a itemprop=\"item\" href=\"https:\/\/www.uoh.cl\/instituto-de-ciencias-de-la-ingenieria\"><span itemprop=\"name\">Instituto de Ciencias de la Ingenier\u00eda <\/span><\/a><meta itemprop=\"position\" content=\"2\" \/><li itemprop=\"itemListElement\" itemscope itemtype=\"https:\/\/schema.org\/ListItem\"><span itemprop=\"name\">Geociencias <\/span><meta itemprop=\"position\" content=\"3\" \/><\/ol><\/div><div class=\"uoh_title_component-container\"><h1 class=\"title title--ms d-inline-block title--decorator  big\">Geociencias<\/h1><\/div>[vc_column_text css=&#8221;&#8221;]En esta \u00e1rea trabajamos\u00a0investigaci\u00f3n en procesos geol\u00f3gicos y clim\u00e1ticos y su interacci\u00f3n con la sociedad. Incluye investigaciones en disciplinas como geotecnia, peligros geol\u00f3gicos, exploraci\u00f3n geof\u00edsica y geoqu\u00edmica, paleontolog\u00eda, sedimentolog\u00eda,\u00a0volcanolog\u00eda, meteorolog\u00eda e\u00a0hidrogeolog\u00eda, con aplicaciones en miner\u00eda, energ\u00edas renovables, gesti\u00f3n de los riesgos naturales, patrimonio geol\u00f3gico y en problemas ambientales, cambio clim\u00e1tico, y de planificaci\u00f3n territorial.<\/p>\n<div class=\"list-group\">\n<p class=\"mb-1\">Nuestras acad\u00e9micas y acad\u00e9micos que desarrollan esta l\u00ednea de investigaci\u00f3n son: <a href=\"https:\/\/www.uoh.cl\/instituto-de-ciencias-de-la-ingenieria\/academico\/laura-becerril\/\" target=\"_blank\" rel=\"noopener\">Laura Becerril<\/a>, <a href=\"https:\/\/www.uoh.cl\/instituto-de-ciencias-de-la-ingenieria\/academico\/daniele-tardani\/\" target=\"_blank\" rel=\"noopener\">Daniele Tardani<\/a>, <a href=\"https:\/\/www.uoh.cl\/instituto-de-ciencias-de-la-ingenieria\/academico\/erwin-gonzalez\/\" target=\"_blank\" rel=\"noopener\">Erwin Gonz\u00e1lez<\/a>, <a href=\"https:\/\/www.uoh.cl\/instituto-de-ciencias-de-la-ingenieria\/academico\/silvina-slagter\/\" target=\"_blank\" rel=\"noopener\">Silvina Slagter<\/a> y <a href=\"https:\/\/www.uoh.cl\/instituto-de-ciencias-de-la-ingenieria\/academico\/jorge-romero-moyano\/\" target=\"_blank\" rel=\"noopener\">Jorge Romero<\/a>. Contribuyen a esta \u00e1rea los investigadores\/as postdoctorales <a href=\"https:\/\/www.uoh.cl\/instituto-de-ciencias-de-la-ingenieria\/academico\/etienne-bresciani\/\" target=\"_blank\" rel=\"noopener\">Etienne Bresciani<\/a>, <a href=\"https:\/\/www.uoh.cl\/instituto-de-ciencias-de-la-ingenieria\/academico\/alejandra-serey\/\" target=\"_blank\" rel=\"noopener\">Alejandra Serey<\/a> y <a href=\"https:\/\/www.uoh.cl\/instituto-de-ciencias-de-la-ingenieria\/academico\/felipe-velasquez-ruiz\/\" target=\"_blank\" rel=\"noopener\">Felipe Vel\u00e1squez<\/a>.<\/p>\n<\/div>\n<p>[\/vc_column_text][vc_column_text]<\/p>\n<p>&nbsp;<\/p>\n<p>[\/vc_column_text][vc_single_image image=&#8221;3067&#8243; img_size=&#8221;large&#8221;][\/vc_column][\/vc_row][vc_row][vc_column][\/vc_column][\/vc_row][\/vc_section][vc_section css=&#8221;.vc_custom_1651111208003{background-color: #f6faff !important;}&#8221; el_class=&#8221;p-md-0&#8243;][\/vc_section][vc_section css=&#8221;.vc_custom_1649210787516{background-color: #f6faff !important;}&#8221; el_class=&#8221;p-md-0 pt-md-5 pb-md-5&#8243;][vc_row el_class=&#8221;container mx-auto align-items-center text-right&#8221;][vc_column][\/vc_column][\/vc_row][\/vc_section]<\/p>\n<\/div>","protected":false},"excerpt":{"rendered":"<p>[vc_section el_class=&#8221;container mx-auto align-items-center text-right circle&#8211;pattern&#8221; css=&#8221;.vc_custom_1648956589196{padding-top: 3rem !important;}&#8221;][vc_row][vc_column][vc_wp_custommenu nav_menu=&#8221;9&#8243;][vc_column_text css=&#8221;&#8221;]En esta \u00e1rea trabajamos\u00a0investigaci\u00f3n en procesos geol\u00f3gicos y clim\u00e1ticos y su interacci\u00f3n con la sociedad. Incluye investigaciones en disciplinas como geotecnia, peligros geol\u00f3gicos, exploraci\u00f3n geof\u00edsica y geoqu\u00edmica, paleontolog\u00eda, sedimentolog\u00eda,\u00a0volcanolog\u00eda, meteorolog\u00eda e\u00a0hidrogeolog\u00eda, con aplicaciones en miner\u00eda, energ\u00edas renovables, gesti\u00f3n de los riesgos naturales, patrimonio geol\u00f3gico y [&hellip;]<\/p>\n","protected":false},"author":34,"featured_media":0,"parent":0,"menu_order":0,"comment_status":"closed","ping_status":"closed","template":"","meta":{"_acf_changed":false,"footnotes":""},"class_list":["post-1492","page","type-page","status-publish","hentry"],"acf":[],"yoast_head":"<!-- This site is optimized with the Yoast SEO plugin v26.6 - https:\/\/yoast.com\/wordpress\/plugins\/seo\/ -->\n<title>Geociencias - Instituto de Ciencias de la Ingenier\u00eda<\/title>\n<meta name=\"robots\" content=\"index, follow, max-snippet:-1, max-image-preview:large, max-video-preview:-1\" \/>\n<link rel=\"canonical\" href=\"https:\/\/www.uoh.cl\/instituto-de-ciencias-de-la-ingenieria\/geociencias\/\" \/>\n<meta property=\"og:locale\" content=\"es_ES\" \/>\n<meta property=\"og:type\" content=\"article\" \/>\n<meta property=\"og:title\" content=\"Geociencias - Instituto de Ciencias de la Ingenier\u00eda\" \/>\n<meta property=\"og:description\" content=\"[vc_section el_class=&#8221;container mx-auto align-items-center text-right circle&#8211;pattern&#8221; css=&#8221;.vc_custom_1648956589196{padding-top: 3rem !important;}&#8221;][vc_row][vc_column][vc_wp_custommenu nav_menu=&#8221;9&#8243;][vc_column_text css=&#8221;&#8221;]En esta \u00e1rea trabajamos\u00a0investigaci\u00f3n en procesos geol\u00f3gicos y clim\u00e1ticos y su interacci\u00f3n con la sociedad. Incluye investigaciones en disciplinas como geotecnia, peligros geol\u00f3gicos, exploraci\u00f3n geof\u00edsica y geoqu\u00edmica, paleontolog\u00eda, sedimentolog\u00eda,\u00a0volcanolog\u00eda, meteorolog\u00eda e\u00a0hidrogeolog\u00eda, con aplicaciones en miner\u00eda, energ\u00edas renovables, gesti\u00f3n de los riesgos naturales, patrimonio geol\u00f3gico y [&hellip;]\" \/>\n<meta property=\"og:url\" content=\"https:\/\/www.uoh.cl\/instituto-de-ciencias-de-la-ingenieria\/geociencias\/\" \/>\n<meta property=\"og:site_name\" content=\"Instituto de Ciencias de la Ingenier\u00eda\" \/>\n<meta property=\"article:modified_time\" content=\"2026-03-26T20:36:49+00:00\" \/>\n<meta name=\"twitter:card\" content=\"summary_large_image\" \/>\n<meta name=\"twitter:label1\" content=\"Tiempo estimado de lectura\" \/>\n\t<meta name=\"twitter:data1\" content=\"1 minuto\" \/>\n<script type=\"application\/ld+json\" class=\"yoast-schema-graph\">{\"@context\":\"https:\/\/schema.org\",\"@graph\":[{\"@type\":\"WebPage\",\"@id\":\"https:\/\/www.uoh.cl\/instituto-de-ciencias-de-la-ingenieria\/geociencias\/\",\"url\":\"https:\/\/www.uoh.cl\/instituto-de-ciencias-de-la-ingenieria\/geociencias\/\",\"name\":\"Geociencias - Instituto de Ciencias de la Ingenier\u00eda\",\"isPartOf\":{\"@id\":\"https:\/\/www.uoh.cl\/instituto-de-ciencias-de-la-ingenieria\/#website\"},\"datePublished\":\"2022-07-04T20:45:47+00:00\",\"dateModified\":\"2026-03-26T20:36:49+00:00\",\"inLanguage\":\"es-CL\",\"potentialAction\":[{\"@type\":\"ReadAction\",\"target\":[\"https:\/\/www.uoh.cl\/instituto-de-ciencias-de-la-ingenieria\/geociencias\/\"]}]},{\"@type\":\"WebSite\",\"@id\":\"https:\/\/www.uoh.cl\/instituto-de-ciencias-de-la-ingenieria\/#website\",\"url\":\"https:\/\/www.uoh.cl\/instituto-de-ciencias-de-la-ingenieria\/\",\"name\":\"Instituto de Ciencias de la Ingenier\u00eda\",\"description\":\"Otro sitio de Sitios de Universidad O'higgins\",\"potentialAction\":[{\"@type\":\"SearchAction\",\"target\":{\"@type\":\"EntryPoint\",\"urlTemplate\":\"https:\/\/www.uoh.cl\/instituto-de-ciencias-de-la-ingenieria\/?s={search_term_string}\"},\"query-input\":{\"@type\":\"PropertyValueSpecification\",\"valueRequired\":true,\"valueName\":\"search_term_string\"}}],\"inLanguage\":\"es-CL\"}]}<\/script>\n<!-- \/ Yoast SEO plugin. -->","yoast_head_json":{"title":"Geociencias - Instituto de Ciencias de la Ingenier\u00eda","robots":{"index":"index","follow":"follow","max-snippet":"max-snippet:-1","max-image-preview":"max-image-preview:large","max-video-preview":"max-video-preview:-1"},"canonical":"https:\/\/www.uoh.cl\/instituto-de-ciencias-de-la-ingenieria\/geociencias\/","og_locale":"es_ES","og_type":"article","og_title":"Geociencias - Instituto de Ciencias de la Ingenier\u00eda","og_description":"[vc_section el_class=&#8221;container mx-auto align-items-center text-right circle&#8211;pattern&#8221; css=&#8221;.vc_custom_1648956589196{padding-top: 3rem !important;}&#8221;][vc_row][vc_column][vc_wp_custommenu nav_menu=&#8221;9&#8243;][vc_column_text css=&#8221;&#8221;]En esta \u00e1rea trabajamos\u00a0investigaci\u00f3n en procesos geol\u00f3gicos y clim\u00e1ticos y su interacci\u00f3n con la sociedad. Incluye investigaciones en disciplinas como geotecnia, peligros geol\u00f3gicos, exploraci\u00f3n geof\u00edsica y geoqu\u00edmica, paleontolog\u00eda, sedimentolog\u00eda,\u00a0volcanolog\u00eda, meteorolog\u00eda e\u00a0hidrogeolog\u00eda, con aplicaciones en miner\u00eda, energ\u00edas renovables, gesti\u00f3n de los riesgos naturales, patrimonio geol\u00f3gico y [&hellip;]","og_url":"https:\/\/www.uoh.cl\/instituto-de-ciencias-de-la-ingenieria\/geociencias\/","og_site_name":"Instituto de Ciencias de la Ingenier\u00eda","article_modified_time":"2026-03-26T20:36:49+00:00","twitter_card":"summary_large_image","twitter_misc":{"Tiempo estimado de lectura":"1 minuto"},"schema":{"@context":"https:\/\/schema.org","@graph":[{"@type":"WebPage","@id":"https:\/\/www.uoh.cl\/instituto-de-ciencias-de-la-ingenieria\/geociencias\/","url":"https:\/\/www.uoh.cl\/instituto-de-ciencias-de-la-ingenieria\/geociencias\/","name":"Geociencias - Instituto de Ciencias de la Ingenier\u00eda","isPartOf":{"@id":"https:\/\/www.uoh.cl\/instituto-de-ciencias-de-la-ingenieria\/#website"},"datePublished":"2022-07-04T20:45:47+00:00","dateModified":"2026-03-26T20:36:49+00:00","inLanguage":"es-CL","potentialAction":[{"@type":"ReadAction","target":["https:\/\/www.uoh.cl\/instituto-de-ciencias-de-la-ingenieria\/geociencias\/"]}]},{"@type":"WebSite","@id":"https:\/\/www.uoh.cl\/instituto-de-ciencias-de-la-ingenieria\/#website","url":"https:\/\/www.uoh.cl\/instituto-de-ciencias-de-la-ingenieria\/","name":"Instituto de Ciencias de la Ingenier\u00eda","description":"Otro sitio de Sitios de Universidad O'higgins","potentialAction":[{"@type":"SearchAction","target":{"@type":"EntryPoint","urlTemplate":"https:\/\/www.uoh.cl\/instituto-de-ciencias-de-la-ingenieria\/?s={search_term_string}"},"query-input":{"@type":"PropertyValueSpecification","valueRequired":true,"valueName":"search_term_string"}}],"inLanguage":"es-CL"}]}},"_links":{"self":[{"href":"https:\/\/www.uoh.cl\/instituto-de-ciencias-de-la-ingenieria\/wp-json\/wp\/v2\/pages\/1492","targetHints":{"allow":["GET"]}}],"collection":[{"href":"https:\/\/www.uoh.cl\/instituto-de-ciencias-de-la-ingenieria\/wp-json\/wp\/v2\/pages"}],"about":[{"href":"https:\/\/www.uoh.cl\/instituto-de-ciencias-de-la-ingenieria\/wp-json\/wp\/v2\/types\/page"}],"author":[{"embeddable":true,"href":"https:\/\/www.uoh.cl\/instituto-de-ciencias-de-la-ingenieria\/wp-json\/wp\/v2\/users\/34"}],"replies":[{"embeddable":true,"href":"https:\/\/www.uoh.cl\/instituto-de-ciencias-de-la-ingenieria\/wp-json\/wp\/v2\/comments?post=1492"}],"version-history":[{"count":23,"href":"https:\/\/www.uoh.cl\/instituto-de-ciencias-de-la-ingenieria\/wp-json\/wp\/v2\/pages\/1492\/revisions"}],"predecessor-version":[{"id":8878,"href":"https:\/\/www.uoh.cl\/instituto-de-ciencias-de-la-ingenieria\/wp-json\/wp\/v2\/pages\/1492\/revisions\/8878"}],"wp:attachment":[{"href":"https:\/\/www.uoh.cl\/instituto-de-ciencias-de-la-ingenieria\/wp-json\/wp\/v2\/media?parent=1492"}],"curies":[{"name":"wp","href":"https:\/\/api.w.org\/{rel}","templated":true}]}}