
{"id":34,"date":"2022-04-21T07:07:44","date_gmt":"2022-04-21T10:07:44","guid":{"rendered":"https:\/\/www.uoh.cl\/instituto-de-ciencias-agroalimentarias\/?page_id=34"},"modified":"2024-08-05T12:51:35","modified_gmt":"2024-08-05T15:51:35","slug":"recursos","status":"publish","type":"page","link":"https:\/\/www.uoh.cl\/instituto-de-ciencias-agroalimentarias\/recursos\/","title":{"rendered":"Recursos"},"content":{"rendered":"<div class=\"wpb-content-wrapper\"><p>[vc_section el_class=&#8221;container mx-auto align-items-center text-right circle&#8211;pattern&#8221; css=&#8221;.vc_custom_1648956589196{padding-top: 3rem !important;}&#8221;][vc_row][vc_column][vc_wp_custommenu nav_menu=&#8221;3&#8243;]<div class=\"breadcrumb\"><ol itemscope itemtype=\"https:\/\/schema.org\/BreadcrumbList\"><li itemprop=\"itemListElement\" itemscope itemtype=\"https:\/\/schema.org\/ListItem\"><a itemprop=\"item\" href=\"http:\/\/www.uoh.cl\"><span itemprop=\"name\">Inicio<\/span><\/a><meta itemprop=\"position\" content=\"1\" \/><li itemprop=\"itemListElement\" itemscope itemtype=\"https:\/\/schema.org\/ListItem\"><a itemprop=\"item\" href=\"https:\/\/www.uoh.cl\/instituto-de-ciencias-agroalimentarias\"><span itemprop=\"name\">Instituto de Ciencias Agroalimentarias, Animales y Ambientales<\/span><\/a><meta itemprop=\"position\" content=\"2\" \/><li itemprop=\"itemListElement\" itemscope itemtype=\"https:\/\/schema.org\/ListItem\"><span itemprop=\"name\">Recursos <\/span><meta itemprop=\"position\" content=\"3\" \/><\/ol><\/div><div class=\"uoh_title_component-container\"><h1 class=\"title title--ms d-inline-block title--decorator  big\">Recursos<\/h1><\/div><div class=\"row filter__row m-0 horizontal\"> <form class=\"filter__form p-0 row m-0\" action=\"https:\/\/www.uoh.cl\/instituto-de-ciencias-agroalimentarias\/wp-admin\/admin-ajax.php\" method=\"post\" id=\"filter\"><div class=\"col-12 col-md-6 filter__container-input p-0\"><div class=\"filter__icon-search\"><svg enable-background=\"new 0 0 32 32\" id=\"Editable-line\" version=\"1.1\" viewBox=\"0 0 32 32\" xml:space=\"preserve\" xmlns=\"http:\/\/www.w3.org\/2000\/svg\" xmlns:xlink=\"http:\/\/www.w3.org\/1999\/xlink\"><circle cx=\"14\" cy=\"14\" fill=\"none\" id=\"XMLID_42_\" r=\"9\" stroke=\"#000000\" stroke-linecap=\"round\" stroke-linejoin=\"round\" stroke-miterlimit=\"10\" stroke-width=\"2\"><\/circle><line fill=\"none\" id=\"XMLID_44_\" stroke=\"#000000\" stroke-linecap=\"round\" stroke-linejoin=\"round\" stroke-miterlimit=\"10\" stroke-width=\"2\" x1=\"27\" x2=\"20.366\" y1=\"27\" y2=\"20.366\"><\/line><\/svg><\/div><input type=\"text\" class=\"filter__input\" placeholder=\"Buscar Recursos\" name=\"filter__form-text\" autocomplete=\"off\"\/><\/div><div class=\"col-12 col-md-6 row m-0 justify-content-end p-0\"><input type=\"hidden\" name=\"action\" value=\"uoh_filter\" \/><input type=\"hidden\" name=\"posttype\" value=\"recursos\" \/><div class=\"filter__select text-end col-4\"><select name=\"category\" class=\"filter__form-select\"><option value=\"-1\" class=\"filter__option-title\">Categor\u00edas<\/option><option value=\"80\" >Acreditaci\u00f3n<\/option><option value=\"119\" >Admisi\u00f3n<\/option><option value=\"54\" >Admisi\u00f3n UOH<\/option><option value=\"76\" >Aniversario<\/option><option value=\"8\" >Biodiversidad<\/option><option value=\"60\" >Ciencias Sociales<\/option><option value=\"38\" >Comunidad<\/option><option value=\"101\" >CRUCH<\/option><option value=\"81\" >CUECH<\/option><option value=\"56\" >Deportes<\/option><option value=\"42\" >ECA3<\/option><option value=\"53\" >Educaci\u00f3n<\/option><option value=\"73\" >Explora<\/option><option value=\"55\" >Extensi\u00f3n<\/option><option value=\"121\" >G\u00e9nero<\/option><option value=\"7\" >Hongos<\/option><option value=\"44\" >ICA3<\/option><option value=\"106\" >ICSo<\/option><option value=\"52\" >IEA<\/option><option value=\"82\" >Inclusi\u00f3n<\/option><option value=\"95\" >Ingenier\u00eda<\/option><option value=\"51\" >Ingenier\u00eda UOH<\/option><option value=\"25\" >Institucional<\/option><option value=\"113\" >Internacionalizaci\u00f3n<\/option><option value=\"93\" >Investigaci\u00f3n<\/option><option value=\"114\" >PAR Explora<\/option><option value=\"116\" >Postgrado<\/option><option value=\"96\" >Salud<\/option><option value=\"61\" >Salud UOH<\/option><option value=\"1\" >Sin categor\u00eda<\/option><\/select><\/div><div class=\"loading\"><svg version=\"1.1\" id=\"L5\" xmlns=\"http:\/\/www.w3.org\/2000\/svg\" xmlns:xlink=\"http:\/\/www.w3.org\/1999\/xlink\" x=\"0px\" y=\"0px\" viewBox=\"0 0 100 100\" enable-background=\"new 0 0 0 0\" xml:space=\"preserve\">\n                  <circle fill=\"#42a0f8\" stroke=\"none\" cx=\"6\" cy=\"50\" r=\"6\">\n                    <animateTransform attributeName=\"transform\" dur=\"1s\" type=\"translate\" values=\"0 15 ; 0 -15; 0 15\" repeatCount=\"indefinite\" begin=\"0.1\"><\/animateTransform>\n                  <\/circle>\n                  <circle fill=\"#42a0f8\" stroke=\"none\" cx=\"30\" cy=\"50\" r=\"6\">\n                    <animateTransform attributeName=\"transform\" dur=\"1s\" type=\"translate\" values=\"0 10 ; 0 -10; 0 10\" repeatCount=\"indefinite\" begin=\"0.2\"><\/animateTransform>\n                  <\/circle>\n                  <circle fill=\"#42a0f8\" stroke=\"none\" cx=\"54\" cy=\"50\" r=\"6\">\n                    <animateTransform attributeName=\"transform\" dur=\"1s\" type=\"translate\" values=\"0 5 ; 0 -5; 0 5\" repeatCount=\"indefinite\" begin=\"0.3\"><\/animateTransform>\n                  <\/circle>\n                <\/svg><\/div><button type=\"submit\" class=\"button__arrow\"> <svg version=\"1.1\" xmlns=\"http:\/\/www.w3.org\/2000\/svg\" xmlns:xlink=\"http:\/\/www.w3.org\/1999\/xlink\" x=\"0px\" y=\"0px\" width=\"22px\"height=\"22px\" viewBox=\"0 0 22 22\" style=\"overflow:visible;enable-background:new 0 0 80 64.6;\" xml:space=\"preserve\"><g clip-path=\"url(#acA)\"><path fill-rule=\"evenodd\" d=\"M21.913 11.266a.93.93 0 000-.711c-.022-.056-.063-.097-.091-.144s-.053-.103-.097-.15L12.306.294c-.357-.379-.955-.394-1.334-.038s-.394.955-.038 1.334l7.917 8.374H.927a.95.95 0 00-.908.983.946.946 0 00.908.908h17.924l-8.089 8.552c-.357.379-.341.977.034 1.334s.977.341 1.334-.034l9.594-10.148c.044-.044.063-.1.097-.15.028-.047.069-.088.091-.141z\"\/><\/g><defs><clipPath id=\"acA\"><path fill=\"#fff\" d=\"M0 0h22v22H0z\"\/><\/clipPath><\/defs><\/svg><\/button><\/div><\/form><\/div>[\/vc_column][\/vc_row][\/vc_section][vc_section css=&#8221;.vc_custom_1650785168913{background-color: #f6faff !important;}&#8221; el_class=&#8221;p-md-0&#8243;][vc_row el_class=&#8221;container mx-auto pt-5&#8243;][vc_column]<div class=\"row resource__gap content-holder\"><div class=\"col-md-4 uoh_row mb-4 mt-2\"><div class=\"resource__item row m-0 pe-0\"><div class=\"col-3 row align-items-center\"> <div class=\"link__item-element\"><svg height=\"100%\" style=\"fill-rule:evenodd;clip-rule:evenodd;stroke-linejoin:round;stroke-miterlimit:2;\" version=\"1.1\" viewBox=\"0 0 512 512\" width=\"100%\" xml:space=\"preserve\" xmlns=\"http:\/\/www.w3.org\/2000\/svg\" xmlns:serif=\"http:\/\/www.serif.com\/\" xmlns:xlink=\"http:\/\/www.w3.org\/1999\/xlink\"><path d=\"M501.303,132.765c-5.887,-22.03 -23.235,-39.377 -45.265,-45.265c-39.932,-10.7 -200.038,-10.7 -200.038,-10.7c0,0 -160.107,0 -200.039,10.7c-22.026,5.888 -39.377,23.235 -45.264,45.265c-10.697,39.928 -10.697,123.238 -10.697,123.238c0,0 0,83.308 10.697,123.232c5.887,22.03 23.238,39.382 45.264,45.269c39.932,10.696 200.039,10.696 200.039,10.696c0,0 160.106,0 200.038,-10.696c22.03,-5.887 39.378,-23.239 45.265,-45.269c10.696,-39.924 10.696,-123.232 10.696,-123.232c0,0 0,-83.31 -10.696,-123.238Zm-296.506,200.039l0,-153.603l133.019,76.802l-133.019,76.801Z\" style=\"fill-rule:nonzero;\"\/><\/svg><\/div><div class=\"thumbnail-container-resource\"><img decoding=\"async\" width=\"150\" height=\"150\" data-src=\"https:\/\/www.uoh.cl\/instituto-de-ciencias-agroalimentarias\/wp-content\/uploads\/sites\/25\/2024\/08\/Laboratorio-Inocuidad-alimentaria-150x150.jpg\" class=\"attachment-thumbnail size-thumbnail wp-post-image lazyload\" alt=\"\" src=\"data:image\/svg+xml;base64,PHN2ZyB3aWR0aD0iMSIgaGVpZ2h0PSIxIiB4bWxucz0iaHR0cDovL3d3dy53My5vcmcvMjAwMC9zdmciPjwvc3ZnPg==\" style=\"--smush-placeholder-width: 150px; --smush-placeholder-aspect-ratio: 150\/150;\" \/><\/div><\/div><div class=\"col-9 uoh_row m-0  align-items-center\"><div><span> Tipo de recurso :video<\/span><a href=\"https:\/\/www.youtube.com\/watch?v=KlJQvh4XCLM&amp;ab_channel=UniversidaddeO%27Higgins\" target=\"__blank\"><h3>Laboratorio Inocuidad Alimentaria UOH<\/h3><\/a><\/div><\/div><\/div><\/div><div class=\"col-md-4 uoh_row mb-4 mt-2\"><div class=\"resource__item row m-0 pe-0\"><div class=\"col-3 row align-items-center\"> <div class=\"link__item-element\"><svg height=\"100%\" style=\"fill-rule:evenodd;clip-rule:evenodd;stroke-linejoin:round;stroke-miterlimit:2;\" version=\"1.1\" viewBox=\"0 0 512 512\" width=\"100%\" xml:space=\"preserve\" xmlns=\"http:\/\/www.w3.org\/2000\/svg\" xmlns:serif=\"http:\/\/www.serif.com\/\" xmlns:xlink=\"http:\/\/www.w3.org\/1999\/xlink\"><path d=\"M501.303,132.765c-5.887,-22.03 -23.235,-39.377 -45.265,-45.265c-39.932,-10.7 -200.038,-10.7 -200.038,-10.7c0,0 -160.107,0 -200.039,10.7c-22.026,5.888 -39.377,23.235 -45.264,45.265c-10.697,39.928 -10.697,123.238 -10.697,123.238c0,0 0,83.308 10.697,123.232c5.887,22.03 23.238,39.382 45.264,45.269c39.932,10.696 200.039,10.696 200.039,10.696c0,0 160.106,0 200.038,-10.696c22.03,-5.887 39.378,-23.239 45.265,-45.269c10.696,-39.924 10.696,-123.232 10.696,-123.232c0,0 0,-83.31 -10.696,-123.238Zm-296.506,200.039l0,-153.603l133.019,76.802l-133.019,76.801Z\" style=\"fill-rule:nonzero;\"\/><\/svg><\/div><div class=\"thumbnail-container-resource\"><img decoding=\"async\" width=\"150\" height=\"150\" data-src=\"https:\/\/www.uoh.cl\/instituto-de-ciencias-agroalimentarias\/wp-content\/uploads\/sites\/25\/2022\/04\/Screen-Shot-2022-04-23-at-20.10.40-150x150.png\" class=\"attachment-thumbnail size-thumbnail wp-post-image lazyload\" alt=\"\" src=\"data:image\/svg+xml;base64,PHN2ZyB3aWR0aD0iMSIgaGVpZ2h0PSIxIiB4bWxucz0iaHR0cDovL3d3dy53My5vcmcvMjAwMC9zdmciPjwvc3ZnPg==\" style=\"--smush-placeholder-width: 150px; --smush-placeholder-aspect-ratio: 150\/150;\" \/><\/div><\/div><div class=\"col-9 uoh_row m-0  align-items-center\"><div><span> Tipo de recurso :video<\/span><a href=\"https:\/\/www.youtube.com\/watch?v=YkuHJxjSQQg\" target=\"__blank\"><h3>Tracking Targeting Conserving Soil Biodiversity 1<\/h3><\/a><\/div><\/div><\/div><\/div><div class=\"col-md-4 uoh_row mb-4 mt-2\"><div class=\"resource__item row m-0 pe-0\"><div class=\"col-3 row align-items-center\"> <div class=\"link__item-element\"><?xml version=\"1.0\" ?><svg viewBox=\"0 0 24 24\" xmlns=\"http:\/\/www.w3.org\/2000\/svg\"><title\/><path d=\"M9,21.5A7,7,0,0,1,4.05,9.59L9.7,4a5,5,0,0,1,7.06,0,5,5,0,0,1,0,7.05l-5.65,5.63a3,3,0,0,1-4.23,0A3,3,0,0,1,6,14.53a3,3,0,0,1,.87-2.12l5.65-5.63a1,1,0,0,1,1.42,0,1,1,0,0,1,0,1.41L8.29,13.82a1,1,0,0,0,0,1.41,1,1,0,0,0,1.41,0l5.65-5.64a3,3,0,0,0,0-4.21,3,3,0,0,0-4.24,0L5.46,11a5,5,0,0,0,0,7,5,5,0,0,0,7.06,0l7.77-7.74a1,1,0,0,1,1.42,0,1,1,0,0,1,0,1.41l-7.77,7.75A7,7,0,0,1,9,21.5Z\" fill=\"#464646\"\/><\/svg><\/div><div class=\"thumbnail-container-resource\"><img decoding=\"async\" width=\"150\" height=\"150\" data-src=\"https:\/\/www.uoh.cl\/instituto-de-ciencias-agroalimentarias\/wp-content\/uploads\/sites\/25\/2022\/04\/Screen-Shot-2022-04-23-at-19.54.02-150x150.png\" class=\"attachment-thumbnail size-thumbnail wp-post-image lazyload\" alt=\"\" src=\"data:image\/svg+xml;base64,PHN2ZyB3aWR0aD0iMSIgaGVpZ2h0PSIxIiB4bWxucz0iaHR0cDovL3d3dy53My5vcmcvMjAwMC9zdmciPjwvc3ZnPg==\" style=\"--smush-placeholder-width: 150px; --smush-placeholder-aspect-ratio: 150\/150;\" \/><\/div><\/div><div class=\"col-9 uoh_row m-0  align-items-center\"><div><span> Tipo de recurso :link<\/span><a href=\"https:\/\/drive.google.com\/file\/d\/1j5UZx55AuXTCBE8N0_lmGoX-QaEttudo\/view\" target=\"__blank\"><h3>Gu\u00eda de Buenas Pr\u00e1cticas para la prevenci\u00f3n de hongos y micotoxinas en alimentos<\/h3><\/a><\/div><\/div><\/div><\/div><\/div>[\/vc_column][\/vc_row][\/vc_section][vc_section css=&#8221;.vc_custom_1649210787516{background-color: #f6faff !important;}&#8221; el_class=&#8221;p-md-0 pt-md-5 pb-md-5&#8243;][vc_row el_class=&#8221;container mx-auto align-items-center text-right&#8221;][vc_column][\/vc_column][\/vc_row][\/vc_section]<\/p>\n<\/div>","protected":false},"excerpt":{"rendered":"<p>[vc_section el_class=&#8221;container mx-auto align-items-center text-right circle&#8211;pattern&#8221; css=&#8221;.vc_custom_1648956589196{padding-top: 3rem !important;}&#8221;][vc_row][vc_column][vc_wp_custommenu nav_menu=&#8221;3&#8243;][\/vc_column][\/vc_row][\/vc_section][vc_section css=&#8221;.vc_custom_1650785168913{background-color: #f6faff !important;}&#8221; el_class=&#8221;p-md-0&#8243;][vc_row el_class=&#8221;container mx-auto pt-5&#8243;][vc_column][\/vc_column][\/vc_row][\/vc_section][vc_section css=&#8221;.vc_custom_1649210787516{background-color: #f6faff !important;}&#8221; el_class=&#8221;p-md-0 pt-md-5 pb-md-5&#8243;][vc_row el_class=&#8221;container mx-auto align-items-center text-right&#8221;][vc_column][\/vc_column][\/vc_row][\/vc_section]<\/p>\n","protected":false},"author":34,"featured_media":0,"parent":0,"menu_order":0,"comment_status":"closed","ping_status":"closed","template":"","meta":{"_acf_changed":false,"footnotes":""},"class_list":["post-34","page","type-page","status-publish","hentry"],"acf":[],"yoast_head":"<!-- This site is optimized with the Yoast SEO plugin v26.6 - https:\/\/yoast.com\/wordpress\/plugins\/seo\/ -->\n<title>Recursos - Instituto de Ciencias Agroalimentarias, Animales y Ambientales<\/title>\n<meta name=\"robots\" content=\"index, follow, max-snippet:-1, max-image-preview:large, max-video-preview:-1\" \/>\n<link rel=\"canonical\" href=\"https:\/\/www.uoh.cl\/instituto-de-ciencias-agroalimentarias\/recursos\/\" \/>\n<meta property=\"og:locale\" content=\"es_ES\" \/>\n<meta property=\"og:type\" content=\"article\" \/>\n<meta property=\"og:title\" content=\"Recursos - Instituto de Ciencias Agroalimentarias, Animales y Ambientales\" \/>\n<meta property=\"og:description\" content=\"[vc_section el_class=&#8221;container mx-auto align-items-center text-right circle&#8211;pattern&#8221; css=&#8221;.vc_custom_1648956589196{padding-top: 3rem !important;}&#8221;][vc_row][vc_column][vc_wp_custommenu nav_menu=&#8221;3&#8243;][\/vc_column][\/vc_row][\/vc_section][vc_section css=&#8221;.vc_custom_1650785168913{background-color: #f6faff !important;}&#8221; el_class=&#8221;p-md-0&#8243;][vc_row el_class=&#8221;container mx-auto pt-5&#8243;][vc_column][\/vc_column][\/vc_row][\/vc_section][vc_section css=&#8221;.vc_custom_1649210787516{background-color: #f6faff !important;}&#8221; el_class=&#8221;p-md-0 pt-md-5 pb-md-5&#8243;][vc_row el_class=&#8221;container mx-auto align-items-center text-right&#8221;][vc_column][\/vc_column][\/vc_row][\/vc_section]\" \/>\n<meta property=\"og:url\" content=\"https:\/\/www.uoh.cl\/instituto-de-ciencias-agroalimentarias\/recursos\/\" \/>\n<meta property=\"og:site_name\" content=\"Instituto de Ciencias Agroalimentarias, Animales y Ambientales\" \/>\n<meta property=\"article:modified_time\" content=\"2024-08-05T15:51:35+00:00\" \/>\n<meta name=\"twitter:card\" content=\"summary_large_image\" \/>\n<meta name=\"twitter:label1\" content=\"Tiempo estimado de lectura\" \/>\n\t<meta name=\"twitter:data1\" content=\"1 minuto\" \/>\n<script type=\"application\/ld+json\" class=\"yoast-schema-graph\">{\"@context\":\"https:\/\/schema.org\",\"@graph\":[{\"@type\":\"WebPage\",\"@id\":\"https:\/\/www.uoh.cl\/instituto-de-ciencias-agroalimentarias\/recursos\/\",\"url\":\"https:\/\/www.uoh.cl\/instituto-de-ciencias-agroalimentarias\/recursos\/\",\"name\":\"Recursos - Instituto de Ciencias Agroalimentarias, Animales y Ambientales\",\"isPartOf\":{\"@id\":\"https:\/\/www.uoh.cl\/instituto-de-ciencias-agroalimentarias\/#website\"},\"datePublished\":\"2022-04-21T10:07:44+00:00\",\"dateModified\":\"2024-08-05T15:51:35+00:00\",\"inLanguage\":\"es-CL\",\"potentialAction\":[{\"@type\":\"ReadAction\",\"target\":[\"https:\/\/www.uoh.cl\/instituto-de-ciencias-agroalimentarias\/recursos\/\"]}]},{\"@type\":\"WebSite\",\"@id\":\"https:\/\/www.uoh.cl\/instituto-de-ciencias-agroalimentarias\/#website\",\"url\":\"https:\/\/www.uoh.cl\/instituto-de-ciencias-agroalimentarias\/\",\"name\":\"Instituto de Ciencias Agroalimentarias, Animales y Ambientales\",\"description\":\"Otro sitio de Sitios de Universidad O'higgins\",\"potentialAction\":[{\"@type\":\"SearchAction\",\"target\":{\"@type\":\"EntryPoint\",\"urlTemplate\":\"https:\/\/www.uoh.cl\/instituto-de-ciencias-agroalimentarias\/?s={search_term_string}\"},\"query-input\":{\"@type\":\"PropertyValueSpecification\",\"valueRequired\":true,\"valueName\":\"search_term_string\"}}],\"inLanguage\":\"es-CL\"}]}<\/script>\n<!-- \/ Yoast SEO plugin. -->","yoast_head_json":{"title":"Recursos - Instituto de Ciencias Agroalimentarias, Animales y Ambientales","robots":{"index":"index","follow":"follow","max-snippet":"max-snippet:-1","max-image-preview":"max-image-preview:large","max-video-preview":"max-video-preview:-1"},"canonical":"https:\/\/www.uoh.cl\/instituto-de-ciencias-agroalimentarias\/recursos\/","og_locale":"es_ES","og_type":"article","og_title":"Recursos - Instituto de Ciencias Agroalimentarias, Animales y Ambientales","og_description":"[vc_section el_class=&#8221;container mx-auto align-items-center text-right circle&#8211;pattern&#8221; css=&#8221;.vc_custom_1648956589196{padding-top: 3rem !important;}&#8221;][vc_row][vc_column][vc_wp_custommenu nav_menu=&#8221;3&#8243;][\/vc_column][\/vc_row][\/vc_section][vc_section css=&#8221;.vc_custom_1650785168913{background-color: #f6faff !important;}&#8221; el_class=&#8221;p-md-0&#8243;][vc_row el_class=&#8221;container mx-auto pt-5&#8243;][vc_column][\/vc_column][\/vc_row][\/vc_section][vc_section css=&#8221;.vc_custom_1649210787516{background-color: #f6faff !important;}&#8221; el_class=&#8221;p-md-0 pt-md-5 pb-md-5&#8243;][vc_row el_class=&#8221;container mx-auto align-items-center text-right&#8221;][vc_column][\/vc_column][\/vc_row][\/vc_section]","og_url":"https:\/\/www.uoh.cl\/instituto-de-ciencias-agroalimentarias\/recursos\/","og_site_name":"Instituto de Ciencias Agroalimentarias, Animales y Ambientales","article_modified_time":"2024-08-05T15:51:35+00:00","twitter_card":"summary_large_image","twitter_misc":{"Tiempo estimado de lectura":"1 minuto"},"schema":{"@context":"https:\/\/schema.org","@graph":[{"@type":"WebPage","@id":"https:\/\/www.uoh.cl\/instituto-de-ciencias-agroalimentarias\/recursos\/","url":"https:\/\/www.uoh.cl\/instituto-de-ciencias-agroalimentarias\/recursos\/","name":"Recursos - Instituto de Ciencias Agroalimentarias, Animales y Ambientales","isPartOf":{"@id":"https:\/\/www.uoh.cl\/instituto-de-ciencias-agroalimentarias\/#website"},"datePublished":"2022-04-21T10:07:44+00:00","dateModified":"2024-08-05T15:51:35+00:00","inLanguage":"es-CL","potentialAction":[{"@type":"ReadAction","target":["https:\/\/www.uoh.cl\/instituto-de-ciencias-agroalimentarias\/recursos\/"]}]},{"@type":"WebSite","@id":"https:\/\/www.uoh.cl\/instituto-de-ciencias-agroalimentarias\/#website","url":"https:\/\/www.uoh.cl\/instituto-de-ciencias-agroalimentarias\/","name":"Instituto de Ciencias Agroalimentarias, Animales y Ambientales","description":"Otro sitio de Sitios de Universidad O'higgins","potentialAction":[{"@type":"SearchAction","target":{"@type":"EntryPoint","urlTemplate":"https:\/\/www.uoh.cl\/instituto-de-ciencias-agroalimentarias\/?s={search_term_string}"},"query-input":{"@type":"PropertyValueSpecification","valueRequired":true,"valueName":"search_term_string"}}],"inLanguage":"es-CL"}]}},"_links":{"self":[{"href":"https:\/\/www.uoh.cl\/instituto-de-ciencias-agroalimentarias\/wp-json\/wp\/v2\/pages\/34","targetHints":{"allow":["GET"]}}],"collection":[{"href":"https:\/\/www.uoh.cl\/instituto-de-ciencias-agroalimentarias\/wp-json\/wp\/v2\/pages"}],"about":[{"href":"https:\/\/www.uoh.cl\/instituto-de-ciencias-agroalimentarias\/wp-json\/wp\/v2\/types\/page"}],"author":[{"embeddable":true,"href":"https:\/\/www.uoh.cl\/instituto-de-ciencias-agroalimentarias\/wp-json\/wp\/v2\/users\/34"}],"replies":[{"embeddable":true,"href":"https:\/\/www.uoh.cl\/instituto-de-ciencias-agroalimentarias\/wp-json\/wp\/v2\/comments?post=34"}],"version-history":[{"count":6,"href":"https:\/\/www.uoh.cl\/instituto-de-ciencias-agroalimentarias\/wp-json\/wp\/v2\/pages\/34\/revisions"}],"predecessor-version":[{"id":164,"href":"https:\/\/www.uoh.cl\/instituto-de-ciencias-agroalimentarias\/wp-json\/wp\/v2\/pages\/34\/revisions\/164"}],"wp:attachment":[{"href":"https:\/\/www.uoh.cl\/instituto-de-ciencias-agroalimentarias\/wp-json\/wp\/v2\/media?parent=34"}],"curies":[{"name":"wp","href":"https:\/\/api.w.org\/{rel}","templated":true}]}}