
{"id":1387,"date":"2022-07-04T17:24:04","date_gmt":"2022-07-04T20:24:04","guid":{"rendered":"https:\/\/www.uoh.cl\/instituto-de-ciencias-agroalimentarias\/?page_id=1387"},"modified":"2023-07-11T12:51:48","modified_gmt":"2023-07-11T15:51:48","slug":"ciencias-ambientales","status":"publish","type":"page","link":"https:\/\/www.uoh.cl\/instituto-de-ciencias-agroalimentarias\/ciencias-ambientales\/","title":{"rendered":"Ciencias Ambientales"},"content":{"rendered":"<div class=\"wpb-content-wrapper\"><p>[vc_section el_class=&#8221;container mx-auto align-items-center text-right circle&#8211;pattern&#8221; css=&#8221;.vc_custom_1648956589196{padding-top: 3rem !important;}&#8221;][vc_row el_class=&#8221;pb-5&#8243;][vc_column][vc_wp_custommenu nav_menu=&#8221;6&#8243;]<div class=\"breadcrumb\"><ol itemscope itemtype=\"https:\/\/schema.org\/BreadcrumbList\"><li itemprop=\"itemListElement\" itemscope itemtype=\"https:\/\/schema.org\/ListItem\"><a itemprop=\"item\" href=\"http:\/\/www.uoh.cl\"><span itemprop=\"name\">Inicio<\/span><\/a><meta itemprop=\"position\" content=\"1\" \/><li itemprop=\"itemListElement\" itemscope itemtype=\"https:\/\/schema.org\/ListItem\"><a itemprop=\"item\" href=\"https:\/\/www.uoh.cl\/instituto-de-ciencias-agroalimentarias\"><span itemprop=\"name\">Instituto de Ciencias Agroalimentarias, Animales y Ambientales<\/span><\/a><meta itemprop=\"position\" content=\"2\" \/><li itemprop=\"itemListElement\" itemscope itemtype=\"https:\/\/schema.org\/ListItem\"><span itemprop=\"name\">Ciencias Ambientales <\/span><meta itemprop=\"position\" content=\"3\" \/><\/ol><\/div>[vc_single_image image=&#8221;3626&#8243; img_size=&#8221;large&#8221;][vc_column_text]<\/p>\n<p>&nbsp;<\/p>\n<p>[\/vc_column_text]<div class=\"uoh_title_component-container\"><h2 class=\"title title--ms d-inline-block title--decorator  medium\">Ambiente y Sociedad<\/h2><\/div>[vc_column_text]El \u00e1rea de Ambiente y Sociedad analiza la interacci\u00f3n entre los sistemas sociales y ecol\u00f3gicos. Se enfoca en comprender c\u00f3mo las actividades humanas impactan en la salud de los ecosistemas y la biodiversidad. Adem\u00e1s, estudia c\u00f3mo los cambios ambientales afectan a las comunidades humanas y c\u00f3mo estas se podr\u00edan adaptar y transformar.<\/p>\n<h4><strong>L\u00edneas:<\/strong><\/h4>\n<p><strong>1. Restauraci\u00f3n socioecol\u00f3gica de ecosistemas<\/strong><\/p>\n<p><em>Acad\u00e9micas\/os: <\/em>\u00a0Claudia Rojas, Alejandro Venegas.<\/p>\n<p><em>Investigadoras\/es Postdoctorales: <\/em>Mat\u00edas Barcel\u00f3.<\/p>\n<p><strong>2. Transformaci\u00f3n de territorios cordilleranos en el contexto del cambio clim\u00e1tico<\/strong><\/p>\n<p><em>Investigadoras\/es Postdoctorales: <\/em>Hans Fern\u00e1ndez.<\/p>\n<p>[\/vc_column_text][vc_zigzag color=&#8221;white&#8221;]<div class=\"uoh_title_component-container\"><h2 class=\"title title--ms d-inline-block title--decorator  medium\">Gesti\u00f3n de Residuos Org\u00e1nicos <\/h2><\/div>[vc_column_text]Esta \u00e1rea se centra en el estudio de los residuos de origen silvoagropecuario, basando su an\u00e1lisis en aspectos como la generaci\u00f3n, caracterizaci\u00f3n, minimizaci\u00f3n y v\u00edas de valorizaci\u00f3n y disposici\u00f3n final de estos. Se aborda con particular \u00e9nfasis la optimizaci\u00f3n de procesos y la producci\u00f3n de enmiendas y sustratos para distintos usos.<\/p>\n<h4><strong>L\u00edneas:\u00a0<\/strong><\/h4>\n<p><strong>1. Generaci\u00f3n y caracterizaci\u00f3n de residuos silvoagropecuarios<\/strong><\/p>\n<p><em>Acad\u00e9micas\/os: <\/em>Andrea M\u00fcller, Jorge Medina<\/p>\n<p><strong>2. Tratamiento biol\u00f3gico, mec\u00e1nico y t\u00e9rmico de residuos org\u00e1nicos<\/strong><\/p>\n<p><em>Acad\u00e9micas\/os: <\/em>Jorge Medina<\/p>\n<p><strong>3. Aplicaciones agroambientales de enmiendas org\u00e1nicas<\/strong><\/p>\n<p><em>Acad\u00e9micas\/os<\/em>: Humberto Aponte, Jorge Medina, Claudia Rojas[\/vc_column_text][vc_zigzag color=&#8221;white&#8221;]<div class=\"uoh_title_component-container\"><h2 class=\"title title--ms d-inline-block title--decorator  medium\">Biogeoqu\u00edmica <\/h2><\/div>[vc_column_text]El \u00e1rea de Biogeoqu\u00edmica centra su investigaci\u00f3n en el estudio del funcionamiento de los ecosistemas acu\u00e1ticos y terrestres, con el fin de mejorar las predicciones de las respuestas de los ecosistemas al cambio clim\u00e1tico, promover la gesti\u00f3n sostenible de los recursos naturales y desarrollar estrategias innovadoras para la restauraci\u00f3n de los ecosistemas.<\/p>\n<h4><strong>L\u00edneas:<\/strong><\/h4>\n<p><strong>1. Biogeoqu\u00edmica acu\u00e1tica<\/strong><\/p>\n<p><em>Acad\u00e9micas\/os: <\/em>Morgane Derrien<\/p>\n<p><em>Investigadoras\/es Postdoctorales: <\/em>Amine Boukra<\/p>\n<p><strong>2. Biogeoqu\u00edmica de suelos<\/strong><\/p>\n<p><em>Acad\u00e9micas\/os: <\/em>Humberto Aponte,\u00a0Jorge Medina,\u00a0Claudia Rojas[\/vc_column_text][vc_zigzag color=&#8221;white&#8221;]<div class=\"uoh_title_component-container\"><h2 class=\"title title--ms d-inline-block title--decorator  medium\">Tratamiento de Aguas <\/h2><\/div>[vc_column_text]El \u00e1rea de Tratamiento de Aguas centra su investigaci\u00f3n en el estudio de tecnolog\u00edas convencionales y no convencionales para la eliminaci\u00f3n de nutrientes, materia org\u00e1nica, agentes microbiol\u00f3gicos, contaminantes prioritarios y emergentes en aguas servidas de origen dom\u00e9stico e industrial, con la finalidad de conservar y preservar los recursos h\u00eddricos.<\/p>\n<h4><strong>L\u00edneas:<\/strong><\/h4>\n<p><strong>1. Sistemas de tratamientos basados en la naturaleza<\/strong><\/p>\n<p><em>Acad\u00e9micas\/os: <\/em>Carolina Reyes<\/p>\n<p><strong>2. Procesos de oxidaci\u00f3n avanzada<\/strong><\/p>\n<p><em>Investigadoras\/es Postdoctorales:<\/em> Felipe Puga<\/p>\n<p><strong>3. Reutilizaci\u00f3n de aguas con fines agr\u00edcolas<\/strong><\/p>\n<p><em>Acad\u00e9micas\/os:<\/em> Carolina Reyes<\/p>\n<p><em>Investigadoras\/es Postdoctorales:<\/em> Felipe Puga[\/vc_column_text][vc_zigzag color=&#8221;white&#8221;]<div class=\"uoh_title_component-container\"><h2 class=\"title title--ms d-inline-block title--decorator  medium\">Ecolog\u00eda y Biogeograf\u00eda <\/h2><\/div>[vc_column_text]Esta \u00e1rea de investigaci\u00f3n se centra en el estudio de los patrones, estructura y procesos ecol\u00f3gicos relacionados con la din\u00e1mica natural de los ecosistemas terrestres y su biodiversidad, con un \u00e9nfasis especial en la comprensi\u00f3n de la resiliencia y vulnerabilidad de estos ecosistemas frente a las condiciones actuales y futuras del cambio clim\u00e1tico.<\/p>\n<h4><strong>L\u00edneas:<\/strong><\/h4>\n<p><strong>1. Din\u00e1mica y funcionamiento de bosques<\/strong><\/p>\n<p><em>Acad\u00e9micas\/os: <\/em>Carolina \u00c1lvarez, Alejandro Venegas<\/p>\n<p><strong>2. Gen\u00e9tica de poblaciones (plasticidad fenot\u00edpica y gen\u00e9tica)\u00a0<\/strong><\/p>\n<p><em>Acad\u00e9micas\/os: <\/em>Rodrigo Contreras<\/p>\n<p><strong>3. Dendrocronolog\u00eda<\/strong><\/p>\n<p><em>Acad\u00e9micas\/os: <\/em>Alejandro Venegas<\/p>\n<p><strong>4. Ecolog\u00eda microbiana de suelos<\/strong><\/p>\n<p><em>Acad\u00e9micas\/os<\/em>: Humberto Aponte, Claudia Rojas[\/vc_column_text][vc_zigzag color=&#8221;white&#8221;]<div class=\"uoh_title_component-container\"><h2 class=\"title title--ms d-inline-block title--decorator  medium\">Ambiente de Alta Monta\u00f1a<\/h2><\/div>[vc_column_text]El \u00e1rea de Ambiente de Alta Monta\u00f1a busca comprender desde un abordaje integral las respuestas de los Andes de Chile central a los cambios clim\u00e1ticos pasados y presentes, con el fin de proyectar la evoluci\u00f3n de la alta monta\u00f1a y los ambientes glaciales\/periglaciales en un contexto del calentamiento y desecamiento regional.<\/p>\n<h4><strong>L\u00edneas:<\/strong><\/h4>\n<p><strong>1. Geomorfolog\u00eda glacial y paleoclima del Cuaternario<\/strong><\/p>\n<p><em>Investigadoras\/es Postdoctorales:<\/em> Hans Fern\u00e1ndez<\/p>\n<p><strong>2. Riesgos de alta monta\u00f1a<\/strong><\/p>\n<p><em>Investigadoras\/es Postdoctorales:<\/em> Hans Fern\u00e1ndez<\/p>\n<p><strong>3. Din\u00e1mica de permafrost<\/strong><\/p>\n<p>Acad\u00e9micas\/os: Morgane Derrien, Claudia Rojas<\/p>\n<p><em>Investigadoras\/es Postdoctorales:<\/em> Hans Fern\u00e1ndez.[\/vc_column_text][vc_zigzag color=&#8221;white&#8221;]<div class=\"uoh_title_component-container\"><h2 class=\"title title--ms d-inline-block title--decorator  medium\">Contaminaci\u00f3n Ambiental<\/h2><\/div>[vc_column_text]Esta \u00e1rea se enfoca en el estudio de contaminantes qu\u00edmicos y biol\u00f3gicos en sistemas acu\u00e1ticos y terrestres, evaluando su origen, din\u00e1mica y transporte, sus efectos sobre los seres vivos, y las potenciales herramientas tecnol\u00f3gicas a ser aplicadas en programas de remediaci\u00f3n, con el objetivo de contribuir a la toma de decisiones pertinentes.<\/p>\n<h4><strong>L\u00edneas:<\/strong><\/h4>\n<p><strong>1. Contaminaci\u00f3n y remediaci\u00f3n de suelos:\u00a0<\/strong><\/p>\n<p>Acad\u00e9micas\/os: Humberto Aponte, Jorge Medina, Claudia Rojas<\/p>\n<p><em>Investigadoras\/es Postdoctorales: <\/em>Yoelvis Sulbaran<\/p>\n<p><strong>2. Contaminaci\u00f3n del agua:<\/strong><\/p>\n<p><em>Acad\u00e9micas\/os<\/em>: Morgane Derrien, Carolina Reyes<\/p>\n<p><em>Investigadoras\/es Postdoctorales<\/em>: Amine Boukra<\/p>\n<p><strong>3. Epidemiolog\u00eda ambiental:\u00a0<\/strong><\/p>\n<p><em>Acad\u00e9micas\/os<\/em>: Gabriel Arriagada<\/p>\n<p><strong>4. Ecotoxicolog\u00eda:\u00a0<\/strong><\/p>\n<p><em>Acad\u00e9micas\/os<\/em>: Humberto Aponte, Gabriel Arriagada, Morgane Derrien, Claudia Foerster, Andrea M\u00fcller<\/p>\n<p><em>Investigadoras\/es Postdoctorales<\/em>: Amine Boukra.[\/vc_column_text][vc_zigzag color=&#8221;white&#8221;][\/vc_column][\/vc_row][\/vc_section][vc_section css=&#8221;.vc_custom_1649209804184{background-color: #f6faff !important;}&#8221; el_class=&#8221;p-md-0 pt-md-5&#8243;][vc_row el_class=&#8221;container mx-auto align-items-center text-right p-md-0 pt-5&#8243;][vc_column el_class=&#8221;p-0&#8243;][\/vc_column][\/vc_row][\/vc_section][vc_section css=&#8221;.vc_custom_1649210787516{background-color: #f6faff !important;}&#8221; el_class=&#8221;p-md-0 pt-md-5 pb-md-5&#8243;][vc_row el_class=&#8221;container mx-auto align-items-center text-right&#8221;][vc_column][\/vc_column][\/vc_row][\/vc_section]<\/p>\n<\/div>","protected":false},"excerpt":{"rendered":"<p>[vc_section el_class=&#8221;container mx-auto align-items-center text-right circle&#8211;pattern&#8221; css=&#8221;.vc_custom_1648956589196{padding-top: 3rem !important;}&#8221;][vc_row el_class=&#8221;pb-5&#8243;][vc_column][vc_wp_custommenu nav_menu=&#8221;6&#8243;][vc_single_image image=&#8221;3626&#8243; img_size=&#8221;large&#8221;][vc_column_text] &nbsp; [\/vc_column_text][vc_column_text]El \u00e1rea de Ambiente y Sociedad analiza la interacci\u00f3n entre los sistemas sociales y ecol\u00f3gicos. Se enfoca en comprender c\u00f3mo las actividades humanas impactan en la salud de los ecosistemas y la biodiversidad. Adem\u00e1s, estudia c\u00f3mo los cambios ambientales afectan a [&hellip;]<\/p>\n","protected":false},"author":34,"featured_media":0,"parent":0,"menu_order":0,"comment_status":"closed","ping_status":"closed","template":"","meta":{"_acf_changed":false,"footnotes":""},"class_list":["post-1387","page","type-page","status-publish","hentry"],"acf":[],"yoast_head":"<!-- This site is optimized with the Yoast SEO plugin v26.6 - https:\/\/yoast.com\/wordpress\/plugins\/seo\/ -->\n<title>Ciencias Ambientales - Instituto de Ciencias Agroalimentarias, Animales y Ambientales<\/title>\n<meta name=\"robots\" content=\"index, follow, max-snippet:-1, max-image-preview:large, max-video-preview:-1\" \/>\n<link rel=\"canonical\" href=\"https:\/\/www.uoh.cl\/instituto-de-ciencias-agroalimentarias\/ciencias-ambientales\/\" \/>\n<meta property=\"og:locale\" content=\"es_ES\" \/>\n<meta property=\"og:type\" content=\"article\" \/>\n<meta property=\"og:title\" content=\"Ciencias Ambientales - Instituto de Ciencias Agroalimentarias, Animales y Ambientales\" \/>\n<meta property=\"og:description\" content=\"[vc_section el_class=&#8221;container mx-auto align-items-center text-right circle&#8211;pattern&#8221; css=&#8221;.vc_custom_1648956589196{padding-top: 3rem !important;}&#8221;][vc_row el_class=&#8221;pb-5&#8243;][vc_column][vc_wp_custommenu nav_menu=&#8221;6&#8243;][vc_single_image image=&#8221;3626&#8243; img_size=&#8221;large&#8221;][vc_column_text] &nbsp; [\/vc_column_text][vc_column_text]El \u00e1rea de Ambiente y Sociedad analiza la interacci\u00f3n entre los sistemas sociales y ecol\u00f3gicos. Se enfoca en comprender c\u00f3mo las actividades humanas impactan en la salud de los ecosistemas y la biodiversidad. Adem\u00e1s, estudia c\u00f3mo los cambios ambientales afectan a [&hellip;]\" \/>\n<meta property=\"og:url\" content=\"https:\/\/www.uoh.cl\/instituto-de-ciencias-agroalimentarias\/ciencias-ambientales\/\" \/>\n<meta property=\"og:site_name\" content=\"Instituto de Ciencias Agroalimentarias, Animales y Ambientales\" \/>\n<meta property=\"article:modified_time\" content=\"2023-07-11T15:51:48+00:00\" \/>\n<meta name=\"twitter:card\" content=\"summary_large_image\" \/>\n<meta name=\"twitter:label1\" content=\"Tiempo estimado de lectura\" \/>\n\t<meta name=\"twitter:data1\" content=\"4 minutos\" \/>\n<script type=\"application\/ld+json\" class=\"yoast-schema-graph\">{\"@context\":\"https:\/\/schema.org\",\"@graph\":[{\"@type\":\"WebPage\",\"@id\":\"https:\/\/www.uoh.cl\/instituto-de-ciencias-agroalimentarias\/ciencias-ambientales\/\",\"url\":\"https:\/\/www.uoh.cl\/instituto-de-ciencias-agroalimentarias\/ciencias-ambientales\/\",\"name\":\"Ciencias Ambientales - Instituto de Ciencias Agroalimentarias, Animales y Ambientales\",\"isPartOf\":{\"@id\":\"https:\/\/www.uoh.cl\/instituto-de-ciencias-agroalimentarias\/#website\"},\"datePublished\":\"2022-07-04T20:24:04+00:00\",\"dateModified\":\"2023-07-11T15:51:48+00:00\",\"inLanguage\":\"es-CL\",\"potentialAction\":[{\"@type\":\"ReadAction\",\"target\":[\"https:\/\/www.uoh.cl\/instituto-de-ciencias-agroalimentarias\/ciencias-ambientales\/\"]}]},{\"@type\":\"WebSite\",\"@id\":\"https:\/\/www.uoh.cl\/instituto-de-ciencias-agroalimentarias\/#website\",\"url\":\"https:\/\/www.uoh.cl\/instituto-de-ciencias-agroalimentarias\/\",\"name\":\"Instituto de Ciencias Agroalimentarias, Animales y Ambientales\",\"description\":\"Otro sitio de Sitios de Universidad O'higgins\",\"potentialAction\":[{\"@type\":\"SearchAction\",\"target\":{\"@type\":\"EntryPoint\",\"urlTemplate\":\"https:\/\/www.uoh.cl\/instituto-de-ciencias-agroalimentarias\/?s={search_term_string}\"},\"query-input\":{\"@type\":\"PropertyValueSpecification\",\"valueRequired\":true,\"valueName\":\"search_term_string\"}}],\"inLanguage\":\"es-CL\"}]}<\/script>\n<!-- \/ Yoast SEO plugin. -->","yoast_head_json":{"title":"Ciencias Ambientales - Instituto de Ciencias Agroalimentarias, Animales y Ambientales","robots":{"index":"index","follow":"follow","max-snippet":"max-snippet:-1","max-image-preview":"max-image-preview:large","max-video-preview":"max-video-preview:-1"},"canonical":"https:\/\/www.uoh.cl\/instituto-de-ciencias-agroalimentarias\/ciencias-ambientales\/","og_locale":"es_ES","og_type":"article","og_title":"Ciencias Ambientales - Instituto de Ciencias Agroalimentarias, Animales y Ambientales","og_description":"[vc_section el_class=&#8221;container mx-auto align-items-center text-right circle&#8211;pattern&#8221; css=&#8221;.vc_custom_1648956589196{padding-top: 3rem !important;}&#8221;][vc_row el_class=&#8221;pb-5&#8243;][vc_column][vc_wp_custommenu nav_menu=&#8221;6&#8243;][vc_single_image image=&#8221;3626&#8243; img_size=&#8221;large&#8221;][vc_column_text] &nbsp; [\/vc_column_text][vc_column_text]El \u00e1rea de Ambiente y Sociedad analiza la interacci\u00f3n entre los sistemas sociales y ecol\u00f3gicos. Se enfoca en comprender c\u00f3mo las actividades humanas impactan en la salud de los ecosistemas y la biodiversidad. Adem\u00e1s, estudia c\u00f3mo los cambios ambientales afectan a [&hellip;]","og_url":"https:\/\/www.uoh.cl\/instituto-de-ciencias-agroalimentarias\/ciencias-ambientales\/","og_site_name":"Instituto de Ciencias Agroalimentarias, Animales y Ambientales","article_modified_time":"2023-07-11T15:51:48+00:00","twitter_card":"summary_large_image","twitter_misc":{"Tiempo estimado de lectura":"4 minutos"},"schema":{"@context":"https:\/\/schema.org","@graph":[{"@type":"WebPage","@id":"https:\/\/www.uoh.cl\/instituto-de-ciencias-agroalimentarias\/ciencias-ambientales\/","url":"https:\/\/www.uoh.cl\/instituto-de-ciencias-agroalimentarias\/ciencias-ambientales\/","name":"Ciencias Ambientales - Instituto de Ciencias Agroalimentarias, Animales y Ambientales","isPartOf":{"@id":"https:\/\/www.uoh.cl\/instituto-de-ciencias-agroalimentarias\/#website"},"datePublished":"2022-07-04T20:24:04+00:00","dateModified":"2023-07-11T15:51:48+00:00","inLanguage":"es-CL","potentialAction":[{"@type":"ReadAction","target":["https:\/\/www.uoh.cl\/instituto-de-ciencias-agroalimentarias\/ciencias-ambientales\/"]}]},{"@type":"WebSite","@id":"https:\/\/www.uoh.cl\/instituto-de-ciencias-agroalimentarias\/#website","url":"https:\/\/www.uoh.cl\/instituto-de-ciencias-agroalimentarias\/","name":"Instituto de Ciencias Agroalimentarias, Animales y Ambientales","description":"Otro sitio de Sitios de Universidad O'higgins","potentialAction":[{"@type":"SearchAction","target":{"@type":"EntryPoint","urlTemplate":"https:\/\/www.uoh.cl\/instituto-de-ciencias-agroalimentarias\/?s={search_term_string}"},"query-input":{"@type":"PropertyValueSpecification","valueRequired":true,"valueName":"search_term_string"}}],"inLanguage":"es-CL"}]}},"_links":{"self":[{"href":"https:\/\/www.uoh.cl\/instituto-de-ciencias-agroalimentarias\/wp-json\/wp\/v2\/pages\/1387","targetHints":{"allow":["GET"]}}],"collection":[{"href":"https:\/\/www.uoh.cl\/instituto-de-ciencias-agroalimentarias\/wp-json\/wp\/v2\/pages"}],"about":[{"href":"https:\/\/www.uoh.cl\/instituto-de-ciencias-agroalimentarias\/wp-json\/wp\/v2\/types\/page"}],"author":[{"embeddable":true,"href":"https:\/\/www.uoh.cl\/instituto-de-ciencias-agroalimentarias\/wp-json\/wp\/v2\/users\/34"}],"replies":[{"embeddable":true,"href":"https:\/\/www.uoh.cl\/instituto-de-ciencias-agroalimentarias\/wp-json\/wp\/v2\/comments?post=1387"}],"version-history":[{"count":7,"href":"https:\/\/www.uoh.cl\/instituto-de-ciencias-agroalimentarias\/wp-json\/wp\/v2\/pages\/1387\/revisions"}],"predecessor-version":[{"id":3629,"href":"https:\/\/www.uoh.cl\/instituto-de-ciencias-agroalimentarias\/wp-json\/wp\/v2\/pages\/1387\/revisions\/3629"}],"wp:attachment":[{"href":"https:\/\/www.uoh.cl\/instituto-de-ciencias-agroalimentarias\/wp-json\/wp\/v2\/media?parent=1387"}],"curies":[{"name":"wp","href":"https:\/\/api.w.org\/{rel}","templated":true}]}}