
{"id":1382,"date":"2022-07-04T17:16:59","date_gmt":"2022-07-04T20:16:59","guid":{"rendered":"https:\/\/www.uoh.cl\/instituto-de-ciencias-agroalimentarias\/?page_id=1382"},"modified":"2023-08-16T17:03:21","modified_gmt":"2023-08-16T20:03:21","slug":"ciencias-animales","status":"publish","type":"page","link":"https:\/\/www.uoh.cl\/instituto-de-ciencias-agroalimentarias\/ciencias-animales\/","title":{"rendered":"Ciencias Animales"},"content":{"rendered":"<div class=\"wpb-content-wrapper\"><p>[vc_section el_class=&#8221;container mx-auto align-items-center text-right circle&#8211;pattern&#8221; css=&#8221;.vc_custom_1648956589196{padding-top: 3rem !important;}&#8221;][vc_row el_class=&#8221;pb-5&#8243;][vc_column][vc_wp_custommenu nav_menu=&#8221;6&#8243;]<div class=\"breadcrumb\"><ol itemscope itemtype=\"https:\/\/schema.org\/BreadcrumbList\"><li itemprop=\"itemListElement\" itemscope itemtype=\"https:\/\/schema.org\/ListItem\"><a itemprop=\"item\" href=\"http:\/\/www.uoh.cl\"><span itemprop=\"name\">Inicio<\/span><\/a><meta itemprop=\"position\" content=\"1\" \/><li itemprop=\"itemListElement\" itemscope itemtype=\"https:\/\/schema.org\/ListItem\"><a itemprop=\"item\" href=\"https:\/\/www.uoh.cl\/instituto-de-ciencias-agroalimentarias\"><span itemprop=\"name\">Instituto de Ciencias Agroalimentarias, Animales y Ambientales<\/span><\/a><meta itemprop=\"position\" content=\"2\" \/><li itemprop=\"itemListElement\" itemscope itemtype=\"https:\/\/schema.org\/ListItem\"><span itemprop=\"name\">Ciencias Animales <\/span><meta itemprop=\"position\" content=\"3\" \/><\/ol><\/div>[vc_single_image image=&#8221;1383&#8243; img_size=&#8221;large&#8221;][vc_column_text]<\/p>\n<p>&nbsp;<\/p>\n<p>[\/vc_column_text]<div class=\"uoh_title_component-container\"><h2 class=\"title title--ms d-inline-block title--decorator  medium\">\u00c1rea Producci\u00f3n Pecuaria Sostenible<\/h2><\/div>[vc_column_text]La producci\u00f3n de alimentos, bienes y servicios de origen animal para ser sostenible econ\u00f3mica, ambiental y socialmente en el siglo 21 debe resolver una serie de desaf\u00edos. Para afrontar estos desaf\u00edos, el \u00e1rea de producci\u00f3n pecuaria se enfoca en el estudio y la investigaci\u00f3n, a trav\u00e9s de ciencia b\u00e1sica y aplicada, de aquellas variables bi\u00f3ticas y abi\u00f3ticas con impacto sobre los sistemas productivos pecuarios. As\u00ed, desde las ciencias de la nutrici\u00f3n, comportamiento y bienestar animal se busca contribuir al desarrollo sostenible de los procesos de producci\u00f3n de una manera \u00e9tica y con \u00e9nfasis en aquellas producciones de relevancia regional.<\/p>\n<p><strong>L\u00edneas de investigaci\u00f3n:<\/strong><\/p>\n<ol>\n<li>Etolog\u00eda aplicada y bienestar animal. <em>IP: Jaime Figueroa.<\/em><\/li>\n<li>Manejo sostenible de sistemas pecuarios. <em>IP: Paula Toro.<\/em><\/li>\n<li>Alimentaci\u00f3n y nutrici\u00f3n animal. <em>IP: Paula Toro, Jaime Figueroa.<\/em><\/li>\n<li>Producci\u00f3n de cerdos. <em>IP: Jaime Figueroa.<\/em><\/li>\n<li>Conducta alimentaria. <em>IP: Jaime Figueroa<\/em><\/li>\n<li>Producci\u00f3n Ap\u00edcola. <em>IP: Andrea M\u00fcller<\/em><\/li>\n<\/ol>\n<p>[\/vc_column_text][vc_zigzag color=&#8221;white&#8221;]<div class=\"uoh_title_component-container\"><h2 class=\"title title--ms d-inline-block title--decorator  medium\">\u00c1rea Una Salud<\/h2><\/div>[vc_column_text]El \u00e1rea \u201cUna Salud\u201d lleva a cabo investigaci\u00f3n de excelencia de tipo colaborativa, multi e interdisciplinaria en materias de salud animal, salud p\u00fablica y salud ambiental, reconociendo la necesidad de la interacci\u00f3n de investigadores de diferentes disciplinas y especialidades para el logro de soluciones sustentables en el largo plazo. Los investigadores del \u00e1rea \u201cUna Salud\u201d se dedican al estudio de temas de gran relevancia como es el consumo de antimicrobianos en animales, la resistencia antimicrobiana, la inocuidad de los alimentos y las zoonosis.<\/p>\n<p><strong>L\u00edneas de investigaci\u00f3n:<\/strong><\/p>\n<ol>\n<li>Desarrollo, diseminaci\u00f3n e impactos de la resistencia a los antimicrobianos de origen animal. <em>IP: Gabriel Arriagada, Andrea M\u00fcller.<\/em><\/li>\n<li>Reducci\u00f3n del uso de antimicrobianos en animales dom\u00e9sticos. IP: Andrea M\u00fcller, Gabriel Arriagada.<\/li>\n<li>Inocuidad de los alimentos. <em>IP: Claudia Foerster, Paula Toro<\/em>.<\/li>\n<li>Farmacolog\u00eda de productos naturales. <em>IP: Andrea M\u00fcller.<\/em><\/li>\n<li>Zoonosis. <em>IP: Gemma Rojo, Gabriel Arriagada.<\/em><\/li>\n<li>Interacciones humano-fauna silvestre. <em>IP: Gemma Rojo<\/em>.<\/li>\n<li>M\u00e9todos epidemiol\u00f3gicos. <em>IP: Gabriel Arriagada.<\/em><\/li>\n<li>Epidemiolog\u00eda ambiental. <em>IP: Gabriel Arriagada.<\/em><\/li>\n<li>Sanidad de fauna silvestre. <em>IP Gemma Rojo.<\/em><\/li>\n<\/ol>\n<p>[\/vc_column_text][vc_zigzag color=&#8221;white&#8221;][vc_column_text]<\/p>\n<p>[\/vc_column_text]<div class=\"uoh_title_component-container\"><h2 class=\"title title--ms d-inline-block title--decorator  medium\">\u00c1rea Fauna Silvestre<\/h2><\/div>[vc_column_text]\u00c1rea que se preocupa principalmente de la investigaci\u00f3n en ecolog\u00eda y el manejo de vida silvestre, particularmente en relaci\u00f3n con temas asociados a la conservaci\u00f3n de especies, el monitoreo de sus poblaciones, la transmisi\u00f3n de enfermedades desde reservorios silvestres a los animales dom\u00e9sticos y\/o humanos y finalmente, la compatibilizaci\u00f3n de actividades productivas con la conservaci\u00f3n de fauna silvestre, en la Regi\u00f3n de O\u2019Higgins.<\/p>\n<h4><strong>L\u00edneas de investigaci\u00f3n:<\/strong><\/h4>\n<ol>\n<li>Reservorios silvestres. <em>IP: Gemma Rojo.<\/em><\/li>\n<li>Ecolog\u00eda de la conservaci\u00f3n y cambio clim\u00e1tico. <em>IP: Gemma Rojo.<\/em><\/li>\n<li>Rehabilitaci\u00f3n y sanidad de fauna silvestre. IP: Gemma Rojo.<\/li>\n<li>Biodiversidad y Ecolog\u00eda de Ecosistemas de Humedales. <em>IP: Gemma Rojo, Claudia Foerster.<\/em><\/li>\n<\/ol>\n<p>[\/vc_column_text][vc_column_text]<\/p>\n<p>[\/vc_column_text][\/vc_column][\/vc_row][\/vc_section][vc_section css=&#8221;.vc_custom_1649209804184{background-color: #f6faff !important;}&#8221; el_class=&#8221;p-md-0 pt-md-5&#8243;][vc_row el_class=&#8221;container mx-auto align-items-center text-right p-md-0 pt-5&#8243;][vc_column el_class=&#8221;p-0&#8243;][\/vc_column][\/vc_row][\/vc_section][vc_section css=&#8221;.vc_custom_1649210787516{background-color: #f6faff !important;}&#8221; el_class=&#8221;p-md-0 pt-md-5 pb-md-5&#8243;][vc_row el_class=&#8221;container mx-auto align-items-center text-right&#8221;][vc_column][\/vc_column][\/vc_row][\/vc_section]<\/p>\n<\/div>","protected":false},"excerpt":{"rendered":"<p>[vc_section el_class=&#8221;container mx-auto align-items-center text-right circle&#8211;pattern&#8221; css=&#8221;.vc_custom_1648956589196{padding-top: 3rem !important;}&#8221;][vc_row el_class=&#8221;pb-5&#8243;][vc_column][vc_wp_custommenu nav_menu=&#8221;6&#8243;][vc_single_image image=&#8221;1383&#8243; img_size=&#8221;large&#8221;][vc_column_text] &nbsp; [\/vc_column_text][vc_column_text]La producci\u00f3n de alimentos, bienes y servicios de origen animal para ser sostenible econ\u00f3mica, ambiental y socialmente en el siglo 21 debe resolver una serie de desaf\u00edos. Para afrontar estos desaf\u00edos, el \u00e1rea de producci\u00f3n pecuaria se enfoca en el estudio [&hellip;]<\/p>\n","protected":false},"author":34,"featured_media":0,"parent":0,"menu_order":0,"comment_status":"closed","ping_status":"closed","template":"","meta":{"_acf_changed":false,"footnotes":""},"class_list":["post-1382","page","type-page","status-publish","hentry"],"acf":[],"yoast_head":"<!-- This site is optimized with the Yoast SEO plugin v26.6 - https:\/\/yoast.com\/wordpress\/plugins\/seo\/ -->\n<title>Ciencias Animales - Instituto de Ciencias Agroalimentarias, Animales y Ambientales<\/title>\n<meta name=\"robots\" content=\"index, follow, max-snippet:-1, max-image-preview:large, max-video-preview:-1\" \/>\n<link rel=\"canonical\" href=\"https:\/\/www.uoh.cl\/instituto-de-ciencias-agroalimentarias\/ciencias-animales\/\" \/>\n<meta property=\"og:locale\" content=\"es_ES\" \/>\n<meta property=\"og:type\" content=\"article\" \/>\n<meta property=\"og:title\" content=\"Ciencias Animales - Instituto de Ciencias Agroalimentarias, Animales y Ambientales\" \/>\n<meta property=\"og:description\" content=\"[vc_section el_class=&#8221;container mx-auto align-items-center text-right circle&#8211;pattern&#8221; css=&#8221;.vc_custom_1648956589196{padding-top: 3rem !important;}&#8221;][vc_row el_class=&#8221;pb-5&#8243;][vc_column][vc_wp_custommenu nav_menu=&#8221;6&#8243;][vc_single_image image=&#8221;1383&#8243; img_size=&#8221;large&#8221;][vc_column_text] &nbsp; [\/vc_column_text][vc_column_text]La producci\u00f3n de alimentos, bienes y servicios de origen animal para ser sostenible econ\u00f3mica, ambiental y socialmente en el siglo 21 debe resolver una serie de desaf\u00edos. Para afrontar estos desaf\u00edos, el \u00e1rea de producci\u00f3n pecuaria se enfoca en el estudio [&hellip;]\" \/>\n<meta property=\"og:url\" content=\"https:\/\/www.uoh.cl\/instituto-de-ciencias-agroalimentarias\/ciencias-animales\/\" \/>\n<meta property=\"og:site_name\" content=\"Instituto de Ciencias Agroalimentarias, Animales y Ambientales\" \/>\n<meta property=\"article:modified_time\" content=\"2023-08-16T20:03:21+00:00\" \/>\n<meta name=\"twitter:card\" content=\"summary_large_image\" \/>\n<meta name=\"twitter:label1\" content=\"Tiempo estimado de lectura\" \/>\n\t<meta name=\"twitter:data1\" content=\"3 minutos\" \/>\n<script type=\"application\/ld+json\" class=\"yoast-schema-graph\">{\"@context\":\"https:\/\/schema.org\",\"@graph\":[{\"@type\":\"WebPage\",\"@id\":\"https:\/\/www.uoh.cl\/instituto-de-ciencias-agroalimentarias\/ciencias-animales\/\",\"url\":\"https:\/\/www.uoh.cl\/instituto-de-ciencias-agroalimentarias\/ciencias-animales\/\",\"name\":\"Ciencias Animales - Instituto de Ciencias Agroalimentarias, Animales y Ambientales\",\"isPartOf\":{\"@id\":\"https:\/\/www.uoh.cl\/instituto-de-ciencias-agroalimentarias\/#website\"},\"datePublished\":\"2022-07-04T20:16:59+00:00\",\"dateModified\":\"2023-08-16T20:03:21+00:00\",\"inLanguage\":\"es-CL\",\"potentialAction\":[{\"@type\":\"ReadAction\",\"target\":[\"https:\/\/www.uoh.cl\/instituto-de-ciencias-agroalimentarias\/ciencias-animales\/\"]}]},{\"@type\":\"WebSite\",\"@id\":\"https:\/\/www.uoh.cl\/instituto-de-ciencias-agroalimentarias\/#website\",\"url\":\"https:\/\/www.uoh.cl\/instituto-de-ciencias-agroalimentarias\/\",\"name\":\"Instituto de Ciencias Agroalimentarias, Animales y Ambientales\",\"description\":\"Otro sitio de Sitios de Universidad O'higgins\",\"potentialAction\":[{\"@type\":\"SearchAction\",\"target\":{\"@type\":\"EntryPoint\",\"urlTemplate\":\"https:\/\/www.uoh.cl\/instituto-de-ciencias-agroalimentarias\/?s={search_term_string}\"},\"query-input\":{\"@type\":\"PropertyValueSpecification\",\"valueRequired\":true,\"valueName\":\"search_term_string\"}}],\"inLanguage\":\"es-CL\"}]}<\/script>\n<!-- \/ Yoast SEO plugin. -->","yoast_head_json":{"title":"Ciencias Animales - Instituto de Ciencias Agroalimentarias, Animales y Ambientales","robots":{"index":"index","follow":"follow","max-snippet":"max-snippet:-1","max-image-preview":"max-image-preview:large","max-video-preview":"max-video-preview:-1"},"canonical":"https:\/\/www.uoh.cl\/instituto-de-ciencias-agroalimentarias\/ciencias-animales\/","og_locale":"es_ES","og_type":"article","og_title":"Ciencias Animales - Instituto de Ciencias Agroalimentarias, Animales y Ambientales","og_description":"[vc_section el_class=&#8221;container mx-auto align-items-center text-right circle&#8211;pattern&#8221; css=&#8221;.vc_custom_1648956589196{padding-top: 3rem !important;}&#8221;][vc_row el_class=&#8221;pb-5&#8243;][vc_column][vc_wp_custommenu nav_menu=&#8221;6&#8243;][vc_single_image image=&#8221;1383&#8243; img_size=&#8221;large&#8221;][vc_column_text] &nbsp; [\/vc_column_text][vc_column_text]La producci\u00f3n de alimentos, bienes y servicios de origen animal para ser sostenible econ\u00f3mica, ambiental y socialmente en el siglo 21 debe resolver una serie de desaf\u00edos. Para afrontar estos desaf\u00edos, el \u00e1rea de producci\u00f3n pecuaria se enfoca en el estudio [&hellip;]","og_url":"https:\/\/www.uoh.cl\/instituto-de-ciencias-agroalimentarias\/ciencias-animales\/","og_site_name":"Instituto de Ciencias Agroalimentarias, Animales y Ambientales","article_modified_time":"2023-08-16T20:03:21+00:00","twitter_card":"summary_large_image","twitter_misc":{"Tiempo estimado de lectura":"3 minutos"},"schema":{"@context":"https:\/\/schema.org","@graph":[{"@type":"WebPage","@id":"https:\/\/www.uoh.cl\/instituto-de-ciencias-agroalimentarias\/ciencias-animales\/","url":"https:\/\/www.uoh.cl\/instituto-de-ciencias-agroalimentarias\/ciencias-animales\/","name":"Ciencias Animales - Instituto de Ciencias Agroalimentarias, Animales y Ambientales","isPartOf":{"@id":"https:\/\/www.uoh.cl\/instituto-de-ciencias-agroalimentarias\/#website"},"datePublished":"2022-07-04T20:16:59+00:00","dateModified":"2023-08-16T20:03:21+00:00","inLanguage":"es-CL","potentialAction":[{"@type":"ReadAction","target":["https:\/\/www.uoh.cl\/instituto-de-ciencias-agroalimentarias\/ciencias-animales\/"]}]},{"@type":"WebSite","@id":"https:\/\/www.uoh.cl\/instituto-de-ciencias-agroalimentarias\/#website","url":"https:\/\/www.uoh.cl\/instituto-de-ciencias-agroalimentarias\/","name":"Instituto de Ciencias Agroalimentarias, Animales y Ambientales","description":"Otro sitio de Sitios de Universidad O'higgins","potentialAction":[{"@type":"SearchAction","target":{"@type":"EntryPoint","urlTemplate":"https:\/\/www.uoh.cl\/instituto-de-ciencias-agroalimentarias\/?s={search_term_string}"},"query-input":{"@type":"PropertyValueSpecification","valueRequired":true,"valueName":"search_term_string"}}],"inLanguage":"es-CL"}]}},"_links":{"self":[{"href":"https:\/\/www.uoh.cl\/instituto-de-ciencias-agroalimentarias\/wp-json\/wp\/v2\/pages\/1382","targetHints":{"allow":["GET"]}}],"collection":[{"href":"https:\/\/www.uoh.cl\/instituto-de-ciencias-agroalimentarias\/wp-json\/wp\/v2\/pages"}],"about":[{"href":"https:\/\/www.uoh.cl\/instituto-de-ciencias-agroalimentarias\/wp-json\/wp\/v2\/types\/page"}],"author":[{"embeddable":true,"href":"https:\/\/www.uoh.cl\/instituto-de-ciencias-agroalimentarias\/wp-json\/wp\/v2\/users\/34"}],"replies":[{"embeddable":true,"href":"https:\/\/www.uoh.cl\/instituto-de-ciencias-agroalimentarias\/wp-json\/wp\/v2\/comments?post=1382"}],"version-history":[{"count":4,"href":"https:\/\/www.uoh.cl\/instituto-de-ciencias-agroalimentarias\/wp-json\/wp\/v2\/pages\/1382\/revisions"}],"predecessor-version":[{"id":3720,"href":"https:\/\/www.uoh.cl\/instituto-de-ciencias-agroalimentarias\/wp-json\/wp\/v2\/pages\/1382\/revisions\/3720"}],"wp:attachment":[{"href":"https:\/\/www.uoh.cl\/instituto-de-ciencias-agroalimentarias\/wp-json\/wp\/v2\/media?parent=1382"}],"curies":[{"name":"wp","href":"https:\/\/api.w.org\/{rel}","templated":true}]}}