
{"id":1378,"date":"2022-07-04T16:49:18","date_gmt":"2022-07-04T19:49:18","guid":{"rendered":"https:\/\/www.uoh.cl\/instituto-de-ciencias-agroalimentarias\/?page_id=1378"},"modified":"2023-07-18T17:21:24","modified_gmt":"2023-07-18T20:21:24","slug":"ciencias-alimentarias","status":"publish","type":"page","link":"https:\/\/www.uoh.cl\/instituto-de-ciencias-agroalimentarias\/ciencias-alimentarias\/","title":{"rendered":"Ciencias Alimentarias"},"content":{"rendered":"<div class=\"wpb-content-wrapper\"><p>[vc_section el_class=&#8221;container mx-auto align-items-center text-right circle&#8211;pattern&#8221; css=&#8221;.vc_custom_1648956589196{padding-top: 3rem !important;}&#8221;][vc_row el_class=&#8221;pb-5&#8243;][vc_column][vc_wp_custommenu nav_menu=&#8221;6&#8243;]<div class=\"breadcrumb\"><ol itemscope itemtype=\"https:\/\/schema.org\/BreadcrumbList\"><li itemprop=\"itemListElement\" itemscope itemtype=\"https:\/\/schema.org\/ListItem\"><a itemprop=\"item\" href=\"http:\/\/www.uoh.cl\"><span itemprop=\"name\">Inicio<\/span><\/a><meta itemprop=\"position\" content=\"1\" \/><li itemprop=\"itemListElement\" itemscope itemtype=\"https:\/\/schema.org\/ListItem\"><a itemprop=\"item\" href=\"https:\/\/www.uoh.cl\/instituto-de-ciencias-agroalimentarias\"><span itemprop=\"name\">Instituto de Ciencias Agroalimentarias, Animales y Ambientales<\/span><\/a><meta itemprop=\"position\" content=\"2\" \/><li itemprop=\"itemListElement\" itemscope itemtype=\"https:\/\/schema.org\/ListItem\"><span itemprop=\"name\">Ciencias Alimentarias <\/span><meta itemprop=\"position\" content=\"3\" \/><\/ol><\/div><div class=\"uoh_title_component-container\"><h1 class=\"title title--ms d-inline-block title--decorator  big\">Ciencias Alimentarias<\/h1><\/div>[vc_single_image image=&#8221;3636&#8243; img_size=&#8221;large&#8221;][vc_column_text]<\/p>\n<p>&nbsp;<\/p>\n<p>[\/vc_column_text]<div class=\"uoh_title_component-container\"><h2 class=\"title title--ms d-inline-block title--decorator  medium\">\u00c1rea Inocuidad de los Alimentos<\/h2><\/div>[vc_column_text]Con esta \u00e1rea se espera contribuir a la producci\u00f3n de alimentos inocuos en la regi\u00f3n de O\u2019Higgins, Chile y el mundo, mediante el monitoreo y control de los peligros qu\u00edmicos y microbiol\u00f3gicos presentes en los alimentos, la evaluaci\u00f3n y priorizaci\u00f3n de los riesgos alimentarios y la prevenci\u00f3n de enfermedades transmitidas por los alimentos mediante la educaci\u00f3n y el establecimiento de una cultura de inocuidad alimentaria en la poblaci\u00f3n.<\/p>\n<p><strong>L\u00edneas de investigaci\u00f3n<\/strong><\/p>\n<ol>\n<li>An\u00e1lisis de peligros qu\u00edmicos y microbiol\u00f3gicos de los alimentos.<br \/>\n<em>Acad\u00e9micas\/os: Claudia Foerster.<\/em><\/li>\n<li>Calidad microbiol\u00f3gica del agua.<br \/>\n<em>Acad\u00e9micas\/os: Claudia Foerster<\/em><\/li>\n<li>Evaluaci\u00f3n de la exposici\u00f3n y riesgos alimentarios.<br \/>\n<em>Acad\u00e9micas\/os: Claudia Foerster.<\/em><\/li>\n<\/ol>\n<p>[\/vc_column_text][vc_column_text]<\/p>\n<p>&nbsp;<\/p>\n<p>[\/vc_column_text]<div class=\"uoh_title_component-container\"><h2 class=\"title title--ms d-inline-block title--decorator  medium\">\u00c1rea Calidad de los alimentos<\/h2><\/div>[vc_column_text]Esta \u00e1rea de investigaci\u00f3n se preocupa del an\u00e1lisis de la calidad instrumental, sensorial y nutricional de los productos agropecuarios, a trav\u00e9s de t\u00e9cnicas convencionales de evaluaci\u00f3n de alimentos y a trav\u00e9s de la espectroscopia del infrarrojo cercano (NIRS). El prop\u00f3sito del an\u00e1lisis de los alimentos es buscar asociaciones entre calidad organol\u00e9ptica y nutricional, estrategias de alimentaci\u00f3n o fertilizaci\u00f3n, pr\u00e1cticas de manejo de las explotaciones, aceptaci\u00f3n de los productos por los consumidores y determinar c\u00f3mo los cambios en la composici\u00f3n nutricional de los alimentos se asocian a efectos en la salud.<\/p>\n<p><strong>L\u00edneas de investigaci\u00f3n<\/strong><\/p>\n<ol>\n<li>Calidad de productos pecuarios.<br \/>\n<em>Acad\u00e9micas\/os: Paula Toro Mujica.<\/em><\/li>\n<li>An\u00e1lisis de la calidad y caracter\u00edsticas de la miel.<br \/>\n<em>Acad\u00e9micas\/os: Andrea M\u00fcller.<\/em><\/li>\n<li>Calidad de fruta.<br \/>\n<em>Acad\u00e9micas\/os: Catalina Pinto, Karen Mesa.<\/em><\/li>\n<\/ol>\n<p>[\/vc_column_text][vc_column_text]<\/p>\n<p>&nbsp;<\/p>\n<p>[\/vc_column_text][\/vc_column][\/vc_row][\/vc_section][vc_section css=&#8221;.vc_custom_1649209804184{background-color: #f6faff !important;}&#8221; el_class=&#8221;p-md-0 pt-md-5&#8243;][vc_row el_class=&#8221;container mx-auto align-items-center text-right p-md-0 pt-5&#8243;][vc_column el_class=&#8221;p-0&#8243;][\/vc_column][\/vc_row][\/vc_section][vc_section css=&#8221;.vc_custom_1649210787516{background-color: #f6faff !important;}&#8221; el_class=&#8221;p-md-0 pt-md-5 pb-md-5&#8243;][vc_row el_class=&#8221;container mx-auto align-items-center text-right&#8221;][vc_column][\/vc_column][\/vc_row][\/vc_section]<\/p>\n<\/div>","protected":false},"excerpt":{"rendered":"<p>[vc_section el_class=&#8221;container mx-auto align-items-center text-right circle&#8211;pattern&#8221; css=&#8221;.vc_custom_1648956589196{padding-top: 3rem !important;}&#8221;][vc_row el_class=&#8221;pb-5&#8243;][vc_column][vc_wp_custommenu nav_menu=&#8221;6&#8243;][vc_single_image image=&#8221;3636&#8243; img_size=&#8221;large&#8221;][vc_column_text] &nbsp; [\/vc_column_text][vc_column_text]Con esta \u00e1rea se espera contribuir a la producci\u00f3n de alimentos inocuos en la regi\u00f3n de O\u2019Higgins, Chile y el mundo, mediante el monitoreo y control de los peligros qu\u00edmicos y microbiol\u00f3gicos presentes en los alimentos, la evaluaci\u00f3n y priorizaci\u00f3n de [&hellip;]<\/p>\n","protected":false},"author":34,"featured_media":0,"parent":0,"menu_order":0,"comment_status":"closed","ping_status":"closed","template":"","meta":{"_acf_changed":false,"footnotes":""},"class_list":["post-1378","page","type-page","status-publish","hentry"],"acf":[],"yoast_head":"<!-- This site is optimized with the Yoast SEO plugin v26.6 - https:\/\/yoast.com\/wordpress\/plugins\/seo\/ -->\n<title>Ciencias Alimentarias - Instituto de Ciencias Agroalimentarias, Animales y Ambientales<\/title>\n<meta name=\"robots\" content=\"index, follow, max-snippet:-1, max-image-preview:large, max-video-preview:-1\" \/>\n<link rel=\"canonical\" href=\"https:\/\/www.uoh.cl\/instituto-de-ciencias-agroalimentarias\/ciencias-alimentarias\/\" \/>\n<meta property=\"og:locale\" content=\"es_ES\" \/>\n<meta property=\"og:type\" content=\"article\" \/>\n<meta property=\"og:title\" content=\"Ciencias Alimentarias - Instituto de Ciencias Agroalimentarias, Animales y Ambientales\" \/>\n<meta property=\"og:description\" content=\"[vc_section el_class=&#8221;container mx-auto align-items-center text-right circle&#8211;pattern&#8221; css=&#8221;.vc_custom_1648956589196{padding-top: 3rem !important;}&#8221;][vc_row el_class=&#8221;pb-5&#8243;][vc_column][vc_wp_custommenu nav_menu=&#8221;6&#8243;][vc_single_image image=&#8221;3636&#8243; img_size=&#8221;large&#8221;][vc_column_text] &nbsp; [\/vc_column_text][vc_column_text]Con esta \u00e1rea se espera contribuir a la producci\u00f3n de alimentos inocuos en la regi\u00f3n de O\u2019Higgins, Chile y el mundo, mediante el monitoreo y control de los peligros qu\u00edmicos y microbiol\u00f3gicos presentes en los alimentos, la evaluaci\u00f3n y priorizaci\u00f3n de [&hellip;]\" \/>\n<meta property=\"og:url\" content=\"https:\/\/www.uoh.cl\/instituto-de-ciencias-agroalimentarias\/ciencias-alimentarias\/\" \/>\n<meta property=\"og:site_name\" content=\"Instituto de Ciencias Agroalimentarias, Animales y Ambientales\" \/>\n<meta property=\"article:modified_time\" content=\"2023-07-18T20:21:24+00:00\" \/>\n<meta name=\"twitter:card\" content=\"summary_large_image\" \/>\n<meta name=\"twitter:label1\" content=\"Tiempo estimado de lectura\" \/>\n\t<meta name=\"twitter:data1\" content=\"2 minutos\" \/>\n<script type=\"application\/ld+json\" class=\"yoast-schema-graph\">{\"@context\":\"https:\/\/schema.org\",\"@graph\":[{\"@type\":\"WebPage\",\"@id\":\"https:\/\/www.uoh.cl\/instituto-de-ciencias-agroalimentarias\/ciencias-alimentarias\/\",\"url\":\"https:\/\/www.uoh.cl\/instituto-de-ciencias-agroalimentarias\/ciencias-alimentarias\/\",\"name\":\"Ciencias Alimentarias - Instituto de Ciencias Agroalimentarias, Animales y Ambientales\",\"isPartOf\":{\"@id\":\"https:\/\/www.uoh.cl\/instituto-de-ciencias-agroalimentarias\/#website\"},\"datePublished\":\"2022-07-04T19:49:18+00:00\",\"dateModified\":\"2023-07-18T20:21:24+00:00\",\"inLanguage\":\"es-CL\",\"potentialAction\":[{\"@type\":\"ReadAction\",\"target\":[\"https:\/\/www.uoh.cl\/instituto-de-ciencias-agroalimentarias\/ciencias-alimentarias\/\"]}]},{\"@type\":\"WebSite\",\"@id\":\"https:\/\/www.uoh.cl\/instituto-de-ciencias-agroalimentarias\/#website\",\"url\":\"https:\/\/www.uoh.cl\/instituto-de-ciencias-agroalimentarias\/\",\"name\":\"Instituto de Ciencias Agroalimentarias, Animales y Ambientales\",\"description\":\"Otro sitio de Sitios de Universidad O'higgins\",\"potentialAction\":[{\"@type\":\"SearchAction\",\"target\":{\"@type\":\"EntryPoint\",\"urlTemplate\":\"https:\/\/www.uoh.cl\/instituto-de-ciencias-agroalimentarias\/?s={search_term_string}\"},\"query-input\":{\"@type\":\"PropertyValueSpecification\",\"valueRequired\":true,\"valueName\":\"search_term_string\"}}],\"inLanguage\":\"es-CL\"}]}<\/script>\n<!-- \/ Yoast SEO plugin. -->","yoast_head_json":{"title":"Ciencias Alimentarias - Instituto de Ciencias Agroalimentarias, Animales y Ambientales","robots":{"index":"index","follow":"follow","max-snippet":"max-snippet:-1","max-image-preview":"max-image-preview:large","max-video-preview":"max-video-preview:-1"},"canonical":"https:\/\/www.uoh.cl\/instituto-de-ciencias-agroalimentarias\/ciencias-alimentarias\/","og_locale":"es_ES","og_type":"article","og_title":"Ciencias Alimentarias - Instituto de Ciencias Agroalimentarias, Animales y Ambientales","og_description":"[vc_section el_class=&#8221;container mx-auto align-items-center text-right circle&#8211;pattern&#8221; css=&#8221;.vc_custom_1648956589196{padding-top: 3rem !important;}&#8221;][vc_row el_class=&#8221;pb-5&#8243;][vc_column][vc_wp_custommenu nav_menu=&#8221;6&#8243;][vc_single_image image=&#8221;3636&#8243; img_size=&#8221;large&#8221;][vc_column_text] &nbsp; [\/vc_column_text][vc_column_text]Con esta \u00e1rea se espera contribuir a la producci\u00f3n de alimentos inocuos en la regi\u00f3n de O\u2019Higgins, Chile y el mundo, mediante el monitoreo y control de los peligros qu\u00edmicos y microbiol\u00f3gicos presentes en los alimentos, la evaluaci\u00f3n y priorizaci\u00f3n de [&hellip;]","og_url":"https:\/\/www.uoh.cl\/instituto-de-ciencias-agroalimentarias\/ciencias-alimentarias\/","og_site_name":"Instituto de Ciencias Agroalimentarias, Animales y Ambientales","article_modified_time":"2023-07-18T20:21:24+00:00","twitter_card":"summary_large_image","twitter_misc":{"Tiempo estimado de lectura":"2 minutos"},"schema":{"@context":"https:\/\/schema.org","@graph":[{"@type":"WebPage","@id":"https:\/\/www.uoh.cl\/instituto-de-ciencias-agroalimentarias\/ciencias-alimentarias\/","url":"https:\/\/www.uoh.cl\/instituto-de-ciencias-agroalimentarias\/ciencias-alimentarias\/","name":"Ciencias Alimentarias - Instituto de Ciencias Agroalimentarias, Animales y Ambientales","isPartOf":{"@id":"https:\/\/www.uoh.cl\/instituto-de-ciencias-agroalimentarias\/#website"},"datePublished":"2022-07-04T19:49:18+00:00","dateModified":"2023-07-18T20:21:24+00:00","inLanguage":"es-CL","potentialAction":[{"@type":"ReadAction","target":["https:\/\/www.uoh.cl\/instituto-de-ciencias-agroalimentarias\/ciencias-alimentarias\/"]}]},{"@type":"WebSite","@id":"https:\/\/www.uoh.cl\/instituto-de-ciencias-agroalimentarias\/#website","url":"https:\/\/www.uoh.cl\/instituto-de-ciencias-agroalimentarias\/","name":"Instituto de Ciencias Agroalimentarias, Animales y Ambientales","description":"Otro sitio de Sitios de Universidad O'higgins","potentialAction":[{"@type":"SearchAction","target":{"@type":"EntryPoint","urlTemplate":"https:\/\/www.uoh.cl\/instituto-de-ciencias-agroalimentarias\/?s={search_term_string}"},"query-input":{"@type":"PropertyValueSpecification","valueRequired":true,"valueName":"search_term_string"}}],"inLanguage":"es-CL"}]}},"_links":{"self":[{"href":"https:\/\/www.uoh.cl\/instituto-de-ciencias-agroalimentarias\/wp-json\/wp\/v2\/pages\/1378","targetHints":{"allow":["GET"]}}],"collection":[{"href":"https:\/\/www.uoh.cl\/instituto-de-ciencias-agroalimentarias\/wp-json\/wp\/v2\/pages"}],"about":[{"href":"https:\/\/www.uoh.cl\/instituto-de-ciencias-agroalimentarias\/wp-json\/wp\/v2\/types\/page"}],"author":[{"embeddable":true,"href":"https:\/\/www.uoh.cl\/instituto-de-ciencias-agroalimentarias\/wp-json\/wp\/v2\/users\/34"}],"replies":[{"embeddable":true,"href":"https:\/\/www.uoh.cl\/instituto-de-ciencias-agroalimentarias\/wp-json\/wp\/v2\/comments?post=1378"}],"version-history":[{"count":5,"href":"https:\/\/www.uoh.cl\/instituto-de-ciencias-agroalimentarias\/wp-json\/wp\/v2\/pages\/1378\/revisions"}],"predecessor-version":[{"id":3637,"href":"https:\/\/www.uoh.cl\/instituto-de-ciencias-agroalimentarias\/wp-json\/wp\/v2\/pages\/1378\/revisions\/3637"}],"wp:attachment":[{"href":"https:\/\/www.uoh.cl\/instituto-de-ciencias-agroalimentarias\/wp-json\/wp\/v2\/media?parent=1378"}],"curies":[{"name":"wp","href":"https:\/\/api.w.org\/{rel}","templated":true}]}}