
{"id":1465,"date":"2024-01-11T17:30:47","date_gmt":"2024-01-11T20:30:47","guid":{"rendered":"https:\/\/www.uoh.cl\/instituto-de-altos-estudios-audiovisuales\/?page_id=1465"},"modified":"2024-01-15T15:19:27","modified_gmt":"2024-01-15T18:19:27","slug":"historia","status":"publish","type":"page","link":"https:\/\/www.uoh.cl\/instituto-de-altos-estudios-audiovisuales\/historia\/","title":{"rendered":"Historia"},"content":{"rendered":"<div class=\"wpb-content-wrapper\"><p>[vc_row][vc_column]<div class=\"uoh_slider_featured_component component__featured-slide row mx-auto col-12 m-0 align-items-center position-relative lazyload\" style=\" background:inherit\" data-bg=\"url(https:\/\/www.uoh.cl\/instituto-de-altos-estudios-audiovisuales\/wp-content\/uploads\/sites\/28\/2024\/01\/Historia-IEA.png)\"><div class=\"caption--degrade\"><svg  xmlns=\"http:\/\/www.w3.org\/2000\/svg\" xmlns:xlink=\"http:\/\/www.w3.org\/1999\/xlink\" width=\"1061px\" height=\"539px\"><defs><linearGradient id=\"PSgrad_0\" x1=\"0%\" x2=\"64.279%\" y1=\"76.604%\" y2=\"0%\"><stop offset=\"0%\" stop-color=\"rgb(66,160,248)\" stop-opacity=\"1\" \/><stop offset=\"100%\" stop-color=\"rgb(66,160,248)\" stop-opacity=\"0\" \/><\/linearGradient><\/defs><path fill-rule=\"evenodd\"  fill=\"none\" d=\"M311.000,515.000 C311.000,515.000 211.039,468.555 132.000,357.000 C21.864,201.555 -4.306,4.695 1.000,0.000 L196.000,0.000 L811.000,0.000 L1061.000,0.000 C1061.000,0.000 851.535,430.030 546.000,521.000 C402.674,563.674 311.000,515.000 311.000,515.000 Z\"\/> <path fill=\"url(#PSgrad_0)\"d=\"M311.000,515.000 C311.000,515.000 211.039,468.555 132.000,357.000 C21.864,201.555 -4.306,4.695 1.000,0.000 L196.000,0.000 L811.000,0.000 L1061.000,0.000 C1061.000,0.000 851.535,430.030 546.000,521.000 C402.674,563.674 311.000,515.000 311.000,515.000 Z\"\/><\/svg><\/div><div class=\"caption--quote\"><svg xmlns=\"http:\/\/www.w3.org\/2000\/svg\" xmlns:xlink=\"http:\/\/www.w3.org\/1999\/xlink\"width=\"226px\" height=\"273px\"><defs><linearGradient id=\"PSgrad_0\" x1=\"71.934%\" x2=\"0%\" y1=\"69.466%\" y2=\"0%\"><stop offset=\"0%\" stop-color=\"rgb(66,160,248)\" stop-opacity=\"0.49\" \/><stop offset=\"100%\" stop-color=\"rgb(66,160,248)\" stop-opacity=\"0\" \/><\/linearGradient><\/defs><path fill-rule=\"evenodd\"  fill=\"none\" d=\"M-0.000,273.000 L174.000,273.000 C174.000,273.000 226.000,266.268 226.000,221.000 C226.000,175.732 226.000,-0.000 226.000,-0.000 C226.000,-0.000 24.577,71.878 -0.000,273.000 Z\"\/><path fill=\"url(#PSgrad_0)\"d=\"M-0.000,273.000 L174.000,273.000 C174.000,273.000 226.000,266.268 226.000,221.000 C226.000,175.732 226.000,-0.000 226.000,-0.000 C226.000,-0.000 24.577,71.878 -0.000,273.000 Z\"\/><\/svg><\/div><div class=\"my-uoh_slider_featured_component container mx-auto p-md-0\" ><div class=\"content component__featured-slide-content container row mx-auto aling-items-center p-0\"><h1 class=\"p-0 featured-slide title\"  style=\"\"><em><\/em>Historia IEA<\/h1><\/div><span><\/span><\/div><\/div>[\/vc_column][\/vc_row][vc_section el_class=&#8221;container mx-auto align-items-center text-right circle&#8211;pattern&#8221; css=&#8221;.vc_custom_1648956589196{padding-top: 3rem !important;}&#8221;][vc_row el_class=&#8221;pb-5&#8243;][vc_column][vc_wp_custommenu nav_menu=&#8221;6&#8243;]<div class=\"breadcrumb\"><ol itemscope itemtype=\"https:\/\/schema.org\/BreadcrumbList\"><li itemprop=\"itemListElement\" itemscope itemtype=\"https:\/\/schema.org\/ListItem\"><a itemprop=\"item\" href=\"http:\/\/www.uoh.cl\"><span itemprop=\"name\">Inicio<\/span><\/a><meta itemprop=\"position\" content=\"1\" \/><li itemprop=\"itemListElement\" itemscope itemtype=\"https:\/\/schema.org\/ListItem\"><a itemprop=\"item\" href=\"https:\/\/www.uoh.cl\/instituto-de-altos-estudios-audiovisuales\"><span itemprop=\"name\">Instituto de Altos Estudios Audiovisuales<\/span><\/a><meta itemprop=\"position\" content=\"2\" \/><li itemprop=\"itemListElement\" itemscope itemtype=\"https:\/\/schema.org\/ListItem\"><span itemprop=\"name\">Historia <\/span><meta itemprop=\"position\" content=\"3\" \/><\/ol><\/div><div class=\"uoh_title_component-container\"><h1 class=\"title title--ms d-inline-block title--decorator  big\">Historia<\/h1><\/div>[vc_column_text]El Instituto de Altos Estudios Audiovisuales se gest\u00f3 gracias a la destacada labor del cineasta Miguel Litt\u00edn Cucumides. \u00a0Su experiencia y reconocimiento en el mundo del cine lo llevaron a ser parte fundamental en la creaci\u00f3n de esta instituci\u00f3n.<\/p>\n<p>En julio de 2015, Litt\u00edn fue convocado para formar parte de la Comisi\u00f3n Ejecutiva para la creaci\u00f3n de la Universidad Regional de O\u2019Higgins. Surgi\u00f3 as\u00ed la propuesta de establecer un Instituto de Altos Estudios Audiovisuales como parte fundacional de la naciente Universidad. Este centro integrar\u00eda una escuela de formaci\u00f3n profesional y un espacio de investigaci\u00f3n sobre la cinematograf\u00eda nacional.<\/p>\n<p>La historia personal de Litt\u00edn, nacido y criado en Palmilla, donde la educaci\u00f3n no estaba ligada al mundo del cine, influy\u00f3 en su impulso de apoyo a este proyecto. Reconoce que tuvo la suerte de acceder a una educaci\u00f3n que le permiti\u00f3 su formaci\u00f3n profesional. La memoria de sus compa\u00f1eros\/as de la infancia, que enfrentaron dificultades por la falta de oportunidades, motiv\u00f3 su compromiso en este trabajo. \u00c9l entendi\u00f3 el impacto transformador de la educaci\u00f3n y busc\u00f3 impulsar un cambio en la regi\u00f3n y el pa\u00eds, recordando c\u00f3mo la falta de acceso a la educaci\u00f3n afect\u00f3 a muchos\/as en su comunidad.<\/p>\n<p>As\u00ed, la visi\u00f3n de Litt\u00edn, fundamentada en su convicci\u00f3n sobre la importancia de la educaci\u00f3n, tom\u00f3 forma en la Comisi\u00f3n, contribuyendo a la gestaci\u00f3n de un instituto que prometi\u00f3 transformar el panorama audiovisual regional y nacional.<\/p>\n<p>El Instituto de Altos Estudios Audiovisuales surgi\u00f3 en una \u00e9poca en la que el Hospital, ahora sede principal de la Universidad, apenas iniciaba su proceso de renovaci\u00f3n. Sus aulas cobraron vida inicialmente en el Museo Regional de Rancagua, marcando as\u00ed el comienzo de una traves\u00eda educativa, incluso antes de que se estableciera cualquier programa acad\u00e9mico. M\u00e1s de 500 estudiantes han transitado por estos espacios, absorbiendo la esencia del cine y llevando consigo su perspectiva \u00fanica de la vida, reflejada ahora en sus contribuciones a las comunidades que los acogen.<\/p>\n<p>Este legado perdura mientras el Instituto proyecta su mirada hacia el futuro, con una visi\u00f3n de un cine comprometido con su propia historia y arraigado a las caracter\u00edsticas que definen a los habitantes de un territorio. Todo esto en honor a la impronta de un cineasta que dej\u00f3 su huella indeleble en la historia del cine latinoamericano.<\/p>\n<p>&nbsp;<\/p>\n<p style=\"text-align: right\">Ricardo Carrasco Farf\u00e1n<\/p>\n<p style=\"text-align: right\">Director IEA<\/p>\n<p>[\/vc_column_text][vc_single_image image=&#8221;1467&#8243; img_size=&#8221;large&#8221; alignment=&#8221;center&#8221; onclick=&#8221;img_link_large&#8221; img_link_target=&#8221;_blank&#8221;][\/vc_column][\/vc_row][\/vc_section][vc_section css=&#8221;.vc_custom_1649210787516{background-color: #f6faff !important;}&#8221; el_class=&#8221;p-md-0 pt-md-5 pb-md-5&#8243;][vc_row el_class=&#8221;container mx-auto align-items-center text-right&#8221;][vc_column][\/vc_column][\/vc_row][\/vc_section]<\/p>\n<\/div>","protected":false},"excerpt":{"rendered":"<p>[vc_row][vc_column][\/vc_column][\/vc_row][vc_section el_class=&#8221;container mx-auto align-items-center text-right circle&#8211;pattern&#8221; css=&#8221;.vc_custom_1648956589196{padding-top: 3rem !important;}&#8221;][vc_row el_class=&#8221;pb-5&#8243;][vc_column][vc_wp_custommenu nav_menu=&#8221;6&#8243;][vc_column_text]El Instituto de Altos Estudios Audiovisuales se gest\u00f3 gracias a la destacada labor del cineasta Miguel Litt\u00edn Cucumides. \u00a0Su experiencia y reconocimiento en el mundo del cine lo llevaron a ser parte fundamental en la creaci\u00f3n de esta instituci\u00f3n. En julio de 2015, Litt\u00edn fue [&hellip;]<\/p>\n","protected":false},"author":23,"featured_media":0,"parent":0,"menu_order":0,"comment_status":"closed","ping_status":"closed","template":"","meta":{"_acf_changed":false,"footnotes":""},"class_list":["post-1465","page","type-page","status-publish","hentry"],"acf":[],"yoast_head":"<!-- This site is optimized with the Yoast SEO plugin v26.6 - https:\/\/yoast.com\/wordpress\/plugins\/seo\/ -->\n<title>Historia - Instituto de Altos Estudios Audiovisuales<\/title>\n<meta name=\"robots\" content=\"index, follow, max-snippet:-1, max-image-preview:large, max-video-preview:-1\" \/>\n<link rel=\"canonical\" href=\"https:\/\/www.uoh.cl\/instituto-de-altos-estudios-audiovisuales\/historia\/\" \/>\n<meta property=\"og:locale\" content=\"es_ES\" \/>\n<meta property=\"og:type\" content=\"article\" \/>\n<meta property=\"og:title\" content=\"Historia - Instituto de Altos Estudios Audiovisuales\" \/>\n<meta property=\"og:description\" content=\"[vc_row][vc_column][\/vc_column][\/vc_row][vc_section el_class=&#8221;container mx-auto align-items-center text-right circle&#8211;pattern&#8221; css=&#8221;.vc_custom_1648956589196{padding-top: 3rem !important;}&#8221;][vc_row el_class=&#8221;pb-5&#8243;][vc_column][vc_wp_custommenu nav_menu=&#8221;6&#8243;][vc_column_text]El Instituto de Altos Estudios Audiovisuales se gest\u00f3 gracias a la destacada labor del cineasta Miguel Litt\u00edn Cucumides. \u00a0Su experiencia y reconocimiento en el mundo del cine lo llevaron a ser parte fundamental en la creaci\u00f3n de esta instituci\u00f3n. En julio de 2015, Litt\u00edn fue [&hellip;]\" \/>\n<meta property=\"og:url\" content=\"https:\/\/www.uoh.cl\/instituto-de-altos-estudios-audiovisuales\/historia\/\" \/>\n<meta property=\"og:site_name\" content=\"Instituto de Altos Estudios Audiovisuales\" \/>\n<meta property=\"article:modified_time\" content=\"2024-01-15T18:19:27+00:00\" \/>\n<meta name=\"twitter:card\" content=\"summary_large_image\" \/>\n<meta name=\"twitter:label1\" content=\"Tiempo estimado de lectura\" \/>\n\t<meta name=\"twitter:data1\" content=\"3 minutos\" \/>\n<script type=\"application\/ld+json\" class=\"yoast-schema-graph\">{\"@context\":\"https:\/\/schema.org\",\"@graph\":[{\"@type\":\"WebPage\",\"@id\":\"https:\/\/www.uoh.cl\/instituto-de-altos-estudios-audiovisuales\/historia\/\",\"url\":\"https:\/\/www.uoh.cl\/instituto-de-altos-estudios-audiovisuales\/historia\/\",\"name\":\"Historia - Instituto de Altos Estudios Audiovisuales\",\"isPartOf\":{\"@id\":\"https:\/\/www.uoh.cl\/instituto-de-altos-estudios-audiovisuales\/#website\"},\"datePublished\":\"2024-01-11T20:30:47+00:00\",\"dateModified\":\"2024-01-15T18:19:27+00:00\",\"inLanguage\":\"es-CL\",\"potentialAction\":[{\"@type\":\"ReadAction\",\"target\":[\"https:\/\/www.uoh.cl\/instituto-de-altos-estudios-audiovisuales\/historia\/\"]}]},{\"@type\":\"WebSite\",\"@id\":\"https:\/\/www.uoh.cl\/instituto-de-altos-estudios-audiovisuales\/#website\",\"url\":\"https:\/\/www.uoh.cl\/instituto-de-altos-estudios-audiovisuales\/\",\"name\":\"Instituto de Altos Estudios Audiovisuales\",\"description\":\"Otro sitio de Sitios de Universidad O'higgins\",\"potentialAction\":[{\"@type\":\"SearchAction\",\"target\":{\"@type\":\"EntryPoint\",\"urlTemplate\":\"https:\/\/www.uoh.cl\/instituto-de-altos-estudios-audiovisuales\/?s={search_term_string}\"},\"query-input\":{\"@type\":\"PropertyValueSpecification\",\"valueRequired\":true,\"valueName\":\"search_term_string\"}}],\"inLanguage\":\"es-CL\"}]}<\/script>\n<!-- \/ Yoast SEO plugin. -->","yoast_head_json":{"title":"Historia - Instituto de Altos Estudios Audiovisuales","robots":{"index":"index","follow":"follow","max-snippet":"max-snippet:-1","max-image-preview":"max-image-preview:large","max-video-preview":"max-video-preview:-1"},"canonical":"https:\/\/www.uoh.cl\/instituto-de-altos-estudios-audiovisuales\/historia\/","og_locale":"es_ES","og_type":"article","og_title":"Historia - Instituto de Altos Estudios Audiovisuales","og_description":"[vc_row][vc_column][\/vc_column][\/vc_row][vc_section el_class=&#8221;container mx-auto align-items-center text-right circle&#8211;pattern&#8221; css=&#8221;.vc_custom_1648956589196{padding-top: 3rem !important;}&#8221;][vc_row el_class=&#8221;pb-5&#8243;][vc_column][vc_wp_custommenu nav_menu=&#8221;6&#8243;][vc_column_text]El Instituto de Altos Estudios Audiovisuales se gest\u00f3 gracias a la destacada labor del cineasta Miguel Litt\u00edn Cucumides. \u00a0Su experiencia y reconocimiento en el mundo del cine lo llevaron a ser parte fundamental en la creaci\u00f3n de esta instituci\u00f3n. En julio de 2015, Litt\u00edn fue [&hellip;]","og_url":"https:\/\/www.uoh.cl\/instituto-de-altos-estudios-audiovisuales\/historia\/","og_site_name":"Instituto de Altos Estudios Audiovisuales","article_modified_time":"2024-01-15T18:19:27+00:00","twitter_card":"summary_large_image","twitter_misc":{"Tiempo estimado de lectura":"3 minutos"},"schema":{"@context":"https:\/\/schema.org","@graph":[{"@type":"WebPage","@id":"https:\/\/www.uoh.cl\/instituto-de-altos-estudios-audiovisuales\/historia\/","url":"https:\/\/www.uoh.cl\/instituto-de-altos-estudios-audiovisuales\/historia\/","name":"Historia - Instituto de Altos Estudios Audiovisuales","isPartOf":{"@id":"https:\/\/www.uoh.cl\/instituto-de-altos-estudios-audiovisuales\/#website"},"datePublished":"2024-01-11T20:30:47+00:00","dateModified":"2024-01-15T18:19:27+00:00","inLanguage":"es-CL","potentialAction":[{"@type":"ReadAction","target":["https:\/\/www.uoh.cl\/instituto-de-altos-estudios-audiovisuales\/historia\/"]}]},{"@type":"WebSite","@id":"https:\/\/www.uoh.cl\/instituto-de-altos-estudios-audiovisuales\/#website","url":"https:\/\/www.uoh.cl\/instituto-de-altos-estudios-audiovisuales\/","name":"Instituto de Altos Estudios Audiovisuales","description":"Otro sitio de Sitios de Universidad O'higgins","potentialAction":[{"@type":"SearchAction","target":{"@type":"EntryPoint","urlTemplate":"https:\/\/www.uoh.cl\/instituto-de-altos-estudios-audiovisuales\/?s={search_term_string}"},"query-input":{"@type":"PropertyValueSpecification","valueRequired":true,"valueName":"search_term_string"}}],"inLanguage":"es-CL"}]}},"_links":{"self":[{"href":"https:\/\/www.uoh.cl\/instituto-de-altos-estudios-audiovisuales\/wp-json\/wp\/v2\/pages\/1465","targetHints":{"allow":["GET"]}}],"collection":[{"href":"https:\/\/www.uoh.cl\/instituto-de-altos-estudios-audiovisuales\/wp-json\/wp\/v2\/pages"}],"about":[{"href":"https:\/\/www.uoh.cl\/instituto-de-altos-estudios-audiovisuales\/wp-json\/wp\/v2\/types\/page"}],"author":[{"embeddable":true,"href":"https:\/\/www.uoh.cl\/instituto-de-altos-estudios-audiovisuales\/wp-json\/wp\/v2\/users\/23"}],"replies":[{"embeddable":true,"href":"https:\/\/www.uoh.cl\/instituto-de-altos-estudios-audiovisuales\/wp-json\/wp\/v2\/comments?post=1465"}],"version-history":[{"count":7,"href":"https:\/\/www.uoh.cl\/instituto-de-altos-estudios-audiovisuales\/wp-json\/wp\/v2\/pages\/1465\/revisions"}],"predecessor-version":[{"id":1589,"href":"https:\/\/www.uoh.cl\/instituto-de-altos-estudios-audiovisuales\/wp-json\/wp\/v2\/pages\/1465\/revisions\/1589"}],"wp:attachment":[{"href":"https:\/\/www.uoh.cl\/instituto-de-altos-estudios-audiovisuales\/wp-json\/wp\/v2\/media?parent=1465"}],"curies":[{"name":"wp","href":"https:\/\/api.w.org\/{rel}","templated":true}]}}