
{"id":1179,"date":"2022-09-26T13:34:25","date_gmt":"2022-09-26T16:34:25","guid":{"rendered":"https:\/\/www.uoh.cl\/instituto-ciencias-de-la-salud\/?page_id=1179"},"modified":"2022-09-27T17:03:24","modified_gmt":"2022-09-27T20:03:24","slug":"patrocinan","status":"publish","type":"page","link":"https:\/\/www.uoh.cl\/instituto-ciencias-de-la-salud\/potenciat\/patrocinan\/","title":{"rendered":"Patrocinan"},"content":{"rendered":"<div class=\"wpb-content-wrapper\"><p>[vc_row][vc_column]<div class=\"block__front-video\"> <div class=\"swipper__slider-home\"> <div class=\"swiper-wrapper\"><div class=\"swiper-slide  aling-items-center\"><div class=\"image__slider lazyload\" style=\" background:inherit\" data-bg=\"url(https:\/\/www.uoh.cl\/instituto-ciencias-de-la-salud\/wp-content\/uploads\/sites\/26\/2022\/09\/banner01.jpg)\"><\/div><div class=\"container block__home-video-content row m-0 p-md-0 mx-auto align-items-center\" style=\"\"><div class=\"swiper-slide__content col-12 col-lg-12 col-xl-8 \"><h1 class=\"title title__slide-content py-2 my-2\" style=\"\">Innovaci\u00f3n socio-laboral sector tur\u00edstico<\/h1><div class=\"description col-12 col-lg-12\"><\/div><\/div><\/div><\/div><div class=\"swiper-slide  aling-items-center\"><div class=\"image__slider lazyload\" style=\" background:inherit\" data-bg=\"url(https:\/\/www.uoh.cl\/instituto-ciencias-de-la-salud\/wp-content\/uploads\/sites\/26\/2022\/09\/banner02.png)\"><\/div><div class=\"container block__home-video-content row m-0 p-md-0 mx-auto align-items-center\" style=\"\"><div class=\"swiper-slide__content col-12 col-lg-12 col-xl-8 \"><h1 class=\"title title__slide-content py-2 my-2\" style=\"\">Riqueza Patrimonial<\/h1><div class=\"description col-12 col-lg-12\"><\/div><\/div><\/div><\/div><div class=\"swiper-slide  aling-items-center\"><div class=\"image__slider lazyload\" style=\" background:inherit\" data-bg=\"url(https:\/\/www.uoh.cl\/instituto-ciencias-de-la-salud\/wp-content\/uploads\/sites\/26\/2022\/09\/banner03.jpg)\"><\/div><div class=\"container block__home-video-content row m-0 p-md-0 mx-auto align-items-center\" style=\"\"><div class=\"swiper-slide__content col-12 col-lg-12 col-xl-8 \"><h1 class=\"title title__slide-content py-2 my-2\" style=\"\">Cultura Regional O'Higgins<\/h1><div class=\"description col-12 col-lg-12\"><\/div><\/div><\/div><\/div><\/div>\n                            <div class=\"swiper-pagination\"><\/div>\n                <div class=\"swippers-buttons\">\n                    <div class=\"container position-relative\">\n                        <div class=\"swiper-button-prev-home\">\n                            <span class=\"icon icon-swipper-home\">\n                                <svg enable-background=\"new 0 0 256 256\" height=\"256px\" id=\"Layer_1\" version=\"1.1\" viewBox=\"0 0 256 256\" width=\"256px\" xml:space=\"preserve\" xmlns=\"http:\/\/www.w3.org\/2000\/svg\" xmlns:xlink=\"http:\/\/www.w3.org\/1999\/xlink\"><path d=\"M76.8,217.6c0-1.637,0.625-3.274,1.875-4.524L163.75,128L78.675,42.925c-2.5-2.5-2.5-6.55,0-9.05s6.55-2.5,9.05,0  l89.601,89.6c2.5,2.5,2.5,6.551,0,9.051l-89.601,89.6c-2.5,2.5-6.55,2.5-9.05,0C77.425,220.875,76.8,219.237,76.8,217.6z\"\/><\/svg>\n                            <\/span>\n                        <\/div>\n                        <div class=\"swiper-button-next-home\">\n                            <span class=\"icon icon-swipper-home\">\n                                <svg enable-background=\"new 0 0 256 256\" height=\"256px\" id=\"Layer_1\" version=\"1.1\" viewBox=\"0 0 256 256\" width=\"256px\" xml:space=\"preserve\" xmlns=\"http:\/\/www.w3.org\/2000\/svg\" xmlns:xlink=\"http:\/\/www.w3.org\/1999\/xlink\"><path d=\"M179.199,38.399c0,1.637-0.625,3.274-1.875,4.524l-85.076,85.075l85.076,85.075c2.5,2.5,2.5,6.55,0,9.05s-6.55,2.5-9.05,0  l-89.601-89.6c-2.5-2.5-2.5-6.551,0-9.051l89.601-89.6c2.5-2.5,6.55-2.5,9.05,0C178.574,35.124,179.199,36.762,179.199,38.399z\"\/><\/svg>\n                            <\/span>\n                        <\/div>\n                    <\/div>\n                <\/div><\/div>\n                        <\/div>\n                    <\/div>\n        <\/div>[\/vc_column][\/vc_row][vc_section el_class=&#8221;container mx-auto align-items-center text-right circle&#8211;pattern py-5&#8243;][vc_row el_class=&#8221;container mx-auto align-items-center text-right p-md-0 pt-5 py-5&#8243;][vc_column el_class=&#8221;p-0&#8243;][vc_single_image image=&#8221;1157&#8243; img_size=&#8221;medium&#8221; alignment=&#8221;center&#8221; el_id=&#8221;logo-potenciat&#8221;][vc_wp_custommenu nav_menu=&#8221;115&#8243;][\/vc_column][\/vc_row][\/vc_section][vc_section css=&#8221;.vc_custom_1664197083979{background-color: #f6faff !important;}&#8221; el_class=&#8221;p-md-0 pt-md-5 pb-md-5&#8243;][vc_row el_class=&#8221;container mx-auto align-items-center text-right p-md-0 pt-5&#8243;][vc_column el_class=&#8221;p-0&#8243;]<div class=\"uoh_title_component-container\"><h2 class=\"title title--ms d-inline-block title--decorator  medium\">Apoyan este Proyecto<\/h2><\/div>[vc_column_text]<\/p>\n<ul>\n<li>Municipalidad de Pichilemu<\/li>\n<li>Sociedad Hotelera Tur\u00edstica e Inmobiliaria Ducal Limitada<\/li>\n<li>SENADIS (Servicio Nacional de Discapacidad)<\/li>\n<li>Servicio de Salud de O&#8217;Higgins<\/li>\n<li>Escuela Especial de Quinta de Tilcoco<\/li>\n<li>Fundaci\u00f3n para la superaci\u00f3n de la pobreza de la Regi\u00f3n de O&#8217;Higgins<\/li>\n<li>Comisi\u00f3n Inclusi\u00f3n de Pichilemu<\/li>\n<li>Asociaci\u00f3n Comunal UNPADE Pichilemu<\/li>\n<li>SERNATUR (Servicio Nacional de Turismo de la Regi\u00f3n de O&#8217;Higgins)<\/li>\n<li>Agrupaci\u00f3n de Chamanteras de Do\u00f1ihue<\/li>\n<li>Agrupaci\u00f3n de Padres y Familiares Autismo Rancagua<\/li>\n<li>Escuela especial de Chimbarongo<\/li>\n<li>Turismo Pichilemu<\/li>\n<li>SENAMA (Servicio Nacional del Adulto Mayor)<\/li>\n<li>AFADIPIS (Agrupaci\u00f3n de Familiares y Amigos de personas afectadas por enfermedades psiqui\u00e1tricas discapacitantes de Rancagua)<\/li>\n<li>Corporaci\u00f3n del Libertador Regi\u00f3n de O&#8217;Higgins<\/li>\n<\/ul>\n<p>[\/vc_column_text][\/vc_column][\/vc_row][\/vc_section][vc_section css=&#8221;.vc_custom_1664198687968{background-color: #000000 !important;}&#8221; el_class=&#8221;p-md-0 pt-md-5 pb-md-5&#8243;][vc_row el_class=&#8221;container mx-auto align-items-center text-right p-md-0 pt-5&#8243;][vc_column el_class=&#8221;p-0&#8243;][vc_row_inner el_class=&#8221;align-items-center&#8221;][vc_column_inner width=&#8221;1\/6&#8243;][\/vc_column_inner][vc_column_inner width=&#8221;1\/6&#8243;][vc_icon icon_fontawesome=&#8221;fab fa-facebook-square&#8221; color=&#8221;white&#8221; align=&#8221;center&#8221; link=&#8221;url:https%3A%2F%2Fwww.facebook.com%2Ffic.potenciat|title:Facebook|target:_blank&#8221;][\/vc_column_inner][vc_column_inner width=&#8221;1\/6&#8243;][vc_icon icon_fontawesome=&#8221;fab fa-instagram&#8221; color=&#8221;white&#8221; align=&#8221;center&#8221; link=&#8221;url:https%3A%2F%2Fwww.instagram.com%2Ffic.potenciat%2F|title:Instagram|target:_blank&#8221;][\/vc_column_inner][vc_column_inner width=&#8221;1\/6&#8243;][vc_icon icon_fontawesome=&#8221;fab fa-twitter-square&#8221; color=&#8221;white&#8221; align=&#8221;center&#8221; link=&#8221;url:https%3A%2F%2Ftwitter.com%2Ffic_potenciat%2F|title:Twitter|target:_blank&#8221;][\/vc_column_inner][vc_column_inner width=&#8221;1\/6&#8243;][vc_icon icon_fontawesome=&#8221;fab fa-youtube&#8221; color=&#8221;white&#8221; align=&#8221;center&#8221; link=&#8221;url:https%3A%2F%2Fwww.youtube.com%2Fchannel%2FUC-n1gH-R9Symidqv2JXDChQ|title:Youtube|target:_blank&#8221;][\/vc_column_inner][vc_column_inner width=&#8221;1\/6&#8243;][\/vc_column_inner][\/vc_row_inner][vc_row_inner el_class=&#8221;py-4 align-items-center&#8221;][vc_column_inner width=&#8221;1\/3&#8243;][vc_single_image image=&#8221;1141&#8243; img_size=&#8221;medium&#8221; alignment=&#8221;center&#8221;][\/vc_column_inner][vc_column_inner width=&#8221;1\/3&#8243;][vc_single_image image=&#8221;1143&#8243; img_size=&#8221;medium&#8221; alignment=&#8221;center&#8221;][\/vc_column_inner][vc_column_inner width=&#8221;1\/3&#8243;][vc_single_image image=&#8221;1142&#8243; img_size=&#8221;medium&#8221; alignment=&#8221;center&#8221;][\/vc_column_inner][\/vc_row_inner][\/vc_column][\/vc_row][\/vc_section]<\/p>\n<\/div>","protected":false},"excerpt":{"rendered":"<p>[vc_row][vc_column][\/vc_column][\/vc_row][vc_section el_class=&#8221;container mx-auto align-items-center text-right circle&#8211;pattern py-5&#8243;][vc_row el_class=&#8221;container mx-auto align-items-center text-right p-md-0 pt-5 py-5&#8243;][vc_column el_class=&#8221;p-0&#8243;][vc_single_image image=&#8221;1157&#8243; img_size=&#8221;medium&#8221; alignment=&#8221;center&#8221; el_id=&#8221;logo-potenciat&#8221;][vc_wp_custommenu nav_menu=&#8221;115&#8243;][\/vc_column][\/vc_row][\/vc_section][vc_section css=&#8221;.vc_custom_1664197083979{background-color: #f6faff !important;}&#8221; el_class=&#8221;p-md-0 pt-md-5 pb-md-5&#8243;][vc_row el_class=&#8221;container mx-auto align-items-center text-right p-md-0 pt-5&#8243;][vc_column el_class=&#8221;p-0&#8243;][vc_column_text] Municipalidad de Pichilemu Sociedad Hotelera Tur\u00edstica e Inmobiliaria Ducal Limitada SENADIS (Servicio Nacional de Discapacidad) Servicio de Salud de O&#8217;Higgins Escuela Especial [&hellip;]<\/p>\n","protected":false},"author":6,"featured_media":0,"parent":1124,"menu_order":0,"comment_status":"closed","ping_status":"closed","template":"","meta":{"_acf_changed":false,"footnotes":""},"class_list":["post-1179","page","type-page","status-publish","hentry"],"acf":[],"yoast_head":"<!-- This site is optimized with the Yoast SEO plugin v26.6 - https:\/\/yoast.com\/wordpress\/plugins\/seo\/ -->\n<title>Patrocinan - Instituto de Ciencias de la Salud<\/title>\n<meta name=\"robots\" content=\"index, follow, max-snippet:-1, max-image-preview:large, max-video-preview:-1\" \/>\n<link rel=\"canonical\" href=\"https:\/\/www.uoh.cl\/instituto-ciencias-de-la-salud\/potenciat\/patrocinan\/\" \/>\n<meta property=\"og:locale\" content=\"es_ES\" \/>\n<meta property=\"og:type\" content=\"article\" \/>\n<meta property=\"og:title\" content=\"Patrocinan - Instituto de Ciencias de la Salud\" \/>\n<meta property=\"og:description\" content=\"[vc_row][vc_column][\/vc_column][\/vc_row][vc_section el_class=&#8221;container mx-auto align-items-center text-right circle&#8211;pattern py-5&#8243;][vc_row el_class=&#8221;container mx-auto align-items-center text-right p-md-0 pt-5 py-5&#8243;][vc_column el_class=&#8221;p-0&#8243;][vc_single_image image=&#8221;1157&#8243; img_size=&#8221;medium&#8221; alignment=&#8221;center&#8221; el_id=&#8221;logo-potenciat&#8221;][vc_wp_custommenu nav_menu=&#8221;115&#8243;][\/vc_column][\/vc_row][\/vc_section][vc_section css=&#8221;.vc_custom_1664197083979{background-color: #f6faff !important;}&#8221; el_class=&#8221;p-md-0 pt-md-5 pb-md-5&#8243;][vc_row el_class=&#8221;container mx-auto align-items-center text-right p-md-0 pt-5&#8243;][vc_column el_class=&#8221;p-0&#8243;][vc_column_text] Municipalidad de Pichilemu Sociedad Hotelera Tur\u00edstica e Inmobiliaria Ducal Limitada SENADIS (Servicio Nacional de Discapacidad) Servicio de Salud de O&#8217;Higgins Escuela Especial [&hellip;]\" \/>\n<meta property=\"og:url\" content=\"https:\/\/www.uoh.cl\/instituto-ciencias-de-la-salud\/potenciat\/patrocinan\/\" \/>\n<meta property=\"og:site_name\" content=\"Instituto de Ciencias de la Salud\" \/>\n<meta property=\"article:modified_time\" content=\"2022-09-27T20:03:24+00:00\" \/>\n<meta name=\"twitter:card\" content=\"summary_large_image\" \/>\n<meta name=\"twitter:label1\" content=\"Tiempo estimado de lectura\" \/>\n\t<meta name=\"twitter:data1\" content=\"1 minuto\" \/>\n<script type=\"application\/ld+json\" class=\"yoast-schema-graph\">{\"@context\":\"https:\/\/schema.org\",\"@graph\":[{\"@type\":\"WebPage\",\"@id\":\"https:\/\/www.uoh.cl\/instituto-ciencias-de-la-salud\/potenciat\/patrocinan\/\",\"url\":\"https:\/\/www.uoh.cl\/instituto-ciencias-de-la-salud\/potenciat\/patrocinan\/\",\"name\":\"Patrocinan - Instituto de Ciencias de la Salud\",\"isPartOf\":{\"@id\":\"https:\/\/www.uoh.cl\/instituto-ciencias-de-la-salud\/#website\"},\"datePublished\":\"2022-09-26T16:34:25+00:00\",\"dateModified\":\"2022-09-27T20:03:24+00:00\",\"breadcrumb\":{\"@id\":\"https:\/\/www.uoh.cl\/instituto-ciencias-de-la-salud\/potenciat\/patrocinan\/#breadcrumb\"},\"inLanguage\":\"es-CL\",\"potentialAction\":[{\"@type\":\"ReadAction\",\"target\":[\"https:\/\/www.uoh.cl\/instituto-ciencias-de-la-salud\/potenciat\/patrocinan\/\"]}]},{\"@type\":\"BreadcrumbList\",\"@id\":\"https:\/\/www.uoh.cl\/instituto-ciencias-de-la-salud\/potenciat\/patrocinan\/#breadcrumb\",\"itemListElement\":[{\"@type\":\"ListItem\",\"position\":1,\"name\":\"Potenciat\",\"item\":\"https:\/\/www.uoh.cl\/instituto-ciencias-de-la-salud\/potenciat\/\"},{\"@type\":\"ListItem\",\"position\":2,\"name\":\"Patrocinan\"}]},{\"@type\":\"WebSite\",\"@id\":\"https:\/\/www.uoh.cl\/instituto-ciencias-de-la-salud\/#website\",\"url\":\"https:\/\/www.uoh.cl\/instituto-ciencias-de-la-salud\/\",\"name\":\"Instituto de Ciencias de la Salud\",\"description\":\"Otro sitio de Sitios de Universidad O'higgins\",\"potentialAction\":[{\"@type\":\"SearchAction\",\"target\":{\"@type\":\"EntryPoint\",\"urlTemplate\":\"https:\/\/www.uoh.cl\/instituto-ciencias-de-la-salud\/?s={search_term_string}\"},\"query-input\":{\"@type\":\"PropertyValueSpecification\",\"valueRequired\":true,\"valueName\":\"search_term_string\"}}],\"inLanguage\":\"es-CL\"}]}<\/script>\n<!-- \/ Yoast SEO plugin. -->","yoast_head_json":{"title":"Patrocinan - Instituto de Ciencias de la Salud","robots":{"index":"index","follow":"follow","max-snippet":"max-snippet:-1","max-image-preview":"max-image-preview:large","max-video-preview":"max-video-preview:-1"},"canonical":"https:\/\/www.uoh.cl\/instituto-ciencias-de-la-salud\/potenciat\/patrocinan\/","og_locale":"es_ES","og_type":"article","og_title":"Patrocinan - Instituto de Ciencias de la Salud","og_description":"[vc_row][vc_column][\/vc_column][\/vc_row][vc_section el_class=&#8221;container mx-auto align-items-center text-right circle&#8211;pattern py-5&#8243;][vc_row el_class=&#8221;container mx-auto align-items-center text-right p-md-0 pt-5 py-5&#8243;][vc_column el_class=&#8221;p-0&#8243;][vc_single_image image=&#8221;1157&#8243; img_size=&#8221;medium&#8221; alignment=&#8221;center&#8221; el_id=&#8221;logo-potenciat&#8221;][vc_wp_custommenu nav_menu=&#8221;115&#8243;][\/vc_column][\/vc_row][\/vc_section][vc_section css=&#8221;.vc_custom_1664197083979{background-color: #f6faff !important;}&#8221; el_class=&#8221;p-md-0 pt-md-5 pb-md-5&#8243;][vc_row el_class=&#8221;container mx-auto align-items-center text-right p-md-0 pt-5&#8243;][vc_column el_class=&#8221;p-0&#8243;][vc_column_text] Municipalidad de Pichilemu Sociedad Hotelera Tur\u00edstica e Inmobiliaria Ducal Limitada SENADIS (Servicio Nacional de Discapacidad) Servicio de Salud de O&#8217;Higgins Escuela Especial [&hellip;]","og_url":"https:\/\/www.uoh.cl\/instituto-ciencias-de-la-salud\/potenciat\/patrocinan\/","og_site_name":"Instituto de Ciencias de la Salud","article_modified_time":"2022-09-27T20:03:24+00:00","twitter_card":"summary_large_image","twitter_misc":{"Tiempo estimado de lectura":"1 minuto"},"schema":{"@context":"https:\/\/schema.org","@graph":[{"@type":"WebPage","@id":"https:\/\/www.uoh.cl\/instituto-ciencias-de-la-salud\/potenciat\/patrocinan\/","url":"https:\/\/www.uoh.cl\/instituto-ciencias-de-la-salud\/potenciat\/patrocinan\/","name":"Patrocinan - Instituto de Ciencias de la Salud","isPartOf":{"@id":"https:\/\/www.uoh.cl\/instituto-ciencias-de-la-salud\/#website"},"datePublished":"2022-09-26T16:34:25+00:00","dateModified":"2022-09-27T20:03:24+00:00","breadcrumb":{"@id":"https:\/\/www.uoh.cl\/instituto-ciencias-de-la-salud\/potenciat\/patrocinan\/#breadcrumb"},"inLanguage":"es-CL","potentialAction":[{"@type":"ReadAction","target":["https:\/\/www.uoh.cl\/instituto-ciencias-de-la-salud\/potenciat\/patrocinan\/"]}]},{"@type":"BreadcrumbList","@id":"https:\/\/www.uoh.cl\/instituto-ciencias-de-la-salud\/potenciat\/patrocinan\/#breadcrumb","itemListElement":[{"@type":"ListItem","position":1,"name":"Potenciat","item":"https:\/\/www.uoh.cl\/instituto-ciencias-de-la-salud\/potenciat\/"},{"@type":"ListItem","position":2,"name":"Patrocinan"}]},{"@type":"WebSite","@id":"https:\/\/www.uoh.cl\/instituto-ciencias-de-la-salud\/#website","url":"https:\/\/www.uoh.cl\/instituto-ciencias-de-la-salud\/","name":"Instituto de Ciencias de la Salud","description":"Otro sitio de Sitios de Universidad O'higgins","potentialAction":[{"@type":"SearchAction","target":{"@type":"EntryPoint","urlTemplate":"https:\/\/www.uoh.cl\/instituto-ciencias-de-la-salud\/?s={search_term_string}"},"query-input":{"@type":"PropertyValueSpecification","valueRequired":true,"valueName":"search_term_string"}}],"inLanguage":"es-CL"}]}},"_links":{"self":[{"href":"https:\/\/www.uoh.cl\/instituto-ciencias-de-la-salud\/wp-json\/wp\/v2\/pages\/1179","targetHints":{"allow":["GET"]}}],"collection":[{"href":"https:\/\/www.uoh.cl\/instituto-ciencias-de-la-salud\/wp-json\/wp\/v2\/pages"}],"about":[{"href":"https:\/\/www.uoh.cl\/instituto-ciencias-de-la-salud\/wp-json\/wp\/v2\/types\/page"}],"author":[{"embeddable":true,"href":"https:\/\/www.uoh.cl\/instituto-ciencias-de-la-salud\/wp-json\/wp\/v2\/users\/6"}],"replies":[{"embeddable":true,"href":"https:\/\/www.uoh.cl\/instituto-ciencias-de-la-salud\/wp-json\/wp\/v2\/comments?post=1179"}],"version-history":[{"count":7,"href":"https:\/\/www.uoh.cl\/instituto-ciencias-de-la-salud\/wp-json\/wp\/v2\/pages\/1179\/revisions"}],"predecessor-version":[{"id":1221,"href":"https:\/\/www.uoh.cl\/instituto-ciencias-de-la-salud\/wp-json\/wp\/v2\/pages\/1179\/revisions\/1221"}],"up":[{"embeddable":true,"href":"https:\/\/www.uoh.cl\/instituto-ciencias-de-la-salud\/wp-json\/wp\/v2\/pages\/1124"}],"wp:attachment":[{"href":"https:\/\/www.uoh.cl\/instituto-ciencias-de-la-salud\/wp-json\/wp\/v2\/media?parent=1179"}],"curies":[{"name":"wp","href":"https:\/\/api.w.org\/{rel}","templated":true}]}}