
{"id":1124,"date":"2022-09-27T16:11:58","date_gmt":"2022-09-27T19:11:58","guid":{"rendered":"https:\/\/www.uoh.cl\/instituto-ciencias-de-la-salud\/?page_id=1124"},"modified":"2022-09-27T17:32:32","modified_gmt":"2022-09-27T20:32:32","slug":"potenciat","status":"publish","type":"page","link":"https:\/\/www.uoh.cl\/instituto-ciencias-de-la-salud\/potenciat\/","title":{"rendered":"Potenciat"},"content":{"rendered":"<div class=\"wpb-content-wrapper\"><p>[vc_row][vc_column]<div class=\"block__front-video\"> <div class=\"swipper__slider-home\"> <div class=\"swiper-wrapper\"><div class=\"swiper-slide  aling-items-center\"><div class=\"image__slider lazyload\" style=\" background:inherit\" data-bg=\"url(https:\/\/www.uoh.cl\/instituto-ciencias-de-la-salud\/wp-content\/uploads\/sites\/26\/2022\/09\/banner01.jpg)\"><\/div><div class=\"container block__home-video-content row m-0 p-md-0 mx-auto align-items-center\" style=\"\"><div class=\"swiper-slide__content col-12 col-lg-12 col-xl-8 \"><h1 class=\"title title__slide-content py-2 my-2\" style=\"\">Innovaci\u00f3n socio-laboral sector tur\u00edstico<\/h1><div class=\"description col-12 col-lg-12\"><\/div><\/div><\/div><\/div><div class=\"swiper-slide  aling-items-center\"><div class=\"image__slider lazyload\" style=\" background:inherit\" data-bg=\"url(https:\/\/www.uoh.cl\/instituto-ciencias-de-la-salud\/wp-content\/uploads\/sites\/26\/2022\/09\/banner02.png)\"><\/div><div class=\"container block__home-video-content row m-0 p-md-0 mx-auto align-items-center\" style=\"\"><div class=\"swiper-slide__content col-12 col-lg-12 col-xl-8 \"><h1 class=\"title title__slide-content py-2 my-2\" style=\"\">Riqueza Patrimonial<\/h1><div class=\"description col-12 col-lg-12\"><\/div><\/div><\/div><\/div><div class=\"swiper-slide  aling-items-center\"><div class=\"image__slider lazyload\" style=\" background:inherit\" data-bg=\"url(https:\/\/www.uoh.cl\/instituto-ciencias-de-la-salud\/wp-content\/uploads\/sites\/26\/2022\/09\/banner03.jpg)\"><\/div><div class=\"container block__home-video-content row m-0 p-md-0 mx-auto align-items-center\" style=\"\"><div class=\"swiper-slide__content col-12 col-lg-12 col-xl-8 \"><h1 class=\"title title__slide-content py-2 my-2\" style=\"\">Cultura Regional O'Higgins<\/h1><div class=\"description col-12 col-lg-12\"><\/div><\/div><\/div><\/div><\/div>\n                            <div class=\"swiper-pagination\"><\/div>\n                <div class=\"swippers-buttons\">\n                    <div class=\"container position-relative\">\n                        <div class=\"swiper-button-prev-home\">\n                            <span class=\"icon icon-swipper-home\">\n                                <svg enable-background=\"new 0 0 256 256\" height=\"256px\" id=\"Layer_1\" version=\"1.1\" viewBox=\"0 0 256 256\" width=\"256px\" xml:space=\"preserve\" xmlns=\"http:\/\/www.w3.org\/2000\/svg\" xmlns:xlink=\"http:\/\/www.w3.org\/1999\/xlink\"><path d=\"M76.8,217.6c0-1.637,0.625-3.274,1.875-4.524L163.75,128L78.675,42.925c-2.5-2.5-2.5-6.55,0-9.05s6.55-2.5,9.05,0  l89.601,89.6c2.5,2.5,2.5,6.551,0,9.051l-89.601,89.6c-2.5,2.5-6.55,2.5-9.05,0C77.425,220.875,76.8,219.237,76.8,217.6z\"\/><\/svg>\n                            <\/span>\n                        <\/div>\n                        <div class=\"swiper-button-next-home\">\n                            <span class=\"icon icon-swipper-home\">\n                                <svg enable-background=\"new 0 0 256 256\" height=\"256px\" id=\"Layer_1\" version=\"1.1\" viewBox=\"0 0 256 256\" width=\"256px\" xml:space=\"preserve\" xmlns=\"http:\/\/www.w3.org\/2000\/svg\" xmlns:xlink=\"http:\/\/www.w3.org\/1999\/xlink\"><path d=\"M179.199,38.399c0,1.637-0.625,3.274-1.875,4.524l-85.076,85.075l85.076,85.075c2.5,2.5,2.5,6.55,0,9.05s-6.55,2.5-9.05,0  l-89.601-89.6c-2.5-2.5-2.5-6.551,0-9.051l89.601-89.6c2.5-2.5,6.55-2.5,9.05,0C178.574,35.124,179.199,36.762,179.199,38.399z\"\/><\/svg>\n                            <\/span>\n                        <\/div>\n                    <\/div>\n                <\/div><\/div>\n                        <\/div>\n                    <\/div>\n        <\/div>[\/vc_column][\/vc_row][vc_section el_class=&#8221;container mx-auto align-items-center text-right circle&#8211;pattern py-5&#8243;][vc_row el_class=&#8221;container mx-auto align-items-center text-right p-md-0 pt-5 py-5&#8243;][vc_column el_class=&#8221;p-0&#8243;][vc_single_image image=&#8221;1157&#8243; img_size=&#8221;medium&#8221; alignment=&#8221;center&#8221; el_id=&#8221;logo-potenciat&#8221;][vc_wp_custommenu nav_menu=&#8221;115&#8243;]<div class=\"uoh_title_component-container\"><h1 class=\"title title--ms d-inline-block title--decorator  big\">Potencia\u1d57<\/h1><\/div>[vc_column_text]<strong>Potencia\u1d57<\/strong> es un modelo innovador que busca brindar soluciones en materia de inclusi\u00f3n sociolaboral de poblaciones en situaci\u00f3n de vulneraci\u00f3n de derechos.<\/p>\n<p>Nuestro proyecto tiene por objetivo la creaci\u00f3n de cooperativas inclusivas y auto sustentables econ\u00f3micamente en el tiempo, que promuevan la creaci\u00f3n de un ecosistema de innovaci\u00f3n, basado en los principios\u00a0de la econom\u00eda solidaria, el cooperativismo y la pertinencia territorial y cultural.[\/vc_column_text][\/vc_column][\/vc_row][\/vc_section][vc_section css=&#8221;.vc_custom_1664197083979{background-color: #f6faff !important;}&#8221; el_class=&#8221;p-md-0 pt-md-5 pb-md-5&#8243;][vc_row el_class=&#8221;container mx-auto align-items-center text-right p-md-0 pt-5&#8243;][vc_column el_class=&#8221;p-0&#8243;][vc_row_inner][vc_column_inner width=&#8221;1\/3&#8243;][vc_single_image image=&#8221;1136&#8243; img_size=&#8221;medium&#8221; alignment=&#8221;center&#8221; onclick=&#8221;custom_link&#8221; link=&#8221;https:\/\/www.uoh.cl\/instituto-ciencias-de-la-salud\/potenciat\/prensa\/&#8221;]<div class=\"uoh_link_component pe-4 center py-1 button_icon center\"><i class=\"me-2 fas fa-arrow-right\" style=\"color: #42a0f8\"><\/i><a href=\"https:\/\/www.uoh.cl\/instituto-ciencias-de-la-salud\/potenciat\/prensa\/\"\n                                    class=\"link link--bold component__btn-content\"\n                                    title\"Prensa\"\n                                    target=\"\"\n                                    rel=\"\">Prensa<span class=\"icon icon--inline icon--link\"><svg version=\"1.1\" xmlns=\"http:\/\/www.w3.org\/2000\/svg\" xmlns:xlink=\"http:\/\/www.w3.org\/1999\/xlink\" x=\"0px\" y=\"0px\" width=\"22px\"height=\"22px\" viewBox=\"0 0 22 22\" style=\"overflow:visible;enable-background:new 0 0 80 64.6;\" xml:space=\"preserve\"><g clip-path=\"url(#acA)\"><path fill-rule=\"evenodd\" d=\"M21.913 11.266a.93.93 0 000-.711c-.022-.056-.063-.097-.091-.144s-.053-.103-.097-.15L12.306.294c-.357-.379-.955-.394-1.334-.038s-.394.955-.038 1.334l7.917 8.374H.927a.95.95 0 00-.908.983.946.946 0 00.908.908h17.924l-8.089 8.552c-.357.379-.341.977.034 1.334s.977.341 1.334-.034l9.594-10.148c.044-.044.063-.1.097-.15.028-.047.069-.088.091-.141z\"\/><\/g><defs><clipPath id=\"acA\"><path fill=\"#fff\" d=\"M0 0h22v22H0z\"\/><\/clipPath><\/defs><\/svg><\/span><\/a><\/div>[\/vc_column_inner][vc_column_inner width=&#8221;1\/3&#8243;][vc_single_image image=&#8221;1137&#8243; img_size=&#8221;medium&#8221; alignment=&#8221;center&#8221; onclick=&#8221;custom_link&#8221; link=&#8221;https:\/\/www.uoh.cl\/instituto-ciencias-de-la-salud\/potenciat\/potenciatv\/&#8221;]<div class=\"uoh_link_component pe-4 center py-1 button_icon center\"><i class=\"me-2 fas fa-arrow-right\" style=\"color: #42a0f8\"><\/i><a href=\"https:\/\/www.uoh.cl\/instituto-ciencias-de-la-salud\/potenciat\/potenciatv\/\"\n                                    class=\"link link--bold component__btn-content\"\n                                    title\"Potenciatv\"\n                                    target=\"\"\n                                    rel=\"\">Potencia\u1d57\u1d5b<span class=\"icon icon--inline icon--link\"><svg version=\"1.1\" xmlns=\"http:\/\/www.w3.org\/2000\/svg\" xmlns:xlink=\"http:\/\/www.w3.org\/1999\/xlink\" x=\"0px\" y=\"0px\" width=\"22px\"height=\"22px\" viewBox=\"0 0 22 22\" style=\"overflow:visible;enable-background:new 0 0 80 64.6;\" xml:space=\"preserve\"><g clip-path=\"url(#acA)\"><path fill-rule=\"evenodd\" d=\"M21.913 11.266a.93.93 0 000-.711c-.022-.056-.063-.097-.091-.144s-.053-.103-.097-.15L12.306.294c-.357-.379-.955-.394-1.334-.038s-.394.955-.038 1.334l7.917 8.374H.927a.95.95 0 00-.908.983.946.946 0 00.908.908h17.924l-8.089 8.552c-.357.379-.341.977.034 1.334s.977.341 1.334-.034l9.594-10.148c.044-.044.063-.1.097-.15.028-.047.069-.088.091-.141z\"\/><\/g><defs><clipPath id=\"acA\"><path fill=\"#fff\" d=\"M0 0h22v22H0z\"\/><\/clipPath><\/defs><\/svg><\/span><\/a><\/div>[\/vc_column_inner][vc_column_inner width=&#8221;1\/3&#8243;][vc_single_image image=&#8221;1138&#8243; img_size=&#8221;medium&#8221; alignment=&#8221;center&#8221; onclick=&#8221;custom_link&#8221; link=&#8221;https:\/\/www.uoh.cl\/instituto-ciencias-de-la-salud\/potenciat\/biblioteca\/&#8221;]<div class=\"uoh_link_component pe-4 center py-1 button_icon center\"><i class=\"me-2 fas fa-arrow-right\" style=\"color: #42a0f8\"><\/i><a href=\"https:\/\/www.uoh.cl\/instituto-ciencias-de-la-salud\/potenciat\/biblioteca\/\"\n                                    class=\"link link--bold component__btn-content\"\n                                    title\"Biblioteca\"\n                                    target=\"\"\n                                    rel=\"\">Biblioteca<span class=\"icon icon--inline icon--link\"><svg version=\"1.1\" xmlns=\"http:\/\/www.w3.org\/2000\/svg\" xmlns:xlink=\"http:\/\/www.w3.org\/1999\/xlink\" x=\"0px\" y=\"0px\" width=\"22px\"height=\"22px\" viewBox=\"0 0 22 22\" style=\"overflow:visible;enable-background:new 0 0 80 64.6;\" xml:space=\"preserve\"><g clip-path=\"url(#acA)\"><path fill-rule=\"evenodd\" d=\"M21.913 11.266a.93.93 0 000-.711c-.022-.056-.063-.097-.091-.144s-.053-.103-.097-.15L12.306.294c-.357-.379-.955-.394-1.334-.038s-.394.955-.038 1.334l7.917 8.374H.927a.95.95 0 00-.908.983.946.946 0 00.908.908h17.924l-8.089 8.552c-.357.379-.341.977.034 1.334s.977.341 1.334-.034l9.594-10.148c.044-.044.063-.1.097-.15.028-.047.069-.088.091-.141z\"\/><\/g><defs><clipPath id=\"acA\"><path fill=\"#fff\" d=\"M0 0h22v22H0z\"\/><\/clipPath><\/defs><\/svg><\/span><\/a><\/div>[\/vc_column_inner][\/vc_row_inner][vc_row_inner][vc_column_inner width=&#8221;1\/2&#8243;][vc_single_image image=&#8221;1139&#8243; img_size=&#8221;medium&#8221; alignment=&#8221;center&#8221; onclick=&#8221;custom_link&#8221; link=&#8221;https:\/\/www.uoh.cl\/instituto-ciencias-de-la-salud\/potenciat\/cooperativas\/&#8221;]<div class=\"uoh_link_component pe-4 center py-1 button_icon center\"><i class=\"me-2 fas fa-arrow-right\" style=\"color: #42a0f8\"><\/i><a href=\"https:\/\/www.uoh.cl\/instituto-ciencias-de-la-salud\/potenciat\/cooperativas\/\"\n                                    class=\"link link--bold component__btn-content\"\n                                    title\"Cooperativas\"\n                                    target=\"\"\n                                    rel=\"\">Cooperativas<span class=\"icon icon--inline icon--link\"><svg version=\"1.1\" xmlns=\"http:\/\/www.w3.org\/2000\/svg\" xmlns:xlink=\"http:\/\/www.w3.org\/1999\/xlink\" x=\"0px\" y=\"0px\" width=\"22px\"height=\"22px\" viewBox=\"0 0 22 22\" style=\"overflow:visible;enable-background:new 0 0 80 64.6;\" xml:space=\"preserve\"><g clip-path=\"url(#acA)\"><path fill-rule=\"evenodd\" d=\"M21.913 11.266a.93.93 0 000-.711c-.022-.056-.063-.097-.091-.144s-.053-.103-.097-.15L12.306.294c-.357-.379-.955-.394-1.334-.038s-.394.955-.038 1.334l7.917 8.374H.927a.95.95 0 00-.908.983.946.946 0 00.908.908h17.924l-8.089 8.552c-.357.379-.341.977.034 1.334s.977.341 1.334-.034l9.594-10.148c.044-.044.063-.1.097-.15.028-.047.069-.088.091-.141z\"\/><\/g><defs><clipPath id=\"acA\"><path fill=\"#fff\" d=\"M0 0h22v22H0z\"\/><\/clipPath><\/defs><\/svg><\/span><\/a><\/div>[\/vc_column_inner][vc_column_inner width=&#8221;1\/2&#8243;][vc_single_image image=&#8221;1140&#8243; img_size=&#8221;medium&#8221; alignment=&#8221;center&#8221; onclick=&#8221;custom_link&#8221; link=&#8221;https:\/\/www.uoh.cl\/instituto-ciencias-de-la-salud\/potenciat\/ruta-con-sentido\/&#8221;]<div class=\"uoh_link_component pe-4 center py-1 button_icon center\"><i class=\"me-2 fas fa-arrow-right\" style=\"color: #42a0f8\"><\/i><a href=\"https:\/\/www.uoh.cl\/instituto-ciencias-de-la-salud\/potenciat\/ruta-con-sentido\/\"\n                                    class=\"link link--bold component__btn-content\"\n                                    title\"Ruta con sentido\"\n                                    target=\"\"\n                                    rel=\"\">Ruta con sentido<span class=\"icon icon--inline icon--link\"><svg version=\"1.1\" xmlns=\"http:\/\/www.w3.org\/2000\/svg\" xmlns:xlink=\"http:\/\/www.w3.org\/1999\/xlink\" x=\"0px\" y=\"0px\" width=\"22px\"height=\"22px\" viewBox=\"0 0 22 22\" style=\"overflow:visible;enable-background:new 0 0 80 64.6;\" xml:space=\"preserve\"><g clip-path=\"url(#acA)\"><path fill-rule=\"evenodd\" d=\"M21.913 11.266a.93.93 0 000-.711c-.022-.056-.063-.097-.091-.144s-.053-.103-.097-.15L12.306.294c-.357-.379-.955-.394-1.334-.038s-.394.955-.038 1.334l7.917 8.374H.927a.95.95 0 00-.908.983.946.946 0 00.908.908h17.924l-8.089 8.552c-.357.379-.341.977.034 1.334s.977.341 1.334-.034l9.594-10.148c.044-.044.063-.1.097-.15.028-.047.069-.088.091-.141z\"\/><\/g><defs><clipPath id=\"acA\"><path fill=\"#fff\" d=\"M0 0h22v22H0z\"\/><\/clipPath><\/defs><\/svg><\/span><\/a><\/div>[\/vc_column_inner][\/vc_row_inner][\/vc_column][\/vc_row][\/vc_section][vc_section el_class=&#8221;p-md-0 pt-md-5 pb-md-5&#8243;][vc_row el_class=&#8221;container mx-auto align-items-center text-right p-md-0 pt-5&#8243;][vc_column el_class=&#8221;p-0&#8243;][vc_row_inner el_class=&#8221;align-items-center&#8221;][vc_column_inner width=&#8221;2\/5&#8243;][vc_column_text]Somos un grupo de trabajo interdisciplinario e intersectorial que trabajamos por la inclusi\u00f3n sociolaboral de personas con Trastornos mentales graves en la VI Regi\u00f3n, Chile: una propuesta desde el enfoque\u00a0de &#8220;recovery&#8221;.[\/vc_column_text][\/vc_column_inner][vc_column_inner width=&#8221;3\/5&#8243;][vc_raw_html]JTNDaWZyYW1lJTIwd2lkdGglM0QlMjIxMDAlMjUlMjIlMjBoZWlnaHQlM0QlMjIzMTUlMjIlMjBzcmMlM0QlMjJodHRwcyUzQSUyRiUyRnd3dy55b3V0dWJlLmNvbSUyRmVtYmVkJTJGS29GX1J2WTh2czglMjIlMjB0aXRsZSUzRCUyMllvdVR1YmUlMjB2aWRlbyUyMHBsYXllciUyMiUyMGZyYW1lYm9yZGVyJTNEJTIyMCUyMiUyMGFsbG93JTNEJTIyYWNjZWxlcm9tZXRlciUzQiUyMGF1dG9wbGF5JTNCJTIwY2xpcGJvYXJkLXdyaXRlJTNCJTIwZW5jcnlwdGVkLW1lZGlhJTNCJTIwZ3lyb3Njb3BlJTNCJTIwcGljdHVyZS1pbi1waWN0dXJlJTIyJTIwYWxsb3dmdWxsc2NyZWVuJTNFJTNDJTJGaWZyYW1lJTNF[\/vc_raw_html][\/vc_column_inner][\/vc_row_inner][\/vc_column][\/vc_row][\/vc_section][vc_section css=&#8221;.vc_custom_1664197083979{background-color: #f6faff !important;}&#8221; el_class=&#8221;p-md-0 pt-md-5 pb-md-5&#8243;][vc_row el_class=&#8221;container mx-auto align-items-center text-right p-md-0 pt-5&#8243;][vc_column el_class=&#8221;p-0&#8243;][vc_column_text]<strong>Varias personas, m\u00faltiples instituciones y emprendimientos ya se han sumado a esta iniciativa, queremos que t\u00fa tambi\u00e9n seas parte, comparte esta aventura social y humana con nosotros, \u00bfTe nos unes?<\/strong>[\/vc_column_text][\/vc_column][\/vc_row][\/vc_section][vc_section css=&#8221;.vc_custom_1664288578682{background-color: #000000 !important;}&#8221; el_class=&#8221;p-md-0 pt-md-5 pb-md-5&#8243;][vc_row el_class=&#8221;container mx-auto align-items-center text-right p-md-0 pt-5&#8243;][vc_column el_class=&#8221;p-0&#8243;][vc_row_inner el_class=&#8221;align-items-center&#8221;][vc_column_inner width=&#8221;1\/6&#8243;][\/vc_column_inner][vc_column_inner width=&#8221;1\/6&#8243;][vc_icon icon_fontawesome=&#8221;fab fa-facebook-square&#8221; color=&#8221;white&#8221; align=&#8221;center&#8221; link=&#8221;url:https%3A%2F%2Fwww.facebook.com%2Ffic.potenciat|title:Facebook|target:_blank&#8221;][\/vc_column_inner][vc_column_inner width=&#8221;1\/6&#8243;][vc_icon icon_fontawesome=&#8221;fab fa-instagram&#8221; color=&#8221;white&#8221; align=&#8221;center&#8221; link=&#8221;url:https%3A%2F%2Fwww.instagram.com%2Ffic.potenciat%2F|title:Instagram|target:_blank&#8221;][\/vc_column_inner][vc_column_inner width=&#8221;1\/6&#8243;][vc_icon icon_fontawesome=&#8221;fab fa-twitter-square&#8221; color=&#8221;white&#8221; align=&#8221;center&#8221; link=&#8221;url:https%3A%2F%2Ftwitter.com%2Ffic_potenciat%2F|title:Twitter|target:_blank&#8221;][\/vc_column_inner][vc_column_inner width=&#8221;1\/6&#8243;][vc_icon icon_fontawesome=&#8221;fab fa-youtube&#8221; color=&#8221;white&#8221; align=&#8221;center&#8221; link=&#8221;url:https%3A%2F%2Fwww.youtube.com%2Fchannel%2FUC-n1gH-R9Symidqv2JXDChQ|title:Youtube|target:_blank&#8221;][\/vc_column_inner][vc_column_inner width=&#8221;1\/6&#8243;][\/vc_column_inner][\/vc_row_inner][vc_row_inner el_class=&#8221;py-4 align-items-center&#8221;][vc_column_inner width=&#8221;1\/3&#8243;][vc_single_image image=&#8221;1141&#8243; img_size=&#8221;medium&#8221; alignment=&#8221;center&#8221;][\/vc_column_inner][vc_column_inner width=&#8221;1\/3&#8243;][vc_single_image image=&#8221;1143&#8243; img_size=&#8221;medium&#8221; alignment=&#8221;center&#8221;][\/vc_column_inner][vc_column_inner width=&#8221;1\/3&#8243;][vc_single_image image=&#8221;1142&#8243; img_size=&#8221;medium&#8221; alignment=&#8221;center&#8221;][\/vc_column_inner][\/vc_row_inner][\/vc_column][\/vc_row][\/vc_section]<\/p>\n<\/div>","protected":false},"excerpt":{"rendered":"<p>[vc_row][vc_column][\/vc_column][\/vc_row][vc_section el_class=&#8221;container mx-auto align-items-center text-right circle&#8211;pattern py-5&#8243;][vc_row el_class=&#8221;container mx-auto align-items-center text-right p-md-0 pt-5 py-5&#8243;][vc_column el_class=&#8221;p-0&#8243;][vc_single_image image=&#8221;1157&#8243; img_size=&#8221;medium&#8221; alignment=&#8221;center&#8221; el_id=&#8221;logo-potenciat&#8221;][vc_wp_custommenu nav_menu=&#8221;115&#8243;][vc_column_text]Potencia\u1d57 es un modelo innovador que busca brindar soluciones en materia de inclusi\u00f3n sociolaboral de poblaciones en situaci\u00f3n de vulneraci\u00f3n de derechos. Nuestro proyecto tiene por objetivo la creaci\u00f3n de cooperativas inclusivas y auto sustentables econ\u00f3micamente [&hellip;]<\/p>\n","protected":false},"author":6,"featured_media":0,"parent":0,"menu_order":0,"comment_status":"closed","ping_status":"closed","template":"","meta":{"_acf_changed":false,"footnotes":""},"class_list":["post-1124","page","type-page","status-publish","hentry"],"acf":[],"yoast_head":"<!-- This site is optimized with the Yoast SEO plugin v26.6 - https:\/\/yoast.com\/wordpress\/plugins\/seo\/ -->\n<title>Potenciat - Instituto de Ciencias de la Salud<\/title>\n<meta name=\"robots\" content=\"index, follow, max-snippet:-1, max-image-preview:large, max-video-preview:-1\" \/>\n<link rel=\"canonical\" href=\"https:\/\/www.uoh.cl\/instituto-ciencias-de-la-salud\/potenciat\/\" \/>\n<meta property=\"og:locale\" content=\"es_ES\" \/>\n<meta property=\"og:type\" content=\"article\" \/>\n<meta property=\"og:title\" content=\"Potenciat - Instituto de Ciencias de la Salud\" \/>\n<meta property=\"og:description\" content=\"[vc_row][vc_column][\/vc_column][\/vc_row][vc_section el_class=&#8221;container mx-auto align-items-center text-right circle&#8211;pattern py-5&#8243;][vc_row el_class=&#8221;container mx-auto align-items-center text-right p-md-0 pt-5 py-5&#8243;][vc_column el_class=&#8221;p-0&#8243;][vc_single_image image=&#8221;1157&#8243; img_size=&#8221;medium&#8221; alignment=&#8221;center&#8221; el_id=&#8221;logo-potenciat&#8221;][vc_wp_custommenu nav_menu=&#8221;115&#8243;][vc_column_text]Potencia\u1d57 es un modelo innovador que busca brindar soluciones en materia de inclusi\u00f3n sociolaboral de poblaciones en situaci\u00f3n de vulneraci\u00f3n de derechos. Nuestro proyecto tiene por objetivo la creaci\u00f3n de cooperativas inclusivas y auto sustentables econ\u00f3micamente [&hellip;]\" \/>\n<meta property=\"og:url\" content=\"https:\/\/www.uoh.cl\/instituto-ciencias-de-la-salud\/potenciat\/\" \/>\n<meta property=\"og:site_name\" content=\"Instituto de Ciencias de la Salud\" \/>\n<meta property=\"article:modified_time\" content=\"2022-09-27T20:32:32+00:00\" \/>\n<meta name=\"twitter:card\" content=\"summary_large_image\" \/>\n<meta name=\"twitter:label1\" content=\"Tiempo estimado de lectura\" \/>\n\t<meta name=\"twitter:data1\" content=\"2 minutos\" \/>\n<script type=\"application\/ld+json\" class=\"yoast-schema-graph\">{\"@context\":\"https:\/\/schema.org\",\"@graph\":[{\"@type\":\"WebPage\",\"@id\":\"https:\/\/www.uoh.cl\/instituto-ciencias-de-la-salud\/potenciat\/\",\"url\":\"https:\/\/www.uoh.cl\/instituto-ciencias-de-la-salud\/potenciat\/\",\"name\":\"Potenciat - Instituto de Ciencias de la Salud\",\"isPartOf\":{\"@id\":\"https:\/\/www.uoh.cl\/instituto-ciencias-de-la-salud\/#website\"},\"datePublished\":\"2022-09-27T19:11:58+00:00\",\"dateModified\":\"2022-09-27T20:32:32+00:00\",\"inLanguage\":\"es-CL\",\"potentialAction\":[{\"@type\":\"ReadAction\",\"target\":[\"https:\/\/www.uoh.cl\/instituto-ciencias-de-la-salud\/potenciat\/\"]}]},{\"@type\":\"WebSite\",\"@id\":\"https:\/\/www.uoh.cl\/instituto-ciencias-de-la-salud\/#website\",\"url\":\"https:\/\/www.uoh.cl\/instituto-ciencias-de-la-salud\/\",\"name\":\"Instituto de Ciencias de la Salud\",\"description\":\"Otro sitio de Sitios de Universidad O'higgins\",\"potentialAction\":[{\"@type\":\"SearchAction\",\"target\":{\"@type\":\"EntryPoint\",\"urlTemplate\":\"https:\/\/www.uoh.cl\/instituto-ciencias-de-la-salud\/?s={search_term_string}\"},\"query-input\":{\"@type\":\"PropertyValueSpecification\",\"valueRequired\":true,\"valueName\":\"search_term_string\"}}],\"inLanguage\":\"es-CL\"}]}<\/script>\n<!-- \/ Yoast SEO plugin. -->","yoast_head_json":{"title":"Potenciat - Instituto de Ciencias de la Salud","robots":{"index":"index","follow":"follow","max-snippet":"max-snippet:-1","max-image-preview":"max-image-preview:large","max-video-preview":"max-video-preview:-1"},"canonical":"https:\/\/www.uoh.cl\/instituto-ciencias-de-la-salud\/potenciat\/","og_locale":"es_ES","og_type":"article","og_title":"Potenciat - Instituto de Ciencias de la Salud","og_description":"[vc_row][vc_column][\/vc_column][\/vc_row][vc_section el_class=&#8221;container mx-auto align-items-center text-right circle&#8211;pattern py-5&#8243;][vc_row el_class=&#8221;container mx-auto align-items-center text-right p-md-0 pt-5 py-5&#8243;][vc_column el_class=&#8221;p-0&#8243;][vc_single_image image=&#8221;1157&#8243; img_size=&#8221;medium&#8221; alignment=&#8221;center&#8221; el_id=&#8221;logo-potenciat&#8221;][vc_wp_custommenu nav_menu=&#8221;115&#8243;][vc_column_text]Potencia\u1d57 es un modelo innovador que busca brindar soluciones en materia de inclusi\u00f3n sociolaboral de poblaciones en situaci\u00f3n de vulneraci\u00f3n de derechos. Nuestro proyecto tiene por objetivo la creaci\u00f3n de cooperativas inclusivas y auto sustentables econ\u00f3micamente [&hellip;]","og_url":"https:\/\/www.uoh.cl\/instituto-ciencias-de-la-salud\/potenciat\/","og_site_name":"Instituto de Ciencias de la Salud","article_modified_time":"2022-09-27T20:32:32+00:00","twitter_card":"summary_large_image","twitter_misc":{"Tiempo estimado de lectura":"2 minutos"},"schema":{"@context":"https:\/\/schema.org","@graph":[{"@type":"WebPage","@id":"https:\/\/www.uoh.cl\/instituto-ciencias-de-la-salud\/potenciat\/","url":"https:\/\/www.uoh.cl\/instituto-ciencias-de-la-salud\/potenciat\/","name":"Potenciat - Instituto de Ciencias de la Salud","isPartOf":{"@id":"https:\/\/www.uoh.cl\/instituto-ciencias-de-la-salud\/#website"},"datePublished":"2022-09-27T19:11:58+00:00","dateModified":"2022-09-27T20:32:32+00:00","inLanguage":"es-CL","potentialAction":[{"@type":"ReadAction","target":["https:\/\/www.uoh.cl\/instituto-ciencias-de-la-salud\/potenciat\/"]}]},{"@type":"WebSite","@id":"https:\/\/www.uoh.cl\/instituto-ciencias-de-la-salud\/#website","url":"https:\/\/www.uoh.cl\/instituto-ciencias-de-la-salud\/","name":"Instituto de Ciencias de la Salud","description":"Otro sitio de Sitios de Universidad O'higgins","potentialAction":[{"@type":"SearchAction","target":{"@type":"EntryPoint","urlTemplate":"https:\/\/www.uoh.cl\/instituto-ciencias-de-la-salud\/?s={search_term_string}"},"query-input":{"@type":"PropertyValueSpecification","valueRequired":true,"valueName":"search_term_string"}}],"inLanguage":"es-CL"}]}},"_links":{"self":[{"href":"https:\/\/www.uoh.cl\/instituto-ciencias-de-la-salud\/wp-json\/wp\/v2\/pages\/1124","targetHints":{"allow":["GET"]}}],"collection":[{"href":"https:\/\/www.uoh.cl\/instituto-ciencias-de-la-salud\/wp-json\/wp\/v2\/pages"}],"about":[{"href":"https:\/\/www.uoh.cl\/instituto-ciencias-de-la-salud\/wp-json\/wp\/v2\/types\/page"}],"author":[{"embeddable":true,"href":"https:\/\/www.uoh.cl\/instituto-ciencias-de-la-salud\/wp-json\/wp\/v2\/users\/6"}],"replies":[{"embeddable":true,"href":"https:\/\/www.uoh.cl\/instituto-ciencias-de-la-salud\/wp-json\/wp\/v2\/comments?post=1124"}],"version-history":[{"count":21,"href":"https:\/\/www.uoh.cl\/instituto-ciencias-de-la-salud\/wp-json\/wp\/v2\/pages\/1124\/revisions"}],"predecessor-version":[{"id":1266,"href":"https:\/\/www.uoh.cl\/instituto-ciencias-de-la-salud\/wp-json\/wp\/v2\/pages\/1124\/revisions\/1266"}],"wp:attachment":[{"href":"https:\/\/www.uoh.cl\/instituto-ciencias-de-la-salud\/wp-json\/wp\/v2\/media?parent=1124"}],"curies":[{"name":"wp","href":"https:\/\/api.w.org\/{rel}","templated":true}]}}