
{"id":9,"date":"2024-08-23T14:02:56","date_gmt":"2024-08-23T18:02:56","guid":{"rendered":"https:\/\/www.uoh.cl\/innovacion\/?page_id=9"},"modified":"2026-04-06T12:47:44","modified_gmt":"2026-04-06T16:47:44","slug":"quienes-somos","status":"publish","type":"page","link":"https:\/\/www.uoh.cl\/innovacion\/quienes-somos\/","title":{"rendered":"Qui\u00e9nes Somos"},"content":{"rendered":"<div class=\"wpb-content-wrapper\"><p>[vc_row][vc_column]<div class=\"uoh_slider_featured_component component__featured-slide row mx-auto col-12 m-0 align-items-center position-relative lazyload\" style=\" background:inherit\" data-bg=\"url(https:\/\/www.uoh.cl\/innovacion\/wp-content\/uploads\/sites\/50\/2024\/08\/Foto_1_INI-1.jpg)\"><div class=\"caption--degrade\"><svg  xmlns=\"http:\/\/www.w3.org\/2000\/svg\" xmlns:xlink=\"http:\/\/www.w3.org\/1999\/xlink\" width=\"1061px\" height=\"539px\"><defs><linearGradient id=\"PSgrad_0\" x1=\"0%\" x2=\"64.279%\" y1=\"76.604%\" y2=\"0%\"><stop offset=\"0%\" stop-color=\"rgb(66,160,248)\" stop-opacity=\"1\" \/><stop offset=\"100%\" stop-color=\"rgb(66,160,248)\" stop-opacity=\"0\" \/><\/linearGradient><\/defs><path fill-rule=\"evenodd\"  fill=\"none\" d=\"M311.000,515.000 C311.000,515.000 211.039,468.555 132.000,357.000 C21.864,201.555 -4.306,4.695 1.000,0.000 L196.000,0.000 L811.000,0.000 L1061.000,0.000 C1061.000,0.000 851.535,430.030 546.000,521.000 C402.674,563.674 311.000,515.000 311.000,515.000 Z\"\/> <path fill=\"url(#PSgrad_0)\"d=\"M311.000,515.000 C311.000,515.000 211.039,468.555 132.000,357.000 C21.864,201.555 -4.306,4.695 1.000,0.000 L196.000,0.000 L811.000,0.000 L1061.000,0.000 C1061.000,0.000 851.535,430.030 546.000,521.000 C402.674,563.674 311.000,515.000 311.000,515.000 Z\"\/><\/svg><\/div><div class=\"caption--quote\"><svg xmlns=\"http:\/\/www.w3.org\/2000\/svg\" xmlns:xlink=\"http:\/\/www.w3.org\/1999\/xlink\"width=\"226px\" height=\"273px\"><defs><linearGradient id=\"PSgrad_0\" x1=\"71.934%\" x2=\"0%\" y1=\"69.466%\" y2=\"0%\"><stop offset=\"0%\" stop-color=\"rgb(66,160,248)\" stop-opacity=\"0.49\" \/><stop offset=\"100%\" stop-color=\"rgb(66,160,248)\" stop-opacity=\"0\" \/><\/linearGradient><\/defs><path fill-rule=\"evenodd\"  fill=\"none\" d=\"M-0.000,273.000 L174.000,273.000 C174.000,273.000 226.000,266.268 226.000,221.000 C226.000,175.732 226.000,-0.000 226.000,-0.000 C226.000,-0.000 24.577,71.878 -0.000,273.000 Z\"\/><path fill=\"url(#PSgrad_0)\"d=\"M-0.000,273.000 L174.000,273.000 C174.000,273.000 226.000,266.268 226.000,221.000 C226.000,175.732 226.000,-0.000 226.000,-0.000 C226.000,-0.000 24.577,71.878 -0.000,273.000 Z\"\/><\/svg><\/div><div class=\"my-uoh_slider_featured_component container mx-auto p-md-0\" ><div class=\"content component__featured-slide-content container row mx-auto aling-items-center p-0\"><h1 class=\"p-0 featured-slide title\"  style=\"\"><em>Direcci\u00f3n de<\/em>Transferencia e Innovaci\u00f3n<\/h1><ul class=\"breadcrumb breadcrumb-list\"><li><a href=\"https:\/\/www.uoh.cl\/innovacion\">Inicio<\/a><\/li><li><span class=\"separator\"><?xml version=\"1.0\" ?><svg viewBox=\"0 0 96 96\" xmlns=\"http:\/\/www.w3.org\/2000\/svg\"><title\/><path d=\"M39.3756,48.0022l30.47-25.39a6.0035,6.0035,0,0,0-7.6878-9.223L26.1563,43.3906a6.0092,6.0092,0,0,0,0,9.2231L62.1578,82.615a6.0035,6.0035,0,0,0,7.6878-9.2231Z\"\/><\/svg><\/span><\/li><li><a href=\"\"><\/a><\/li><li>Qui\u00e9nes Somos<\/li><\/ul><\/div><span><\/span><\/div><\/div>[\/vc_column][\/vc_row][vc_section el_class=&#8221;container mx-auto align-items-center circle&#8211;pattern&#8221; css=&#8221;.vc_custom_1648956589196{padding-top: 3rem !important;}&#8221;][vc_row el_class=&#8221;pb-5&#8243;][vc_column][vc_wp_custommenu nav_menu=&#8221;4&#8243;]<div class=\"breadcrumb\"><ol itemscope itemtype=\"https:\/\/schema.org\/BreadcrumbList\"><li itemprop=\"itemListElement\" itemscope itemtype=\"https:\/\/schema.org\/ListItem\"><a itemprop=\"item\" href=\"http:\/\/www.uoh.cl\"><span itemprop=\"name\">Inicio<\/span><\/a><meta itemprop=\"position\" content=\"1\" \/><li itemprop=\"itemListElement\" itemscope itemtype=\"https:\/\/schema.org\/ListItem\"><a itemprop=\"item\" href=\"https:\/\/www.uoh.cl\/innovacion\"><span itemprop=\"name\">Direcci\u00f3n de Transferencia e Innovaci\u00f3n<\/span><\/a><meta itemprop=\"position\" content=\"2\" \/><li itemprop=\"itemListElement\" itemscope itemtype=\"https:\/\/schema.org\/ListItem\"><span itemprop=\"name\">Qui\u00e9nes Somos <\/span><meta itemprop=\"position\" content=\"3\" \/><\/ol><\/div>[\/vc_column][\/vc_row][vc_row el_class=&#8221;pb-5&#8243;][vc_column width=&#8221;1\/2&#8243;]<div class=\"uoh_title_component-container\"><h2 class=\"title title--ms d-inline-block title--decorator  big-medium\">Qui\u00e9nes Somos<\/h2><\/div>[vc_column_text css=&#8221;&#8221;]La Direcci\u00f3n de Transferencia e Innovaci\u00f3n de la Universidad de O\u2019Higgins se dedica a potenciar el valor del conocimiento generado en la instituci\u00f3n mediante un sistema de innovaci\u00f3n abierta, a trav\u00e9s de la protecci\u00f3n de la propiedad intelectual e industrial y la transferencia de los resultados de investigaci\u00f3n al \u00e1mbito social y productivo de la Regi\u00f3n de O\u2019Higgins y del pa\u00eds en su totalidad.[\/vc_column_text][\/vc_column][vc_column width=&#8221;1\/2&#8243;]<div class=\"uoh_simple_image_component component__simple_image simple__image-right col-12\"><div class=\"uoh_simple_image_component\"><figure class=\"simple_image_contain\"><div> <img decoding=\"async\" data-src=\"https:\/\/www.uoh.cl\/innovacion\/wp-content\/uploads\/sites\/50\/2026\/04\/DTRI-1024x666.jpg\" class=\"w-100 lazyload\" src=\"data:image\/svg+xml;base64,PHN2ZyB3aWR0aD0iMSIgaGVpZ2h0PSIxIiB4bWxucz0iaHR0cDovL3d3dy53My5vcmcvMjAwMC9zdmciPjwvc3ZnPg==\" style=\"--smush-placeholder-width: 1024px; --smush-placeholder-aspect-ratio: 1024\/666;\"> <\/div><\/figure><\/div><\/div>[\/vc_column][\/vc_row][\/vc_section][vc_section css=&#8221;.vc_custom_1724684662718{padding-top: 3rem !important;background-color: #f6faff !important;}&#8221;][vc_row el_class=&#8221;container mx-auto align-items-center&#8221;][vc_column width=&#8221;1\/2&#8243;]<div class=\"uoh_title_component-container\"><h2 class=\"title title--ms d-inline-block title--decorator  big-medium\">Equipo<\/h2><\/div>[\/vc_column][vc_column width=&#8221;1\/2&#8243;][\/vc_column][\/vc_row][vc_row el_class=&#8221;container mx-auto align-items-flex-start&#8221;][vc_column width=&#8221;1\/5&#8243;]<div class=\"authorities-container__box\"><figure><img decoding=\"async\" data-src=\"https:\/\/www.uoh.cl\/innovacion\/wp-content\/uploads\/sites\/50\/2026\/04\/Maria-Alejandra-Cuevas-600x600.png\" src=\"data:image\/svg+xml;base64,PHN2ZyB3aWR0aD0iMSIgaGVpZ2h0PSIxIiB4bWxucz0iaHR0cDovL3d3dy53My5vcmcvMjAwMC9zdmciPjwvc3ZnPg==\" class=\"lazyload\" style=\"--smush-placeholder-width: 600px; --smush-placeholder-aspect-ratio: 600\/600;\" \/><figcaption> <div class=\"flex\">Mar\u00eda Alejandra Cuevas Arenas <span>Directora de Transferencia e Innovaci\u00f3n<\/span><\/div><\/figcaption><\/figure><\/div>[\/vc_column][vc_column width=&#8221;1\/5&#8243;]<div class=\"authorities-container__box\"><figure><img decoding=\"async\" data-src=\"https:\/\/www.uoh.cl\/innovacion\/wp-content\/uploads\/sites\/50\/2026\/04\/Pablo-Cavieres-600x600.png\" src=\"data:image\/svg+xml;base64,PHN2ZyB3aWR0aD0iMSIgaGVpZ2h0PSIxIiB4bWxucz0iaHR0cDovL3d3dy53My5vcmcvMjAwMC9zdmciPjwvc3ZnPg==\" class=\"lazyload\" style=\"--smush-placeholder-width: 600px; --smush-placeholder-aspect-ratio: 600\/600;\" \/><figcaption> <div class=\"flex\">Pablo Cavieres<span>Gestor Tecnol\u00f3gico<\/span><\/div><\/figcaption><\/figure><\/div>[\/vc_column][vc_column width=&#8221;1\/5&#8243;]<div class=\"authorities-container__box\"><figure><img decoding=\"async\" data-src=\"https:\/\/www.uoh.cl\/innovacion\/wp-content\/uploads\/sites\/50\/2026\/04\/Esteban-Reyes-600x600.png\" src=\"data:image\/svg+xml;base64,PHN2ZyB3aWR0aD0iMSIgaGVpZ2h0PSIxIiB4bWxucz0iaHR0cDovL3d3dy53My5vcmcvMjAwMC9zdmciPjwvc3ZnPg==\" class=\"lazyload\" style=\"--smush-placeholder-width: 600px; --smush-placeholder-aspect-ratio: 600\/600;\" \/><figcaption> <div class=\"flex\">Esteban Reyes<span>Especialista en Propiedad Intelectual<\/span><\/div><\/figcaption><\/figure><\/div>[\/vc_column][vc_column width=&#8221;1\/5&#8243;]<div class=\"authorities-container__box\"><figure><img decoding=\"async\" data-src=\"https:\/\/www.uoh.cl\/innovacion\/wp-content\/uploads\/sites\/50\/2026\/04\/Constanza-Delgado-600x600.png\" src=\"data:image\/svg+xml;base64,PHN2ZyB3aWR0aD0iMSIgaGVpZ2h0PSIxIiB4bWxucz0iaHR0cDovL3d3dy53My5vcmcvMjAwMC9zdmciPjwvc3ZnPg==\" class=\"lazyload\" style=\"--smush-placeholder-width: 600px; --smush-placeholder-aspect-ratio: 600\/600;\" \/><figcaption> <div class=\"flex\">Constanza Delgado<span>Coordinadora de Servicios<\/span><\/div><\/figcaption><\/figure><\/div>[\/vc_column][vc_column width=&#8221;1\/5&#8243;]<div class=\"authorities-container__box\"><figure><img decoding=\"async\" data-src=\"https:\/\/www.uoh.cl\/innovacion\/wp-content\/uploads\/sites\/50\/2026\/04\/Carlos-Santana-600x600.png\" src=\"data:image\/svg+xml;base64,PHN2ZyB3aWR0aD0iMSIgaGVpZ2h0PSIxIiB4bWxucz0iaHR0cDovL3d3dy53My5vcmcvMjAwMC9zdmciPjwvc3ZnPg==\" class=\"lazyload\" style=\"--smush-placeholder-width: 600px; --smush-placeholder-aspect-ratio: 600\/600;\" \/><figcaption> <div class=\"flex\">Carlos Santana<span>Profesional de Servicios<\/span><\/div><\/figcaption><\/figure><\/div>[\/vc_column][\/vc_row][\/vc_section][vc_section css=&#8221;.vc_custom_1724684734457{background-color: #edeff1 !important;}&#8221; el_class=&#8221;p-md-0 pt-md-5&#8243;][vc_row el_class=&#8221;container mx-auto align-items-center&#8221;][vc_column el_class=&#8221;p-0&#8243;]<div class=\"uoh_title_component-container\"><h2 class=\"title title--ms d-inline-block title--decorator  big-medium\">Contacto<\/h2><\/div>[\/vc_column][\/vc_row][vc_row el_class=&#8221;container mx-auto align-items-center&#8221; css=&#8221;.vc_custom_1724684832506{padding-bottom: 3rem !important;}&#8221;][vc_column width=&#8221;1\/3&#8243;][vc_icon icon_fontawesome=&#8221;fab fa-linkedin&#8221; color=&#8221;custom&#8221; css=&#8221;&#8221; custom_color=&#8221;#2867b2&#8243;]<div class=\"uoh_link_component pe-4 d-inline-block py-1 simple inline\"><a href=\"https:\/\/www.linkedin.com\/in\/direcci\u00f3n-de-transferencia-e-innovaci\u00f3n-578b9831a\/?originalSubdomain=cl\"\n                                    class=\"link link--bold component__btn-content\"\n                                    title\"\"\n                                    target=\"_blank\"\n                                    rel=\"\">Direcci\u00f3n de Transferencia e Innovaci\u00f3n<span class=\"icon icon--inline icon--link\"><svg version=\"1.1\" xmlns=\"http:\/\/www.w3.org\/2000\/svg\" xmlns:xlink=\"http:\/\/www.w3.org\/1999\/xlink\" x=\"0px\" y=\"0px\" width=\"22px\"height=\"22px\" viewBox=\"0 0 22 22\" style=\"overflow:visible;enable-background:new 0 0 80 64.6;\" xml:space=\"preserve\"><g clip-path=\"url(#acA)\"><path fill-rule=\"evenodd\" d=\"M21.913 11.266a.93.93 0 000-.711c-.022-.056-.063-.097-.091-.144s-.053-.103-.097-.15L12.306.294c-.357-.379-.955-.394-1.334-.038s-.394.955-.038 1.334l7.917 8.374H.927a.95.95 0 00-.908.983.946.946 0 00.908.908h17.924l-8.089 8.552c-.357.379-.341.977.034 1.334s.977.341 1.334-.034l9.594-10.148c.044-.044.063-.1.097-.15.028-.047.069-.088.091-.141z\"\/><\/g><defs><clipPath id=\"acA\"><path fill=\"#fff\" d=\"M0 0h22v22H0z\"\/><\/clipPath><\/defs><\/svg><\/span><\/a><\/div>[\/vc_column][vc_column width=&#8221;1\/3&#8243;][vc_icon icon_fontawesome=&#8221;fas fa-envelope&#8221; color=&#8221;custom&#8221; css=&#8221;&#8221; custom_color=&#8221;#2867b2&#8243;]<div class=\"uoh_link_component pe-4 d-inline-block py-1 simple inline\"><a href=\"mailto:direcci\u00f3n.transferencia@uoh.cl\"\n                                    class=\"link link--bold component__btn-content\"\n                                    title\"\"\n                                    target=\"_blank\"\n                                    rel=\"\">direcci\u00f3n.transferencia@uoh.cl<span class=\"icon icon--inline icon--link\"><svg version=\"1.1\" xmlns=\"http:\/\/www.w3.org\/2000\/svg\" xmlns:xlink=\"http:\/\/www.w3.org\/1999\/xlink\" x=\"0px\" y=\"0px\" width=\"22px\"height=\"22px\" viewBox=\"0 0 22 22\" style=\"overflow:visible;enable-background:new 0 0 80 64.6;\" xml:space=\"preserve\"><g clip-path=\"url(#acA)\"><path fill-rule=\"evenodd\" d=\"M21.913 11.266a.93.93 0 000-.711c-.022-.056-.063-.097-.091-.144s-.053-.103-.097-.15L12.306.294c-.357-.379-.955-.394-1.334-.038s-.394.955-.038 1.334l7.917 8.374H.927a.95.95 0 00-.908.983.946.946 0 00.908.908h17.924l-8.089 8.552c-.357.379-.341.977.034 1.334s.977.341 1.334-.034l9.594-10.148c.044-.044.063-.1.097-.15.028-.047.069-.088.091-.141z\"\/><\/g><defs><clipPath id=\"acA\"><path fill=\"#fff\" d=\"M0 0h22v22H0z\"\/><\/clipPath><\/defs><\/svg><\/span><\/a><\/div>[\/vc_column][vc_column width=&#8221;1\/3&#8243;][vc_single_image image=&#8221;53&#8243; img_size=&#8221;240&#215;240&#8243; css=&#8221;&#8221;][\/vc_column][\/vc_row][\/vc_section]<\/p>\n<\/div>","protected":false},"excerpt":{"rendered":"<p>[vc_row][vc_column][\/vc_column][\/vc_row][vc_section el_class=&#8221;container mx-auto align-items-center circle&#8211;pattern&#8221; css=&#8221;.vc_custom_1648956589196{padding-top: 3rem !important;}&#8221;][vc_row el_class=&#8221;pb-5&#8243;][vc_column][vc_wp_custommenu nav_menu=&#8221;4&#8243;][\/vc_column][\/vc_row][vc_row el_class=&#8221;pb-5&#8243;][vc_column width=&#8221;1\/2&#8243;][vc_column_text css=&#8221;&#8221;]La Direcci\u00f3n de Transferencia e Innovaci\u00f3n de la Universidad de O\u2019Higgins se dedica a potenciar el valor del conocimiento generado en la instituci\u00f3n mediante un sistema de innovaci\u00f3n abierta, a trav\u00e9s de la protecci\u00f3n de la propiedad intelectual e industrial y la transferencia [&hellip;]<\/p>\n","protected":false},"author":39,"featured_media":0,"parent":0,"menu_order":0,"comment_status":"closed","ping_status":"closed","template":"","meta":{"_acf_changed":false,"footnotes":""},"class_list":["post-9","page","type-page","status-publish","hentry"],"acf":[],"yoast_head":"<!-- This site is optimized with the Yoast SEO plugin v26.6 - https:\/\/yoast.com\/wordpress\/plugins\/seo\/ -->\n<title>Qui\u00e9nes Somos - Direcci\u00f3n de Transferencia e Innovaci\u00f3n<\/title>\n<meta name=\"robots\" content=\"index, follow, max-snippet:-1, max-image-preview:large, max-video-preview:-1\" \/>\n<link rel=\"canonical\" href=\"https:\/\/www.uoh.cl\/innovacion\/quienes-somos\/\" \/>\n<meta property=\"og:locale\" content=\"es_ES\" \/>\n<meta property=\"og:type\" content=\"article\" \/>\n<meta property=\"og:title\" content=\"Qui\u00e9nes Somos - Direcci\u00f3n de Transferencia e Innovaci\u00f3n\" \/>\n<meta property=\"og:description\" content=\"[vc_row][vc_column][\/vc_column][\/vc_row][vc_section el_class=&#8221;container mx-auto align-items-center circle&#8211;pattern&#8221; css=&#8221;.vc_custom_1648956589196{padding-top: 3rem !important;}&#8221;][vc_row el_class=&#8221;pb-5&#8243;][vc_column][vc_wp_custommenu nav_menu=&#8221;4&#8243;][\/vc_column][\/vc_row][vc_row el_class=&#8221;pb-5&#8243;][vc_column width=&#8221;1\/2&#8243;][vc_column_text css=&#8221;&#8221;]La Direcci\u00f3n de Transferencia e Innovaci\u00f3n de la Universidad de O\u2019Higgins se dedica a potenciar el valor del conocimiento generado en la instituci\u00f3n mediante un sistema de innovaci\u00f3n abierta, a trav\u00e9s de la protecci\u00f3n de la propiedad intelectual e industrial y la transferencia [&hellip;]\" \/>\n<meta property=\"og:url\" content=\"https:\/\/www.uoh.cl\/innovacion\/quienes-somos\/\" \/>\n<meta property=\"og:site_name\" content=\"Direcci\u00f3n de Transferencia e Innovaci\u00f3n\" \/>\n<meta property=\"article:modified_time\" content=\"2026-04-06T16:47:44+00:00\" \/>\n<meta name=\"twitter:card\" content=\"summary_large_image\" \/>\n<meta name=\"twitter:label1\" content=\"Tiempo estimado de lectura\" \/>\n\t<meta name=\"twitter:data1\" content=\"3 minutos\" \/>\n<script type=\"application\/ld+json\" class=\"yoast-schema-graph\">{\"@context\":\"https:\/\/schema.org\",\"@graph\":[{\"@type\":\"WebPage\",\"@id\":\"https:\/\/www.uoh.cl\/innovacion\/quienes-somos\/\",\"url\":\"https:\/\/www.uoh.cl\/innovacion\/quienes-somos\/\",\"name\":\"Qui\u00e9nes Somos - Direcci\u00f3n de Transferencia e Innovaci\u00f3n\",\"isPartOf\":{\"@id\":\"https:\/\/www.uoh.cl\/innovacion\/#website\"},\"datePublished\":\"2024-08-23T18:02:56+00:00\",\"dateModified\":\"2026-04-06T16:47:44+00:00\",\"breadcrumb\":{\"@id\":\"https:\/\/www.uoh.cl\/innovacion\/quienes-somos\/#breadcrumb\"},\"inLanguage\":\"es-CL\",\"potentialAction\":[{\"@type\":\"ReadAction\",\"target\":[\"https:\/\/www.uoh.cl\/innovacion\/quienes-somos\/\"]}]},{\"@type\":\"BreadcrumbList\",\"@id\":\"https:\/\/www.uoh.cl\/innovacion\/quienes-somos\/#breadcrumb\",\"itemListElement\":[{\"@type\":\"ListItem\",\"position\":1,\"name\":\"Portada\",\"item\":\"https:\/\/www.uoh.cl\/innovacion\/\"},{\"@type\":\"ListItem\",\"position\":2,\"name\":\"Qui\u00e9nes Somos\"}]},{\"@type\":\"WebSite\",\"@id\":\"https:\/\/www.uoh.cl\/innovacion\/#website\",\"url\":\"https:\/\/www.uoh.cl\/innovacion\/\",\"name\":\"Direcci\u00f3n de Transferencia e Innovaci\u00f3n\",\"description\":\"\",\"publisher\":{\"@id\":\"https:\/\/www.uoh.cl\/innovacion\/#organization\"},\"potentialAction\":[{\"@type\":\"SearchAction\",\"target\":{\"@type\":\"EntryPoint\",\"urlTemplate\":\"https:\/\/www.uoh.cl\/innovacion\/?s={search_term_string}\"},\"query-input\":{\"@type\":\"PropertyValueSpecification\",\"valueRequired\":true,\"valueName\":\"search_term_string\"}}],\"inLanguage\":\"es-CL\"},{\"@type\":\"Organization\",\"@id\":\"https:\/\/www.uoh.cl\/innovacion\/#organization\",\"name\":\"Direcci\u00f3n de Transferencia e Innovaci\u00f3n\",\"url\":\"https:\/\/www.uoh.cl\/innovacion\/\",\"logo\":{\"@type\":\"ImageObject\",\"inLanguage\":\"es-CL\",\"@id\":\"https:\/\/www.uoh.cl\/innovacion\/#\/schema\/logo\/image\/\",\"url\":\"https:\/\/www.uoh.cl\/innovacion\/wp-content\/uploads\/sites\/50\/2024\/08\/Ddetei.svg\",\"contentUrl\":\"https:\/\/www.uoh.cl\/innovacion\/wp-content\/uploads\/sites\/50\/2024\/08\/Ddetei.svg\",\"caption\":\"Direcci\u00f3n de Transferencia e Innovaci\u00f3n\"},\"image\":{\"@id\":\"https:\/\/www.uoh.cl\/innovacion\/#\/schema\/logo\/image\/\"}}]}<\/script>\n<!-- \/ Yoast SEO plugin. -->","yoast_head_json":{"title":"Qui\u00e9nes Somos - Direcci\u00f3n de Transferencia e Innovaci\u00f3n","robots":{"index":"index","follow":"follow","max-snippet":"max-snippet:-1","max-image-preview":"max-image-preview:large","max-video-preview":"max-video-preview:-1"},"canonical":"https:\/\/www.uoh.cl\/innovacion\/quienes-somos\/","og_locale":"es_ES","og_type":"article","og_title":"Qui\u00e9nes Somos - Direcci\u00f3n de Transferencia e Innovaci\u00f3n","og_description":"[vc_row][vc_column][\/vc_column][\/vc_row][vc_section el_class=&#8221;container mx-auto align-items-center circle&#8211;pattern&#8221; css=&#8221;.vc_custom_1648956589196{padding-top: 3rem !important;}&#8221;][vc_row el_class=&#8221;pb-5&#8243;][vc_column][vc_wp_custommenu nav_menu=&#8221;4&#8243;][\/vc_column][\/vc_row][vc_row el_class=&#8221;pb-5&#8243;][vc_column width=&#8221;1\/2&#8243;][vc_column_text css=&#8221;&#8221;]La Direcci\u00f3n de Transferencia e Innovaci\u00f3n de la Universidad de O\u2019Higgins se dedica a potenciar el valor del conocimiento generado en la instituci\u00f3n mediante un sistema de innovaci\u00f3n abierta, a trav\u00e9s de la protecci\u00f3n de la propiedad intelectual e industrial y la transferencia [&hellip;]","og_url":"https:\/\/www.uoh.cl\/innovacion\/quienes-somos\/","og_site_name":"Direcci\u00f3n de Transferencia e Innovaci\u00f3n","article_modified_time":"2026-04-06T16:47:44+00:00","twitter_card":"summary_large_image","twitter_misc":{"Tiempo estimado de lectura":"3 minutos"},"schema":{"@context":"https:\/\/schema.org","@graph":[{"@type":"WebPage","@id":"https:\/\/www.uoh.cl\/innovacion\/quienes-somos\/","url":"https:\/\/www.uoh.cl\/innovacion\/quienes-somos\/","name":"Qui\u00e9nes Somos - Direcci\u00f3n de Transferencia e Innovaci\u00f3n","isPartOf":{"@id":"https:\/\/www.uoh.cl\/innovacion\/#website"},"datePublished":"2024-08-23T18:02:56+00:00","dateModified":"2026-04-06T16:47:44+00:00","breadcrumb":{"@id":"https:\/\/www.uoh.cl\/innovacion\/quienes-somos\/#breadcrumb"},"inLanguage":"es-CL","potentialAction":[{"@type":"ReadAction","target":["https:\/\/www.uoh.cl\/innovacion\/quienes-somos\/"]}]},{"@type":"BreadcrumbList","@id":"https:\/\/www.uoh.cl\/innovacion\/quienes-somos\/#breadcrumb","itemListElement":[{"@type":"ListItem","position":1,"name":"Portada","item":"https:\/\/www.uoh.cl\/innovacion\/"},{"@type":"ListItem","position":2,"name":"Qui\u00e9nes Somos"}]},{"@type":"WebSite","@id":"https:\/\/www.uoh.cl\/innovacion\/#website","url":"https:\/\/www.uoh.cl\/innovacion\/","name":"Direcci\u00f3n de Transferencia e Innovaci\u00f3n","description":"","publisher":{"@id":"https:\/\/www.uoh.cl\/innovacion\/#organization"},"potentialAction":[{"@type":"SearchAction","target":{"@type":"EntryPoint","urlTemplate":"https:\/\/www.uoh.cl\/innovacion\/?s={search_term_string}"},"query-input":{"@type":"PropertyValueSpecification","valueRequired":true,"valueName":"search_term_string"}}],"inLanguage":"es-CL"},{"@type":"Organization","@id":"https:\/\/www.uoh.cl\/innovacion\/#organization","name":"Direcci\u00f3n de Transferencia e Innovaci\u00f3n","url":"https:\/\/www.uoh.cl\/innovacion\/","logo":{"@type":"ImageObject","inLanguage":"es-CL","@id":"https:\/\/www.uoh.cl\/innovacion\/#\/schema\/logo\/image\/","url":"https:\/\/www.uoh.cl\/innovacion\/wp-content\/uploads\/sites\/50\/2024\/08\/Ddetei.svg","contentUrl":"https:\/\/www.uoh.cl\/innovacion\/wp-content\/uploads\/sites\/50\/2024\/08\/Ddetei.svg","caption":"Direcci\u00f3n de Transferencia e Innovaci\u00f3n"},"image":{"@id":"https:\/\/www.uoh.cl\/innovacion\/#\/schema\/logo\/image\/"}}]}},"_links":{"self":[{"href":"https:\/\/www.uoh.cl\/innovacion\/wp-json\/wp\/v2\/pages\/9","targetHints":{"allow":["GET"]}}],"collection":[{"href":"https:\/\/www.uoh.cl\/innovacion\/wp-json\/wp\/v2\/pages"}],"about":[{"href":"https:\/\/www.uoh.cl\/innovacion\/wp-json\/wp\/v2\/types\/page"}],"author":[{"embeddable":true,"href":"https:\/\/www.uoh.cl\/innovacion\/wp-json\/wp\/v2\/users\/39"}],"replies":[{"embeddable":true,"href":"https:\/\/www.uoh.cl\/innovacion\/wp-json\/wp\/v2\/comments?post=9"}],"version-history":[{"count":22,"href":"https:\/\/www.uoh.cl\/innovacion\/wp-json\/wp\/v2\/pages\/9\/revisions"}],"predecessor-version":[{"id":364,"href":"https:\/\/www.uoh.cl\/innovacion\/wp-json\/wp\/v2\/pages\/9\/revisions\/364"}],"wp:attachment":[{"href":"https:\/\/www.uoh.cl\/innovacion\/wp-json\/wp\/v2\/media?parent=9"}],"curies":[{"name":"wp","href":"https:\/\/api.w.org\/{rel}","templated":true}]}}