
{"id":5,"date":"2022-09-23T10:20:18","date_gmt":"2022-09-23T13:20:18","guid":{"rendered":"https:\/\/www.uoh.cl\/fabrica-digital\/?page_id=5"},"modified":"2024-09-04T18:27:06","modified_gmt":"2024-09-04T21:27:06","slug":"fabrica-digital","status":"publish","type":"page","link":"https:\/\/www.uoh.cl\/fabrica-digital\/","title":{"rendered":"F\u00e1brica Digital"},"content":{"rendered":"<div class=\"wpb-content-wrapper\"><p>[vc_row][vc_column]<div class=\"uoh_slider_featured_component component__featured-slide row mx-auto col-12 m-0 align-items-center position-relative lazyload\" style=\" background:inherit\" data-bg=\"url(https:\/\/www.uoh.cl\/fabrica-digital\/wp-content\/uploads\/sites\/40\/2022\/09\/home.jpg)\"><div class=\"caption--degrade\"><svg  xmlns=\"http:\/\/www.w3.org\/2000\/svg\" xmlns:xlink=\"http:\/\/www.w3.org\/1999\/xlink\" width=\"1061px\" height=\"539px\"><defs><linearGradient id=\"PSgrad_0\" x1=\"0%\" x2=\"64.279%\" y1=\"76.604%\" y2=\"0%\"><stop offset=\"0%\" stop-color=\"rgb(66,160,248)\" stop-opacity=\"1\" \/><stop offset=\"100%\" stop-color=\"rgb(66,160,248)\" stop-opacity=\"0\" \/><\/linearGradient><\/defs><path fill-rule=\"evenodd\"  fill=\"none\" d=\"M311.000,515.000 C311.000,515.000 211.039,468.555 132.000,357.000 C21.864,201.555 -4.306,4.695 1.000,0.000 L196.000,0.000 L811.000,0.000 L1061.000,0.000 C1061.000,0.000 851.535,430.030 546.000,521.000 C402.674,563.674 311.000,515.000 311.000,515.000 Z\"\/> <path fill=\"url(#PSgrad_0)\"d=\"M311.000,515.000 C311.000,515.000 211.039,468.555 132.000,357.000 C21.864,201.555 -4.306,4.695 1.000,0.000 L196.000,0.000 L811.000,0.000 L1061.000,0.000 C1061.000,0.000 851.535,430.030 546.000,521.000 C402.674,563.674 311.000,515.000 311.000,515.000 Z\"\/><\/svg><\/div><div class=\"caption--quote\"><svg xmlns=\"http:\/\/www.w3.org\/2000\/svg\" xmlns:xlink=\"http:\/\/www.w3.org\/1999\/xlink\"width=\"226px\" height=\"273px\"><defs><linearGradient id=\"PSgrad_0\" x1=\"71.934%\" x2=\"0%\" y1=\"69.466%\" y2=\"0%\"><stop offset=\"0%\" stop-color=\"rgb(66,160,248)\" stop-opacity=\"0.49\" \/><stop offset=\"100%\" stop-color=\"rgb(66,160,248)\" stop-opacity=\"0\" \/><\/linearGradient><\/defs><path fill-rule=\"evenodd\"  fill=\"none\" d=\"M-0.000,273.000 L174.000,273.000 C174.000,273.000 226.000,266.268 226.000,221.000 C226.000,175.732 226.000,-0.000 226.000,-0.000 C226.000,-0.000 24.577,71.878 -0.000,273.000 Z\"\/><path fill=\"url(#PSgrad_0)\"d=\"M-0.000,273.000 L174.000,273.000 C174.000,273.000 226.000,266.268 226.000,221.000 C226.000,175.732 226.000,-0.000 226.000,-0.000 C226.000,-0.000 24.577,71.878 -0.000,273.000 Z\"\/><\/svg><\/div><div class=\"my-uoh_slider_featured_component container mx-auto p-md-0\" ><div class=\"content component__featured-slide-content container row mx-auto aling-items-center p-0\"><h1 class=\"p-0 featured-slide title\"  style=\"\"><em>F\u00e1brica Digital<\/em>Aprende a prototipar tus ideas<\/h1><ul class=\"breadcrumb breadcrumb-list\"><li><a href=\"https:\/\/www.uoh.cl\/fabrica-digital\">Inicio<\/a><\/li><li><span class=\"separator\"><?xml version=\"1.0\" ?><svg viewBox=\"0 0 96 96\" xmlns=\"http:\/\/www.w3.org\/2000\/svg\"><title\/><path d=\"M39.3756,48.0022l30.47-25.39a6.0035,6.0035,0,0,0-7.6878-9.223L26.1563,43.3906a6.0092,6.0092,0,0,0,0,9.2231L62.1578,82.615a6.0035,6.0035,0,0,0,7.6878-9.2231Z\"\/><\/svg><\/span><\/li><li><a href=\"\"><\/a><\/li><li>F\u00e1brica Digital<\/li><\/ul><\/div><span><\/span><\/div><\/div>[\/vc_column][\/vc_row][vc_section el_class=&#8221;container mx-auto align-items-center text-right circle&#8211;pattern&#8221; css=&#8221;.vc_custom_1648956589196{padding-top: 3rem !important;}&#8221;][vc_row el_class=&#8221;pb-5&#8243;][vc_column]<div class=\"uoh_title_component-container\"><h1 class=\"title title--ms d-inline-block title--decorator  big\">\u00bfQu\u00e9 es la F\u00e1brica Digital O&#8217;Higgins?<\/h1><\/div>[vc_column_text css=&#8221;&#8221;]<\/p>\n<p class=\"CDt4Ke zfr3Q\" dir=\"ltr\" data-wakoopa-seen=\"true\"><span data-wakoopa-seen=\"true\">Es el primer Fablab de la Regi\u00f3n de O\u2019Higgins. Es un espacio para aprender sobre nuevas tecnolog\u00edas y crear objetos por medio de la fabricaci\u00f3n digital.<\/span><\/p>\n<p class=\"CDt4Ke zfr3Q\" dir=\"ltr\" data-wakoopa-seen=\"true\"><span data-wakoopa-seen=\"true\">\u00a1Aprender a controlar m\u00e1quinas especializadas desde un computador puede ayudarte a construir casi cualquier cosa! Queremos que vengan personas con ideas para prototipar y validar soluciones a problem\u00e1ticas reales.<\/span><\/p>\n<p>[\/vc_column_text][vc_media_grid element_width=&#8221;3&#8243; grid_id=&#8221;vc_gid:1725485184083-8726bcad-6c69-4&#8243; include=&#8221;88,87,86,85,84,83,82,81&#8243; el_class=&#8221;mt-5&#8243;][\/vc_column][\/vc_row][\/vc_section][vc_section css=&#8221;.vc_custom_1663940404659{background-color: #f6faff !important;}&#8221; el_class=&#8221;p-md-0 pt-md-5 pb-md-5&#8243;][vc_row el_class=&#8221;container mx-auto align-items-center text-right p-md-0 pt-5&#8243;][vc_column el_class=&#8221;p-0&#8243;]<div class=\"uoh_title_component-container\"><h2 class=\"title title--ms d-inline-block title--decorator  medium\">Apoyamos proyectos de<\/h2><\/div>[vc_row_inner el_class=&#8221;text-center&#8221;][vc_column_inner width=&#8221;1\/4&#8243;][vc_single_image image=&#8221;51&#8243; img_size=&#8221;medium&#8221; alignment=&#8221;center&#8221;]<div class=\"uoh_title_component-container\"><h2 class=\"title title--ms d-inline-block medium\">Educaci\u00f3n<\/h2><\/div>[vc_column_text]Incorpora la fabricaci\u00f3n digital en el aprendizaje para fortalecer competencias.[\/vc_column_text][\/vc_column_inner][vc_column_inner width=&#8221;1\/4&#8243;][vc_single_image image=&#8221;52&#8243; img_size=&#8221;medium&#8221; alignment=&#8221;center&#8221;]<div class=\"uoh_title_component-container\"><h2 class=\"title title--ms d-inline-block medium\">Emprendimiento<\/h2><\/div>[vc_column_text]Desarrolla de manera r\u00e1pida nuevas soluciones tecnol\u00f3gicas para tu negocio.[\/vc_column_text][\/vc_column_inner][vc_column_inner width=&#8221;1\/4&#8243;][vc_single_image image=&#8221;55&#8243; img_size=&#8221;medium&#8221; alignment=&#8221;center&#8221;]<div class=\"uoh_title_component-container\"><h2 class=\"title title--ms d-inline-block medium\">Investigaci\u00f3n<\/h2><\/div>[vc_column_text]Expande tus posibilidades de experimentaci\u00f3n gracias a la fabricaci\u00f3n digital y el prototipado.[\/vc_column_text][\/vc_column_inner][vc_column_inner width=&#8221;1\/4&#8243;][vc_single_image image=&#8221;53&#8243; img_size=&#8221;medium&#8221; alignment=&#8221;center&#8221;]<div class=\"uoh_title_component-container\"><h2 class=\"title title--ms d-inline-block medium\">Empresas<\/h2><\/div>[vc_column_text]Aplica nuevas tecnolog\u00edas para optimizar tus procesos productivos.[\/vc_column_text][\/vc_column_inner][\/vc_row_inner][\/vc_column][\/vc_row][\/vc_section][vc_section el_class=&#8221;p-md-0 pt-md-5 pb-md-5&#8243;][vc_row el_class=&#8221;container mx-auto align-items-center text-right p-md-0 pt-5&#8243;][vc_column el_class=&#8221;p-0&#8243;]<div class=\"uoh_title_component-container\"><h2 class=\"title title--ms d-inline-block title--decorator  medium\">\u00bfC\u00f3mo funciona?<\/h2><\/div>[vc_row_inner equal_height=&#8221;yes&#8221; content_placement=&#8221;middle&#8221; el_class=&#8221;text-center&#8221;][vc_column_inner width=&#8221;1\/3&#8243;][vc_single_image image=&#8221;49&#8243; alignment=&#8221;center&#8221;]<div class=\"uoh_title_component-container\"><h2 class=\"title title--ms d-inline-block medium\">Conozc\u00e1monos<\/h2><\/div>[vc_column_text css=&#8221;&#8221;]Cont\u00e1ctanos si tienes ganas de aprender haciendo, conocer nuevas tecnolog\u00edas, o si trabajas en un proyecto que requiere de fabricaci\u00f3n digital.[\/vc_column_text]<div class=\"uoh_link_component pe-4 d-inline-block py-1 button_icon inline\"><i class=\"me-2 fas fa-arrow-right\" style=\"color: #42a0f8\"><\/i><span>Ver m\u00e1s<\/span><\/div>[\/vc_column_inner][vc_column_inner width=&#8221;1\/3&#8243;][vc_single_image image=&#8221;50&#8243; alignment=&#8221;center&#8221;]<div class=\"uoh_title_component-container\"><h2 class=\"title title--ms d-inline-block medium\">Crea tu dise\u00f1o digital<\/h2><\/div>[vc_column_text]Dise\u00f1a tu prototipo con los programas recomendados seg\u00fan la tecnolog\u00eda que necesites utilizar.<\/p>\n<p>[\/vc_column_text]<div class=\"uoh_link_component pe-4 d-inline-block py-1 button_icon inline\"><i class=\"me-2 fas fa-arrow-right\" style=\"color: #42a0f8\"><\/i><span>Ver m\u00e1s<\/span><\/div>[\/vc_column_inner][vc_column_inner width=&#8221;1\/3&#8243;][vc_single_image image=&#8221;54&#8243; alignment=&#8221;center&#8221;]<div class=\"uoh_title_component-container\"><h2 class=\"title title--ms d-inline-block medium\">Fabrica tu prototipo<\/h2><\/div>[vc_column_text]Revisa los tutoriales, capac\u00edtate y aprende a utilizar las m\u00e1quinas que necesitas. Debes solicitar una hora para visitarnos.<\/p>\n<p>&nbsp;<\/p>\n<p>[\/vc_column_text]<div class=\"uoh_link_component pe-4 d-inline-block py-1 button_icon inline\"><i class=\"me-2 fas fa-arrow-right\" style=\"color: #42a0f8\"><\/i><span>Ver m\u00e1s<\/span><\/div>[\/vc_column_inner][\/vc_row_inner][\/vc_column][\/vc_row][\/vc_section][vc_section css=&#8221;.vc_custom_1663940404659{background-color: #f6faff !important;}&#8221; el_class=&#8221;p-md-0 pt-md-5 pb-md-5&#8243;][vc_row el_class=&#8221;container mx-auto align-items-center text-right p-md-0 pt-5&#8243;][vc_column el_class=&#8221;p-0&#8243;]<div class=\"uoh_title_component-container\"><h2 class=\"title title--ms d-inline-block title--decorator  medium\">\u00bfC\u00f3mo utilizar la F\u00e1brica?<\/h2><\/div>[vc_row_inner][vc_column_inner][vc_single_image image=&#8221;89&#8243; img_size=&#8221;full&#8221; alignment=&#8221;center&#8221;][\/vc_column_inner][\/vc_row_inner][\/vc_column][\/vc_row][\/vc_section][vc_section el_class=&#8221;p-md-0 pt-md-5 pb-md-5&#8243;][vc_row el_class=&#8221;container mx-auto align-items-center text-right p-md-0 pt-5&#8243;][vc_column el_class=&#8221;p-0&#8243;]<div class=\"uoh_title_component-container\"><h2 class=\"title title--ms d-inline-block title--decorator  medium\">Cont\u00e1ctanos<\/h2><\/div>\n<div class=\"wpcf7 no-js\" id=\"wpcf7-f492-o1\" lang=\"es-CL\" dir=\"ltr\" data-wpcf7-id=\"492\">\n<div class=\"screen-reader-response\"><p role=\"status\" aria-live=\"polite\" aria-atomic=\"true\"><\/p> <ul><\/ul><\/div>\n<form action=\"\/fabrica-digital\/wp-json\/wp\/v2\/pages\/5#wpcf7-f492-o1\" method=\"post\" class=\"wpcf7-form init\" aria-label=\"Formulario de contacto\" novalidate=\"novalidate\" data-status=\"init\">\n<fieldset class=\"hidden-fields-container\"><input type=\"hidden\" name=\"_wpcf7\" value=\"492\" \/><input type=\"hidden\" name=\"_wpcf7_version\" value=\"6.1.4\" \/><input type=\"hidden\" name=\"_wpcf7_locale\" value=\"es_CL\" \/><input type=\"hidden\" name=\"_wpcf7_unit_tag\" value=\"wpcf7-f492-o1\" \/><input type=\"hidden\" name=\"_wpcf7_container_post\" value=\"0\" \/><input type=\"hidden\" name=\"_wpcf7_posted_data_hash\" value=\"\" \/><input type=\"hidden\" name=\"_wpcf7cf_hidden_group_fields\" value=\"[]\" \/><input type=\"hidden\" name=\"_wpcf7cf_hidden_groups\" value=\"[]\" \/><input type=\"hidden\" name=\"_wpcf7cf_visible_groups\" value=\"[]\" \/><input type=\"hidden\" name=\"_wpcf7cf_repeaters\" value=\"[]\" \/><input type=\"hidden\" name=\"_wpcf7cf_steps\" value=\"{}\" \/><input type=\"hidden\" name=\"_wpcf7cf_options\" value=\"{&quot;form_id&quot;:492,&quot;conditions&quot;:[],&quot;settings&quot;:{&quot;animation&quot;:&quot;yes&quot;,&quot;animation_intime&quot;:200,&quot;animation_outtime&quot;:200,&quot;conditions_ui&quot;:&quot;normal&quot;,&quot;notice_dismissed&quot;:false}}\" \/><input type=\"hidden\" name=\"_wpcf7_recaptcha_response\" value=\"\" \/>\n<\/fieldset>\n<p><small>Los elementos con (*) son obligatorios<\/small>\n<\/p>\n<p><label> Nombre*<br \/>\n<span class=\"wpcf7-form-control-wrap\" data-name=\"nombre\"><input size=\"40\" maxlength=\"400\" class=\"wpcf7-form-control wpcf7-text wpcf7-validates-as-required\" aria-required=\"true\" aria-invalid=\"false\" placeholder=\"Nombre\" value=\"\" type=\"text\" name=\"nombre\" \/><\/span> <\/label>\n<\/p>\n<p><label> Correo*<br \/>\n<span class=\"wpcf7-form-control-wrap\" data-name=\"email\"><input size=\"40\" maxlength=\"400\" class=\"wpcf7-form-control wpcf7-email wpcf7-validates-as-required wpcf7-text wpcf7-validates-as-email\" aria-required=\"true\" aria-invalid=\"false\" placeholder=\"Correo\" value=\"\" type=\"email\" name=\"email\" \/><\/span> <\/label>\n<\/p>\n<p><label> Asunto \/ Nombre del Proyecto<br \/>\n<span class=\"wpcf7-form-control-wrap\" data-name=\"asunto\"><input size=\"40\" maxlength=\"400\" class=\"wpcf7-form-control wpcf7-text wpcf7-validates-as-required\" aria-required=\"true\" aria-invalid=\"false\" placeholder=\"Asunto \/ Nombre del Proyecto\" value=\"\" type=\"text\" name=\"asunto\" \/><\/span> <\/label>\n<\/p>\n<p><label> Mensaje*<br \/>\n<span class=\"wpcf7-form-control-wrap\" data-name=\"mensaje\"><textarea cols=\"40\" rows=\"10\" maxlength=\"2000\" class=\"wpcf7-form-control wpcf7-textarea wpcf7-validates-as-required\" aria-required=\"true\" aria-invalid=\"false\" placeholder=\"Mensaje\" name=\"mensaje\"><\/textarea><\/span> <\/label>\n<\/p>\n<p><p><span class=\"wpcf7-form-control-wrap\"><div class=\"f12-captcha template-2\">\r\n    <div class=\"c-header\">\r\n        <!-- Label korrekt mit `for` verkn\u00fcpfen -->\r\n        <div class=\"c-label\">\r\n            <label for=\"c_b6c73f6ac97e78def208\">\r\n\t\t\t\tCaptcha            <\/label>\r\n        <\/div>\r\n\r\n        <!-- CAPTCHA-Daten mit Aria LIVE markieren -->\r\n        <div class=\"c-data\" aria-live=\"polite\" aria-atomic=\"true\" aria-describedby=\"captcha-instructions\">\r\n\t\t\t<span class=\"captcha-calculation\">9 - 3 = ?<\/span>        <\/div>\r\n\r\n        <!-- CAPTCHA Reload mit Tastenzug\u00e4nglichkeit -->\r\n        <div class=\"c-reload\" role=\"button\" tabindex=\"0\" aria-label=\"Refresh CAPTCHA\">\r\n\t\t\t<a href=\"javascript:void(0);\" class=\"cf7 captcha-reload\" title=\"Reload Captcha\"><img decoding=\"async\" style=\"--smush-placeholder-width: 16px; --smush-placeholder-aspect-ratio: 16\/16;margin-top:5px;\" data-src=\"https:\/\/www.uoh.cl\/fabrica-digital\/wp-content\/plugins\/captcha-for-contact-form-7\/core\/assets\/reload-icon.png\" alt=\"Reload\" src=\"data:image\/svg+xml;base64,PHN2ZyB3aWR0aD0iMSIgaGVpZ2h0PSIxIiB4bWxucz0iaHR0cDovL3d3dy53My5vcmcvMjAwMC9zdmciPjwvc3ZnPg==\" class=\"lazyload\" \/><\/a>        <\/div>\r\n    <\/div>\r\n\r\n    <!-- Versteckte Eingabewerte -->\r\n    <input type=\"hidden\" id=\"hash_c_b6c73f6ac97e78def208\"\r\n           name=\"f12_captcha_hash\"\r\n           value=\"$2y$10$WFK\/NESEttW9glohOki4n.o7sHeFHNLMZ9zSjUM6HkEe87TsGFeGa\"\/>\r\n\r\n    <!-- Eingabefeld mit Barrierefreiheitsattributen -->\r\n    <div class=\"\" >\r\n        <input class=\"f12c \"\r\n               data-method=\"math\"                type=\"text\"\r\n               id=\"c_b6c73f6ac97e78def208\"\r\n               name=\"f12_captcha\"\r\n               placeholder=\"Captcha\"\r\n               value=\"\"\r\n               aria-required=\"true\"\r\n               aria-describedby=\"captcha-instructions\"\/>\r\n    <\/div>\r\n\r\n    <!-- Screenreader-Hinweise -->\r\n    <p id=\"captcha-instructions\" class=\"screen-reader-text\">\r\n\t\tPlease enter the characters shown in the CAPTCHA to verify that you are human.    <\/p>\r\n<\/div><\/span><\/p><input class=\"wpcf7-form-control wpcf7-submit has-spinner\" type=\"submit\" value=\"Enviar\" \/>\n<\/p><div class=\"wpcf7-response-output\" aria-hidden=\"true\"><\/div>\n<\/form>\n<\/div>\n[\/vc_column][\/vc_row][\/vc_section][vc_section el_class=&#8221;p-md-0 pt-md-5 pb-md-5 text-center&#8221; css=&#8221;.vc_custom_1663942247343{background-color: #000000 !important;}&#8221;][vc_row el_class=&#8221;container mx-auto align-items-center text-right p-md-0 pt-5&#8243;][vc_column el_class=&#8221;p-0&#8243;][vc_column_text]<span style=\"color: #ffffff\">Proyecto financiado a trav\u00e9s del Fondo de Innovaci\u00f3n para la Competitividad del Gobierno Regional de O&#8217;Higgins y su Consejo\u00a0Regional, enmarcado en la Estrategia Regional de Innovaci\u00f3n.<\/span><\/p>\n<p><span style=\"color: #ffffff\"><strong>&#8220;Innovaci\u00f3n, la clave para el desarrollo de los territorios&#8221;<\/strong><\/span>[\/vc_column_text][vc_row_inner el_class=&#8221;align-items-center&#8221;][vc_column_inner width=&#8221;1\/3&#8243;][vc_single_image image=&#8221;47&#8243; img_size=&#8221;medium&#8221; alignment=&#8221;center&#8221; el_class=&#8221;p-4&#8243;][\/vc_column_inner][vc_column_inner width=&#8221;1\/3&#8243;][vc_single_image image=&#8221;48&#8243; img_size=&#8221;medium&#8221; alignment=&#8221;center&#8221; el_class=&#8221;p-4&#8243;][\/vc_column_inner][vc_column_inner width=&#8221;1\/3&#8243;][vc_single_image image=&#8221;46&#8243; img_size=&#8221;medium&#8221; alignment=&#8221;center&#8221; el_class=&#8221;p-4&#8243;][\/vc_column_inner][\/vc_row_inner][\/vc_column][\/vc_row][\/vc_section]<\/p>\n<\/div>","protected":false},"excerpt":{"rendered":"<p>[vc_row][vc_column][\/vc_column][\/vc_row][vc_section el_class=&#8221;container mx-auto align-items-center text-right circle&#8211;pattern&#8221; css=&#8221;.vc_custom_1648956589196{padding-top: 3rem !important;}&#8221;][vc_row el_class=&#8221;pb-5&#8243;][vc_column][vc_column_text css=&#8221;&#8221;] Es el primer Fablab de la Regi\u00f3n de O\u2019Higgins. Es un espacio para aprender sobre nuevas tecnolog\u00edas y crear objetos por medio de la fabricaci\u00f3n digital. \u00a1Aprender a controlar m\u00e1quinas especializadas desde un computador puede ayudarte a construir casi cualquier cosa! Queremos que vengan [&hellip;]<\/p>\n","protected":false},"author":6,"featured_media":0,"parent":0,"menu_order":0,"comment_status":"closed","ping_status":"closed","template":"","meta":{"_acf_changed":false,"footnotes":""},"class_list":["post-5","page","type-page","status-publish","hentry"],"acf":[],"yoast_head":"<!-- This site is optimized with the Yoast SEO plugin v26.6 - https:\/\/yoast.com\/wordpress\/plugins\/seo\/ -->\n<title>F\u00e1brica Digital - F\u00e1brica Digital<\/title>\n<meta name=\"robots\" content=\"index, follow, max-snippet:-1, max-image-preview:large, max-video-preview:-1\" \/>\n<link rel=\"canonical\" href=\"https:\/\/www.uoh.cl\/fabrica-digital\/\" \/>\n<meta property=\"og:locale\" content=\"es_ES\" \/>\n<meta property=\"og:type\" content=\"article\" \/>\n<meta property=\"og:title\" content=\"F\u00e1brica Digital - F\u00e1brica Digital\" \/>\n<meta property=\"og:description\" content=\"[vc_row][vc_column][\/vc_column][\/vc_row][vc_section el_class=&#8221;container mx-auto align-items-center text-right circle&#8211;pattern&#8221; css=&#8221;.vc_custom_1648956589196{padding-top: 3rem !important;}&#8221;][vc_row el_class=&#8221;pb-5&#8243;][vc_column][vc_column_text css=&#8221;&#8221;] Es el primer Fablab de la Regi\u00f3n de O\u2019Higgins. Es un espacio para aprender sobre nuevas tecnolog\u00edas y crear objetos por medio de la fabricaci\u00f3n digital. \u00a1Aprender a controlar m\u00e1quinas especializadas desde un computador puede ayudarte a construir casi cualquier cosa! Queremos que vengan [&hellip;]\" \/>\n<meta property=\"og:url\" content=\"https:\/\/www.uoh.cl\/fabrica-digital\/\" \/>\n<meta property=\"og:site_name\" content=\"F\u00e1brica Digital\" \/>\n<meta property=\"article:publisher\" content=\"https:\/\/www.facebook.com\/fabricadigital.uoh\" \/>\n<meta property=\"article:modified_time\" content=\"2024-09-04T21:27:06+00:00\" \/>\n<meta name=\"twitter:card\" content=\"summary_large_image\" \/>\n<meta name=\"twitter:label1\" content=\"Tiempo estimado de lectura\" \/>\n\t<meta name=\"twitter:data1\" content=\"6 minutos\" \/>\n<script type=\"application\/ld+json\" class=\"yoast-schema-graph\">{\"@context\":\"https:\/\/schema.org\",\"@graph\":[{\"@type\":\"WebPage\",\"@id\":\"https:\/\/www.uoh.cl\/fabrica-digital\/\",\"url\":\"https:\/\/www.uoh.cl\/fabrica-digital\/\",\"name\":\"F\u00e1brica Digital - F\u00e1brica Digital\",\"isPartOf\":{\"@id\":\"https:\/\/www.uoh.cl\/fabrica-digital\/#website\"},\"datePublished\":\"2022-09-23T13:20:18+00:00\",\"dateModified\":\"2024-09-04T21:27:06+00:00\",\"breadcrumb\":{\"@id\":\"https:\/\/www.uoh.cl\/fabrica-digital\/#breadcrumb\"},\"inLanguage\":\"es-CL\",\"potentialAction\":[{\"@type\":\"ReadAction\",\"target\":[\"https:\/\/www.uoh.cl\/fabrica-digital\/\"]}]},{\"@type\":\"BreadcrumbList\",\"@id\":\"https:\/\/www.uoh.cl\/fabrica-digital\/#breadcrumb\",\"itemListElement\":[{\"@type\":\"ListItem\",\"position\":1,\"name\":\"Home\",\"item\":\"https:\/\/www.uoh.cl\/fabrica-digital\/\"},{\"@type\":\"ListItem\",\"position\":2,\"name\":\"F\u00e1brica Digital\"}]},{\"@type\":\"WebSite\",\"@id\":\"https:\/\/www.uoh.cl\/fabrica-digital\/#website\",\"url\":\"https:\/\/www.uoh.cl\/fabrica-digital\/\",\"name\":\"F\u00e1brica Digital\",\"description\":\"Aprende a prototipar tus ideas\",\"publisher\":{\"@id\":\"https:\/\/www.uoh.cl\/fabrica-digital\/#organization\"},\"potentialAction\":[{\"@type\":\"SearchAction\",\"target\":{\"@type\":\"EntryPoint\",\"urlTemplate\":\"https:\/\/www.uoh.cl\/fabrica-digital\/?s={search_term_string}\"},\"query-input\":{\"@type\":\"PropertyValueSpecification\",\"valueRequired\":true,\"valueName\":\"search_term_string\"}}],\"inLanguage\":\"es-CL\"},{\"@type\":\"Organization\",\"@id\":\"https:\/\/www.uoh.cl\/fabrica-digital\/#organization\",\"name\":\"F\u00e1brica Digital\",\"url\":\"https:\/\/www.uoh.cl\/fabrica-digital\/\",\"logo\":{\"@type\":\"ImageObject\",\"inLanguage\":\"es-CL\",\"@id\":\"https:\/\/www.uoh.cl\/fabrica-digital\/#\/schema\/logo\/image\/\",\"url\":\"https:\/\/www.uoh.cl\/fabrica-digital\/wp-content\/uploads\/sites\/40\/2022\/09\/logo.png\",\"contentUrl\":\"https:\/\/www.uoh.cl\/fabrica-digital\/wp-content\/uploads\/sites\/40\/2022\/09\/logo.png\",\"width\":1685,\"height\":810,\"caption\":\"F\u00e1brica Digital\"},\"image\":{\"@id\":\"https:\/\/www.uoh.cl\/fabrica-digital\/#\/schema\/logo\/image\/\"},\"sameAs\":[\"https:\/\/www.facebook.com\/fabricadigital.uoh\",\"https:\/\/www.instagram.com\/fabricadigitalohiggins\/\",\"https:\/\/www.youtube.com\/channel\/UCaAZEN9qCl-69Oq5KVqY03Q\/about\"]}]}<\/script>\n<!-- \/ Yoast SEO plugin. -->","yoast_head_json":{"title":"F\u00e1brica Digital - F\u00e1brica Digital","robots":{"index":"index","follow":"follow","max-snippet":"max-snippet:-1","max-image-preview":"max-image-preview:large","max-video-preview":"max-video-preview:-1"},"canonical":"https:\/\/www.uoh.cl\/fabrica-digital\/","og_locale":"es_ES","og_type":"article","og_title":"F\u00e1brica Digital - F\u00e1brica Digital","og_description":"[vc_row][vc_column][\/vc_column][\/vc_row][vc_section el_class=&#8221;container mx-auto align-items-center text-right circle&#8211;pattern&#8221; css=&#8221;.vc_custom_1648956589196{padding-top: 3rem !important;}&#8221;][vc_row el_class=&#8221;pb-5&#8243;][vc_column][vc_column_text css=&#8221;&#8221;] Es el primer Fablab de la Regi\u00f3n de O\u2019Higgins. Es un espacio para aprender sobre nuevas tecnolog\u00edas y crear objetos por medio de la fabricaci\u00f3n digital. \u00a1Aprender a controlar m\u00e1quinas especializadas desde un computador puede ayudarte a construir casi cualquier cosa! Queremos que vengan [&hellip;]","og_url":"https:\/\/www.uoh.cl\/fabrica-digital\/","og_site_name":"F\u00e1brica Digital","article_publisher":"https:\/\/www.facebook.com\/fabricadigital.uoh","article_modified_time":"2024-09-04T21:27:06+00:00","twitter_card":"summary_large_image","twitter_misc":{"Tiempo estimado de lectura":"6 minutos"},"schema":{"@context":"https:\/\/schema.org","@graph":[{"@type":"WebPage","@id":"https:\/\/www.uoh.cl\/fabrica-digital\/","url":"https:\/\/www.uoh.cl\/fabrica-digital\/","name":"F\u00e1brica Digital - F\u00e1brica Digital","isPartOf":{"@id":"https:\/\/www.uoh.cl\/fabrica-digital\/#website"},"datePublished":"2022-09-23T13:20:18+00:00","dateModified":"2024-09-04T21:27:06+00:00","breadcrumb":{"@id":"https:\/\/www.uoh.cl\/fabrica-digital\/#breadcrumb"},"inLanguage":"es-CL","potentialAction":[{"@type":"ReadAction","target":["https:\/\/www.uoh.cl\/fabrica-digital\/"]}]},{"@type":"BreadcrumbList","@id":"https:\/\/www.uoh.cl\/fabrica-digital\/#breadcrumb","itemListElement":[{"@type":"ListItem","position":1,"name":"Home","item":"https:\/\/www.uoh.cl\/fabrica-digital\/"},{"@type":"ListItem","position":2,"name":"F\u00e1brica Digital"}]},{"@type":"WebSite","@id":"https:\/\/www.uoh.cl\/fabrica-digital\/#website","url":"https:\/\/www.uoh.cl\/fabrica-digital\/","name":"F\u00e1brica Digital","description":"Aprende a prototipar tus ideas","publisher":{"@id":"https:\/\/www.uoh.cl\/fabrica-digital\/#organization"},"potentialAction":[{"@type":"SearchAction","target":{"@type":"EntryPoint","urlTemplate":"https:\/\/www.uoh.cl\/fabrica-digital\/?s={search_term_string}"},"query-input":{"@type":"PropertyValueSpecification","valueRequired":true,"valueName":"search_term_string"}}],"inLanguage":"es-CL"},{"@type":"Organization","@id":"https:\/\/www.uoh.cl\/fabrica-digital\/#organization","name":"F\u00e1brica Digital","url":"https:\/\/www.uoh.cl\/fabrica-digital\/","logo":{"@type":"ImageObject","inLanguage":"es-CL","@id":"https:\/\/www.uoh.cl\/fabrica-digital\/#\/schema\/logo\/image\/","url":"https:\/\/www.uoh.cl\/fabrica-digital\/wp-content\/uploads\/sites\/40\/2022\/09\/logo.png","contentUrl":"https:\/\/www.uoh.cl\/fabrica-digital\/wp-content\/uploads\/sites\/40\/2022\/09\/logo.png","width":1685,"height":810,"caption":"F\u00e1brica Digital"},"image":{"@id":"https:\/\/www.uoh.cl\/fabrica-digital\/#\/schema\/logo\/image\/"},"sameAs":["https:\/\/www.facebook.com\/fabricadigital.uoh","https:\/\/www.instagram.com\/fabricadigitalohiggins\/","https:\/\/www.youtube.com\/channel\/UCaAZEN9qCl-69Oq5KVqY03Q\/about"]}]}},"_links":{"self":[{"href":"https:\/\/www.uoh.cl\/fabrica-digital\/wp-json\/wp\/v2\/pages\/5","targetHints":{"allow":["GET"]}}],"collection":[{"href":"https:\/\/www.uoh.cl\/fabrica-digital\/wp-json\/wp\/v2\/pages"}],"about":[{"href":"https:\/\/www.uoh.cl\/fabrica-digital\/wp-json\/wp\/v2\/types\/page"}],"author":[{"embeddable":true,"href":"https:\/\/www.uoh.cl\/fabrica-digital\/wp-json\/wp\/v2\/users\/6"}],"replies":[{"embeddable":true,"href":"https:\/\/www.uoh.cl\/fabrica-digital\/wp-json\/wp\/v2\/comments?post=5"}],"version-history":[{"count":14,"href":"https:\/\/www.uoh.cl\/fabrica-digital\/wp-json\/wp\/v2\/pages\/5\/revisions"}],"predecessor-version":[{"id":558,"href":"https:\/\/www.uoh.cl\/fabrica-digital\/wp-json\/wp\/v2\/pages\/5\/revisions\/558"}],"wp:attachment":[{"href":"https:\/\/www.uoh.cl\/fabrica-digital\/wp-json\/wp\/v2\/media?parent=5"}],"curies":[{"name":"wp","href":"https:\/\/api.w.org\/{rel}","templated":true}]}}