
{"id":20,"date":"2022-09-23T10:24:15","date_gmt":"2022-09-23T13:24:15","guid":{"rendered":"https:\/\/www.uoh.cl\/fabrica-digital\/?page_id=20"},"modified":"2024-05-27T11:29:55","modified_gmt":"2024-05-27T14:29:55","slug":"impresion-3d","status":"publish","type":"page","link":"https:\/\/www.uoh.cl\/fabrica-digital\/maquinas\/impresion-3d\/","title":{"rendered":"Impresi\u00f3n 3D"},"content":{"rendered":"<div class=\"wpb-content-wrapper\"><p>[vc_row][vc_column]<div class=\"uoh_slider_featured_component component__featured-slide row mx-auto col-12 m-0 align-items-center position-relative lazyload\" style=\" background:inherit\" data-bg=\"url(https:\/\/www.uoh.cl\/fabrica-digital\/wp-content\/uploads\/sites\/40\/2022\/09\/banner-2.jpg)\"><div class=\"caption--degrade\"><svg  xmlns=\"http:\/\/www.w3.org\/2000\/svg\" xmlns:xlink=\"http:\/\/www.w3.org\/1999\/xlink\" width=\"1061px\" height=\"539px\"><defs><linearGradient id=\"PSgrad_0\" x1=\"0%\" x2=\"64.279%\" y1=\"76.604%\" y2=\"0%\"><stop offset=\"0%\" stop-color=\"rgb(66,160,248)\" stop-opacity=\"1\" \/><stop offset=\"100%\" stop-color=\"rgb(66,160,248)\" stop-opacity=\"0\" \/><\/linearGradient><\/defs><path fill-rule=\"evenodd\"  fill=\"none\" d=\"M311.000,515.000 C311.000,515.000 211.039,468.555 132.000,357.000 C21.864,201.555 -4.306,4.695 1.000,0.000 L196.000,0.000 L811.000,0.000 L1061.000,0.000 C1061.000,0.000 851.535,430.030 546.000,521.000 C402.674,563.674 311.000,515.000 311.000,515.000 Z\"\/> <path fill=\"url(#PSgrad_0)\"d=\"M311.000,515.000 C311.000,515.000 211.039,468.555 132.000,357.000 C21.864,201.555 -4.306,4.695 1.000,0.000 L196.000,0.000 L811.000,0.000 L1061.000,0.000 C1061.000,0.000 851.535,430.030 546.000,521.000 C402.674,563.674 311.000,515.000 311.000,515.000 Z\"\/><\/svg><\/div><div class=\"caption--quote\"><svg xmlns=\"http:\/\/www.w3.org\/2000\/svg\" xmlns:xlink=\"http:\/\/www.w3.org\/1999\/xlink\"width=\"226px\" height=\"273px\"><defs><linearGradient id=\"PSgrad_0\" x1=\"71.934%\" x2=\"0%\" y1=\"69.466%\" y2=\"0%\"><stop offset=\"0%\" stop-color=\"rgb(66,160,248)\" stop-opacity=\"0.49\" \/><stop offset=\"100%\" stop-color=\"rgb(66,160,248)\" stop-opacity=\"0\" \/><\/linearGradient><\/defs><path fill-rule=\"evenodd\"  fill=\"none\" d=\"M-0.000,273.000 L174.000,273.000 C174.000,273.000 226.000,266.268 226.000,221.000 C226.000,175.732 226.000,-0.000 226.000,-0.000 C226.000,-0.000 24.577,71.878 -0.000,273.000 Z\"\/><path fill=\"url(#PSgrad_0)\"d=\"M-0.000,273.000 L174.000,273.000 C174.000,273.000 226.000,266.268 226.000,221.000 C226.000,175.732 226.000,-0.000 226.000,-0.000 C226.000,-0.000 24.577,71.878 -0.000,273.000 Z\"\/><\/svg><\/div><div class=\"my-uoh_slider_featured_component container mx-auto p-md-0\" ><div class=\"content component__featured-slide-content container row mx-auto aling-items-center p-0\"><h1 class=\"p-0 featured-slide title\"  style=\"\"><em>F\u00e1brica Digital<\/em>Impresi\u00f3n 3D<\/h1><ul class=\"breadcrumb breadcrumb-list\"><li><a href=\"https:\/\/www.uoh.cl\/fabrica-digital\">Inicio<\/a><\/li><li><span class=\"separator\"><?xml version=\"1.0\" ?><svg viewBox=\"0 0 96 96\" xmlns=\"http:\/\/www.w3.org\/2000\/svg\"><title\/><path d=\"M39.3756,48.0022l30.47-25.39a6.0035,6.0035,0,0,0-7.6878-9.223L26.1563,43.3906a6.0092,6.0092,0,0,0,0,9.2231L62.1578,82.615a6.0035,6.0035,0,0,0,7.6878-9.2231Z\"\/><\/svg><\/span><\/li><li><a href=\"\"><\/a><\/li><li>Impresi\u00f3n 3D<\/li><\/ul><\/div><span><\/span><\/div><\/div>[\/vc_column][\/vc_row][vc_section el_class=&#8221;container mx-auto align-items-center text-right circle&#8211;pattern&#8221; css=&#8221;.vc_custom_1648956589196{padding-top: 3rem !important;}&#8221;][vc_row el_class=&#8221;pb-5&#8243;][vc_column][vc_column_text]<\/p>\n<p class=\"CDt4Ke zfr3Q\" dir=\"ltr\" data-wakoopa-seen=\"true\"><span data-wakoopa-seen=\"true\">La impresi\u00f3n 3D o manufactura aditiva es un conjunto de tecnolog\u00edas que por medio del proceso de adici\u00f3n de capas de manera secuencial, forman un objeto a partir de un dise\u00f1o digital hecho en computador descargado de alg\u00fan repositorio, o recreado por un scanner 3D. Puedes utilizar materiales para imprimir como PLA, ABS, resinas, pol\u00edmeros, fibras de carbono u otros, seg\u00fan la capacidad de la m\u00e1quina. Debes contar con el archivo de dise\u00f1o en formato stl.<\/span> <span data-wakoopa-seen=\"true\"> Podemos fabricar objetos que sirvan para uso cotidiano o incluso para reemplazar o mejorar otros. Ejemplos: Lentes, fundas para m\u00f3vil, soportes, crear alguna pieza novedosa, etc.<\/span><\/p>\n<p>[\/vc_column_text][\/vc_column][\/vc_row][\/vc_section][vc_section el_class=&#8221;p-md-0 pt-md-5 pb-md-5&#8243; css=&#8221;.vc_custom_1664028177831{background-color: #f6faff !important;}&#8221;][vc_row el_class=&#8221;container mx-auto align-items-center text-right p-md-0 pt-5&#8243;][vc_column el_class=&#8221;p-0&#8243;][vc_row_inner el_class=&#8221;align-items-center&#8221;][vc_column_inner width=&#8221;1\/2&#8243;][vc_single_image image=&#8221;457&#8243; img_size=&#8221;medium&#8221; alignment=&#8221;center&#8221;][\/vc_column_inner][vc_column_inner width=&#8221;1\/2&#8243;]<div class=\"uoh_title_component-container\"><h2 class=\"title title--ms d-inline-block medium\">Artillery Hornet <\/h2><\/div>[vc_column_text]La impresora 3D Artillery Hornet, es una impresora 3D de estilo cartesiano todo en uno, es ultra silenciosa, cuenta con un extrusor tipo bowden y una cama caliente que se puede programar hasta los 80 \u00b0C para conseguir una buena adherencia de los prototipos a imprimir.<\/p>\n<p><strong>\u00c1rea de trabajo: 220 x 220 x 250 mm<\/strong><br \/>\n<strong>Formato de archivo: .STL<\/strong>[\/vc_column_text][\/vc_column_inner][\/vc_row_inner][vc_row_inner el_class=&#8221;align-items-center&#8221;][vc_column_inner width=&#8221;1\/2&#8243;][vc_single_image image=&#8221;458&#8243; img_size=&#8221;medium&#8221; alignment=&#8221;center&#8221;][\/vc_column_inner][vc_column_inner width=&#8221;1\/2&#8243;]<div class=\"uoh_title_component-container\"><h2 class=\"title title--ms d-inline-block medium\">Artillery Sidewinder x2<\/h2><\/div>[vc_column_text]La Artillery Sidewinder X2 es una impresora 3D, con mejoras respecto a la Sidewinder X1. La Sidewinder X2 ofrece una calidad de impresi\u00f3n dif\u00edcil de superar, con mejor extrusor y estabilizadores en las barras y chasis.<\/p>\n<p><strong>\u00c1rea de trabajo: 300 x 300 x 300 mm<\/strong><br \/>\n<strong>Formato de archivo: .STL<\/strong>[\/vc_column_text][\/vc_column_inner][\/vc_row_inner][vc_row_inner el_class=&#8221;align-items-center&#8221;][vc_column_inner width=&#8221;1\/2&#8243;][vc_single_image image=&#8221;459&#8243; img_size=&#8221;medium&#8221; alignment=&#8221;center&#8221;][\/vc_column_inner][vc_column_inner width=&#8221;1\/2&#8243;]<div class=\"uoh_title_component-container\"><h2 class=\"title title--ms d-inline-block medium\">Flashforge Creator 3 <\/h2><\/div>[vc_column_text]Esta m\u00e1quina utiliza la tecnolog\u00eda FFF (Fabricaci\u00f3n por fusi\u00f3n de filamento). Cuenta con dos extrusores que te permiten imprimir con mayor rapidez, de forma coordinada o independiente. La base se autocalibra y se puede retirar.<\/p>\n<p><strong>Doble extrusor<\/strong><br \/>\n<strong>Tama\u00f1o m\u00e1ximo de pieza: 300 x 250 x 200 mm.<\/strong><br \/>\n<strong>Soporta: ABS \/ PLA \/ Nylon \/ PVA \/ Flex \/ TPU \/ TPE \/ HIPS, otros.<\/strong><br \/>\n<strong>Di\u00e1metro de filamento: 1.75 mm<\/strong><br \/>\n<strong>Formatos de entrada: .STL, .OBJ, .3MF<\/strong><br \/>\n<strong>Formatos de salida: .GCODE<\/strong><br \/>\n<strong>Altura de capa: 0.05-0.4 mm<\/strong><br \/>\n<strong>Resoluci\u00f3n: 0.2 mm<\/strong><br \/>\n<strong>Boquilla de extrusi\u00f3n: 0.4mm<\/strong><br \/>\n<strong>Velocidad de impresi\u00f3n recomendada: 50 mm\/s<\/strong>[\/vc_column_text][\/vc_column_inner][\/vc_row_inner][vc_row_inner el_class=&#8221;align-items-center&#8221;][vc_column_inner width=&#8221;1\/2&#8243;][vc_single_image image=&#8221;460&#8243; img_size=&#8221;medium&#8221; alignment=&#8221;center&#8221;][\/vc_column_inner][vc_column_inner width=&#8221;1\/2&#8243;]<div class=\"uoh_title_component-container\"><h2 class=\"title title--ms d-inline-block medium\">Flashforge Guider llS<\/h2><\/div>[vc_column_text]Con tecnolog\u00eda FFF (Fabricaci\u00f3n por fusi\u00f3n de filamento) para impresiones duraderas. Su base se calibra de forma autom\u00e1tica, de manera r\u00e1pida y f\u00e1cil.<\/p>\n<p><strong>Tama\u00f1o m\u00e1ximo de pieza: 280 x 250 x 300 mm.<\/strong><br \/>\n<strong>Soporta: ABS, PLA, PETG, HIPS<\/strong><br \/>\n<strong>Di\u00e1metro de filamento: 1.75 mm<\/strong><br \/>\n<strong>Di\u00e1metro de extrusor: 0.3, 0.4, 0.6, 0.8 mm<\/strong><br \/>\n<strong>Formatos de entrada: .STL<\/strong><br \/>\n<strong>Grosor de impresi\u00f3n: 0.01-0.2 mm<\/strong><br \/>\n<strong>Software: Flashprint<\/strong>[\/vc_column_text][\/vc_column_inner][\/vc_row_inner][vc_row_inner el_class=&#8221;align-items-center&#8221;][vc_column_inner width=&#8221;1\/2&#8243;][vc_single_image image=&#8221;461&#8243; img_size=&#8221;medium&#8221; alignment=&#8221;center&#8221;][\/vc_column_inner][vc_column_inner width=&#8221;1\/2&#8243;]<div class=\"uoh_title_component-container\"><h2 class=\"title title--ms d-inline-block medium\">Markforged Mark Two<\/h2><\/div>[vc_column_text]Esta m\u00e1quina es ideal para piezas que requieren soportar fuerza y ser resistentes a la abrasi\u00f3n. Puede llegar a ser una alternativa para la fabricaci\u00f3n en metal. Posee dos extrusores para combinar distintos materiales: uno a base de nylon y el otro filamento reforzado con fibra continua. Se puede utilizar fibra de carbono, fibra de vidrio, filamento Kevlar y Onyx.<\/p>\n<p><strong>Tama\u00f1o m\u00e1ximo de pieza: 320 x 132 x 160 mm.<\/strong><br \/>\n<strong>Espesor m\u00ednimo: 100 micras<\/strong><br \/>\n<strong>Velocidad m\u00e1xima: 280 mm \/ s<\/strong><br \/>\n<strong>Formato: STL, OBJ<\/strong><br \/>\n<strong>Software: Eiger<\/strong><br \/>\n<strong>Resoluci\u00f3n m\u00e1x capa: 100 micras (FFF printing) y 200 micras (CFF)<\/strong>[\/vc_column_text][\/vc_column_inner][\/vc_row_inner][\/vc_column][\/vc_row][\/vc_section][vc_section el_class=&#8221;p-md-0 pt-md-5 pb-md-5&#8243;][vc_row el_class=&#8221;container mx-auto align-items-center text-right p-md-0 pt-5&#8243;][vc_column el_class=&#8221;p-0&#8243;]<div class=\"uoh_title_component-container\"><h2 class=\"title title--ms d-inline-block title--decorator  medium\">\u00bfC\u00f3mo funcionan las impresoras 3D? <\/h2><\/div>[vc_row_inner equal_height=&#8221;yes&#8221; content_placement=&#8221;middle&#8221;][vc_column_inner width=&#8221;1\/2&#8243;][vc_single_image image=&#8221;445&#8243; img_size=&#8221;medium&#8221; alignment=&#8221;center&#8221; el_class=&#8221;pb-2&#8243;][vc_single_image image=&#8221;454&#8243; img_size=&#8221;medium&#8221; alignment=&#8221;center&#8221; el_class=&#8221;pb-2&#8243;][vc_single_image image=&#8221;450&#8243; img_size=&#8221;medium&#8221; alignment=&#8221;center&#8221;][\/vc_column_inner][vc_column_inner width=&#8221;1\/2&#8243;]<div class=\"uoh_title_component-container\"><h2 class=\"title title--ms d-inline-block medium\">1. Dise\u00f1o<\/h2><\/div>[vc_column_text]I am text block. Click edit button to change this text. Lorem ipsum dolor sit amet, consectetur adipiscing elit. Ut elit tellus, luctus nec ullamcorper mattis, pulvinar dapibus leo.[\/vc_column_text][vc_zigzag color=&#8221;white&#8221; el_class=&#8221;py-4&#8243;]<div class=\"uoh_title_component-container\"><h2 class=\"title title--ms d-inline-block medium\">2. Configuraci\u00f3n<\/h2><\/div>[vc_column_text]<\/p>\n<p class=\"CDt4Ke zfr3Q\" dir=\"ltr\" data-wakoopa-seen=\"true\">I am text block. Click edit button to change this text. Lorem ipsum dolor sit amet, consectetur adipiscing elit. Ut elit tellus, luctus nec ullamcorper mattis, pulvinar dapibus leo.<\/p>\n<p>[\/vc_column_text][vc_zigzag color=&#8221;white&#8221; el_class=&#8221;py-4&#8243;]<div class=\"uoh_title_component-container\"><h2 class=\"title title--ms d-inline-block medium\">3. Impresi\u00f3n<\/h2><\/div>[vc_column_text]I am text block. Click edit button to change this text. Lorem ipsum dolor sit amet, consectetur adipiscing elit. Ut elit tellus, luctus nec ullamcorper mattis, pulvinar dapibus leo.[\/vc_column_text][vc_zigzag color=&#8221;white&#8221; el_class=&#8221;py-4&#8243;]<div class=\"uoh_title_component-container\"><h2 class=\"title title--ms d-inline-block medium\">Aprende con nuestros tutoriales:<\/h2><\/div>[vc_column_text]<a href=\"https:\/\/drive.google.com\/drive\/folders\/1S7r46fJHjt3bKhsEwIBInMYwRADW9Mlg\">Protocolo Artillery Hornet<\/a>[\/vc_column_text][\/vc_column_inner][\/vc_row_inner][\/vc_column][\/vc_row][\/vc_section][vc_section css=&#8221;.vc_custom_1663940404659{background-color: #f6faff !important;}&#8221; el_class=&#8221;p-md-0 pt-md-5 pb-md-5&#8243;][vc_row el_class=&#8221;container mx-auto align-items-center text-right p-md-0 pt-5&#8243;][vc_column el_class=&#8221;p-0&#8243;][vc_masonry_media_grid gap=&#8221;25&#8243; grid_id=&#8221;vc_gid:1716819559854-9aea65c1-35bc-0&#8243; include=&#8221;449,455,453&#8243;][\/vc_column][\/vc_row][\/vc_section][vc_section el_class=&#8221;p-md-0 pt-md-5 pb-md-5 text-center&#8221; css=&#8221;.vc_custom_1663942247343{background-color: #000000 !important;}&#8221;][vc_row el_class=&#8221;container mx-auto align-items-center text-right p-md-0 pt-5&#8243;][vc_column el_class=&#8221;p-0&#8243;][vc_column_text]<span style=\"color: #ffffff;\">Proyecto financiado a trav\u00e9s del Fondo de Innovaci\u00f3n para la Competitividad del Gobierno Regional de O&#8217;Higgins y su Consejo\u00a0Regional, enmarcado en la Estrategia Regional de Innovaci\u00f3n.<\/span><\/p>\n<p><span style=\"color: #ffffff;\"><strong>&#8220;Innovaci\u00f3n, la clave para el desarrollo de los territorios&#8221;<\/strong><\/span>[\/vc_column_text][vc_row_inner el_class=&#8221;align-items-center&#8221;][vc_column_inner width=&#8221;1\/3&#8243;][vc_single_image image=&#8221;47&#8243; img_size=&#8221;medium&#8221; alignment=&#8221;center&#8221; el_class=&#8221;p-4&#8243;][\/vc_column_inner][vc_column_inner width=&#8221;1\/3&#8243;][vc_single_image image=&#8221;48&#8243; img_size=&#8221;medium&#8221; alignment=&#8221;center&#8221; el_class=&#8221;p-4&#8243;][\/vc_column_inner][vc_column_inner width=&#8221;1\/3&#8243;][vc_single_image image=&#8221;46&#8243; img_size=&#8221;medium&#8221; alignment=&#8221;center&#8221; el_class=&#8221;p-4&#8243;][\/vc_column_inner][\/vc_row_inner][\/vc_column][\/vc_row][\/vc_section]<\/p>\n<\/div>","protected":false},"excerpt":{"rendered":"<p>[vc_row][vc_column][\/vc_column][\/vc_row][vc_section el_class=&#8221;container mx-auto align-items-center text-right circle&#8211;pattern&#8221; css=&#8221;.vc_custom_1648956589196{padding-top: 3rem !important;}&#8221;][vc_row el_class=&#8221;pb-5&#8243;][vc_column][vc_column_text] La impresi\u00f3n 3D o manufactura aditiva es un conjunto de tecnolog\u00edas que por medio del proceso de adici\u00f3n de capas de manera secuencial, forman un objeto a partir de un dise\u00f1o digital hecho en computador descargado de alg\u00fan repositorio, o recreado por un scanner 3D. [&hellip;]<\/p>\n","protected":false},"author":6,"featured_media":0,"parent":16,"menu_order":0,"comment_status":"closed","ping_status":"closed","template":"","meta":{"_acf_changed":false,"footnotes":""},"class_list":["post-20","page","type-page","status-publish","hentry"],"acf":[],"yoast_head":"<!-- This site is optimized with the Yoast SEO plugin v26.6 - https:\/\/yoast.com\/wordpress\/plugins\/seo\/ -->\n<title>Impresi\u00f3n 3D - F\u00e1brica Digital<\/title>\n<meta name=\"robots\" content=\"index, follow, max-snippet:-1, max-image-preview:large, max-video-preview:-1\" \/>\n<link rel=\"canonical\" href=\"https:\/\/www.uoh.cl\/fabrica-digital\/maquinas\/impresion-3d\/\" \/>\n<meta property=\"og:locale\" content=\"es_ES\" \/>\n<meta property=\"og:type\" content=\"article\" \/>\n<meta property=\"og:title\" content=\"Impresi\u00f3n 3D - F\u00e1brica Digital\" \/>\n<meta property=\"og:description\" content=\"[vc_row][vc_column][\/vc_column][\/vc_row][vc_section el_class=&#8221;container mx-auto align-items-center text-right circle&#8211;pattern&#8221; css=&#8221;.vc_custom_1648956589196{padding-top: 3rem !important;}&#8221;][vc_row el_class=&#8221;pb-5&#8243;][vc_column][vc_column_text] La impresi\u00f3n 3D o manufactura aditiva es un conjunto de tecnolog\u00edas que por medio del proceso de adici\u00f3n de capas de manera secuencial, forman un objeto a partir de un dise\u00f1o digital hecho en computador descargado de alg\u00fan repositorio, o recreado por un scanner 3D. [&hellip;]\" \/>\n<meta property=\"og:url\" content=\"https:\/\/www.uoh.cl\/fabrica-digital\/maquinas\/impresion-3d\/\" \/>\n<meta property=\"og:site_name\" content=\"F\u00e1brica Digital\" \/>\n<meta property=\"article:publisher\" content=\"https:\/\/www.facebook.com\/fabricadigital.uoh\" \/>\n<meta property=\"article:modified_time\" content=\"2024-05-27T14:29:55+00:00\" \/>\n<meta name=\"twitter:card\" content=\"summary_large_image\" \/>\n<meta name=\"twitter:label1\" content=\"Tiempo estimado de lectura\" \/>\n\t<meta name=\"twitter:data1\" content=\"4 minutos\" \/>\n<script type=\"application\/ld+json\" class=\"yoast-schema-graph\">{\"@context\":\"https:\/\/schema.org\",\"@graph\":[{\"@type\":\"WebPage\",\"@id\":\"https:\/\/www.uoh.cl\/fabrica-digital\/maquinas\/impresion-3d\/\",\"url\":\"https:\/\/www.uoh.cl\/fabrica-digital\/maquinas\/impresion-3d\/\",\"name\":\"Impresi\u00f3n 3D - F\u00e1brica Digital\",\"isPartOf\":{\"@id\":\"https:\/\/www.uoh.cl\/fabrica-digital\/#website\"},\"datePublished\":\"2022-09-23T13:24:15+00:00\",\"dateModified\":\"2024-05-27T14:29:55+00:00\",\"breadcrumb\":{\"@id\":\"https:\/\/www.uoh.cl\/fabrica-digital\/maquinas\/impresion-3d\/#breadcrumb\"},\"inLanguage\":\"es-CL\",\"potentialAction\":[{\"@type\":\"ReadAction\",\"target\":[\"https:\/\/www.uoh.cl\/fabrica-digital\/maquinas\/impresion-3d\/\"]}]},{\"@type\":\"BreadcrumbList\",\"@id\":\"https:\/\/www.uoh.cl\/fabrica-digital\/maquinas\/impresion-3d\/#breadcrumb\",\"itemListElement\":[{\"@type\":\"ListItem\",\"position\":1,\"name\":\"Home\",\"item\":\"https:\/\/www.uoh.cl\/fabrica-digital\/\"},{\"@type\":\"ListItem\",\"position\":2,\"name\":\"M\u00e1quinas\",\"item\":\"https:\/\/www.uoh.cl\/fabrica-digital\/maquinas\/\"},{\"@type\":\"ListItem\",\"position\":3,\"name\":\"Impresi\u00f3n 3D\"}]},{\"@type\":\"WebSite\",\"@id\":\"https:\/\/www.uoh.cl\/fabrica-digital\/#website\",\"url\":\"https:\/\/www.uoh.cl\/fabrica-digital\/\",\"name\":\"F\u00e1brica Digital\",\"description\":\"Aprende a prototipar tus ideas\",\"publisher\":{\"@id\":\"https:\/\/www.uoh.cl\/fabrica-digital\/#organization\"},\"potentialAction\":[{\"@type\":\"SearchAction\",\"target\":{\"@type\":\"EntryPoint\",\"urlTemplate\":\"https:\/\/www.uoh.cl\/fabrica-digital\/?s={search_term_string}\"},\"query-input\":{\"@type\":\"PropertyValueSpecification\",\"valueRequired\":true,\"valueName\":\"search_term_string\"}}],\"inLanguage\":\"es-CL\"},{\"@type\":\"Organization\",\"@id\":\"https:\/\/www.uoh.cl\/fabrica-digital\/#organization\",\"name\":\"F\u00e1brica Digital\",\"url\":\"https:\/\/www.uoh.cl\/fabrica-digital\/\",\"logo\":{\"@type\":\"ImageObject\",\"inLanguage\":\"es-CL\",\"@id\":\"https:\/\/www.uoh.cl\/fabrica-digital\/#\/schema\/logo\/image\/\",\"url\":\"https:\/\/www.uoh.cl\/fabrica-digital\/wp-content\/uploads\/sites\/40\/2022\/09\/logo.png\",\"contentUrl\":\"https:\/\/www.uoh.cl\/fabrica-digital\/wp-content\/uploads\/sites\/40\/2022\/09\/logo.png\",\"width\":1685,\"height\":810,\"caption\":\"F\u00e1brica Digital\"},\"image\":{\"@id\":\"https:\/\/www.uoh.cl\/fabrica-digital\/#\/schema\/logo\/image\/\"},\"sameAs\":[\"https:\/\/www.facebook.com\/fabricadigital.uoh\",\"https:\/\/www.instagram.com\/fabricadigitalohiggins\/\",\"https:\/\/www.youtube.com\/channel\/UCaAZEN9qCl-69Oq5KVqY03Q\/about\"]}]}<\/script>\n<!-- \/ Yoast SEO plugin. -->","yoast_head_json":{"title":"Impresi\u00f3n 3D - F\u00e1brica Digital","robots":{"index":"index","follow":"follow","max-snippet":"max-snippet:-1","max-image-preview":"max-image-preview:large","max-video-preview":"max-video-preview:-1"},"canonical":"https:\/\/www.uoh.cl\/fabrica-digital\/maquinas\/impresion-3d\/","og_locale":"es_ES","og_type":"article","og_title":"Impresi\u00f3n 3D - F\u00e1brica Digital","og_description":"[vc_row][vc_column][\/vc_column][\/vc_row][vc_section el_class=&#8221;container mx-auto align-items-center text-right circle&#8211;pattern&#8221; css=&#8221;.vc_custom_1648956589196{padding-top: 3rem !important;}&#8221;][vc_row el_class=&#8221;pb-5&#8243;][vc_column][vc_column_text] La impresi\u00f3n 3D o manufactura aditiva es un conjunto de tecnolog\u00edas que por medio del proceso de adici\u00f3n de capas de manera secuencial, forman un objeto a partir de un dise\u00f1o digital hecho en computador descargado de alg\u00fan repositorio, o recreado por un scanner 3D. [&hellip;]","og_url":"https:\/\/www.uoh.cl\/fabrica-digital\/maquinas\/impresion-3d\/","og_site_name":"F\u00e1brica Digital","article_publisher":"https:\/\/www.facebook.com\/fabricadigital.uoh","article_modified_time":"2024-05-27T14:29:55+00:00","twitter_card":"summary_large_image","twitter_misc":{"Tiempo estimado de lectura":"4 minutos"},"schema":{"@context":"https:\/\/schema.org","@graph":[{"@type":"WebPage","@id":"https:\/\/www.uoh.cl\/fabrica-digital\/maquinas\/impresion-3d\/","url":"https:\/\/www.uoh.cl\/fabrica-digital\/maquinas\/impresion-3d\/","name":"Impresi\u00f3n 3D - F\u00e1brica Digital","isPartOf":{"@id":"https:\/\/www.uoh.cl\/fabrica-digital\/#website"},"datePublished":"2022-09-23T13:24:15+00:00","dateModified":"2024-05-27T14:29:55+00:00","breadcrumb":{"@id":"https:\/\/www.uoh.cl\/fabrica-digital\/maquinas\/impresion-3d\/#breadcrumb"},"inLanguage":"es-CL","potentialAction":[{"@type":"ReadAction","target":["https:\/\/www.uoh.cl\/fabrica-digital\/maquinas\/impresion-3d\/"]}]},{"@type":"BreadcrumbList","@id":"https:\/\/www.uoh.cl\/fabrica-digital\/maquinas\/impresion-3d\/#breadcrumb","itemListElement":[{"@type":"ListItem","position":1,"name":"Home","item":"https:\/\/www.uoh.cl\/fabrica-digital\/"},{"@type":"ListItem","position":2,"name":"M\u00e1quinas","item":"https:\/\/www.uoh.cl\/fabrica-digital\/maquinas\/"},{"@type":"ListItem","position":3,"name":"Impresi\u00f3n 3D"}]},{"@type":"WebSite","@id":"https:\/\/www.uoh.cl\/fabrica-digital\/#website","url":"https:\/\/www.uoh.cl\/fabrica-digital\/","name":"F\u00e1brica Digital","description":"Aprende a prototipar tus ideas","publisher":{"@id":"https:\/\/www.uoh.cl\/fabrica-digital\/#organization"},"potentialAction":[{"@type":"SearchAction","target":{"@type":"EntryPoint","urlTemplate":"https:\/\/www.uoh.cl\/fabrica-digital\/?s={search_term_string}"},"query-input":{"@type":"PropertyValueSpecification","valueRequired":true,"valueName":"search_term_string"}}],"inLanguage":"es-CL"},{"@type":"Organization","@id":"https:\/\/www.uoh.cl\/fabrica-digital\/#organization","name":"F\u00e1brica Digital","url":"https:\/\/www.uoh.cl\/fabrica-digital\/","logo":{"@type":"ImageObject","inLanguage":"es-CL","@id":"https:\/\/www.uoh.cl\/fabrica-digital\/#\/schema\/logo\/image\/","url":"https:\/\/www.uoh.cl\/fabrica-digital\/wp-content\/uploads\/sites\/40\/2022\/09\/logo.png","contentUrl":"https:\/\/www.uoh.cl\/fabrica-digital\/wp-content\/uploads\/sites\/40\/2022\/09\/logo.png","width":1685,"height":810,"caption":"F\u00e1brica Digital"},"image":{"@id":"https:\/\/www.uoh.cl\/fabrica-digital\/#\/schema\/logo\/image\/"},"sameAs":["https:\/\/www.facebook.com\/fabricadigital.uoh","https:\/\/www.instagram.com\/fabricadigitalohiggins\/","https:\/\/www.youtube.com\/channel\/UCaAZEN9qCl-69Oq5KVqY03Q\/about"]}]}},"_links":{"self":[{"href":"https:\/\/www.uoh.cl\/fabrica-digital\/wp-json\/wp\/v2\/pages\/20","targetHints":{"allow":["GET"]}}],"collection":[{"href":"https:\/\/www.uoh.cl\/fabrica-digital\/wp-json\/wp\/v2\/pages"}],"about":[{"href":"https:\/\/www.uoh.cl\/fabrica-digital\/wp-json\/wp\/v2\/types\/page"}],"author":[{"embeddable":true,"href":"https:\/\/www.uoh.cl\/fabrica-digital\/wp-json\/wp\/v2\/users\/6"}],"replies":[{"embeddable":true,"href":"https:\/\/www.uoh.cl\/fabrica-digital\/wp-json\/wp\/v2\/comments?post=20"}],"version-history":[{"count":8,"href":"https:\/\/www.uoh.cl\/fabrica-digital\/wp-json\/wp\/v2\/pages\/20\/revisions"}],"predecessor-version":[{"id":536,"href":"https:\/\/www.uoh.cl\/fabrica-digital\/wp-json\/wp\/v2\/pages\/20\/revisions\/536"}],"up":[{"embeddable":true,"href":"https:\/\/www.uoh.cl\/fabrica-digital\/wp-json\/wp\/v2\/pages\/16"}],"wp:attachment":[{"href":"https:\/\/www.uoh.cl\/fabrica-digital\/wp-json\/wp\/v2\/media?parent=20"}],"curies":[{"name":"wp","href":"https:\/\/api.w.org\/{rel}","templated":true}]}}