
{"id":18,"date":"2022-09-23T10:24:00","date_gmt":"2022-09-23T13:24:00","guid":{"rendered":"https:\/\/www.uoh.cl\/fabrica-digital\/?page_id=18"},"modified":"2024-05-27T11:29:34","modified_gmt":"2024-05-27T14:29:34","slug":"corte-laser","status":"publish","type":"page","link":"https:\/\/www.uoh.cl\/fabrica-digital\/maquinas\/corte-laser\/","title":{"rendered":"Corte l\u00e1ser"},"content":{"rendered":"<div class=\"wpb-content-wrapper\"><p>[vc_row][vc_column]<div class=\"uoh_slider_featured_component component__featured-slide row mx-auto col-12 m-0 align-items-center position-relative lazyload\" style=\" background:inherit\" data-bg=\"url(https:\/\/www.uoh.cl\/fabrica-digital\/wp-content\/uploads\/sites\/40\/2022\/09\/banner-1.jpg)\"><div class=\"caption--degrade\"><svg  xmlns=\"http:\/\/www.w3.org\/2000\/svg\" xmlns:xlink=\"http:\/\/www.w3.org\/1999\/xlink\" width=\"1061px\" height=\"539px\"><defs><linearGradient id=\"PSgrad_0\" x1=\"0%\" x2=\"64.279%\" y1=\"76.604%\" y2=\"0%\"><stop offset=\"0%\" stop-color=\"rgb(66,160,248)\" stop-opacity=\"1\" \/><stop offset=\"100%\" stop-color=\"rgb(66,160,248)\" stop-opacity=\"0\" \/><\/linearGradient><\/defs><path fill-rule=\"evenodd\"  fill=\"none\" d=\"M311.000,515.000 C311.000,515.000 211.039,468.555 132.000,357.000 C21.864,201.555 -4.306,4.695 1.000,0.000 L196.000,0.000 L811.000,0.000 L1061.000,0.000 C1061.000,0.000 851.535,430.030 546.000,521.000 C402.674,563.674 311.000,515.000 311.000,515.000 Z\"\/> <path fill=\"url(#PSgrad_0)\"d=\"M311.000,515.000 C311.000,515.000 211.039,468.555 132.000,357.000 C21.864,201.555 -4.306,4.695 1.000,0.000 L196.000,0.000 L811.000,0.000 L1061.000,0.000 C1061.000,0.000 851.535,430.030 546.000,521.000 C402.674,563.674 311.000,515.000 311.000,515.000 Z\"\/><\/svg><\/div><div class=\"caption--quote\"><svg xmlns=\"http:\/\/www.w3.org\/2000\/svg\" xmlns:xlink=\"http:\/\/www.w3.org\/1999\/xlink\"width=\"226px\" height=\"273px\"><defs><linearGradient id=\"PSgrad_0\" x1=\"71.934%\" x2=\"0%\" y1=\"69.466%\" y2=\"0%\"><stop offset=\"0%\" stop-color=\"rgb(66,160,248)\" stop-opacity=\"0.49\" \/><stop offset=\"100%\" stop-color=\"rgb(66,160,248)\" stop-opacity=\"0\" \/><\/linearGradient><\/defs><path fill-rule=\"evenodd\"  fill=\"none\" d=\"M-0.000,273.000 L174.000,273.000 C174.000,273.000 226.000,266.268 226.000,221.000 C226.000,175.732 226.000,-0.000 226.000,-0.000 C226.000,-0.000 24.577,71.878 -0.000,273.000 Z\"\/><path fill=\"url(#PSgrad_0)\"d=\"M-0.000,273.000 L174.000,273.000 C174.000,273.000 226.000,266.268 226.000,221.000 C226.000,175.732 226.000,-0.000 226.000,-0.000 C226.000,-0.000 24.577,71.878 -0.000,273.000 Z\"\/><\/svg><\/div><div class=\"my-uoh_slider_featured_component container mx-auto p-md-0\" ><div class=\"content component__featured-slide-content container row mx-auto aling-items-center p-0\"><h1 class=\"p-0 featured-slide title\"  style=\"\"><em>F\u00e1brica Digital<\/em>Corte l\u00e1ser<\/h1><ul class=\"breadcrumb breadcrumb-list\"><li><a href=\"https:\/\/www.uoh.cl\/fabrica-digital\">Inicio<\/a><\/li><li><span class=\"separator\"><?xml version=\"1.0\" ?><svg viewBox=\"0 0 96 96\" xmlns=\"http:\/\/www.w3.org\/2000\/svg\"><title\/><path d=\"M39.3756,48.0022l30.47-25.39a6.0035,6.0035,0,0,0-7.6878-9.223L26.1563,43.3906a6.0092,6.0092,0,0,0,0,9.2231L62.1578,82.615a6.0035,6.0035,0,0,0,7.6878-9.2231Z\"\/><\/svg><\/span><\/li><li><a href=\"\"><\/a><\/li><li>Corte l\u00e1ser<\/li><\/ul><\/div><span><\/span><\/div><\/div>[\/vc_column][\/vc_row][vc_section el_class=&#8221;container mx-auto align-items-center text-right circle&#8211;pattern&#8221; css=&#8221;.vc_custom_1648956589196{padding-top: 3rem !important;}&#8221;][vc_row el_class=&#8221;pb-5&#8243;][vc_column][vc_column_text]<\/p>\n<p class=\"CDt4Ke zfr3Q\" dir=\"ltr\" data-wakoopa-seen=\"true\"><span data-wakoopa-seen=\"true\">Con el l\u00e1ser puedes cortar y grabar con alta precisi\u00f3n y rapidez. Seg\u00fan el trazo definido por el computador, el l\u00e1ser se mover\u00e1 seg\u00fan la geometr\u00eda realizada. Se pueden lograr distintas t\u00e9cnicas: patrones que permitan flexibilizar materiales r\u00edgidos, grabar l\u00edneas para plegar caras y formar objetos en 3D, realizar cortes para ensamblar piezas y muchas otras m\u00e1s.<\/span><\/p>\n<p class=\"CDt4Ke zfr3Q\" dir=\"ltr\" data-wakoopa-seen=\"true\"><span data-wakoopa-seen=\"true\">Te recomendamos utilizar el programa <\/span><span class=\" aw5Odc\" data-wakoopa-seen=\"true\"><a class=\"XqQF9c\" href=\"https:\/\/www.google.com\/url?q=https%3A%2F%2Finkscape.org%2F&amp;sa=D&amp;sntz=1&amp;usg=AOvVaw0WGsUjAGR2m95qKwssVmPx\" target=\"_blank\" rel=\"noopener\" data-wakoopa-seen=\"true\">Inkscape<\/a><\/span><span data-wakoopa-seen=\"true\"> , el cual es un software gratuito para el dise\u00f1o vectorial.<\/span><\/p>\n<p>[\/vc_column_text][\/vc_column][\/vc_row][\/vc_section][vc_section el_class=&#8221;p-md-0 pt-md-5 pb-md-5&#8243; css=&#8221;.vc_custom_1664028177831{background-color: #f6faff !important;}&#8221;][vc_row el_class=&#8221;container mx-auto align-items-center text-right p-md-0 pt-5&#8243;][vc_column el_class=&#8221;p-0&#8243;][vc_row_inner el_class=&#8221;align-items-center&#8221;][vc_column_inner width=&#8221;1\/2&#8243;][vc_single_image image=&#8221;438&#8243; img_size=&#8221;medium&#8221; alignment=&#8221;center&#8221;][\/vc_column_inner][vc_column_inner width=&#8221;1\/2&#8243;]<div class=\"uoh_title_component-container\"><h2 class=\"title title--ms d-inline-block medium\">Epilog mini 14<\/h2><\/div>[vc_column_text]Con la m\u00e1quina de corte l\u00e1ser Epilog Mini 24 puedes realizar grabados y cortes en materiales como cart\u00f3n, madera, acr\u00edlico, cuero, pl\u00e1stico, aglomerado, corcho, entre otros.<\/p>\n<p><strong>\u00c1rea de trabajo: 305 x 610 mm<\/strong><br \/>\n<strong>Formato de archivo: .SVG<\/strong><br \/>\n<strong>Grosor m\u00e1ximo de material: 5,5 mm<\/strong>[\/vc_column_text][\/vc_column_inner][\/vc_row_inner][vc_row_inner el_class=&#8221;align-items-center&#8221;][vc_column_inner width=&#8221;1\/2&#8243;][vc_single_image image=&#8221;434&#8243; img_size=&#8221;medium&#8221; alignment=&#8221;center&#8221;][\/vc_column_inner][vc_column_inner width=&#8221;1\/2&#8243;]<div class=\"uoh_title_component-container\"><h2 class=\"title title--ms d-inline-block medium\">Multimaterial 1330<\/h2><\/div>[vc_column_text]Es el equipo con las mejores prestaciones de corte l\u00e1ser. Corta madera, acr\u00edlico y metal (acero carbono e inoxidable). Es el \u00fanico equipo desarrollado y recomendado para materiales semiduros y duros por igual. Caracter\u00edstica que la diferencia de las dem\u00e1s m\u00e1quinas en su rubro. Ya que, com\u00fanmente, un equipo para metal no puede trabajar acr\u00edlicos o madera y viceversa.<\/p>\n<p><strong>\u00c1rea efectiva de trabajo: 1300x3000mm<\/strong><br \/>\n<strong>Formatos compatibles: .bmp,.plt, .dxf, .dwg, .dst, .las<\/strong>[\/vc_column_text][\/vc_column_inner][\/vc_row_inner][\/vc_column][\/vc_row][\/vc_section][vc_section el_class=&#8221;p-md-0 pt-md-5 pb-md-5&#8243;][vc_row el_class=&#8221;container mx-auto align-items-center text-right p-md-0 pt-5&#8243;][vc_column el_class=&#8221;p-0&#8243;]<div class=\"uoh_title_component-container\"><h2 class=\"title title--ms d-inline-block title--decorator  medium\">\u00bfC\u00f3mo funcionan las m\u00e1quinas de Epilog Mini de grabado y corte por l\u00e1ser? <\/h2><\/div>[vc_row_inner equal_height=&#8221;yes&#8221; content_placement=&#8221;middle&#8221;][vc_column_inner width=&#8221;1\/2&#8243;][vc_single_image image=&#8221;433&#8243; img_size=&#8221;medium&#8221; alignment=&#8221;center&#8221;][vc_single_image image=&#8221;427&#8243; img_size=&#8221;medium&#8221; alignment=&#8221;center&#8221;][vc_single_image image=&#8221;430&#8243; img_size=&#8221;medium&#8221; alignment=&#8221;center&#8221;][\/vc_column_inner][vc_column_inner width=&#8221;1\/2&#8243;]<div class=\"uoh_title_component-container\"><h2 class=\"title title--ms d-inline-block medium\">1. Dise\u00f1o<\/h2><\/div>[vc_column_text]<\/p>\n<p class=\"CDt4Ke zfr3Q\" dir=\"ltr\" data-wakoopa-seen=\"true\"><span data-wakoopa-seen=\"true\">Para comenzar debemos crear un dise\u00f1o en pr\u00e1cticamente cualquier programa de dise\u00f1o gr\u00e1fico vectorial, como puede ser o Inkscape\u00ae que es totalmente gratuito, Adobe Illustrator\u00ae o CorelDRAW\u00ae. Tambi\u00e9n puedes descargar o importar una imagen que quieras grabar desde cualquier p\u00e1gina web de ilustraciones o fotograf\u00edas desde tu ordenador o tel\u00e9fono celular.<\/span><\/p>\n<p>[\/vc_column_text][vc_zigzag color=&#8221;white&#8221; el_class=&#8221;py-4&#8243;]<div class=\"uoh_title_component-container\"><h2 class=\"title title--ms d-inline-block medium\">2. Configuraci\u00f3n<\/h2><\/div>[vc_column_text]<\/p>\n<p class=\"CDt4Ke zfr3Q\" dir=\"ltr\" data-wakoopa-seen=\"true\"><span data-wakoopa-seen=\"true\">Env\u00edenos el dise\u00f1o seleccionado a la Epilog MINI igual que si fuera a imprimir un archivo en una impresora com\u00fan. Con la ayuda del paquete de softwares de control de impresi\u00f3n que incluyen los sistemas Epilog desde nuestro ordenador, determinemos los par\u00e1metros l\u00e1ser que deseemos utilizar (como el tipo de trabajo que queremos realizar, ya sea corte, grabado o ambos, la velocidad y la potencia)Todo esto seg\u00fan el material con el que queremos trabajar. O tambi\u00e9n podemos seleccionar una de las configuraciones de materiales predeterminadas de la amplia base de datos de Epilog L\u00e1ser.<\/span><\/p>\n<p>[\/vc_column_text][vc_zigzag color=&#8221;white&#8221; el_class=&#8221;py-4&#8243;]<div class=\"uoh_title_component-container\"><h2 class=\"title title--ms d-inline-block medium\">3. Grabar y\/o cortar<\/h2><\/div>[vc_column_text]Seleccionemos el archivo en el panel de control del l\u00e1ser, carguemos en la m\u00e1quina el material en el que deseamos grabar o cortar, cerremos la puerta y presionemos &#8220;GO&#8221;. La m\u00e1quina de grabado l\u00e1ser se encargar\u00e1 de hacer el resto.[\/vc_column_text][vc_zigzag color=&#8221;white&#8221; el_class=&#8221;py-4&#8243;]<div class=\"uoh_title_component-container\"><h2 class=\"title title--ms d-inline-block medium\">Aprende con nuestros tutoriales:<\/h2><\/div>[vc_column_text]<a href=\"https:\/\/drive.google.com\/file\/d\/1nImI8Z_MWcyOdqHMunMu9IAIS8NxaViF\/view?usp=sharing\">Protocolo Epilog Mini<\/a><\/p>\n<p><a href=\"https:\/\/www.youtube.com\/watch?v=bbgMTyaeQDU\">Tutorial Epilog Mini<\/a>[\/vc_column_text][\/vc_column_inner][\/vc_row_inner][\/vc_column][\/vc_row][\/vc_section][vc_section css=&#8221;.vc_custom_1663940404659{background-color: #f6faff !important;}&#8221; el_class=&#8221;p-md-0 pt-md-5 pb-md-5&#8243;][vc_row el_class=&#8221;container mx-auto align-items-center text-right p-md-0 pt-5&#8243;][vc_column el_class=&#8221;p-0&#8243;][vc_masonry_media_grid gap=&#8221;25&#8243; grid_id=&#8221;vc_gid:1716819558052-fd1b0848-9722-9&#8243; include=&#8221;428,432,431&#8243;][\/vc_column][\/vc_row][\/vc_section][vc_section el_class=&#8221;p-md-0 pt-md-5 pb-md-5 text-center&#8221; css=&#8221;.vc_custom_1663942247343{background-color: #000000 !important;}&#8221;][vc_row el_class=&#8221;container mx-auto align-items-center text-right p-md-0 pt-5&#8243;][vc_column el_class=&#8221;p-0&#8243;][vc_column_text]<span style=\"color: #ffffff;\">Proyecto financiado a trav\u00e9s del Fondo de Innovaci\u00f3n para la Competitividad del Gobierno Regional de O&#8217;Higgins y su Consejo\u00a0Regional, enmarcado en la Estrategia Regional de Innovaci\u00f3n.<\/span><\/p>\n<p><span style=\"color: #ffffff;\"><strong>&#8220;Innovaci\u00f3n, la clave para el desarrollo de los territorios&#8221;<\/strong><\/span>[\/vc_column_text][vc_row_inner el_class=&#8221;align-items-center&#8221;][vc_column_inner width=&#8221;1\/3&#8243;][vc_single_image image=&#8221;47&#8243; img_size=&#8221;medium&#8221; alignment=&#8221;center&#8221; el_class=&#8221;p-4&#8243;][\/vc_column_inner][vc_column_inner width=&#8221;1\/3&#8243;][vc_single_image image=&#8221;48&#8243; img_size=&#8221;medium&#8221; alignment=&#8221;center&#8221; el_class=&#8221;p-4&#8243;][\/vc_column_inner][vc_column_inner width=&#8221;1\/3&#8243;][vc_single_image image=&#8221;46&#8243; img_size=&#8221;medium&#8221; alignment=&#8221;center&#8221; el_class=&#8221;p-4&#8243;][\/vc_column_inner][\/vc_row_inner][\/vc_column][\/vc_row][\/vc_section]<\/p>\n<\/div>","protected":false},"excerpt":{"rendered":"<p>[vc_row][vc_column][\/vc_column][\/vc_row][vc_section el_class=&#8221;container mx-auto align-items-center text-right circle&#8211;pattern&#8221; css=&#8221;.vc_custom_1648956589196{padding-top: 3rem !important;}&#8221;][vc_row el_class=&#8221;pb-5&#8243;][vc_column][vc_column_text] Con el l\u00e1ser puedes cortar y grabar con alta precisi\u00f3n y rapidez. Seg\u00fan el trazo definido por el computador, el l\u00e1ser se mover\u00e1 seg\u00fan la geometr\u00eda realizada. Se pueden lograr distintas t\u00e9cnicas: patrones que permitan flexibilizar materiales r\u00edgidos, grabar l\u00edneas para plegar caras y formar [&hellip;]<\/p>\n","protected":false},"author":6,"featured_media":0,"parent":16,"menu_order":0,"comment_status":"closed","ping_status":"closed","template":"","meta":{"_acf_changed":false,"footnotes":""},"class_list":["post-18","page","type-page","status-publish","hentry"],"acf":[],"yoast_head":"<!-- This site is optimized with the Yoast SEO plugin v26.6 - https:\/\/yoast.com\/wordpress\/plugins\/seo\/ -->\n<title>Corte l\u00e1ser - F\u00e1brica Digital<\/title>\n<meta name=\"robots\" content=\"index, follow, max-snippet:-1, max-image-preview:large, max-video-preview:-1\" \/>\n<link rel=\"canonical\" href=\"https:\/\/www.uoh.cl\/fabrica-digital\/maquinas\/corte-laser\/\" \/>\n<meta property=\"og:locale\" content=\"es_ES\" \/>\n<meta property=\"og:type\" content=\"article\" \/>\n<meta property=\"og:title\" content=\"Corte l\u00e1ser - F\u00e1brica Digital\" \/>\n<meta property=\"og:description\" content=\"[vc_row][vc_column][\/vc_column][\/vc_row][vc_section el_class=&#8221;container mx-auto align-items-center text-right circle&#8211;pattern&#8221; css=&#8221;.vc_custom_1648956589196{padding-top: 3rem !important;}&#8221;][vc_row el_class=&#8221;pb-5&#8243;][vc_column][vc_column_text] Con el l\u00e1ser puedes cortar y grabar con alta precisi\u00f3n y rapidez. Seg\u00fan el trazo definido por el computador, el l\u00e1ser se mover\u00e1 seg\u00fan la geometr\u00eda realizada. Se pueden lograr distintas t\u00e9cnicas: patrones que permitan flexibilizar materiales r\u00edgidos, grabar l\u00edneas para plegar caras y formar [&hellip;]\" \/>\n<meta property=\"og:url\" content=\"https:\/\/www.uoh.cl\/fabrica-digital\/maquinas\/corte-laser\/\" \/>\n<meta property=\"og:site_name\" content=\"F\u00e1brica Digital\" \/>\n<meta property=\"article:publisher\" content=\"https:\/\/www.facebook.com\/fabricadigital.uoh\" \/>\n<meta property=\"article:modified_time\" content=\"2024-05-27T14:29:34+00:00\" \/>\n<meta name=\"twitter:card\" content=\"summary_large_image\" \/>\n<meta name=\"twitter:label1\" content=\"Tiempo estimado de lectura\" \/>\n\t<meta name=\"twitter:data1\" content=\"3 minutos\" \/>\n<script type=\"application\/ld+json\" class=\"yoast-schema-graph\">{\"@context\":\"https:\/\/schema.org\",\"@graph\":[{\"@type\":\"WebPage\",\"@id\":\"https:\/\/www.uoh.cl\/fabrica-digital\/maquinas\/corte-laser\/\",\"url\":\"https:\/\/www.uoh.cl\/fabrica-digital\/maquinas\/corte-laser\/\",\"name\":\"Corte l\u00e1ser - F\u00e1brica Digital\",\"isPartOf\":{\"@id\":\"https:\/\/www.uoh.cl\/fabrica-digital\/#website\"},\"datePublished\":\"2022-09-23T13:24:00+00:00\",\"dateModified\":\"2024-05-27T14:29:34+00:00\",\"breadcrumb\":{\"@id\":\"https:\/\/www.uoh.cl\/fabrica-digital\/maquinas\/corte-laser\/#breadcrumb\"},\"inLanguage\":\"es-CL\",\"potentialAction\":[{\"@type\":\"ReadAction\",\"target\":[\"https:\/\/www.uoh.cl\/fabrica-digital\/maquinas\/corte-laser\/\"]}]},{\"@type\":\"BreadcrumbList\",\"@id\":\"https:\/\/www.uoh.cl\/fabrica-digital\/maquinas\/corte-laser\/#breadcrumb\",\"itemListElement\":[{\"@type\":\"ListItem\",\"position\":1,\"name\":\"Home\",\"item\":\"https:\/\/www.uoh.cl\/fabrica-digital\/\"},{\"@type\":\"ListItem\",\"position\":2,\"name\":\"M\u00e1quinas\",\"item\":\"https:\/\/www.uoh.cl\/fabrica-digital\/maquinas\/\"},{\"@type\":\"ListItem\",\"position\":3,\"name\":\"Corte l\u00e1ser\"}]},{\"@type\":\"WebSite\",\"@id\":\"https:\/\/www.uoh.cl\/fabrica-digital\/#website\",\"url\":\"https:\/\/www.uoh.cl\/fabrica-digital\/\",\"name\":\"F\u00e1brica Digital\",\"description\":\"Aprende a prototipar tus ideas\",\"publisher\":{\"@id\":\"https:\/\/www.uoh.cl\/fabrica-digital\/#organization\"},\"potentialAction\":[{\"@type\":\"SearchAction\",\"target\":{\"@type\":\"EntryPoint\",\"urlTemplate\":\"https:\/\/www.uoh.cl\/fabrica-digital\/?s={search_term_string}\"},\"query-input\":{\"@type\":\"PropertyValueSpecification\",\"valueRequired\":true,\"valueName\":\"search_term_string\"}}],\"inLanguage\":\"es-CL\"},{\"@type\":\"Organization\",\"@id\":\"https:\/\/www.uoh.cl\/fabrica-digital\/#organization\",\"name\":\"F\u00e1brica Digital\",\"url\":\"https:\/\/www.uoh.cl\/fabrica-digital\/\",\"logo\":{\"@type\":\"ImageObject\",\"inLanguage\":\"es-CL\",\"@id\":\"https:\/\/www.uoh.cl\/fabrica-digital\/#\/schema\/logo\/image\/\",\"url\":\"https:\/\/www.uoh.cl\/fabrica-digital\/wp-content\/uploads\/sites\/40\/2022\/09\/logo.png\",\"contentUrl\":\"https:\/\/www.uoh.cl\/fabrica-digital\/wp-content\/uploads\/sites\/40\/2022\/09\/logo.png\",\"width\":1685,\"height\":810,\"caption\":\"F\u00e1brica Digital\"},\"image\":{\"@id\":\"https:\/\/www.uoh.cl\/fabrica-digital\/#\/schema\/logo\/image\/\"},\"sameAs\":[\"https:\/\/www.facebook.com\/fabricadigital.uoh\",\"https:\/\/www.instagram.com\/fabricadigitalohiggins\/\",\"https:\/\/www.youtube.com\/channel\/UCaAZEN9qCl-69Oq5KVqY03Q\/about\"]}]}<\/script>\n<!-- \/ Yoast SEO plugin. -->","yoast_head_json":{"title":"Corte l\u00e1ser - F\u00e1brica Digital","robots":{"index":"index","follow":"follow","max-snippet":"max-snippet:-1","max-image-preview":"max-image-preview:large","max-video-preview":"max-video-preview:-1"},"canonical":"https:\/\/www.uoh.cl\/fabrica-digital\/maquinas\/corte-laser\/","og_locale":"es_ES","og_type":"article","og_title":"Corte l\u00e1ser - F\u00e1brica Digital","og_description":"[vc_row][vc_column][\/vc_column][\/vc_row][vc_section el_class=&#8221;container mx-auto align-items-center text-right circle&#8211;pattern&#8221; css=&#8221;.vc_custom_1648956589196{padding-top: 3rem !important;}&#8221;][vc_row el_class=&#8221;pb-5&#8243;][vc_column][vc_column_text] Con el l\u00e1ser puedes cortar y grabar con alta precisi\u00f3n y rapidez. Seg\u00fan el trazo definido por el computador, el l\u00e1ser se mover\u00e1 seg\u00fan la geometr\u00eda realizada. Se pueden lograr distintas t\u00e9cnicas: patrones que permitan flexibilizar materiales r\u00edgidos, grabar l\u00edneas para plegar caras y formar [&hellip;]","og_url":"https:\/\/www.uoh.cl\/fabrica-digital\/maquinas\/corte-laser\/","og_site_name":"F\u00e1brica Digital","article_publisher":"https:\/\/www.facebook.com\/fabricadigital.uoh","article_modified_time":"2024-05-27T14:29:34+00:00","twitter_card":"summary_large_image","twitter_misc":{"Tiempo estimado de lectura":"3 minutos"},"schema":{"@context":"https:\/\/schema.org","@graph":[{"@type":"WebPage","@id":"https:\/\/www.uoh.cl\/fabrica-digital\/maquinas\/corte-laser\/","url":"https:\/\/www.uoh.cl\/fabrica-digital\/maquinas\/corte-laser\/","name":"Corte l\u00e1ser - F\u00e1brica Digital","isPartOf":{"@id":"https:\/\/www.uoh.cl\/fabrica-digital\/#website"},"datePublished":"2022-09-23T13:24:00+00:00","dateModified":"2024-05-27T14:29:34+00:00","breadcrumb":{"@id":"https:\/\/www.uoh.cl\/fabrica-digital\/maquinas\/corte-laser\/#breadcrumb"},"inLanguage":"es-CL","potentialAction":[{"@type":"ReadAction","target":["https:\/\/www.uoh.cl\/fabrica-digital\/maquinas\/corte-laser\/"]}]},{"@type":"BreadcrumbList","@id":"https:\/\/www.uoh.cl\/fabrica-digital\/maquinas\/corte-laser\/#breadcrumb","itemListElement":[{"@type":"ListItem","position":1,"name":"Home","item":"https:\/\/www.uoh.cl\/fabrica-digital\/"},{"@type":"ListItem","position":2,"name":"M\u00e1quinas","item":"https:\/\/www.uoh.cl\/fabrica-digital\/maquinas\/"},{"@type":"ListItem","position":3,"name":"Corte l\u00e1ser"}]},{"@type":"WebSite","@id":"https:\/\/www.uoh.cl\/fabrica-digital\/#website","url":"https:\/\/www.uoh.cl\/fabrica-digital\/","name":"F\u00e1brica Digital","description":"Aprende a prototipar tus ideas","publisher":{"@id":"https:\/\/www.uoh.cl\/fabrica-digital\/#organization"},"potentialAction":[{"@type":"SearchAction","target":{"@type":"EntryPoint","urlTemplate":"https:\/\/www.uoh.cl\/fabrica-digital\/?s={search_term_string}"},"query-input":{"@type":"PropertyValueSpecification","valueRequired":true,"valueName":"search_term_string"}}],"inLanguage":"es-CL"},{"@type":"Organization","@id":"https:\/\/www.uoh.cl\/fabrica-digital\/#organization","name":"F\u00e1brica Digital","url":"https:\/\/www.uoh.cl\/fabrica-digital\/","logo":{"@type":"ImageObject","inLanguage":"es-CL","@id":"https:\/\/www.uoh.cl\/fabrica-digital\/#\/schema\/logo\/image\/","url":"https:\/\/www.uoh.cl\/fabrica-digital\/wp-content\/uploads\/sites\/40\/2022\/09\/logo.png","contentUrl":"https:\/\/www.uoh.cl\/fabrica-digital\/wp-content\/uploads\/sites\/40\/2022\/09\/logo.png","width":1685,"height":810,"caption":"F\u00e1brica Digital"},"image":{"@id":"https:\/\/www.uoh.cl\/fabrica-digital\/#\/schema\/logo\/image\/"},"sameAs":["https:\/\/www.facebook.com\/fabricadigital.uoh","https:\/\/www.instagram.com\/fabricadigitalohiggins\/","https:\/\/www.youtube.com\/channel\/UCaAZEN9qCl-69Oq5KVqY03Q\/about"]}]}},"_links":{"self":[{"href":"https:\/\/www.uoh.cl\/fabrica-digital\/wp-json\/wp\/v2\/pages\/18","targetHints":{"allow":["GET"]}}],"collection":[{"href":"https:\/\/www.uoh.cl\/fabrica-digital\/wp-json\/wp\/v2\/pages"}],"about":[{"href":"https:\/\/www.uoh.cl\/fabrica-digital\/wp-json\/wp\/v2\/types\/page"}],"author":[{"embeddable":true,"href":"https:\/\/www.uoh.cl\/fabrica-digital\/wp-json\/wp\/v2\/users\/6"}],"replies":[{"embeddable":true,"href":"https:\/\/www.uoh.cl\/fabrica-digital\/wp-json\/wp\/v2\/comments?post=18"}],"version-history":[{"count":7,"href":"https:\/\/www.uoh.cl\/fabrica-digital\/wp-json\/wp\/v2\/pages\/18\/revisions"}],"predecessor-version":[{"id":535,"href":"https:\/\/www.uoh.cl\/fabrica-digital\/wp-json\/wp\/v2\/pages\/18\/revisions\/535"}],"up":[{"embeddable":true,"href":"https:\/\/www.uoh.cl\/fabrica-digital\/wp-json\/wp\/v2\/pages\/16"}],"wp:attachment":[{"href":"https:\/\/www.uoh.cl\/fabrica-digital\/wp-json\/wp\/v2\/media?parent=18"}],"curies":[{"name":"wp","href":"https:\/\/api.w.org\/{rel}","templated":true}]}}