
{"id":124,"date":"2022-09-23T12:31:24","date_gmt":"2022-09-23T15:31:24","guid":{"rendered":"https:\/\/www.uoh.cl\/fabrica-digital\/?page_id=124"},"modified":"2024-05-27T11:26:12","modified_gmt":"2024-05-27T14:26:12","slug":"cursos-de-induccion","status":"publish","type":"page","link":"https:\/\/www.uoh.cl\/fabrica-digital\/actividades\/cursos-de-induccion\/","title":{"rendered":"Cursos de Inducci\u00f3n"},"content":{"rendered":"<div class=\"wpb-content-wrapper\"><p>[vc_row][vc_column]<div class=\"uoh_slider_featured_component component__featured-slide row mx-auto col-12 m-0 align-items-center position-relative lazyload\" style=\" background:inherit\" data-bg=\"url(https:\/\/www.uoh.cl\/fabrica-digital\/wp-content\/uploads\/sites\/40\/2022\/09\/20211210_173454.jpg)\"><div class=\"caption--degrade\"><svg  xmlns=\"http:\/\/www.w3.org\/2000\/svg\" xmlns:xlink=\"http:\/\/www.w3.org\/1999\/xlink\" width=\"1061px\" height=\"539px\"><defs><linearGradient id=\"PSgrad_0\" x1=\"0%\" x2=\"64.279%\" y1=\"76.604%\" y2=\"0%\"><stop offset=\"0%\" stop-color=\"rgb(66,160,248)\" stop-opacity=\"1\" \/><stop offset=\"100%\" stop-color=\"rgb(66,160,248)\" stop-opacity=\"0\" \/><\/linearGradient><\/defs><path fill-rule=\"evenodd\"  fill=\"none\" d=\"M311.000,515.000 C311.000,515.000 211.039,468.555 132.000,357.000 C21.864,201.555 -4.306,4.695 1.000,0.000 L196.000,0.000 L811.000,0.000 L1061.000,0.000 C1061.000,0.000 851.535,430.030 546.000,521.000 C402.674,563.674 311.000,515.000 311.000,515.000 Z\"\/> <path fill=\"url(#PSgrad_0)\"d=\"M311.000,515.000 C311.000,515.000 211.039,468.555 132.000,357.000 C21.864,201.555 -4.306,4.695 1.000,0.000 L196.000,0.000 L811.000,0.000 L1061.000,0.000 C1061.000,0.000 851.535,430.030 546.000,521.000 C402.674,563.674 311.000,515.000 311.000,515.000 Z\"\/><\/svg><\/div><div class=\"caption--quote\"><svg xmlns=\"http:\/\/www.w3.org\/2000\/svg\" xmlns:xlink=\"http:\/\/www.w3.org\/1999\/xlink\"width=\"226px\" height=\"273px\"><defs><linearGradient id=\"PSgrad_0\" x1=\"71.934%\" x2=\"0%\" y1=\"69.466%\" y2=\"0%\"><stop offset=\"0%\" stop-color=\"rgb(66,160,248)\" stop-opacity=\"0.49\" \/><stop offset=\"100%\" stop-color=\"rgb(66,160,248)\" stop-opacity=\"0\" \/><\/linearGradient><\/defs><path fill-rule=\"evenodd\"  fill=\"none\" d=\"M-0.000,273.000 L174.000,273.000 C174.000,273.000 226.000,266.268 226.000,221.000 C226.000,175.732 226.000,-0.000 226.000,-0.000 C226.000,-0.000 24.577,71.878 -0.000,273.000 Z\"\/><path fill=\"url(#PSgrad_0)\"d=\"M-0.000,273.000 L174.000,273.000 C174.000,273.000 226.000,266.268 226.000,221.000 C226.000,175.732 226.000,-0.000 226.000,-0.000 C226.000,-0.000 24.577,71.878 -0.000,273.000 Z\"\/><\/svg><\/div><div class=\"my-uoh_slider_featured_component container mx-auto p-md-0\" ><div class=\"content component__featured-slide-content container row mx-auto aling-items-center p-0\"><h1 class=\"p-0 featured-slide title\"  style=\"\"><em>F\u00e1brica Digital<\/em>Cursos de Inducci\u00f3n<\/h1><ul class=\"breadcrumb breadcrumb-list\"><li><a href=\"https:\/\/www.uoh.cl\/fabrica-digital\">Inicio<\/a><\/li><li><span class=\"separator\"><?xml version=\"1.0\" ?><svg viewBox=\"0 0 96 96\" xmlns=\"http:\/\/www.w3.org\/2000\/svg\"><title\/><path d=\"M39.3756,48.0022l30.47-25.39a6.0035,6.0035,0,0,0-7.6878-9.223L26.1563,43.3906a6.0092,6.0092,0,0,0,0,9.2231L62.1578,82.615a6.0035,6.0035,0,0,0,7.6878-9.2231Z\"\/><\/svg><\/span><\/li><li><a href=\"\"><\/a><\/li><li>Cursos de Inducci\u00f3n<\/li><\/ul><\/div><span><\/span><\/div><\/div>[\/vc_column][\/vc_row][vc_section el_class=&#8221;container mx-auto align-items-center text-right circle&#8211;pattern&#8221; css=&#8221;.vc_custom_1648956589196{padding-top: 3rem !important;}&#8221;][vc_row el_class=&#8221;pb-5&#8243;][vc_column]<div class=\"uoh_title_component-container\"><h1 class=\"title title--ms d-inline-block title--decorator  big\">\u00bfQuieres aprender a utilizar herramientas de fabricaci\u00f3n digital y prototipado para desarrollar tus proyectos?<\/h1><\/div>[vc_column_text]<\/p>\n<p class=\"CDt4Ke zfr3Q\" dir=\"ltr\" data-wakoopa-seen=\"true\">Inscr\u00edbete en los cursos de inducci\u00f3n y prep\u00e1rate para utilizar las m\u00e1quinas disponibles en nuestra F\u00e1brica. Los Cursos de inducci\u00f3n o CI son totalmente gratuitos y abiertos a la comunidad, pero los cupos son limitados. Tras participar del curso, estar\u00e1s listo para reservar y utilizar las m\u00e1quinas.<\/p>\n<p dir=\"ltr\" data-wakoopa-seen=\"true\">\n<p dir=\"ltr\" data-wakoopa-seen=\"true\">[\/vc_column_text][vc_media_grid style=&#8221;load-more&#8221; items_per_page=&#8221;4&#8243; element_width=&#8221;3&#8243; btn_title=&#8221;Ver m\u00e1s&#8221; btn_color=&#8221;primary&#8221; btn_size=&#8221;sm&#8221; btn_align=&#8221;center&#8221; btn_button_block=&#8221;true&#8221; grid_id=&#8221;vc_gid:1716819546173-11e75c7d-ed08-6&#8243; include=&#8221;141,142,143,144,145,146,147,148,149,150,151,152,153,154,155,156&#8243;][\/vc_column][\/vc_row][\/vc_section][vc_section el_class=&#8221;p-md-0 pt-md-5 pb-md-5&#8243;][vc_row el_class=&#8221;container mx-auto align-items-center text-right p-md-0 pt-5&#8243;][vc_column el_class=&#8221;p-0&#8243;][vc_tta_tabs][vc_tta_section title=&#8221;2022&#8243; tab_id=&#8221;2022-fabrica&#8221;][vc_single_image image=&#8221;161&#8243; img_size=&#8221;large&#8221; alignment=&#8221;center&#8221; onclick=&#8221;link_image&#8221; el_class=&#8221;p-5&#8243;][vc_media_grid element_width=&#8221;3&#8243; gap=&#8221;25&#8243; grid_id=&#8221;vc_gid:1716819546201-3e547a2a-6df7-6&#8243; include=&#8221;157,158,159,160&#8243;][\/vc_tta_section][vc_tta_section title=&#8221;2021&#8243; tab_id=&#8221;2021-fabrica&#8221;][vc_media_grid style=&#8221;lazy&#8221; items_per_page=&#8221;6&#8243; element_width=&#8221;2&#8243; gap=&#8221;25&#8243; grid_id=&#8221;vc_gid:1716819546206-2c977b25-1f4f-6&#8243; include=&#8221;184,185,186,187,188,189,190,191,176,177,178,179,180,181,182,183,170,171,172,173,174,175,166,167,168,169&#8243;][\/vc_tta_section][\/vc_tta_tabs][\/vc_column][\/vc_row][\/vc_section][vc_section el_class=&#8221;p-md-0 pt-md-5 pb-md-5 text-center&#8221; css=&#8221;.vc_custom_1663942247343{background-color: #000000 !important;}&#8221;][vc_row el_class=&#8221;container mx-auto align-items-center text-right p-md-0 pt-5&#8243;][vc_column el_class=&#8221;p-0&#8243;][vc_column_text]<span style=\"color: #ffffff;\">Proyecto financiado a trav\u00e9s del Fondo de Innovaci\u00f3n para la Competitividad del Gobierno Regional de O&#8217;Higgins y su Consejo\u00a0Regional, enmarcado en la Estrategia Regional de Innovaci\u00f3n.<\/span><\/p>\n<p><span style=\"color: #ffffff;\"><strong>&#8220;Innovaci\u00f3n, la clave para el desarrollo de los territorios&#8221;<\/strong><\/span>[\/vc_column_text][vc_row_inner el_class=&#8221;align-items-center&#8221;][vc_column_inner width=&#8221;1\/3&#8243;][vc_single_image image=&#8221;47&#8243; img_size=&#8221;medium&#8221; alignment=&#8221;center&#8221; el_class=&#8221;p-4&#8243;][\/vc_column_inner][vc_column_inner width=&#8221;1\/3&#8243;][vc_single_image image=&#8221;48&#8243; img_size=&#8221;medium&#8221; alignment=&#8221;center&#8221; el_class=&#8221;p-4&#8243;][\/vc_column_inner][vc_column_inner width=&#8221;1\/3&#8243;][vc_single_image image=&#8221;46&#8243; img_size=&#8221;medium&#8221; alignment=&#8221;center&#8221; el_class=&#8221;p-4&#8243;][\/vc_column_inner][\/vc_row_inner][\/vc_column][\/vc_row][\/vc_section]<\/p>\n<\/div>","protected":false},"excerpt":{"rendered":"<p>[vc_row][vc_column][\/vc_column][\/vc_row][vc_section el_class=&#8221;container mx-auto align-items-center text-right circle&#8211;pattern&#8221; css=&#8221;.vc_custom_1648956589196{padding-top: 3rem !important;}&#8221;][vc_row el_class=&#8221;pb-5&#8243;][vc_column][vc_column_text] Inscr\u00edbete en los cursos de inducci\u00f3n y prep\u00e1rate para utilizar las m\u00e1quinas disponibles en nuestra F\u00e1brica. Los Cursos de inducci\u00f3n o CI son totalmente gratuitos y abiertos a la comunidad, pero los cupos son limitados. Tras participar del curso, estar\u00e1s listo para reservar y utilizar [&hellip;]<\/p>\n","protected":false},"author":6,"featured_media":0,"parent":9,"menu_order":0,"comment_status":"closed","ping_status":"closed","template":"","meta":{"_acf_changed":false,"footnotes":""},"class_list":["post-124","page","type-page","status-publish","hentry"],"acf":[],"yoast_head":"<!-- This site is optimized with the Yoast SEO plugin v26.6 - https:\/\/yoast.com\/wordpress\/plugins\/seo\/ -->\n<title>Cursos de Inducci\u00f3n - F\u00e1brica Digital<\/title>\n<meta name=\"robots\" content=\"index, follow, max-snippet:-1, max-image-preview:large, max-video-preview:-1\" \/>\n<link rel=\"canonical\" href=\"https:\/\/www.uoh.cl\/fabrica-digital\/actividades\/cursos-de-induccion\/\" \/>\n<meta property=\"og:locale\" content=\"es_ES\" \/>\n<meta property=\"og:type\" content=\"article\" \/>\n<meta property=\"og:title\" content=\"Cursos de Inducci\u00f3n - F\u00e1brica Digital\" \/>\n<meta property=\"og:description\" content=\"[vc_row][vc_column][\/vc_column][\/vc_row][vc_section el_class=&#8221;container mx-auto align-items-center text-right circle&#8211;pattern&#8221; css=&#8221;.vc_custom_1648956589196{padding-top: 3rem !important;}&#8221;][vc_row el_class=&#8221;pb-5&#8243;][vc_column][vc_column_text] Inscr\u00edbete en los cursos de inducci\u00f3n y prep\u00e1rate para utilizar las m\u00e1quinas disponibles en nuestra F\u00e1brica. Los Cursos de inducci\u00f3n o CI son totalmente gratuitos y abiertos a la comunidad, pero los cupos son limitados. Tras participar del curso, estar\u00e1s listo para reservar y utilizar [&hellip;]\" \/>\n<meta property=\"og:url\" content=\"https:\/\/www.uoh.cl\/fabrica-digital\/actividades\/cursos-de-induccion\/\" \/>\n<meta property=\"og:site_name\" content=\"F\u00e1brica Digital\" \/>\n<meta property=\"article:publisher\" content=\"https:\/\/www.facebook.com\/fabricadigital.uoh\" \/>\n<meta property=\"article:modified_time\" content=\"2024-05-27T14:26:12+00:00\" \/>\n<meta name=\"twitter:card\" content=\"summary_large_image\" \/>\n<meta name=\"twitter:label1\" content=\"Tiempo estimado de lectura\" \/>\n\t<meta name=\"twitter:data1\" content=\"2 minutos\" \/>\n<script type=\"application\/ld+json\" class=\"yoast-schema-graph\">{\"@context\":\"https:\/\/schema.org\",\"@graph\":[{\"@type\":\"WebPage\",\"@id\":\"https:\/\/www.uoh.cl\/fabrica-digital\/actividades\/cursos-de-induccion\/\",\"url\":\"https:\/\/www.uoh.cl\/fabrica-digital\/actividades\/cursos-de-induccion\/\",\"name\":\"Cursos de Inducci\u00f3n - F\u00e1brica Digital\",\"isPartOf\":{\"@id\":\"https:\/\/www.uoh.cl\/fabrica-digital\/#website\"},\"datePublished\":\"2022-09-23T15:31:24+00:00\",\"dateModified\":\"2024-05-27T14:26:12+00:00\",\"breadcrumb\":{\"@id\":\"https:\/\/www.uoh.cl\/fabrica-digital\/actividades\/cursos-de-induccion\/#breadcrumb\"},\"inLanguage\":\"es-CL\",\"potentialAction\":[{\"@type\":\"ReadAction\",\"target\":[\"https:\/\/www.uoh.cl\/fabrica-digital\/actividades\/cursos-de-induccion\/\"]}]},{\"@type\":\"BreadcrumbList\",\"@id\":\"https:\/\/www.uoh.cl\/fabrica-digital\/actividades\/cursos-de-induccion\/#breadcrumb\",\"itemListElement\":[{\"@type\":\"ListItem\",\"position\":1,\"name\":\"Home\",\"item\":\"https:\/\/www.uoh.cl\/fabrica-digital\/\"},{\"@type\":\"ListItem\",\"position\":2,\"name\":\"Actividades\",\"item\":\"https:\/\/www.uoh.cl\/fabrica-digital\/actividades\/\"},{\"@type\":\"ListItem\",\"position\":3,\"name\":\"Cursos de Inducci\u00f3n\"}]},{\"@type\":\"WebSite\",\"@id\":\"https:\/\/www.uoh.cl\/fabrica-digital\/#website\",\"url\":\"https:\/\/www.uoh.cl\/fabrica-digital\/\",\"name\":\"F\u00e1brica Digital\",\"description\":\"Aprende a prototipar tus ideas\",\"publisher\":{\"@id\":\"https:\/\/www.uoh.cl\/fabrica-digital\/#organization\"},\"potentialAction\":[{\"@type\":\"SearchAction\",\"target\":{\"@type\":\"EntryPoint\",\"urlTemplate\":\"https:\/\/www.uoh.cl\/fabrica-digital\/?s={search_term_string}\"},\"query-input\":{\"@type\":\"PropertyValueSpecification\",\"valueRequired\":true,\"valueName\":\"search_term_string\"}}],\"inLanguage\":\"es-CL\"},{\"@type\":\"Organization\",\"@id\":\"https:\/\/www.uoh.cl\/fabrica-digital\/#organization\",\"name\":\"F\u00e1brica Digital\",\"url\":\"https:\/\/www.uoh.cl\/fabrica-digital\/\",\"logo\":{\"@type\":\"ImageObject\",\"inLanguage\":\"es-CL\",\"@id\":\"https:\/\/www.uoh.cl\/fabrica-digital\/#\/schema\/logo\/image\/\",\"url\":\"https:\/\/www.uoh.cl\/fabrica-digital\/wp-content\/uploads\/sites\/40\/2022\/09\/logo.png\",\"contentUrl\":\"https:\/\/www.uoh.cl\/fabrica-digital\/wp-content\/uploads\/sites\/40\/2022\/09\/logo.png\",\"width\":1685,\"height\":810,\"caption\":\"F\u00e1brica Digital\"},\"image\":{\"@id\":\"https:\/\/www.uoh.cl\/fabrica-digital\/#\/schema\/logo\/image\/\"},\"sameAs\":[\"https:\/\/www.facebook.com\/fabricadigital.uoh\",\"https:\/\/www.instagram.com\/fabricadigitalohiggins\/\",\"https:\/\/www.youtube.com\/channel\/UCaAZEN9qCl-69Oq5KVqY03Q\/about\"]}]}<\/script>\n<!-- \/ Yoast SEO plugin. -->","yoast_head_json":{"title":"Cursos de Inducci\u00f3n - F\u00e1brica Digital","robots":{"index":"index","follow":"follow","max-snippet":"max-snippet:-1","max-image-preview":"max-image-preview:large","max-video-preview":"max-video-preview:-1"},"canonical":"https:\/\/www.uoh.cl\/fabrica-digital\/actividades\/cursos-de-induccion\/","og_locale":"es_ES","og_type":"article","og_title":"Cursos de Inducci\u00f3n - F\u00e1brica Digital","og_description":"[vc_row][vc_column][\/vc_column][\/vc_row][vc_section el_class=&#8221;container mx-auto align-items-center text-right circle&#8211;pattern&#8221; css=&#8221;.vc_custom_1648956589196{padding-top: 3rem !important;}&#8221;][vc_row el_class=&#8221;pb-5&#8243;][vc_column][vc_column_text] Inscr\u00edbete en los cursos de inducci\u00f3n y prep\u00e1rate para utilizar las m\u00e1quinas disponibles en nuestra F\u00e1brica. Los Cursos de inducci\u00f3n o CI son totalmente gratuitos y abiertos a la comunidad, pero los cupos son limitados. Tras participar del curso, estar\u00e1s listo para reservar y utilizar [&hellip;]","og_url":"https:\/\/www.uoh.cl\/fabrica-digital\/actividades\/cursos-de-induccion\/","og_site_name":"F\u00e1brica Digital","article_publisher":"https:\/\/www.facebook.com\/fabricadigital.uoh","article_modified_time":"2024-05-27T14:26:12+00:00","twitter_card":"summary_large_image","twitter_misc":{"Tiempo estimado de lectura":"2 minutos"},"schema":{"@context":"https:\/\/schema.org","@graph":[{"@type":"WebPage","@id":"https:\/\/www.uoh.cl\/fabrica-digital\/actividades\/cursos-de-induccion\/","url":"https:\/\/www.uoh.cl\/fabrica-digital\/actividades\/cursos-de-induccion\/","name":"Cursos de Inducci\u00f3n - F\u00e1brica Digital","isPartOf":{"@id":"https:\/\/www.uoh.cl\/fabrica-digital\/#website"},"datePublished":"2022-09-23T15:31:24+00:00","dateModified":"2024-05-27T14:26:12+00:00","breadcrumb":{"@id":"https:\/\/www.uoh.cl\/fabrica-digital\/actividades\/cursos-de-induccion\/#breadcrumb"},"inLanguage":"es-CL","potentialAction":[{"@type":"ReadAction","target":["https:\/\/www.uoh.cl\/fabrica-digital\/actividades\/cursos-de-induccion\/"]}]},{"@type":"BreadcrumbList","@id":"https:\/\/www.uoh.cl\/fabrica-digital\/actividades\/cursos-de-induccion\/#breadcrumb","itemListElement":[{"@type":"ListItem","position":1,"name":"Home","item":"https:\/\/www.uoh.cl\/fabrica-digital\/"},{"@type":"ListItem","position":2,"name":"Actividades","item":"https:\/\/www.uoh.cl\/fabrica-digital\/actividades\/"},{"@type":"ListItem","position":3,"name":"Cursos de Inducci\u00f3n"}]},{"@type":"WebSite","@id":"https:\/\/www.uoh.cl\/fabrica-digital\/#website","url":"https:\/\/www.uoh.cl\/fabrica-digital\/","name":"F\u00e1brica Digital","description":"Aprende a prototipar tus ideas","publisher":{"@id":"https:\/\/www.uoh.cl\/fabrica-digital\/#organization"},"potentialAction":[{"@type":"SearchAction","target":{"@type":"EntryPoint","urlTemplate":"https:\/\/www.uoh.cl\/fabrica-digital\/?s={search_term_string}"},"query-input":{"@type":"PropertyValueSpecification","valueRequired":true,"valueName":"search_term_string"}}],"inLanguage":"es-CL"},{"@type":"Organization","@id":"https:\/\/www.uoh.cl\/fabrica-digital\/#organization","name":"F\u00e1brica Digital","url":"https:\/\/www.uoh.cl\/fabrica-digital\/","logo":{"@type":"ImageObject","inLanguage":"es-CL","@id":"https:\/\/www.uoh.cl\/fabrica-digital\/#\/schema\/logo\/image\/","url":"https:\/\/www.uoh.cl\/fabrica-digital\/wp-content\/uploads\/sites\/40\/2022\/09\/logo.png","contentUrl":"https:\/\/www.uoh.cl\/fabrica-digital\/wp-content\/uploads\/sites\/40\/2022\/09\/logo.png","width":1685,"height":810,"caption":"F\u00e1brica Digital"},"image":{"@id":"https:\/\/www.uoh.cl\/fabrica-digital\/#\/schema\/logo\/image\/"},"sameAs":["https:\/\/www.facebook.com\/fabricadigital.uoh","https:\/\/www.instagram.com\/fabricadigitalohiggins\/","https:\/\/www.youtube.com\/channel\/UCaAZEN9qCl-69Oq5KVqY03Q\/about"]}]}},"_links":{"self":[{"href":"https:\/\/www.uoh.cl\/fabrica-digital\/wp-json\/wp\/v2\/pages\/124","targetHints":{"allow":["GET"]}}],"collection":[{"href":"https:\/\/www.uoh.cl\/fabrica-digital\/wp-json\/wp\/v2\/pages"}],"about":[{"href":"https:\/\/www.uoh.cl\/fabrica-digital\/wp-json\/wp\/v2\/types\/page"}],"author":[{"embeddable":true,"href":"https:\/\/www.uoh.cl\/fabrica-digital\/wp-json\/wp\/v2\/users\/6"}],"replies":[{"embeddable":true,"href":"https:\/\/www.uoh.cl\/fabrica-digital\/wp-json\/wp\/v2\/comments?post=124"}],"version-history":[{"count":10,"href":"https:\/\/www.uoh.cl\/fabrica-digital\/wp-json\/wp\/v2\/pages\/124\/revisions"}],"predecessor-version":[{"id":529,"href":"https:\/\/www.uoh.cl\/fabrica-digital\/wp-json\/wp\/v2\/pages\/124\/revisions\/529"}],"up":[{"embeddable":true,"href":"https:\/\/www.uoh.cl\/fabrica-digital\/wp-json\/wp\/v2\/pages\/9"}],"wp:attachment":[{"href":"https:\/\/www.uoh.cl\/fabrica-digital\/wp-json\/wp\/v2\/media?parent=124"}],"curies":[{"name":"wp","href":"https:\/\/api.w.org\/{rel}","templated":true}]}}