
{"id":12,"date":"2022-09-23T10:22:52","date_gmt":"2022-09-23T13:22:52","guid":{"rendered":"https:\/\/www.uoh.cl\/fabrica-digital\/?page_id=12"},"modified":"2024-05-27T11:31:29","modified_gmt":"2024-05-27T14:31:29","slug":"quienes-somos","status":"publish","type":"page","link":"https:\/\/www.uoh.cl\/fabrica-digital\/quienes-somos\/","title":{"rendered":"Qui\u00e9nes somos"},"content":{"rendered":"<div class=\"wpb-content-wrapper\"><p>[vc_row][vc_column]<div class=\"uoh_slider_featured_component component__featured-slide row mx-auto col-12 m-0 align-items-center position-relative lazyload\" style=\" background:inherit\" data-bg=\"url(https:\/\/www.uoh.cl\/fabrica-digital\/wp-content\/uploads\/sites\/40\/2022\/09\/quienes-somos.jpg)\"><div class=\"caption--degrade\"><svg  xmlns=\"http:\/\/www.w3.org\/2000\/svg\" xmlns:xlink=\"http:\/\/www.w3.org\/1999\/xlink\" width=\"1061px\" height=\"539px\"><defs><linearGradient id=\"PSgrad_0\" x1=\"0%\" x2=\"64.279%\" y1=\"76.604%\" y2=\"0%\"><stop offset=\"0%\" stop-color=\"rgb(66,160,248)\" stop-opacity=\"1\" \/><stop offset=\"100%\" stop-color=\"rgb(66,160,248)\" stop-opacity=\"0\" \/><\/linearGradient><\/defs><path fill-rule=\"evenodd\"  fill=\"none\" d=\"M311.000,515.000 C311.000,515.000 211.039,468.555 132.000,357.000 C21.864,201.555 -4.306,4.695 1.000,0.000 L196.000,0.000 L811.000,0.000 L1061.000,0.000 C1061.000,0.000 851.535,430.030 546.000,521.000 C402.674,563.674 311.000,515.000 311.000,515.000 Z\"\/> <path fill=\"url(#PSgrad_0)\"d=\"M311.000,515.000 C311.000,515.000 211.039,468.555 132.000,357.000 C21.864,201.555 -4.306,4.695 1.000,0.000 L196.000,0.000 L811.000,0.000 L1061.000,0.000 C1061.000,0.000 851.535,430.030 546.000,521.000 C402.674,563.674 311.000,515.000 311.000,515.000 Z\"\/><\/svg><\/div><div class=\"caption--quote\"><svg xmlns=\"http:\/\/www.w3.org\/2000\/svg\" xmlns:xlink=\"http:\/\/www.w3.org\/1999\/xlink\"width=\"226px\" height=\"273px\"><defs><linearGradient id=\"PSgrad_0\" x1=\"71.934%\" x2=\"0%\" y1=\"69.466%\" y2=\"0%\"><stop offset=\"0%\" stop-color=\"rgb(66,160,248)\" stop-opacity=\"0.49\" \/><stop offset=\"100%\" stop-color=\"rgb(66,160,248)\" stop-opacity=\"0\" \/><\/linearGradient><\/defs><path fill-rule=\"evenodd\"  fill=\"none\" d=\"M-0.000,273.000 L174.000,273.000 C174.000,273.000 226.000,266.268 226.000,221.000 C226.000,175.732 226.000,-0.000 226.000,-0.000 C226.000,-0.000 24.577,71.878 -0.000,273.000 Z\"\/><path fill=\"url(#PSgrad_0)\"d=\"M-0.000,273.000 L174.000,273.000 C174.000,273.000 226.000,266.268 226.000,221.000 C226.000,175.732 226.000,-0.000 226.000,-0.000 C226.000,-0.000 24.577,71.878 -0.000,273.000 Z\"\/><\/svg><\/div><div class=\"my-uoh_slider_featured_component container mx-auto p-md-0\" ><div class=\"content component__featured-slide-content container row mx-auto aling-items-center p-0\"><h1 class=\"p-0 featured-slide title\"  style=\"\"><em>F\u00e1brica Digital<\/em>Qui\u00e9nes somos<\/h1><ul class=\"breadcrumb breadcrumb-list\"><li><a href=\"https:\/\/www.uoh.cl\/fabrica-digital\">Inicio<\/a><\/li><li><span class=\"separator\"><?xml version=\"1.0\" ?><svg viewBox=\"0 0 96 96\" xmlns=\"http:\/\/www.w3.org\/2000\/svg\"><title\/><path d=\"M39.3756,48.0022l30.47-25.39a6.0035,6.0035,0,0,0-7.6878-9.223L26.1563,43.3906a6.0092,6.0092,0,0,0,0,9.2231L62.1578,82.615a6.0035,6.0035,0,0,0,7.6878-9.2231Z\"\/><\/svg><\/span><\/li><li><a href=\"\"><\/a><\/li><li>Qui\u00e9nes somos<\/li><\/ul><\/div><span><\/span><\/div><\/div>[\/vc_column][\/vc_row][vc_section el_class=&#8221;container mx-auto align-items-center text-right circle&#8211;pattern&#8221; css=&#8221;.vc_custom_1648956589196{padding-top: 3rem !important;}&#8221;][vc_row el_class=&#8221;pb-5&#8243;][vc_column][vc_row_inner el_class=&#8221;pb-5 align-items-center&#8221;][vc_column_inner width=&#8221;1\/2&#8243;][vc_single_image image=&#8221;97&#8243; img_size=&#8221;large&#8221; alignment=&#8221;center&#8221;][\/vc_column_inner][vc_column_inner width=&#8221;1\/2&#8243;][vc_column_text]<\/p>\n<p class=\"CDt4Ke zfr3Q\" dir=\"ltr\" data-wakoopa-seen=\"true\"><span data-wakoopa-seen=\"true\">La F\u00e1brica Digital O\u2019Higgins es un espacio abierto que cuenta con maquinaria y personal capacitado para facilitar el dise\u00f1o y desarrollo de prototipos para promover la innovaci\u00f3n en productos, procesos y servicios. <\/span><\/p>\n<p class=\"CDt4Ke zfr3Q\" dir=\"ltr\" data-wakoopa-seen=\"true\"><span data-wakoopa-seen=\"true\">Est\u00e1 orientada a estudiantes, emprendedores, empresas y centros de investigaci\u00f3n; pero tambi\u00e9n puede emplearse como plataforma para estimular el aprendizaje y la invenci\u00f3n en la comunidad. <\/span><\/p>\n<p class=\"CDt4Ke zfr3Q\" dir=\"ltr\" data-wakoopa-seen=\"true\"><span data-wakoopa-seen=\"true\">Nace como iniciativa en el Instituto de Ciencias de la Ingenier\u00eda de la UOH, con financiamiento del Fondo de Innovaci\u00f3n para la Competitividad (FIC) de la Regi\u00f3n de O\u2019Higgins.<\/span><\/p>\n<p>[\/vc_column_text][\/vc_column_inner][\/vc_row_inner][\/vc_column][\/vc_row][\/vc_section][vc_section css=&#8221;.vc_custom_1663940404659{background-color: #f6faff !important;}&#8221; el_class=&#8221;p-md-0 pt-md-5 pb-md-5&#8243;][vc_row el_class=&#8221;container mx-auto align-items-center text-right p-md-0 pt-5&#8243;][vc_column el_class=&#8221;p-0&#8243;]<div class=\"uoh_title_component-container\"><h2 class=\"title title--ms d-inline-block title--decorator  medium\">Lo que nos mueve  \u2022 \u2022 \u2022<\/h2><\/div>[vc_column_text]<\/p>\n<p class=\"CDt4Ke zfr3Q\" dir=\"ltr\" data-wakoopa-seen=\"true\"><span data-wakoopa-seen=\"true\">Brindamos oportunidades de encuentro para el dise\u00f1o y construcci\u00f3n de soluciones innovadoras empleando herramientas de fabricaci\u00f3n digital y prototipado a trav\u00e9s del desarrollo de competencias personales.<\/span><\/p>\n<p class=\"CDt4Ke zfr3Q\" dir=\"ltr\" data-wakoopa-seen=\"true\"><span data-wakoopa-seen=\"true\">Nuestra visi\u00f3n es articular un ecosistema regional de innovaci\u00f3n tecnol\u00f3gica que desarrolle soluciones para un mundo colaborativo, integrado por la tecnolog\u00eda, donde se promueva la producci\u00f3n a peque\u00f1a escala, el uso racional de recursos locales, y en el que las personas sean agentes relevantes para afrontar los desaf\u00edos de nuestra sociedad.<\/span><\/p>\n<p class=\"CDt4Ke zfr3Q\" dir=\"ltr\" data-wakoopa-seen=\"true\"><span data-wakoopa-seen=\"true\">En la f\u00e1brica nos gusta el acceso abierto, que promueve una cultura de aprendizaje y la sinergia del trabajo colaborativo, en el que exista diversidad de pensamiento y libertad creativa que impulsen proyectos sostenibles, \u00e9ticos y con impacto positivo en nuestra comunidad.<\/span><\/p>\n<p>[\/vc_column_text][\/vc_column][\/vc_row][\/vc_section][vc_section el_class=&#8221;p-md-0 pt-md-5 pb-md-5&#8243;][vc_row el_class=&#8221;container mx-auto align-items-center text-right p-md-0 pt-5&#8243;][vc_column el_class=&#8221;p-0&#8243;]<div class=\"uoh_title_component-container\"><h2 class=\"title title--ms d-inline-block title--decorator  medium\">Equipo de trabajo<\/h2><\/div>[vc_row_inner][vc_column_inner]<div class=\"uoh_title_component-container\"><h2 class=\"title title--ms d-inline-block medium\">Profesionales de laboratorio:<\/h2><\/div>[\/vc_column_inner][\/vc_row_inner][vc_row_inner][vc_column_inner]<div class=\"authorities-container authorities-container--four-per-line px-0 content-holder\"><div class=\"authorities-container__box\"><figure><img decoding=\"async\" data-src=\"https:\/\/www.uoh.cl\/fabrica-digital\/wp-content\/uploads\/sites\/40\/2022\/09\/Leopoldo-294x300.png\" alt=\"\" src=\"data:image\/svg+xml;base64,PHN2ZyB3aWR0aD0iMSIgaGVpZ2h0PSIxIiB4bWxucz0iaHR0cDovL3d3dy53My5vcmcvMjAwMC9zdmciPjwvc3ZnPg==\" class=\"lazyload\" style=\"--smush-placeholder-width: 294px; --smush-placeholder-aspect-ratio: 294\/300;\"><figcaption><div class=\"flex\">Leopoldo Fonseca<span>Responsable de Tecnolog\u00eda<\/span><\/div><\/figcaption><\/figure><\/div><div class=\"authorities-container__box\"><figure><img decoding=\"async\" data-src=\"https:\/\/www.uoh.cl\/fabrica-digital\/wp-content\/uploads\/sites\/40\/2022\/09\/carolina-300x300.png\" alt=\"\" src=\"data:image\/svg+xml;base64,PHN2ZyB3aWR0aD0iMSIgaGVpZ2h0PSIxIiB4bWxucz0iaHR0cDovL3d3dy53My5vcmcvMjAwMC9zdmciPjwvc3ZnPg==\" class=\"lazyload\" style=\"--smush-placeholder-width: 300px; --smush-placeholder-aspect-ratio: 300\/300;\"><figcaption><div class=\"flex\">Carolina Gonz\u00e1lez<span>Responsable de Dise\u00f1o y Difusi\u00f3n<\/span><\/div><\/figcaption><\/figure><\/div><\/div><\/div><\/div>[\/vc_column_inner][\/vc_row_inner][vc_row_inner][vc_column_inner]<div class=\"uoh_title_component-container\"><h2 class=\"title title--ms d-inline-block medium\">Comit\u00e9 ejecutivo:<\/h2><\/div>[\/vc_column_inner][\/vc_row_inner][vc_row_inner][vc_column_inner]<div class=\"authorities-container authorities-container--four-per-line px-0 content-holder\"><div class=\"authorities-container__box\"><figure><img decoding=\"async\" data-src=\"https:\/\/www.uoh.cl\/fabrica-digital\/wp-content\/uploads\/sites\/40\/2022\/09\/Gustavo-288x300.png\" alt=\"\" src=\"data:image\/svg+xml;base64,PHN2ZyB3aWR0aD0iMSIgaGVpZ2h0PSIxIiB4bWxucz0iaHR0cDovL3d3dy53My5vcmcvMjAwMC9zdmciPjwvc3ZnPg==\" class=\"lazyload\" style=\"--smush-placeholder-width: 288px; --smush-placeholder-aspect-ratio: 288\/300;\"><figcaption><div class=\"flex\">Gustavo Castillo<span>Coordinador Acad\u00e9mico<\/span><\/div><\/figcaption><\/figure><\/div><div class=\"authorities-container__box\"><figure><img decoding=\"async\" data-src=\"https:\/\/www.uoh.cl\/fabrica-digital\/wp-content\/uploads\/sites\/40\/2022\/09\/Pablo-295x300.png\" alt=\"\" src=\"data:image\/svg+xml;base64,PHN2ZyB3aWR0aD0iMSIgaGVpZ2h0PSIxIiB4bWxucz0iaHR0cDovL3d3dy53My5vcmcvMjAwMC9zdmciPjwvc3ZnPg==\" class=\"lazyload\" style=\"--smush-placeholder-width: 295px; --smush-placeholder-aspect-ratio: 295\/300;\"><figcaption><div class=\"flex\">Pablo Guti\u00e9rrez<span>Coordinador de Difusi\u00f3n<\/span><\/div><\/figcaption><\/figure><\/div><div class=\"authorities-container__box\"><figure><img decoding=\"async\" data-src=\"https:\/\/www.uoh.cl\/fabrica-digital\/wp-content\/uploads\/sites\/40\/2022\/09\/Enrique-293x300.png\" alt=\"\" src=\"data:image\/svg+xml;base64,PHN2ZyB3aWR0aD0iMSIgaGVpZ2h0PSIxIiB4bWxucz0iaHR0cDovL3d3dy53My5vcmcvMjAwMC9zdmciPjwvc3ZnPg==\" class=\"lazyload\" style=\"--smush-placeholder-width: 293px; --smush-placeholder-aspect-ratio: 293\/300;\"><figcaption><div class=\"flex\">Enrique Ortiz<span>Coordinador de Transferencia<\/span><\/div><\/figcaption><\/figure><\/div><div class=\"authorities-container__box\"><figure><img decoding=\"async\" data-src=\"https:\/\/www.uoh.cl\/fabrica-digital\/wp-content\/uploads\/sites\/40\/2022\/09\/Daniel-292x300.png\" alt=\"\" src=\"data:image\/svg+xml;base64,PHN2ZyB3aWR0aD0iMSIgaGVpZ2h0PSIxIiB4bWxucz0iaHR0cDovL3d3dy53My5vcmcvMjAwMC9zdmciPjwvc3ZnPg==\" class=\"lazyload\" style=\"--smush-placeholder-width: 292px; --smush-placeholder-aspect-ratio: 292\/300;\"><figcaption><div class=\"flex\">Daniel Casagrande<span>Coordinador responsable<\/span><\/div><\/figcaption><\/figure><\/div><\/div><\/div><\/div>[\/vc_column_inner][\/vc_row_inner][\/vc_column][\/vc_row][vc_row el_class=&#8221;container mx-auto align-items-center text-right p-md-0 pt-5&#8243;][vc_column el_class=&#8221;p-0&#8243;][vc_media_grid grid_id=&#8221;vc_gid:1716819565948-518a8ce6-c8e1-7&#8243; include=&#8221;62,63,64&#8243;][\/vc_column][\/vc_row][vc_row el_class=&#8221;container mx-auto align-items-center text-right p-md-0 pt-5&#8243;][vc_column el_class=&#8221;p-0&#8243;][vc_column_text]&nbsp;<\/p>\n<p>Contamos tambi\u00e9n con un Comit\u00e9 Directivo, el cual supervisa el funcionamiento general de la F\u00e1brica. Este comit\u00e9 est\u00e1 compuesto por tres representantes de entidades regionales relevantes, junto al Comit\u00e9 Ejecutivo del proyecto FIC. Actualmente est\u00e1 compuesto por Milton Dahmer, presidente de AEMET, la Asociaci\u00f3n de Empresarios Metalmec\u00e1nicos de O\u2019Higgins. Fernanda Kri, pro-rectora de la Universidad de O\u2019Higgins. Adem\u00e1s de Daniel Casagrande, Gustavo Castillo, Pablo Guti\u00e9rrez y Enrique Ortiz.<\/p>\n<p>&nbsp;[\/vc_column_text][\/vc_column][\/vc_row][\/vc_section][vc_section el_class=&#8221;p-md-0 pt-md-5 pb-md-5 text-center&#8221; css=&#8221;.vc_custom_1663942247343{background-color: #000000 !important;}&#8221;][vc_row el_class=&#8221;container mx-auto align-items-center text-right p-md-0 pt-5&#8243;][vc_column el_class=&#8221;p-0&#8243;][vc_column_text]<span style=\"color: #ffffff;\">Proyecto financiado a trav\u00e9s del Fondo de Innovaci\u00f3n para la Competitividad del Gobierno Regional de O&#8217;Higgins y su Consejo\u00a0Regional, enmarcado en la Estrategia Regional de Innovaci\u00f3n.<\/span><\/p>\n<p><span style=\"color: #ffffff;\"><strong>&#8220;Innovaci\u00f3n, la clave para el desarrollo de los territorios&#8221;<\/strong><\/span>[\/vc_column_text][vc_row_inner el_class=&#8221;align-items-center&#8221;][vc_column_inner width=&#8221;1\/3&#8243;][vc_single_image image=&#8221;47&#8243; img_size=&#8221;medium&#8221; alignment=&#8221;center&#8221; el_class=&#8221;p-4&#8243;][\/vc_column_inner][vc_column_inner width=&#8221;1\/3&#8243;][vc_single_image image=&#8221;48&#8243; img_size=&#8221;medium&#8221; alignment=&#8221;center&#8221; el_class=&#8221;p-4&#8243;][\/vc_column_inner][vc_column_inner width=&#8221;1\/3&#8243;][vc_single_image image=&#8221;46&#8243; img_size=&#8221;medium&#8221; alignment=&#8221;center&#8221; el_class=&#8221;p-4&#8243;][\/vc_column_inner][\/vc_row_inner][\/vc_column][\/vc_row][\/vc_section]<\/p>\n<\/div>","protected":false},"excerpt":{"rendered":"<p>[vc_row][vc_column][\/vc_column][\/vc_row][vc_section el_class=&#8221;container mx-auto align-items-center text-right circle&#8211;pattern&#8221; css=&#8221;.vc_custom_1648956589196{padding-top: 3rem !important;}&#8221;][vc_row el_class=&#8221;pb-5&#8243;][vc_column][vc_row_inner el_class=&#8221;pb-5 align-items-center&#8221;][vc_column_inner width=&#8221;1\/2&#8243;][vc_single_image image=&#8221;97&#8243; img_size=&#8221;large&#8221; alignment=&#8221;center&#8221;][\/vc_column_inner][vc_column_inner width=&#8221;1\/2&#8243;][vc_column_text] La F\u00e1brica Digital O\u2019Higgins es un espacio abierto que cuenta con maquinaria y personal capacitado para facilitar el dise\u00f1o y desarrollo de prototipos para promover la innovaci\u00f3n en productos, procesos y servicios. Est\u00e1 orientada a estudiantes, emprendedores, empresas [&hellip;]<\/p>\n","protected":false},"author":6,"featured_media":0,"parent":0,"menu_order":0,"comment_status":"closed","ping_status":"closed","template":"","meta":{"_acf_changed":false,"footnotes":""},"class_list":["post-12","page","type-page","status-publish","hentry"],"acf":[],"yoast_head":"<!-- This site is optimized with the Yoast SEO plugin v26.6 - https:\/\/yoast.com\/wordpress\/plugins\/seo\/ -->\n<title>Qui\u00e9nes somos - F\u00e1brica Digital<\/title>\n<meta name=\"robots\" content=\"index, follow, max-snippet:-1, max-image-preview:large, max-video-preview:-1\" \/>\n<link rel=\"canonical\" href=\"https:\/\/www.uoh.cl\/fabrica-digital\/quienes-somos\/\" \/>\n<meta property=\"og:locale\" content=\"es_ES\" \/>\n<meta property=\"og:type\" content=\"article\" \/>\n<meta property=\"og:title\" content=\"Qui\u00e9nes somos - F\u00e1brica Digital\" \/>\n<meta property=\"og:description\" content=\"[vc_row][vc_column][\/vc_column][\/vc_row][vc_section el_class=&#8221;container mx-auto align-items-center text-right circle&#8211;pattern&#8221; css=&#8221;.vc_custom_1648956589196{padding-top: 3rem !important;}&#8221;][vc_row el_class=&#8221;pb-5&#8243;][vc_column][vc_row_inner el_class=&#8221;pb-5 align-items-center&#8221;][vc_column_inner width=&#8221;1\/2&#8243;][vc_single_image image=&#8221;97&#8243; img_size=&#8221;large&#8221; alignment=&#8221;center&#8221;][\/vc_column_inner][vc_column_inner width=&#8221;1\/2&#8243;][vc_column_text] La F\u00e1brica Digital O\u2019Higgins es un espacio abierto que cuenta con maquinaria y personal capacitado para facilitar el dise\u00f1o y desarrollo de prototipos para promover la innovaci\u00f3n en productos, procesos y servicios. Est\u00e1 orientada a estudiantes, emprendedores, empresas [&hellip;]\" \/>\n<meta property=\"og:url\" content=\"https:\/\/www.uoh.cl\/fabrica-digital\/quienes-somos\/\" \/>\n<meta property=\"og:site_name\" content=\"F\u00e1brica Digital\" \/>\n<meta property=\"article:publisher\" content=\"https:\/\/www.facebook.com\/fabricadigital.uoh\" \/>\n<meta property=\"article:modified_time\" content=\"2024-05-27T14:31:29+00:00\" \/>\n<meta name=\"twitter:card\" content=\"summary_large_image\" \/>\n<meta name=\"twitter:label1\" content=\"Tiempo estimado de lectura\" \/>\n\t<meta name=\"twitter:data1\" content=\"3 minutos\" \/>\n<script type=\"application\/ld+json\" class=\"yoast-schema-graph\">{\"@context\":\"https:\/\/schema.org\",\"@graph\":[{\"@type\":\"WebPage\",\"@id\":\"https:\/\/www.uoh.cl\/fabrica-digital\/quienes-somos\/\",\"url\":\"https:\/\/www.uoh.cl\/fabrica-digital\/quienes-somos\/\",\"name\":\"Qui\u00e9nes somos - F\u00e1brica Digital\",\"isPartOf\":{\"@id\":\"https:\/\/www.uoh.cl\/fabrica-digital\/#website\"},\"datePublished\":\"2022-09-23T13:22:52+00:00\",\"dateModified\":\"2024-05-27T14:31:29+00:00\",\"breadcrumb\":{\"@id\":\"https:\/\/www.uoh.cl\/fabrica-digital\/quienes-somos\/#breadcrumb\"},\"inLanguage\":\"es-CL\",\"potentialAction\":[{\"@type\":\"ReadAction\",\"target\":[\"https:\/\/www.uoh.cl\/fabrica-digital\/quienes-somos\/\"]}]},{\"@type\":\"BreadcrumbList\",\"@id\":\"https:\/\/www.uoh.cl\/fabrica-digital\/quienes-somos\/#breadcrumb\",\"itemListElement\":[{\"@type\":\"ListItem\",\"position\":1,\"name\":\"Home\",\"item\":\"https:\/\/www.uoh.cl\/fabrica-digital\/\"},{\"@type\":\"ListItem\",\"position\":2,\"name\":\"Qui\u00e9nes somos\"}]},{\"@type\":\"WebSite\",\"@id\":\"https:\/\/www.uoh.cl\/fabrica-digital\/#website\",\"url\":\"https:\/\/www.uoh.cl\/fabrica-digital\/\",\"name\":\"F\u00e1brica Digital\",\"description\":\"Aprende a prototipar tus ideas\",\"publisher\":{\"@id\":\"https:\/\/www.uoh.cl\/fabrica-digital\/#organization\"},\"potentialAction\":[{\"@type\":\"SearchAction\",\"target\":{\"@type\":\"EntryPoint\",\"urlTemplate\":\"https:\/\/www.uoh.cl\/fabrica-digital\/?s={search_term_string}\"},\"query-input\":{\"@type\":\"PropertyValueSpecification\",\"valueRequired\":true,\"valueName\":\"search_term_string\"}}],\"inLanguage\":\"es-CL\"},{\"@type\":\"Organization\",\"@id\":\"https:\/\/www.uoh.cl\/fabrica-digital\/#organization\",\"name\":\"F\u00e1brica Digital\",\"url\":\"https:\/\/www.uoh.cl\/fabrica-digital\/\",\"logo\":{\"@type\":\"ImageObject\",\"inLanguage\":\"es-CL\",\"@id\":\"https:\/\/www.uoh.cl\/fabrica-digital\/#\/schema\/logo\/image\/\",\"url\":\"https:\/\/www.uoh.cl\/fabrica-digital\/wp-content\/uploads\/sites\/40\/2022\/09\/logo.png\",\"contentUrl\":\"https:\/\/www.uoh.cl\/fabrica-digital\/wp-content\/uploads\/sites\/40\/2022\/09\/logo.png\",\"width\":1685,\"height\":810,\"caption\":\"F\u00e1brica Digital\"},\"image\":{\"@id\":\"https:\/\/www.uoh.cl\/fabrica-digital\/#\/schema\/logo\/image\/\"},\"sameAs\":[\"https:\/\/www.facebook.com\/fabricadigital.uoh\",\"https:\/\/www.instagram.com\/fabricadigitalohiggins\/\",\"https:\/\/www.youtube.com\/channel\/UCaAZEN9qCl-69Oq5KVqY03Q\/about\"]}]}<\/script>\n<!-- \/ Yoast SEO plugin. -->","yoast_head_json":{"title":"Qui\u00e9nes somos - F\u00e1brica Digital","robots":{"index":"index","follow":"follow","max-snippet":"max-snippet:-1","max-image-preview":"max-image-preview:large","max-video-preview":"max-video-preview:-1"},"canonical":"https:\/\/www.uoh.cl\/fabrica-digital\/quienes-somos\/","og_locale":"es_ES","og_type":"article","og_title":"Qui\u00e9nes somos - F\u00e1brica Digital","og_description":"[vc_row][vc_column][\/vc_column][\/vc_row][vc_section el_class=&#8221;container mx-auto align-items-center text-right circle&#8211;pattern&#8221; css=&#8221;.vc_custom_1648956589196{padding-top: 3rem !important;}&#8221;][vc_row el_class=&#8221;pb-5&#8243;][vc_column][vc_row_inner el_class=&#8221;pb-5 align-items-center&#8221;][vc_column_inner width=&#8221;1\/2&#8243;][vc_single_image image=&#8221;97&#8243; img_size=&#8221;large&#8221; alignment=&#8221;center&#8221;][\/vc_column_inner][vc_column_inner width=&#8221;1\/2&#8243;][vc_column_text] La F\u00e1brica Digital O\u2019Higgins es un espacio abierto que cuenta con maquinaria y personal capacitado para facilitar el dise\u00f1o y desarrollo de prototipos para promover la innovaci\u00f3n en productos, procesos y servicios. Est\u00e1 orientada a estudiantes, emprendedores, empresas [&hellip;]","og_url":"https:\/\/www.uoh.cl\/fabrica-digital\/quienes-somos\/","og_site_name":"F\u00e1brica Digital","article_publisher":"https:\/\/www.facebook.com\/fabricadigital.uoh","article_modified_time":"2024-05-27T14:31:29+00:00","twitter_card":"summary_large_image","twitter_misc":{"Tiempo estimado de lectura":"3 minutos"},"schema":{"@context":"https:\/\/schema.org","@graph":[{"@type":"WebPage","@id":"https:\/\/www.uoh.cl\/fabrica-digital\/quienes-somos\/","url":"https:\/\/www.uoh.cl\/fabrica-digital\/quienes-somos\/","name":"Qui\u00e9nes somos - F\u00e1brica Digital","isPartOf":{"@id":"https:\/\/www.uoh.cl\/fabrica-digital\/#website"},"datePublished":"2022-09-23T13:22:52+00:00","dateModified":"2024-05-27T14:31:29+00:00","breadcrumb":{"@id":"https:\/\/www.uoh.cl\/fabrica-digital\/quienes-somos\/#breadcrumb"},"inLanguage":"es-CL","potentialAction":[{"@type":"ReadAction","target":["https:\/\/www.uoh.cl\/fabrica-digital\/quienes-somos\/"]}]},{"@type":"BreadcrumbList","@id":"https:\/\/www.uoh.cl\/fabrica-digital\/quienes-somos\/#breadcrumb","itemListElement":[{"@type":"ListItem","position":1,"name":"Home","item":"https:\/\/www.uoh.cl\/fabrica-digital\/"},{"@type":"ListItem","position":2,"name":"Qui\u00e9nes somos"}]},{"@type":"WebSite","@id":"https:\/\/www.uoh.cl\/fabrica-digital\/#website","url":"https:\/\/www.uoh.cl\/fabrica-digital\/","name":"F\u00e1brica Digital","description":"Aprende a prototipar tus ideas","publisher":{"@id":"https:\/\/www.uoh.cl\/fabrica-digital\/#organization"},"potentialAction":[{"@type":"SearchAction","target":{"@type":"EntryPoint","urlTemplate":"https:\/\/www.uoh.cl\/fabrica-digital\/?s={search_term_string}"},"query-input":{"@type":"PropertyValueSpecification","valueRequired":true,"valueName":"search_term_string"}}],"inLanguage":"es-CL"},{"@type":"Organization","@id":"https:\/\/www.uoh.cl\/fabrica-digital\/#organization","name":"F\u00e1brica Digital","url":"https:\/\/www.uoh.cl\/fabrica-digital\/","logo":{"@type":"ImageObject","inLanguage":"es-CL","@id":"https:\/\/www.uoh.cl\/fabrica-digital\/#\/schema\/logo\/image\/","url":"https:\/\/www.uoh.cl\/fabrica-digital\/wp-content\/uploads\/sites\/40\/2022\/09\/logo.png","contentUrl":"https:\/\/www.uoh.cl\/fabrica-digital\/wp-content\/uploads\/sites\/40\/2022\/09\/logo.png","width":1685,"height":810,"caption":"F\u00e1brica Digital"},"image":{"@id":"https:\/\/www.uoh.cl\/fabrica-digital\/#\/schema\/logo\/image\/"},"sameAs":["https:\/\/www.facebook.com\/fabricadigital.uoh","https:\/\/www.instagram.com\/fabricadigitalohiggins\/","https:\/\/www.youtube.com\/channel\/UCaAZEN9qCl-69Oq5KVqY03Q\/about"]}]}},"_links":{"self":[{"href":"https:\/\/www.uoh.cl\/fabrica-digital\/wp-json\/wp\/v2\/pages\/12","targetHints":{"allow":["GET"]}}],"collection":[{"href":"https:\/\/www.uoh.cl\/fabrica-digital\/wp-json\/wp\/v2\/pages"}],"about":[{"href":"https:\/\/www.uoh.cl\/fabrica-digital\/wp-json\/wp\/v2\/types\/page"}],"author":[{"embeddable":true,"href":"https:\/\/www.uoh.cl\/fabrica-digital\/wp-json\/wp\/v2\/users\/6"}],"replies":[{"embeddable":true,"href":"https:\/\/www.uoh.cl\/fabrica-digital\/wp-json\/wp\/v2\/comments?post=12"}],"version-history":[{"count":14,"href":"https:\/\/www.uoh.cl\/fabrica-digital\/wp-json\/wp\/v2\/pages\/12\/revisions"}],"predecessor-version":[{"id":541,"href":"https:\/\/www.uoh.cl\/fabrica-digital\/wp-json\/wp\/v2\/pages\/12\/revisions\/541"}],"wp:attachment":[{"href":"https:\/\/www.uoh.cl\/fabrica-digital\/wp-json\/wp\/v2\/media?parent=12"}],"curies":[{"name":"wp","href":"https:\/\/api.w.org\/{rel}","templated":true}]}}