
{"id":3667,"date":"2024-05-15T18:37:07","date_gmt":"2024-05-15T21:37:07","guid":{"rendered":"https:\/\/www.uoh.cl\/extension\/?page_id=3667"},"modified":"2024-06-28T11:28:02","modified_gmt":"2024-06-28T14:28:02","slug":"coleccion-julio-maldonado","status":"publish","type":"page","link":"https:\/\/www.uoh.cl\/extension\/coleccion-julio-maldonado","title":{"rendered":"Julio Maldonado"},"content":{"rendered":"<div class=\"wpb-content-wrapper\"><p>[vc_section el_class=&#8221;container mx-auto align-items-center circle&#8211;pattern&#8221; css=&#8221;.vc_custom_1715787547620{padding-top: 3rem !important;}&#8221;][vc_row el_class=&#8221;pb-5&#8243;][vc_column]<div class=\"breadcrumb\"><ol itemscope itemtype=\"https:\/\/schema.org\/BreadcrumbList\"><li itemprop=\"itemListElement\" itemscope itemtype=\"https:\/\/schema.org\/ListItem\"><a itemprop=\"item\" href=\"http:\/\/www.uoh.cl\"><span itemprop=\"name\">Inicio<\/span><\/a><meta itemprop=\"position\" content=\"1\" \/><li itemprop=\"itemListElement\" itemscope itemtype=\"https:\/\/schema.org\/ListItem\"><a itemprop=\"item\" href=\"https:\/\/www.uoh.cl\/extension\"><span itemprop=\"name\">Direcci\u00f3n de Cultura Patrimonio y Extensi\u00f3n UOH<\/span><\/a><meta itemprop=\"position\" content=\"2\" \/><li itemprop=\"itemListElement\" itemscope itemtype=\"https:\/\/schema.org\/ListItem\"><span itemprop=\"name\">Julio Maldonado <\/span><meta itemprop=\"position\" content=\"3\" \/><\/ol><\/div>[vc_wp_custommenu nav_menu=&#8221;3&#8243;]<div class=\"uoh_title_component-container\"><h1 class=\"title title--ms d-inline-block title--decorator  big\">Julio Maldonado<\/h1><\/div>[vc_row_inner][vc_column_inner width=&#8221;1\/3&#8243; css=&#8221;.vc_custom_1715796317339{background-color: #f9f9f9 !important;}&#8221;][vc_single_image image=&#8221;3195&#8243; img_size=&#8221;600&#215;450&#8243;][vc_zigzag color=&#8221;custom&#8221; custom_color=&#8221;#f9f9f9&#8243;]<div class=\"uoh_title_component-container\"><h2 class=\"title title--ms d-inline-block medium\">Presentaci\u00f3n escrita por Mar\u00eda Elena Gonz\u00e1lez<\/h2><\/div>[vc_zigzag color=&#8221;custom&#8221; custom_color=&#8221;#f9f9f9&#8243;]<div class=\"uoh_link_component pe-4 right py-1 button_icon right\"><i class=\"me-2 fas fa-arrow-alt-circle-right\" style=\"color: #dd9527\"><\/i><a href=\"https:\/\/www.uoh.cl\/extension\/coleccion-maria-elena-gonzalez\"\n                                    class=\"link link--bold component__btn-content\"\n                                    title\"\"\n                                    target=\"_blank\"\n                                    rel=\"\">Saber m\u00e1s<span class=\"icon icon--inline icon--link\"><svg version=\"1.1\" xmlns=\"http:\/\/www.w3.org\/2000\/svg\" xmlns:xlink=\"http:\/\/www.w3.org\/1999\/xlink\" x=\"0px\" y=\"0px\" width=\"22px\"height=\"22px\" viewBox=\"0 0 22 22\" style=\"overflow:visible;enable-background:new 0 0 80 64.6;\" xml:space=\"preserve\"><g clip-path=\"url(#acA)\"><path fill-rule=\"evenodd\" d=\"M21.913 11.266a.93.93 0 000-.711c-.022-.056-.063-.097-.091-.144s-.053-.103-.097-.15L12.306.294c-.357-.379-.955-.394-1.334-.038s-.394.955-.038 1.334l7.917 8.374H.927a.95.95 0 00-.908.983.946.946 0 00.908.908h17.924l-8.089 8.552c-.357.379-.341.977.034 1.334s.977.341 1.334-.034l9.594-10.148c.044-.044.063-.1.097-.15.028-.047.069-.088.091-.141z\"\/><\/g><defs><clipPath id=\"acA\"><path fill=\"#fff\" d=\"M0 0h22v22H0z\"\/><\/clipPath><\/defs><\/svg><\/span><\/a><\/div>[\/vc_column_inner][vc_column_inner width=&#8221;1\/3&#8243; css=&#8221;.vc_custom_1715796462932{background-color: #f9f9f9 !important;}&#8221;][vc_single_image image=&#8221;3198&#8243; img_size=&#8221;600&#215;450&#8243;][vc_zigzag color=&#8221;custom&#8221; custom_color=&#8221;#f9f9f9&#8243;]<div class=\"uoh_title_component-container\"><h2 class=\"title title--ms d-inline-block medium\">Verso a lo humano \/ El le\u00f3n<\/h2><\/div>[vc_zigzag color=&#8221;custom&#8221; custom_color=&#8221;#f9f9f9&#8243;]<div class=\"uoh_link_component pe-4 right py-1 button_icon right\"><i class=\"me-2 fas fa-arrow-alt-circle-right\" style=\"color: #dd9527\"><\/i><a href=\"https:\/\/www.uoh.cl\/extension\/coleccion-red-de-canto-a-lo-poeta-de-la-region-de-ohiggins-julio-maldonado-verso-a-lo-humano-el-leon\"\n                                    class=\"link link--bold component__btn-content\"\n                                    title\"\"\n                                    target=\"_blank\"\n                                    rel=\"\">Saber m\u00e1s<span class=\"icon icon--inline icon--link\"><svg version=\"1.1\" xmlns=\"http:\/\/www.w3.org\/2000\/svg\" xmlns:xlink=\"http:\/\/www.w3.org\/1999\/xlink\" x=\"0px\" y=\"0px\" width=\"22px\"height=\"22px\" viewBox=\"0 0 22 22\" style=\"overflow:visible;enable-background:new 0 0 80 64.6;\" xml:space=\"preserve\"><g clip-path=\"url(#acA)\"><path fill-rule=\"evenodd\" d=\"M21.913 11.266a.93.93 0 000-.711c-.022-.056-.063-.097-.091-.144s-.053-.103-.097-.15L12.306.294c-.357-.379-.955-.394-1.334-.038s-.394.955-.038 1.334l7.917 8.374H.927a.95.95 0 00-.908.983.946.946 0 00.908.908h17.924l-8.089 8.552c-.357.379-.341.977.034 1.334s.977.341 1.334-.034l9.594-10.148c.044-.044.063-.1.097-.15.028-.047.069-.088.091-.141z\"\/><\/g><defs><clipPath id=\"acA\"><path fill=\"#fff\" d=\"M0 0h22v22H0z\"\/><\/clipPath><\/defs><\/svg><\/span><\/a><\/div>[\/vc_column_inner][vc_column_inner width=&#8221;1\/3&#8243; css=&#8221;.vc_custom_1715795148501{background-color: #f9f9f9 !important;}&#8221;][vc_single_image image=&#8221;3202&#8243; img_size=&#8221;600&#215;450&#8243;][vc_zigzag color=&#8221;custom&#8221; custom_color=&#8221;#f9f9f9&#8243;]<div class=\"uoh_title_component-container\"><h2 class=\"title title--ms d-inline-block medium\">Verso a lo humano \/ Ponderaci\u00f3n<\/h2><\/div>[vc_zigzag color=&#8221;custom&#8221; custom_color=&#8221;#f9f9f9&#8243;]<div class=\"uoh_link_component pe-4 right py-1 button_icon right\"><i class=\"me-2 fas fa-arrow-alt-circle-right\" style=\"color: #dd9527\"><\/i><a href=\"https:\/\/www.uoh.cl\/extension\/coleccion-julio-maldonado-verso-a-lo-humano-ponderacion\"\n                                    class=\"link link--bold component__btn-content\"\n                                    title\"\"\n                                    target=\"_blank\"\n                                    rel=\"\">Saber m\u00e1s<span class=\"icon icon--inline icon--link\"><svg version=\"1.1\" xmlns=\"http:\/\/www.w3.org\/2000\/svg\" xmlns:xlink=\"http:\/\/www.w3.org\/1999\/xlink\" x=\"0px\" y=\"0px\" width=\"22px\"height=\"22px\" viewBox=\"0 0 22 22\" style=\"overflow:visible;enable-background:new 0 0 80 64.6;\" xml:space=\"preserve\"><g clip-path=\"url(#acA)\"><path fill-rule=\"evenodd\" d=\"M21.913 11.266a.93.93 0 000-.711c-.022-.056-.063-.097-.091-.144s-.053-.103-.097-.15L12.306.294c-.357-.379-.955-.394-1.334-.038s-.394.955-.038 1.334l7.917 8.374H.927a.95.95 0 00-.908.983.946.946 0 00.908.908h17.924l-8.089 8.552c-.357.379-.341.977.034 1.334s.977.341 1.334-.034l9.594-10.148c.044-.044.063-.1.097-.15.028-.047.069-.088.091-.141z\"\/><\/g><defs><clipPath id=\"acA\"><path fill=\"#fff\" d=\"M0 0h22v22H0z\"\/><\/clipPath><\/defs><\/svg><\/span><\/a><\/div>[\/vc_column_inner][\/vc_row_inner][vc_row_inner][vc_column_inner width=&#8221;1\/3&#8243; css=&#8221;.vc_custom_1715795142456{background-color: #f9f9f9 !important;}&#8221;][vc_single_image image=&#8221;3205&#8243; img_size=&#8221;600&#215;450&#8243;][vc_zigzag color=&#8221;custom&#8221; custom_color=&#8221;#f9f9f9&#8243;]<div class=\"uoh_title_component-container\"><h2 class=\"title title--ms d-inline-block medium\">Verso a lo humano \/ Enumerado<\/h2><\/div>[vc_zigzag color=&#8221;custom&#8221; custom_color=&#8221;#f9f9f9&#8243;]<div class=\"uoh_link_component pe-4 right py-1 button_icon right\"><i class=\"me-2 fas fa-arrow-alt-circle-right\" style=\"color: #dd9527\"><\/i><a href=\"https:\/\/www.uoh.cl\/extension\/coleccion-red-de-canto-a-lo-poeta-de-la-region-de-ohiggins-julio-maldonado-verso-a-lo-humano-enumerado\"\n                                    class=\"link link--bold component__btn-content\"\n                                    title\"\"\n                                    target=\"_blank\"\n                                    rel=\"\">Saber m\u00e1s<span class=\"icon icon--inline icon--link\"><svg version=\"1.1\" xmlns=\"http:\/\/www.w3.org\/2000\/svg\" xmlns:xlink=\"http:\/\/www.w3.org\/1999\/xlink\" x=\"0px\" y=\"0px\" width=\"22px\"height=\"22px\" viewBox=\"0 0 22 22\" style=\"overflow:visible;enable-background:new 0 0 80 64.6;\" xml:space=\"preserve\"><g clip-path=\"url(#acA)\"><path fill-rule=\"evenodd\" d=\"M21.913 11.266a.93.93 0 000-.711c-.022-.056-.063-.097-.091-.144s-.053-.103-.097-.15L12.306.294c-.357-.379-.955-.394-1.334-.038s-.394.955-.038 1.334l7.917 8.374H.927a.95.95 0 00-.908.983.946.946 0 00.908.908h17.924l-8.089 8.552c-.357.379-.341.977.034 1.334s.977.341 1.334-.034l9.594-10.148c.044-.044.063-.1.097-.15.028-.047.069-.088.091-.141z\"\/><\/g><defs><clipPath id=\"acA\"><path fill=\"#fff\" d=\"M0 0h22v22H0z\"\/><\/clipPath><\/defs><\/svg><\/span><\/a><\/div>[\/vc_column_inner][vc_column_inner width=&#8221;1\/3&#8243; css=&#8221;.vc_custom_1715796471046{background-color: #f9f9f9 !important;}&#8221;][vc_single_image image=&#8221;3209&#8243; img_size=&#8221;600&#215;450&#8243;][vc_zigzag color=&#8221;custom&#8221; custom_color=&#8221;#f9f9f9&#8243;]<div class=\"uoh_title_component-container\"><h2 class=\"title title--ms d-inline-block medium\">Verso a lo humano \/ Vieja &#8220;refanfanoza&#8221;<\/h2><\/div>[vc_zigzag color=&#8221;custom&#8221; custom_color=&#8221;#f9f9f9&#8243;]<div class=\"uoh_link_component pe-4 right py-1 button_icon right\"><i class=\"me-2 fas fa-arrow-alt-circle-right\" style=\"color: #dd9527\"><\/i><a href=\"https:\/\/www.uoh.cl\/extension\/coleccion-red-de-canto-a-lo-poeta-de-la-region-de-ohiggins-julio-maldonado-verso-a-lo-humano-vieja-refanfanoza\"\n                                    class=\"link link--bold component__btn-content\"\n                                    title\"\"\n                                    target=\"_blank\"\n                                    rel=\"\">Saber m\u00e1s<span class=\"icon icon--inline icon--link\"><svg version=\"1.1\" xmlns=\"http:\/\/www.w3.org\/2000\/svg\" xmlns:xlink=\"http:\/\/www.w3.org\/1999\/xlink\" x=\"0px\" y=\"0px\" width=\"22px\"height=\"22px\" viewBox=\"0 0 22 22\" style=\"overflow:visible;enable-background:new 0 0 80 64.6;\" xml:space=\"preserve\"><g clip-path=\"url(#acA)\"><path fill-rule=\"evenodd\" d=\"M21.913 11.266a.93.93 0 000-.711c-.022-.056-.063-.097-.091-.144s-.053-.103-.097-.15L12.306.294c-.357-.379-.955-.394-1.334-.038s-.394.955-.038 1.334l7.917 8.374H.927a.95.95 0 00-.908.983.946.946 0 00.908.908h17.924l-8.089 8.552c-.357.379-.341.977.034 1.334s.977.341 1.334-.034l9.594-10.148c.044-.044.063-.1.097-.15.028-.047.069-.088.091-.141z\"\/><\/g><defs><clipPath id=\"acA\"><path fill=\"#fff\" d=\"M0 0h22v22H0z\"\/><\/clipPath><\/defs><\/svg><\/span><\/a><\/div>[\/vc_column_inner][vc_column_inner width=&#8221;1\/3&#8243; css=&#8221;.vc_custom_1715795148501{background-color: #f9f9f9 !important;}&#8221;][vc_single_image image=&#8221;3212&#8243; img_size=&#8221;600&#215;450&#8243;][vc_zigzag color=&#8221;custom&#8221; custom_color=&#8221;#f9f9f9&#8243;]<div class=\"uoh_title_component-container\"><h2 class=\"title title--ms d-inline-block medium\">Verso a lo humano \/ El casamiento<\/h2><\/div>[vc_zigzag color=&#8221;custom&#8221; custom_color=&#8221;#f9f9f9&#8243;]<div class=\"uoh_link_component pe-4 right py-1 button_icon right\"><i class=\"me-2 fas fa-arrow-alt-circle-right\" style=\"color: #dd9527\"><\/i><a href=\"https:\/\/www.uoh.cl\/extension\/coleccion-red-de-canto-a-lo-poeta-de-la-region-de-ohiggins-julio-maldonado-verso-a-lo-humano-el-casamiento\"\n                                    class=\"link link--bold component__btn-content\"\n                                    title\"\"\n                                    target=\"_blank\"\n                                    rel=\"\">Saber m\u00e1s<span class=\"icon icon--inline icon--link\"><svg version=\"1.1\" xmlns=\"http:\/\/www.w3.org\/2000\/svg\" xmlns:xlink=\"http:\/\/www.w3.org\/1999\/xlink\" x=\"0px\" y=\"0px\" width=\"22px\"height=\"22px\" viewBox=\"0 0 22 22\" style=\"overflow:visible;enable-background:new 0 0 80 64.6;\" xml:space=\"preserve\"><g clip-path=\"url(#acA)\"><path fill-rule=\"evenodd\" d=\"M21.913 11.266a.93.93 0 000-.711c-.022-.056-.063-.097-.091-.144s-.053-.103-.097-.15L12.306.294c-.357-.379-.955-.394-1.334-.038s-.394.955-.038 1.334l7.917 8.374H.927a.95.95 0 00-.908.983.946.946 0 00.908.908h17.924l-8.089 8.552c-.357.379-.341.977.034 1.334s.977.341 1.334-.034l9.594-10.148c.044-.044.063-.1.097-.15.028-.047.069-.088.091-.141z\"\/><\/g><defs><clipPath id=\"acA\"><path fill=\"#fff\" d=\"M0 0h22v22H0z\"\/><\/clipPath><\/defs><\/svg><\/span><\/a><\/div>[\/vc_column_inner][\/vc_row_inner][\/vc_column][\/vc_row][\/vc_section]<\/p>\n<\/div>","protected":false},"excerpt":{"rendered":"<p>[vc_section el_class=&#8221;container mx-auto align-items-center circle&#8211;pattern&#8221; css=&#8221;.vc_custom_1715787547620{padding-top: 3rem !important;}&#8221;][vc_row el_class=&#8221;pb-5&#8243;][vc_column][vc_wp_custommenu nav_menu=&#8221;3&#8243;][vc_row_inner][vc_column_inner width=&#8221;1\/3&#8243; css=&#8221;.vc_custom_1715796317339{background-color: #f9f9f9 !important;}&#8221;][vc_single_image image=&#8221;3195&#8243; img_size=&#8221;600&#215;450&#8243;][vc_zigzag color=&#8221;custom&#8221; custom_color=&#8221;#f9f9f9&#8243;][vc_zigzag color=&#8221;custom&#8221; custom_color=&#8221;#f9f9f9&#8243;][\/vc_column_inner][vc_column_inner width=&#8221;1\/3&#8243; css=&#8221;.vc_custom_1715796462932{background-color: #f9f9f9 !important;}&#8221;][vc_single_image image=&#8221;3198&#8243; img_size=&#8221;600&#215;450&#8243;][vc_zigzag color=&#8221;custom&#8221; custom_color=&#8221;#f9f9f9&#8243;][vc_zigzag color=&#8221;custom&#8221; custom_color=&#8221;#f9f9f9&#8243;][\/vc_column_inner][vc_column_inner width=&#8221;1\/3&#8243; css=&#8221;.vc_custom_1715795148501{background-color: #f9f9f9 !important;}&#8221;][vc_single_image image=&#8221;3202&#8243; img_size=&#8221;600&#215;450&#8243;][vc_zigzag color=&#8221;custom&#8221; custom_color=&#8221;#f9f9f9&#8243;][vc_zigzag color=&#8221;custom&#8221; custom_color=&#8221;#f9f9f9&#8243;][\/vc_column_inner][\/vc_row_inner][vc_row_inner][vc_column_inner width=&#8221;1\/3&#8243; css=&#8221;.vc_custom_1715795142456{background-color: #f9f9f9 !important;}&#8221;][vc_single_image image=&#8221;3205&#8243; img_size=&#8221;600&#215;450&#8243;][vc_zigzag color=&#8221;custom&#8221; custom_color=&#8221;#f9f9f9&#8243;][vc_zigzag color=&#8221;custom&#8221; custom_color=&#8221;#f9f9f9&#8243;][\/vc_column_inner][vc_column_inner width=&#8221;1\/3&#8243; css=&#8221;.vc_custom_1715796471046{background-color: #f9f9f9 !important;}&#8221;][vc_single_image image=&#8221;3209&#8243; [&hellip;]<\/p>\n","protected":false},"author":23,"featured_media":0,"parent":0,"menu_order":0,"comment_status":"closed","ping_status":"closed","template":"","meta":{"_acf_changed":false,"footnotes":""},"class_list":["post-3667","page","type-page","status-publish","hentry"],"acf":[],"yoast_head":"<!-- This site is optimized with the Yoast SEO plugin v26.6 - https:\/\/yoast.com\/wordpress\/plugins\/seo\/ -->\n<title>Julio Maldonado - Direcci\u00f3n de Cultura Patrimonio y Extensi\u00f3n UOH<\/title>\n<meta name=\"robots\" content=\"index, follow, max-snippet:-1, max-image-preview:large, max-video-preview:-1\" \/>\n<link rel=\"canonical\" href=\"https:\/\/www.uoh.cl\/extension\/coleccion-julio-maldonado\" \/>\n<meta property=\"og:locale\" content=\"es_ES\" \/>\n<meta property=\"og:type\" content=\"article\" \/>\n<meta property=\"og:title\" content=\"Julio Maldonado - Direcci\u00f3n de Cultura Patrimonio y Extensi\u00f3n UOH\" \/>\n<meta property=\"og:description\" content=\"[vc_section el_class=&#8221;container mx-auto align-items-center circle&#8211;pattern&#8221; css=&#8221;.vc_custom_1715787547620{padding-top: 3rem !important;}&#8221;][vc_row el_class=&#8221;pb-5&#8243;][vc_column][vc_wp_custommenu nav_menu=&#8221;3&#8243;][vc_row_inner][vc_column_inner width=&#8221;1\/3&#8243; css=&#8221;.vc_custom_1715796317339{background-color: #f9f9f9 !important;}&#8221;][vc_single_image image=&#8221;3195&#8243; img_size=&#8221;600&#215;450&#8243;][vc_zigzag color=&#8221;custom&#8221; custom_color=&#8221;#f9f9f9&#8243;][vc_zigzag color=&#8221;custom&#8221; custom_color=&#8221;#f9f9f9&#8243;][\/vc_column_inner][vc_column_inner width=&#8221;1\/3&#8243; css=&#8221;.vc_custom_1715796462932{background-color: #f9f9f9 !important;}&#8221;][vc_single_image image=&#8221;3198&#8243; img_size=&#8221;600&#215;450&#8243;][vc_zigzag color=&#8221;custom&#8221; custom_color=&#8221;#f9f9f9&#8243;][vc_zigzag color=&#8221;custom&#8221; custom_color=&#8221;#f9f9f9&#8243;][\/vc_column_inner][vc_column_inner width=&#8221;1\/3&#8243; css=&#8221;.vc_custom_1715795148501{background-color: #f9f9f9 !important;}&#8221;][vc_single_image image=&#8221;3202&#8243; img_size=&#8221;600&#215;450&#8243;][vc_zigzag color=&#8221;custom&#8221; custom_color=&#8221;#f9f9f9&#8243;][vc_zigzag color=&#8221;custom&#8221; custom_color=&#8221;#f9f9f9&#8243;][\/vc_column_inner][\/vc_row_inner][vc_row_inner][vc_column_inner width=&#8221;1\/3&#8243; css=&#8221;.vc_custom_1715795142456{background-color: #f9f9f9 !important;}&#8221;][vc_single_image image=&#8221;3205&#8243; img_size=&#8221;600&#215;450&#8243;][vc_zigzag color=&#8221;custom&#8221; custom_color=&#8221;#f9f9f9&#8243;][vc_zigzag color=&#8221;custom&#8221; custom_color=&#8221;#f9f9f9&#8243;][\/vc_column_inner][vc_column_inner width=&#8221;1\/3&#8243; css=&#8221;.vc_custom_1715796471046{background-color: #f9f9f9 !important;}&#8221;][vc_single_image image=&#8221;3209&#8243; [&hellip;]\" \/>\n<meta property=\"og:url\" content=\"https:\/\/www.uoh.cl\/extension\/coleccion-julio-maldonado\" \/>\n<meta property=\"og:site_name\" content=\"Direcci\u00f3n de Cultura Patrimonio y Extensi\u00f3n UOH\" \/>\n<meta property=\"article:modified_time\" content=\"2024-06-28T14:28:02+00:00\" \/>\n<meta name=\"twitter:card\" content=\"summary_large_image\" \/>\n<meta name=\"twitter:label1\" content=\"Tiempo estimado de lectura\" \/>\n\t<meta name=\"twitter:data1\" content=\"2 minutos\" \/>\n<script type=\"application\/ld+json\" class=\"yoast-schema-graph\">{\"@context\":\"https:\/\/schema.org\",\"@graph\":[{\"@type\":\"WebPage\",\"@id\":\"https:\/\/www.uoh.cl\/extension\/coleccion-julio-maldonado\",\"url\":\"https:\/\/www.uoh.cl\/extension\/coleccion-julio-maldonado\",\"name\":\"Julio Maldonado - Direcci\u00f3n de Cultura Patrimonio y Extensi\u00f3n UOH\",\"isPartOf\":{\"@id\":\"https:\/\/www.uoh.cl\/extension\/#website\"},\"datePublished\":\"2024-05-15T21:37:07+00:00\",\"dateModified\":\"2024-06-28T14:28:02+00:00\",\"inLanguage\":\"es-CL\",\"potentialAction\":[{\"@type\":\"ReadAction\",\"target\":[\"https:\/\/www.uoh.cl\/extension\/coleccion-julio-maldonado\"]}]},{\"@type\":\"WebSite\",\"@id\":\"https:\/\/www.uoh.cl\/extension\/#website\",\"url\":\"https:\/\/www.uoh.cl\/extension\/\",\"name\":\"Direcci\u00f3n de Cultura Patrimonio y Extensi\u00f3n UOH\",\"description\":\"Otro sitio de Sitios de Universidad O&#039;higgins\",\"potentialAction\":[{\"@type\":\"SearchAction\",\"target\":{\"@type\":\"EntryPoint\",\"urlTemplate\":\"https:\/\/www.uoh.cl\/extension\/?s={search_term_string}\"},\"query-input\":{\"@type\":\"PropertyValueSpecification\",\"valueRequired\":true,\"valueName\":\"search_term_string\"}}],\"inLanguage\":\"es-CL\"}]}<\/script>\n<!-- \/ Yoast SEO plugin. -->","yoast_head_json":{"title":"Julio Maldonado - Direcci\u00f3n de Cultura Patrimonio y Extensi\u00f3n UOH","robots":{"index":"index","follow":"follow","max-snippet":"max-snippet:-1","max-image-preview":"max-image-preview:large","max-video-preview":"max-video-preview:-1"},"canonical":"https:\/\/www.uoh.cl\/extension\/coleccion-julio-maldonado","og_locale":"es_ES","og_type":"article","og_title":"Julio Maldonado - Direcci\u00f3n de Cultura Patrimonio y Extensi\u00f3n UOH","og_description":"[vc_section el_class=&#8221;container mx-auto align-items-center circle&#8211;pattern&#8221; css=&#8221;.vc_custom_1715787547620{padding-top: 3rem !important;}&#8221;][vc_row el_class=&#8221;pb-5&#8243;][vc_column][vc_wp_custommenu nav_menu=&#8221;3&#8243;][vc_row_inner][vc_column_inner width=&#8221;1\/3&#8243; css=&#8221;.vc_custom_1715796317339{background-color: #f9f9f9 !important;}&#8221;][vc_single_image image=&#8221;3195&#8243; img_size=&#8221;600&#215;450&#8243;][vc_zigzag color=&#8221;custom&#8221; custom_color=&#8221;#f9f9f9&#8243;][vc_zigzag color=&#8221;custom&#8221; custom_color=&#8221;#f9f9f9&#8243;][\/vc_column_inner][vc_column_inner width=&#8221;1\/3&#8243; css=&#8221;.vc_custom_1715796462932{background-color: #f9f9f9 !important;}&#8221;][vc_single_image image=&#8221;3198&#8243; img_size=&#8221;600&#215;450&#8243;][vc_zigzag color=&#8221;custom&#8221; custom_color=&#8221;#f9f9f9&#8243;][vc_zigzag color=&#8221;custom&#8221; custom_color=&#8221;#f9f9f9&#8243;][\/vc_column_inner][vc_column_inner width=&#8221;1\/3&#8243; css=&#8221;.vc_custom_1715795148501{background-color: #f9f9f9 !important;}&#8221;][vc_single_image image=&#8221;3202&#8243; img_size=&#8221;600&#215;450&#8243;][vc_zigzag color=&#8221;custom&#8221; custom_color=&#8221;#f9f9f9&#8243;][vc_zigzag color=&#8221;custom&#8221; custom_color=&#8221;#f9f9f9&#8243;][\/vc_column_inner][\/vc_row_inner][vc_row_inner][vc_column_inner width=&#8221;1\/3&#8243; css=&#8221;.vc_custom_1715795142456{background-color: #f9f9f9 !important;}&#8221;][vc_single_image image=&#8221;3205&#8243; img_size=&#8221;600&#215;450&#8243;][vc_zigzag color=&#8221;custom&#8221; custom_color=&#8221;#f9f9f9&#8243;][vc_zigzag color=&#8221;custom&#8221; custom_color=&#8221;#f9f9f9&#8243;][\/vc_column_inner][vc_column_inner width=&#8221;1\/3&#8243; css=&#8221;.vc_custom_1715796471046{background-color: #f9f9f9 !important;}&#8221;][vc_single_image image=&#8221;3209&#8243; [&hellip;]","og_url":"https:\/\/www.uoh.cl\/extension\/coleccion-julio-maldonado","og_site_name":"Direcci\u00f3n de Cultura Patrimonio y Extensi\u00f3n UOH","article_modified_time":"2024-06-28T14:28:02+00:00","twitter_card":"summary_large_image","twitter_misc":{"Tiempo estimado de lectura":"2 minutos"},"schema":{"@context":"https:\/\/schema.org","@graph":[{"@type":"WebPage","@id":"https:\/\/www.uoh.cl\/extension\/coleccion-julio-maldonado","url":"https:\/\/www.uoh.cl\/extension\/coleccion-julio-maldonado","name":"Julio Maldonado - Direcci\u00f3n de Cultura Patrimonio y Extensi\u00f3n UOH","isPartOf":{"@id":"https:\/\/www.uoh.cl\/extension\/#website"},"datePublished":"2024-05-15T21:37:07+00:00","dateModified":"2024-06-28T14:28:02+00:00","inLanguage":"es-CL","potentialAction":[{"@type":"ReadAction","target":["https:\/\/www.uoh.cl\/extension\/coleccion-julio-maldonado"]}]},{"@type":"WebSite","@id":"https:\/\/www.uoh.cl\/extension\/#website","url":"https:\/\/www.uoh.cl\/extension\/","name":"Direcci\u00f3n de Cultura Patrimonio y Extensi\u00f3n UOH","description":"Otro sitio de Sitios de Universidad O&#039;higgins","potentialAction":[{"@type":"SearchAction","target":{"@type":"EntryPoint","urlTemplate":"https:\/\/www.uoh.cl\/extension\/?s={search_term_string}"},"query-input":{"@type":"PropertyValueSpecification","valueRequired":true,"valueName":"search_term_string"}}],"inLanguage":"es-CL"}]}},"_links":{"self":[{"href":"https:\/\/www.uoh.cl\/extension\/wp-json\/wp\/v2\/pages\/3667","targetHints":{"allow":["GET"]}}],"collection":[{"href":"https:\/\/www.uoh.cl\/extension\/wp-json\/wp\/v2\/pages"}],"about":[{"href":"https:\/\/www.uoh.cl\/extension\/wp-json\/wp\/v2\/types\/page"}],"author":[{"embeddable":true,"href":"https:\/\/www.uoh.cl\/extension\/wp-json\/wp\/v2\/users\/23"}],"replies":[{"embeddable":true,"href":"https:\/\/www.uoh.cl\/extension\/wp-json\/wp\/v2\/comments?post=3667"}],"version-history":[{"count":7,"href":"https:\/\/www.uoh.cl\/extension\/wp-json\/wp\/v2\/pages\/3667\/revisions"}],"predecessor-version":[{"id":4377,"href":"https:\/\/www.uoh.cl\/extension\/wp-json\/wp\/v2\/pages\/3667\/revisions\/4377"}],"wp:attachment":[{"href":"https:\/\/www.uoh.cl\/extension\/wp-json\/wp\/v2\/media?parent=3667"}],"curies":[{"name":"wp","href":"https:\/\/api.w.org\/{rel}","templated":true}]}}