
{"id":2362,"date":"2024-03-13T15:23:36","date_gmt":"2024-03-13T18:23:36","guid":{"rendered":"https:\/\/www.uoh.cl\/extension\/?page_id=2362"},"modified":"2024-03-13T15:23:36","modified_gmt":"2024-03-13T18:23:36","slug":"coleccion-fernando-gonzalez-rios-22","status":"publish","type":"page","link":"https:\/\/www.uoh.cl\/extension\/coleccion-fernando-gonzalez-rios-22","title":{"rendered":"Colecci\u00f3n Fernando Gonz\u00e1lez R\u00edos"},"content":{"rendered":"<div class=\"wpb-content-wrapper\"><p>[vc_section el_class=&#8221;container mx-auto align-items-center circle&#8211;pattern&#8221; css=&#8221;.vc_custom_1648956589196{padding-top: 3rem !important;}&#8221;][vc_row el_class=&#8221;pb-5&#8243;][vc_column]<div class=\"breadcrumb\"><ol itemscope itemtype=\"https:\/\/schema.org\/BreadcrumbList\"><li itemprop=\"itemListElement\" itemscope itemtype=\"https:\/\/schema.org\/ListItem\"><a itemprop=\"item\" href=\"http:\/\/www.uoh.cl\"><span itemprop=\"name\">Inicio<\/span><\/a><meta itemprop=\"position\" content=\"1\" \/><li itemprop=\"itemListElement\" itemscope itemtype=\"https:\/\/schema.org\/ListItem\"><a itemprop=\"item\" href=\"https:\/\/www.uoh.cl\/extension\"><span itemprop=\"name\">Direcci\u00f3n de Cultura Patrimonio y Extensi\u00f3n UOH<\/span><\/a><meta itemprop=\"position\" content=\"2\" \/><li itemprop=\"itemListElement\" itemscope itemtype=\"https:\/\/schema.org\/ListItem\"><span itemprop=\"name\">Colecci\u00f3n Fernando Gonz\u00e1lez R\u00edos <\/span><meta itemprop=\"position\" content=\"3\" \/><\/ol><\/div>[vc_wp_custommenu nav_menu=&#8221;3&#8243;]<div class=\"uoh_title_component-container\"><h1 class=\"title title--ms d-inline-block title--decorator  big\">Colecci\u00f3n Fernando Gonz\u00e1lez R\u00edos<\/h1><\/div>[vc_row_inner][vc_column_inner width=&#8221;1\/3&#8243;]<div class=\"uoh_link_component pe-4 center py-1 button_icon center\"><i class=\"me-2 fas fa-camera\" style=\"color: #000000\"><\/i><span>Fotograf\u00eda Blanco y Negro<\/span><\/div>[\/vc_column_inner][vc_column_inner width=&#8221;1\/3&#8243;]<div class=\"uoh_link_component pe-4 center py-1 button_icon center\"><i class=\"me-2 fas fa-paperclip\" style=\"color: #000000\"><\/i><span>Reproducci\u00f3n mediante solicitud al Archivo<\/span><\/div>[\/vc_column_inner][vc_column_inner width=&#8221;1\/3&#8243;]<div class=\"uoh_link_component pe-4 center py-1 button_icon center\"><i class=\"me-2 fas fa-map-marker-alt\" style=\"color: #000000\"><\/i><span>San Fernando<\/span><\/div>[\/vc_column_inner][\/vc_row_inner][vc_zigzag color=&#8221;white&#8221;][vc_single_image image=&#8221;2363&#8243; img_size=&#8221;full&#8221; alignment=&#8221;center&#8221;][vc_zigzag color=&#8221;white&#8221;][vc_row_inner css=&#8221;.vc_custom_1702925445151{background-color: #f9f9f9 !important;}&#8221;][vc_column_inner width=&#8221;1\/2&#8243;]<div class=\"uoh_title_component-container\"><h1 class=\"title title--ms d-inline-block big\">Contexto<\/h1><\/div>[vc_column_text]Vista general de las piscinas termales naturales, m\u00e1s conocidas como pozas en las Termas del Flaco, San Fernando, Regi\u00f3n de O\u2019Higgins.<\/p>\n<p>Fuente: Fernando Gonz\u00e1lez R\u00edos.[\/vc_column_text][\/vc_column_inner][vc_column_inner width=&#8221;1\/2&#8243;][vc_zigzag color=&#8221;custom&#8221; custom_color=&#8221;#f9f9f9&#8243;][vc_column_text]<strong>Dimensiones: <span style=\"font-weight: 400\">&#8212;<\/span><\/strong><\/p>\n<p><strong>T\u00e9cnica:<\/strong> <span style=\"font-weight: 400\">&#8212;<\/span><\/p>\n<p><strong>Soporte:<\/strong> Digital.<\/p>\n<p><strong>Color:<\/strong> Monocromo.[\/vc_column_text][\/vc_column_inner][\/vc_row_inner][\/vc_column][\/vc_row][vc_row][vc_column width=&#8221;1\/2&#8243;]<div class=\"uoh_title_component-container\"><h2 class=\"title title--ms d-inline-block medium\">Informaci\u00f3n<\/h2><\/div>[vc_zigzag color=&#8221;white&#8221;][vc_column_text]<\/p>\n<ul>\n<li>Autor: Fernando Gonz\u00e1lez R\u00edos.<\/li>\n<li>Colecci\u00f3n: Colecci\u00f3n Fernando Gonz\u00e1lez R\u00edos.<\/li>\n<li>Localidad:\u00a0San Fernando.<\/li>\n<li>Fecha:\u00a0sin registro.<\/li>\n<li>Fecha de ingreso a la colecci\u00f3n: octubre de 2022.<\/li>\n<li>Palabras clave: termas, vacaciones, San Fernando.<\/li>\n<li>Soporte: digital.<\/li>\n<li>Condiciones de acceso: reproducci\u00f3n mediante solicitud al Archivo.<\/li>\n<\/ul>\n<p>[\/vc_column_text][vc_zigzag color=&#8221;white&#8221;][\/vc_column][vc_column width=&#8221;1\/2&#8243;][\/vc_column][\/vc_row][\/vc_section][vc_section el_class=&#8221;p-md-0 pt-md-5&#8243;][vc_row el_class=&#8221;container mx-auto align-items-center p-md-0 pt-5&#8243;][vc_column el_class=&#8221;p-0&#8243;][vc_column_text]<strong>Fernando Gonz\u00e1lez R\u00edos<\/strong>, un renombrado fot\u00f3grafo chileno, naci\u00f3 el 9 de agosto de 1932 en Machal\u00ed, Provincia de Colchagua, localidad que en aquel entonces formaba parte de la Provincia de Colchagua. Desde temprana edad, su pasi\u00f3n por la fotograf\u00eda se hizo evidente, y con determinaci\u00f3n y perseverancia, se convirti\u00f3 en uno de los grandes exponentes de este arte en la regi\u00f3n. Por su destacada trayectoria y contribuci\u00f3n al \u00e1mbito cultural, Fernando Gonz\u00e1lez R\u00edos ha sido reconocido como Hijo Ilustre de San Fernando. Su legado se ve plasmado en dos libros fotogr\u00e1ficos: \u201cDespertando los Recuerdos\u201d en 2013 y \u201cSan Fernando en el Recuerdo\u201d en 2014. Estas obras reflejan su pasi\u00f3n por capturar la esencia de su entorno y preservar la memoria colectiva de la regi\u00f3n.[\/vc_column_text][\/vc_column][\/vc_row][\/vc_section][vc_section el_class=&#8221;p-md-0 pt-md-5 pb-md-5&#8243;][vc_row el_class=&#8221;container mx-auto align-items-center&#8221;][vc_column width=&#8221;1\/3&#8243;][\/vc_column][vc_column width=&#8221;1\/3&#8243;]<div class=\"uoh_title_component-container\"><h2 class=\"title title--ms d-inline-block medium\">Compartir esta p\u00e1gina<\/h2><\/div>[\/vc_column][vc_column width=&#8221;1\/3&#8243;][\/vc_column][\/vc_row][vc_row][vc_column width=&#8221;1\/6&#8243;][\/vc_column][vc_column width=&#8221;1\/6&#8243;][\/vc_column][vc_column width=&#8221;1\/6&#8243;]<div class=\"uoh_link_component pe-4 right py-1 button_icon right\"><i class=\"me-2 fab fa-facebook-f\" style=\"color: #000000\"><\/i><a href=\"https:\/\/www.facebook.com\/extension.uoh.3\/\"\n                                    class=\"link link--bold component__btn-content\"\n                                    title\"\"\n                                    target=\"_blank\"\n                                    rel=\"\">Facebook<span class=\"icon icon--inline icon--link\"><svg version=\"1.1\" xmlns=\"http:\/\/www.w3.org\/2000\/svg\" xmlns:xlink=\"http:\/\/www.w3.org\/1999\/xlink\" x=\"0px\" y=\"0px\" width=\"22px\"height=\"22px\" viewBox=\"0 0 22 22\" style=\"overflow:visible;enable-background:new 0 0 80 64.6;\" xml:space=\"preserve\"><g clip-path=\"url(#acA)\"><path fill-rule=\"evenodd\" d=\"M21.913 11.266a.93.93 0 000-.711c-.022-.056-.063-.097-.091-.144s-.053-.103-.097-.15L12.306.294c-.357-.379-.955-.394-1.334-.038s-.394.955-.038 1.334l7.917 8.374H.927a.95.95 0 00-.908.983.946.946 0 00.908.908h17.924l-8.089 8.552c-.357.379-.341.977.034 1.334s.977.341 1.334-.034l9.594-10.148c.044-.044.063-.1.097-.15.028-.047.069-.088.091-.141z\"\/><\/g><defs><clipPath id=\"acA\"><path fill=\"#fff\" d=\"M0 0h22v22H0z\"\/><\/clipPath><\/defs><\/svg><\/span><\/a><\/div>[\/vc_column][vc_column width=&#8221;1\/6&#8243;]<div class=\"uoh_link_component pe-4 left py-1 button_icon left\"><i class=\"me-2 fab fa-instagram\" style=\"color: #000000\"><\/i><a href=\"https:\/\/www.instagram.com\/dcpe_uoh\/\"\n                                    class=\"link link--bold component__btn-content\"\n                                    title\"\"\n                                    target=\"_blank\"\n                                    rel=\"\">Instagram<span class=\"icon icon--inline icon--link\"><svg version=\"1.1\" xmlns=\"http:\/\/www.w3.org\/2000\/svg\" xmlns:xlink=\"http:\/\/www.w3.org\/1999\/xlink\" x=\"0px\" y=\"0px\" width=\"22px\"height=\"22px\" viewBox=\"0 0 22 22\" style=\"overflow:visible;enable-background:new 0 0 80 64.6;\" xml:space=\"preserve\"><g clip-path=\"url(#acA)\"><path fill-rule=\"evenodd\" d=\"M21.913 11.266a.93.93 0 000-.711c-.022-.056-.063-.097-.091-.144s-.053-.103-.097-.15L12.306.294c-.357-.379-.955-.394-1.334-.038s-.394.955-.038 1.334l7.917 8.374H.927a.95.95 0 00-.908.983.946.946 0 00.908.908h17.924l-8.089 8.552c-.357.379-.341.977.034 1.334s.977.341 1.334-.034l9.594-10.148c.044-.044.063-.1.097-.15.028-.047.069-.088.091-.141z\"\/><\/g><defs><clipPath id=\"acA\"><path fill=\"#fff\" d=\"M0 0h22v22H0z\"\/><\/clipPath><\/defs><\/svg><\/span><\/a><\/div>[\/vc_column][vc_column width=&#8221;1\/6&#8243;][\/vc_column][vc_column width=&#8221;1\/6&#8243;][\/vc_column][\/vc_row][\/vc_section]<\/p>\n<\/div>","protected":false},"excerpt":{"rendered":"<p>[vc_section el_class=&#8221;container mx-auto align-items-center circle&#8211;pattern&#8221; css=&#8221;.vc_custom_1648956589196{padding-top: 3rem !important;}&#8221;][vc_row el_class=&#8221;pb-5&#8243;][vc_column][vc_wp_custommenu nav_menu=&#8221;3&#8243;][vc_row_inner][vc_column_inner width=&#8221;1\/3&#8243;][\/vc_column_inner][vc_column_inner width=&#8221;1\/3&#8243;][\/vc_column_inner][vc_column_inner width=&#8221;1\/3&#8243;][\/vc_column_inner][\/vc_row_inner][vc_zigzag color=&#8221;white&#8221;][vc_single_image image=&#8221;2363&#8243; img_size=&#8221;full&#8221; alignment=&#8221;center&#8221;][vc_zigzag color=&#8221;white&#8221;][vc_row_inner css=&#8221;.vc_custom_1702925445151{background-color: #f9f9f9 !important;}&#8221;][vc_column_inner width=&#8221;1\/2&#8243;][vc_column_text]Vista general de las piscinas termales naturales, m\u00e1s conocidas como pozas en las Termas del Flaco, San Fernando, Regi\u00f3n de O\u2019Higgins. Fuente: Fernando Gonz\u00e1lez R\u00edos.[\/vc_column_text][\/vc_column_inner][vc_column_inner width=&#8221;1\/2&#8243;][vc_zigzag color=&#8221;custom&#8221; custom_color=&#8221;#f9f9f9&#8243;][vc_column_text]Dimensiones: &#8212; T\u00e9cnica: &#8212; Soporte: Digital. Color: [&hellip;]<\/p>\n","protected":false},"author":23,"featured_media":0,"parent":0,"menu_order":0,"comment_status":"closed","ping_status":"closed","template":"","meta":{"_acf_changed":false,"footnotes":""},"class_list":["post-2362","page","type-page","status-publish","hentry"],"acf":[],"yoast_head":"<!-- This site is optimized with the Yoast SEO plugin v26.6 - https:\/\/yoast.com\/wordpress\/plugins\/seo\/ -->\n<title>Colecci\u00f3n Fernando Gonz\u00e1lez R\u00edos - Direcci\u00f3n de Cultura Patrimonio y Extensi\u00f3n UOH<\/title>\n<meta name=\"robots\" content=\"index, follow, max-snippet:-1, max-image-preview:large, max-video-preview:-1\" \/>\n<link rel=\"canonical\" href=\"https:\/\/www.uoh.cl\/extension\/coleccion-fernando-gonzalez-rios-22\" \/>\n<meta property=\"og:locale\" content=\"es_ES\" \/>\n<meta property=\"og:type\" content=\"article\" \/>\n<meta property=\"og:title\" content=\"Colecci\u00f3n Fernando Gonz\u00e1lez R\u00edos - Direcci\u00f3n de Cultura Patrimonio y Extensi\u00f3n UOH\" \/>\n<meta property=\"og:description\" content=\"[vc_section el_class=&#8221;container mx-auto align-items-center circle&#8211;pattern&#8221; css=&#8221;.vc_custom_1648956589196{padding-top: 3rem !important;}&#8221;][vc_row el_class=&#8221;pb-5&#8243;][vc_column][vc_wp_custommenu nav_menu=&#8221;3&#8243;][vc_row_inner][vc_column_inner width=&#8221;1\/3&#8243;][\/vc_column_inner][vc_column_inner width=&#8221;1\/3&#8243;][\/vc_column_inner][vc_column_inner width=&#8221;1\/3&#8243;][\/vc_column_inner][\/vc_row_inner][vc_zigzag color=&#8221;white&#8221;][vc_single_image image=&#8221;2363&#8243; img_size=&#8221;full&#8221; alignment=&#8221;center&#8221;][vc_zigzag color=&#8221;white&#8221;][vc_row_inner css=&#8221;.vc_custom_1702925445151{background-color: #f9f9f9 !important;}&#8221;][vc_column_inner width=&#8221;1\/2&#8243;][vc_column_text]Vista general de las piscinas termales naturales, m\u00e1s conocidas como pozas en las Termas del Flaco, San Fernando, Regi\u00f3n de O\u2019Higgins. Fuente: Fernando Gonz\u00e1lez R\u00edos.[\/vc_column_text][\/vc_column_inner][vc_column_inner width=&#8221;1\/2&#8243;][vc_zigzag color=&#8221;custom&#8221; custom_color=&#8221;#f9f9f9&#8243;][vc_column_text]Dimensiones: &#8212; T\u00e9cnica: &#8212; Soporte: Digital. Color: [&hellip;]\" \/>\n<meta property=\"og:url\" content=\"https:\/\/www.uoh.cl\/extension\/coleccion-fernando-gonzalez-rios-22\" \/>\n<meta property=\"og:site_name\" content=\"Direcci\u00f3n de Cultura Patrimonio y Extensi\u00f3n UOH\" \/>\n<meta name=\"twitter:card\" content=\"summary_large_image\" \/>\n<meta name=\"twitter:label1\" content=\"Tiempo estimado de lectura\" \/>\n\t<meta name=\"twitter:data1\" content=\"2 minutos\" \/>\n<script type=\"application\/ld+json\" class=\"yoast-schema-graph\">{\"@context\":\"https:\/\/schema.org\",\"@graph\":[{\"@type\":\"WebPage\",\"@id\":\"https:\/\/www.uoh.cl\/extension\/coleccion-fernando-gonzalez-rios-22\",\"url\":\"https:\/\/www.uoh.cl\/extension\/coleccion-fernando-gonzalez-rios-22\",\"name\":\"Colecci\u00f3n Fernando Gonz\u00e1lez R\u00edos - Direcci\u00f3n de Cultura Patrimonio y Extensi\u00f3n UOH\",\"isPartOf\":{\"@id\":\"https:\/\/www.uoh.cl\/extension\/#website\"},\"datePublished\":\"2024-03-13T18:23:36+00:00\",\"inLanguage\":\"es-CL\",\"potentialAction\":[{\"@type\":\"ReadAction\",\"target\":[\"https:\/\/www.uoh.cl\/extension\/coleccion-fernando-gonzalez-rios-22\"]}]},{\"@type\":\"WebSite\",\"@id\":\"https:\/\/www.uoh.cl\/extension\/#website\",\"url\":\"https:\/\/www.uoh.cl\/extension\/\",\"name\":\"Direcci\u00f3n de Cultura Patrimonio y Extensi\u00f3n UOH\",\"description\":\"Otro sitio de Sitios de Universidad O&#039;higgins\",\"potentialAction\":[{\"@type\":\"SearchAction\",\"target\":{\"@type\":\"EntryPoint\",\"urlTemplate\":\"https:\/\/www.uoh.cl\/extension\/?s={search_term_string}\"},\"query-input\":{\"@type\":\"PropertyValueSpecification\",\"valueRequired\":true,\"valueName\":\"search_term_string\"}}],\"inLanguage\":\"es-CL\"}]}<\/script>\n<!-- \/ Yoast SEO plugin. -->","yoast_head_json":{"title":"Colecci\u00f3n Fernando Gonz\u00e1lez R\u00edos - Direcci\u00f3n de Cultura Patrimonio y Extensi\u00f3n UOH","robots":{"index":"index","follow":"follow","max-snippet":"max-snippet:-1","max-image-preview":"max-image-preview:large","max-video-preview":"max-video-preview:-1"},"canonical":"https:\/\/www.uoh.cl\/extension\/coleccion-fernando-gonzalez-rios-22","og_locale":"es_ES","og_type":"article","og_title":"Colecci\u00f3n Fernando Gonz\u00e1lez R\u00edos - Direcci\u00f3n de Cultura Patrimonio y Extensi\u00f3n UOH","og_description":"[vc_section el_class=&#8221;container mx-auto align-items-center circle&#8211;pattern&#8221; css=&#8221;.vc_custom_1648956589196{padding-top: 3rem !important;}&#8221;][vc_row el_class=&#8221;pb-5&#8243;][vc_column][vc_wp_custommenu nav_menu=&#8221;3&#8243;][vc_row_inner][vc_column_inner width=&#8221;1\/3&#8243;][\/vc_column_inner][vc_column_inner width=&#8221;1\/3&#8243;][\/vc_column_inner][vc_column_inner width=&#8221;1\/3&#8243;][\/vc_column_inner][\/vc_row_inner][vc_zigzag color=&#8221;white&#8221;][vc_single_image image=&#8221;2363&#8243; img_size=&#8221;full&#8221; alignment=&#8221;center&#8221;][vc_zigzag color=&#8221;white&#8221;][vc_row_inner css=&#8221;.vc_custom_1702925445151{background-color: #f9f9f9 !important;}&#8221;][vc_column_inner width=&#8221;1\/2&#8243;][vc_column_text]Vista general de las piscinas termales naturales, m\u00e1s conocidas como pozas en las Termas del Flaco, San Fernando, Regi\u00f3n de O\u2019Higgins. Fuente: Fernando Gonz\u00e1lez R\u00edos.[\/vc_column_text][\/vc_column_inner][vc_column_inner width=&#8221;1\/2&#8243;][vc_zigzag color=&#8221;custom&#8221; custom_color=&#8221;#f9f9f9&#8243;][vc_column_text]Dimensiones: &#8212; T\u00e9cnica: &#8212; Soporte: Digital. Color: [&hellip;]","og_url":"https:\/\/www.uoh.cl\/extension\/coleccion-fernando-gonzalez-rios-22","og_site_name":"Direcci\u00f3n de Cultura Patrimonio y Extensi\u00f3n UOH","twitter_card":"summary_large_image","twitter_misc":{"Tiempo estimado de lectura":"2 minutos"},"schema":{"@context":"https:\/\/schema.org","@graph":[{"@type":"WebPage","@id":"https:\/\/www.uoh.cl\/extension\/coleccion-fernando-gonzalez-rios-22","url":"https:\/\/www.uoh.cl\/extension\/coleccion-fernando-gonzalez-rios-22","name":"Colecci\u00f3n Fernando Gonz\u00e1lez R\u00edos - Direcci\u00f3n de Cultura Patrimonio y Extensi\u00f3n UOH","isPartOf":{"@id":"https:\/\/www.uoh.cl\/extension\/#website"},"datePublished":"2024-03-13T18:23:36+00:00","inLanguage":"es-CL","potentialAction":[{"@type":"ReadAction","target":["https:\/\/www.uoh.cl\/extension\/coleccion-fernando-gonzalez-rios-22"]}]},{"@type":"WebSite","@id":"https:\/\/www.uoh.cl\/extension\/#website","url":"https:\/\/www.uoh.cl\/extension\/","name":"Direcci\u00f3n de Cultura Patrimonio y Extensi\u00f3n UOH","description":"Otro sitio de Sitios de Universidad O&#039;higgins","potentialAction":[{"@type":"SearchAction","target":{"@type":"EntryPoint","urlTemplate":"https:\/\/www.uoh.cl\/extension\/?s={search_term_string}"},"query-input":{"@type":"PropertyValueSpecification","valueRequired":true,"valueName":"search_term_string"}}],"inLanguage":"es-CL"}]}},"_links":{"self":[{"href":"https:\/\/www.uoh.cl\/extension\/wp-json\/wp\/v2\/pages\/2362","targetHints":{"allow":["GET"]}}],"collection":[{"href":"https:\/\/www.uoh.cl\/extension\/wp-json\/wp\/v2\/pages"}],"about":[{"href":"https:\/\/www.uoh.cl\/extension\/wp-json\/wp\/v2\/types\/page"}],"author":[{"embeddable":true,"href":"https:\/\/www.uoh.cl\/extension\/wp-json\/wp\/v2\/users\/23"}],"replies":[{"embeddable":true,"href":"https:\/\/www.uoh.cl\/extension\/wp-json\/wp\/v2\/comments?post=2362"}],"version-history":[{"count":1,"href":"https:\/\/www.uoh.cl\/extension\/wp-json\/wp\/v2\/pages\/2362\/revisions"}],"predecessor-version":[{"id":2364,"href":"https:\/\/www.uoh.cl\/extension\/wp-json\/wp\/v2\/pages\/2362\/revisions\/2364"}],"wp:attachment":[{"href":"https:\/\/www.uoh.cl\/extension\/wp-json\/wp\/v2\/media?parent=2362"}],"curies":[{"name":"wp","href":"https:\/\/api.w.org\/{rel}","templated":true}]}}