
{"id":2129,"date":"2023-12-18T16:28:57","date_gmt":"2023-12-18T19:28:57","guid":{"rendered":"https:\/\/www.uoh.cl\/extension\/?page_id=2129"},"modified":"2023-12-18T16:28:57","modified_gmt":"2023-12-18T19:28:57","slug":"coleccion-memorias-compartidas-de-ohiggins-carlos-rivas-pontigo-3","status":"publish","type":"page","link":"https:\/\/www.uoh.cl\/extension\/coleccion-memorias-compartidas-de-ohiggins-carlos-rivas-pontigo-3","title":{"rendered":"Colecci\u00f3n Memorias Compartidas de O\u2019Higgins: Carlos Rivas Pontigo"},"content":{"rendered":"<div class=\"wpb-content-wrapper\"><p>[vc_section el_class=&#8221;container mx-auto align-items-center circle&#8211;pattern&#8221; css=&#8221;.vc_custom_1648956589196{padding-top: 3rem !important;}&#8221;][vc_row el_class=&#8221;pb-5&#8243;][vc_column]<div class=\"breadcrumb\"><ol itemscope itemtype=\"https:\/\/schema.org\/BreadcrumbList\"><li itemprop=\"itemListElement\" itemscope itemtype=\"https:\/\/schema.org\/ListItem\"><a itemprop=\"item\" href=\"http:\/\/www.uoh.cl\"><span itemprop=\"name\">Inicio<\/span><\/a><meta itemprop=\"position\" content=\"1\" \/><li itemprop=\"itemListElement\" itemscope itemtype=\"https:\/\/schema.org\/ListItem\"><a itemprop=\"item\" href=\"https:\/\/www.uoh.cl\/extension\"><span itemprop=\"name\">Direcci\u00f3n de Cultura Patrimonio y Extensi\u00f3n UOH<\/span><\/a><meta itemprop=\"position\" content=\"2\" \/><li itemprop=\"itemListElement\" itemscope itemtype=\"https:\/\/schema.org\/ListItem\"><span itemprop=\"name\">Colecci\u00f3n Memorias Compartidas de O\u2019Higgins: Carlos Rivas Pontigo <\/span><meta itemprop=\"position\" content=\"3\" \/><\/ol><\/div>[vc_wp_custommenu nav_menu=&#8221;3&#8243;]<div class=\"uoh_title_component-container\"><h1 class=\"title title--ms d-inline-block title--decorator  big\">Colecci\u00f3n Memorias Compartidas de O\u2019Higgins: Carlos Rivas Pontigo<\/h1><\/div>[vc_row_inner][vc_column_inner width=&#8221;1\/3&#8243;]<div class=\"uoh_link_component pe-4 center py-1 button_icon center\"><i class=\"me-2 fas fa-camera\" style=\"color: #000000\"><\/i><span>Fotograf\u00eda Blanco y Negro<\/span><\/div>[\/vc_column_inner][vc_column_inner width=&#8221;1\/3&#8243;]<div class=\"uoh_link_component pe-4 center py-1 button_icon center\"><i class=\"me-2 fas fa-paperclip\" style=\"color: #000000\"><\/i><span>Donaci\u00f3n, colecci\u00f3n familiar<\/span><\/div>[\/vc_column_inner][vc_column_inner width=&#8221;1\/3&#8243;]<div class=\"uoh_link_component pe-4 center py-1 button_icon center\"><i class=\"me-2 fas fa-map-marker-alt\" style=\"color: #000000\"><\/i><span>Rancagua<\/span><\/div>[\/vc_column_inner][\/vc_row_inner][vc_zigzag color=&#8221;white&#8221;][vc_single_image image=&#8221;2130&#8243; img_size=&#8221;full&#8221; alignment=&#8221;center&#8221;][vc_zigzag color=&#8221;white&#8221;][vc_row_inner css=&#8221;.vc_custom_1702925445151{background-color: #f9f9f9 !important;}&#8221;][vc_column_inner width=&#8221;1\/2&#8243;]<div class=\"uoh_title_component-container\"><h1 class=\"title title--ms d-inline-block big\">Contexto<\/h1><\/div>[vc_column_text]<span style=\"font-weight: 400\">La fotograf\u00eda muestra a mi madre Delia Pontigo Navarrete,\u00a0 enfermera del Hospital Regional recibiendo un reconocimiento por sus 10 a\u00f1os de servicio, celebraci\u00f3n realizada en la quinta de recreo La Carmelita, en la Poblaci\u00f3n 25 de Febrero. Para esa ocasi\u00f3n y en agradecimiento el due\u00f1o facilit\u00f3 el lugar para realizar la actividad, debido a que mi madre ayud\u00f3 a salvar su vida con una transfusi\u00f3n de sangre.\u00a0\u00a0<\/span><\/p>\n<p><span style=\"font-weight: 400\">Fuente: <\/span><span style=\"font-weight: 400\">Carlos Rivas <\/span><span style=\"font-weight: 400\">Pontigo<\/span><span style=\"font-weight: 400\">, ex funcionario de la Universidad de O\u2019Higgins.\u00a0<\/span>[\/vc_column_text][\/vc_column_inner][vc_column_inner width=&#8221;1\/2&#8243;][vc_zigzag color=&#8221;custom&#8221; custom_color=&#8221;#f9f9f9&#8243;][vc_column_text]<strong>Dimensiones: <span style=\"font-weight: 400\">11 x 18 cm. <\/span><\/strong><\/p>\n<p><strong>T\u00e9cnica:<\/strong> <span style=\"font-weight: 400\">Positivo gelatina sobre papel. <\/span><\/p>\n<p><strong>Soporte:<\/strong> Papel.<\/p>\n<p><strong>Color:<\/strong> Monocromo.[\/vc_column_text][\/vc_column_inner][\/vc_row_inner][\/vc_column][\/vc_row][vc_row][vc_column width=&#8221;1\/2&#8243;]<div class=\"uoh_title_component-container\"><h2 class=\"title title--ms d-inline-block medium\">Informaci\u00f3n<\/h2><\/div>[vc_zigzag color=&#8221;white&#8221;][vc_column_text]<\/p>\n<ul>\n<li style=\"font-weight: 400\"><span style=\"font-weight: 400\">Autor\/propietario: Carlos Rivas Pontigo.<\/span><\/li>\n<li style=\"font-weight: 400\"><span style=\"font-weight: 400\">Colecci\u00f3n: Colecci\u00f3n Memorias Compartidas de O\u2019Higgins.\u00a0<\/span><\/li>\n<li style=\"font-weight: 400\"><span style=\"font-weight: 400\">Localidad:\u00a0Rancagua.<\/span><\/li>\n<li style=\"font-weight: 400\"><span style=\"font-weight: 400\">Fecha:\u00a0Sin registro.<\/span><\/li>\n<li style=\"font-weight: 400\"><span style=\"font-weight: 400\">Tipo de adquisici\u00f3n: Pr\u00e9stamo.\u00a0<\/span><\/li>\n<li style=\"font-weight: 400\"><span style=\"font-weight: 400\">Fecha de ingreso a la colecci\u00f3n: Mayo de 2023.\u00a0<\/span><\/li>\n<li style=\"font-weight: 400\"><span style=\"font-weight: 400\">Palabras clave: Hospital Regional, O\u2019Higgins, Rancagua, retrato.\u00a0<\/span><\/li>\n<li style=\"font-weight: 400\"><span style=\"font-weight: 400\">Soporte: Digital.<\/span><\/li>\n<li style=\"font-weight: 400\">Condiciones de acceso: Reproducci\u00f3n mediante solicitud al Archivo.<\/li>\n<\/ul>\n<p>[\/vc_column_text][vc_zigzag color=&#8221;white&#8221;][\/vc_column][vc_column width=&#8221;1\/2&#8243;][\/vc_column][\/vc_row][\/vc_section][vc_section el_class=&#8221;p-md-0 pt-md-5&#8243;][vc_row el_class=&#8221;container mx-auto align-items-center p-md-0 pt-5&#8243;][vc_column el_class=&#8221;p-0&#8243;][vc_column_text]La <strong>colecci\u00f3n Memorias Compartidas de O\u2019Higgins<\/strong> del Archivo Fotogr\u00e1fico y Documental de la Universidad de O\u2019Higgins es una recopilaci\u00f3n de material fotogr\u00e1fico proveniente de pr\u00e9stamos y donaciones realizadas por la comunidad regional. Esta colecci\u00f3n tiene como objetivo preservar y difundir el patrimonio fotogr\u00e1fico de la Regi\u00f3n de O\u2019Higgins, destacando la historia, la cultura y la identidad visual de la zona.<br \/>\nLa importancia de esta colecci\u00f3n radica en su car\u00e1cter participativo y colaborativo. Al involucrar a la comunidad en la donaci\u00f3n de sus fotograf\u00edas, se logra reunir una variedad de im\u00e1genes que abarcan diversos aspectos de la vida cotidiana, costumbres, festividades, paisajes y personajes de la regi\u00f3n. Cada imagen aporta un relato \u00fanico y valioso que enriquece nuestra comprensi\u00f3n del pasado y presente de O\u2019Higgins.[\/vc_column_text][\/vc_column][\/vc_row][\/vc_section][vc_section el_class=&#8221;p-md-0 pt-md-5 pb-md-5&#8243;][vc_row el_class=&#8221;container mx-auto align-items-center&#8221;][vc_column width=&#8221;1\/3&#8243;][\/vc_column][vc_column width=&#8221;1\/3&#8243;]<div class=\"uoh_title_component-container\"><h2 class=\"title title--ms d-inline-block medium\">Compartir esta p\u00e1gina<\/h2><\/div>[\/vc_column][vc_column width=&#8221;1\/3&#8243;][\/vc_column][\/vc_row][vc_row][vc_column width=&#8221;1\/6&#8243;][\/vc_column][vc_column width=&#8221;1\/6&#8243;][\/vc_column][vc_column width=&#8221;1\/6&#8243;]<div class=\"uoh_link_component pe-4 right py-1 button_icon right\"><i class=\"me-2 fab fa-facebook-f\" style=\"color: #000000\"><\/i><a href=\"https:\/\/www.facebook.com\/extension.uoh.3\/\"\n                                    class=\"link link--bold component__btn-content\"\n                                    title\"\"\n                                    target=\"_blank\"\n                                    rel=\"\">Facebook<span class=\"icon icon--inline icon--link\"><svg version=\"1.1\" xmlns=\"http:\/\/www.w3.org\/2000\/svg\" xmlns:xlink=\"http:\/\/www.w3.org\/1999\/xlink\" x=\"0px\" y=\"0px\" width=\"22px\"height=\"22px\" viewBox=\"0 0 22 22\" style=\"overflow:visible;enable-background:new 0 0 80 64.6;\" xml:space=\"preserve\"><g clip-path=\"url(#acA)\"><path fill-rule=\"evenodd\" d=\"M21.913 11.266a.93.93 0 000-.711c-.022-.056-.063-.097-.091-.144s-.053-.103-.097-.15L12.306.294c-.357-.379-.955-.394-1.334-.038s-.394.955-.038 1.334l7.917 8.374H.927a.95.95 0 00-.908.983.946.946 0 00.908.908h17.924l-8.089 8.552c-.357.379-.341.977.034 1.334s.977.341 1.334-.034l9.594-10.148c.044-.044.063-.1.097-.15.028-.047.069-.088.091-.141z\"\/><\/g><defs><clipPath id=\"acA\"><path fill=\"#fff\" d=\"M0 0h22v22H0z\"\/><\/clipPath><\/defs><\/svg><\/span><\/a><\/div>[\/vc_column][vc_column width=&#8221;1\/6&#8243;]<div class=\"uoh_link_component pe-4 left py-1 button_icon left\"><i class=\"me-2 fab fa-instagram\" style=\"color: #000000\"><\/i><a href=\"https:\/\/www.instagram.com\/dcpe_uoh\/\"\n                                    class=\"link link--bold component__btn-content\"\n                                    title\"\"\n                                    target=\"_blank\"\n                                    rel=\"\">Instagram<span class=\"icon icon--inline icon--link\"><svg version=\"1.1\" xmlns=\"http:\/\/www.w3.org\/2000\/svg\" xmlns:xlink=\"http:\/\/www.w3.org\/1999\/xlink\" x=\"0px\" y=\"0px\" width=\"22px\"height=\"22px\" viewBox=\"0 0 22 22\" style=\"overflow:visible;enable-background:new 0 0 80 64.6;\" xml:space=\"preserve\"><g clip-path=\"url(#acA)\"><path fill-rule=\"evenodd\" d=\"M21.913 11.266a.93.93 0 000-.711c-.022-.056-.063-.097-.091-.144s-.053-.103-.097-.15L12.306.294c-.357-.379-.955-.394-1.334-.038s-.394.955-.038 1.334l7.917 8.374H.927a.95.95 0 00-.908.983.946.946 0 00.908.908h17.924l-8.089 8.552c-.357.379-.341.977.034 1.334s.977.341 1.334-.034l9.594-10.148c.044-.044.063-.1.097-.15.028-.047.069-.088.091-.141z\"\/><\/g><defs><clipPath id=\"acA\"><path fill=\"#fff\" d=\"M0 0h22v22H0z\"\/><\/clipPath><\/defs><\/svg><\/span><\/a><\/div>[\/vc_column][vc_column width=&#8221;1\/6&#8243;][\/vc_column][vc_column width=&#8221;1\/6&#8243;][\/vc_column][\/vc_row][\/vc_section]<\/p>\n<\/div>","protected":false},"excerpt":{"rendered":"<p>[vc_section el_class=&#8221;container mx-auto align-items-center circle&#8211;pattern&#8221; css=&#8221;.vc_custom_1648956589196{padding-top: 3rem !important;}&#8221;][vc_row el_class=&#8221;pb-5&#8243;][vc_column][vc_wp_custommenu nav_menu=&#8221;3&#8243;][vc_row_inner][vc_column_inner width=&#8221;1\/3&#8243;][\/vc_column_inner][vc_column_inner width=&#8221;1\/3&#8243;][\/vc_column_inner][vc_column_inner width=&#8221;1\/3&#8243;][\/vc_column_inner][\/vc_row_inner][vc_zigzag color=&#8221;white&#8221;][vc_single_image image=&#8221;2130&#8243; img_size=&#8221;full&#8221; alignment=&#8221;center&#8221;][vc_zigzag color=&#8221;white&#8221;][vc_row_inner css=&#8221;.vc_custom_1702925445151{background-color: #f9f9f9 !important;}&#8221;][vc_column_inner width=&#8221;1\/2&#8243;][vc_column_text]La fotograf\u00eda muestra a mi madre Delia Pontigo Navarrete,\u00a0 enfermera del Hospital Regional recibiendo un reconocimiento por sus 10 a\u00f1os de servicio, celebraci\u00f3n realizada en la quinta de recreo La Carmelita, en la Poblaci\u00f3n [&hellip;]<\/p>\n","protected":false},"author":23,"featured_media":0,"parent":0,"menu_order":0,"comment_status":"closed","ping_status":"closed","template":"","meta":{"_acf_changed":false,"footnotes":""},"class_list":["post-2129","page","type-page","status-publish","hentry"],"acf":[],"yoast_head":"<!-- This site is optimized with the Yoast SEO plugin v26.6 - https:\/\/yoast.com\/wordpress\/plugins\/seo\/ -->\n<title>Colecci\u00f3n Memorias Compartidas de O\u2019Higgins: Carlos Rivas Pontigo - Direcci\u00f3n de Cultura Patrimonio y Extensi\u00f3n UOH<\/title>\n<meta name=\"robots\" content=\"index, follow, max-snippet:-1, max-image-preview:large, max-video-preview:-1\" \/>\n<link rel=\"canonical\" href=\"https:\/\/www.uoh.cl\/extension\/coleccion-memorias-compartidas-de-ohiggins-carlos-rivas-pontigo-3\" \/>\n<meta property=\"og:locale\" content=\"es_ES\" \/>\n<meta property=\"og:type\" content=\"article\" \/>\n<meta property=\"og:title\" content=\"Colecci\u00f3n Memorias Compartidas de O\u2019Higgins: Carlos Rivas Pontigo - Direcci\u00f3n de Cultura Patrimonio y Extensi\u00f3n UOH\" \/>\n<meta property=\"og:description\" content=\"[vc_section el_class=&#8221;container mx-auto align-items-center circle&#8211;pattern&#8221; css=&#8221;.vc_custom_1648956589196{padding-top: 3rem !important;}&#8221;][vc_row el_class=&#8221;pb-5&#8243;][vc_column][vc_wp_custommenu nav_menu=&#8221;3&#8243;][vc_row_inner][vc_column_inner width=&#8221;1\/3&#8243;][\/vc_column_inner][vc_column_inner width=&#8221;1\/3&#8243;][\/vc_column_inner][vc_column_inner width=&#8221;1\/3&#8243;][\/vc_column_inner][\/vc_row_inner][vc_zigzag color=&#8221;white&#8221;][vc_single_image image=&#8221;2130&#8243; img_size=&#8221;full&#8221; alignment=&#8221;center&#8221;][vc_zigzag color=&#8221;white&#8221;][vc_row_inner css=&#8221;.vc_custom_1702925445151{background-color: #f9f9f9 !important;}&#8221;][vc_column_inner width=&#8221;1\/2&#8243;][vc_column_text]La fotograf\u00eda muestra a mi madre Delia Pontigo Navarrete,\u00a0 enfermera del Hospital Regional recibiendo un reconocimiento por sus 10 a\u00f1os de servicio, celebraci\u00f3n realizada en la quinta de recreo La Carmelita, en la Poblaci\u00f3n [&hellip;]\" \/>\n<meta property=\"og:url\" content=\"https:\/\/www.uoh.cl\/extension\/coleccion-memorias-compartidas-de-ohiggins-carlos-rivas-pontigo-3\" \/>\n<meta property=\"og:site_name\" content=\"Direcci\u00f3n de Cultura Patrimonio y Extensi\u00f3n UOH\" \/>\n<meta name=\"twitter:card\" content=\"summary_large_image\" \/>\n<meta name=\"twitter:label1\" content=\"Tiempo estimado de lectura\" \/>\n\t<meta name=\"twitter:data1\" content=\"2 minutos\" \/>\n<script type=\"application\/ld+json\" class=\"yoast-schema-graph\">{\"@context\":\"https:\/\/schema.org\",\"@graph\":[{\"@type\":\"WebPage\",\"@id\":\"https:\/\/www.uoh.cl\/extension\/coleccion-memorias-compartidas-de-ohiggins-carlos-rivas-pontigo-3\",\"url\":\"https:\/\/www.uoh.cl\/extension\/coleccion-memorias-compartidas-de-ohiggins-carlos-rivas-pontigo-3\",\"name\":\"Colecci\u00f3n Memorias Compartidas de O\u2019Higgins: Carlos Rivas Pontigo - Direcci\u00f3n de Cultura Patrimonio y Extensi\u00f3n UOH\",\"isPartOf\":{\"@id\":\"https:\/\/www.uoh.cl\/extension\/#website\"},\"datePublished\":\"2023-12-18T19:28:57+00:00\",\"inLanguage\":\"es-CL\",\"potentialAction\":[{\"@type\":\"ReadAction\",\"target\":[\"https:\/\/www.uoh.cl\/extension\/coleccion-memorias-compartidas-de-ohiggins-carlos-rivas-pontigo-3\"]}]},{\"@type\":\"WebSite\",\"@id\":\"https:\/\/www.uoh.cl\/extension\/#website\",\"url\":\"https:\/\/www.uoh.cl\/extension\/\",\"name\":\"Direcci\u00f3n de Cultura Patrimonio y Extensi\u00f3n UOH\",\"description\":\"Otro sitio de Sitios de Universidad O&#039;higgins\",\"potentialAction\":[{\"@type\":\"SearchAction\",\"target\":{\"@type\":\"EntryPoint\",\"urlTemplate\":\"https:\/\/www.uoh.cl\/extension\/?s={search_term_string}\"},\"query-input\":{\"@type\":\"PropertyValueSpecification\",\"valueRequired\":true,\"valueName\":\"search_term_string\"}}],\"inLanguage\":\"es-CL\"}]}<\/script>\n<!-- \/ Yoast SEO plugin. -->","yoast_head_json":{"title":"Colecci\u00f3n Memorias Compartidas de O\u2019Higgins: Carlos Rivas Pontigo - Direcci\u00f3n de Cultura Patrimonio y Extensi\u00f3n UOH","robots":{"index":"index","follow":"follow","max-snippet":"max-snippet:-1","max-image-preview":"max-image-preview:large","max-video-preview":"max-video-preview:-1"},"canonical":"https:\/\/www.uoh.cl\/extension\/coleccion-memorias-compartidas-de-ohiggins-carlos-rivas-pontigo-3","og_locale":"es_ES","og_type":"article","og_title":"Colecci\u00f3n Memorias Compartidas de O\u2019Higgins: Carlos Rivas Pontigo - Direcci\u00f3n de Cultura Patrimonio y Extensi\u00f3n UOH","og_description":"[vc_section el_class=&#8221;container mx-auto align-items-center circle&#8211;pattern&#8221; css=&#8221;.vc_custom_1648956589196{padding-top: 3rem !important;}&#8221;][vc_row el_class=&#8221;pb-5&#8243;][vc_column][vc_wp_custommenu nav_menu=&#8221;3&#8243;][vc_row_inner][vc_column_inner width=&#8221;1\/3&#8243;][\/vc_column_inner][vc_column_inner width=&#8221;1\/3&#8243;][\/vc_column_inner][vc_column_inner width=&#8221;1\/3&#8243;][\/vc_column_inner][\/vc_row_inner][vc_zigzag color=&#8221;white&#8221;][vc_single_image image=&#8221;2130&#8243; img_size=&#8221;full&#8221; alignment=&#8221;center&#8221;][vc_zigzag color=&#8221;white&#8221;][vc_row_inner css=&#8221;.vc_custom_1702925445151{background-color: #f9f9f9 !important;}&#8221;][vc_column_inner width=&#8221;1\/2&#8243;][vc_column_text]La fotograf\u00eda muestra a mi madre Delia Pontigo Navarrete,\u00a0 enfermera del Hospital Regional recibiendo un reconocimiento por sus 10 a\u00f1os de servicio, celebraci\u00f3n realizada en la quinta de recreo La Carmelita, en la Poblaci\u00f3n [&hellip;]","og_url":"https:\/\/www.uoh.cl\/extension\/coleccion-memorias-compartidas-de-ohiggins-carlos-rivas-pontigo-3","og_site_name":"Direcci\u00f3n de Cultura Patrimonio y Extensi\u00f3n UOH","twitter_card":"summary_large_image","twitter_misc":{"Tiempo estimado de lectura":"2 minutos"},"schema":{"@context":"https:\/\/schema.org","@graph":[{"@type":"WebPage","@id":"https:\/\/www.uoh.cl\/extension\/coleccion-memorias-compartidas-de-ohiggins-carlos-rivas-pontigo-3","url":"https:\/\/www.uoh.cl\/extension\/coleccion-memorias-compartidas-de-ohiggins-carlos-rivas-pontigo-3","name":"Colecci\u00f3n Memorias Compartidas de O\u2019Higgins: Carlos Rivas Pontigo - Direcci\u00f3n de Cultura Patrimonio y Extensi\u00f3n UOH","isPartOf":{"@id":"https:\/\/www.uoh.cl\/extension\/#website"},"datePublished":"2023-12-18T19:28:57+00:00","inLanguage":"es-CL","potentialAction":[{"@type":"ReadAction","target":["https:\/\/www.uoh.cl\/extension\/coleccion-memorias-compartidas-de-ohiggins-carlos-rivas-pontigo-3"]}]},{"@type":"WebSite","@id":"https:\/\/www.uoh.cl\/extension\/#website","url":"https:\/\/www.uoh.cl\/extension\/","name":"Direcci\u00f3n de Cultura Patrimonio y Extensi\u00f3n UOH","description":"Otro sitio de Sitios de Universidad O&#039;higgins","potentialAction":[{"@type":"SearchAction","target":{"@type":"EntryPoint","urlTemplate":"https:\/\/www.uoh.cl\/extension\/?s={search_term_string}"},"query-input":{"@type":"PropertyValueSpecification","valueRequired":true,"valueName":"search_term_string"}}],"inLanguage":"es-CL"}]}},"_links":{"self":[{"href":"https:\/\/www.uoh.cl\/extension\/wp-json\/wp\/v2\/pages\/2129","targetHints":{"allow":["GET"]}}],"collection":[{"href":"https:\/\/www.uoh.cl\/extension\/wp-json\/wp\/v2\/pages"}],"about":[{"href":"https:\/\/www.uoh.cl\/extension\/wp-json\/wp\/v2\/types\/page"}],"author":[{"embeddable":true,"href":"https:\/\/www.uoh.cl\/extension\/wp-json\/wp\/v2\/users\/23"}],"replies":[{"embeddable":true,"href":"https:\/\/www.uoh.cl\/extension\/wp-json\/wp\/v2\/comments?post=2129"}],"version-history":[{"count":1,"href":"https:\/\/www.uoh.cl\/extension\/wp-json\/wp\/v2\/pages\/2129\/revisions"}],"predecessor-version":[{"id":2131,"href":"https:\/\/www.uoh.cl\/extension\/wp-json\/wp\/v2\/pages\/2129\/revisions\/2131"}],"wp:attachment":[{"href":"https:\/\/www.uoh.cl\/extension\/wp-json\/wp\/v2\/media?parent=2129"}],"curies":[{"name":"wp","href":"https:\/\/api.w.org\/{rel}","templated":true}]}}