
{"id":1940,"date":"2023-11-19T00:55:41","date_gmt":"2023-11-19T03:55:41","guid":{"rendered":"https:\/\/www.uoh.cl\/extension\/?page_id=1940"},"modified":"2023-11-19T00:55:41","modified_gmt":"2023-11-19T03:55:41","slug":"mural-la-naturaleza-y-el-ser-humano-de-mono-gonzalez","status":"publish","type":"page","link":"https:\/\/www.uoh.cl\/extension\/mural-la-naturaleza-y-el-ser-humano-de-mono-gonzalez","title":{"rendered":"Mural \u201cLa naturaleza y el ser humano\u201d de Mono Gonz\u00e1lez"},"content":{"rendered":"<div class=\"wpb-content-wrapper\"><p>[vc_row][vc_column]<div class=\"uoh_slider_featured_component component__featured-slide row mx-auto col-12 m-0 align-items-center position-relative lazyload\" style=\" background:inherit\" data-bg=\"url(https:\/\/www.uoh.cl\/extension\/wp-content\/uploads\/sites\/14\/2023\/11\/20230604_155604-scaled.jpg)\"><div class=\"caption--degrade\"><svg  xmlns=\"http:\/\/www.w3.org\/2000\/svg\" xmlns:xlink=\"http:\/\/www.w3.org\/1999\/xlink\" width=\"1061px\" height=\"539px\"><defs><linearGradient id=\"PSgrad_0\" x1=\"0%\" x2=\"64.279%\" y1=\"76.604%\" y2=\"0%\"><stop offset=\"0%\" stop-color=\"rgb(66,160,248)\" stop-opacity=\"1\" \/><stop offset=\"100%\" stop-color=\"rgb(66,160,248)\" stop-opacity=\"0\" \/><\/linearGradient><\/defs><path fill-rule=\"evenodd\"  fill=\"none\" d=\"M311.000,515.000 C311.000,515.000 211.039,468.555 132.000,357.000 C21.864,201.555 -4.306,4.695 1.000,0.000 L196.000,0.000 L811.000,0.000 L1061.000,0.000 C1061.000,0.000 851.535,430.030 546.000,521.000 C402.674,563.674 311.000,515.000 311.000,515.000 Z\"\/> <path fill=\"url(#PSgrad_0)\"d=\"M311.000,515.000 C311.000,515.000 211.039,468.555 132.000,357.000 C21.864,201.555 -4.306,4.695 1.000,0.000 L196.000,0.000 L811.000,0.000 L1061.000,0.000 C1061.000,0.000 851.535,430.030 546.000,521.000 C402.674,563.674 311.000,515.000 311.000,515.000 Z\"\/><\/svg><\/div><div class=\"caption--quote\"><svg xmlns=\"http:\/\/www.w3.org\/2000\/svg\" xmlns:xlink=\"http:\/\/www.w3.org\/1999\/xlink\"width=\"226px\" height=\"273px\"><defs><linearGradient id=\"PSgrad_0\" x1=\"71.934%\" x2=\"0%\" y1=\"69.466%\" y2=\"0%\"><stop offset=\"0%\" stop-color=\"rgb(66,160,248)\" stop-opacity=\"0.49\" \/><stop offset=\"100%\" stop-color=\"rgb(66,160,248)\" stop-opacity=\"0\" \/><\/linearGradient><\/defs><path fill-rule=\"evenodd\"  fill=\"none\" d=\"M-0.000,273.000 L174.000,273.000 C174.000,273.000 226.000,266.268 226.000,221.000 C226.000,175.732 226.000,-0.000 226.000,-0.000 C226.000,-0.000 24.577,71.878 -0.000,273.000 Z\"\/><path fill=\"url(#PSgrad_0)\"d=\"M-0.000,273.000 L174.000,273.000 C174.000,273.000 226.000,266.268 226.000,221.000 C226.000,175.732 226.000,-0.000 226.000,-0.000 C226.000,-0.000 24.577,71.878 -0.000,273.000 Z\"\/><\/svg><\/div><div class=\"my-uoh_slider_featured_component container mx-auto p-md-0\" ><div class=\"content component__featured-slide-content container row mx-auto aling-items-center p-0\"><h1 class=\"p-0 featured-slide title\"  style=\"\"><em>Mural \u201cLa naturaleza y el ser humano\u201d <\/em>de Mono Gonz\u00e1lez<\/h1><\/div><span><\/span><\/div><\/div>[\/vc_column][\/vc_row][vc_section el_class=&#8221;container mx-auto align-items-center circle&#8211;pattern&#8221; css=&#8221;.vc_custom_1648956589196{padding-top: 3rem !important;}&#8221;][vc_row el_class=&#8221;pb-5&#8243;][vc_column][vc_wp_custommenu nav_menu=&#8221;3&#8243;]<div class=\"breadcrumb\"><ol itemscope itemtype=\"https:\/\/schema.org\/BreadcrumbList\"><li itemprop=\"itemListElement\" itemscope itemtype=\"https:\/\/schema.org\/ListItem\"><a itemprop=\"item\" href=\"http:\/\/www.uoh.cl\"><span itemprop=\"name\">Inicio<\/span><\/a><meta itemprop=\"position\" content=\"1\" \/><li itemprop=\"itemListElement\" itemscope itemtype=\"https:\/\/schema.org\/ListItem\"><a itemprop=\"item\" href=\"https:\/\/www.uoh.cl\/extension\"><span itemprop=\"name\">Direcci\u00f3n de Cultura Patrimonio y Extensi\u00f3n UOH<\/span><\/a><meta itemprop=\"position\" content=\"2\" \/><li itemprop=\"itemListElement\" itemscope itemtype=\"https:\/\/schema.org\/ListItem\"><span itemprop=\"name\">Mural \u201cLa naturaleza y el ser humano\u201d de Mono Gonz\u00e1lez <\/span><meta itemprop=\"position\" content=\"3\" \/><\/ol><\/div>[vc_column_text]<span style=\"font-weight: 400\">El reconocido artista nacional Mono Gonz\u00e1lez ha culminado la creaci\u00f3n de su primer mural en el Campus Rancagua de la Universidad de O\u2019Higgins, luego de casi 10 d\u00edas de intenso trabajo. El mural, que evoca la relaci\u00f3n entre la naturaleza y el ser humano, tiene aproximadamente 24&#215;3 metros y ha sido encargado por la propia universidad para embellecer y dar vida a un nuevo espacio de encuentro dirigido a la comunidad universitaria.<\/span><\/p>\n<p><span style=\"font-weight: 400\">Mono Gonz\u00e1lez posee una destacada trayectoria en el \u00e1mbito del arte urbano y las intervenciones visuales. Nacido en Curic\u00f3, ha dejado su huella en numerosas ciudades del pa\u00eds, as\u00ed como en escenarios internacionales.<\/span><\/p>\n<p><span style=\"font-weight: 400\">Su obra se caracteriza por su estilo distintivo y su capacidad para transmitir mensajes impactantes a trav\u00e9s de im\u00e1genes cargadas de simbolismo. Con una sensibilidad \u00fanica, Mono Gonz\u00e1lez aborda tem\u00e1ticas sociales, culturales y ambientales, buscando generar una reflexi\u00f3n profunda en el espectador.<\/span><\/p>\n<p><span style=\"font-weight: 400\">A lo largo de su carrera, ha desarrollado una t\u00e9cnica depurada y una gran versatilidad art\u00edstica, explorando diversos medios y formatos. Sus trabajos han abarcado desde murales de gran escala en espacios p\u00fablicos hasta piezas en galer\u00edas y exposiciones individuales.<\/span><\/p>\n<p><span style=\"font-weight: 400\">Con el mural en la Universidad de O\u2019Higgins, Mono Gonz\u00e1lez contin\u00faa su legado art\u00edstico, dejando una obra que invita a la reflexi\u00f3n y que se convierte en un punto de encuentro para la comunidad universitaria. Su compromiso con la educaci\u00f3n y su deseo de devolver algo a la sociedad a trav\u00e9s de su arte lo convierten en un referente importante en el panorama art\u00edstico contempor\u00e1neo. Este proyecto se desarroll\u00f3 dentro del Programa <\/span><span style=\"font-weight: 400\">Colecci\u00f3n de Artes Visuales de la Direcci\u00f3n de Cultura, Patrimonio y Extensi\u00f3n.<\/span>[\/vc_column_text][vc_zigzag color=&#8221;white&#8221;]<div class=\"uoh_link_component pe-4 d-inline-block py-1 button_icon inline\"><i class=\"me-2 fas fa-paperclip\" style=\"color: #42a0f8\"><\/i><a href=\"https:\/\/www.uoh.cl\/nuevo-mural-alejandro-mono-gonzalez-dejo-su-legado-para-la-universidad-de-ohiggins\/\"\n                                    class=\"link link--bold component__btn-content\"\n                                    title\"\"\n                                    target=\"_blank\"\n                                    rel=\"\">Puedes revisar m\u00e1s aqu\u00ed<span class=\"icon icon--inline icon--link\"><svg version=\"1.1\" xmlns=\"http:\/\/www.w3.org\/2000\/svg\" xmlns:xlink=\"http:\/\/www.w3.org\/1999\/xlink\" x=\"0px\" y=\"0px\" width=\"22px\"height=\"22px\" viewBox=\"0 0 22 22\" style=\"overflow:visible;enable-background:new 0 0 80 64.6;\" xml:space=\"preserve\"><g clip-path=\"url(#acA)\"><path fill-rule=\"evenodd\" d=\"M21.913 11.266a.93.93 0 000-.711c-.022-.056-.063-.097-.091-.144s-.053-.103-.097-.15L12.306.294c-.357-.379-.955-.394-1.334-.038s-.394.955-.038 1.334l7.917 8.374H.927a.95.95 0 00-.908.983.946.946 0 00.908.908h17.924l-8.089 8.552c-.357.379-.341.977.034 1.334s.977.341 1.334-.034l9.594-10.148c.044-.044.063-.1.097-.15.028-.047.069-.088.091-.141z\"\/><\/g><defs><clipPath id=\"acA\"><path fill=\"#fff\" d=\"M0 0h22v22H0z\"\/><\/clipPath><\/defs><\/svg><\/span><\/a><\/div>[vc_zigzag color=&#8221;white&#8221;][vc_row_inner][vc_column_inner width=&#8221;1\/3&#8243;][vc_single_image image=&#8221;1943&#8243; img_size=&#8221;450&#215;600&#8243; onclick=&#8221;img_link_large&#8221;][\/vc_column_inner][vc_column_inner width=&#8221;1\/3&#8243;][vc_single_image image=&#8221;1944&#8243; img_size=&#8221;450&#215;600&#8243; onclick=&#8221;img_link_large&#8221;][\/vc_column_inner][vc_column_inner width=&#8221;1\/3&#8243;][vc_single_image image=&#8221;1945&#8243; img_size=&#8221;450&#215;600&#8243; onclick=&#8221;img_link_large&#8221;][\/vc_column_inner][\/vc_row_inner][\/vc_column][\/vc_row][\/vc_section][vc_section css=&#8221;.vc_custom_1649209804184{background-color: #f6faff !important;}&#8221; el_class=&#8221;p-md-0 pt-md-5&#8243;][vc_row el_class=&#8221;container mx-auto align-items-center p-md-0 pt-5&#8243;][vc_column el_class=&#8221;p-0&#8243;][\/vc_column][\/vc_row][\/vc_section][vc_section css=&#8221;.vc_custom_1649210787516{background-color: #f6faff !important;}&#8221; el_class=&#8221;p-md-0 pt-md-5 pb-md-5&#8243;][vc_row el_class=&#8221;container mx-auto align-items-center&#8221;][vc_column][\/vc_column][\/vc_row][\/vc_section]<\/p>\n<\/div>","protected":false},"excerpt":{"rendered":"<p>[vc_row][vc_column][\/vc_column][\/vc_row][vc_section el_class=&#8221;container mx-auto align-items-center circle&#8211;pattern&#8221; css=&#8221;.vc_custom_1648956589196{padding-top: 3rem !important;}&#8221;][vc_row el_class=&#8221;pb-5&#8243;][vc_column][vc_wp_custommenu nav_menu=&#8221;3&#8243;][vc_column_text]El reconocido artista nacional Mono Gonz\u00e1lez ha culminado la creaci\u00f3n de su primer mural en el Campus Rancagua de la Universidad de O\u2019Higgins, luego de casi 10 d\u00edas de intenso trabajo. El mural, que evoca la relaci\u00f3n entre la naturaleza y el ser humano, tiene aproximadamente [&hellip;]<\/p>\n","protected":false},"author":23,"featured_media":0,"parent":0,"menu_order":0,"comment_status":"closed","ping_status":"closed","template":"","meta":{"_acf_changed":false,"footnotes":""},"class_list":["post-1940","page","type-page","status-publish","hentry"],"acf":[],"yoast_head":"<!-- This site is optimized with the Yoast SEO plugin v26.6 - https:\/\/yoast.com\/wordpress\/plugins\/seo\/ -->\n<title>Mural \u201cLa naturaleza y el ser humano\u201d de Mono Gonz\u00e1lez - Direcci\u00f3n de Cultura Patrimonio y Extensi\u00f3n UOH<\/title>\n<meta name=\"robots\" content=\"index, follow, max-snippet:-1, max-image-preview:large, max-video-preview:-1\" \/>\n<link rel=\"canonical\" href=\"https:\/\/www.uoh.cl\/extension\/mural-la-naturaleza-y-el-ser-humano-de-mono-gonzalez\" \/>\n<meta property=\"og:locale\" content=\"es_ES\" \/>\n<meta property=\"og:type\" content=\"article\" \/>\n<meta property=\"og:title\" content=\"Mural \u201cLa naturaleza y el ser humano\u201d de Mono Gonz\u00e1lez - Direcci\u00f3n de Cultura Patrimonio y Extensi\u00f3n UOH\" \/>\n<meta property=\"og:description\" content=\"[vc_row][vc_column][\/vc_column][\/vc_row][vc_section el_class=&#8221;container mx-auto align-items-center circle&#8211;pattern&#8221; css=&#8221;.vc_custom_1648956589196{padding-top: 3rem !important;}&#8221;][vc_row el_class=&#8221;pb-5&#8243;][vc_column][vc_wp_custommenu nav_menu=&#8221;3&#8243;][vc_column_text]El reconocido artista nacional Mono Gonz\u00e1lez ha culminado la creaci\u00f3n de su primer mural en el Campus Rancagua de la Universidad de O\u2019Higgins, luego de casi 10 d\u00edas de intenso trabajo. El mural, que evoca la relaci\u00f3n entre la naturaleza y el ser humano, tiene aproximadamente [&hellip;]\" \/>\n<meta property=\"og:url\" content=\"https:\/\/www.uoh.cl\/extension\/mural-la-naturaleza-y-el-ser-humano-de-mono-gonzalez\" \/>\n<meta property=\"og:site_name\" content=\"Direcci\u00f3n de Cultura Patrimonio y Extensi\u00f3n UOH\" \/>\n<meta name=\"twitter:card\" content=\"summary_large_image\" \/>\n<meta name=\"twitter:label1\" content=\"Tiempo estimado de lectura\" \/>\n\t<meta name=\"twitter:data1\" content=\"2 minutos\" \/>\n<script type=\"application\/ld+json\" class=\"yoast-schema-graph\">{\"@context\":\"https:\/\/schema.org\",\"@graph\":[{\"@type\":\"WebPage\",\"@id\":\"https:\/\/www.uoh.cl\/extension\/mural-la-naturaleza-y-el-ser-humano-de-mono-gonzalez\",\"url\":\"https:\/\/www.uoh.cl\/extension\/mural-la-naturaleza-y-el-ser-humano-de-mono-gonzalez\",\"name\":\"Mural \u201cLa naturaleza y el ser humano\u201d de Mono Gonz\u00e1lez - Direcci\u00f3n de Cultura Patrimonio y Extensi\u00f3n UOH\",\"isPartOf\":{\"@id\":\"https:\/\/www.uoh.cl\/extension\/#website\"},\"datePublished\":\"2023-11-19T03:55:41+00:00\",\"inLanguage\":\"es-CL\",\"potentialAction\":[{\"@type\":\"ReadAction\",\"target\":[\"https:\/\/www.uoh.cl\/extension\/mural-la-naturaleza-y-el-ser-humano-de-mono-gonzalez\"]}]},{\"@type\":\"WebSite\",\"@id\":\"https:\/\/www.uoh.cl\/extension\/#website\",\"url\":\"https:\/\/www.uoh.cl\/extension\/\",\"name\":\"Direcci\u00f3n de Cultura Patrimonio y Extensi\u00f3n UOH\",\"description\":\"Otro sitio de Sitios de Universidad O&#039;higgins\",\"potentialAction\":[{\"@type\":\"SearchAction\",\"target\":{\"@type\":\"EntryPoint\",\"urlTemplate\":\"https:\/\/www.uoh.cl\/extension\/?s={search_term_string}\"},\"query-input\":{\"@type\":\"PropertyValueSpecification\",\"valueRequired\":true,\"valueName\":\"search_term_string\"}}],\"inLanguage\":\"es-CL\"}]}<\/script>\n<!-- \/ Yoast SEO plugin. -->","yoast_head_json":{"title":"Mural \u201cLa naturaleza y el ser humano\u201d de Mono Gonz\u00e1lez - Direcci\u00f3n de Cultura Patrimonio y Extensi\u00f3n UOH","robots":{"index":"index","follow":"follow","max-snippet":"max-snippet:-1","max-image-preview":"max-image-preview:large","max-video-preview":"max-video-preview:-1"},"canonical":"https:\/\/www.uoh.cl\/extension\/mural-la-naturaleza-y-el-ser-humano-de-mono-gonzalez","og_locale":"es_ES","og_type":"article","og_title":"Mural \u201cLa naturaleza y el ser humano\u201d de Mono Gonz\u00e1lez - Direcci\u00f3n de Cultura Patrimonio y Extensi\u00f3n UOH","og_description":"[vc_row][vc_column][\/vc_column][\/vc_row][vc_section el_class=&#8221;container mx-auto align-items-center circle&#8211;pattern&#8221; css=&#8221;.vc_custom_1648956589196{padding-top: 3rem !important;}&#8221;][vc_row el_class=&#8221;pb-5&#8243;][vc_column][vc_wp_custommenu nav_menu=&#8221;3&#8243;][vc_column_text]El reconocido artista nacional Mono Gonz\u00e1lez ha culminado la creaci\u00f3n de su primer mural en el Campus Rancagua de la Universidad de O\u2019Higgins, luego de casi 10 d\u00edas de intenso trabajo. El mural, que evoca la relaci\u00f3n entre la naturaleza y el ser humano, tiene aproximadamente [&hellip;]","og_url":"https:\/\/www.uoh.cl\/extension\/mural-la-naturaleza-y-el-ser-humano-de-mono-gonzalez","og_site_name":"Direcci\u00f3n de Cultura Patrimonio y Extensi\u00f3n UOH","twitter_card":"summary_large_image","twitter_misc":{"Tiempo estimado de lectura":"2 minutos"},"schema":{"@context":"https:\/\/schema.org","@graph":[{"@type":"WebPage","@id":"https:\/\/www.uoh.cl\/extension\/mural-la-naturaleza-y-el-ser-humano-de-mono-gonzalez","url":"https:\/\/www.uoh.cl\/extension\/mural-la-naturaleza-y-el-ser-humano-de-mono-gonzalez","name":"Mural \u201cLa naturaleza y el ser humano\u201d de Mono Gonz\u00e1lez - Direcci\u00f3n de Cultura Patrimonio y Extensi\u00f3n UOH","isPartOf":{"@id":"https:\/\/www.uoh.cl\/extension\/#website"},"datePublished":"2023-11-19T03:55:41+00:00","inLanguage":"es-CL","potentialAction":[{"@type":"ReadAction","target":["https:\/\/www.uoh.cl\/extension\/mural-la-naturaleza-y-el-ser-humano-de-mono-gonzalez"]}]},{"@type":"WebSite","@id":"https:\/\/www.uoh.cl\/extension\/#website","url":"https:\/\/www.uoh.cl\/extension\/","name":"Direcci\u00f3n de Cultura Patrimonio y Extensi\u00f3n UOH","description":"Otro sitio de Sitios de Universidad O&#039;higgins","potentialAction":[{"@type":"SearchAction","target":{"@type":"EntryPoint","urlTemplate":"https:\/\/www.uoh.cl\/extension\/?s={search_term_string}"},"query-input":{"@type":"PropertyValueSpecification","valueRequired":true,"valueName":"search_term_string"}}],"inLanguage":"es-CL"}]}},"_links":{"self":[{"href":"https:\/\/www.uoh.cl\/extension\/wp-json\/wp\/v2\/pages\/1940","targetHints":{"allow":["GET"]}}],"collection":[{"href":"https:\/\/www.uoh.cl\/extension\/wp-json\/wp\/v2\/pages"}],"about":[{"href":"https:\/\/www.uoh.cl\/extension\/wp-json\/wp\/v2\/types\/page"}],"author":[{"embeddable":true,"href":"https:\/\/www.uoh.cl\/extension\/wp-json\/wp\/v2\/users\/23"}],"replies":[{"embeddable":true,"href":"https:\/\/www.uoh.cl\/extension\/wp-json\/wp\/v2\/comments?post=1940"}],"version-history":[{"count":1,"href":"https:\/\/www.uoh.cl\/extension\/wp-json\/wp\/v2\/pages\/1940\/revisions"}],"predecessor-version":[{"id":1946,"href":"https:\/\/www.uoh.cl\/extension\/wp-json\/wp\/v2\/pages\/1940\/revisions\/1946"}],"wp:attachment":[{"href":"https:\/\/www.uoh.cl\/extension\/wp-json\/wp\/v2\/media?parent=1940"}],"curies":[{"name":"wp","href":"https:\/\/api.w.org\/{rel}","templated":true}]}}