
{"id":1924,"date":"2023-11-19T00:39:11","date_gmt":"2023-11-19T03:39:11","guid":{"rendered":"https:\/\/www.uoh.cl\/extension\/?page_id=1924"},"modified":"2023-11-28T16:32:51","modified_gmt":"2023-11-28T19:32:51","slug":"trazos-siete-testimonios-de-mujeres-en-la-plastica-regional","status":"publish","type":"page","link":"https:\/\/www.uoh.cl\/extension\/trazos-siete-testimonios-de-mujeres-en-la-plastica-regional","title":{"rendered":"Trazos. Siete Testimonios de Mujeres en la Pl\u00e1stica Regional"},"content":{"rendered":"<div class=\"wpb-content-wrapper\"><p>[vc_row][vc_column]<div class=\"uoh_slider_featured_component component__featured-slide row mx-auto col-12 m-0 align-items-center position-relative lazyload\" style=\" background:inherit\" data-bg=\"url(https:\/\/www.uoh.cl\/extension\/wp-content\/uploads\/sites\/14\/2023\/11\/Trazos.png)\"><div class=\"caption--degrade\"><svg  xmlns=\"http:\/\/www.w3.org\/2000\/svg\" xmlns:xlink=\"http:\/\/www.w3.org\/1999\/xlink\" width=\"1061px\" height=\"539px\"><defs><linearGradient id=\"PSgrad_0\" x1=\"0%\" x2=\"64.279%\" y1=\"76.604%\" y2=\"0%\"><stop offset=\"0%\" stop-color=\"rgb(66,160,248)\" stop-opacity=\"1\" \/><stop offset=\"100%\" stop-color=\"rgb(66,160,248)\" stop-opacity=\"0\" \/><\/linearGradient><\/defs><path fill-rule=\"evenodd\"  fill=\"none\" d=\"M311.000,515.000 C311.000,515.000 211.039,468.555 132.000,357.000 C21.864,201.555 -4.306,4.695 1.000,0.000 L196.000,0.000 L811.000,0.000 L1061.000,0.000 C1061.000,0.000 851.535,430.030 546.000,521.000 C402.674,563.674 311.000,515.000 311.000,515.000 Z\"\/> <path fill=\"url(#PSgrad_0)\"d=\"M311.000,515.000 C311.000,515.000 211.039,468.555 132.000,357.000 C21.864,201.555 -4.306,4.695 1.000,0.000 L196.000,0.000 L811.000,0.000 L1061.000,0.000 C1061.000,0.000 851.535,430.030 546.000,521.000 C402.674,563.674 311.000,515.000 311.000,515.000 Z\"\/><\/svg><\/div><div class=\"caption--quote\"><svg xmlns=\"http:\/\/www.w3.org\/2000\/svg\" xmlns:xlink=\"http:\/\/www.w3.org\/1999\/xlink\"width=\"226px\" height=\"273px\"><defs><linearGradient id=\"PSgrad_0\" x1=\"71.934%\" x2=\"0%\" y1=\"69.466%\" y2=\"0%\"><stop offset=\"0%\" stop-color=\"rgb(66,160,248)\" stop-opacity=\"0.49\" \/><stop offset=\"100%\" stop-color=\"rgb(66,160,248)\" stop-opacity=\"0\" \/><\/linearGradient><\/defs><path fill-rule=\"evenodd\"  fill=\"none\" d=\"M-0.000,273.000 L174.000,273.000 C174.000,273.000 226.000,266.268 226.000,221.000 C226.000,175.732 226.000,-0.000 226.000,-0.000 C226.000,-0.000 24.577,71.878 -0.000,273.000 Z\"\/><path fill=\"url(#PSgrad_0)\"d=\"M-0.000,273.000 L174.000,273.000 C174.000,273.000 226.000,266.268 226.000,221.000 C226.000,175.732 226.000,-0.000 226.000,-0.000 C226.000,-0.000 24.577,71.878 -0.000,273.000 Z\"\/><\/svg><\/div><div class=\"my-uoh_slider_featured_component container mx-auto p-md-0\" ><div class=\"content component__featured-slide-content container row mx-auto aling-items-center p-0\"><h1 class=\"p-0 featured-slide title\"  style=\"\"><em>Trazos.<\/em>Siete Testimonios de Mujeres en la Pl\u00e1stica Regional<\/h1><\/div><span><\/span><\/div><\/div>[\/vc_column][\/vc_row][vc_section el_class=&#8221;container mx-auto align-items-center circle&#8211;pattern&#8221; css=&#8221;.vc_custom_1648956589196{padding-top: 3rem !important;}&#8221;][vc_row el_class=&#8221;pb-5&#8243;][vc_column][vc_wp_custommenu nav_menu=&#8221;3&#8243;]<div class=\"breadcrumb\"><ol itemscope itemtype=\"https:\/\/schema.org\/BreadcrumbList\"><li itemprop=\"itemListElement\" itemscope itemtype=\"https:\/\/schema.org\/ListItem\"><a itemprop=\"item\" href=\"http:\/\/www.uoh.cl\"><span itemprop=\"name\">Inicio<\/span><\/a><meta itemprop=\"position\" content=\"1\" \/><li itemprop=\"itemListElement\" itemscope itemtype=\"https:\/\/schema.org\/ListItem\"><a itemprop=\"item\" href=\"https:\/\/www.uoh.cl\/extension\"><span itemprop=\"name\">Direcci\u00f3n de Cultura Patrimonio y Extensi\u00f3n UOH<\/span><\/a><meta itemprop=\"position\" content=\"2\" \/><li itemprop=\"itemListElement\" itemscope itemtype=\"https:\/\/schema.org\/ListItem\"><span itemprop=\"name\">Trazos. Siete Testimonios de Mujeres en la Pl\u00e1stica Regional <\/span><meta itemprop=\"position\" content=\"3\" \/><\/ol><\/div>[vc_column_text]<span style=\"font-weight: 400\">La muestra de artes visuales \u201cTrazos. Siete Testimonios de Mujeres en la Pl\u00e1stica Regional\u201d impulsada por la Direcci\u00f3n de Cultura, Patrimonio y Extensi\u00f3n de la Universidad de O\u2019Higgins (UOH) destac\u00f3 el importante rol que tienen las mujeres en las artes visuales en la Regi\u00f3n de O\u2019Higgins. A trav\u00e9s de esta exhibici\u00f3n, se busc\u00f3 visibilizar y revalorizar el arte de siete artistas, reconociendo su contribuci\u00f3n significativa al desarrollo cultural y art\u00edstico de la regi\u00f3n.\u00a0<\/span><\/p>\n<p><span style=\"font-weight: 400\">Mediante un enfoque colaborativo y co-curatorial con comunidades art\u00edsticas locales, la muestra no solo celebr\u00f3 la creatividad y el talento de estas artistas, sino que tambi\u00e9n promovi\u00f3 una reflexi\u00f3n sobre la importancia de la igualdad de g\u00e9nero en el \u00e1mbito art\u00edstico y la necesidad de seguir apoyando y promoviendo la participaci\u00f3n activa de las mujeres en las artes visuales.\u00a0<\/span><\/p>\n<p><span style=\"font-weight: 400\">La exhibici\u00f3n se realiz\u00f3 en colaboraci\u00f3n con la Agrupaci\u00f3n de Artistas Visuales de O\u2019Higgins y el Laboratorio Regional de Estudios de G\u00e9nero UOH, reflejando nuestro compromiso institucional para promover las artes, la cultura y el patrimonio como bienes simb\u00f3licos para la construcci\u00f3n de ciudadan\u00eda e identidad.\u00a0<\/span><span style=\"font-weight: 400\"><br \/>\n<\/span>[\/vc_column_text][vc_zigzag color=&#8221;white&#8221;]<div class=\"uoh_link_component pe-4 d-inline-block py-1 button_icon inline\"><i class=\"me-2 fas fa-paperclip\" style=\"color: #42a0f8\"><\/i><a href=\"https:\/\/www.uoh.cl\/uoh-abre-espacios-para-visibilizar-el-aporte-artistico-de-la-mujer-en-la-region\/\"\n                                    class=\"link link--bold component__btn-content\"\n                                    title\"\"\n                                    target=\"_blank\"\n                                    rel=\"\">Puedes revisar m\u00e1s aqu\u00ed<span class=\"icon icon--inline icon--link\"><svg version=\"1.1\" xmlns=\"http:\/\/www.w3.org\/2000\/svg\" xmlns:xlink=\"http:\/\/www.w3.org\/1999\/xlink\" x=\"0px\" y=\"0px\" width=\"22px\"height=\"22px\" viewBox=\"0 0 22 22\" style=\"overflow:visible;enable-background:new 0 0 80 64.6;\" xml:space=\"preserve\"><g clip-path=\"url(#acA)\"><path fill-rule=\"evenodd\" d=\"M21.913 11.266a.93.93 0 000-.711c-.022-.056-.063-.097-.091-.144s-.053-.103-.097-.15L12.306.294c-.357-.379-.955-.394-1.334-.038s-.394.955-.038 1.334l7.917 8.374H.927a.95.95 0 00-.908.983.946.946 0 00.908.908h17.924l-8.089 8.552c-.357.379-.341.977.034 1.334s.977.341 1.334-.034l9.594-10.148c.044-.044.063-.1.097-.15.028-.047.069-.088.091-.141z\"\/><\/g><defs><clipPath id=\"acA\"><path fill=\"#fff\" d=\"M0 0h22v22H0z\"\/><\/clipPath><\/defs><\/svg><\/span><\/a><\/div>[vc_zigzag color=&#8221;white&#8221;][vc_row_inner][vc_column_inner width=&#8221;1\/3&#8243;][vc_single_image image=&#8221;1926&#8243; img_size=&#8221;450&#215;600&#8243; onclick=&#8221;img_link_large&#8221;][\/vc_column_inner][vc_column_inner width=&#8221;1\/3&#8243;][vc_single_image image=&#8221;1927&#8243; img_size=&#8221;450&#215;600&#8243; onclick=&#8221;img_link_large&#8221;][\/vc_column_inner][vc_column_inner width=&#8221;1\/3&#8243;][vc_single_image image=&#8221;1928&#8243; img_size=&#8221;450&#215;600&#8243; onclick=&#8221;img_link_large&#8221;][\/vc_column_inner][\/vc_row_inner][\/vc_column][\/vc_row][\/vc_section][vc_section css=&#8221;.vc_custom_1649209804184{background-color: #f6faff !important;}&#8221; el_class=&#8221;p-md-0 pt-md-5&#8243;][vc_row el_class=&#8221;container mx-auto align-items-center p-md-0 pt-5&#8243;][vc_column el_class=&#8221;p-0&#8243;][\/vc_column][\/vc_row][\/vc_section][vc_section css=&#8221;.vc_custom_1649210787516{background-color: #f6faff !important;}&#8221; el_class=&#8221;p-md-0 pt-md-5 pb-md-5&#8243;][vc_row el_class=&#8221;container mx-auto align-items-center&#8221;][vc_column][\/vc_column][\/vc_row][\/vc_section]<\/p>\n<\/div>","protected":false},"excerpt":{"rendered":"<p>[vc_row][vc_column][\/vc_column][\/vc_row][vc_section el_class=&#8221;container mx-auto align-items-center circle&#8211;pattern&#8221; css=&#8221;.vc_custom_1648956589196{padding-top: 3rem !important;}&#8221;][vc_row el_class=&#8221;pb-5&#8243;][vc_column][vc_wp_custommenu nav_menu=&#8221;3&#8243;][vc_column_text]La muestra de artes visuales \u201cTrazos. Siete Testimonios de Mujeres en la Pl\u00e1stica Regional\u201d impulsada por la Direcci\u00f3n de Cultura, Patrimonio y Extensi\u00f3n de la Universidad de O\u2019Higgins (UOH) destac\u00f3 el importante rol que tienen las mujeres en las artes visuales en la Regi\u00f3n de O\u2019Higgins. [&hellip;]<\/p>\n","protected":false},"author":23,"featured_media":0,"parent":0,"menu_order":0,"comment_status":"closed","ping_status":"closed","template":"","meta":{"_acf_changed":false,"footnotes":""},"class_list":["post-1924","page","type-page","status-publish","hentry"],"acf":[],"yoast_head":"<!-- This site is optimized with the Yoast SEO plugin v26.6 - https:\/\/yoast.com\/wordpress\/plugins\/seo\/ -->\n<title>Trazos. Siete Testimonios de Mujeres en la Pl\u00e1stica Regional - Direcci\u00f3n de Cultura Patrimonio y Extensi\u00f3n UOH<\/title>\n<meta name=\"robots\" content=\"index, follow, max-snippet:-1, max-image-preview:large, max-video-preview:-1\" \/>\n<link rel=\"canonical\" href=\"https:\/\/www.uoh.cl\/extension\/trazos-siete-testimonios-de-mujeres-en-la-plastica-regional\" \/>\n<meta property=\"og:locale\" content=\"es_ES\" \/>\n<meta property=\"og:type\" content=\"article\" \/>\n<meta property=\"og:title\" content=\"Trazos. Siete Testimonios de Mujeres en la Pl\u00e1stica Regional - Direcci\u00f3n de Cultura Patrimonio y Extensi\u00f3n UOH\" \/>\n<meta property=\"og:description\" content=\"[vc_row][vc_column][\/vc_column][\/vc_row][vc_section el_class=&#8221;container mx-auto align-items-center circle&#8211;pattern&#8221; css=&#8221;.vc_custom_1648956589196{padding-top: 3rem !important;}&#8221;][vc_row el_class=&#8221;pb-5&#8243;][vc_column][vc_wp_custommenu nav_menu=&#8221;3&#8243;][vc_column_text]La muestra de artes visuales \u201cTrazos. Siete Testimonios de Mujeres en la Pl\u00e1stica Regional\u201d impulsada por la Direcci\u00f3n de Cultura, Patrimonio y Extensi\u00f3n de la Universidad de O\u2019Higgins (UOH) destac\u00f3 el importante rol que tienen las mujeres en las artes visuales en la Regi\u00f3n de O\u2019Higgins. [&hellip;]\" \/>\n<meta property=\"og:url\" content=\"https:\/\/www.uoh.cl\/extension\/trazos-siete-testimonios-de-mujeres-en-la-plastica-regional\" \/>\n<meta property=\"og:site_name\" content=\"Direcci\u00f3n de Cultura Patrimonio y Extensi\u00f3n UOH\" \/>\n<meta property=\"article:modified_time\" content=\"2023-11-28T19:32:51+00:00\" \/>\n<meta name=\"twitter:card\" content=\"summary_large_image\" \/>\n<meta name=\"twitter:label1\" content=\"Tiempo estimado de lectura\" \/>\n\t<meta name=\"twitter:data1\" content=\"2 minutos\" \/>\n<script type=\"application\/ld+json\" class=\"yoast-schema-graph\">{\"@context\":\"https:\/\/schema.org\",\"@graph\":[{\"@type\":\"WebPage\",\"@id\":\"https:\/\/www.uoh.cl\/extension\/trazos-siete-testimonios-de-mujeres-en-la-plastica-regional\",\"url\":\"https:\/\/www.uoh.cl\/extension\/trazos-siete-testimonios-de-mujeres-en-la-plastica-regional\",\"name\":\"Trazos. Siete Testimonios de Mujeres en la Pl\u00e1stica Regional - Direcci\u00f3n de Cultura Patrimonio y Extensi\u00f3n UOH\",\"isPartOf\":{\"@id\":\"https:\/\/www.uoh.cl\/extension\/#website\"},\"datePublished\":\"2023-11-19T03:39:11+00:00\",\"dateModified\":\"2023-11-28T19:32:51+00:00\",\"inLanguage\":\"es-CL\",\"potentialAction\":[{\"@type\":\"ReadAction\",\"target\":[\"https:\/\/www.uoh.cl\/extension\/trazos-siete-testimonios-de-mujeres-en-la-plastica-regional\"]}]},{\"@type\":\"WebSite\",\"@id\":\"https:\/\/www.uoh.cl\/extension\/#website\",\"url\":\"https:\/\/www.uoh.cl\/extension\/\",\"name\":\"Direcci\u00f3n de Cultura Patrimonio y Extensi\u00f3n UOH\",\"description\":\"Otro sitio de Sitios de Universidad O&#039;higgins\",\"potentialAction\":[{\"@type\":\"SearchAction\",\"target\":{\"@type\":\"EntryPoint\",\"urlTemplate\":\"https:\/\/www.uoh.cl\/extension\/?s={search_term_string}\"},\"query-input\":{\"@type\":\"PropertyValueSpecification\",\"valueRequired\":true,\"valueName\":\"search_term_string\"}}],\"inLanguage\":\"es-CL\"}]}<\/script>\n<!-- \/ Yoast SEO plugin. -->","yoast_head_json":{"title":"Trazos. Siete Testimonios de Mujeres en la Pl\u00e1stica Regional - Direcci\u00f3n de Cultura Patrimonio y Extensi\u00f3n UOH","robots":{"index":"index","follow":"follow","max-snippet":"max-snippet:-1","max-image-preview":"max-image-preview:large","max-video-preview":"max-video-preview:-1"},"canonical":"https:\/\/www.uoh.cl\/extension\/trazos-siete-testimonios-de-mujeres-en-la-plastica-regional","og_locale":"es_ES","og_type":"article","og_title":"Trazos. Siete Testimonios de Mujeres en la Pl\u00e1stica Regional - Direcci\u00f3n de Cultura Patrimonio y Extensi\u00f3n UOH","og_description":"[vc_row][vc_column][\/vc_column][\/vc_row][vc_section el_class=&#8221;container mx-auto align-items-center circle&#8211;pattern&#8221; css=&#8221;.vc_custom_1648956589196{padding-top: 3rem !important;}&#8221;][vc_row el_class=&#8221;pb-5&#8243;][vc_column][vc_wp_custommenu nav_menu=&#8221;3&#8243;][vc_column_text]La muestra de artes visuales \u201cTrazos. Siete Testimonios de Mujeres en la Pl\u00e1stica Regional\u201d impulsada por la Direcci\u00f3n de Cultura, Patrimonio y Extensi\u00f3n de la Universidad de O\u2019Higgins (UOH) destac\u00f3 el importante rol que tienen las mujeres en las artes visuales en la Regi\u00f3n de O\u2019Higgins. [&hellip;]","og_url":"https:\/\/www.uoh.cl\/extension\/trazos-siete-testimonios-de-mujeres-en-la-plastica-regional","og_site_name":"Direcci\u00f3n de Cultura Patrimonio y Extensi\u00f3n UOH","article_modified_time":"2023-11-28T19:32:51+00:00","twitter_card":"summary_large_image","twitter_misc":{"Tiempo estimado de lectura":"2 minutos"},"schema":{"@context":"https:\/\/schema.org","@graph":[{"@type":"WebPage","@id":"https:\/\/www.uoh.cl\/extension\/trazos-siete-testimonios-de-mujeres-en-la-plastica-regional","url":"https:\/\/www.uoh.cl\/extension\/trazos-siete-testimonios-de-mujeres-en-la-plastica-regional","name":"Trazos. Siete Testimonios de Mujeres en la Pl\u00e1stica Regional - Direcci\u00f3n de Cultura Patrimonio y Extensi\u00f3n UOH","isPartOf":{"@id":"https:\/\/www.uoh.cl\/extension\/#website"},"datePublished":"2023-11-19T03:39:11+00:00","dateModified":"2023-11-28T19:32:51+00:00","inLanguage":"es-CL","potentialAction":[{"@type":"ReadAction","target":["https:\/\/www.uoh.cl\/extension\/trazos-siete-testimonios-de-mujeres-en-la-plastica-regional"]}]},{"@type":"WebSite","@id":"https:\/\/www.uoh.cl\/extension\/#website","url":"https:\/\/www.uoh.cl\/extension\/","name":"Direcci\u00f3n de Cultura Patrimonio y Extensi\u00f3n UOH","description":"Otro sitio de Sitios de Universidad O&#039;higgins","potentialAction":[{"@type":"SearchAction","target":{"@type":"EntryPoint","urlTemplate":"https:\/\/www.uoh.cl\/extension\/?s={search_term_string}"},"query-input":{"@type":"PropertyValueSpecification","valueRequired":true,"valueName":"search_term_string"}}],"inLanguage":"es-CL"}]}},"_links":{"self":[{"href":"https:\/\/www.uoh.cl\/extension\/wp-json\/wp\/v2\/pages\/1924","targetHints":{"allow":["GET"]}}],"collection":[{"href":"https:\/\/www.uoh.cl\/extension\/wp-json\/wp\/v2\/pages"}],"about":[{"href":"https:\/\/www.uoh.cl\/extension\/wp-json\/wp\/v2\/types\/page"}],"author":[{"embeddable":true,"href":"https:\/\/www.uoh.cl\/extension\/wp-json\/wp\/v2\/users\/23"}],"replies":[{"embeddable":true,"href":"https:\/\/www.uoh.cl\/extension\/wp-json\/wp\/v2\/comments?post=1924"}],"version-history":[{"count":3,"href":"https:\/\/www.uoh.cl\/extension\/wp-json\/wp\/v2\/pages\/1924\/revisions"}],"predecessor-version":[{"id":1979,"href":"https:\/\/www.uoh.cl\/extension\/wp-json\/wp\/v2\/pages\/1924\/revisions\/1979"}],"wp:attachment":[{"href":"https:\/\/www.uoh.cl\/extension\/wp-json\/wp\/v2\/media?parent=1924"}],"curies":[{"name":"wp","href":"https:\/\/api.w.org\/{rel}","templated":true}]}}