
{"id":1826,"date":"2023-11-18T21:51:23","date_gmt":"2023-11-19T00:51:23","guid":{"rendered":"https:\/\/www.uoh.cl\/extension\/?page_id=1826"},"modified":"2023-12-06T16:02:17","modified_gmt":"2023-12-06T19:02:17","slug":"patrimonio-cultural","status":"publish","type":"page","link":"https:\/\/www.uoh.cl\/extension\/patrimonio-cultural","title":{"rendered":"Patrimonio Cultural"},"content":{"rendered":"<div class=\"wpb-content-wrapper\"><p>[vc_row][vc_column]<div class=\"uoh_slider_featured_component component__featured-slide row mx-auto col-12 m-0 align-items-center position-relative lazyload\" style=\" background:inherit\" data-bg=\"url(https:\/\/www.uoh.cl\/extension\/wp-content\/uploads\/sites\/14\/2023\/11\/Sitio-Patrimonio-banner-1.jpg)\"><div class=\"caption--degrade\"><svg  xmlns=\"http:\/\/www.w3.org\/2000\/svg\" xmlns:xlink=\"http:\/\/www.w3.org\/1999\/xlink\" width=\"1061px\" height=\"539px\"><defs><linearGradient id=\"PSgrad_0\" x1=\"0%\" x2=\"64.279%\" y1=\"76.604%\" y2=\"0%\"><stop offset=\"0%\" stop-color=\"rgb(66,160,248)\" stop-opacity=\"1\" \/><stop offset=\"100%\" stop-color=\"rgb(66,160,248)\" stop-opacity=\"0\" \/><\/linearGradient><\/defs><path fill-rule=\"evenodd\"  fill=\"none\" d=\"M311.000,515.000 C311.000,515.000 211.039,468.555 132.000,357.000 C21.864,201.555 -4.306,4.695 1.000,0.000 L196.000,0.000 L811.000,0.000 L1061.000,0.000 C1061.000,0.000 851.535,430.030 546.000,521.000 C402.674,563.674 311.000,515.000 311.000,515.000 Z\"\/> <path fill=\"url(#PSgrad_0)\"d=\"M311.000,515.000 C311.000,515.000 211.039,468.555 132.000,357.000 C21.864,201.555 -4.306,4.695 1.000,0.000 L196.000,0.000 L811.000,0.000 L1061.000,0.000 C1061.000,0.000 851.535,430.030 546.000,521.000 C402.674,563.674 311.000,515.000 311.000,515.000 Z\"\/><\/svg><\/div><div class=\"caption--quote\"><svg xmlns=\"http:\/\/www.w3.org\/2000\/svg\" xmlns:xlink=\"http:\/\/www.w3.org\/1999\/xlink\"width=\"226px\" height=\"273px\"><defs><linearGradient id=\"PSgrad_0\" x1=\"71.934%\" x2=\"0%\" y1=\"69.466%\" y2=\"0%\"><stop offset=\"0%\" stop-color=\"rgb(66,160,248)\" stop-opacity=\"0.49\" \/><stop offset=\"100%\" stop-color=\"rgb(66,160,248)\" stop-opacity=\"0\" \/><\/linearGradient><\/defs><path fill-rule=\"evenodd\"  fill=\"none\" d=\"M-0.000,273.000 L174.000,273.000 C174.000,273.000 226.000,266.268 226.000,221.000 C226.000,175.732 226.000,-0.000 226.000,-0.000 C226.000,-0.000 24.577,71.878 -0.000,273.000 Z\"\/><path fill=\"url(#PSgrad_0)\"d=\"M-0.000,273.000 L174.000,273.000 C174.000,273.000 226.000,266.268 226.000,221.000 C226.000,175.732 226.000,-0.000 226.000,-0.000 C226.000,-0.000 24.577,71.878 -0.000,273.000 Z\"\/><\/svg><\/div><div class=\"my-uoh_slider_featured_component container mx-auto p-md-0\" ><div class=\"content component__featured-slide-content container row mx-auto aling-items-center p-0\"><h1 class=\"p-0 featured-slide title\"  style=\"\"><em><\/em>Patrimonio Cultural<\/h1><\/div><span><\/span><\/div><\/div>[\/vc_column][\/vc_row][vc_section el_class=&#8221;container mx-auto align-items-center circle&#8211;pattern&#8221; css=&#8221;.vc_custom_1648956589196{padding-top: 3rem !important;}&#8221;][vc_row el_class=&#8221;pb-5&#8243;][vc_column][vc_wp_custommenu nav_menu=&#8221;3&#8243;]<div class=\"breadcrumb\"><ol itemscope itemtype=\"https:\/\/schema.org\/BreadcrumbList\"><li itemprop=\"itemListElement\" itemscope itemtype=\"https:\/\/schema.org\/ListItem\"><a itemprop=\"item\" href=\"http:\/\/www.uoh.cl\"><span itemprop=\"name\">Inicio<\/span><\/a><meta itemprop=\"position\" content=\"1\" \/><li itemprop=\"itemListElement\" itemscope itemtype=\"https:\/\/schema.org\/ListItem\"><a itemprop=\"item\" href=\"https:\/\/www.uoh.cl\/extension\"><span itemprop=\"name\">Direcci\u00f3n de Cultura Patrimonio y Extensi\u00f3n UOH<\/span><\/a><meta itemprop=\"position\" content=\"2\" \/><li itemprop=\"itemListElement\" itemscope itemtype=\"https:\/\/schema.org\/ListItem\"><span itemprop=\"name\">Patrimonio Cultural <\/span><meta itemprop=\"position\" content=\"3\" \/><\/ol><\/div>[vc_row_inner][vc_column_inner width=&#8221;1\/2&#8243;][vc_single_image image=&#8221;1828&#8243; img_size=&#8221;large&#8221;][\/vc_column_inner][vc_column_inner width=&#8221;1\/2&#8243;]<div class=\"uoh_title_component-container\"><h2 class=\"title title--ms d-inline-block big-medium\">Proyecto de Salvaguardia del Canto a lo Poeta en la Regi\u00f3n de O\u2019Higgins<\/h2><\/div>[vc_column_text]El Canto a lo Poeta es una forma de expresi\u00f3n cultural tradicional de la Regi\u00f3n de O\u2019Higgins en Chile. Esta manifestaci\u00f3n art\u00edstica se caracteriza por la improvisaci\u00f3n de versos y la m\u00fasica tradicional chilena, y ha sido transmitida de generaci\u00f3n en generaci\u00f3n como parte del patrimonio cultural de la regi\u00f3n.[\/vc_column_text][vc_zigzag color=&#8221;white&#8221;][vc_btn title=&#8221;Ver m\u00e1s&#8221; shape=&#8221;square&#8221; color=&#8221;primary&#8221; i_align=&#8221;right&#8221; i_icon_fontawesome=&#8221;fas fa-arrow-alt-circle-right&#8221; add_icon=&#8221;true&#8221; link=&#8221;url:https%3A%2F%2Fwww.uoh.cl%2Fextension%2Fproyecto-de-salvaguardia-del-canto-a-lo-poeta-en-la-region-de-ohiggins|target:_blank&#8221;][\/vc_column_inner][\/vc_row_inner][\/vc_column][\/vc_row][\/vc_section][vc_section css=&#8221;.vc_custom_1689717921947{background-color: #f6faff !important;}&#8221; el_class=&#8221;p-md-0 pt-md-5&#8243;][vc_row el_class=&#8221;container mx-auto align-items-center p-md-0 pt-5&#8243;][vc_column el_class=&#8221;p-0&#8243;]<div class=\"uoh_title_component-container\"><h2 class=\"title title--ms d-inline-block medium\">Nuestro trabajo<\/h2><\/div>[vc_zigzag color=&#8221;custom&#8221; custom_color=&#8221;#f6faff&#8221;][vc_column_text]<span style=\"font-weight: 400\">El \u00e1rea de trabajo \u201cPatrimonio Cultural\u201d de la Direcci\u00f3n de Cultura, Patrimonio y Extensi\u00f3n de la Universidad de O\u2019Higgins se enfoca en contribuir al fortalecimiento y cultivo de la memoria hist\u00f3rica, as\u00ed como en la protecci\u00f3n, salvaguardia y puesta en valor del patrimonio cultural material e inmaterial de la Regi\u00f3n de O\u2019Higgins. Su objetivo principal es preservar y difundir la riqueza cultural y la identidad local.\u00a0<\/span><\/p>\n<p><span style=\"font-weight: 400\">Este \u00e1rea de trabajo incluye los siguientes programas:<\/span><\/p>\n<ol>\n<li><span style=\"font-weight: 400\"><strong> Archivo Fotogr\u00e1fico y Documental<\/strong>: este programa tiene como finalidad recopilar, preservar y gestionar archivos fotogr\u00e1ficos y documentales relacionados con la historia y la cultura de la Regi\u00f3n de O\u2019Higgins. Se busca salvaguardar estos materiales como fuentes de informaci\u00f3n valiosas y ponerlos a disposici\u00f3n de la comunidad acad\u00e9mica, estudiantil y p\u00fablico en general. Esto contribuye a fortalecer la memoria hist\u00f3rica y promover la investigaci\u00f3n y el conocimiento del patrimonio cultural. <\/span><span style=\"font-weight: 400\">El Archivo Fotogr\u00e1fico y Documental trabaja en tres tem\u00e1ticas fundamentales: Memoria y Derechos Humanos, Patrimonio Cultural, Artes y Cultura.<br \/>\n<\/span><\/li>\n<li><span style=\"font-weight: 400\"><strong>Programa de Sensibilizaci\u00f3n y Educaci\u00f3n Patrimonial<\/strong>: este programa se dedica a promover la sensibilizaci\u00f3n y la educaci\u00f3n en torno al patrimonio cultural de la Regi\u00f3n de O\u2019Higgins. <\/span><span style=\"font-weight: 400\">A trav\u00e9s de diversas actividades, como charlas, talleres, seminarios, exposiciones y rutas patrimoniales, se busca involucrar a la comunidad en la valoraci\u00f3n y protecci\u00f3n del patrimonio. <\/span><span style=\"font-weight: 400\">El programa se dirige tanto a estudiantes como a la sociedad en general, con el objetivo de generar conciencia sobre la importancia del patrimonio cultural y fomentar su cuidado y preservaci\u00f3n.<\/span><\/li>\n<\/ol>\n<p><span style=\"font-weight: 400\">En conclusi\u00f3n, el \u00e1rea de trabajo \u201cPatrimonio Cultural\u201d de la Direcci\u00f3n de Cultura, Patrimonio y Extensi\u00f3n de la Universidad de O\u2019Higgins se enfoca en fortalecer y cultivar la memoria hist\u00f3rica, as\u00ed como en proteger, salvaguardar y poner en valor el patrimonio cultural material e inmaterial de la Regi\u00f3n de O\u2019Higgins. A trav\u00e9s de programas como el Archivo Fotogr\u00e1fico y Documental, el Programa de Sensibilizaci\u00f3n y Educaci\u00f3n, y el Programa de Exposiciones, se busca preservar, difundir y promover la valoraci\u00f3n y protecci\u00f3n del patrimonio cultural en la comunidad universitaria y en la sociedad en general.<\/span>[\/vc_column_text][vc_zigzag color=&#8221;custom&#8221; custom_color=&#8221;#f6faff&#8221;][\/vc_column][\/vc_row][vc_row el_class=&#8221;container mx-auto align-items-center p-md-0 pt-5&#8243;][vc_column width=&#8221;1\/4&#8243;]<div class=\"authorities-container__box\"><figure><img decoding=\"async\" data-src=\"https:\/\/www.uoh.cl\/extension\/wp-content\/uploads\/sites\/14\/2023\/11\/Fiesta-de-los-Patrimonios-8-600x600.png\" src=\"data:image\/svg+xml;base64,PHN2ZyB3aWR0aD0iMSIgaGVpZ2h0PSIxIiB4bWxucz0iaHR0cDovL3d3dy53My5vcmcvMjAwMC9zdmciPjwvc3ZnPg==\" class=\"lazyload\" style=\"--smush-placeholder-width: 600px; --smush-placeholder-aspect-ratio: 600\/600;\" \/><figcaption> <a href=\"https:\/\/www.uoh.cl\/extension\/fiesta-de-los-patrimonios-recuerdos-para-el-futuro-2023\" title=\"\" target=\"_blank\"><div class=\"flex\">Fiesta de los Patrimonios. Recuerdos para el Futuro 2023<\/div><svg version=\"1.1\" xmlns=\"http:\/\/www.w3.org\/2000\/svg\" xmlns:xlink=\"http:\/\/www.w3.org\/1999\/xlink\" x=\"0px\" y=\"0px\" width=\"22px\"height=\"22px\" viewBox=\"0 0 22 22\" style=\"overflow:visible;enable-background:new 0 0 80 64.6;\" xml:space=\"preserve\"><g clip-path=\"url(#acA)\"><path fill-rule=\"evenodd\" d=\"M21.913 11.266a.93.93 0 000-.711c-.022-.056-.063-.097-.091-.144s-.053-.103-.097-.15L12.306.294c-.357-.379-.955-.394-1.334-.038s-.394.955-.038 1.334l7.917 8.374H.927a.95.95 0 00-.908.983.946.946 0 00.908.908h17.924l-8.089 8.552c-.357.379-.341.977.034 1.334s.977.341 1.334-.034l9.594-10.148c.044-.044.063-.1.097-.15.028-.047.069-.088.091-.141z\"\/><\/g><defs><clipPath id=\"acA\"><path fill=\"#fff\" d=\"M0 0h22v22H0z\"\/><\/clipPath><\/defs><\/svg><\/a><\/figcaption><\/figure><\/div>[\/vc_column][vc_column width=&#8221;1\/4&#8243;]<div class=\"authorities-container__box\"><figure><img decoding=\"async\" data-src=\"https:\/\/www.uoh.cl\/extension\/wp-content\/uploads\/sites\/14\/2023\/11\/IMG_6739-600x600.jpg\" src=\"data:image\/svg+xml;base64,PHN2ZyB3aWR0aD0iMSIgaGVpZ2h0PSIxIiB4bWxucz0iaHR0cDovL3d3dy53My5vcmcvMjAwMC9zdmciPjwvc3ZnPg==\" class=\"lazyload\" style=\"--smush-placeholder-width: 600px; --smush-placeholder-aspect-ratio: 600\/600;\" \/><figcaption> <a href=\"https:\/\/www.uoh.cl\/extension\/ruta-patrimonial-rancagua-historica\" title=\"\" target=\"_blank\"><div class=\"flex\">Ruta patrimonial \u201cRancagua hist\u00f3rica\u201d<\/div><svg version=\"1.1\" xmlns=\"http:\/\/www.w3.org\/2000\/svg\" xmlns:xlink=\"http:\/\/www.w3.org\/1999\/xlink\" x=\"0px\" y=\"0px\" width=\"22px\"height=\"22px\" viewBox=\"0 0 22 22\" style=\"overflow:visible;enable-background:new 0 0 80 64.6;\" xml:space=\"preserve\"><g clip-path=\"url(#acA)\"><path fill-rule=\"evenodd\" d=\"M21.913 11.266a.93.93 0 000-.711c-.022-.056-.063-.097-.091-.144s-.053-.103-.097-.15L12.306.294c-.357-.379-.955-.394-1.334-.038s-.394.955-.038 1.334l7.917 8.374H.927a.95.95 0 00-.908.983.946.946 0 00.908.908h17.924l-8.089 8.552c-.357.379-.341.977.034 1.334s.977.341 1.334-.034l9.594-10.148c.044-.044.063-.1.097-.15.028-.047.069-.088.091-.141z\"\/><\/g><defs><clipPath id=\"acA\"><path fill=\"#fff\" d=\"M0 0h22v22H0z\"\/><\/clipPath><\/defs><\/svg><\/a><\/figcaption><\/figure><\/div>[\/vc_column][vc_column width=&#8221;1\/4&#8243;][vc_zigzag color=&#8221;custom&#8221; el_border_width=&#8221;10&#8243; custom_color=&#8221;#f6faff&#8221;]<div class=\"authorities-container__box\"><figure><img decoding=\"async\" data-src=\"https:\/\/www.uoh.cl\/extension\/wp-content\/uploads\/sites\/14\/2023\/11\/Dias-del-Patrimonio-2022-28-600x600.jpg\" src=\"data:image\/svg+xml;base64,PHN2ZyB3aWR0aD0iMSIgaGVpZ2h0PSIxIiB4bWxucz0iaHR0cDovL3d3dy53My5vcmcvMjAwMC9zdmciPjwvc3ZnPg==\" class=\"lazyload\" style=\"--smush-placeholder-width: 600px; --smush-placeholder-aspect-ratio: 600\/600;\" \/><figcaption> <a href=\"https:\/\/www.uoh.cl\/extension\/universidad-de-ohiggins-celebra-el-dia-de-los-patrimonios-2022-con-foco-en-el-canto-a-lo-poeta-y-la-tradicion-oral-de-la-region\" title=\"\" target=\"_blank\"><div class=\"flex\">Universidad de O\u2019Higgins celebra el D\u00eda de los Patrimonios 2022 con foco en el Canto a lo Poeta y la Tradici\u00f3n oral de la Regi\u00f3n<\/div><svg version=\"1.1\" xmlns=\"http:\/\/www.w3.org\/2000\/svg\" xmlns:xlink=\"http:\/\/www.w3.org\/1999\/xlink\" x=\"0px\" y=\"0px\" width=\"22px\"height=\"22px\" viewBox=\"0 0 22 22\" style=\"overflow:visible;enable-background:new 0 0 80 64.6;\" xml:space=\"preserve\"><g clip-path=\"url(#acA)\"><path fill-rule=\"evenodd\" d=\"M21.913 11.266a.93.93 0 000-.711c-.022-.056-.063-.097-.091-.144s-.053-.103-.097-.15L12.306.294c-.357-.379-.955-.394-1.334-.038s-.394.955-.038 1.334l7.917 8.374H.927a.95.95 0 00-.908.983.946.946 0 00.908.908h17.924l-8.089 8.552c-.357.379-.341.977.034 1.334s.977.341 1.334-.034l9.594-10.148c.044-.044.063-.1.097-.15.028-.047.069-.088.091-.141z\"\/><\/g><defs><clipPath id=\"acA\"><path fill=\"#fff\" d=\"M0 0h22v22H0z\"\/><\/clipPath><\/defs><\/svg><\/a><\/figcaption><\/figure><\/div>[\/vc_column][vc_column width=&#8221;1\/4&#8243;]<div class=\"authorities-container__box\"><figure><img decoding=\"async\" data-src=\"https:\/\/www.uoh.cl\/extension\/wp-content\/uploads\/sites\/14\/2023\/11\/Escuelas-y-memorias-600x600.jpg\" src=\"data:image\/svg+xml;base64,PHN2ZyB3aWR0aD0iMSIgaGVpZ2h0PSIxIiB4bWxucz0iaHR0cDovL3d3dy53My5vcmcvMjAwMC9zdmciPjwvc3ZnPg==\" class=\"lazyload\" style=\"--smush-placeholder-width: 600px; --smush-placeholder-aspect-ratio: 600\/600;\" \/><figcaption> <a href=\"https:\/\/www.uoh.cl\/extension\/escuelas-y-memorias-de-la-region-de-ohiggins\" title=\"\" target=\"_blank\"><div class=\"flex\">Escuelas y Memorias de la Regi\u00f3n de O\u2019Higgins<\/div><svg version=\"1.1\" xmlns=\"http:\/\/www.w3.org\/2000\/svg\" xmlns:xlink=\"http:\/\/www.w3.org\/1999\/xlink\" x=\"0px\" y=\"0px\" width=\"22px\"height=\"22px\" viewBox=\"0 0 22 22\" style=\"overflow:visible;enable-background:new 0 0 80 64.6;\" xml:space=\"preserve\"><g clip-path=\"url(#acA)\"><path fill-rule=\"evenodd\" d=\"M21.913 11.266a.93.93 0 000-.711c-.022-.056-.063-.097-.091-.144s-.053-.103-.097-.15L12.306.294c-.357-.379-.955-.394-1.334-.038s-.394.955-.038 1.334l7.917 8.374H.927a.95.95 0 00-.908.983.946.946 0 00.908.908h17.924l-8.089 8.552c-.357.379-.341.977.034 1.334s.977.341 1.334-.034l9.594-10.148c.044-.044.063-.1.097-.15.028-.047.069-.088.091-.141z\"\/><\/g><defs><clipPath id=\"acA\"><path fill=\"#fff\" d=\"M0 0h22v22H0z\"\/><\/clipPath><\/defs><\/svg><\/a><\/figcaption><\/figure><\/div>[\/vc_column][\/vc_row][\/vc_section][vc_section css=&#8221;.vc_custom_1649210787516{background-color: #f6faff !important;}&#8221; el_class=&#8221;p-md-0 pt-md-5 pb-md-5&#8243;][vc_row el_class=&#8221;container mx-auto align-items-center&#8221;][vc_column][\/vc_column][\/vc_row][\/vc_section]<\/p>\n<\/div>","protected":false},"excerpt":{"rendered":"<p>[vc_row][vc_column][\/vc_column][\/vc_row][vc_section el_class=&#8221;container mx-auto align-items-center circle&#8211;pattern&#8221; css=&#8221;.vc_custom_1648956589196{padding-top: 3rem !important;}&#8221;][vc_row el_class=&#8221;pb-5&#8243;][vc_column][vc_wp_custommenu nav_menu=&#8221;3&#8243;][vc_row_inner][vc_column_inner width=&#8221;1\/2&#8243;][vc_single_image image=&#8221;1828&#8243; img_size=&#8221;large&#8221;][\/vc_column_inner][vc_column_inner width=&#8221;1\/2&#8243;][vc_column_text]El Canto a lo Poeta es una forma de expresi\u00f3n cultural tradicional de la Regi\u00f3n de O\u2019Higgins en Chile. Esta manifestaci\u00f3n art\u00edstica se caracteriza por la improvisaci\u00f3n de versos y la m\u00fasica tradicional chilena, y ha sido transmitida de generaci\u00f3n en generaci\u00f3n [&hellip;]<\/p>\n","protected":false},"author":23,"featured_media":0,"parent":0,"menu_order":0,"comment_status":"closed","ping_status":"closed","template":"","meta":{"_acf_changed":false,"footnotes":""},"class_list":["post-1826","page","type-page","status-publish","hentry"],"acf":[],"yoast_head":"<!-- This site is optimized with the Yoast SEO plugin v26.6 - https:\/\/yoast.com\/wordpress\/plugins\/seo\/ -->\n<title>Patrimonio Cultural - Direcci\u00f3n de Cultura Patrimonio y Extensi\u00f3n UOH<\/title>\n<meta name=\"robots\" content=\"index, follow, max-snippet:-1, max-image-preview:large, max-video-preview:-1\" \/>\n<link rel=\"canonical\" href=\"https:\/\/www.uoh.cl\/extension\/patrimonio-cultural\" \/>\n<meta property=\"og:locale\" content=\"es_ES\" \/>\n<meta property=\"og:type\" content=\"article\" \/>\n<meta property=\"og:title\" content=\"Patrimonio Cultural - Direcci\u00f3n de Cultura Patrimonio y Extensi\u00f3n UOH\" \/>\n<meta property=\"og:description\" content=\"[vc_row][vc_column][\/vc_column][\/vc_row][vc_section el_class=&#8221;container mx-auto align-items-center circle&#8211;pattern&#8221; css=&#8221;.vc_custom_1648956589196{padding-top: 3rem !important;}&#8221;][vc_row el_class=&#8221;pb-5&#8243;][vc_column][vc_wp_custommenu nav_menu=&#8221;3&#8243;][vc_row_inner][vc_column_inner width=&#8221;1\/2&#8243;][vc_single_image image=&#8221;1828&#8243; img_size=&#8221;large&#8221;][\/vc_column_inner][vc_column_inner width=&#8221;1\/2&#8243;][vc_column_text]El Canto a lo Poeta es una forma de expresi\u00f3n cultural tradicional de la Regi\u00f3n de O\u2019Higgins en Chile. Esta manifestaci\u00f3n art\u00edstica se caracteriza por la improvisaci\u00f3n de versos y la m\u00fasica tradicional chilena, y ha sido transmitida de generaci\u00f3n en generaci\u00f3n [&hellip;]\" \/>\n<meta property=\"og:url\" content=\"https:\/\/www.uoh.cl\/extension\/patrimonio-cultural\" \/>\n<meta property=\"og:site_name\" content=\"Direcci\u00f3n de Cultura Patrimonio y Extensi\u00f3n UOH\" \/>\n<meta property=\"article:modified_time\" content=\"2023-12-06T19:02:17+00:00\" \/>\n<meta name=\"twitter:card\" content=\"summary_large_image\" \/>\n<meta name=\"twitter:label1\" content=\"Tiempo estimado de lectura\" \/>\n\t<meta name=\"twitter:data1\" content=\"3 minutos\" \/>\n<script type=\"application\/ld+json\" class=\"yoast-schema-graph\">{\"@context\":\"https:\/\/schema.org\",\"@graph\":[{\"@type\":\"WebPage\",\"@id\":\"https:\/\/www.uoh.cl\/extension\/patrimonio-cultural\",\"url\":\"https:\/\/www.uoh.cl\/extension\/patrimonio-cultural\",\"name\":\"Patrimonio Cultural - Direcci\u00f3n de Cultura Patrimonio y Extensi\u00f3n UOH\",\"isPartOf\":{\"@id\":\"https:\/\/www.uoh.cl\/extension\/#website\"},\"datePublished\":\"2023-11-19T00:51:23+00:00\",\"dateModified\":\"2023-12-06T19:02:17+00:00\",\"inLanguage\":\"es-CL\",\"potentialAction\":[{\"@type\":\"ReadAction\",\"target\":[\"https:\/\/www.uoh.cl\/extension\/patrimonio-cultural\"]}]},{\"@type\":\"WebSite\",\"@id\":\"https:\/\/www.uoh.cl\/extension\/#website\",\"url\":\"https:\/\/www.uoh.cl\/extension\/\",\"name\":\"Direcci\u00f3n de Cultura Patrimonio y Extensi\u00f3n UOH\",\"description\":\"Otro sitio de Sitios de Universidad O&#039;higgins\",\"potentialAction\":[{\"@type\":\"SearchAction\",\"target\":{\"@type\":\"EntryPoint\",\"urlTemplate\":\"https:\/\/www.uoh.cl\/extension\/?s={search_term_string}\"},\"query-input\":{\"@type\":\"PropertyValueSpecification\",\"valueRequired\":true,\"valueName\":\"search_term_string\"}}],\"inLanguage\":\"es-CL\"}]}<\/script>\n<!-- \/ Yoast SEO plugin. -->","yoast_head_json":{"title":"Patrimonio Cultural - Direcci\u00f3n de Cultura Patrimonio y Extensi\u00f3n UOH","robots":{"index":"index","follow":"follow","max-snippet":"max-snippet:-1","max-image-preview":"max-image-preview:large","max-video-preview":"max-video-preview:-1"},"canonical":"https:\/\/www.uoh.cl\/extension\/patrimonio-cultural","og_locale":"es_ES","og_type":"article","og_title":"Patrimonio Cultural - Direcci\u00f3n de Cultura Patrimonio y Extensi\u00f3n UOH","og_description":"[vc_row][vc_column][\/vc_column][\/vc_row][vc_section el_class=&#8221;container mx-auto align-items-center circle&#8211;pattern&#8221; css=&#8221;.vc_custom_1648956589196{padding-top: 3rem !important;}&#8221;][vc_row el_class=&#8221;pb-5&#8243;][vc_column][vc_wp_custommenu nav_menu=&#8221;3&#8243;][vc_row_inner][vc_column_inner width=&#8221;1\/2&#8243;][vc_single_image image=&#8221;1828&#8243; img_size=&#8221;large&#8221;][\/vc_column_inner][vc_column_inner width=&#8221;1\/2&#8243;][vc_column_text]El Canto a lo Poeta es una forma de expresi\u00f3n cultural tradicional de la Regi\u00f3n de O\u2019Higgins en Chile. Esta manifestaci\u00f3n art\u00edstica se caracteriza por la improvisaci\u00f3n de versos y la m\u00fasica tradicional chilena, y ha sido transmitida de generaci\u00f3n en generaci\u00f3n [&hellip;]","og_url":"https:\/\/www.uoh.cl\/extension\/patrimonio-cultural","og_site_name":"Direcci\u00f3n de Cultura Patrimonio y Extensi\u00f3n UOH","article_modified_time":"2023-12-06T19:02:17+00:00","twitter_card":"summary_large_image","twitter_misc":{"Tiempo estimado de lectura":"3 minutos"},"schema":{"@context":"https:\/\/schema.org","@graph":[{"@type":"WebPage","@id":"https:\/\/www.uoh.cl\/extension\/patrimonio-cultural","url":"https:\/\/www.uoh.cl\/extension\/patrimonio-cultural","name":"Patrimonio Cultural - Direcci\u00f3n de Cultura Patrimonio y Extensi\u00f3n UOH","isPartOf":{"@id":"https:\/\/www.uoh.cl\/extension\/#website"},"datePublished":"2023-11-19T00:51:23+00:00","dateModified":"2023-12-06T19:02:17+00:00","inLanguage":"es-CL","potentialAction":[{"@type":"ReadAction","target":["https:\/\/www.uoh.cl\/extension\/patrimonio-cultural"]}]},{"@type":"WebSite","@id":"https:\/\/www.uoh.cl\/extension\/#website","url":"https:\/\/www.uoh.cl\/extension\/","name":"Direcci\u00f3n de Cultura Patrimonio y Extensi\u00f3n UOH","description":"Otro sitio de Sitios de Universidad O&#039;higgins","potentialAction":[{"@type":"SearchAction","target":{"@type":"EntryPoint","urlTemplate":"https:\/\/www.uoh.cl\/extension\/?s={search_term_string}"},"query-input":{"@type":"PropertyValueSpecification","valueRequired":true,"valueName":"search_term_string"}}],"inLanguage":"es-CL"}]}},"_links":{"self":[{"href":"https:\/\/www.uoh.cl\/extension\/wp-json\/wp\/v2\/pages\/1826","targetHints":{"allow":["GET"]}}],"collection":[{"href":"https:\/\/www.uoh.cl\/extension\/wp-json\/wp\/v2\/pages"}],"about":[{"href":"https:\/\/www.uoh.cl\/extension\/wp-json\/wp\/v2\/types\/page"}],"author":[{"embeddable":true,"href":"https:\/\/www.uoh.cl\/extension\/wp-json\/wp\/v2\/users\/23"}],"replies":[{"embeddable":true,"href":"https:\/\/www.uoh.cl\/extension\/wp-json\/wp\/v2\/comments?post=1826"}],"version-history":[{"count":10,"href":"https:\/\/www.uoh.cl\/extension\/wp-json\/wp\/v2\/pages\/1826\/revisions"}],"predecessor-version":[{"id":1872,"href":"https:\/\/www.uoh.cl\/extension\/wp-json\/wp\/v2\/pages\/1826\/revisions\/1872"}],"wp:attachment":[{"href":"https:\/\/www.uoh.cl\/extension\/wp-json\/wp\/v2\/media?parent=1826"}],"curies":[{"name":"wp","href":"https:\/\/api.w.org\/{rel}","templated":true}]}}