
{"id":1533,"date":"2023-07-18T15:37:58","date_gmt":"2023-07-18T18:37:58","guid":{"rendered":"https:\/\/www.uoh.cl\/extension\/?page_id=1533"},"modified":"2023-11-17T21:01:12","modified_gmt":"2023-11-18T00:01:12","slug":"acto-constitutivo-de-la-corporacion-sitio-de-conciencia-y-memorias-para-el-nunca-mas-de-la-region-de-ohiggins","status":"publish","type":"page","link":"https:\/\/www.uoh.cl\/extension\/acto-constitutivo-de-la-corporacion-sitio-de-conciencia-y-memorias-para-el-nunca-mas-de-la-region-de-ohiggins","title":{"rendered":"Acto Constitutivo de la \u201cCorporaci\u00f3n Sitio de Conciencia y Memorias para el Nunca M\u00e1s de la Regi\u00f3n de O\u2019Higgins&#8221;"},"content":{"rendered":"<div class=\"wpb-content-wrapper\"><p>[vc_section el_class=&#8221;container mx-auto align-items-center circle&#8211;pattern&#8221; css=&#8221;.vc_custom_1648956589196{padding-top: 3rem !important;}&#8221;][vc_row el_class=&#8221;pb-5&#8243;][vc_column][vc_wp_custommenu nav_menu=&#8221;6&#8243;]<div class=\"breadcrumb\"><ol itemscope itemtype=\"https:\/\/schema.org\/BreadcrumbList\"><li itemprop=\"itemListElement\" itemscope itemtype=\"https:\/\/schema.org\/ListItem\"><a itemprop=\"item\" href=\"http:\/\/www.uoh.cl\"><span itemprop=\"name\">Inicio<\/span><\/a><meta itemprop=\"position\" content=\"1\" \/><li itemprop=\"itemListElement\" itemscope itemtype=\"https:\/\/schema.org\/ListItem\"><a itemprop=\"item\" href=\"https:\/\/www.uoh.cl\/extension\"><span itemprop=\"name\">Direcci\u00f3n de Cultura Patrimonio y Extensi\u00f3n UOH<\/span><\/a><meta itemprop=\"position\" content=\"2\" \/><li itemprop=\"itemListElement\" itemscope itemtype=\"https:\/\/schema.org\/ListItem\"><span itemprop=\"name\">Acto Constitutivo de la \u201cCorporaci\u00f3n Sitio de Conciencia y Memorias <\/span><meta itemprop=\"position\" content=\"3\" \/><\/ol><\/div><div class=\"uoh_title_component-container\"><h1 class=\"title title--ms d-inline-block title--decorator  big\"> Acto Constitutivo de la \u201cCorporaci\u00f3n Sitio de Conciencia y Memorias para el Nunca M\u00e1s de la Regi\u00f3n de O\u2019Higgins&#8221;<\/h1><\/div>[vc_single_image image=&#8221;1603&#8243; img_size=&#8221;full&#8221; alignment=&#8221;center&#8221;][vc_zigzag color=&#8221;white&#8221;][vc_column_text]<span style=\"font-weight: 400\">La \u201cCorporaci\u00f3n Sitio de Conciencia y Memorias para el Nunca M\u00e1s de la Regi\u00f3n de O\u2019Higgins\u201d se constituy\u00f3 el 20 de abril de 2023 en la Universidad de O\u2019Higgins. Esta iniciativa, fruto de la colaboraci\u00f3n entre diversas organizaciones y miembros de la sociedad civil, tiene como objetivo promover y educar en una cultura de derechos humanos en la Regi\u00f3n de O\u2019Higgins.<\/span><\/p>\n<p><span style=\"font-weight: 400\">La corporaci\u00f3n busca preservar la memoria hist\u00f3rica de los procesos sociales y pol\u00edticos de la Unidad Popular, as\u00ed como denunciar y contribuir a la investigaci\u00f3n de los cr\u00edmenes cometidos durante la dictadura militar. Tambi\u00e9n se compromete a realizar acciones de reparaci\u00f3n simb\u00f3lica a las v\u00edctimas y sobrevivientes de violaciones a los derechos humanos.<\/span><\/p>\n<p><span style=\"font-weight: 400\">Adem\u00e1s, la corporaci\u00f3n promover\u00e1 una cultura de derechos humanos, la valoraci\u00f3n de la democracia y la protecci\u00f3n del patrimonio regional. Organizar\u00e1 actividades culturales, seminarios y eventos, as\u00ed como generar\u00e1 material audiovisual y publicaciones relacionadas con sus objetivos.\u00a0<\/span><\/p>\n<p><span style=\"font-weight: 400\">Asimismo, se encargar\u00e1 de crear y administrar el &#8220;Sitio de Conciencia y Memorias para el Nunca M\u00e1s de la Regi\u00f3n de O\u2019Higgins&#8221;, un lugar de memoria ubicado en la ciudad de Rancagua.<\/span><\/p>\n<p><span style=\"font-weight: 400\">La corporaci\u00f3n tambi\u00e9n trabajar\u00e1 en establecer y participar en redes locales, nacionales e internacionales relacionadas con los derechos humanos, la memoria, el patrimonio y la cultura. Adem\u00e1s, gestionar\u00e1 fondos y proyectos para avanzar en sus objetivos.<\/span><\/p>\n<p><span style=\"font-weight: 400\">Este proyecto fue desarrollado en el marco del Programa de Promoci\u00f3n de la Memoria y los Derechos Humanos en la Regi\u00f3n de O\u2019Higgins de la Direcci\u00f3n de Cultura, Patrimonio y Extensi\u00f3n.<\/span>[\/vc_column_text][\/vc_column][\/vc_row][vc_row][vc_column]<div class=\"uoh_link_component pe-4 d-inline-block py-1 button_icon inline\"><i class=\"me-2 fas fa-paperclip\" style=\"color: #42a0f8\"><\/i><a href=\"https:\/\/www.uoh.cl\/se-constituye-en-la-uoh-corporacion-para-la-defensa-de-los-derechos-humanos\/\"\n                                    class=\"link link--bold component__btn-content\"\n                                    title\"\"\n                                    target=\"_blank\"\n                                    rel=\"\">Puedes revisar m\u00e1s aqu\u00ed<span class=\"icon icon--inline icon--link\"><svg version=\"1.1\" xmlns=\"http:\/\/www.w3.org\/2000\/svg\" xmlns:xlink=\"http:\/\/www.w3.org\/1999\/xlink\" x=\"0px\" y=\"0px\" width=\"22px\"height=\"22px\" viewBox=\"0 0 22 22\" style=\"overflow:visible;enable-background:new 0 0 80 64.6;\" xml:space=\"preserve\"><g clip-path=\"url(#acA)\"><path fill-rule=\"evenodd\" d=\"M21.913 11.266a.93.93 0 000-.711c-.022-.056-.063-.097-.091-.144s-.053-.103-.097-.15L12.306.294c-.357-.379-.955-.394-1.334-.038s-.394.955-.038 1.334l7.917 8.374H.927a.95.95 0 00-.908.983.946.946 0 00.908.908h17.924l-8.089 8.552c-.357.379-.341.977.034 1.334s.977.341 1.334-.034l9.594-10.148c.044-.044.063-.1.097-.15.028-.047.069-.088.091-.141z\"\/><\/g><defs><clipPath id=\"acA\"><path fill=\"#fff\" d=\"M0 0h22v22H0z\"\/><\/clipPath><\/defs><\/svg><\/span><\/a><\/div>[vc_zigzag color=&#8221;white&#8221;][\/vc_column][\/vc_row][\/vc_section][vc_section css=&#8221;.vc_custom_1649209804184{background-color: #f6faff !important;}&#8221; el_class=&#8221;p-md-0 pt-md-5&#8243;][vc_row el_class=&#8221;container mx-auto align-items-center p-md-0 pt-5&#8243;][vc_column el_class=&#8221;p-0&#8243;][\/vc_column][\/vc_row][\/vc_section][vc_section css=&#8221;.vc_custom_1649210787516{background-color: #f6faff !important;}&#8221; el_class=&#8221;p-md-0 pt-md-5 pb-md-5&#8243;][vc_row el_class=&#8221;container mx-auto align-items-center&#8221;][vc_column][\/vc_column][\/vc_row][\/vc_section]<\/p>\n<\/div>","protected":false},"excerpt":{"rendered":"<p>[vc_section el_class=&#8221;container mx-auto align-items-center circle&#8211;pattern&#8221; css=&#8221;.vc_custom_1648956589196{padding-top: 3rem !important;}&#8221;][vc_row el_class=&#8221;pb-5&#8243;][vc_column][vc_wp_custommenu nav_menu=&#8221;6&#8243;][vc_single_image image=&#8221;1603&#8243; img_size=&#8221;full&#8221; alignment=&#8221;center&#8221;][vc_zigzag color=&#8221;white&#8221;][vc_column_text]La \u201cCorporaci\u00f3n Sitio de Conciencia y Memorias para el Nunca M\u00e1s de la Regi\u00f3n de O\u2019Higgins\u201d se constituy\u00f3 el 20 de abril de 2023 en la Universidad de O\u2019Higgins. Esta iniciativa, fruto de la colaboraci\u00f3n entre diversas organizaciones y miembros de la [&hellip;]<\/p>\n","protected":false},"author":23,"featured_media":0,"parent":0,"menu_order":0,"comment_status":"closed","ping_status":"closed","template":"","meta":{"_acf_changed":false,"footnotes":""},"class_list":["post-1533","page","type-page","status-publish","hentry"],"acf":[],"yoast_head":"<!-- This site is optimized with the Yoast SEO plugin v26.6 - https:\/\/yoast.com\/wordpress\/plugins\/seo\/ -->\n<title>Acto Constitutivo de la \u201cCorporaci\u00f3n Sitio de Conciencia y Memorias para el Nunca M\u00e1s de la Regi\u00f3n de O\u2019Higgins&quot; - Direcci\u00f3n de Cultura Patrimonio y Extensi\u00f3n UOH<\/title>\n<meta name=\"robots\" content=\"index, follow, max-snippet:-1, max-image-preview:large, max-video-preview:-1\" \/>\n<link rel=\"canonical\" href=\"https:\/\/www.uoh.cl\/extension\/acto-constitutivo-de-la-corporacion-sitio-de-conciencia-y-memorias-para-el-nunca-mas-de-la-region-de-ohiggins\" \/>\n<meta property=\"og:locale\" content=\"es_ES\" \/>\n<meta property=\"og:type\" content=\"article\" \/>\n<meta property=\"og:title\" content=\"Acto Constitutivo de la \u201cCorporaci\u00f3n Sitio de Conciencia y Memorias para el Nunca M\u00e1s de la Regi\u00f3n de O\u2019Higgins&quot; - Direcci\u00f3n de Cultura Patrimonio y Extensi\u00f3n UOH\" \/>\n<meta property=\"og:description\" content=\"[vc_section el_class=&#8221;container mx-auto align-items-center circle&#8211;pattern&#8221; css=&#8221;.vc_custom_1648956589196{padding-top: 3rem !important;}&#8221;][vc_row el_class=&#8221;pb-5&#8243;][vc_column][vc_wp_custommenu nav_menu=&#8221;6&#8243;][vc_single_image image=&#8221;1603&#8243; img_size=&#8221;full&#8221; alignment=&#8221;center&#8221;][vc_zigzag color=&#8221;white&#8221;][vc_column_text]La \u201cCorporaci\u00f3n Sitio de Conciencia y Memorias para el Nunca M\u00e1s de la Regi\u00f3n de O\u2019Higgins\u201d se constituy\u00f3 el 20 de abril de 2023 en la Universidad de O\u2019Higgins. Esta iniciativa, fruto de la colaboraci\u00f3n entre diversas organizaciones y miembros de la [&hellip;]\" \/>\n<meta property=\"og:url\" content=\"https:\/\/www.uoh.cl\/extension\/acto-constitutivo-de-la-corporacion-sitio-de-conciencia-y-memorias-para-el-nunca-mas-de-la-region-de-ohiggins\" \/>\n<meta property=\"og:site_name\" content=\"Direcci\u00f3n de Cultura Patrimonio y Extensi\u00f3n UOH\" \/>\n<meta property=\"article:modified_time\" content=\"2023-11-18T00:01:12+00:00\" \/>\n<meta name=\"twitter:card\" content=\"summary_large_image\" \/>\n<meta name=\"twitter:label1\" content=\"Tiempo estimado de lectura\" \/>\n\t<meta name=\"twitter:data1\" content=\"2 minutos\" \/>\n<script type=\"application\/ld+json\" class=\"yoast-schema-graph\">{\"@context\":\"https:\/\/schema.org\",\"@graph\":[{\"@type\":\"WebPage\",\"@id\":\"https:\/\/www.uoh.cl\/extension\/acto-constitutivo-de-la-corporacion-sitio-de-conciencia-y-memorias-para-el-nunca-mas-de-la-region-de-ohiggins\",\"url\":\"https:\/\/www.uoh.cl\/extension\/acto-constitutivo-de-la-corporacion-sitio-de-conciencia-y-memorias-para-el-nunca-mas-de-la-region-de-ohiggins\",\"name\":\"Acto Constitutivo de la \u201cCorporaci\u00f3n Sitio de Conciencia y Memorias para el Nunca M\u00e1s de la Regi\u00f3n de O\u2019Higgins\\\" - Direcci\u00f3n de Cultura Patrimonio y Extensi\u00f3n UOH\",\"isPartOf\":{\"@id\":\"https:\/\/www.uoh.cl\/extension\/#website\"},\"datePublished\":\"2023-07-18T18:37:58+00:00\",\"dateModified\":\"2023-11-18T00:01:12+00:00\",\"inLanguage\":\"es-CL\",\"potentialAction\":[{\"@type\":\"ReadAction\",\"target\":[\"https:\/\/www.uoh.cl\/extension\/acto-constitutivo-de-la-corporacion-sitio-de-conciencia-y-memorias-para-el-nunca-mas-de-la-region-de-ohiggins\"]}]},{\"@type\":\"WebSite\",\"@id\":\"https:\/\/www.uoh.cl\/extension\/#website\",\"url\":\"https:\/\/www.uoh.cl\/extension\/\",\"name\":\"Direcci\u00f3n de Cultura Patrimonio y Extensi\u00f3n UOH\",\"description\":\"Otro sitio de Sitios de Universidad O&#039;higgins\",\"potentialAction\":[{\"@type\":\"SearchAction\",\"target\":{\"@type\":\"EntryPoint\",\"urlTemplate\":\"https:\/\/www.uoh.cl\/extension\/?s={search_term_string}\"},\"query-input\":{\"@type\":\"PropertyValueSpecification\",\"valueRequired\":true,\"valueName\":\"search_term_string\"}}],\"inLanguage\":\"es-CL\"}]}<\/script>\n<!-- \/ Yoast SEO plugin. -->","yoast_head_json":{"title":"Acto Constitutivo de la \u201cCorporaci\u00f3n Sitio de Conciencia y Memorias para el Nunca M\u00e1s de la Regi\u00f3n de O\u2019Higgins\" - Direcci\u00f3n de Cultura Patrimonio y Extensi\u00f3n UOH","robots":{"index":"index","follow":"follow","max-snippet":"max-snippet:-1","max-image-preview":"max-image-preview:large","max-video-preview":"max-video-preview:-1"},"canonical":"https:\/\/www.uoh.cl\/extension\/acto-constitutivo-de-la-corporacion-sitio-de-conciencia-y-memorias-para-el-nunca-mas-de-la-region-de-ohiggins","og_locale":"es_ES","og_type":"article","og_title":"Acto Constitutivo de la \u201cCorporaci\u00f3n Sitio de Conciencia y Memorias para el Nunca M\u00e1s de la Regi\u00f3n de O\u2019Higgins\" - Direcci\u00f3n de Cultura Patrimonio y Extensi\u00f3n UOH","og_description":"[vc_section el_class=&#8221;container mx-auto align-items-center circle&#8211;pattern&#8221; css=&#8221;.vc_custom_1648956589196{padding-top: 3rem !important;}&#8221;][vc_row el_class=&#8221;pb-5&#8243;][vc_column][vc_wp_custommenu nav_menu=&#8221;6&#8243;][vc_single_image image=&#8221;1603&#8243; img_size=&#8221;full&#8221; alignment=&#8221;center&#8221;][vc_zigzag color=&#8221;white&#8221;][vc_column_text]La \u201cCorporaci\u00f3n Sitio de Conciencia y Memorias para el Nunca M\u00e1s de la Regi\u00f3n de O\u2019Higgins\u201d se constituy\u00f3 el 20 de abril de 2023 en la Universidad de O\u2019Higgins. Esta iniciativa, fruto de la colaboraci\u00f3n entre diversas organizaciones y miembros de la [&hellip;]","og_url":"https:\/\/www.uoh.cl\/extension\/acto-constitutivo-de-la-corporacion-sitio-de-conciencia-y-memorias-para-el-nunca-mas-de-la-region-de-ohiggins","og_site_name":"Direcci\u00f3n de Cultura Patrimonio y Extensi\u00f3n UOH","article_modified_time":"2023-11-18T00:01:12+00:00","twitter_card":"summary_large_image","twitter_misc":{"Tiempo estimado de lectura":"2 minutos"},"schema":{"@context":"https:\/\/schema.org","@graph":[{"@type":"WebPage","@id":"https:\/\/www.uoh.cl\/extension\/acto-constitutivo-de-la-corporacion-sitio-de-conciencia-y-memorias-para-el-nunca-mas-de-la-region-de-ohiggins","url":"https:\/\/www.uoh.cl\/extension\/acto-constitutivo-de-la-corporacion-sitio-de-conciencia-y-memorias-para-el-nunca-mas-de-la-region-de-ohiggins","name":"Acto Constitutivo de la \u201cCorporaci\u00f3n Sitio de Conciencia y Memorias para el Nunca M\u00e1s de la Regi\u00f3n de O\u2019Higgins\" - Direcci\u00f3n de Cultura Patrimonio y Extensi\u00f3n UOH","isPartOf":{"@id":"https:\/\/www.uoh.cl\/extension\/#website"},"datePublished":"2023-07-18T18:37:58+00:00","dateModified":"2023-11-18T00:01:12+00:00","inLanguage":"es-CL","potentialAction":[{"@type":"ReadAction","target":["https:\/\/www.uoh.cl\/extension\/acto-constitutivo-de-la-corporacion-sitio-de-conciencia-y-memorias-para-el-nunca-mas-de-la-region-de-ohiggins"]}]},{"@type":"WebSite","@id":"https:\/\/www.uoh.cl\/extension\/#website","url":"https:\/\/www.uoh.cl\/extension\/","name":"Direcci\u00f3n de Cultura Patrimonio y Extensi\u00f3n UOH","description":"Otro sitio de Sitios de Universidad O&#039;higgins","potentialAction":[{"@type":"SearchAction","target":{"@type":"EntryPoint","urlTemplate":"https:\/\/www.uoh.cl\/extension\/?s={search_term_string}"},"query-input":{"@type":"PropertyValueSpecification","valueRequired":true,"valueName":"search_term_string"}}],"inLanguage":"es-CL"}]}},"_links":{"self":[{"href":"https:\/\/www.uoh.cl\/extension\/wp-json\/wp\/v2\/pages\/1533","targetHints":{"allow":["GET"]}}],"collection":[{"href":"https:\/\/www.uoh.cl\/extension\/wp-json\/wp\/v2\/pages"}],"about":[{"href":"https:\/\/www.uoh.cl\/extension\/wp-json\/wp\/v2\/types\/page"}],"author":[{"embeddable":true,"href":"https:\/\/www.uoh.cl\/extension\/wp-json\/wp\/v2\/users\/23"}],"replies":[{"embeddable":true,"href":"https:\/\/www.uoh.cl\/extension\/wp-json\/wp\/v2\/comments?post=1533"}],"version-history":[{"count":6,"href":"https:\/\/www.uoh.cl\/extension\/wp-json\/wp\/v2\/pages\/1533\/revisions"}],"predecessor-version":[{"id":1802,"href":"https:\/\/www.uoh.cl\/extension\/wp-json\/wp\/v2\/pages\/1533\/revisions\/1802"}],"wp:attachment":[{"href":"https:\/\/www.uoh.cl\/extension\/wp-json\/wp\/v2\/media?parent=1533"}],"curies":[{"name":"wp","href":"https:\/\/api.w.org\/{rel}","templated":true}]}}