
{"id":1183,"date":"2023-03-17T14:11:08","date_gmt":"2023-03-17T17:11:08","guid":{"rendered":"https:\/\/www.uoh.cl\/extension\/?page_id=1183"},"modified":"2023-10-04T12:22:18","modified_gmt":"2023-10-04T15:22:18","slug":"nodos-de-cultura-en-movimiento","status":"publish","type":"page","link":"https:\/\/www.uoh.cl\/extension\/nodos-de-cultura-en-movimiento","title":{"rendered":"Nodos de Cultura en Movimiento"},"content":{"rendered":"<div class=\"wpb-content-wrapper\"><p>[vc_row][vc_column]<div class=\"uoh_slider_featured_component component__featured-slide row mx-auto col-12 m-0 align-items-center position-relative lazyload\" style=\" background:inherit\" data-bg=\"url(https:\/\/www.uoh.cl\/extension\/wp-content\/uploads\/sites\/14\/2023\/05\/Banner3.jpg)\"><div class=\"caption--degrade\"><svg  xmlns=\"http:\/\/www.w3.org\/2000\/svg\" xmlns:xlink=\"http:\/\/www.w3.org\/1999\/xlink\" width=\"1061px\" height=\"539px\"><defs><linearGradient id=\"PSgrad_0\" x1=\"0%\" x2=\"64.279%\" y1=\"76.604%\" y2=\"0%\"><stop offset=\"0%\" stop-color=\"rgb(66,160,248)\" stop-opacity=\"1\" \/><stop offset=\"100%\" stop-color=\"rgb(66,160,248)\" stop-opacity=\"0\" \/><\/linearGradient><\/defs><path fill-rule=\"evenodd\"  fill=\"none\" d=\"M311.000,515.000 C311.000,515.000 211.039,468.555 132.000,357.000 C21.864,201.555 -4.306,4.695 1.000,0.000 L196.000,0.000 L811.000,0.000 L1061.000,0.000 C1061.000,0.000 851.535,430.030 546.000,521.000 C402.674,563.674 311.000,515.000 311.000,515.000 Z\"\/> <path fill=\"url(#PSgrad_0)\"d=\"M311.000,515.000 C311.000,515.000 211.039,468.555 132.000,357.000 C21.864,201.555 -4.306,4.695 1.000,0.000 L196.000,0.000 L811.000,0.000 L1061.000,0.000 C1061.000,0.000 851.535,430.030 546.000,521.000 C402.674,563.674 311.000,515.000 311.000,515.000 Z\"\/><\/svg><\/div><div class=\"caption--quote\"><svg xmlns=\"http:\/\/www.w3.org\/2000\/svg\" xmlns:xlink=\"http:\/\/www.w3.org\/1999\/xlink\"width=\"226px\" height=\"273px\"><defs><linearGradient id=\"PSgrad_0\" x1=\"71.934%\" x2=\"0%\" y1=\"69.466%\" y2=\"0%\"><stop offset=\"0%\" stop-color=\"rgb(66,160,248)\" stop-opacity=\"0.49\" \/><stop offset=\"100%\" stop-color=\"rgb(66,160,248)\" stop-opacity=\"0\" \/><\/linearGradient><\/defs><path fill-rule=\"evenodd\"  fill=\"none\" d=\"M-0.000,273.000 L174.000,273.000 C174.000,273.000 226.000,266.268 226.000,221.000 C226.000,175.732 226.000,-0.000 226.000,-0.000 C226.000,-0.000 24.577,71.878 -0.000,273.000 Z\"\/><path fill=\"url(#PSgrad_0)\"d=\"M-0.000,273.000 L174.000,273.000 C174.000,273.000 226.000,266.268 226.000,221.000 C226.000,175.732 226.000,-0.000 226.000,-0.000 C226.000,-0.000 24.577,71.878 -0.000,273.000 Z\"\/><\/svg><\/div><div class=\"my-uoh_slider_featured_component container mx-auto p-md-0\" ><div class=\"content component__featured-slide-content container row mx-auto aling-items-center p-0\"><h1 class=\"p-0 featured-slide title\"  style=\"\"><em>Te damos la bienvenida<\/em>al Proyecto Nodos de Cultura en Movimiento<\/h1><\/div><span><\/span><\/div><\/div>[\/vc_column][\/vc_row][vc_row el_class=&#8221;container mx-auto align-items-center&#8221;][vc_column]<div class=\"breadcrumb\"><ol itemscope itemtype=\"https:\/\/schema.org\/BreadcrumbList\"><li itemprop=\"itemListElement\" itemscope itemtype=\"https:\/\/schema.org\/ListItem\"><a itemprop=\"item\" href=\"http:\/\/www.uoh.cl\"><span itemprop=\"name\">Inicio<\/span><\/a><meta itemprop=\"position\" content=\"1\" \/><li itemprop=\"itemListElement\" itemscope itemtype=\"https:\/\/schema.org\/ListItem\"><a itemprop=\"item\" href=\"https:\/\/www.uoh.cl\/extension\"><span itemprop=\"name\">Direcci\u00f3n de Cultura Patrimonio y Extensi\u00f3n UOH<\/span><\/a><meta itemprop=\"position\" content=\"2\" \/><li itemprop=\"itemListElement\" itemscope itemtype=\"https:\/\/schema.org\/ListItem\"><span itemprop=\"name\">Nodos de Cultura en Movimiento <\/span><meta itemprop=\"position\" content=\"3\" \/><\/ol><\/div>[vc_wp_custommenu nav_menu=&#8221;3&#8243;]<div class=\"uoh_title_component-container\"><h1 class=\"title title--ms d-inline-block title--decorator  big\">Nodos de Cultura en Movimiento<\/h1><\/div>[\/vc_column][\/vc_row][vc_section el_class=&#8221;container mx-auto p-0 align-items-center text-right&#8221;][vc_row el_class=&#8221;container mx-auto align-items-center&#8221;][vc_column][vc_column_text]<span style=\"font-weight: 400\">La Direcci\u00f3n de Cultura, Patrimonio y Extensi\u00f3n de la Universidad de O\u2019Higgins, y la Seremi de las Culturas, las Artes y el Patrimonio, te invitan a participar en los talleres gratuitos en las \u00e1reas art\u00edstico-patrimoniales del Proyecto \u201cNodos de Cultura en Movimiento\u201d.<\/span>[\/vc_column_text][vc_zigzag color=&#8221;white&#8221;][\/vc_column][\/vc_row][\/vc_section][vc_section el_class=&#8221;container mx-auto p-0 align-items-center text-right&#8221;][vc_row el_class=&#8221;container mx-auto align-items-center&#8221;][vc_column]<div class=\"uoh_title_component-container\"><h1 class=\"title title--ms d-inline-block title--decorator  big\">Testimonios<\/h1><\/div>[vc_column_text]<\/p>\n<h4>Una experiencia enriquecedora<\/h4>\n<p>Los talleres gratuitos del Proyecto \u201cNodos de Cultura en Movimiento\u201d, desarrollados este 2023 en conjunto con la Seremi de las Culturas, las Artes y el Patrimonio, llegaron a m\u00e1s de 850 personas de las tres provincias de la Regi\u00f3n de O\u2019Higgins, incentivando el aprendizaje y la ense\u00f1anza art\u00edstico-patrimonial en las distintas comunidades.<\/p>\n<p>Por ac\u00e1 te dejamos una muestra de esta enriquecedora experiencia de formaci\u00f3n, que dej\u00f3 positivas sensaciones en las\/os participantes de diferentes edades, profesiones y oficios. Estamos orgullosas y orgullosos de esta gran iniciativa institucional.<\/p>\n<p><strong>\u201cNodos de Cultura en Movimiento\u201d. Reactivando redes creativas con las comunidades.<\/strong>[\/vc_column_text][vc_zigzag color=&#8221;white&#8221;][\/vc_column][\/vc_row][\/vc_section][vc_section el_class=&#8221;container mx-auto p-0 align-items-center text-right&#8221;][vc_row el_class=&#8221;container mx-auto align-items-center&#8221;][vc_column width=&#8221;1\/2&#8243;][vc_raw_html]JTNDaWZyYW1lJTIwc3JjJTNEJTIyaHR0cHMlM0ElMkYlMkZkcml2ZS5nb29nbGUuY29tJTJGZmlsZSUyRmQlMkYxZUg0NExnbjZ3QVVjdzJEdmZXS3kxTzNsYzktLWFyNjElMkZwcmV2aWV3JTIyJTIwd2lkdGglM0QlMjIxMDAlMjUlMjIlMjBoZWlnaHQlM0QlMjI0ODAlMjIlMjBhbGxvdyUzRCUyMmF1dG9wbGF5JTIyJTNFJTNDJTJGaWZyYW1lJTNF[\/vc_raw_html][\/vc_column][vc_column width=&#8221;1\/2&#8243;][vc_raw_html]JTNDaWZyYW1lJTIwc3JjJTNEJTIyaHR0cHMlM0ElMkYlMkZkcml2ZS5nb29nbGUuY29tJTJGZmlsZSUyRmQlMkYxTEVFS3FBMGQwLW9YX3ZrMTVFQmdQeGJYQk56Zk9PNnElMkZwcmV2aWV3JTIyJTIwd2lkdGglM0QlMjIxMDAlMjUlMjIlMjBoZWlnaHQlM0QlMjI0ODAlMjIlMjBhbGxvdyUzRCUyMmF1dG9wbGF5JTIyJTNFJTNDJTJGaWZyYW1lJTNF[\/vc_raw_html][\/vc_column][\/vc_row][\/vc_section][vc_section el_class=&#8221;container mx-auto p-0 align-items-center text-right&#8221;][vc_row el_class=&#8221;container mx-auto align-items-center&#8221;][vc_column][vc_column_text]<\/p>\n<p>&nbsp;<\/p>\n<p>[\/vc_column_text][\/vc_column][\/vc_row][vc_row el_class=&#8221;container mx-auto align-items-center&#8221;][vc_column][vc_column_text]Tambi\u00e9n contamos con el correo electr\u00f3nico nodosdecultura@uoh.cl.<\/p>\n<p>&nbsp;<\/p>\n<p>[\/vc_column_text][\/vc_column][\/vc_row][\/vc_section]<\/p>\n<\/div>","protected":false},"excerpt":{"rendered":"<p>[vc_row][vc_column][\/vc_column][\/vc_row][vc_row el_class=&#8221;container mx-auto align-items-center&#8221;][vc_column][vc_wp_custommenu nav_menu=&#8221;3&#8243;][\/vc_column][\/vc_row][vc_section el_class=&#8221;container mx-auto p-0 align-items-center text-right&#8221;][vc_row el_class=&#8221;container mx-auto align-items-center&#8221;][vc_column][vc_column_text]La Direcci\u00f3n de Cultura, Patrimonio y Extensi\u00f3n de la Universidad de O\u2019Higgins, y la Seremi de las Culturas, las Artes y el Patrimonio, te invitan a participar en los talleres gratuitos en las \u00e1reas art\u00edstico-patrimoniales del Proyecto \u201cNodos de Cultura en Movimiento\u201d.[\/vc_column_text][vc_zigzag color=&#8221;white&#8221;][\/vc_column][\/vc_row][\/vc_section][vc_section [&hellip;]<\/p>\n","protected":false},"author":23,"featured_media":0,"parent":0,"menu_order":0,"comment_status":"closed","ping_status":"closed","template":"","meta":{"_acf_changed":false,"footnotes":""},"class_list":["post-1183","page","type-page","status-publish","hentry"],"acf":[],"yoast_head":"<!-- This site is optimized with the Yoast SEO plugin v26.6 - https:\/\/yoast.com\/wordpress\/plugins\/seo\/ -->\n<title>Nodos de Cultura en Movimiento - Direcci\u00f3n de Cultura Patrimonio y Extensi\u00f3n UOH<\/title>\n<meta name=\"robots\" content=\"index, follow, max-snippet:-1, max-image-preview:large, max-video-preview:-1\" \/>\n<link rel=\"canonical\" href=\"https:\/\/www.uoh.cl\/extension\/nodos-de-cultura-en-movimiento\" \/>\n<meta property=\"og:locale\" content=\"es_ES\" \/>\n<meta property=\"og:type\" content=\"article\" \/>\n<meta property=\"og:title\" content=\"Nodos de Cultura en Movimiento - Direcci\u00f3n de Cultura Patrimonio y Extensi\u00f3n UOH\" \/>\n<meta property=\"og:description\" content=\"[vc_row][vc_column][\/vc_column][\/vc_row][vc_row el_class=&#8221;container mx-auto align-items-center&#8221;][vc_column][vc_wp_custommenu nav_menu=&#8221;3&#8243;][\/vc_column][\/vc_row][vc_section el_class=&#8221;container mx-auto p-0 align-items-center text-right&#8221;][vc_row el_class=&#8221;container mx-auto align-items-center&#8221;][vc_column][vc_column_text]La Direcci\u00f3n de Cultura, Patrimonio y Extensi\u00f3n de la Universidad de O\u2019Higgins, y la Seremi de las Culturas, las Artes y el Patrimonio, te invitan a participar en los talleres gratuitos en las \u00e1reas art\u00edstico-patrimoniales del Proyecto \u201cNodos de Cultura en Movimiento\u201d.[\/vc_column_text][vc_zigzag color=&#8221;white&#8221;][\/vc_column][\/vc_row][\/vc_section][vc_section [&hellip;]\" \/>\n<meta property=\"og:url\" content=\"https:\/\/www.uoh.cl\/extension\/nodos-de-cultura-en-movimiento\" \/>\n<meta property=\"og:site_name\" content=\"Direcci\u00f3n de Cultura Patrimonio y Extensi\u00f3n UOH\" \/>\n<meta property=\"article:modified_time\" content=\"2023-10-04T15:22:18+00:00\" \/>\n<meta name=\"twitter:card\" content=\"summary_large_image\" \/>\n<meta name=\"twitter:label1\" content=\"Tiempo estimado de lectura\" \/>\n\t<meta name=\"twitter:data1\" content=\"1 minuto\" \/>\n<script type=\"application\/ld+json\" class=\"yoast-schema-graph\">{\"@context\":\"https:\/\/schema.org\",\"@graph\":[{\"@type\":\"WebPage\",\"@id\":\"https:\/\/www.uoh.cl\/extension\/nodos-de-cultura-en-movimiento\",\"url\":\"https:\/\/www.uoh.cl\/extension\/nodos-de-cultura-en-movimiento\",\"name\":\"Nodos de Cultura en Movimiento - Direcci\u00f3n de Cultura Patrimonio y Extensi\u00f3n UOH\",\"isPartOf\":{\"@id\":\"https:\/\/www.uoh.cl\/extension\/#website\"},\"datePublished\":\"2023-03-17T17:11:08+00:00\",\"dateModified\":\"2023-10-04T15:22:18+00:00\",\"inLanguage\":\"es-CL\",\"potentialAction\":[{\"@type\":\"ReadAction\",\"target\":[\"https:\/\/www.uoh.cl\/extension\/nodos-de-cultura-en-movimiento\"]}]},{\"@type\":\"WebSite\",\"@id\":\"https:\/\/www.uoh.cl\/extension\/#website\",\"url\":\"https:\/\/www.uoh.cl\/extension\/\",\"name\":\"Direcci\u00f3n de Cultura Patrimonio y Extensi\u00f3n UOH\",\"description\":\"Otro sitio de Sitios de Universidad O&#039;higgins\",\"potentialAction\":[{\"@type\":\"SearchAction\",\"target\":{\"@type\":\"EntryPoint\",\"urlTemplate\":\"https:\/\/www.uoh.cl\/extension\/?s={search_term_string}\"},\"query-input\":{\"@type\":\"PropertyValueSpecification\",\"valueRequired\":true,\"valueName\":\"search_term_string\"}}],\"inLanguage\":\"es-CL\"}]}<\/script>\n<!-- \/ Yoast SEO plugin. -->","yoast_head_json":{"title":"Nodos de Cultura en Movimiento - Direcci\u00f3n de Cultura Patrimonio y Extensi\u00f3n UOH","robots":{"index":"index","follow":"follow","max-snippet":"max-snippet:-1","max-image-preview":"max-image-preview:large","max-video-preview":"max-video-preview:-1"},"canonical":"https:\/\/www.uoh.cl\/extension\/nodos-de-cultura-en-movimiento","og_locale":"es_ES","og_type":"article","og_title":"Nodos de Cultura en Movimiento - Direcci\u00f3n de Cultura Patrimonio y Extensi\u00f3n UOH","og_description":"[vc_row][vc_column][\/vc_column][\/vc_row][vc_row el_class=&#8221;container mx-auto align-items-center&#8221;][vc_column][vc_wp_custommenu nav_menu=&#8221;3&#8243;][\/vc_column][\/vc_row][vc_section el_class=&#8221;container mx-auto p-0 align-items-center text-right&#8221;][vc_row el_class=&#8221;container mx-auto align-items-center&#8221;][vc_column][vc_column_text]La Direcci\u00f3n de Cultura, Patrimonio y Extensi\u00f3n de la Universidad de O\u2019Higgins, y la Seremi de las Culturas, las Artes y el Patrimonio, te invitan a participar en los talleres gratuitos en las \u00e1reas art\u00edstico-patrimoniales del Proyecto \u201cNodos de Cultura en Movimiento\u201d.[\/vc_column_text][vc_zigzag color=&#8221;white&#8221;][\/vc_column][\/vc_row][\/vc_section][vc_section [&hellip;]","og_url":"https:\/\/www.uoh.cl\/extension\/nodos-de-cultura-en-movimiento","og_site_name":"Direcci\u00f3n de Cultura Patrimonio y Extensi\u00f3n UOH","article_modified_time":"2023-10-04T15:22:18+00:00","twitter_card":"summary_large_image","twitter_misc":{"Tiempo estimado de lectura":"1 minuto"},"schema":{"@context":"https:\/\/schema.org","@graph":[{"@type":"WebPage","@id":"https:\/\/www.uoh.cl\/extension\/nodos-de-cultura-en-movimiento","url":"https:\/\/www.uoh.cl\/extension\/nodos-de-cultura-en-movimiento","name":"Nodos de Cultura en Movimiento - Direcci\u00f3n de Cultura Patrimonio y Extensi\u00f3n UOH","isPartOf":{"@id":"https:\/\/www.uoh.cl\/extension\/#website"},"datePublished":"2023-03-17T17:11:08+00:00","dateModified":"2023-10-04T15:22:18+00:00","inLanguage":"es-CL","potentialAction":[{"@type":"ReadAction","target":["https:\/\/www.uoh.cl\/extension\/nodos-de-cultura-en-movimiento"]}]},{"@type":"WebSite","@id":"https:\/\/www.uoh.cl\/extension\/#website","url":"https:\/\/www.uoh.cl\/extension\/","name":"Direcci\u00f3n de Cultura Patrimonio y Extensi\u00f3n UOH","description":"Otro sitio de Sitios de Universidad O&#039;higgins","potentialAction":[{"@type":"SearchAction","target":{"@type":"EntryPoint","urlTemplate":"https:\/\/www.uoh.cl\/extension\/?s={search_term_string}"},"query-input":{"@type":"PropertyValueSpecification","valueRequired":true,"valueName":"search_term_string"}}],"inLanguage":"es-CL"}]}},"_links":{"self":[{"href":"https:\/\/www.uoh.cl\/extension\/wp-json\/wp\/v2\/pages\/1183","targetHints":{"allow":["GET"]}}],"collection":[{"href":"https:\/\/www.uoh.cl\/extension\/wp-json\/wp\/v2\/pages"}],"about":[{"href":"https:\/\/www.uoh.cl\/extension\/wp-json\/wp\/v2\/types\/page"}],"author":[{"embeddable":true,"href":"https:\/\/www.uoh.cl\/extension\/wp-json\/wp\/v2\/users\/23"}],"replies":[{"embeddable":true,"href":"https:\/\/www.uoh.cl\/extension\/wp-json\/wp\/v2\/comments?post=1183"}],"version-history":[{"count":46,"href":"https:\/\/www.uoh.cl\/extension\/wp-json\/wp\/v2\/pages\/1183\/revisions"}],"predecessor-version":[{"id":1755,"href":"https:\/\/www.uoh.cl\/extension\/wp-json\/wp\/v2\/pages\/1183\/revisions\/1755"}],"wp:attachment":[{"href":"https:\/\/www.uoh.cl\/extension\/wp-json\/wp\/v2\/media?parent=1183"}],"curies":[{"name":"wp","href":"https:\/\/api.w.org\/{rel}","templated":true}]}}