
{"id":25,"date":"2022-04-06T07:00:44","date_gmt":"2022-04-06T10:00:44","guid":{"rendered":"https:\/\/www.uoh.cl\/escuelas-de-ciencias-agroalimentarias\/?page_id=25"},"modified":"2024-03-21T11:26:42","modified_gmt":"2024-03-21T14:26:42","slug":"organizacion","status":"publish","type":"page","link":"https:\/\/www.uoh.cl\/escuelas-de-ciencias-agroalimentarias\/organizacion\/","title":{"rendered":"Organizaci\u00f3n"},"content":{"rendered":"<div class=\"wpb-content-wrapper\"><p>[vc_section el_class=&#8221;container mx-auto align-items-center text-right circle&#8211;pattern&#8221; css=&#8221;.vc_custom_1711030686020{padding-top: 3rem !important;}&#8221;][vc_row el_class=&#8221;pb-5&#8243;][vc_column][vc_wp_custommenu nav_menu=&#8221;4&#8243;]<div class=\"breadcrumb\"><ol itemscope itemtype=\"https:\/\/schema.org\/BreadcrumbList\"><li itemprop=\"itemListElement\" itemscope itemtype=\"https:\/\/schema.org\/ListItem\"><a itemprop=\"item\" href=\"http:\/\/www.uoh.cl\"><span itemprop=\"name\">Inicio<\/span><\/a><meta itemprop=\"position\" content=\"1\" \/><li itemprop=\"itemListElement\" itemscope itemtype=\"https:\/\/schema.org\/ListItem\"><a itemprop=\"item\" href=\"https:\/\/www.uoh.cl\/escuelas-de-ciencias-agroalimentarias\"><span itemprop=\"name\">Escuela de Ciencias Agroalimentarias, Animales y Ambientales.<\/span><\/a><meta itemprop=\"position\" content=\"2\" \/><li itemprop=\"itemListElement\" itemscope itemtype=\"https:\/\/schema.org\/ListItem\"><span itemprop=\"name\">Organizaci\u00f3n <\/span><meta itemprop=\"position\" content=\"3\" \/><\/ol><\/div><div class=\"uoh_title_component-container\"><h1 class=\"title title--ms d-inline-block title--decorator  big\">Autoridades y Cuerpo Docente<\/h1><\/div>[vc_column_text]La formaci\u00f3n acad\u00e9mica y profesional ofrecida en las carreras de la Escuela de Ciencias Agroalimentarias, Animales y Ambientales de la Universidad de O\u2019Higgins, busca que sus estudiantes adquieran las competencias necesarias para desenvolverse en forma eficaz y eficiente, con responsabilidad social y esp\u00edritu cr\u00edtico, inherentes a los valores de nuestra Casa de Estudios.<\/p>\n<p>[\/vc_column_text][\/vc_column][\/vc_row][\/vc_section][vc_section css=&#8221;.vc_custom_1711031022679{background-color: #f6faff !important;}&#8221;][vc_row el_class=&#8221;container mx-auto align-items-center text-right&#8221; css=&#8221;.vc_custom_1711030994913{background-color: #f6faff !important;}&#8221;][vc_column el_class=&#8221;p-0&#8243;]<div class=\"uoh_title_component-container\"><h2 class=\"title title--ms d-inline-block medium\">Organizaci\u00f3n<\/h2><\/div><div class=\"authorities-container authorities-container--four-per-line px-0 content-holder\"><div class=\"authorities-container__box\"><figure><img decoding=\"async\" data-src=\"https:\/\/www.uoh.cl\/escuelas-de-ciencias-agroalimentarias\/wp-content\/uploads\/sites\/16\/2022\/04\/Giovanna-Amaya-Pena-300x300.jpg\" alt=\"\" src=\"data:image\/svg+xml;base64,PHN2ZyB3aWR0aD0iMSIgaGVpZ2h0PSIxIiB4bWxucz0iaHR0cDovL3d3dy53My5vcmcvMjAwMC9zdmciPjwvc3ZnPg==\" class=\"lazyload\" style=\"--smush-placeholder-width: 300px; --smush-placeholder-aspect-ratio: 300\/300;\"><figcaption><a href=\"https:\/\/www.uoh.cl\/escuelas-de-ciencias-agroalimentarias\/equipo\/giovanna-amaya-pena\/\"><div class=\"flex\">Giovanna Amaya Pe\u00f1a<span>Directora \/ direccion.eca3@uoh.cl<\/span><\/div><svg version=\"1.1\" xmlns=\"http:\/\/www.w3.org\/2000\/svg\" xmlns:xlink=\"http:\/\/www.w3.org\/1999\/xlink\" x=\"0px\" y=\"0px\" width=\"22px\"height=\"22px\" viewBox=\"0 0 22 22\" style=\"overflow:visible;enable-background:new 0 0 80 64.6;\" xml:space=\"preserve\"><g clip-path=\"url(#acA)\"><path fill-rule=\"evenodd\" d=\"M21.913 11.266a.93.93 0 000-.711c-.022-.056-.063-.097-.091-.144s-.053-.103-.097-.15L12.306.294c-.357-.379-.955-.394-1.334-.038s-.394.955-.038 1.334l7.917 8.374H.927a.95.95 0 00-.908.983.946.946 0 00.908.908h17.924l-8.089 8.552c-.357.379-.341.977.034 1.334s.977.341 1.334-.034l9.594-10.148c.044-.044.063-.1.097-.15.028-.047.069-.088.091-.141z\"\/><\/g><defs><clipPath id=\"acA\"><path fill=\"#fff\" d=\"M0 0h22v22H0z\"\/><\/clipPath><\/defs><\/svg><\/a><\/figcaption><\/figure><\/div><div class=\"authorities-container__box\"><figure><img decoding=\"async\" data-src=\"https:\/\/www.uoh.cl\/escuelas-de-ciencias-agroalimentarias\/wp-content\/uploads\/sites\/16\/2025\/09\/Osman-Nunez-300x300.png\" alt=\"\" src=\"data:image\/svg+xml;base64,PHN2ZyB3aWR0aD0iMSIgaGVpZ2h0PSIxIiB4bWxucz0iaHR0cDovL3d3dy53My5vcmcvMjAwMC9zdmciPjwvc3ZnPg==\" class=\"lazyload\" style=\"--smush-placeholder-width: 300px; --smush-placeholder-aspect-ratio: 300\/300;\"><figcaption><a href=\"https:\/\/www.uoh.cl\/escuelas-de-ciencias-agroalimentarias\/equipo\/osman-nunez\/\"><div class=\"flex\">Osm\u00e1n N\u00fa\u00f1ez<span>Subdirector de Escuela<\/span><\/div><svg version=\"1.1\" xmlns=\"http:\/\/www.w3.org\/2000\/svg\" xmlns:xlink=\"http:\/\/www.w3.org\/1999\/xlink\" x=\"0px\" y=\"0px\" width=\"22px\"height=\"22px\" viewBox=\"0 0 22 22\" style=\"overflow:visible;enable-background:new 0 0 80 64.6;\" xml:space=\"preserve\"><g clip-path=\"url(#acA)\"><path fill-rule=\"evenodd\" d=\"M21.913 11.266a.93.93 0 000-.711c-.022-.056-.063-.097-.091-.144s-.053-.103-.097-.15L12.306.294c-.357-.379-.955-.394-1.334-.038s-.394.955-.038 1.334l7.917 8.374H.927a.95.95 0 00-.908.983.946.946 0 00.908.908h17.924l-8.089 8.552c-.357.379-.341.977.034 1.334s.977.341 1.334-.034l9.594-10.148c.044-.044.063-.1.097-.15.028-.047.069-.088.091-.141z\"\/><\/g><defs><clipPath id=\"acA\"><path fill=\"#fff\" d=\"M0 0h22v22H0z\"\/><\/clipPath><\/defs><\/svg><\/a><\/figcaption><\/figure><\/div><div class=\"authorities-container__box\"><figure><img decoding=\"async\" data-src=\"https:\/\/www.uoh.cl\/escuelas-de-ciencias-agroalimentarias\/wp-content\/uploads\/sites\/16\/2022\/04\/Eduardo-Orrego-1-300x300.jpg\" alt=\"\" src=\"data:image\/svg+xml;base64,PHN2ZyB3aWR0aD0iMSIgaGVpZ2h0PSIxIiB4bWxucz0iaHR0cDovL3d3dy53My5vcmcvMjAwMC9zdmciPjwvc3ZnPg==\" class=\"lazyload\" style=\"--smush-placeholder-width: 300px; --smush-placeholder-aspect-ratio: 300\/300;\"><figcaption><a href=\"https:\/\/www.uoh.cl\/escuelas-de-ciencias-agroalimentarias\/equipo\/eduardo-orrego\/\"><div class=\"flex\">Eduardo Orrego<span>Coordinador Acad\u00e9mico \/ coordinador.eca3@uoh.cl<\/span><\/div><svg version=\"1.1\" xmlns=\"http:\/\/www.w3.org\/2000\/svg\" xmlns:xlink=\"http:\/\/www.w3.org\/1999\/xlink\" x=\"0px\" y=\"0px\" width=\"22px\"height=\"22px\" viewBox=\"0 0 22 22\" style=\"overflow:visible;enable-background:new 0 0 80 64.6;\" xml:space=\"preserve\"><g clip-path=\"url(#acA)\"><path fill-rule=\"evenodd\" d=\"M21.913 11.266a.93.93 0 000-.711c-.022-.056-.063-.097-.091-.144s-.053-.103-.097-.15L12.306.294c-.357-.379-.955-.394-1.334-.038s-.394.955-.038 1.334l7.917 8.374H.927a.95.95 0 00-.908.983.946.946 0 00.908.908h17.924l-8.089 8.552c-.357.379-.341.977.034 1.334s.977.341 1.334-.034l9.594-10.148c.044-.044.063-.1.097-.15.028-.047.069-.088.091-.141z\"\/><\/g><defs><clipPath id=\"acA\"><path fill=\"#fff\" d=\"M0 0h22v22H0z\"\/><\/clipPath><\/defs><\/svg><\/a><\/figcaption><\/figure><\/div><div class=\"authorities-container__box\"><figure><img decoding=\"async\" data-src=\"https:\/\/www.uoh.cl\/escuelas-de-ciencias-agroalimentarias\/wp-content\/uploads\/sites\/16\/2022\/04\/Andrea-Sepulveda-1-300x300.jpg\" alt=\"\" src=\"data:image\/svg+xml;base64,PHN2ZyB3aWR0aD0iMSIgaGVpZ2h0PSIxIiB4bWxucz0iaHR0cDovL3d3dy53My5vcmcvMjAwMC9zdmciPjwvc3ZnPg==\" class=\"lazyload\" style=\"--smush-placeholder-width: 300px; --smush-placeholder-aspect-ratio: 300\/300;\"><figcaption><div class=\"flex\">Andrea Sep\u00falveda<span>Asistente de Direcci\u00f3n \/ asistentedireccion.eca3@uoh.cl<\/span><\/div><\/figcaption><\/figure><\/div><\/div><\/div><\/div>[\/vc_column][\/vc_row][\/vc_section][vc_section][vc_row el_class=&#8221;container mx-auto align-items-center text-right&#8221;][vc_column el_class=&#8221;p-0&#8243;][vc_zigzag color=&#8221;white&#8221;]<div class=\"uoh_title_component-container\"><h2 class=\"title title--ms d-inline-block medium\">Jefaturas de carreras<\/h2><\/div><div class=\"authorities-container authorities-container--four-per-line px-0 content-holder\"><div class=\"authorities-container__box\"><figure><img decoding=\"async\" data-src=\"https:\/\/www.uoh.cl\/escuelas-de-ciencias-agroalimentarias\/wp-content\/uploads\/sites\/16\/2025\/07\/Nazaret-Ubilla-300x300.jpg\" alt=\"\" src=\"data:image\/svg+xml;base64,PHN2ZyB3aWR0aD0iMSIgaGVpZ2h0PSIxIiB4bWxucz0iaHR0cDovL3d3dy53My5vcmcvMjAwMC9zdmciPjwvc3ZnPg==\" class=\"lazyload\" style=\"--smush-placeholder-width: 300px; --smush-placeholder-aspect-ratio: 300\/300;\"><figcaption><div class=\"flex\">Nazaret Ubilla<span>Jefa de carrera Ingenier\u00eda Ambiental \/ jefatura.ambiental@uoh.cl<\/span><\/div><\/figcaption><\/figure><\/div><div class=\"authorities-container__box\"><figure><img decoding=\"async\" data-src=\"https:\/\/www.uoh.cl\/escuelas-de-ciencias-agroalimentarias\/wp-content\/uploads\/sites\/16\/2025\/07\/Viviana-Tudela-1-300x300.jpg\" alt=\"\" src=\"data:image\/svg+xml;base64,PHN2ZyB3aWR0aD0iMSIgaGVpZ2h0PSIxIiB4bWxucz0iaHR0cDovL3d3dy53My5vcmcvMjAwMC9zdmciPjwvc3ZnPg==\" class=\"lazyload\" style=\"--smush-placeholder-width: 300px; --smush-placeholder-aspect-ratio: 300\/300;\"><figcaption><div class=\"flex\">Viviana Tudela<span>Jefa de carrera Ingenier\u00eda Agron\u00f3mica \/ jefatura.agronomia@uoh.cl<\/span><\/div><\/figcaption><\/figure><\/div><div class=\"authorities-container__box\"><figure><img decoding=\"async\" data-src=\"https:\/\/www.uoh.cl\/escuelas-de-ciencias-agroalimentarias\/wp-content\/uploads\/sites\/16\/2026\/03\/Rocio-Lagos-Fuentes-300x300.png\" alt=\"\" src=\"data:image\/svg+xml;base64,PHN2ZyB3aWR0aD0iMSIgaGVpZ2h0PSIxIiB4bWxucz0iaHR0cDovL3d3dy53My5vcmcvMjAwMC9zdmciPjwvc3ZnPg==\" class=\"lazyload\" style=\"--smush-placeholder-width: 300px; --smush-placeholder-aspect-ratio: 300\/300;\"><figcaption><div class=\"flex\">Roc\u00edo Lagos Fuentes<span>Jefa de carrera Medicina Veterinaria \/ jefatura.veterinaria@uoh.cl<\/span><\/div><\/figcaption><\/figure><\/div><\/div><\/div><\/div>[\/vc_column][\/vc_row][\/vc_section][vc_section css=&#8221;.vc_custom_1711031070023{background-color: #f6faff !important;}&#8221;][vc_row el_class=&#8221;container mx-auto align-items-center text-right&#8221;][vc_column el_class=&#8221;p-0&#8243;][vc_zigzag color=&#8221;custom&#8221; custom_color=&#8221;#f6faff&#8221;]<div class=\"uoh_title_component-container\"><h2 class=\"title title--ms d-inline-block medium\">Equipo ECA3<\/h2><\/div><div class=\"authorities-container authorities-container--four-per-line px-0 content-holder\"><div class=\"authorities-container__box\"><figure><img decoding=\"async\" data-src=\"https:\/\/www.uoh.cl\/escuelas-de-ciencias-agroalimentarias\/wp-content\/uploads\/sites\/16\/2022\/04\/Karen-Salinas-300x300.jpg\" alt=\"\" src=\"data:image\/svg+xml;base64,PHN2ZyB3aWR0aD0iMSIgaGVpZ2h0PSIxIiB4bWxucz0iaHR0cDovL3d3dy53My5vcmcvMjAwMC9zdmciPjwvc3ZnPg==\" class=\"lazyload\" style=\"--smush-placeholder-width: 300px; --smush-placeholder-aspect-ratio: 300\/300;\"><figcaption><div class=\"flex\">Karen Salinas<span>Asistente de Carreras \/ asistentecarrera.eca3@uoh.cl<\/span><\/div><\/figcaption><\/figure><\/div><div class=\"authorities-container__box\"><figure><img decoding=\"async\" data-src=\"https:\/\/www.uoh.cl\/escuelas-de-ciencias-agroalimentarias\/wp-content\/uploads\/sites\/16\/2022\/04\/Graciela-Contreras-300x300.jpg\" alt=\"\" src=\"data:image\/svg+xml;base64,PHN2ZyB3aWR0aD0iMSIgaGVpZ2h0PSIxIiB4bWxucz0iaHR0cDovL3d3dy53My5vcmcvMjAwMC9zdmciPjwvc3ZnPg==\" class=\"lazyload\" style=\"--smush-placeholder-width: 300px; --smush-placeholder-aspect-ratio: 300\/300;\"><figcaption><div class=\"flex\">Graciela Contreras<span>Secretaria Docente \/ secretariadocente.eca3@uoh.cl<\/span><\/div><\/figcaption><\/figure><\/div><div class=\"authorities-container__box\"><figure><img decoding=\"async\" data-src=\"https:\/\/www.uoh.cl\/escuelas-de-ciencias-agroalimentarias\/wp-content\/uploads\/sites\/16\/2022\/04\/Sebastian-Morales-1-300x300.jpg\" alt=\"\" src=\"data:image\/svg+xml;base64,PHN2ZyB3aWR0aD0iMSIgaGVpZ2h0PSIxIiB4bWxucz0iaHR0cDovL3d3dy53My5vcmcvMjAwMC9zdmciPjwvc3ZnPg==\" class=\"lazyload\" style=\"--smush-placeholder-width: 300px; --smush-placeholder-aspect-ratio: 300\/300;\"><figcaption><div class=\"flex\">Sebasti\u00e1n Morales<span>Encargado de Laboratorios Docentes \/ laboratorios.eca3@uoh.cl<\/span><\/div><\/figcaption><\/figure><\/div><div class=\"authorities-container__box\"><figure><img decoding=\"async\" data-src=\"https:\/\/www.uoh.cl\/escuelas-de-ciencias-agroalimentarias\/wp-content\/uploads\/sites\/16\/2022\/11\/Marlene-Valenzuela-1-300x300.jpg\" alt=\"\" src=\"data:image\/svg+xml;base64,PHN2ZyB3aWR0aD0iMSIgaGVpZ2h0PSIxIiB4bWxucz0iaHR0cDovL3d3dy53My5vcmcvMjAwMC9zdmciPjwvc3ZnPg==\" class=\"lazyload\" style=\"--smush-placeholder-width: 300px; --smush-placeholder-aspect-ratio: 300\/300;\"><figcaption><div class=\"flex\">Marlene Valenzuela<span>Asistente de Laboratorios Docentes \/ laboratorios.eca3@uoh.cl<\/span><\/div><\/figcaption><\/figure><\/div><div class=\"authorities-container__box\"><figure><img decoding=\"async\" data-src=\"https:\/\/www.uoh.cl\/escuelas-de-ciencias-agroalimentarias\/wp-content\/uploads\/sites\/16\/2026\/01\/Maria-Jose-Castro-300x300.png\" alt=\"\" src=\"data:image\/svg+xml;base64,PHN2ZyB3aWR0aD0iMSIgaGVpZ2h0PSIxIiB4bWxucz0iaHR0cDovL3d3dy53My5vcmcvMjAwMC9zdmciPjwvc3ZnPg==\" class=\"lazyload\" style=\"--smush-placeholder-width: 300px; --smush-placeholder-aspect-ratio: 300\/300;\"><figcaption><div class=\"flex\">Mar\u00eda Jos\u00e9 Castro<span>Asistente de Laboratorios Docentes \/ laboratorios.eca3@uoh.cl<\/span><\/div><\/figcaption><\/figure><\/div><div class=\"authorities-container__box\"><figure><img decoding=\"async\" data-src=\"https:\/\/www.uoh.cl\/escuelas-de-ciencias-agroalimentarias\/wp-content\/uploads\/sites\/16\/2025\/07\/Valeria-Alarcon-Herrera-300x300.jpg\" alt=\"\" src=\"data:image\/svg+xml;base64,PHN2ZyB3aWR0aD0iMSIgaGVpZ2h0PSIxIiB4bWxucz0iaHR0cDovL3d3dy53My5vcmcvMjAwMC9zdmciPjwvc3ZnPg==\" class=\"lazyload\" style=\"--smush-placeholder-width: 300px; --smush-placeholder-aspect-ratio: 300\/300;\"><figcaption><div class=\"flex\">Valeria Alarc\u00f3n Herrera<span>M\u00e9dica veterinaria del Centro de Atenci\u00f3n Veterinaria Docente<\/span><\/div><\/figcaption><\/figure><\/div><div class=\"authorities-container__box\"><figure><img decoding=\"async\" data-src=\"https:\/\/www.uoh.cl\/escuelas-de-ciencias-agroalimentarias\/wp-content\/uploads\/sites\/16\/2025\/07\/Rosio-Hernandez-300x300.jpg\" alt=\"\" src=\"data:image\/svg+xml;base64,PHN2ZyB3aWR0aD0iMSIgaGVpZ2h0PSIxIiB4bWxucz0iaHR0cDovL3d3dy53My5vcmcvMjAwMC9zdmciPjwvc3ZnPg==\" class=\"lazyload\" style=\"--smush-placeholder-width: 300px; --smush-placeholder-aspect-ratio: 300\/300;\"><figcaption><div class=\"flex\">Ros\u00edo Hern\u00e1ndez<span>T\u00e9cnico veterinaria del Centro de Atenci\u00f3n Veterinaria Docente<\/span><\/div><\/figcaption><\/figure><\/div><\/div><\/div><\/div>[\/vc_column][\/vc_row][\/vc_section]<\/p>\n<\/div>","protected":false},"excerpt":{"rendered":"<p>[vc_section el_class=&#8221;container mx-auto align-items-center text-right circle&#8211;pattern&#8221; css=&#8221;.vc_custom_1711030686020{padding-top: 3rem !important;}&#8221;][vc_row el_class=&#8221;pb-5&#8243;][vc_column][vc_wp_custommenu nav_menu=&#8221;4&#8243;][vc_column_text]La formaci\u00f3n acad\u00e9mica y profesional ofrecida en las carreras de la Escuela de Ciencias Agroalimentarias, Animales y Ambientales de la Universidad de O\u2019Higgins, busca que sus estudiantes adquieran las competencias necesarias para desenvolverse en forma eficaz y eficiente, con responsabilidad social y esp\u00edritu cr\u00edtico, inherentes [&hellip;]<\/p>\n","protected":false},"author":34,"featured_media":0,"parent":0,"menu_order":0,"comment_status":"closed","ping_status":"closed","template":"","meta":{"_acf_changed":false,"footnotes":""},"class_list":["post-25","page","type-page","status-publish","hentry"],"acf":[],"yoast_head":"<!-- This site is optimized with the Yoast SEO plugin v26.6 - https:\/\/yoast.com\/wordpress\/plugins\/seo\/ -->\n<title>Organizaci\u00f3n - Escuela de Ciencias Agroalimentarias, Animales y Ambientales.<\/title>\n<meta name=\"robots\" content=\"index, follow, max-snippet:-1, max-image-preview:large, max-video-preview:-1\" \/>\n<link rel=\"canonical\" href=\"https:\/\/www.uoh.cl\/escuelas-de-ciencias-agroalimentarias\/organizacion\/\" \/>\n<meta property=\"og:locale\" content=\"es_ES\" \/>\n<meta property=\"og:type\" content=\"article\" \/>\n<meta property=\"og:title\" content=\"Organizaci\u00f3n - Escuela de Ciencias Agroalimentarias, Animales y Ambientales.\" \/>\n<meta property=\"og:description\" content=\"[vc_section el_class=&#8221;container mx-auto align-items-center text-right circle&#8211;pattern&#8221; css=&#8221;.vc_custom_1711030686020{padding-top: 3rem !important;}&#8221;][vc_row el_class=&#8221;pb-5&#8243;][vc_column][vc_wp_custommenu nav_menu=&#8221;4&#8243;][vc_column_text]La formaci\u00f3n acad\u00e9mica y profesional ofrecida en las carreras de la Escuela de Ciencias Agroalimentarias, Animales y Ambientales de la Universidad de O\u2019Higgins, busca que sus estudiantes adquieran las competencias necesarias para desenvolverse en forma eficaz y eficiente, con responsabilidad social y esp\u00edritu cr\u00edtico, inherentes [&hellip;]\" \/>\n<meta property=\"og:url\" content=\"https:\/\/www.uoh.cl\/escuelas-de-ciencias-agroalimentarias\/organizacion\/\" \/>\n<meta property=\"og:site_name\" content=\"Escuela de Ciencias Agroalimentarias, Animales y Ambientales.\" \/>\n<meta property=\"article:modified_time\" content=\"2024-03-21T14:26:42+00:00\" \/>\n<meta name=\"twitter:card\" content=\"summary_large_image\" \/>\n<meta name=\"twitter:label1\" content=\"Tiempo estimado de lectura\" \/>\n\t<meta name=\"twitter:data1\" content=\"1 minuto\" \/>\n<script type=\"application\/ld+json\" class=\"yoast-schema-graph\">{\"@context\":\"https:\/\/schema.org\",\"@graph\":[{\"@type\":\"WebPage\",\"@id\":\"https:\/\/www.uoh.cl\/escuelas-de-ciencias-agroalimentarias\/organizacion\/\",\"url\":\"https:\/\/www.uoh.cl\/escuelas-de-ciencias-agroalimentarias\/organizacion\/\",\"name\":\"Organizaci\u00f3n - Escuela de Ciencias Agroalimentarias, Animales y Ambientales.\",\"isPartOf\":{\"@id\":\"https:\/\/www.uoh.cl\/escuelas-de-ciencias-agroalimentarias\/#website\"},\"datePublished\":\"2022-04-06T10:00:44+00:00\",\"dateModified\":\"2024-03-21T14:26:42+00:00\",\"inLanguage\":\"es-CL\",\"potentialAction\":[{\"@type\":\"ReadAction\",\"target\":[\"https:\/\/www.uoh.cl\/escuelas-de-ciencias-agroalimentarias\/organizacion\/\"]}]},{\"@type\":\"WebSite\",\"@id\":\"https:\/\/www.uoh.cl\/escuelas-de-ciencias-agroalimentarias\/#website\",\"url\":\"https:\/\/www.uoh.cl\/escuelas-de-ciencias-agroalimentarias\/\",\"name\":\"Escuela de Ciencias Agroalimentarias, Animales y Ambientales.\",\"description\":\"Otro sitio de Sitios de Universidad O'higgins\",\"potentialAction\":[{\"@type\":\"SearchAction\",\"target\":{\"@type\":\"EntryPoint\",\"urlTemplate\":\"https:\/\/www.uoh.cl\/escuelas-de-ciencias-agroalimentarias\/?s={search_term_string}\"},\"query-input\":{\"@type\":\"PropertyValueSpecification\",\"valueRequired\":true,\"valueName\":\"search_term_string\"}}],\"inLanguage\":\"es-CL\"}]}<\/script>\n<!-- \/ Yoast SEO plugin. -->","yoast_head_json":{"title":"Organizaci\u00f3n - Escuela de Ciencias Agroalimentarias, Animales y Ambientales.","robots":{"index":"index","follow":"follow","max-snippet":"max-snippet:-1","max-image-preview":"max-image-preview:large","max-video-preview":"max-video-preview:-1"},"canonical":"https:\/\/www.uoh.cl\/escuelas-de-ciencias-agroalimentarias\/organizacion\/","og_locale":"es_ES","og_type":"article","og_title":"Organizaci\u00f3n - Escuela de Ciencias Agroalimentarias, Animales y Ambientales.","og_description":"[vc_section el_class=&#8221;container mx-auto align-items-center text-right circle&#8211;pattern&#8221; css=&#8221;.vc_custom_1711030686020{padding-top: 3rem !important;}&#8221;][vc_row el_class=&#8221;pb-5&#8243;][vc_column][vc_wp_custommenu nav_menu=&#8221;4&#8243;][vc_column_text]La formaci\u00f3n acad\u00e9mica y profesional ofrecida en las carreras de la Escuela de Ciencias Agroalimentarias, Animales y Ambientales de la Universidad de O\u2019Higgins, busca que sus estudiantes adquieran las competencias necesarias para desenvolverse en forma eficaz y eficiente, con responsabilidad social y esp\u00edritu cr\u00edtico, inherentes [&hellip;]","og_url":"https:\/\/www.uoh.cl\/escuelas-de-ciencias-agroalimentarias\/organizacion\/","og_site_name":"Escuela de Ciencias Agroalimentarias, Animales y Ambientales.","article_modified_time":"2024-03-21T14:26:42+00:00","twitter_card":"summary_large_image","twitter_misc":{"Tiempo estimado de lectura":"1 minuto"},"schema":{"@context":"https:\/\/schema.org","@graph":[{"@type":"WebPage","@id":"https:\/\/www.uoh.cl\/escuelas-de-ciencias-agroalimentarias\/organizacion\/","url":"https:\/\/www.uoh.cl\/escuelas-de-ciencias-agroalimentarias\/organizacion\/","name":"Organizaci\u00f3n - Escuela de Ciencias Agroalimentarias, Animales y Ambientales.","isPartOf":{"@id":"https:\/\/www.uoh.cl\/escuelas-de-ciencias-agroalimentarias\/#website"},"datePublished":"2022-04-06T10:00:44+00:00","dateModified":"2024-03-21T14:26:42+00:00","inLanguage":"es-CL","potentialAction":[{"@type":"ReadAction","target":["https:\/\/www.uoh.cl\/escuelas-de-ciencias-agroalimentarias\/organizacion\/"]}]},{"@type":"WebSite","@id":"https:\/\/www.uoh.cl\/escuelas-de-ciencias-agroalimentarias\/#website","url":"https:\/\/www.uoh.cl\/escuelas-de-ciencias-agroalimentarias\/","name":"Escuela de Ciencias Agroalimentarias, Animales y Ambientales.","description":"Otro sitio de Sitios de Universidad O'higgins","potentialAction":[{"@type":"SearchAction","target":{"@type":"EntryPoint","urlTemplate":"https:\/\/www.uoh.cl\/escuelas-de-ciencias-agroalimentarias\/?s={search_term_string}"},"query-input":{"@type":"PropertyValueSpecification","valueRequired":true,"valueName":"search_term_string"}}],"inLanguage":"es-CL"}]}},"_links":{"self":[{"href":"https:\/\/www.uoh.cl\/escuelas-de-ciencias-agroalimentarias\/wp-json\/wp\/v2\/pages\/25","targetHints":{"allow":["GET"]}}],"collection":[{"href":"https:\/\/www.uoh.cl\/escuelas-de-ciencias-agroalimentarias\/wp-json\/wp\/v2\/pages"}],"about":[{"href":"https:\/\/www.uoh.cl\/escuelas-de-ciencias-agroalimentarias\/wp-json\/wp\/v2\/types\/page"}],"author":[{"embeddable":true,"href":"https:\/\/www.uoh.cl\/escuelas-de-ciencias-agroalimentarias\/wp-json\/wp\/v2\/users\/34"}],"replies":[{"embeddable":true,"href":"https:\/\/www.uoh.cl\/escuelas-de-ciencias-agroalimentarias\/wp-json\/wp\/v2\/comments?post=25"}],"version-history":[{"count":14,"href":"https:\/\/www.uoh.cl\/escuelas-de-ciencias-agroalimentarias\/wp-json\/wp\/v2\/pages\/25\/revisions"}],"predecessor-version":[{"id":2150,"href":"https:\/\/www.uoh.cl\/escuelas-de-ciencias-agroalimentarias\/wp-json\/wp\/v2\/pages\/25\/revisions\/2150"}],"wp:attachment":[{"href":"https:\/\/www.uoh.cl\/escuelas-de-ciencias-agroalimentarias\/wp-json\/wp\/v2\/media?parent=25"}],"curies":[{"name":"wp","href":"https:\/\/api.w.org\/{rel}","templated":true}]}}