
{"id":2103,"date":"2023-11-06T10:29:11","date_gmt":"2023-11-06T13:29:11","guid":{"rendered":"https:\/\/www.uoh.cl\/escuela-de-salud\/?page_id=2103"},"modified":"2023-11-06T10:36:38","modified_gmt":"2023-11-06T13:36:38","slug":"programa-de-apoyo-al-egreso-para-medicina-paem","status":"publish","type":"page","link":"https:\/\/www.uoh.cl\/escuela-de-salud\/programa-de-apoyo-al-egreso-para-medicina-paem\/","title":{"rendered":"Programa de Apoyo al Egreso para Medicina (PAEM)"},"content":{"rendered":"<div class=\"wpb-content-wrapper\"><p>[vc_section el_class=&#8221;container mx-auto align-items-center circle&#8211;pattern&#8221;][vc_row el_class=&#8221;pt-5 pb-5&#8243;][vc_column][vc_wp_custommenu nav_menu=&#8221;57&#8243;]<div class=\"breadcrumb\"><ol itemscope itemtype=\"https:\/\/schema.org\/BreadcrumbList\"><li itemprop=\"itemListElement\" itemscope itemtype=\"https:\/\/schema.org\/ListItem\"><a itemprop=\"item\" href=\"http:\/\/www.uoh.cl\"><span itemprop=\"name\">Inicio<\/span><\/a><meta itemprop=\"position\" content=\"1\" \/><li itemprop=\"itemListElement\" itemscope itemtype=\"https:\/\/schema.org\/ListItem\"><a itemprop=\"item\" href=\"https:\/\/www.uoh.cl\/escuela-de-salud\"><span itemprop=\"name\">Escuela de Salud<\/span><\/a><meta itemprop=\"position\" content=\"2\" \/><li itemprop=\"itemListElement\" itemscope itemtype=\"https:\/\/schema.org\/ListItem\"><span itemprop=\"name\">Programa de Apoyo al Egreso para Medicina (PAEM) <\/span><meta itemprop=\"position\" content=\"3\" \/><\/ol><\/div><div class=\"uoh_title_component-container\"><h1 class=\"title title--ms d-inline-block title--decorator  big\">Programa de Apoyo al Egreso para Medicina (PAEM)<\/h1><\/div>[\/vc_column][\/vc_row][\/vc_section][vc_section el_class=&#8221;container mx-auto align-items-center text-right&#8221;][vc_row el_class=&#8221;pb-5&#8243;][vc_column][vc_column_text]<\/p>\n<p class=\"zfr3Q CDt4Ke \" dir=\"ltr\"><span class=\"C9DxTc \">El Programa de Apoyo al Egreso de Medicina (PAEM) establece una ruta paralela a la malla curricular de la carrera en la que se activan una serie de estrategias asociadas a cada uno de los niveles de formaci\u00f3n, y cuyo objetivo es dar apoyo al egreso de los y las estudiantes de Medicina instalando un itinerario de acciones que les permita conocer las particularidades asociadas al egreso de la carrera y facilitar su inserci\u00f3n laboral, adem\u00e1s de acciones generales de apoyo al egreso que la Universidad de O&#8217;Higgins establece.<\/span><\/p>\n<p class=\"zfr3Q CDt4Ke \" dir=\"ltr\"><span class=\"C9DxTc \">Para establecer un itinerario pertinente, las acciones ser\u00e1n implementadas en funci\u00f3n de los niveles de formaci\u00f3n de la carrera:<\/span><\/p>\n<ul class=\"n8H08c UVNKR \">\n<li class=\"zfr3Q TYR86d eD0Rn \" dir=\"ltr\">\n<p class=\"zfr3Q CDt4Ke \" dir=\"ltr\" role=\"presentation\"><span class=\"C9DxTc \">Nivel Pre cl\u00ednico: i<\/span><span class=\"C9DxTc \">ncluye a primero, segundo y tercer a\u00f1o de carrera.<\/span><\/p>\n<\/li>\n<li class=\"zfr3Q TYR86d eD0Rn \" dir=\"ltr\">\n<p class=\"zfr3Q CDt4Ke \" dir=\"ltr\" role=\"presentation\"><span class=\"C9DxTc \">Nivel Cl\u00ednico: i<\/span><span class=\"C9DxTc \">ncluye cuarto y quinto a\u00f1o<\/span><\/p>\n<\/li>\n<li class=\"zfr3Q TYR86d eD0Rn \" dir=\"ltr\">\n<p class=\"zfr3Q CDt4Ke \" dir=\"ltr\" role=\"presentation\"><span class=\"C9DxTc \">Nivel Internado: <\/span><span class=\"C9DxTc \">sexto y s\u00e9ptimo a\u00f1o<\/span><\/p>\n<\/li>\n<\/ul>\n<p class=\"zfr3Q CDt4Ke \" dir=\"ltr\"><span class=\"C9DxTc \">Dependiendo de las caracter\u00edsticas de la actividad, ser\u00e1n gestionadas por la carrera y el CEA, o articuladas por el CEA con las unidades de apoyo.<\/span><\/p>\n<p>[\/vc_column_text][\/vc_column][\/vc_row][\/vc_section][vc_section css=&#8221;.vc_custom_1699276214887{background-color: #f6faff !important;}&#8221;][vc_row el_class=&#8221;container mx-auto align-items-center text-right&#8221;][vc_column]<div class=\"uoh_title_component-container\"><h2 class=\"title title--ms d-inline-block title--decorator  medium\">Estrategias<\/h2><\/div>[vc_column_text]<\/p>\n<h4 class=\"zfr3Q CDt4Ke \" dir=\"ltr\"><strong><span class=\"C9DxTc \">Nivel Pre cl\u00ednico<\/span><\/strong><\/h4>\n<ul class=\"n8H08c UVNKR \">\n<li class=\"zfr3Q TYR86d eD0Rn \" dir=\"ltr\">\n<p class=\"zfr3Q CDt4Ke \" dir=\"ltr\" role=\"presentation\"><span class=\"C9DxTc \">Charla CONISS Y MGZ y difusi\u00f3n programa de ayudantes docentes y programa de ayudantes de investigaci\u00f3n:<\/span><\/p>\n<\/li>\n<\/ul>\n<p class=\"zfr3Q CDt4Ke \" dir=\"ltr\"><span class=\"C9DxTc \">Viernes 3 de noviembre de 08:30 a 10:00<\/span><span class=\"C9DxTc \">. Para el a\u00f1o 2023 la actividad se desarrollar\u00e1 dentro de la asignatura Introducci\u00f3n a la profesi\u00f3n m\u00e9dica II y quedar\u00e1 en formato de c\u00e1psula disponible para todos\/as los estudiantes de la carrera. Temas: CONISS, MGZ\/EDF y PAD, Programa de Ayudantes Docentes.<\/span><\/p>\n<h4 dir=\"ltr\"><strong>Nivel Cl\u00ednico<\/strong><\/h4>\n<ul class=\"n8H08c UVNKR \">\n<li class=\"zfr3Q TYR86d eD0Rn \" dir=\"ltr\">\n<p class=\"zfr3Q CDt4Ke \" dir=\"ltr\" role=\"presentation\"><span class=\"C9DxTc \">Charla informativa sobre el EUNACOM<\/span><\/p>\n<\/li>\n<li class=\"zfr3Q TYR86d eD0Rn \" dir=\"ltr\">\n<p class=\"zfr3Q CDt4Ke \" dir=\"ltr\" role=\"presentation\"><span class=\"C9DxTc \">Internados Electivos<\/span><\/p>\n<\/li>\n<li class=\"zfr3Q TYR86d eD0Rn \" dir=\"ltr\">\n<p class=\"zfr3Q CDt4Ke \" dir=\"ltr\" role=\"presentation\"><span class=\"C9DxTc \">Comunicaci\u00f3n efectiva en el contexto de la pr\u00e1ctica profesional.<\/span><\/p>\n<\/li>\n<\/ul>\n<p class=\"zfr3Q CDt4Ke \" dir=\"ltr\"><span class=\"C9DxTc \">*Acompa\u00f1amiento a estudiantes que tengan problemas de adaptaci\u00f3n a sus internados.<\/span><\/p>\n<h4 class=\"zfr3Q CDt4Ke \" dir=\"ltr\"><strong><span class=\"C9DxTc \">Nivel Internado<\/span><\/strong><\/h4>\n<ul class=\"n8H08c UVNKR \">\n<li class=\"zfr3Q TYR86d eD0Rn \" dir=\"ltr\">\n<p class=\"zfr3Q CDt4Ke \" dir=\"ltr\" role=\"presentation\"><span class=\"C9DxTc \">Inducci\u00f3n al Internado: abordar la importancia de los internados electivos, relaci\u00f3n con el concurso CONISS, reglamentos.<\/span><\/p>\n<\/li>\n<li class=\"zfr3Q TYR86d eD0Rn \" dir=\"ltr\">\n<p class=\"zfr3Q CDt4Ke \" dir=\"ltr\" role=\"presentation\"><span class=\"C9DxTc \">2<\/span><span class=\"C9DxTc \">7 de noviembre:<\/span><span class=\"C9DxTc \"> jornada PAEM de 9:00 a 18:30 hrs.<\/span><\/p>\n<\/li>\n<\/ul>\n<ol>\n<li class=\"zfr3Q CDt4Ke \" dir=\"ltr\" role=\"presentation\"><span class=\"C9DxTc \">Uso de plataformas para la b\u00fasqueda de empleo.<\/span><\/li>\n<li class=\"zfr3Q CDt4Ke \" dir=\"ltr\" role=\"presentation\"><span class=\"C9DxTc \">LinkedIn<\/span><\/li>\n<li class=\"zfr3Q CDt4Ke \" dir=\"ltr\" role=\"presentation\"><span class=\"C9DxTc \">Fotograf\u00eda profesionalizante<\/span><\/li>\n<li class=\"zfr3Q CDt4Ke \" dir=\"ltr\" role=\"presentation\"><span class=\"C9DxTc \">Cosntrucci\u00f3n de CV<\/span><\/li>\n<li class=\"zfr3Q CDt4Ke \" dir=\"ltr\" role=\"presentation\"><span class=\"C9DxTc \">MGZ<\/span><\/li>\n<li class=\"zfr3Q CDt4Ke \" dir=\"ltr\" role=\"presentation\"><span class=\"C9DxTc \">COLMED<\/span><\/li>\n<\/ol>\n<ul class=\"n8H08c UVNKR \">\n<li class=\"zfr3Q TYR86d eD0Rn \" dir=\"ltr\">\n<p class=\"zfr3Q CDt4Ke \" dir=\"ltr\" role=\"presentation\"><span class=\"C9DxTc \">28 de noviembre:<\/span><span class=\"C9DxTc \"><a href=\"https:\/\/www.uoh.cl\/escuela-de-salud\/wp-content\/uploads\/sites\/19\/2023\/11\/CHARLA-CHI-UNIVERSIDAD-OHIGGINS-STORY.jpg\" target=\"_blank\" rel=\"noopener\"> charla grupo CTO &#8220;Todo sobre el examen MIR y estudiar especialidad en Espa\u00f1a&#8221;<\/a>, 17:30 hrs v\u00eda zoom.<\/span><\/p>\n<\/li>\n<\/ul>\n<p class=\"zfr3Q CDt4Ke \" dir=\"ltr\"><span class=\"C9DxTc \">Enlace de inscripci\u00f3n\u00a0<\/span><a class=\"XqQF9c\" href=\"https:\/\/forms.gle\/2qkvXxBQYe9L8H8V6\" target=\"_blank\" rel=\"noopener\"><span class=\"C9DxTc \">https:\/\/forms.gle\/2qkvXxBQYe9L8H8V6<\/span><\/a><span class=\"C9DxTc \">\u00a0<\/span><\/p>\n<p class=\"zfr3Q CDt4Ke \" dir=\"ltr\"><span class=\"C9DxTc \">Los inscritos recibir\u00e1n el mismo d\u00eda el enlace de zoom.<\/span><\/p>\n<h4 dir=\"ltr\"><strong>Otras actividades 7mo a\u00f1o Medicina<\/strong><\/h4>\n<ul class=\"n8H08c UVNKR \">\n<li class=\"zfr3Q TYR86d eD0Rn \" dir=\"ltr\">\n<p class=\"zfr3Q CDt4Ke \" dir=\"ltr\" role=\"presentation\"><span class=\"C9DxTc \">30 de noviembre y 1 de diciembre:<\/span><span class=\"C9DxTc \">\u00a0Congreso MGZ\u00a0<\/span><\/p>\n<\/li>\n<li class=\"zfr3Q TYR86d eD0Rn \" dir=\"ltr\">\n<p class=\"zfr3Q CDt4Ke \" dir=\"ltr\" role=\"presentation\"><span class=\"C9DxTc \">8 de diciembre:\u00a0<\/span><span class=\"C9DxTc \">ensayo EUNACOM 70 preguntas\u00a0<\/span><\/p>\n<\/li>\n<li class=\"zfr3Q TYR86d eD0Rn \" dir=\"ltr\">\n<p class=\"zfr3Q CDt4Ke \" dir=\"ltr\" role=\"presentation\"><span class=\"C9DxTc \">15 de diciembre:<\/span><span class=\"C9DxTc \">\u00a0ensayo EUNACOM 180 preguntas\u00a0<\/span><\/p>\n<\/li>\n<li class=\"zfr3Q TYR86d eD0Rn \" dir=\"ltr\">\n<p class=\"zfr3Q CDt4Ke \" dir=\"ltr\" role=\"presentation\"><span class=\"C9DxTc \">22 de diciembre:<\/span><span class=\"C9DxTc \">\u00a0ensayo EUNACOM 180 preguntas\u00a0<\/span><\/p>\n<\/li>\n<li class=\"zfr3Q TYR86d eD0Rn \" dir=\"ltr\">\n<p class=\"zfr3Q CDt4Ke \" dir=\"ltr\" role=\"presentation\"><span class=\"C9DxTc \">05 de enero del 2024:<\/span><span class=\"C9DxTc \">\u00a0ensayo EUNACOM 180 preguntas\u00a0<\/span><\/p>\n<\/li>\n<li class=\"zfr3Q TYR86d eD0Rn \" dir=\"ltr\">\n<p class=\"zfr3Q CDt4Ke \" dir=\"ltr\" role=\"presentation\"><span class=\"C9DxTc \">10 de enero del 2024:<\/span><span class=\"C9DxTc \">\u00a0EUNACOM\u00a0<\/span><\/p>\n<\/li>\n<\/ul>\n<p>[\/vc_column_text][\/vc_column][\/vc_row][\/vc_section][vc_section][vc_row el_class=&#8221;container mx-auto align-items-center text-right&#8221;][vc_column]<div class=\"uoh_title_component-container\"><h2 class=\"title title--ms d-inline-block title--decorator  medium\">Preguntas frecuentes<\/h2><\/div>[vc_tta_accordion][vc_tta_section title=&#8221;\u00bfCu\u00e1nto tiempo demora el proceso de titulaci\u00f3n desde el cierre de actas?&#8221; tab_id=&#8221;1699276323771-b5b2f9a1-0eb8&#8243;][vc_column_text]<\/p>\n<p class=\"zfr3Q CDt4Ke \" dir=\"ltr\"><span class=\"C9DxTc \">Cuando las notas est\u00e1n registradas en Ucampus y el estudiante ha completado los cr\u00e9ditos para optar al t\u00edtulo, Registro Acad\u00e9mico revisar\u00e1 el Cumplimiento del Plan de estudios y el expediente comienza a avanzar, se solicitar\u00e1 a las Unidades de DAE, Aranceles y Biblioteca que revisen y den su visto bueno al Expediente, s\u00f3lo se detiene si el estudiante tiene alguna deuda, tambi\u00e9n en esta etapa se solicita al alumno\/a que revise sus datos personales en el Expediente de T\u00edtulo, y si no hay inconvenientes deber\u00eda avanzar r\u00e1pido.<\/span><\/p>\n<p class=\"zfr3Q CDt4Ke \" dir=\"ltr\"><span class=\"C9DxTc \">Cuando se completa el Expediente se asigna un n\u00famero de Resoluci\u00f3n de T\u00edtulo y se genera el documento para ser firmado por la Rectora, todo esto demorar\u00eda entre 2 o 3 semanas, si todo marcha bien e incluso un poco menos.<\/span><\/p>\n<p>[\/vc_column_text][\/vc_tta_section][vc_tta_section title=&#8221;\u00bfC\u00f3mo es el proceso de registro de prestadores de salud en la Superintendencia de Salud?&#8221; tab_id=&#8221;1699276323782-7ba2d008-901c&#8221;][vc_column_text]<\/p>\n<p class=\"zfr3Q CDt4Ke \" dir=\"ltr\"><span class=\"C9DxTc \">Registrar a los y las estudiantes en este registro, se solicita desde la Universidad con un Oficio firmado por la Rectora, ya que oficializa el t\u00edtulo de \u00e9l o la estudiante. Este tr\u00e1mite dura entre 1 a 2 semanas aproximadamente.<\/span><\/p>\n<p>[\/vc_column_text][\/vc_tta_section][vc_tta_section title=&#8221;\u00bfQu\u00e9 debo hacer para inscribirme y rendir el EUNACOM y cu\u00e1nto debo pagar?&#8221; tab_id=&#8221;1699276791526-07018502-0188&#8243;][vc_column_text]<\/p>\n<p class=\"zfr3Q CDt4Ke \" dir=\"ltr\"><span class=\"C9DxTc \">La inscripci\u00f3n se hace desde la Universidad a trav\u00e9s de una n\u00f3mina y carta que certifican el egreso de cada estudiante. El pago de la inscripci\u00f3n tambi\u00e9n lo asume la Universidad.<\/span><\/p>\n<p>[\/vc_column_text][\/vc_tta_section][vc_tta_section title=&#8221;\u00bfCu\u00e1ndo recibir\u00e9 el certificado de las ayudant\u00edas realizadas?&#8221; tab_id=&#8221;1699276810870-5b8c6071-7167&#8243;][vc_column_text]<\/p>\n<p class=\"zfr3Q CDt4Ke \" dir=\"ltr\"><span class=\"C9DxTc \">Los certificados de ayudant\u00edas realizadas son entregados a cada egresado al completar su plan de estudios, en el caso de Medicina, el CEA ya envi\u00f3 la informaci\u00f3n a la DGA considerando hasta el primer semestre 2023, los estudiantes que est\u00e9n ejecutando ayudant\u00edas durante el segundo semestre, recibir\u00e1n la certificaci\u00f3n de esta \u00fanica ayudant\u00eda en diciembre, esto para no retrasar todo el proceso. Los certificados ser\u00e1n entregados en cuanto DGA los emita con el formato oficial UOH (c\u00f3digo de verificaci\u00f3n incluido), esto debe estar listo en octubre. Los certificados ser\u00e1n entregados siguiendo estrictamente el formato del \u00faltimo concurso de CONISS.\u00a0<\/span><\/p>\n<p>[\/vc_column_text][\/vc_tta_section][vc_tta_section title=&#8221;\u00bfCu\u00e1les son las orientaciones espec\u00edficas para acreditar los cursos de capacitaci\u00f3n y perfeccionamiento y\/o trabajos cient\u00edficos?&#8221; tab_id=&#8221;1699276828934-7200926c-2350&#8243;][vc_column_text]<\/p>\n<div class=\"UtePc RCETm\" dir=\"ltr\" role=\"main\" aria-hidden=\"false\">\n<section id=\"h.6f7cec77d08c1a38_14\" class=\"yaqOZd\">\n<div class=\"mYVXT\">\n<div class=\"LS81yb VICjCf j5pSsc db35Fc\">\n<div class=\"hJDwNd-AhqUyc-uQSCkd Ft7HRd-AhqUyc-uQSCkd purZT-AhqUyc-II5mzb ZcASvf-AhqUyc-II5mzb pSzOP-AhqUyc-qWD73c Ktthjf-AhqUyc-qWD73c JNdkSc SQVYQc\">\n<div class=\"JNdkSc-SmKAyb LkDMRd\">\n<div class=\"\">\n<div class=\"oKdM2c ZZyype Kzv0Me\">\n<div id=\"h.592d8b20a42fdf5_4\" class=\"hJDwNd-AhqUyc-uQSCkd Ft7HRd-AhqUyc-uQSCkd jXK9ad D2fZ2 zu5uec OjCsFc dmUFtb wHaque g5GTcb\">\n<div class=\"jXK9ad-SmKAyb\">\n<div class=\"tyJCtd mGzaTb Depvyb baZpAe\">\n<p class=\"zfr3Q CDt4Ke \" dir=\"ltr\"><span class=\"C9DxTc \">Cada interno tiene el deber de tener en su poder los certificados de las distintas actividades acad\u00e9micas en las que ha participado y que dan puntos para los concursos, los detalles sobre lo necesario para evidenciar var\u00edan entre concursos. En el caso espec\u00edfico del CONISS, se pueden encontrar en las bases para el RUBRO N\u00b03. En el caso de las y los egresados de Medicina 2017, de manera central se har\u00e1 entrega de la certificaci\u00f3n de la jornada de investigaci\u00f3n del curso de Investigaci\u00f3n II. Los certificados de cursos oficiales hechos en la UOH y que se requieran, deben ser pedidos por el\/la interesado\/a a la DGA.<\/span><\/p>\n<\/div>\n<\/div>\n<\/div>\n<\/div>\n<\/div>\n<\/div>\n<\/div>\n<\/div>\n<\/div>\n<\/section>\n<\/div>\n<footer aria-hidden=\"false\">\n<section id=\"h.5ffc4510c02240d6_13\" class=\"yaqOZd qeLZfd\"><\/section>\n<\/footer>\n<p>[\/vc_column_text][\/vc_tta_section][\/vc_tta_accordion][\/vc_column][\/vc_row][\/vc_section]<\/p>\n<\/div>","protected":false},"excerpt":{"rendered":"<p>[vc_section el_class=&#8221;container mx-auto align-items-center circle&#8211;pattern&#8221;][vc_row el_class=&#8221;pt-5 pb-5&#8243;][vc_column][vc_wp_custommenu nav_menu=&#8221;57&#8243;][\/vc_column][\/vc_row][\/vc_section][vc_section el_class=&#8221;container mx-auto align-items-center text-right&#8221;][vc_row el_class=&#8221;pb-5&#8243;][vc_column][vc_column_text] El Programa de Apoyo al Egreso de Medicina (PAEM) establece una ruta paralela a la malla curricular de la carrera en la que se activan una serie de estrategias asociadas a cada uno de los niveles de formaci\u00f3n, y cuyo objetivo es [&hellip;]<\/p>\n","protected":false},"author":23,"featured_media":0,"parent":0,"menu_order":0,"comment_status":"closed","ping_status":"closed","template":"","meta":{"_acf_changed":false,"footnotes":""},"class_list":["post-2103","page","type-page","status-publish","hentry"],"acf":[],"yoast_head":"<!-- This site is optimized with the Yoast SEO plugin v26.6 - https:\/\/yoast.com\/wordpress\/plugins\/seo\/ -->\n<title>Programa de Apoyo al Egreso para Medicina (PAEM) - Escuela de Salud<\/title>\n<meta name=\"robots\" content=\"index, follow, max-snippet:-1, max-image-preview:large, max-video-preview:-1\" \/>\n<link rel=\"canonical\" href=\"https:\/\/www.uoh.cl\/escuela-de-salud\/programa-de-apoyo-al-egreso-para-medicina-paem\/\" \/>\n<meta property=\"og:locale\" content=\"es_ES\" \/>\n<meta property=\"og:type\" content=\"article\" \/>\n<meta property=\"og:title\" content=\"Programa de Apoyo al Egreso para Medicina (PAEM) - Escuela de Salud\" \/>\n<meta property=\"og:description\" content=\"[vc_section el_class=&#8221;container mx-auto align-items-center circle&#8211;pattern&#8221;][vc_row el_class=&#8221;pt-5 pb-5&#8243;][vc_column][vc_wp_custommenu nav_menu=&#8221;57&#8243;][\/vc_column][\/vc_row][\/vc_section][vc_section el_class=&#8221;container mx-auto align-items-center text-right&#8221;][vc_row el_class=&#8221;pb-5&#8243;][vc_column][vc_column_text] El Programa de Apoyo al Egreso de Medicina (PAEM) establece una ruta paralela a la malla curricular de la carrera en la que se activan una serie de estrategias asociadas a cada uno de los niveles de formaci\u00f3n, y cuyo objetivo es [&hellip;]\" \/>\n<meta property=\"og:url\" content=\"https:\/\/www.uoh.cl\/escuela-de-salud\/programa-de-apoyo-al-egreso-para-medicina-paem\/\" \/>\n<meta property=\"og:site_name\" content=\"Escuela de Salud\" \/>\n<meta property=\"article:modified_time\" content=\"2023-11-06T13:36:38+00:00\" \/>\n<meta name=\"twitter:card\" content=\"summary_large_image\" \/>\n<meta name=\"twitter:label1\" content=\"Tiempo estimado de lectura\" \/>\n\t<meta name=\"twitter:data1\" content=\"5 minutos\" \/>\n<script type=\"application\/ld+json\" class=\"yoast-schema-graph\">{\"@context\":\"https:\/\/schema.org\",\"@graph\":[{\"@type\":\"WebPage\",\"@id\":\"https:\/\/www.uoh.cl\/escuela-de-salud\/programa-de-apoyo-al-egreso-para-medicina-paem\/\",\"url\":\"https:\/\/www.uoh.cl\/escuela-de-salud\/programa-de-apoyo-al-egreso-para-medicina-paem\/\",\"name\":\"Programa de Apoyo al Egreso para Medicina (PAEM) - Escuela de Salud\",\"isPartOf\":{\"@id\":\"https:\/\/www.uoh.cl\/escuela-de-salud\/#website\"},\"datePublished\":\"2023-11-06T13:29:11+00:00\",\"dateModified\":\"2023-11-06T13:36:38+00:00\",\"inLanguage\":\"es-CL\",\"potentialAction\":[{\"@type\":\"ReadAction\",\"target\":[\"https:\/\/www.uoh.cl\/escuela-de-salud\/programa-de-apoyo-al-egreso-para-medicina-paem\/\"]}]},{\"@type\":\"WebSite\",\"@id\":\"https:\/\/www.uoh.cl\/escuela-de-salud\/#website\",\"url\":\"https:\/\/www.uoh.cl\/escuela-de-salud\/\",\"name\":\"Escuela de Salud\",\"description\":\"Otro sitio de Sitios de Universidad O'higgins\",\"potentialAction\":[{\"@type\":\"SearchAction\",\"target\":{\"@type\":\"EntryPoint\",\"urlTemplate\":\"https:\/\/www.uoh.cl\/escuela-de-salud\/?s={search_term_string}\"},\"query-input\":{\"@type\":\"PropertyValueSpecification\",\"valueRequired\":true,\"valueName\":\"search_term_string\"}}],\"inLanguage\":\"es-CL\"}]}<\/script>\n<!-- \/ Yoast SEO plugin. -->","yoast_head_json":{"title":"Programa de Apoyo al Egreso para Medicina (PAEM) - Escuela de Salud","robots":{"index":"index","follow":"follow","max-snippet":"max-snippet:-1","max-image-preview":"max-image-preview:large","max-video-preview":"max-video-preview:-1"},"canonical":"https:\/\/www.uoh.cl\/escuela-de-salud\/programa-de-apoyo-al-egreso-para-medicina-paem\/","og_locale":"es_ES","og_type":"article","og_title":"Programa de Apoyo al Egreso para Medicina (PAEM) - Escuela de Salud","og_description":"[vc_section el_class=&#8221;container mx-auto align-items-center circle&#8211;pattern&#8221;][vc_row el_class=&#8221;pt-5 pb-5&#8243;][vc_column][vc_wp_custommenu nav_menu=&#8221;57&#8243;][\/vc_column][\/vc_row][\/vc_section][vc_section el_class=&#8221;container mx-auto align-items-center text-right&#8221;][vc_row el_class=&#8221;pb-5&#8243;][vc_column][vc_column_text] El Programa de Apoyo al Egreso de Medicina (PAEM) establece una ruta paralela a la malla curricular de la carrera en la que se activan una serie de estrategias asociadas a cada uno de los niveles de formaci\u00f3n, y cuyo objetivo es [&hellip;]","og_url":"https:\/\/www.uoh.cl\/escuela-de-salud\/programa-de-apoyo-al-egreso-para-medicina-paem\/","og_site_name":"Escuela de Salud","article_modified_time":"2023-11-06T13:36:38+00:00","twitter_card":"summary_large_image","twitter_misc":{"Tiempo estimado de lectura":"5 minutos"},"schema":{"@context":"https:\/\/schema.org","@graph":[{"@type":"WebPage","@id":"https:\/\/www.uoh.cl\/escuela-de-salud\/programa-de-apoyo-al-egreso-para-medicina-paem\/","url":"https:\/\/www.uoh.cl\/escuela-de-salud\/programa-de-apoyo-al-egreso-para-medicina-paem\/","name":"Programa de Apoyo al Egreso para Medicina (PAEM) - Escuela de Salud","isPartOf":{"@id":"https:\/\/www.uoh.cl\/escuela-de-salud\/#website"},"datePublished":"2023-11-06T13:29:11+00:00","dateModified":"2023-11-06T13:36:38+00:00","inLanguage":"es-CL","potentialAction":[{"@type":"ReadAction","target":["https:\/\/www.uoh.cl\/escuela-de-salud\/programa-de-apoyo-al-egreso-para-medicina-paem\/"]}]},{"@type":"WebSite","@id":"https:\/\/www.uoh.cl\/escuela-de-salud\/#website","url":"https:\/\/www.uoh.cl\/escuela-de-salud\/","name":"Escuela de Salud","description":"Otro sitio de Sitios de Universidad O'higgins","potentialAction":[{"@type":"SearchAction","target":{"@type":"EntryPoint","urlTemplate":"https:\/\/www.uoh.cl\/escuela-de-salud\/?s={search_term_string}"},"query-input":{"@type":"PropertyValueSpecification","valueRequired":true,"valueName":"search_term_string"}}],"inLanguage":"es-CL"}]}},"_links":{"self":[{"href":"https:\/\/www.uoh.cl\/escuela-de-salud\/wp-json\/wp\/v2\/pages\/2103","targetHints":{"allow":["GET"]}}],"collection":[{"href":"https:\/\/www.uoh.cl\/escuela-de-salud\/wp-json\/wp\/v2\/pages"}],"about":[{"href":"https:\/\/www.uoh.cl\/escuela-de-salud\/wp-json\/wp\/v2\/types\/page"}],"author":[{"embeddable":true,"href":"https:\/\/www.uoh.cl\/escuela-de-salud\/wp-json\/wp\/v2\/users\/23"}],"replies":[{"embeddable":true,"href":"https:\/\/www.uoh.cl\/escuela-de-salud\/wp-json\/wp\/v2\/comments?post=2103"}],"version-history":[{"count":12,"href":"https:\/\/www.uoh.cl\/escuela-de-salud\/wp-json\/wp\/v2\/pages\/2103\/revisions"}],"predecessor-version":[{"id":2117,"href":"https:\/\/www.uoh.cl\/escuela-de-salud\/wp-json\/wp\/v2\/pages\/2103\/revisions\/2117"}],"wp:attachment":[{"href":"https:\/\/www.uoh.cl\/escuela-de-salud\/wp-json\/wp\/v2\/media?parent=2103"}],"curies":[{"name":"wp","href":"https:\/\/api.w.org\/{rel}","templated":true}]}}