
{"id":1374,"date":"2023-03-07T14:50:06","date_gmt":"2023-03-07T17:50:06","guid":{"rendered":"https:\/\/www.uoh.cl\/escuela-de-salud\/?page_id=1374"},"modified":"2024-01-03T16:41:38","modified_gmt":"2024-01-03T19:41:38","slug":"programa-de-capacitacion-ayudantes-docentes","status":"publish","type":"page","link":"https:\/\/www.uoh.cl\/escuela-de-salud\/programa-de-capacitacion-ayudantes-docentes\/","title":{"rendered":"Programa de capacitaci\u00f3n ayudantes docentes"},"content":{"rendered":"<div class=\"wpb-content-wrapper\"><p>[vc_section el_class=&#8221;container mx-auto align-items-center text-right&#8221;][vc_row el_class=&#8221;pb-5&#8243;][vc_column][vc_wp_custommenu nav_menu=&#8221;57&#8243;]<div class=\"breadcrumb\"><ol itemscope itemtype=\"https:\/\/schema.org\/BreadcrumbList\"><li itemprop=\"itemListElement\" itemscope itemtype=\"https:\/\/schema.org\/ListItem\"><a itemprop=\"item\" href=\"http:\/\/www.uoh.cl\"><span itemprop=\"name\">Inicio<\/span><\/a><meta itemprop=\"position\" content=\"1\" \/><li itemprop=\"itemListElement\" itemscope itemtype=\"https:\/\/schema.org\/ListItem\"><a itemprop=\"item\" href=\"https:\/\/www.uoh.cl\/escuela-de-salud\"><span itemprop=\"name\">Escuela de Salud<\/span><\/a><meta itemprop=\"position\" content=\"2\" \/><li itemprop=\"itemListElement\" itemscope itemtype=\"https:\/\/schema.org\/ListItem\"><span itemprop=\"name\">Programa de capacitaci\u00f3n ayudantes docentes <\/span><meta itemprop=\"position\" content=\"3\" \/><\/ol><\/div><div class=\"uoh_title_component-container\"><h1 class=\"title title--ms d-inline-block title--decorator  big\">Programa de capacitaci\u00f3n ayudantes docentes<\/h1><\/div>[vc_column_text]El CEA de la Escuela de Salud ha dise\u00f1ado el programa de capacitaci\u00f3n para ayudantes docentes, el que estar\u00e1 a disposici\u00f3n de todas y todos los estudiantes que quieran formar parte del programa de ayudantes de la escuela.<\/p>\n<p>El curso es breve y din\u00e1mico, pensado para que los participantes puedan avanzar en la medida de sus tiempos. Considera tres m\u00f3dulos iniciales: Constructivismo y aprendizaje entre pares, Ciclo did\u00e1ctico y Metodolog\u00edas activas para la docencia cl\u00ednica, a los que se suman los m\u00f3dulos Uso de lenguaje inclusivo y no sexista y Presentaciones efectivas.[\/vc_column_text][\/vc_column][\/vc_row][\/vc_section][vc_section el_class=&#8221;container mx-auto align-items-center text-right&#8221;][vc_row el_class=&#8221;pb-5&#8243;][vc_column]<div class=\"uoh_title_component-container\"><h2 class=\"title title--ms d-inline-block title--decorator  medium\">Instrucciones<\/h2><\/div>[vc_column_text]<\/p>\n<ol>\n<li class=\"CDt4Ke zfr3Q\" dir=\"ltr\">Ingresa al enlace de cada m\u00f3dulo y revisa el video (duraci\u00f3n de 15 minutos en promedio)<\/li>\n<li class=\"CDt4Ke zfr3Q\" dir=\"ltr\">Para el m\u00f3dulo Uso de lenguaje inclusivo y no sexista, adem\u00e1s debe revisar la lectura complementaria.<\/li>\n<li class=\"CDt4Ke zfr3Q\" dir=\"ltr\">Completa la evaluaci\u00f3n de cada m\u00f3dulo<\/li>\n<li class=\"CDt4Ke zfr3Q\" dir=\"ltr\">Una vez terminadas las cinco evaluaciones, recibir\u00e1s un enlace en el que podr\u00e1s opinar acerca del curso, esta instancia de retroalimentaci\u00f3n es muy importante para considerar futuras mejoras.<\/li>\n<li class=\"CDt4Ke zfr3Q\" dir=\"ltr\">Al completar el \u00faltimo paso, recibir\u00e1s tu certificado a tu correo institucional (los certificados se enviar\u00e1n desde el CEA v\u00eda correo, NO se trata de un proceso autom\u00e1tico por lo que tarda aproximadamente una semana).<\/li>\n<\/ol>\n<p>Por favor considere lo siguiente; quienes ya completaron los tres primeros m\u00f3dulos y obtuvieron su certificado, s\u00f3lo deben realizar los dos m\u00f3dulos que se suman (Uso de lenguaje inclusivo y no sexista y Presentaciones efectivas) para recibir su diploma de actualizaci\u00f3n.[\/vc_column_text][\/vc_column][\/vc_row][\/vc_section][vc_section el_class=&#8221;container mx-auto align-items-center text-right&#8221;][vc_row][vc_column width=&#8221;1\/3&#8243;]<div class=\"uoh_link_component pe-4 d-inline-block py-1 button inline\"><a href=\"https:\/\/www.youtube.com\/watch?v=PKD95s0emqU&ab_channel=EscueladeSaludUOH\"\n                                    class=\"link link--bold component__btn-content\"\n                                    title\"\"\n                                    target=\"_blank\"\n                                    rel=\"\">\n            <span class=\"icon__arrow-prelink\"><svg version=\"1.1\" xmlns=\"http:\/\/www.w3.org\/2000\/svg\" xmlns:xlink=\"http:\/\/www.w3.org\/1999\/xlink\" x=\"0px\" y=\"0px\" width=\"80px\" height=\"64.6px\" viewBox=\"0 0 80 64.6\" style=\"overflow:visible;enable-background:new 0 0 80 64.6;\" xml:space=\"preserve\"><defs><\/defs><path d=\"M4,36.3h62.3L44.9,57.7c-1.6,1.6-1.6,4.1,0,5.7c1.6,1.6,4.1,1.6,5.7,0l28.3-28.3l0,0c0.2-0.2,0.4-0.4,0.5-0.6 c0.1-0.1,0.1-0.2,0.2-0.3c0.1-0.1,0.1-0.2,0.2-0.4c0.1-0.1,0.1-0.3,0.1-0.4c0-0.1,0.1-0.2,0.1-0.3c0.1-0.3,0.1-0.5,0.1-0.8l0,0 c0,0,0,0,0,0c0-0.3,0-0.5-0.1-0.8c0-0.1-0.1-0.2-0.1-0.3c0-0.1-0.1-0.3-0.1-0.4c-0.1-0.1-0.1-0.3-0.2-0.4c-0.1-0.1-0.1-0.2-0.2-0.3 c-0.1-0.2-0.3-0.4-0.5-0.6L50.5,1.2c-1.6-1.6-4.1-1.6-5.7,0c-1.6,1.6-1.6,4.1,0,5.7l21.5,21.5H4c-2.2,0-4,1.8-4,4S1.8,36.3,4,36.3z\"><\/path><\/svg><\/span>\n            M\u00f3dulo I: Constructivismo y aprendizaje entre pares<\/a><\/div>[\/vc_column][vc_column width=&#8221;1\/3&#8243;]<div class=\"uoh_link_component pe-4 d-inline-block py-1 button inline\"><a href=\"https:\/\/docs.google.com\/forms\/d\/e\/1FAIpQLSeJvXHqzcarbdW9g_6Xxl4ooimFIzrjyn9uIz_6qjFsrztLqQ\/closedform\"\n                                    class=\"link link--bold component__btn-content\"\n                                    title\"\"\n                                    target=\"_blank\"\n                                    rel=\"\">\n            <span class=\"icon__arrow-prelink\"><svg version=\"1.1\" xmlns=\"http:\/\/www.w3.org\/2000\/svg\" xmlns:xlink=\"http:\/\/www.w3.org\/1999\/xlink\" x=\"0px\" y=\"0px\" width=\"80px\" height=\"64.6px\" viewBox=\"0 0 80 64.6\" style=\"overflow:visible;enable-background:new 0 0 80 64.6;\" xml:space=\"preserve\"><defs><\/defs><path d=\"M4,36.3h62.3L44.9,57.7c-1.6,1.6-1.6,4.1,0,5.7c1.6,1.6,4.1,1.6,5.7,0l28.3-28.3l0,0c0.2-0.2,0.4-0.4,0.5-0.6 c0.1-0.1,0.1-0.2,0.2-0.3c0.1-0.1,0.1-0.2,0.2-0.4c0.1-0.1,0.1-0.3,0.1-0.4c0-0.1,0.1-0.2,0.1-0.3c0.1-0.3,0.1-0.5,0.1-0.8l0,0 c0,0,0,0,0,0c0-0.3,0-0.5-0.1-0.8c0-0.1-0.1-0.2-0.1-0.3c0-0.1-0.1-0.3-0.1-0.4c-0.1-0.1-0.1-0.3-0.2-0.4c-0.1-0.1-0.1-0.2-0.2-0.3 c-0.1-0.2-0.3-0.4-0.5-0.6L50.5,1.2c-1.6-1.6-4.1-1.6-5.7,0c-1.6,1.6-1.6,4.1,0,5.7l21.5,21.5H4c-2.2,0-4,1.8-4,4S1.8,36.3,4,36.3z\"><\/path><\/svg><\/span>\n            Evaluaci\u00f3n M\u00f3dulo I<\/a><\/div>[\/vc_column][vc_column width=&#8221;1\/3&#8243;]<div class=\"uoh_link_component pe-4 d-inline-block py-1 button inline\"><a href=\"https:\/\/www.youtube.com\/watch?v=UA35rDXYg9U&ab_channel=EscueladeSaludUOH\"\n                                    class=\"link link--bold component__btn-content\"\n                                    title\"\"\n                                    target=\"_blank\"\n                                    rel=\"\">\n            <span class=\"icon__arrow-prelink\"><svg version=\"1.1\" xmlns=\"http:\/\/www.w3.org\/2000\/svg\" xmlns:xlink=\"http:\/\/www.w3.org\/1999\/xlink\" x=\"0px\" y=\"0px\" width=\"80px\" height=\"64.6px\" viewBox=\"0 0 80 64.6\" style=\"overflow:visible;enable-background:new 0 0 80 64.6;\" xml:space=\"preserve\"><defs><\/defs><path d=\"M4,36.3h62.3L44.9,57.7c-1.6,1.6-1.6,4.1,0,5.7c1.6,1.6,4.1,1.6,5.7,0l28.3-28.3l0,0c0.2-0.2,0.4-0.4,0.5-0.6 c0.1-0.1,0.1-0.2,0.2-0.3c0.1-0.1,0.1-0.2,0.2-0.4c0.1-0.1,0.1-0.3,0.1-0.4c0-0.1,0.1-0.2,0.1-0.3c0.1-0.3,0.1-0.5,0.1-0.8l0,0 c0,0,0,0,0,0c0-0.3,0-0.5-0.1-0.8c0-0.1-0.1-0.2-0.1-0.3c0-0.1-0.1-0.3-0.1-0.4c-0.1-0.1-0.1-0.3-0.2-0.4c-0.1-0.1-0.1-0.2-0.2-0.3 c-0.1-0.2-0.3-0.4-0.5-0.6L50.5,1.2c-1.6-1.6-4.1-1.6-5.7,0c-1.6,1.6-1.6,4.1,0,5.7l21.5,21.5H4c-2.2,0-4,1.8-4,4S1.8,36.3,4,36.3z\"><\/path><\/svg><\/span>\n            M\u00f3dulo II: Ciclo did\u00e1ctico<\/a><\/div>[\/vc_column][\/vc_row][vc_row][vc_column width=&#8221;1\/3&#8243;]<div class=\"uoh_link_component pe-4 d-inline-block py-1 button inline\"><a href=\"https:\/\/docs.google.com\/forms\/d\/e\/1FAIpQLSdfxwnxxKURugO02F6xnu1OHAueMReGbDciETavwRPk_N5Gdg\/closedform\"\n                                    class=\"link link--bold component__btn-content\"\n                                    title\"\"\n                                    target=\"_blank\"\n                                    rel=\"\">\n            <span class=\"icon__arrow-prelink\"><svg version=\"1.1\" xmlns=\"http:\/\/www.w3.org\/2000\/svg\" xmlns:xlink=\"http:\/\/www.w3.org\/1999\/xlink\" x=\"0px\" y=\"0px\" width=\"80px\" height=\"64.6px\" viewBox=\"0 0 80 64.6\" style=\"overflow:visible;enable-background:new 0 0 80 64.6;\" xml:space=\"preserve\"><defs><\/defs><path d=\"M4,36.3h62.3L44.9,57.7c-1.6,1.6-1.6,4.1,0,5.7c1.6,1.6,4.1,1.6,5.7,0l28.3-28.3l0,0c0.2-0.2,0.4-0.4,0.5-0.6 c0.1-0.1,0.1-0.2,0.2-0.3c0.1-0.1,0.1-0.2,0.2-0.4c0.1-0.1,0.1-0.3,0.1-0.4c0-0.1,0.1-0.2,0.1-0.3c0.1-0.3,0.1-0.5,0.1-0.8l0,0 c0,0,0,0,0,0c0-0.3,0-0.5-0.1-0.8c0-0.1-0.1-0.2-0.1-0.3c0-0.1-0.1-0.3-0.1-0.4c-0.1-0.1-0.1-0.3-0.2-0.4c-0.1-0.1-0.1-0.2-0.2-0.3 c-0.1-0.2-0.3-0.4-0.5-0.6L50.5,1.2c-1.6-1.6-4.1-1.6-5.7,0c-1.6,1.6-1.6,4.1,0,5.7l21.5,21.5H4c-2.2,0-4,1.8-4,4S1.8,36.3,4,36.3z\"><\/path><\/svg><\/span>\n            Evaluaci\u00f3n M\u00f3dulo II<\/a><\/div>[\/vc_column][vc_column width=&#8221;1\/3&#8243;]<div class=\"uoh_link_component pe-4 d-inline-block py-1 button inline\"><a href=\"https:\/\/www.youtube.com\/watch?v=ORKOQPeWYjM&ab_channel=EscueladeSaludUOH\"\n                                    class=\"link link--bold component__btn-content\"\n                                    title\"\"\n                                    target=\"_blank\"\n                                    rel=\"\">\n            <span class=\"icon__arrow-prelink\"><svg version=\"1.1\" xmlns=\"http:\/\/www.w3.org\/2000\/svg\" xmlns:xlink=\"http:\/\/www.w3.org\/1999\/xlink\" x=\"0px\" y=\"0px\" width=\"80px\" height=\"64.6px\" viewBox=\"0 0 80 64.6\" style=\"overflow:visible;enable-background:new 0 0 80 64.6;\" xml:space=\"preserve\"><defs><\/defs><path d=\"M4,36.3h62.3L44.9,57.7c-1.6,1.6-1.6,4.1,0,5.7c1.6,1.6,4.1,1.6,5.7,0l28.3-28.3l0,0c0.2-0.2,0.4-0.4,0.5-0.6 c0.1-0.1,0.1-0.2,0.2-0.3c0.1-0.1,0.1-0.2,0.2-0.4c0.1-0.1,0.1-0.3,0.1-0.4c0-0.1,0.1-0.2,0.1-0.3c0.1-0.3,0.1-0.5,0.1-0.8l0,0 c0,0,0,0,0,0c0-0.3,0-0.5-0.1-0.8c0-0.1-0.1-0.2-0.1-0.3c0-0.1-0.1-0.3-0.1-0.4c-0.1-0.1-0.1-0.3-0.2-0.4c-0.1-0.1-0.1-0.2-0.2-0.3 c-0.1-0.2-0.3-0.4-0.5-0.6L50.5,1.2c-1.6-1.6-4.1-1.6-5.7,0c-1.6,1.6-1.6,4.1,0,5.7l21.5,21.5H4c-2.2,0-4,1.8-4,4S1.8,36.3,4,36.3z\"><\/path><\/svg><\/span>\n            M\u00f3dulo III: Metodolog\u00edas activas con foco en la docencia cl\u00ednica<\/a><\/div>[\/vc_column][vc_column width=&#8221;1\/3&#8243;]<div class=\"uoh_link_component pe-4 d-inline-block py-1 button inline\"><a href=\"https:\/\/docs.google.com\/forms\/d\/e\/1FAIpQLSe-U9vByLh2NSVUz7m65L9Ebwa2ZxePBJUlH6mnJFgZiNh_Bg\/closedform\"\n                                    class=\"link link--bold component__btn-content\"\n                                    title\"\"\n                                    target=\"_blank\"\n                                    rel=\"\">\n            <span class=\"icon__arrow-prelink\"><svg version=\"1.1\" xmlns=\"http:\/\/www.w3.org\/2000\/svg\" xmlns:xlink=\"http:\/\/www.w3.org\/1999\/xlink\" x=\"0px\" y=\"0px\" width=\"80px\" height=\"64.6px\" viewBox=\"0 0 80 64.6\" style=\"overflow:visible;enable-background:new 0 0 80 64.6;\" xml:space=\"preserve\"><defs><\/defs><path d=\"M4,36.3h62.3L44.9,57.7c-1.6,1.6-1.6,4.1,0,5.7c1.6,1.6,4.1,1.6,5.7,0l28.3-28.3l0,0c0.2-0.2,0.4-0.4,0.5-0.6 c0.1-0.1,0.1-0.2,0.2-0.3c0.1-0.1,0.1-0.2,0.2-0.4c0.1-0.1,0.1-0.3,0.1-0.4c0-0.1,0.1-0.2,0.1-0.3c0.1-0.3,0.1-0.5,0.1-0.8l0,0 c0,0,0,0,0,0c0-0.3,0-0.5-0.1-0.8c0-0.1-0.1-0.2-0.1-0.3c0-0.1-0.1-0.3-0.1-0.4c-0.1-0.1-0.1-0.3-0.2-0.4c-0.1-0.1-0.1-0.2-0.2-0.3 c-0.1-0.2-0.3-0.4-0.5-0.6L50.5,1.2c-1.6-1.6-4.1-1.6-5.7,0c-1.6,1.6-1.6,4.1,0,5.7l21.5,21.5H4c-2.2,0-4,1.8-4,4S1.8,36.3,4,36.3z\"><\/path><\/svg><\/span>\n            Evaluaci\u00f3n M\u00f3dulo III<\/a><\/div>[\/vc_column][\/vc_row][vc_row][vc_column width=&#8221;1\/3&#8243;]<div class=\"uoh_link_component pe-4 d-inline-block py-1 button inline\"><a href=\"https:\/\/www.youtube.com\/watch?v=zzPeTzLxn3o&ab_channel=EscueladeSaludUOH\"\n                                    class=\"link link--bold component__btn-content\"\n                                    title\"\"\n                                    target=\"_blank\"\n                                    rel=\"\">\n            <span class=\"icon__arrow-prelink\"><svg version=\"1.1\" xmlns=\"http:\/\/www.w3.org\/2000\/svg\" xmlns:xlink=\"http:\/\/www.w3.org\/1999\/xlink\" x=\"0px\" y=\"0px\" width=\"80px\" height=\"64.6px\" viewBox=\"0 0 80 64.6\" style=\"overflow:visible;enable-background:new 0 0 80 64.6;\" xml:space=\"preserve\"><defs><\/defs><path d=\"M4,36.3h62.3L44.9,57.7c-1.6,1.6-1.6,4.1,0,5.7c1.6,1.6,4.1,1.6,5.7,0l28.3-28.3l0,0c0.2-0.2,0.4-0.4,0.5-0.6 c0.1-0.1,0.1-0.2,0.2-0.3c0.1-0.1,0.1-0.2,0.2-0.4c0.1-0.1,0.1-0.3,0.1-0.4c0-0.1,0.1-0.2,0.1-0.3c0.1-0.3,0.1-0.5,0.1-0.8l0,0 c0,0,0,0,0,0c0-0.3,0-0.5-0.1-0.8c0-0.1-0.1-0.2-0.1-0.3c0-0.1-0.1-0.3-0.1-0.4c-0.1-0.1-0.1-0.3-0.2-0.4c-0.1-0.1-0.1-0.2-0.2-0.3 c-0.1-0.2-0.3-0.4-0.5-0.6L50.5,1.2c-1.6-1.6-4.1-1.6-5.7,0c-1.6,1.6-1.6,4.1,0,5.7l21.5,21.5H4c-2.2,0-4,1.8-4,4S1.8,36.3,4,36.3z\"><\/path><\/svg><\/span>\n            M\u00f3dulo IV: Uso de lenguaje inclusivo y no sexista<\/a><\/div>[\/vc_column][vc_column width=&#8221;1\/3&#8243;]<div class=\"uoh_link_component pe-4 d-inline-block py-1 button inline\"><a href=\"https:\/\/drive.google.com\/file\/d\/1IpxQkndM2ph-H3qSqB92sF7WFibs7ucT\/view\"\n                                    class=\"link link--bold component__btn-content\"\n                                    title\"\"\n                                    target=\"_blank\"\n                                    rel=\"\">\n            <span class=\"icon__arrow-prelink\"><svg version=\"1.1\" xmlns=\"http:\/\/www.w3.org\/2000\/svg\" xmlns:xlink=\"http:\/\/www.w3.org\/1999\/xlink\" x=\"0px\" y=\"0px\" width=\"80px\" height=\"64.6px\" viewBox=\"0 0 80 64.6\" style=\"overflow:visible;enable-background:new 0 0 80 64.6;\" xml:space=\"preserve\"><defs><\/defs><path d=\"M4,36.3h62.3L44.9,57.7c-1.6,1.6-1.6,4.1,0,5.7c1.6,1.6,4.1,1.6,5.7,0l28.3-28.3l0,0c0.2-0.2,0.4-0.4,0.5-0.6 c0.1-0.1,0.1-0.2,0.2-0.3c0.1-0.1,0.1-0.2,0.2-0.4c0.1-0.1,0.1-0.3,0.1-0.4c0-0.1,0.1-0.2,0.1-0.3c0.1-0.3,0.1-0.5,0.1-0.8l0,0 c0,0,0,0,0,0c0-0.3,0-0.5-0.1-0.8c0-0.1-0.1-0.2-0.1-0.3c0-0.1-0.1-0.3-0.1-0.4c-0.1-0.1-0.1-0.3-0.2-0.4c-0.1-0.1-0.1-0.2-0.2-0.3 c-0.1-0.2-0.3-0.4-0.5-0.6L50.5,1.2c-1.6-1.6-4.1-1.6-5.7,0c-1.6,1.6-1.6,4.1,0,5.7l21.5,21.5H4c-2.2,0-4,1.8-4,4S1.8,36.3,4,36.3z\"><\/path><\/svg><\/span>\n            Lectura complementaria<\/a><\/div>[\/vc_column][vc_column width=&#8221;1\/3&#8243;]<div class=\"uoh_link_component pe-4 d-inline-block py-1 button inline\"><a href=\"https:\/\/docs.google.com\/forms\/d\/e\/1FAIpQLSe_q5wacNgUZMYo5kd_hwcE95tDqjxDED8fk6xFFy-kdY708Q\/closedform\"\n                                    class=\"link link--bold component__btn-content\"\n                                    title\"\"\n                                    target=\"_blank\"\n                                    rel=\"\">\n            <span class=\"icon__arrow-prelink\"><svg version=\"1.1\" xmlns=\"http:\/\/www.w3.org\/2000\/svg\" xmlns:xlink=\"http:\/\/www.w3.org\/1999\/xlink\" x=\"0px\" y=\"0px\" width=\"80px\" height=\"64.6px\" viewBox=\"0 0 80 64.6\" style=\"overflow:visible;enable-background:new 0 0 80 64.6;\" xml:space=\"preserve\"><defs><\/defs><path d=\"M4,36.3h62.3L44.9,57.7c-1.6,1.6-1.6,4.1,0,5.7c1.6,1.6,4.1,1.6,5.7,0l28.3-28.3l0,0c0.2-0.2,0.4-0.4,0.5-0.6 c0.1-0.1,0.1-0.2,0.2-0.3c0.1-0.1,0.1-0.2,0.2-0.4c0.1-0.1,0.1-0.3,0.1-0.4c0-0.1,0.1-0.2,0.1-0.3c0.1-0.3,0.1-0.5,0.1-0.8l0,0 c0,0,0,0,0,0c0-0.3,0-0.5-0.1-0.8c0-0.1-0.1-0.2-0.1-0.3c0-0.1-0.1-0.3-0.1-0.4c-0.1-0.1-0.1-0.3-0.2-0.4c-0.1-0.1-0.1-0.2-0.2-0.3 c-0.1-0.2-0.3-0.4-0.5-0.6L50.5,1.2c-1.6-1.6-4.1-1.6-5.7,0c-1.6,1.6-1.6,4.1,0,5.7l21.5,21.5H4c-2.2,0-4,1.8-4,4S1.8,36.3,4,36.3z\"><\/path><\/svg><\/span>\n            Evaluaci\u00f3n m\u00f3dulo IV<\/a><\/div>[\/vc_column][\/vc_row][vc_row][vc_column width=&#8221;1\/3&#8243;]<div class=\"uoh_link_component pe-4 d-inline-block py-1 button inline\"><a href=\"https:\/\/www.youtube.com\/watch?v=SerJByVNLrY&ab_channel=EscueladeSaludUOH\"\n                                    class=\"link link--bold component__btn-content\"\n                                    title\"\"\n                                    target=\"_blank\"\n                                    rel=\"\">\n            <span class=\"icon__arrow-prelink\"><svg version=\"1.1\" xmlns=\"http:\/\/www.w3.org\/2000\/svg\" xmlns:xlink=\"http:\/\/www.w3.org\/1999\/xlink\" x=\"0px\" y=\"0px\" width=\"80px\" height=\"64.6px\" viewBox=\"0 0 80 64.6\" style=\"overflow:visible;enable-background:new 0 0 80 64.6;\" xml:space=\"preserve\"><defs><\/defs><path d=\"M4,36.3h62.3L44.9,57.7c-1.6,1.6-1.6,4.1,0,5.7c1.6,1.6,4.1,1.6,5.7,0l28.3-28.3l0,0c0.2-0.2,0.4-0.4,0.5-0.6 c0.1-0.1,0.1-0.2,0.2-0.3c0.1-0.1,0.1-0.2,0.2-0.4c0.1-0.1,0.1-0.3,0.1-0.4c0-0.1,0.1-0.2,0.1-0.3c0.1-0.3,0.1-0.5,0.1-0.8l0,0 c0,0,0,0,0,0c0-0.3,0-0.5-0.1-0.8c0-0.1-0.1-0.2-0.1-0.3c0-0.1-0.1-0.3-0.1-0.4c-0.1-0.1-0.1-0.3-0.2-0.4c-0.1-0.1-0.1-0.2-0.2-0.3 c-0.1-0.2-0.3-0.4-0.5-0.6L50.5,1.2c-1.6-1.6-4.1-1.6-5.7,0c-1.6,1.6-1.6,4.1,0,5.7l21.5,21.5H4c-2.2,0-4,1.8-4,4S1.8,36.3,4,36.3z\"><\/path><\/svg><\/span>\n            M\u00f3dulo V: Presentaciones efectivas<\/a><\/div>[\/vc_column][vc_column width=&#8221;1\/3&#8243;]<div class=\"uoh_link_component pe-4 d-inline-block py-1 button inline\"><a href=\"https:\/\/docs.google.com\/forms\/d\/e\/1FAIpQLSc0SS0y_f3Ec8ggWBCo3ISuTzgJOQ3BJjgKKtogfB04Sz05oQ\/closedform\"\n                                    class=\"link link--bold component__btn-content\"\n                                    title\"\"\n                                    target=\"_blank\"\n                                    rel=\"\">\n            <span class=\"icon__arrow-prelink\"><svg version=\"1.1\" xmlns=\"http:\/\/www.w3.org\/2000\/svg\" xmlns:xlink=\"http:\/\/www.w3.org\/1999\/xlink\" x=\"0px\" y=\"0px\" width=\"80px\" height=\"64.6px\" viewBox=\"0 0 80 64.6\" style=\"overflow:visible;enable-background:new 0 0 80 64.6;\" xml:space=\"preserve\"><defs><\/defs><path d=\"M4,36.3h62.3L44.9,57.7c-1.6,1.6-1.6,4.1,0,5.7c1.6,1.6,4.1,1.6,5.7,0l28.3-28.3l0,0c0.2-0.2,0.4-0.4,0.5-0.6 c0.1-0.1,0.1-0.2,0.2-0.3c0.1-0.1,0.1-0.2,0.2-0.4c0.1-0.1,0.1-0.3,0.1-0.4c0-0.1,0.1-0.2,0.1-0.3c0.1-0.3,0.1-0.5,0.1-0.8l0,0 c0,0,0,0,0,0c0-0.3,0-0.5-0.1-0.8c0-0.1-0.1-0.2-0.1-0.3c0-0.1-0.1-0.3-0.1-0.4c-0.1-0.1-0.1-0.3-0.2-0.4c-0.1-0.1-0.1-0.2-0.2-0.3 c-0.1-0.2-0.3-0.4-0.5-0.6L50.5,1.2c-1.6-1.6-4.1-1.6-5.7,0c-1.6,1.6-1.6,4.1,0,5.7l21.5,21.5H4c-2.2,0-4,1.8-4,4S1.8,36.3,4,36.3z\"><\/path><\/svg><\/span>\n            Evaluaci\u00f3n m\u00f3dulo V<\/a><\/div>[\/vc_column][vc_column width=&#8221;1\/3&#8243;][\/vc_column][\/vc_row][\/vc_section]<\/p>\n<\/div>","protected":false},"excerpt":{"rendered":"<p>[vc_section el_class=&#8221;container mx-auto align-items-center text-right&#8221;][vc_row el_class=&#8221;pb-5&#8243;][vc_column][vc_wp_custommenu nav_menu=&#8221;57&#8243;][vc_column_text]El CEA de la Escuela de Salud ha dise\u00f1ado el programa de capacitaci\u00f3n para ayudantes docentes, el que estar\u00e1 a disposici\u00f3n de todas y todos los estudiantes que quieran formar parte del programa de ayudantes de la escuela. El curso es breve y din\u00e1mico, pensado para que los participantes [&hellip;]<\/p>\n","protected":false},"author":23,"featured_media":0,"parent":0,"menu_order":0,"comment_status":"closed","ping_status":"closed","template":"","meta":{"_acf_changed":false,"footnotes":""},"class_list":["post-1374","page","type-page","status-publish","hentry"],"acf":[],"yoast_head":"<!-- This site is optimized with the Yoast SEO plugin v26.6 - https:\/\/yoast.com\/wordpress\/plugins\/seo\/ -->\n<title>Programa de capacitaci\u00f3n ayudantes docentes - Escuela de Salud<\/title>\n<meta name=\"robots\" content=\"index, follow, max-snippet:-1, max-image-preview:large, max-video-preview:-1\" \/>\n<link rel=\"canonical\" href=\"https:\/\/www.uoh.cl\/escuela-de-salud\/programa-de-capacitacion-ayudantes-docentes\/\" \/>\n<meta property=\"og:locale\" content=\"es_ES\" \/>\n<meta property=\"og:type\" content=\"article\" \/>\n<meta property=\"og:title\" content=\"Programa de capacitaci\u00f3n ayudantes docentes - Escuela de Salud\" \/>\n<meta property=\"og:description\" content=\"[vc_section el_class=&#8221;container mx-auto align-items-center text-right&#8221;][vc_row el_class=&#8221;pb-5&#8243;][vc_column][vc_wp_custommenu nav_menu=&#8221;57&#8243;][vc_column_text]El CEA de la Escuela de Salud ha dise\u00f1ado el programa de capacitaci\u00f3n para ayudantes docentes, el que estar\u00e1 a disposici\u00f3n de todas y todos los estudiantes que quieran formar parte del programa de ayudantes de la escuela. El curso es breve y din\u00e1mico, pensado para que los participantes [&hellip;]\" \/>\n<meta property=\"og:url\" content=\"https:\/\/www.uoh.cl\/escuela-de-salud\/programa-de-capacitacion-ayudantes-docentes\/\" \/>\n<meta property=\"og:site_name\" content=\"Escuela de Salud\" \/>\n<meta property=\"article:modified_time\" content=\"2024-01-03T19:41:38+00:00\" \/>\n<meta name=\"twitter:card\" content=\"summary_large_image\" \/>\n<meta name=\"twitter:label1\" content=\"Tiempo estimado de lectura\" \/>\n\t<meta name=\"twitter:data1\" content=\"2 minutos\" \/>\n<script type=\"application\/ld+json\" class=\"yoast-schema-graph\">{\"@context\":\"https:\/\/schema.org\",\"@graph\":[{\"@type\":\"WebPage\",\"@id\":\"https:\/\/www.uoh.cl\/escuela-de-salud\/programa-de-capacitacion-ayudantes-docentes\/\",\"url\":\"https:\/\/www.uoh.cl\/escuela-de-salud\/programa-de-capacitacion-ayudantes-docentes\/\",\"name\":\"Programa de capacitaci\u00f3n ayudantes docentes - Escuela de Salud\",\"isPartOf\":{\"@id\":\"https:\/\/www.uoh.cl\/escuela-de-salud\/#website\"},\"datePublished\":\"2023-03-07T17:50:06+00:00\",\"dateModified\":\"2024-01-03T19:41:38+00:00\",\"inLanguage\":\"es-CL\",\"potentialAction\":[{\"@type\":\"ReadAction\",\"target\":[\"https:\/\/www.uoh.cl\/escuela-de-salud\/programa-de-capacitacion-ayudantes-docentes\/\"]}]},{\"@type\":\"WebSite\",\"@id\":\"https:\/\/www.uoh.cl\/escuela-de-salud\/#website\",\"url\":\"https:\/\/www.uoh.cl\/escuela-de-salud\/\",\"name\":\"Escuela de Salud\",\"description\":\"Otro sitio de Sitios de Universidad O'higgins\",\"potentialAction\":[{\"@type\":\"SearchAction\",\"target\":{\"@type\":\"EntryPoint\",\"urlTemplate\":\"https:\/\/www.uoh.cl\/escuela-de-salud\/?s={search_term_string}\"},\"query-input\":{\"@type\":\"PropertyValueSpecification\",\"valueRequired\":true,\"valueName\":\"search_term_string\"}}],\"inLanguage\":\"es-CL\"}]}<\/script>\n<!-- \/ Yoast SEO plugin. -->","yoast_head_json":{"title":"Programa de capacitaci\u00f3n ayudantes docentes - Escuela de Salud","robots":{"index":"index","follow":"follow","max-snippet":"max-snippet:-1","max-image-preview":"max-image-preview:large","max-video-preview":"max-video-preview:-1"},"canonical":"https:\/\/www.uoh.cl\/escuela-de-salud\/programa-de-capacitacion-ayudantes-docentes\/","og_locale":"es_ES","og_type":"article","og_title":"Programa de capacitaci\u00f3n ayudantes docentes - Escuela de Salud","og_description":"[vc_section el_class=&#8221;container mx-auto align-items-center text-right&#8221;][vc_row el_class=&#8221;pb-5&#8243;][vc_column][vc_wp_custommenu nav_menu=&#8221;57&#8243;][vc_column_text]El CEA de la Escuela de Salud ha dise\u00f1ado el programa de capacitaci\u00f3n para ayudantes docentes, el que estar\u00e1 a disposici\u00f3n de todas y todos los estudiantes que quieran formar parte del programa de ayudantes de la escuela. El curso es breve y din\u00e1mico, pensado para que los participantes [&hellip;]","og_url":"https:\/\/www.uoh.cl\/escuela-de-salud\/programa-de-capacitacion-ayudantes-docentes\/","og_site_name":"Escuela de Salud","article_modified_time":"2024-01-03T19:41:38+00:00","twitter_card":"summary_large_image","twitter_misc":{"Tiempo estimado de lectura":"2 minutos"},"schema":{"@context":"https:\/\/schema.org","@graph":[{"@type":"WebPage","@id":"https:\/\/www.uoh.cl\/escuela-de-salud\/programa-de-capacitacion-ayudantes-docentes\/","url":"https:\/\/www.uoh.cl\/escuela-de-salud\/programa-de-capacitacion-ayudantes-docentes\/","name":"Programa de capacitaci\u00f3n ayudantes docentes - Escuela de Salud","isPartOf":{"@id":"https:\/\/www.uoh.cl\/escuela-de-salud\/#website"},"datePublished":"2023-03-07T17:50:06+00:00","dateModified":"2024-01-03T19:41:38+00:00","inLanguage":"es-CL","potentialAction":[{"@type":"ReadAction","target":["https:\/\/www.uoh.cl\/escuela-de-salud\/programa-de-capacitacion-ayudantes-docentes\/"]}]},{"@type":"WebSite","@id":"https:\/\/www.uoh.cl\/escuela-de-salud\/#website","url":"https:\/\/www.uoh.cl\/escuela-de-salud\/","name":"Escuela de Salud","description":"Otro sitio de Sitios de Universidad O'higgins","potentialAction":[{"@type":"SearchAction","target":{"@type":"EntryPoint","urlTemplate":"https:\/\/www.uoh.cl\/escuela-de-salud\/?s={search_term_string}"},"query-input":{"@type":"PropertyValueSpecification","valueRequired":true,"valueName":"search_term_string"}}],"inLanguage":"es-CL"}]}},"_links":{"self":[{"href":"https:\/\/www.uoh.cl\/escuela-de-salud\/wp-json\/wp\/v2\/pages\/1374","targetHints":{"allow":["GET"]}}],"collection":[{"href":"https:\/\/www.uoh.cl\/escuela-de-salud\/wp-json\/wp\/v2\/pages"}],"about":[{"href":"https:\/\/www.uoh.cl\/escuela-de-salud\/wp-json\/wp\/v2\/types\/page"}],"author":[{"embeddable":true,"href":"https:\/\/www.uoh.cl\/escuela-de-salud\/wp-json\/wp\/v2\/users\/23"}],"replies":[{"embeddable":true,"href":"https:\/\/www.uoh.cl\/escuela-de-salud\/wp-json\/wp\/v2\/comments?post=1374"}],"version-history":[{"count":13,"href":"https:\/\/www.uoh.cl\/escuela-de-salud\/wp-json\/wp\/v2\/pages\/1374\/revisions"}],"predecessor-version":[{"id":2294,"href":"https:\/\/www.uoh.cl\/escuela-de-salud\/wp-json\/wp\/v2\/pages\/1374\/revisions\/2294"}],"wp:attachment":[{"href":"https:\/\/www.uoh.cl\/escuela-de-salud\/wp-json\/wp\/v2\/media?parent=1374"}],"curies":[{"name":"wp","href":"https:\/\/api.w.org\/{rel}","templated":true}]}}