
{"id":902,"date":"2022-09-22T10:48:43","date_gmt":"2022-09-22T13:48:43","guid":{"rendered":"https:\/\/www.uoh.cl\/escuela-de-educacion\/?page_id=902"},"modified":"2022-09-22T10:49:24","modified_gmt":"2022-09-22T13:49:24","slug":"noticias","status":"publish","type":"page","link":"https:\/\/www.uoh.cl\/escuela-de-educacion\/noticias\/","title":{"rendered":"Noticias"},"content":{"rendered":"<div class=\"wpb-content-wrapper\"><p>[vc_section el_class=&#8221;container mx-auto align-items-center text-right circle&#8211;pattern&#8221; css=&#8221;.vc_custom_1648956589196{padding-top: 3rem !important;}&#8221;][vc_row el_class=&#8221;pb-5&#8243;][vc_column][vc_wp_custommenu nav_menu=&#8221;6&#8243;]<div class=\"breadcrumb\"><ol itemscope itemtype=\"https:\/\/schema.org\/BreadcrumbList\"><li itemprop=\"itemListElement\" itemscope itemtype=\"https:\/\/schema.org\/ListItem\"><a itemprop=\"item\" href=\"http:\/\/www.uoh.cl\"><span itemprop=\"name\">Inicio<\/span><\/a><meta itemprop=\"position\" content=\"1\" \/><li itemprop=\"itemListElement\" itemscope itemtype=\"https:\/\/schema.org\/ListItem\"><a itemprop=\"item\" href=\"https:\/\/www.uoh.cl\/escuela-de-educacion\"><span itemprop=\"name\">Escuela de Educaci\u00f3n <\/span><\/a><meta itemprop=\"position\" content=\"2\" \/><li itemprop=\"itemListElement\" itemscope itemtype=\"https:\/\/schema.org\/ListItem\"><span itemprop=\"name\">Noticias <\/span><meta itemprop=\"position\" content=\"3\" \/><\/ol><\/div><div class=\"uoh_title_component-container\"><h1 class=\"title title--ms d-inline-block title--decorator  big\">Noticias<\/h1><\/div>[\/vc_column][\/vc_row][\/vc_section][vc_section css=&#8221;.vc_custom_1663854464148{background-color: #f6faff !important;}&#8221;][vc_row el_class=&#8221;container mx-auto align-items-center text-right&#8221;][vc_column el_class=&#8221;p-0&#8243;]<div class=\"row m-0 p-0\"><\/div><div class=\"content-holder\"><div class=\"row  swipper-news-list not--activate-hack \"><div class=\"row -wrapper\"><div class=\"  col-sm-6 col-md-4 img-article\">\n                                        <div class=\"content-news-display row m-0 p-0\"><div class=\"holder p-0 \"><div class=\"img-wrap img-wrap-news\">\n                                        <div class=\"caption__news-category\">\n                                        <a href=\"https:\/\/www.uoh.cl\/escuela-de-educacion\/category\/educacion\/\">\n                                        Educaci\u00f3n<\/a><\/div><img decoding=\"async\" class=\"w-100 h-100 lazyload\" data-src=\"https:\/\/www.uoh.cl\/escuela-de-educacion\/wp-content\/uploads\/sites\/17\/2026\/05\/Docente-de-la-Escuela-de-Educacion-UOH-realizo-intercambio-academico-sobre-alfabetizacion-inicial-en-Brasil.png\" alt=\"Docente de la Escuela de Educaci\u00f3n UOH realiz\u00f3 intercambio acad\u00e9mico sobre alfabetizaci\u00f3n inicial en Brasil\" style=\"--smush-placeholder-width: 1500px; --smush-placeholder-aspect-ratio: 1500\/1000;object-fit: cover; object-position: center;\" src=\"data:image\/svg+xml;base64,PHN2ZyB3aWR0aD0iMSIgaGVpZ2h0PSIxIiB4bWxucz0iaHR0cDovL3d3dy53My5vcmcvMjAwMC9zdmciPjwvc3ZnPg==\"><\/div><\/div><div class=\"caption py-3 caption__news py-md-3 pb-md-5\">\n                                    <span class=\"caption__date\">Martes 12, Mayo<\/span>\n                                     <a href=\"https:\/\/www.uoh.cl\/escuela-de-educacion\/2026\/05\/12\/docente-de-la-escuela-de-educacion-uoh-realizo-intercambio-academico-sobre-alfabetizacion-inicial-en-brasil\/\">\n                                    <h3 class=\"small-space\">Docente de la Escuela de Educaci\u00f3n UOH realiz\u00f3 intercambio acad\u00e9mico sobre alfabetizaci\u00f3n inicial en Brasil<\/h3><\/a>\n\n                                    <p>Ana Ram\u00edrez particip\u00f3 en encuentros, talleres y conferencias orientadas al intercambio de experiencias sobre ense\u00f1anza de la lectura y escritura inicial en contextos latinoamericano en la Universidad de Bras\u00edlia.<\/p>\n                                    <a class=\"link link--bold mt-md-3\" href=\"https:\/\/www.uoh.cl\/escuela-de-educacion\/2026\/05\/12\/docente-de-la-escuela-de-educacion-uoh-realizo-intercambio-academico-sobre-alfabetizacion-inicial-en-brasil\/\">Saber m\u00e1s <span class=\"icon icon--inline icon--link\"><svg version=\"1.1\" xmlns=\"http:\/\/www.w3.org\/2000\/svg\" xmlns:xlink=\"http:\/\/www.w3.org\/1999\/xlink\" x=\"0px\" y=\"0px\" width=\"22px\"height=\"22px\" viewBox=\"0 0 22 22\" style=\"overflow:visible;enable-background:new 0 0 80 64.6;\" xml:space=\"preserve\"><g clip-path=\"url(#acA)\"><path fill-rule=\"evenodd\" d=\"M21.913 11.266a.93.93 0 000-.711c-.022-.056-.063-.097-.091-.144s-.053-.103-.097-.15L12.306.294c-.357-.379-.955-.394-1.334-.038s-.394.955-.038 1.334l7.917 8.374H.927a.95.95 0 00-.908.983.946.946 0 00.908.908h17.924l-8.089 8.552c-.357.379-.341.977.034 1.334s.977.341 1.334-.034l9.594-10.148c.044-.044.063-.1.097-.15.028-.047.069-.088.091-.141z\"\/><\/g><defs><clipPath id=\"acA\"><path fill=\"#fff\" d=\"M0 0h22v22H0z\"\/><\/clipPath><\/defs><\/svg><\/span><\/a><\/div><\/div><\/div><div class=\"  col-sm-6 col-md-4 img-article\">\n                                        <div class=\"content-news-display row m-0 p-0\"><div class=\"holder p-0 \"><div class=\"img-wrap img-wrap-news\">\n                                        <div class=\"caption__news-category\">\n                                        <a href=\"https:\/\/www.uoh.cl\/escuela-de-educacion\/category\/educacion\/\">\n                                        Educaci\u00f3n<\/a><\/div><img decoding=\"async\" class=\"w-100 h-100 lazyload\" data-src=\"https:\/\/www.uoh.cl\/escuela-de-educacion\/wp-content\/uploads\/sites\/17\/2026\/05\/Una-jornada-marcada-por-el-deporte-la-participacion-familiar-y-el-compromiso-comunitario-se-vivio-en-el-Estadio-El-Teniente-donde-estudiantes-en-practica-profesional-de-la-Escuela-de-Educacion-d.png\" alt=\"Escuela de Educaci\u00f3n UOH particip\u00f3 en primera corrida familiar del Aula Hospitalaria de Rancagua\" style=\"--smush-placeholder-width: 1500px; --smush-placeholder-aspect-ratio: 1500\/1000;object-fit: cover; object-position: center;\" src=\"data:image\/svg+xml;base64,PHN2ZyB3aWR0aD0iMSIgaGVpZ2h0PSIxIiB4bWxucz0iaHR0cDovL3d3dy53My5vcmcvMjAwMC9zdmciPjwvc3ZnPg==\"><\/div><\/div><div class=\"caption py-3 caption__news py-md-3 pb-md-5\">\n                                    <span class=\"caption__date\">Martes 5, Mayo<\/span>\n                                     <a href=\"https:\/\/www.uoh.cl\/escuela-de-educacion\/2026\/05\/05\/escuela-de-educacion-uoh-participo-en-primera-corrida-familiar-del-aula-hospitalaria-de-rancagua\/\">\n                                    <h3 class=\"small-space\">Escuela de Educaci\u00f3n UOH particip\u00f3 en primera corrida familiar del Aula Hospitalaria de Rancagua<\/h3><\/a>\n\n                                    <p>La iniciativa desarrollada en el Estadio El Teniente promovi\u00f3 la vida saludable y fortaleci\u00f3 el v\u00ednculo entre formaci\u00f3n pedag\u00f3gica y comunidad. <\/p>\n                                    <a class=\"link link--bold mt-md-3\" href=\"https:\/\/www.uoh.cl\/escuela-de-educacion\/2026\/05\/05\/escuela-de-educacion-uoh-participo-en-primera-corrida-familiar-del-aula-hospitalaria-de-rancagua\/\">Saber m\u00e1s <span class=\"icon icon--inline icon--link\"><svg version=\"1.1\" xmlns=\"http:\/\/www.w3.org\/2000\/svg\" xmlns:xlink=\"http:\/\/www.w3.org\/1999\/xlink\" x=\"0px\" y=\"0px\" width=\"22px\"height=\"22px\" viewBox=\"0 0 22 22\" style=\"overflow:visible;enable-background:new 0 0 80 64.6;\" xml:space=\"preserve\"><g clip-path=\"url(#acA)\"><path fill-rule=\"evenodd\" d=\"M21.913 11.266a.93.93 0 000-.711c-.022-.056-.063-.097-.091-.144s-.053-.103-.097-.15L12.306.294c-.357-.379-.955-.394-1.334-.038s-.394.955-.038 1.334l7.917 8.374H.927a.95.95 0 00-.908.983.946.946 0 00.908.908h17.924l-8.089 8.552c-.357.379-.341.977.034 1.334s.977.341 1.334-.034l9.594-10.148c.044-.044.063-.1.097-.15.028-.047.069-.088.091-.141z\"\/><\/g><defs><clipPath id=\"acA\"><path fill=\"#fff\" d=\"M0 0h22v22H0z\"\/><\/clipPath><\/defs><\/svg><\/span><\/a><\/div><\/div><\/div><div class=\"  col-sm-6 col-md-4 img-article\">\n                                        <div class=\"content-news-display row m-0 p-0\"><div class=\"holder p-0 \"><div class=\"img-wrap img-wrap-news\">\n                                        <div class=\"caption__news-category\">\n                                        <a href=\"https:\/\/www.uoh.cl\/escuela-de-educacion\/category\/educacion\/\">\n                                        Educaci\u00f3n<\/a><\/div><img decoding=\"async\" class=\"w-100 h-100 lazyload\" data-src=\"https:\/\/www.uoh.cl\/escuela-de-educacion\/wp-content\/uploads\/sites\/17\/2026\/05\/Encuentro-con-egresados-Pedagogia-en-Educacion-Basica-3.jpg\" alt=\"IV Jornada de Lengua y Literatura reuni\u00f3 a estudiantes y docentes en torno a la reflexi\u00f3n pedag\u00f3gica\" style=\"--smush-placeholder-width: 1500px; --smush-placeholder-aspect-ratio: 1500\/1000;object-fit: cover; object-position: center;\" src=\"data:image\/svg+xml;base64,PHN2ZyB3aWR0aD0iMSIgaGVpZ2h0PSIxIiB4bWxucz0iaHR0cDovL3d3dy53My5vcmcvMjAwMC9zdmciPjwvc3ZnPg==\"><\/div><\/div><div class=\"caption py-3 caption__news py-md-3 pb-md-5\">\n                                    <span class=\"caption__date\">Lunes 4, Mayo<\/span>\n                                     <a href=\"https:\/\/www.uoh.cl\/escuela-de-educacion\/2026\/05\/04\/iv-jornada-de-lengua-y-literatura-reunio-a-estudiantes-y-docentes-en-torno-a-la-reflexion-pedagogica\/\">\n                                    <h3 class=\"small-space\">IV Jornada de Lengua y Literatura reuni\u00f3 a estudiantes y docentes en torno a la reflexi\u00f3n pedag\u00f3gica<\/h3><\/a>\n\n                                    <p>El encuentro abord\u00f3 los desaf\u00edos actuales de la ense\u00f1anza del lenguaje, destacando el rol de la lectura y la experiencia pedag\u00f3gica. <\/p>\n                                    <a class=\"link link--bold mt-md-3\" href=\"https:\/\/www.uoh.cl\/escuela-de-educacion\/2026\/05\/04\/iv-jornada-de-lengua-y-literatura-reunio-a-estudiantes-y-docentes-en-torno-a-la-reflexion-pedagogica\/\">Saber m\u00e1s <span class=\"icon icon--inline icon--link\"><svg version=\"1.1\" xmlns=\"http:\/\/www.w3.org\/2000\/svg\" xmlns:xlink=\"http:\/\/www.w3.org\/1999\/xlink\" x=\"0px\" y=\"0px\" width=\"22px\"height=\"22px\" viewBox=\"0 0 22 22\" style=\"overflow:visible;enable-background:new 0 0 80 64.6;\" xml:space=\"preserve\"><g clip-path=\"url(#acA)\"><path fill-rule=\"evenodd\" d=\"M21.913 11.266a.93.93 0 000-.711c-.022-.056-.063-.097-.091-.144s-.053-.103-.097-.15L12.306.294c-.357-.379-.955-.394-1.334-.038s-.394.955-.038 1.334l7.917 8.374H.927a.95.95 0 00-.908.983.946.946 0 00.908.908h17.924l-8.089 8.552c-.357.379-.341.977.034 1.334s.977.341 1.334-.034l9.594-10.148c.044-.044.063-.1.097-.15.028-.047.069-.088.091-.141z\"\/><\/g><defs><clipPath id=\"acA\"><path fill=\"#fff\" d=\"M0 0h22v22H0z\"\/><\/clipPath><\/defs><\/svg><\/span><\/a><\/div><\/div><\/div><\/div><\/div><\/div><div class=\"pagination justify-content-center my-5\"><span aria-current=\"page\" class=\"page-numbers current\">1<\/span>\n<a class=\"page-numbers\" href=\"https:\/\/www.uoh.cl\/escuela-de-educacion\/wp-json\/wp\/v2\/pages\/902\/\/page\/2\">2<\/a>\n<a class=\"page-numbers\" href=\"https:\/\/www.uoh.cl\/escuela-de-educacion\/wp-json\/wp\/v2\/pages\/902\/\/page\/3\">3<\/a>\n<span class=\"page-numbers dots\">&hellip;<\/span>\n<a class=\"page-numbers\" href=\"https:\/\/www.uoh.cl\/escuela-de-educacion\/wp-json\/wp\/v2\/pages\/902\/\/page\/156\">156<\/a>\n<a class=\"next page-numbers\" href=\"https:\/\/www.uoh.cl\/escuela-de-educacion\/wp-json\/wp\/v2\/pages\/902\/\/page\/2\"><div class=\"icon-pagination-next\"> <?xml version=\"1.0\" ?><svg viewBox=\"0 0 96 96\" xmlns=\"http:\/\/www.w3.org\/2000\/svg\"><title\/><path d=\"M39.3756,48.0022l30.47-25.39a6.0035,6.0035,0,0,0-7.6878-9.223L26.1563,43.3906a6.0092,6.0092,0,0,0,0,9.2231L62.1578,82.615a6.0035,6.0035,0,0,0,7.6878-9.2231Z\"\/><\/svg> <\/div><\/a><\/div>[\/vc_column][\/vc_row][\/vc_section]<\/p>\n<\/div>","protected":false},"excerpt":{"rendered":"<p>[vc_section el_class=&#8221;container mx-auto align-items-center text-right circle&#8211;pattern&#8221; css=&#8221;.vc_custom_1648956589196{padding-top: 3rem !important;}&#8221;][vc_row el_class=&#8221;pb-5&#8243;][vc_column][vc_wp_custommenu nav_menu=&#8221;6&#8243;][\/vc_column][\/vc_row][\/vc_section][vc_section css=&#8221;.vc_custom_1663854464148{background-color: #f6faff !important;}&#8221;][vc_row el_class=&#8221;container mx-auto align-items-center text-right&#8221;][vc_column el_class=&#8221;p-0&#8243;][\/vc_column][\/vc_row][\/vc_section]<\/p>\n","protected":false},"author":6,"featured_media":0,"parent":0,"menu_order":0,"comment_status":"closed","ping_status":"closed","template":"","meta":{"_acf_changed":false,"footnotes":""},"class_list":["post-902","page","type-page","status-publish","hentry"],"acf":[],"yoast_head":"<!-- This site is optimized with the Yoast SEO plugin v26.6 - https:\/\/yoast.com\/wordpress\/plugins\/seo\/ -->\n<title>Noticias - Escuela de Educaci\u00f3n<\/title>\n<meta name=\"robots\" content=\"index, follow, max-snippet:-1, max-image-preview:large, max-video-preview:-1\" \/>\n<link rel=\"canonical\" href=\"https:\/\/www.uoh.cl\/escuela-de-educacion\/noticias\/\" \/>\n<meta property=\"og:locale\" content=\"es_ES\" \/>\n<meta property=\"og:type\" content=\"article\" \/>\n<meta property=\"og:title\" content=\"Noticias - Escuela de Educaci\u00f3n\" \/>\n<meta property=\"og:description\" content=\"[vc_section el_class=&#8221;container mx-auto align-items-center text-right circle&#8211;pattern&#8221; css=&#8221;.vc_custom_1648956589196{padding-top: 3rem !important;}&#8221;][vc_row el_class=&#8221;pb-5&#8243;][vc_column][vc_wp_custommenu nav_menu=&#8221;6&#8243;][\/vc_column][\/vc_row][\/vc_section][vc_section css=&#8221;.vc_custom_1663854464148{background-color: #f6faff !important;}&#8221;][vc_row el_class=&#8221;container mx-auto align-items-center text-right&#8221;][vc_column el_class=&#8221;p-0&#8243;][\/vc_column][\/vc_row][\/vc_section]\" \/>\n<meta property=\"og:url\" content=\"https:\/\/www.uoh.cl\/escuela-de-educacion\/noticias\/\" \/>\n<meta property=\"og:site_name\" content=\"Escuela de Educaci\u00f3n\" \/>\n<meta property=\"article:modified_time\" content=\"2022-09-22T13:49:24+00:00\" \/>\n<meta name=\"twitter:card\" content=\"summary_large_image\" \/>\n<meta name=\"twitter:label1\" content=\"Tiempo estimado de lectura\" \/>\n\t<meta name=\"twitter:data1\" content=\"1 minuto\" \/>\n<script type=\"application\/ld+json\" class=\"yoast-schema-graph\">{\"@context\":\"https:\/\/schema.org\",\"@graph\":[{\"@type\":\"WebPage\",\"@id\":\"https:\/\/www.uoh.cl\/escuela-de-educacion\/noticias\/\",\"url\":\"https:\/\/www.uoh.cl\/escuela-de-educacion\/noticias\/\",\"name\":\"Noticias - Escuela de Educaci\u00f3n\",\"isPartOf\":{\"@id\":\"https:\/\/www.uoh.cl\/escuela-de-educacion\/#website\"},\"datePublished\":\"2022-09-22T13:48:43+00:00\",\"dateModified\":\"2022-09-22T13:49:24+00:00\",\"inLanguage\":\"es-CL\",\"potentialAction\":[{\"@type\":\"ReadAction\",\"target\":[\"https:\/\/www.uoh.cl\/escuela-de-educacion\/noticias\/\"]}]},{\"@type\":\"WebSite\",\"@id\":\"https:\/\/www.uoh.cl\/escuela-de-educacion\/#website\",\"url\":\"https:\/\/www.uoh.cl\/escuela-de-educacion\/\",\"name\":\"Escuela de Educaci\u00f3n\",\"description\":\"Otro sitio de Sitios de Universidad O'higgins\",\"potentialAction\":[{\"@type\":\"SearchAction\",\"target\":{\"@type\":\"EntryPoint\",\"urlTemplate\":\"https:\/\/www.uoh.cl\/escuela-de-educacion\/?s={search_term_string}\"},\"query-input\":{\"@type\":\"PropertyValueSpecification\",\"valueRequired\":true,\"valueName\":\"search_term_string\"}}],\"inLanguage\":\"es-CL\"}]}<\/script>\n<!-- \/ Yoast SEO plugin. -->","yoast_head_json":{"title":"Noticias - Escuela de Educaci\u00f3n","robots":{"index":"index","follow":"follow","max-snippet":"max-snippet:-1","max-image-preview":"max-image-preview:large","max-video-preview":"max-video-preview:-1"},"canonical":"https:\/\/www.uoh.cl\/escuela-de-educacion\/noticias\/","og_locale":"es_ES","og_type":"article","og_title":"Noticias - Escuela de Educaci\u00f3n","og_description":"[vc_section el_class=&#8221;container mx-auto align-items-center text-right circle&#8211;pattern&#8221; css=&#8221;.vc_custom_1648956589196{padding-top: 3rem !important;}&#8221;][vc_row el_class=&#8221;pb-5&#8243;][vc_column][vc_wp_custommenu nav_menu=&#8221;6&#8243;][\/vc_column][\/vc_row][\/vc_section][vc_section css=&#8221;.vc_custom_1663854464148{background-color: #f6faff !important;}&#8221;][vc_row el_class=&#8221;container mx-auto align-items-center text-right&#8221;][vc_column el_class=&#8221;p-0&#8243;][\/vc_column][\/vc_row][\/vc_section]","og_url":"https:\/\/www.uoh.cl\/escuela-de-educacion\/noticias\/","og_site_name":"Escuela de Educaci\u00f3n","article_modified_time":"2022-09-22T13:49:24+00:00","twitter_card":"summary_large_image","twitter_misc":{"Tiempo estimado de lectura":"1 minuto"},"schema":{"@context":"https:\/\/schema.org","@graph":[{"@type":"WebPage","@id":"https:\/\/www.uoh.cl\/escuela-de-educacion\/noticias\/","url":"https:\/\/www.uoh.cl\/escuela-de-educacion\/noticias\/","name":"Noticias - Escuela de Educaci\u00f3n","isPartOf":{"@id":"https:\/\/www.uoh.cl\/escuela-de-educacion\/#website"},"datePublished":"2022-09-22T13:48:43+00:00","dateModified":"2022-09-22T13:49:24+00:00","inLanguage":"es-CL","potentialAction":[{"@type":"ReadAction","target":["https:\/\/www.uoh.cl\/escuela-de-educacion\/noticias\/"]}]},{"@type":"WebSite","@id":"https:\/\/www.uoh.cl\/escuela-de-educacion\/#website","url":"https:\/\/www.uoh.cl\/escuela-de-educacion\/","name":"Escuela de Educaci\u00f3n","description":"Otro sitio de Sitios de Universidad O'higgins","potentialAction":[{"@type":"SearchAction","target":{"@type":"EntryPoint","urlTemplate":"https:\/\/www.uoh.cl\/escuela-de-educacion\/?s={search_term_string}"},"query-input":{"@type":"PropertyValueSpecification","valueRequired":true,"valueName":"search_term_string"}}],"inLanguage":"es-CL"}]}},"_links":{"self":[{"href":"https:\/\/www.uoh.cl\/escuela-de-educacion\/wp-json\/wp\/v2\/pages\/902","targetHints":{"allow":["GET"]}}],"collection":[{"href":"https:\/\/www.uoh.cl\/escuela-de-educacion\/wp-json\/wp\/v2\/pages"}],"about":[{"href":"https:\/\/www.uoh.cl\/escuela-de-educacion\/wp-json\/wp\/v2\/types\/page"}],"author":[{"embeddable":true,"href":"https:\/\/www.uoh.cl\/escuela-de-educacion\/wp-json\/wp\/v2\/users\/6"}],"replies":[{"embeddable":true,"href":"https:\/\/www.uoh.cl\/escuela-de-educacion\/wp-json\/wp\/v2\/comments?post=902"}],"version-history":[{"count":3,"href":"https:\/\/www.uoh.cl\/escuela-de-educacion\/wp-json\/wp\/v2\/pages\/902\/revisions"}],"predecessor-version":[{"id":1312,"href":"https:\/\/www.uoh.cl\/escuela-de-educacion\/wp-json\/wp\/v2\/pages\/902\/revisions\/1312"}],"wp:attachment":[{"href":"https:\/\/www.uoh.cl\/escuela-de-educacion\/wp-json\/wp\/v2\/media?parent=902"}],"curies":[{"name":"wp","href":"https:\/\/api.w.org\/{rel}","templated":true}]}}