
{"id":1329,"date":"2022-11-16T17:54:02","date_gmt":"2022-11-16T20:54:02","guid":{"rendered":"https:\/\/www.uoh.cl\/escuela-de-educacion\/?page_id=1329"},"modified":"2024-07-25T11:18:12","modified_gmt":"2024-07-25T14:18:12","slug":"escritura-y-aprendizaje","status":"publish","type":"page","link":"https:\/\/www.uoh.cl\/escuela-de-educacion\/escritura-y-aprendizaje\/","title":{"rendered":"Escritura y Aprendizaje"},"content":{"rendered":"<div class=\"wpb-content-wrapper\"><p>[vc_row][vc_column]<div class=\"uoh_slider_featured_component component__featured-slide row mx-auto col-12 m-0 align-items-center position-relative\" style=\" background: url()\"><div class=\"caption--degrade\"><svg  xmlns=\"http:\/\/www.w3.org\/2000\/svg\" xmlns:xlink=\"http:\/\/www.w3.org\/1999\/xlink\" width=\"1061px\" height=\"539px\"><defs><linearGradient id=\"PSgrad_0\" x1=\"0%\" x2=\"64.279%\" y1=\"76.604%\" y2=\"0%\"><stop offset=\"0%\" stop-color=\"rgb(66,160,248)\" stop-opacity=\"1\" \/><stop offset=\"100%\" stop-color=\"rgb(66,160,248)\" stop-opacity=\"0\" \/><\/linearGradient><\/defs><path fill-rule=\"evenodd\"  fill=\"none\" d=\"M311.000,515.000 C311.000,515.000 211.039,468.555 132.000,357.000 C21.864,201.555 -4.306,4.695 1.000,0.000 L196.000,0.000 L811.000,0.000 L1061.000,0.000 C1061.000,0.000 851.535,430.030 546.000,521.000 C402.674,563.674 311.000,515.000 311.000,515.000 Z\"\/> <path fill=\"url(#PSgrad_0)\"d=\"M311.000,515.000 C311.000,515.000 211.039,468.555 132.000,357.000 C21.864,201.555 -4.306,4.695 1.000,0.000 L196.000,0.000 L811.000,0.000 L1061.000,0.000 C1061.000,0.000 851.535,430.030 546.000,521.000 C402.674,563.674 311.000,515.000 311.000,515.000 Z\"\/><\/svg><\/div><div class=\"caption--quote\"><svg xmlns=\"http:\/\/www.w3.org\/2000\/svg\" xmlns:xlink=\"http:\/\/www.w3.org\/1999\/xlink\"width=\"226px\" height=\"273px\"><defs><linearGradient id=\"PSgrad_0\" x1=\"71.934%\" x2=\"0%\" y1=\"69.466%\" y2=\"0%\"><stop offset=\"0%\" stop-color=\"rgb(66,160,248)\" stop-opacity=\"0.49\" \/><stop offset=\"100%\" stop-color=\"rgb(66,160,248)\" stop-opacity=\"0\" \/><\/linearGradient><\/defs><path fill-rule=\"evenodd\"  fill=\"none\" d=\"M-0.000,273.000 L174.000,273.000 C174.000,273.000 226.000,266.268 226.000,221.000 C226.000,175.732 226.000,-0.000 226.000,-0.000 C226.000,-0.000 24.577,71.878 -0.000,273.000 Z\"\/><path fill=\"url(#PSgrad_0)\"d=\"M-0.000,273.000 L174.000,273.000 C174.000,273.000 226.000,266.268 226.000,221.000 C226.000,175.732 226.000,-0.000 226.000,-0.000 C226.000,-0.000 24.577,71.878 -0.000,273.000 Z\"\/><\/svg><\/div><div class=\"my-uoh_slider_featured_component container mx-auto p-md-0\" ><div class=\"content component__featured-slide-content container row mx-auto aling-items-center p-0\"><h1 class=\"p-0 featured-slide title\"  style=\"\"><em><\/em>Escritura y Aprendizaje<\/h1><\/div><span><\/span><\/div><\/div>[\/vc_column][\/vc_row][vc_row el_class=&#8221;container mx-auto px-2 align-items-center circle&#8211;pattern&#8221;][vc_column el_class=&#8221;block__cover-image&#8221; css=&#8221;.vc_custom_1648233655371{margin-top: 3rem !important;}&#8221;][vc_wp_custommenu nav_menu=&#8221;6&#8243;][vc_row_inner el_class=&#8221;align-items-center&#8221;][vc_column_inner]<div class=\"uoh_title_component-container\"><h2 class=\"title title--ms d-inline-block title--decorator  medium\">Misi\u00f3n<\/h2><\/div>[vc_column_text css_animation=&#8221;none&#8221; css=&#8221;.vc_custom_1668542005097{margin-bottom: 3rem !important;}&#8221;]Dise\u00f1ar e implementar iniciativas de diagn\u00f3stico y apoyo al aprendizaje, as\u00ed como al desarrollo de competencias de lectura, escritura y oralidad, orientadas a los\/as estudiantes de las carreras de pedagog\u00eda de la Universidad de O\u2019Higgins, en conformidad a los lineamientos estrat\u00e9gicos institucionales y al modelo educativo vigente.<\/p>\n<p>&nbsp;<\/p>\n<p>[\/vc_column_text]<div class=\"uoh_title_component-container\"><h2 class=\"title title--ms d-inline-block medium\">Acciones<\/h2><\/div>[vc_single_image image=&#8221;1309&#8243; img_size=&#8221;full&#8221; onclick=&#8221;link_image&#8221;][vc_column_text]<\/p>\n<p>&nbsp;<\/p>\n<p>&nbsp;<\/p>\n<p>[\/vc_column_text]<div class=\"uoh_title_component-container\"><h2 class=\"title title--ms d-inline-block medium\">Instructivos<\/h2><\/div>[\/vc_column_inner][\/vc_row_inner][vc_zigzag color=&#8221;white&#8221;][vc_row_inner][vc_column_inner width=&#8221;1\/2&#8243;][vc_btn title=&#8221;Instructivo 1: Estructura del p\u00e1rrafo&#8221; color=&#8221;primary&#8221; css=&#8221;&#8221; link=&#8221;url:https%3A%2F%2Fwww.uoh.cl%2Fescuela-de-educacion%2Fwp-content%2Fuploads%2Fsites%2F17%2F2022%2F11%2FINSTRUCTIVO-1-ESTRUCTURA-DEL-PARRAFO.pdf|target:_blank&#8221;][\/vc_column_inner][vc_column_inner width=&#8221;1\/2&#8243;][vc_btn title=&#8221;Worksheet 1: Paragraph Structure&#8221; color=&#8221;primary&#8221; css=&#8221;&#8221; link=&#8221;url:https%3A%2F%2Fwww.uoh.cl%2Fescuela-de-educacion%2Fwp-content%2Fuploads%2Fsites%2F17%2F2022%2F11%2FWORKSHEET-1-PARAGRAPH-STRUCTURE.pdf|target:_blank&#8221;][\/vc_column_inner][\/vc_row_inner][\/vc_column][\/vc_row][vc_section el_class=&#8221;container mx-auto align-items-center px-md-0 pt-5&#8243; el_id=&#8221;noticias&#8221;][vc_row][vc_column]<div class=\"uoh_title_component-container\"><h2 class=\"title title--ms d-inline-block medium\">Noticias<\/h2><\/div>[\/vc_column][\/vc_row][vc_row][vc_column width=&#8221;1\/3&#8243;]<div class=\"col-12>\n                            <img-article p-md-1\">\n                            <div class=\"holder featured__block component-border\"><div class=\"content-holder component-border overflow-hidden row m-0  aling-items-center\"><div class=\"p-0 col-12 w-100 h-100\"><img decoding=\"async\" class=\"w-100 h-100 lazyload\" data-src=\"https:\/\/www.uoh.cl\/escuela-de-educacion\/wp-content\/uploads\/sites\/17\/2022\/11\/CFG-1-600x600.jpg\" alt=\"Escuela de Educaci\u00f3n lanza CFG de escritura para la reflexi\u00f3n pedag\u00f3gica\" src=\"data:image\/svg+xml;base64,PHN2ZyB3aWR0aD0iMSIgaGVpZ2h0PSIxIiB4bWxucz0iaHR0cDovL3d3dy53My5vcmcvMjAwMC9zdmciPjwvc3ZnPg==\" style=\"--smush-placeholder-width: 600px; --smush-placeholder-aspect-ratio: 600\/600;\"><\/div><div class=\"caption uoh-row align-items-center w-100 m-0 h-100\">\n                                     <a  class=\"title text-white caption--title\" href=\"https:\/\/www.uoh.cl\/escuela-de-educacion-lanza-cfg-de-escritura-para-la-reflexion-pedagogica\/\"><h3 class=\"title__caption\">Escuela de Educaci\u00f3n lanza CFG de escritura para la reflexi\u00f3n pedag\u00f3gica<\/h3><\/a>\n                                    <a class=\"link\" href=\"https:\/\/www.uoh.cl\/escuela-de-educacion-lanza-cfg-de-escritura-para-la-reflexion-pedagogica\/\">Saber m\u00e1s <span class=\"icon icon--inline icon--link\"><svg version=\"1.1\" xmlns=\"http:\/\/www.w3.org\/2000\/svg\" xmlns:xlink=\"http:\/\/www.w3.org\/1999\/xlink\" x=\"0px\" y=\"0px\" width=\"22px\"height=\"22px\" viewBox=\"0 0 22 22\" style=\"overflow:visible;enable-background:new 0 0 80 64.6;\" xml:space=\"preserve\"><g clip-path=\"url(#acA)\"><path fill-rule=\"evenodd\" d=\"M21.913 11.266a.93.93 0 000-.711c-.022-.056-.063-.097-.091-.144s-.053-.103-.097-.15L12.306.294c-.357-.379-.955-.394-1.334-.038s-.394.955-.038 1.334l7.917 8.374H.927a.95.95 0 00-.908.983.946.946 0 00.908.908h17.924l-8.089 8.552c-.357.379-.341.977.034 1.334s.977.341 1.334-.034l9.594-10.148c.044-.044.063-.1.097-.15.028-.047.069-.088.091-.141z\"\/><\/g><defs><clipPath id=\"acA\"><path fill=\"#fff\" d=\"M0 0h22v22H0z\"\/><\/clipPath><\/defs><\/svg><\/span><\/a><\/div><\/div><\/div><\/div>[\/vc_column][vc_column width=&#8221;1\/3&#8243;]<div class=\"col-12>\n                            <img-article p-md-1\">\n                            <div class=\"holder featured__block component-border\"><div class=\"content-holder component-border overflow-hidden row m-0  aling-items-center\"><div class=\"p-0 col-12 w-100 h-100\"><img decoding=\"async\" class=\"w-100 h-100 lazyload\" data-src=\"https:\/\/www.uoh.cl\/escuela-de-educacion\/wp-content\/uploads\/sites\/17\/2022\/11\/Software-1-600x600.jpeg\" alt=\"Escuela de Educaci\u00f3n adquiri\u00f3 software para fomentar la integridad acad\u00e9mica\" src=\"data:image\/svg+xml;base64,PHN2ZyB3aWR0aD0iMSIgaGVpZ2h0PSIxIiB4bWxucz0iaHR0cDovL3d3dy53My5vcmcvMjAwMC9zdmciPjwvc3ZnPg==\" style=\"--smush-placeholder-width: 600px; --smush-placeholder-aspect-ratio: 600\/600;\"><\/div><div class=\"caption uoh-row align-items-center w-100 m-0 h-100\">\n                                     <a  class=\"title text-white caption--title\" href=\"https:\/\/www.uoh.cl\/escuela-de-educacion-adquirio-software-para-fomentar-la-integridad-academica\/\"><h3 class=\"title__caption\">Escuela de Educaci\u00f3n adquiri\u00f3 software para fomentar la integridad acad\u00e9mica<\/h3><\/a>\n                                    <a class=\"link\" href=\"https:\/\/www.uoh.cl\/escuela-de-educacion-adquirio-software-para-fomentar-la-integridad-academica\/\">Saber m\u00e1s <span class=\"icon icon--inline icon--link\"><svg version=\"1.1\" xmlns=\"http:\/\/www.w3.org\/2000\/svg\" xmlns:xlink=\"http:\/\/www.w3.org\/1999\/xlink\" x=\"0px\" y=\"0px\" width=\"22px\"height=\"22px\" viewBox=\"0 0 22 22\" style=\"overflow:visible;enable-background:new 0 0 80 64.6;\" xml:space=\"preserve\"><g clip-path=\"url(#acA)\"><path fill-rule=\"evenodd\" d=\"M21.913 11.266a.93.93 0 000-.711c-.022-.056-.063-.097-.091-.144s-.053-.103-.097-.15L12.306.294c-.357-.379-.955-.394-1.334-.038s-.394.955-.038 1.334l7.917 8.374H.927a.95.95 0 00-.908.983.946.946 0 00.908.908h17.924l-8.089 8.552c-.357.379-.341.977.034 1.334s.977.341 1.334-.034l9.594-10.148c.044-.044.063-.1.097-.15.028-.047.069-.088.091-.141z\"\/><\/g><defs><clipPath id=\"acA\"><path fill=\"#fff\" d=\"M0 0h22v22H0z\"\/><\/clipPath><\/defs><\/svg><\/span><\/a><\/div><\/div><\/div><\/div>[\/vc_column][vc_column width=&#8221;1\/3&#8243;]<div class=\"col-12>\n                            <img-article p-md-1\">\n                            <div class=\"holder featured__block component-border\"><div class=\"content-holder component-border overflow-hidden row m-0  aling-items-center\"><div class=\"p-0 col-12 w-100 h-100\"><img decoding=\"async\" class=\"w-100 h-100 lazyload\" data-src=\"https:\/\/www.uoh.cl\/escuela-de-educacion\/wp-content\/uploads\/sites\/17\/2022\/11\/Escritura-y-aprendizaje-1-600x600.jpg\" alt=\"Coordinador de Escritura y Aprendizaje present\u00f3 herramientas para fomentar la escritura en un segundo idioma\" src=\"data:image\/svg+xml;base64,PHN2ZyB3aWR0aD0iMSIgaGVpZ2h0PSIxIiB4bWxucz0iaHR0cDovL3d3dy53My5vcmcvMjAwMC9zdmciPjwvc3ZnPg==\" style=\"--smush-placeholder-width: 600px; --smush-placeholder-aspect-ratio: 600\/600;\"><\/div><div class=\"caption uoh-row align-items-center w-100 m-0 h-100\">\n                                     <a  class=\"title text-white caption--title\" href=\"https:\/\/www.uoh.cl\/coordinador-de-escritura-y-aprendizaje-presento-herramientas-para-fomentar-la-escritura-en-un-segundo-idioma\/\"><h3 class=\"title__caption\">Coordinador de Escritura y Aprendizaje present\u00f3 herramientas para fomentar la escritura en un segundo idioma<\/h3><\/a>\n                                    <a class=\"link\" href=\"https:\/\/www.uoh.cl\/coordinador-de-escritura-y-aprendizaje-presento-herramientas-para-fomentar-la-escritura-en-un-segundo-idioma\/\">Saber m\u00e1s <span class=\"icon icon--inline icon--link\"><svg version=\"1.1\" xmlns=\"http:\/\/www.w3.org\/2000\/svg\" xmlns:xlink=\"http:\/\/www.w3.org\/1999\/xlink\" x=\"0px\" y=\"0px\" width=\"22px\"height=\"22px\" viewBox=\"0 0 22 22\" style=\"overflow:visible;enable-background:new 0 0 80 64.6;\" xml:space=\"preserve\"><g clip-path=\"url(#acA)\"><path fill-rule=\"evenodd\" d=\"M21.913 11.266a.93.93 0 000-.711c-.022-.056-.063-.097-.091-.144s-.053-.103-.097-.15L12.306.294c-.357-.379-.955-.394-1.334-.038s-.394.955-.038 1.334l7.917 8.374H.927a.95.95 0 00-.908.983.946.946 0 00.908.908h17.924l-8.089 8.552c-.357.379-.341.977.034 1.334s.977.341 1.334-.034l9.594-10.148c.044-.044.063-.1.097-.15.028-.047.069-.088.091-.141z\"\/><\/g><defs><clipPath id=\"acA\"><path fill=\"#fff\" d=\"M0 0h22v22H0z\"\/><\/clipPath><\/defs><\/svg><\/span><\/a><\/div><\/div><\/div><\/div>[\/vc_column][\/vc_row][vc_row][vc_column width=&#8221;1\/3&#8243;]<div class=\"col-12>\n                            <img-article p-md-1\">\n                            <div class=\"holder featured__block component-border\"><div class=\"content-holder component-border overflow-hidden row m-0  aling-items-center\"><div class=\"p-0 col-12 w-100 h-100\"><img decoding=\"async\" class=\"w-100 h-100 lazyload\" data-src=\"https:\/\/www.uoh.cl\/escuela-de-educacion\/wp-content\/uploads\/sites\/17\/2022\/11\/Evaluacion-Nacional-Diagnostica-600x600.jpeg\" alt=\"Estudiantes de carreras de pedagog\u00edas participaron en las charlas explicativas de la Evaluaci\u00f3n Nacional Diagn\u00f3stica de la Formaci\u00f3n Inicial Docente\" src=\"data:image\/svg+xml;base64,PHN2ZyB3aWR0aD0iMSIgaGVpZ2h0PSIxIiB4bWxucz0iaHR0cDovL3d3dy53My5vcmcvMjAwMC9zdmciPjwvc3ZnPg==\" style=\"--smush-placeholder-width: 600px; --smush-placeholder-aspect-ratio: 600\/600;\"><\/div><div class=\"caption uoh-row align-items-center w-100 m-0 h-100\">\n                                     <a  class=\"title text-white caption--title\" href=\"https:\/\/www.uoh.cl\/estudiantes-de-carreras-de-pedagogias-participaron-en-las-charlas-explicativas-de-la-evaluacion-nacional-diagnostica-de-la-formacion-inicial-docente\/\"><h3 class=\"title__caption\">Estudiantes de carreras de pedagog\u00edas participaron en las charlas explicativas de la Evaluaci\u00f3n Nacional Diagn\u00f3stica de la Formaci\u00f3n Inicial Docente<\/h3><\/a>\n                                    <a class=\"link\" href=\"https:\/\/www.uoh.cl\/estudiantes-de-carreras-de-pedagogias-participaron-en-las-charlas-explicativas-de-la-evaluacion-nacional-diagnostica-de-la-formacion-inicial-docente\/\">Saber m\u00e1s <span class=\"icon icon--inline icon--link\"><svg version=\"1.1\" xmlns=\"http:\/\/www.w3.org\/2000\/svg\" xmlns:xlink=\"http:\/\/www.w3.org\/1999\/xlink\" x=\"0px\" y=\"0px\" width=\"22px\"height=\"22px\" viewBox=\"0 0 22 22\" style=\"overflow:visible;enable-background:new 0 0 80 64.6;\" xml:space=\"preserve\"><g clip-path=\"url(#acA)\"><path fill-rule=\"evenodd\" d=\"M21.913 11.266a.93.93 0 000-.711c-.022-.056-.063-.097-.091-.144s-.053-.103-.097-.15L12.306.294c-.357-.379-.955-.394-1.334-.038s-.394.955-.038 1.334l7.917 8.374H.927a.95.95 0 00-.908.983.946.946 0 00.908.908h17.924l-8.089 8.552c-.357.379-.341.977.034 1.334s.977.341 1.334-.034l9.594-10.148c.044-.044.063-.1.097-.15.028-.047.069-.088.091-.141z\"\/><\/g><defs><clipPath id=\"acA\"><path fill=\"#fff\" d=\"M0 0h22v22H0z\"\/><\/clipPath><\/defs><\/svg><\/span><\/a><\/div><\/div><\/div><\/div>[\/vc_column][\/vc_row][\/vc_section][vc_section css=&#8221;.vc_custom_1648799625285{margin-bottom: 3rem !important;padding-top: 4rem !important;}&#8221; el_class=&#8221;container mx-auto align-items-center&#8221;][vc_row][vc_column width=&#8221;1\/2&#8243;]<div class=\"box-container__info circle--pattern\" style=\"border-top: 4px solid #42a0f8\"><figure ><img decoding=\"async\" src=\"\" \/><figcaption class=\"uoh_row m-0 align-items-center\">\n                        <div class=\"\"><h5 class=\"title__caption mb-3\">Revisa testimonios de docentes sobre el Software TURNITIN<\/h5><a class=\"link link link--bold component__btn-content mt-2\" href=\"https:\/\/www.uoh.cl\/escuela-de-educacion\/testimonios-software-turnitin\/\" title=\"\"> Saber m\u00e1s <span class=\"icon icon--inline icon--link\"><svg version=\"1.1\" xmlns=\"http:\/\/www.w3.org\/2000\/svg\" xmlns:xlink=\"http:\/\/www.w3.org\/1999\/xlink\" x=\"0px\" y=\"0px\" width=\"22px\"height=\"22px\" viewBox=\"0 0 22 22\" style=\"overflow:visible;enable-background:new 0 0 80 64.6;\" xml:space=\"preserve\"><g clip-path=\"url(#acA)\"><path fill-rule=\"evenodd\" d=\"M21.913 11.266a.93.93 0 000-.711c-.022-.056-.063-.097-.091-.144s-.053-.103-.097-.15L12.306.294c-.357-.379-.955-.394-1.334-.038s-.394.955-.038 1.334l7.917 8.374H.927a.95.95 0 00-.908.983.946.946 0 00.908.908h17.924l-8.089 8.552c-.357.379-.341.977.034 1.334s.977.341 1.334-.034l9.594-10.148c.044-.044.063-.1.097-.15.028-.047.069-.088.091-.141z\"\/><\/g><defs><clipPath id=\"acA\"><path fill=\"#fff\" d=\"M0 0h22v22H0z\"\/><\/clipPath><\/defs><\/svg><\/span><\/a><\/a><\/div> <\/figcaption><\/figure><\/div>[\/vc_column][vc_column width=&#8221;1\/2&#8243;]<div class=\"box-container__info circle--pattern\" style=\"border-top: 4px solid #42a0f8\"><figure ><img decoding=\"async\" src=\"\" \/><figcaption class=\"uoh_row m-0 align-items-center\">\n                        <div class=\"\"><h5 class=\"title__caption mb-3\">Revisa testimonios de estudiantes sobre el Software TURNITIN<\/h5><a class=\"link link link--bold component__btn-content mt-2\" href=\"https:\/\/www.uoh.cl\/escuela-de-educacion\/testimonios-de-estudiantes-sobre-software-turnitin\/\" title=\"Saber m\u00e1s\"> Saber m\u00e1s <span class=\"icon icon--inline icon--link\"><svg version=\"1.1\" xmlns=\"http:\/\/www.w3.org\/2000\/svg\" xmlns:xlink=\"http:\/\/www.w3.org\/1999\/xlink\" x=\"0px\" y=\"0px\" width=\"22px\"height=\"22px\" viewBox=\"0 0 22 22\" style=\"overflow:visible;enable-background:new 0 0 80 64.6;\" xml:space=\"preserve\"><g clip-path=\"url(#acA)\"><path fill-rule=\"evenodd\" d=\"M21.913 11.266a.93.93 0 000-.711c-.022-.056-.063-.097-.091-.144s-.053-.103-.097-.15L12.306.294c-.357-.379-.955-.394-1.334-.038s-.394.955-.038 1.334l7.917 8.374H.927a.95.95 0 00-.908.983.946.946 0 00.908.908h17.924l-8.089 8.552c-.357.379-.341.977.034 1.334s.977.341 1.334-.034l9.594-10.148c.044-.044.063-.1.097-.15.028-.047.069-.088.091-.141z\"\/><\/g><defs><clipPath id=\"acA\"><path fill=\"#fff\" d=\"M0 0h22v22H0z\"\/><\/clipPath><\/defs><\/svg><\/span><\/a><\/a><\/div> <\/figcaption><\/figure><\/div>[\/vc_column][\/vc_row][\/vc_section][vc_row][vc_column][\/vc_column][\/vc_row]<\/p>\n<\/div>","protected":false},"excerpt":{"rendered":"<p>[vc_row][vc_column][\/vc_column][\/vc_row][vc_row el_class=&#8221;container mx-auto px-2 align-items-center circle&#8211;pattern&#8221;][vc_column el_class=&#8221;block__cover-image&#8221; css=&#8221;.vc_custom_1648233655371{margin-top: 3rem !important;}&#8221;][vc_wp_custommenu nav_menu=&#8221;6&#8243;][vc_row_inner el_class=&#8221;align-items-center&#8221;][vc_column_inner][vc_column_text css_animation=&#8221;none&#8221; css=&#8221;.vc_custom_1668542005097{margin-bottom: 3rem !important;}&#8221;]Dise\u00f1ar e implementar iniciativas de diagn\u00f3stico y apoyo al aprendizaje, as\u00ed como al desarrollo de competencias de lectura, escritura y oralidad, orientadas a los\/as estudiantes de las carreras de pedagog\u00eda de la Universidad de O\u2019Higgins, en conformidad a los lineamientos [&hellip;]<\/p>\n","protected":false},"author":23,"featured_media":0,"parent":0,"menu_order":0,"comment_status":"closed","ping_status":"closed","template":"","meta":{"_acf_changed":false,"footnotes":""},"class_list":["post-1329","page","type-page","status-publish","hentry"],"acf":[],"yoast_head":"<!-- This site is optimized with the Yoast SEO plugin v26.6 - https:\/\/yoast.com\/wordpress\/plugins\/seo\/ -->\n<title>Escritura y Aprendizaje - Escuela de Educaci\u00f3n<\/title>\n<meta name=\"robots\" content=\"index, follow, max-snippet:-1, max-image-preview:large, max-video-preview:-1\" \/>\n<link rel=\"canonical\" href=\"https:\/\/www.uoh.cl\/escuela-de-educacion\/escritura-y-aprendizaje\/\" \/>\n<meta property=\"og:locale\" content=\"es_ES\" \/>\n<meta property=\"og:type\" content=\"article\" \/>\n<meta property=\"og:title\" content=\"Escritura y Aprendizaje - Escuela de Educaci\u00f3n\" \/>\n<meta property=\"og:description\" content=\"[vc_row][vc_column][\/vc_column][\/vc_row][vc_row el_class=&#8221;container mx-auto px-2 align-items-center circle&#8211;pattern&#8221;][vc_column el_class=&#8221;block__cover-image&#8221; css=&#8221;.vc_custom_1648233655371{margin-top: 3rem !important;}&#8221;][vc_wp_custommenu nav_menu=&#8221;6&#8243;][vc_row_inner el_class=&#8221;align-items-center&#8221;][vc_column_inner][vc_column_text css_animation=&#8221;none&#8221; css=&#8221;.vc_custom_1668542005097{margin-bottom: 3rem !important;}&#8221;]Dise\u00f1ar e implementar iniciativas de diagn\u00f3stico y apoyo al aprendizaje, as\u00ed como al desarrollo de competencias de lectura, escritura y oralidad, orientadas a los\/as estudiantes de las carreras de pedagog\u00eda de la Universidad de O\u2019Higgins, en conformidad a los lineamientos [&hellip;]\" \/>\n<meta property=\"og:url\" content=\"https:\/\/www.uoh.cl\/escuela-de-educacion\/escritura-y-aprendizaje\/\" \/>\n<meta property=\"og:site_name\" content=\"Escuela de Educaci\u00f3n\" \/>\n<meta property=\"article:modified_time\" content=\"2024-07-25T14:18:12+00:00\" \/>\n<meta name=\"twitter:card\" content=\"summary_large_image\" \/>\n<meta name=\"twitter:label1\" content=\"Tiempo estimado de lectura\" \/>\n\t<meta name=\"twitter:data1\" content=\"2 minutos\" \/>\n<script type=\"application\/ld+json\" class=\"yoast-schema-graph\">{\"@context\":\"https:\/\/schema.org\",\"@graph\":[{\"@type\":\"WebPage\",\"@id\":\"https:\/\/www.uoh.cl\/escuela-de-educacion\/escritura-y-aprendizaje\/\",\"url\":\"https:\/\/www.uoh.cl\/escuela-de-educacion\/escritura-y-aprendizaje\/\",\"name\":\"Escritura y Aprendizaje - Escuela de Educaci\u00f3n\",\"isPartOf\":{\"@id\":\"https:\/\/www.uoh.cl\/escuela-de-educacion\/#website\"},\"datePublished\":\"2022-11-16T20:54:02+00:00\",\"dateModified\":\"2024-07-25T14:18:12+00:00\",\"inLanguage\":\"es-CL\",\"potentialAction\":[{\"@type\":\"ReadAction\",\"target\":[\"https:\/\/www.uoh.cl\/escuela-de-educacion\/escritura-y-aprendizaje\/\"]}]},{\"@type\":\"WebSite\",\"@id\":\"https:\/\/www.uoh.cl\/escuela-de-educacion\/#website\",\"url\":\"https:\/\/www.uoh.cl\/escuela-de-educacion\/\",\"name\":\"Escuela de Educaci\u00f3n\",\"description\":\"Otro sitio de Sitios de Universidad O'higgins\",\"potentialAction\":[{\"@type\":\"SearchAction\",\"target\":{\"@type\":\"EntryPoint\",\"urlTemplate\":\"https:\/\/www.uoh.cl\/escuela-de-educacion\/?s={search_term_string}\"},\"query-input\":{\"@type\":\"PropertyValueSpecification\",\"valueRequired\":true,\"valueName\":\"search_term_string\"}}],\"inLanguage\":\"es-CL\"}]}<\/script>\n<!-- \/ Yoast SEO plugin. -->","yoast_head_json":{"title":"Escritura y Aprendizaje - Escuela de Educaci\u00f3n","robots":{"index":"index","follow":"follow","max-snippet":"max-snippet:-1","max-image-preview":"max-image-preview:large","max-video-preview":"max-video-preview:-1"},"canonical":"https:\/\/www.uoh.cl\/escuela-de-educacion\/escritura-y-aprendizaje\/","og_locale":"es_ES","og_type":"article","og_title":"Escritura y Aprendizaje - Escuela de Educaci\u00f3n","og_description":"[vc_row][vc_column][\/vc_column][\/vc_row][vc_row el_class=&#8221;container mx-auto px-2 align-items-center circle&#8211;pattern&#8221;][vc_column el_class=&#8221;block__cover-image&#8221; css=&#8221;.vc_custom_1648233655371{margin-top: 3rem !important;}&#8221;][vc_wp_custommenu nav_menu=&#8221;6&#8243;][vc_row_inner el_class=&#8221;align-items-center&#8221;][vc_column_inner][vc_column_text css_animation=&#8221;none&#8221; css=&#8221;.vc_custom_1668542005097{margin-bottom: 3rem !important;}&#8221;]Dise\u00f1ar e implementar iniciativas de diagn\u00f3stico y apoyo al aprendizaje, as\u00ed como al desarrollo de competencias de lectura, escritura y oralidad, orientadas a los\/as estudiantes de las carreras de pedagog\u00eda de la Universidad de O\u2019Higgins, en conformidad a los lineamientos [&hellip;]","og_url":"https:\/\/www.uoh.cl\/escuela-de-educacion\/escritura-y-aprendizaje\/","og_site_name":"Escuela de Educaci\u00f3n","article_modified_time":"2024-07-25T14:18:12+00:00","twitter_card":"summary_large_image","twitter_misc":{"Tiempo estimado de lectura":"2 minutos"},"schema":{"@context":"https:\/\/schema.org","@graph":[{"@type":"WebPage","@id":"https:\/\/www.uoh.cl\/escuela-de-educacion\/escritura-y-aprendizaje\/","url":"https:\/\/www.uoh.cl\/escuela-de-educacion\/escritura-y-aprendizaje\/","name":"Escritura y Aprendizaje - Escuela de Educaci\u00f3n","isPartOf":{"@id":"https:\/\/www.uoh.cl\/escuela-de-educacion\/#website"},"datePublished":"2022-11-16T20:54:02+00:00","dateModified":"2024-07-25T14:18:12+00:00","inLanguage":"es-CL","potentialAction":[{"@type":"ReadAction","target":["https:\/\/www.uoh.cl\/escuela-de-educacion\/escritura-y-aprendizaje\/"]}]},{"@type":"WebSite","@id":"https:\/\/www.uoh.cl\/escuela-de-educacion\/#website","url":"https:\/\/www.uoh.cl\/escuela-de-educacion\/","name":"Escuela de Educaci\u00f3n","description":"Otro sitio de Sitios de Universidad O'higgins","potentialAction":[{"@type":"SearchAction","target":{"@type":"EntryPoint","urlTemplate":"https:\/\/www.uoh.cl\/escuela-de-educacion\/?s={search_term_string}"},"query-input":{"@type":"PropertyValueSpecification","valueRequired":true,"valueName":"search_term_string"}}],"inLanguage":"es-CL"}]}},"_links":{"self":[{"href":"https:\/\/www.uoh.cl\/escuela-de-educacion\/wp-json\/wp\/v2\/pages\/1329","targetHints":{"allow":["GET"]}}],"collection":[{"href":"https:\/\/www.uoh.cl\/escuela-de-educacion\/wp-json\/wp\/v2\/pages"}],"about":[{"href":"https:\/\/www.uoh.cl\/escuela-de-educacion\/wp-json\/wp\/v2\/types\/page"}],"author":[{"embeddable":true,"href":"https:\/\/www.uoh.cl\/escuela-de-educacion\/wp-json\/wp\/v2\/users\/23"}],"replies":[{"embeddable":true,"href":"https:\/\/www.uoh.cl\/escuela-de-educacion\/wp-json\/wp\/v2\/comments?post=1329"}],"version-history":[{"count":7,"href":"https:\/\/www.uoh.cl\/escuela-de-educacion\/wp-json\/wp\/v2\/pages\/1329\/revisions"}],"predecessor-version":[{"id":3224,"href":"https:\/\/www.uoh.cl\/escuela-de-educacion\/wp-json\/wp\/v2\/pages\/1329\/revisions\/3224"}],"wp:attachment":[{"href":"https:\/\/www.uoh.cl\/escuela-de-educacion\/wp-json\/wp\/v2\/media?parent=1329"}],"curies":[{"name":"wp","href":"https:\/\/api.w.org\/{rel}","templated":true}]}}