
{"id":1308,"date":"2022-11-16T17:48:53","date_gmt":"2022-11-16T20:48:53","guid":{"rendered":"https:\/\/www.uoh.cl\/escuela-de-educacion\/?page_id=1308"},"modified":"2022-11-16T17:48:53","modified_gmt":"2022-11-16T20:48:53","slug":"fondos-fid","status":"publish","type":"page","link":"https:\/\/www.uoh.cl\/escuela-de-educacion\/fondos-fid\/","title":{"rendered":"Fondos FID"},"content":{"rendered":"<div class=\"wpb-content-wrapper\"><p>[vc_row][vc_column]<div class=\"uoh_slider_featured_component component__featured-slide row mx-auto col-12 m-0 align-items-center position-relative\" style=\" background: url()\"><div class=\"caption--degrade\"><svg  xmlns=\"http:\/\/www.w3.org\/2000\/svg\" xmlns:xlink=\"http:\/\/www.w3.org\/1999\/xlink\" width=\"1061px\" height=\"539px\"><defs><linearGradient id=\"PSgrad_0\" x1=\"0%\" x2=\"64.279%\" y1=\"76.604%\" y2=\"0%\"><stop offset=\"0%\" stop-color=\"rgb(66,160,248)\" stop-opacity=\"1\" \/><stop offset=\"100%\" stop-color=\"rgb(66,160,248)\" stop-opacity=\"0\" \/><\/linearGradient><\/defs><path fill-rule=\"evenodd\"  fill=\"none\" d=\"M311.000,515.000 C311.000,515.000 211.039,468.555 132.000,357.000 C21.864,201.555 -4.306,4.695 1.000,0.000 L196.000,0.000 L811.000,0.000 L1061.000,0.000 C1061.000,0.000 851.535,430.030 546.000,521.000 C402.674,563.674 311.000,515.000 311.000,515.000 Z\"\/> <path fill=\"url(#PSgrad_0)\"d=\"M311.000,515.000 C311.000,515.000 211.039,468.555 132.000,357.000 C21.864,201.555 -4.306,4.695 1.000,0.000 L196.000,0.000 L811.000,0.000 L1061.000,0.000 C1061.000,0.000 851.535,430.030 546.000,521.000 C402.674,563.674 311.000,515.000 311.000,515.000 Z\"\/><\/svg><\/div><div class=\"caption--quote\"><svg xmlns=\"http:\/\/www.w3.org\/2000\/svg\" xmlns:xlink=\"http:\/\/www.w3.org\/1999\/xlink\"width=\"226px\" height=\"273px\"><defs><linearGradient id=\"PSgrad_0\" x1=\"71.934%\" x2=\"0%\" y1=\"69.466%\" y2=\"0%\"><stop offset=\"0%\" stop-color=\"rgb(66,160,248)\" stop-opacity=\"0.49\" \/><stop offset=\"100%\" stop-color=\"rgb(66,160,248)\" stop-opacity=\"0\" \/><\/linearGradient><\/defs><path fill-rule=\"evenodd\"  fill=\"none\" d=\"M-0.000,273.000 L174.000,273.000 C174.000,273.000 226.000,266.268 226.000,221.000 C226.000,175.732 226.000,-0.000 226.000,-0.000 C226.000,-0.000 24.577,71.878 -0.000,273.000 Z\"\/><path fill=\"url(#PSgrad_0)\"d=\"M-0.000,273.000 L174.000,273.000 C174.000,273.000 226.000,266.268 226.000,221.000 C226.000,175.732 226.000,-0.000 226.000,-0.000 C226.000,-0.000 24.577,71.878 -0.000,273.000 Z\"\/><\/svg><\/div><div class=\"my-uoh_slider_featured_component container mx-auto p-md-0\" ><div class=\"content component__featured-slide-content container row mx-auto aling-items-center p-0\"><h1 class=\"p-0 featured-slide title\"  style=\"\"><em><\/em>Fondos FID<\/h1><\/div><span><\/span><\/div><\/div>[\/vc_column][\/vc_row][vc_row el_class=&#8221;container mx-auto px-2 align-items-center circle&#8211;pattern&#8221;][vc_column el_class=&#8221;block__cover-image&#8221; css=&#8221;.vc_custom_1648233655371{margin-top: 3rem !important;}&#8221;][vc_wp_custommenu nav_menu=&#8221;6&#8243;][vc_row_inner el_class=&#8221;align-items-center&#8221;][vc_column_inner][vc_column_text css_animation=&#8221;none&#8221; css=&#8221;.vc_custom_1668528072324{margin-bottom: 3rem !important;}&#8221;]El proyecto FID de la Universidad de O\u2019Higgins \u201cApoyo al desarrollo de la Escuela e Instituto de Educaci\u00f3n de la Universidad de O\u2019Higgins para el fortalecimiento de la formaci\u00f3n inicial en los programas de Pedagog\u00eda\u201d tiene como cuarto objetivo espec\u00edfico el \u201cApoyar el desarrollo de investigaci\u00f3n en el \u00e1mbito de la educaci\u00f3n\u201d. Dentro de los hitos asociados a este objetivo, el Hito 2 establece \u201cApoyos a la investigaci\u00f3n colaborativa en docencia universitaria dise\u00f1ados y ejecutados\u201d.<\/p>\n<p>Durante el desarrollo del proyecto, los apoyos a la investigaci\u00f3n colaborativa en docencia universitaria se han concretado a trav\u00e9s de la provisi\u00f3n de fondos concursables, disponibles a los equipos pedag\u00f3gicos de la Escuela y del Instituto de Educaci\u00f3n.[\/vc_column_text][\/vc_column_inner][\/vc_row_inner]<div class=\"uoh_title_component-container\"><h2 class=\"title title--ms d-inline-block title--decorator  medium\">Fondo de apoyo a la investigaci\u00f3n en docencia universitaria<\/h2><\/div>[vc_column_text]El apoyo a la investigaci\u00f3n en docencia universitaria se ha concretado a trav\u00e9s del desarrollo de una l\u00ednea de fondos concursables: \u201cFondos de apoyo a la investigaci\u00f3n y desarrollo colaborativos para la innovaci\u00f3n docente en las carreras de la Escuela de Educaci\u00f3n\u201d. Estos fondos, publicados y adjudicados semestralmente, han tenido como objetivo promover la investigaci\u00f3n y desarrollo de materiales docentes y metodolog\u00edas innovadoras a trav\u00e9s de equipos conformados por el cuerpo docente y acad\u00e9mico de la universidad.<\/p>\n<p>Desde el inicio del plan de implementaci\u00f3n, se han realizado cuatro convocatorias. Cada convocatoria ha permitido el desarrollo de proyectos durante un semestre acad\u00e9mico, en los periodos 2020-1, 2020-2, 2021-1 y 2021-2.<\/p>\n<p>&nbsp;<\/p>\n<p>[\/vc_column_text][\/vc_column][\/vc_row][vc_section el_class=&#8221;container mx-auto align-items-center px-md-0 pt-5&#8243; el_id=&#8221;noticias&#8221;][vc_row][vc_column width=&#8221;1\/2&#8243;]<div class=\"box-container__info circle--pattern\" style=\"border-top: 4px solid #42a0f8\"><figure ><img decoding=\"async\" src=\"\" \/><figcaption class=\"uoh_row m-0 align-items-center\">\n                        <div class=\"\"><h5 class=\"title__caption mb-3\">Fondos de Innovaci\u00f3n Docente<\/h5><a class=\"link link link--bold component__btn-content mt-2\" href=\"https:\/\/www.uoh.cl\/escuela-de-educacion\/fondos-de-innovacion-docente\/\" title=\"\"> Saber m\u00e1s <span class=\"icon icon--inline icon--link\"><svg version=\"1.1\" xmlns=\"http:\/\/www.w3.org\/2000\/svg\" xmlns:xlink=\"http:\/\/www.w3.org\/1999\/xlink\" x=\"0px\" y=\"0px\" width=\"22px\"height=\"22px\" viewBox=\"0 0 22 22\" style=\"overflow:visible;enable-background:new 0 0 80 64.6;\" xml:space=\"preserve\"><g clip-path=\"url(#acA)\"><path fill-rule=\"evenodd\" d=\"M21.913 11.266a.93.93 0 000-.711c-.022-.056-.063-.097-.091-.144s-.053-.103-.097-.15L12.306.294c-.357-.379-.955-.394-1.334-.038s-.394.955-.038 1.334l7.917 8.374H.927a.95.95 0 00-.908.983.946.946 0 00.908.908h17.924l-8.089 8.552c-.357.379-.341.977.034 1.334s.977.341 1.334-.034l9.594-10.148c.044-.044.063-.1.097-.15.028-.047.069-.088.091-.141z\"\/><\/g><defs><clipPath id=\"acA\"><path fill=\"#fff\" d=\"M0 0h22v22H0z\"\/><\/clipPath><\/defs><\/svg><\/span><\/a><\/a><\/div> <\/figcaption><\/figure><\/div>[\/vc_column][vc_column width=&#8221;1\/2&#8243;]<div class=\"box-container__info circle--pattern\" style=\"border-top: 4px solid #42a0f8\"><figure ><img decoding=\"async\" src=\"\" \/><figcaption class=\"uoh_row m-0 align-items-center\">\n                        <div class=\"\"><h5 class=\"title__caption mb-3\">Fondo de apoyo a iniciativas estudiantiles de las carreras de la Escuela de Educaci\u00f3n<\/h5><a class=\"link link link--bold component__btn-content mt-2\" href=\"http:\/\/Fondo de apoyo a iniciativas estudiantiles de las carreras de la Escuela de Educaci\u00f3n\" title=\"https:\/\/www.uoh.cl\/escuela-de-educacion\/fondo-de-apoyo-a-iniciativas-estudiantiles-de-las-carreras-de-la-escuela-de-educacion\/\"> Saber m\u00e1s <span class=\"icon icon--inline icon--link\"><svg version=\"1.1\" xmlns=\"http:\/\/www.w3.org\/2000\/svg\" xmlns:xlink=\"http:\/\/www.w3.org\/1999\/xlink\" x=\"0px\" y=\"0px\" width=\"22px\"height=\"22px\" viewBox=\"0 0 22 22\" style=\"overflow:visible;enable-background:new 0 0 80 64.6;\" xml:space=\"preserve\"><g clip-path=\"url(#acA)\"><path fill-rule=\"evenodd\" d=\"M21.913 11.266a.93.93 0 000-.711c-.022-.056-.063-.097-.091-.144s-.053-.103-.097-.15L12.306.294c-.357-.379-.955-.394-1.334-.038s-.394.955-.038 1.334l7.917 8.374H.927a.95.95 0 00-.908.983.946.946 0 00.908.908h17.924l-8.089 8.552c-.357.379-.341.977.034 1.334s.977.341 1.334-.034l9.594-10.148c.044-.044.063-.1.097-.15.028-.047.069-.088.091-.141z\"\/><\/g><defs><clipPath id=\"acA\"><path fill=\"#fff\" d=\"M0 0h22v22H0z\"\/><\/clipPath><\/defs><\/svg><\/span><\/a><\/a><\/div> <\/figcaption><\/figure><\/div>[\/vc_column][\/vc_row][\/vc_section][vc_section css=&#8221;.vc_custom_1648799625285{margin-bottom: 3rem !important;padding-top: 4rem !important;}&#8221; el_class=&#8221;container mx-auto align-items-center&#8221;][\/vc_section]<\/p>\n<\/div>","protected":false},"excerpt":{"rendered":"<p>[vc_row][vc_column][\/vc_column][\/vc_row][vc_row el_class=&#8221;container mx-auto px-2 align-items-center circle&#8211;pattern&#8221;][vc_column el_class=&#8221;block__cover-image&#8221; css=&#8221;.vc_custom_1648233655371{margin-top: 3rem !important;}&#8221;][vc_wp_custommenu nav_menu=&#8221;6&#8243;][vc_row_inner el_class=&#8221;align-items-center&#8221;][vc_column_inner][vc_column_text css_animation=&#8221;none&#8221; css=&#8221;.vc_custom_1668528072324{margin-bottom: 3rem !important;}&#8221;]El proyecto FID de la Universidad de O\u2019Higgins \u201cApoyo al desarrollo de la Escuela e Instituto de Educaci\u00f3n de la Universidad de O\u2019Higgins para el fortalecimiento de la formaci\u00f3n inicial en los programas de Pedagog\u00eda\u201d tiene como cuarto objetivo espec\u00edfico [&hellip;]<\/p>\n","protected":false},"author":23,"featured_media":0,"parent":0,"menu_order":0,"comment_status":"closed","ping_status":"closed","template":"","meta":{"_acf_changed":false,"footnotes":""},"class_list":["post-1308","page","type-page","status-publish","hentry"],"acf":[],"yoast_head":"<!-- This site is optimized with the Yoast SEO plugin v26.6 - https:\/\/yoast.com\/wordpress\/plugins\/seo\/ -->\n<title>Fondos FID - Escuela de Educaci\u00f3n<\/title>\n<meta name=\"robots\" content=\"index, follow, max-snippet:-1, max-image-preview:large, max-video-preview:-1\" \/>\n<link rel=\"canonical\" href=\"https:\/\/www.uoh.cl\/escuela-de-educacion\/fondos-fid\/\" \/>\n<meta property=\"og:locale\" content=\"es_ES\" \/>\n<meta property=\"og:type\" content=\"article\" \/>\n<meta property=\"og:title\" content=\"Fondos FID - Escuela de Educaci\u00f3n\" \/>\n<meta property=\"og:description\" content=\"[vc_row][vc_column][\/vc_column][\/vc_row][vc_row el_class=&#8221;container mx-auto px-2 align-items-center circle&#8211;pattern&#8221;][vc_column el_class=&#8221;block__cover-image&#8221; css=&#8221;.vc_custom_1648233655371{margin-top: 3rem !important;}&#8221;][vc_wp_custommenu nav_menu=&#8221;6&#8243;][vc_row_inner el_class=&#8221;align-items-center&#8221;][vc_column_inner][vc_column_text css_animation=&#8221;none&#8221; css=&#8221;.vc_custom_1668528072324{margin-bottom: 3rem !important;}&#8221;]El proyecto FID de la Universidad de O\u2019Higgins \u201cApoyo al desarrollo de la Escuela e Instituto de Educaci\u00f3n de la Universidad de O\u2019Higgins para el fortalecimiento de la formaci\u00f3n inicial en los programas de Pedagog\u00eda\u201d tiene como cuarto objetivo espec\u00edfico [&hellip;]\" \/>\n<meta property=\"og:url\" content=\"https:\/\/www.uoh.cl\/escuela-de-educacion\/fondos-fid\/\" \/>\n<meta property=\"og:site_name\" content=\"Escuela de Educaci\u00f3n\" \/>\n<meta name=\"twitter:card\" content=\"summary_large_image\" \/>\n<meta name=\"twitter:label1\" content=\"Tiempo estimado de lectura\" \/>\n\t<meta name=\"twitter:data1\" content=\"2 minutos\" \/>\n<script type=\"application\/ld+json\" class=\"yoast-schema-graph\">{\"@context\":\"https:\/\/schema.org\",\"@graph\":[{\"@type\":\"WebPage\",\"@id\":\"https:\/\/www.uoh.cl\/escuela-de-educacion\/fondos-fid\/\",\"url\":\"https:\/\/www.uoh.cl\/escuela-de-educacion\/fondos-fid\/\",\"name\":\"Fondos FID - Escuela de Educaci\u00f3n\",\"isPartOf\":{\"@id\":\"https:\/\/www.uoh.cl\/escuela-de-educacion\/#website\"},\"datePublished\":\"2022-11-16T20:48:53+00:00\",\"inLanguage\":\"es-CL\",\"potentialAction\":[{\"@type\":\"ReadAction\",\"target\":[\"https:\/\/www.uoh.cl\/escuela-de-educacion\/fondos-fid\/\"]}]},{\"@type\":\"WebSite\",\"@id\":\"https:\/\/www.uoh.cl\/escuela-de-educacion\/#website\",\"url\":\"https:\/\/www.uoh.cl\/escuela-de-educacion\/\",\"name\":\"Escuela de Educaci\u00f3n\",\"description\":\"Otro sitio de Sitios de Universidad O'higgins\",\"potentialAction\":[{\"@type\":\"SearchAction\",\"target\":{\"@type\":\"EntryPoint\",\"urlTemplate\":\"https:\/\/www.uoh.cl\/escuela-de-educacion\/?s={search_term_string}\"},\"query-input\":{\"@type\":\"PropertyValueSpecification\",\"valueRequired\":true,\"valueName\":\"search_term_string\"}}],\"inLanguage\":\"es-CL\"}]}<\/script>\n<!-- \/ Yoast SEO plugin. -->","yoast_head_json":{"title":"Fondos FID - Escuela de Educaci\u00f3n","robots":{"index":"index","follow":"follow","max-snippet":"max-snippet:-1","max-image-preview":"max-image-preview:large","max-video-preview":"max-video-preview:-1"},"canonical":"https:\/\/www.uoh.cl\/escuela-de-educacion\/fondos-fid\/","og_locale":"es_ES","og_type":"article","og_title":"Fondos FID - Escuela de Educaci\u00f3n","og_description":"[vc_row][vc_column][\/vc_column][\/vc_row][vc_row el_class=&#8221;container mx-auto px-2 align-items-center circle&#8211;pattern&#8221;][vc_column el_class=&#8221;block__cover-image&#8221; css=&#8221;.vc_custom_1648233655371{margin-top: 3rem !important;}&#8221;][vc_wp_custommenu nav_menu=&#8221;6&#8243;][vc_row_inner el_class=&#8221;align-items-center&#8221;][vc_column_inner][vc_column_text css_animation=&#8221;none&#8221; css=&#8221;.vc_custom_1668528072324{margin-bottom: 3rem !important;}&#8221;]El proyecto FID de la Universidad de O\u2019Higgins \u201cApoyo al desarrollo de la Escuela e Instituto de Educaci\u00f3n de la Universidad de O\u2019Higgins para el fortalecimiento de la formaci\u00f3n inicial en los programas de Pedagog\u00eda\u201d tiene como cuarto objetivo espec\u00edfico [&hellip;]","og_url":"https:\/\/www.uoh.cl\/escuela-de-educacion\/fondos-fid\/","og_site_name":"Escuela de Educaci\u00f3n","twitter_card":"summary_large_image","twitter_misc":{"Tiempo estimado de lectura":"2 minutos"},"schema":{"@context":"https:\/\/schema.org","@graph":[{"@type":"WebPage","@id":"https:\/\/www.uoh.cl\/escuela-de-educacion\/fondos-fid\/","url":"https:\/\/www.uoh.cl\/escuela-de-educacion\/fondos-fid\/","name":"Fondos FID - Escuela de Educaci\u00f3n","isPartOf":{"@id":"https:\/\/www.uoh.cl\/escuela-de-educacion\/#website"},"datePublished":"2022-11-16T20:48:53+00:00","inLanguage":"es-CL","potentialAction":[{"@type":"ReadAction","target":["https:\/\/www.uoh.cl\/escuela-de-educacion\/fondos-fid\/"]}]},{"@type":"WebSite","@id":"https:\/\/www.uoh.cl\/escuela-de-educacion\/#website","url":"https:\/\/www.uoh.cl\/escuela-de-educacion\/","name":"Escuela de Educaci\u00f3n","description":"Otro sitio de Sitios de Universidad O'higgins","potentialAction":[{"@type":"SearchAction","target":{"@type":"EntryPoint","urlTemplate":"https:\/\/www.uoh.cl\/escuela-de-educacion\/?s={search_term_string}"},"query-input":{"@type":"PropertyValueSpecification","valueRequired":true,"valueName":"search_term_string"}}],"inLanguage":"es-CL"}]}},"_links":{"self":[{"href":"https:\/\/www.uoh.cl\/escuela-de-educacion\/wp-json\/wp\/v2\/pages\/1308","targetHints":{"allow":["GET"]}}],"collection":[{"href":"https:\/\/www.uoh.cl\/escuela-de-educacion\/wp-json\/wp\/v2\/pages"}],"about":[{"href":"https:\/\/www.uoh.cl\/escuela-de-educacion\/wp-json\/wp\/v2\/types\/page"}],"author":[{"embeddable":true,"href":"https:\/\/www.uoh.cl\/escuela-de-educacion\/wp-json\/wp\/v2\/users\/23"}],"replies":[{"embeddable":true,"href":"https:\/\/www.uoh.cl\/escuela-de-educacion\/wp-json\/wp\/v2\/comments?post=1308"}],"version-history":[{"count":2,"href":"https:\/\/www.uoh.cl\/escuela-de-educacion\/wp-json\/wp\/v2\/pages\/1308\/revisions"}],"predecessor-version":[{"id":1362,"href":"https:\/\/www.uoh.cl\/escuela-de-educacion\/wp-json\/wp\/v2\/pages\/1308\/revisions\/1362"}],"wp:attachment":[{"href":"https:\/\/www.uoh.cl\/escuela-de-educacion\/wp-json\/wp\/v2\/media?parent=1308"}],"curies":[{"name":"wp","href":"https:\/\/api.w.org\/{rel}","templated":true}]}}